{"id":1304,"date":"2025-09-11T13:28:18","date_gmt":"2025-09-11T05:28:18","guid":{"rendered":"https:\/\/weitai2.globaldeepsea.site\/product\/led-epitaxy-susceptor\/"},"modified":"2025-11-28T18:13:32","modified_gmt":"2025-11-28T10:13:32","slug":"led-epitaxy-susceptor","status":"publish","type":"product","link":"https:\/\/www.cn-semiconductorparts.com\/de\/product\/led-epitaxy-susceptor\/","title":{"rendered":"LED Epitaxy Susceptor"},"content":{"rendered":"<p><!--?xml encoding=\"utf-8\" ?--><\/p>\n<div class=\"fl-builder-content fl-builder-content-12048 fl-builder-content-primary fl-builder-global-templates-locked\" data-post-id=\"12048\">\n<div class=\"fl-row fl-row-full-width fl-row-bg-none fl-node-676b6b907a525\" data-node=\"676b6b907a525\">\n<div class=\"fl-row-content-wrap\">\n<div class=\"fl-row-content fl-row-full-width fl-node-content\">\n<div class=\"fl-col-group fl-node-676b6b9b69281\" data-node=\"676b6b9b69281\">\n<div class=\"fl-col fl-node-676b6b9b69414\" style=\"width: 100%\" data-node=\"676b6b9b69414\">\n<div class=\"fl-col-content fl-node-content\">\n<div class=\"fl-module fl-module-rich-text fl-node-676b6b9b6913d\" data-animation-delay=\"0.0\" data-node=\"676b6b9b6913d\">\n<div class=\"fl-module-content fl-node-content\">\n<div class=\"fl-rich-text\">\n<p><span style=\"font-family: arial, helvetica, sans-serif;font-size: medium\">Semizelle&nbsp;<span style=\"color: #ff0000\">LED -Epitaxie<\/span> SUPPECTOR ist f\u00fcr den Einsatz in der ausgelegt <span style=\"color: #ff0000\">Epitaxial<\/span> Wachstumsprozess von GaN (Galliumnitrid) und anderen Hochleistungs-LEDs. Dieser Suszeptor, der aus hochwertigen Materialien gebaut wurde, sorgt f\u00fcr eine \u00fcberlegene Temperaturstabilit\u00e4t, eine pr\u00e4zise W\u00e4rmeverteilung und langlebige Haltbarkeit in LED-Herstellungssystemen.<\/span><\/p>\n<h2><span style=\"font-size: large\"><strong><span style=\"font-family: arial, helvetica, sans-serif\">Schl\u00fcsselmerkmale:<\/span><\/strong><\/span><\/h2>\n<p><span style=\"font-family: arial, helvetica, sans-serif;font-size: medium\">&nbsp; &nbsp;\u25aa&nbsp; <strong>Premium -Material und Design:<\/strong> Hergestellt aus leistungsstarken Materialien, die unter hohen Temperaturbedingungen eine hervorragende thermische Leitf\u00e4higkeit und Stabilit\u00e4t bieten.<\/span><\/p>\n<p><span style=\"font-family: arial, helvetica, sans-serif;font-size: medium\">&nbsp; &nbsp;\u25aa&nbsp;&nbsp;<strong>\u00dcberlegene thermische Leitf\u00e4higkeit:<\/strong> Optimiert die Temperaturverteilung w\u00e4hrend des LED -Epitaxieprozesses, um ein einheitliches Wachstum der Schicht und die LED -Produkte mit h\u00f6herer Qualit\u00e4t zu gew\u00e4hrleisten.<\/span><\/p>\n<p><span style=\"font-family: arial, helvetica, sans-serif;font-size: medium\">&nbsp; &nbsp;\u25aa&nbsp;&nbsp;<strong>Hochtemperaturstabilit\u00e4t:<\/strong> In der Lage, extreme Temperaturen standzuhalten, um w\u00e4hrend des gesamten LED -Produktionszyklus eine konsequente Leistung zu gew\u00e4hrleisten.<\/span><\/p>\n<p><span style=\"font-family: arial, helvetica, sans-serif;font-size: medium\">&nbsp; &nbsp;\u25aa&nbsp;&nbsp;<strong>Pr\u00e4zisionstechnik:<\/strong> Mit Pr\u00e4zision gefertigt, um den strengen Qualit\u00e4tsanforderungen einer hocheffizienten LED-Produktion zu erf\u00fcllen, um zuverl\u00e4ssige und konsistente Ergebnisse zu gew\u00e4hrleisten.<\/span><\/p>\n<h2><strong><span style=\"font-family: arial, helvetica, sans-serif;font-size: large\">Anwendungen:<\/span><\/strong><\/h2>\n<p><span style=\"font-family: arial, helvetica, sans-serif;font-size: medium\">&nbsp; &nbsp;\u25aa&nbsp;&nbsp;<strong>LED -Epitaxie:<\/strong> Perfekt f\u00fcr GaN-basierte und andere fortschrittliche LED-Epitaxienprozesse, wodurch die Effizienz von LED verbessert wird <span style=\"color: #ff0000\">Wafer<\/span> Produktion.<\/span><\/p>\n<p><span style=\"font-family: arial, helvetica, sans-serif;font-size: medium\">&nbsp; &nbsp;\u25aa&nbsp;&nbsp;<strong>LED-Fertigung mit hoher Brightness:<\/strong> Ideal f\u00fcr leistungsstarke LED-Anwendungen wie Beleuchtung, Anzeigen und Hintergrundbeleuchtung.<\/span><\/p>\n<p><span style=\"font-family: arial, helvetica, sans-serif;font-size: medium\">&nbsp; &nbsp;\u25aa&nbsp;&nbsp;<strong>Gro\u00dfe LED-Produktion:<\/strong> Geeignet f\u00fcr den Einsatz in der LED-Herstellung von Hochvolumen, die lang anhaltende Leistung und geringes Wartung bietet.<\/span><\/p>\n<h2><strong><span style=\"font-family: arial, helvetica, sans-serif;font-size: large\">Anpassung:<\/span><\/strong><\/h2>\n<p><span style=\"font-family: arial, helvetica, sans-serif;font-size: medium\">Wir bieten ma\u00dfgeschneiderte LED-Epitaxy-Suszeptoren an, die auf Ihre spezifischen Systemanforderungen zugeschnitten sind. Unabh\u00e4ngig davon, ob Sie ein einzigartiges Design oder eine individuelle Abmessungen ben\u00f6tigen, k\u00f6nnen wir L\u00f6sungen zur Verf\u00fcgung stellen, um Ihre Anforderungen zu erf\u00fcllen.<\/span><\/p>\n<h2><span style=\"font-size: large\"><strong><span style=\"font-family: arial, helvetica, sans-serif\">Spezifikationen:<\/span><\/strong><\/span><\/h2>\n<p><span style=\"font-family: arial, helvetica, sans-serif;font-size: medium\">&nbsp; &nbsp;\u25aa&nbsp;&nbsp;<strong>Materialien:<\/strong> Hohe W\u00e4rmeleitf\u00e4higkeitsmaterialien mit ausgezeichnetem Temperaturbest\u00e4ndigkeit.<\/span><\/p>\n<p><span style=\"font-family: arial, helvetica, sans-serif;font-size: medium\">&nbsp; &nbsp;\u25aa&nbsp;&nbsp;<strong>Kompatibilit\u00e4t:<\/strong> Kompatibel mit den meisten LED -Epitaxy -Systemen f\u00fcr die nahtlose Integration.<\/span><\/p>\n<p><span style=\"font-family: arial, helvetica, sans-serif;font-size: medium\">&nbsp; &nbsp;\u25aa&nbsp;&nbsp;<strong>Gr\u00f6\u00dfen verf\u00fcgbar:<\/strong> Mehrere Gr\u00f6\u00dfen und Konfigurationen entsprechen einer Vielzahl von Fertigungsanforderungen.<\/span><\/p>\n<h2><strong><span style=\"font-family: arial, helvetica, sans-serif;font-size: large\">Warum w\u00e4hlen Sie unseren LED -Epitaxy -Empf\u00e4ngnis?<\/span><\/strong><\/h2>\n<p><span style=\"font-family: arial, helvetica, sans-serif;font-size: medium\">&nbsp; &nbsp;\u25aa&nbsp;<strong>&nbsp;Verbesserte Ausbeute:<\/strong> Gew\u00e4hrleistet eine gleichm\u00e4\u00dfige Temperaturverteilung, was zu epitaxialen Schichten von h\u00f6herer Qualit\u00e4t und einer verbesserten LED-Leistung f\u00fchrt.<\/span><\/p>\n<p><span style=\"font-family: arial, helvetica, sans-serif;font-size: medium\">&nbsp; &nbsp;\u25aa&nbsp;&nbsp;<strong>Haltbarkeit &amp; Langlebigkeit:<\/strong> Hergestellt aus Materialien f\u00fcr Hochtemperaturstabilit\u00e4t, die die Lebensdauer Ihrer Ausr\u00fcstung verl\u00e4ngert.<\/span><\/p>\n<p><span style=\"font-family: arial, helvetica, sans-serif;font-size: medium\">&nbsp; &nbsp;\u25aa&nbsp;&nbsp;<strong>Pr\u00e4zision &amp; Zuverl\u00e4ssigkeit:<\/strong> Hergestellt mit Pr\u00e4zision f\u00fcr konsistente Ergebnisse und optimierte LED -Produktionseffizienz.<\/span><\/p>\n<h2><span style=\"font-size: large\"><strong><span style=\"font-family: arial, helvetica, sans-serif\">Sich in Verbindung setzen<\/span><\/strong><\/span><\/h2>\n<p><span style=\"font-family: arial, helvetica, sans-serif;font-size: medium\">Bereit, Ihren LED -Produktionsprozess zu verbessern? Kontaktieren Sie uns f\u00fcr eine Konsultation oder geben Sie eine Bestellung f\u00fcr unseren LED -Epitaxy -Suszeptor auf<\/span><\/p>\n<p>&nbsp;<\/p>\n<\/div>\n<p>&nbsp;<\/p>\n<\/div>\n<p>&nbsp;<\/p>\n<\/div>\n<p>&nbsp;<\/p>\n<\/div>\n<p>&nbsp;<\/p>\n<\/div>\n<p>&nbsp;<\/p>\n<\/div>\n<div class=\"fl-col-group fl-node-676b6b907a56a\" data-node=\"676b6b907a56a\">\n<div class=\"fl-col fl-node-676b6b907a5ac\" style=\"width: 100%\" data-node=\"676b6b907a5ac\">\n<div class=\"fl-col-content fl-node-content\">\n<div class=\"fl-module fl-module-photo fl-node-676b6b907a5f7\" data-animation-delay=\"0.0\" data-node=\"676b6b907a5f7\">\n<div class=\"fl-module-content fl-node-content\">\n<div class=\"fl-photo fl-photo-align-center\">\n<div class=\"fl-photo-content fl-photo-img-jpg\"><img decoding=\"async\" class=\"fl-photo-img wp-image-9038\" src=\"\/wp-content\/uploads\/2025\/09\/b1dd0bcab1675ff4.webp\" alt=\"SEMICERA -Arbeitsplatz\"><\/div>\n<p>&nbsp;<\/p>\n<\/div>\n<p>&nbsp;<\/p>\n<\/div>\n<p>&nbsp;<\/p>\n<\/div>\n<div class=\"fl-module fl-module-photo fl-node-676b6b907a741\" data-animation-delay=\"0.0\" data-node=\"676b6b907a741\">\n<div class=\"fl-module-content fl-node-content\">\n<div class=\"fl-photo fl-photo-align-center\">\n<div class=\"fl-photo-content fl-photo-img-jpg\"><img decoding=\"async\" class=\"fl-photo-img wp-image-9037\" src=\"\/wp-content\/uploads\/2025\/09\/2b946d2b4b61306d.webp\" alt=\"Semizelle Arbeitsplatz 2\"><\/div>\n<p>&nbsp;<\/p>\n<\/div>\n<p>&nbsp;<\/p>\n<\/div>\n<p>&nbsp;<\/p>\n<\/div>\n<div class=\"fl-module fl-module-photo fl-node-676b6b907a6ff\" data-animation-delay=\"0.0\" data-node=\"676b6b907a6ff\">\n<div class=\"fl-module-content fl-node-content\">\n<div class=\"fl-photo fl-photo-align-center\">\n<div class=\"fl-photo-content fl-photo-img-jpg\"><img decoding=\"async\" class=\"fl-photo-img wp-image-9034 size-full\" src=\"\/wp-content\/uploads\/2025\/09\/081b6529d68ead23.webp\" alt=\"Ausr\u00fcstungsmaschine\"><\/div>\n<p>&nbsp;<\/p>\n<\/div>\n<p>&nbsp;<\/p>\n<\/div>\n<p>&nbsp;<\/p>\n<\/div>\n<div class=\"fl-module fl-module-photo fl-node-676b6b907a6be\" data-animation-delay=\"0.0\" data-node=\"676b6b907a6be\">\n<div class=\"fl-module-content fl-node-content\">\n<div class=\"fl-photo fl-photo-align-center\">\n<div class=\"fl-photo-content fl-photo-img-jpg\"><img decoding=\"async\" class=\"fl-photo-img wp-image-9033\" src=\"\/wp-content\/uploads\/2025\/09\/a4132b2b399abbac.webp\" alt=\"CNN -Verarbeitung, chemische Reinigung, CVD -Beschichtung\"><\/div>\n<p>&nbsp;<\/p>\n<\/div>\n<p>&nbsp;<\/p>\n<\/div>\n<p>&nbsp;<\/p>\n<\/div>\n<div class=\"fl-module fl-module-photo fl-node-676b6b907a67b\" data-animation-delay=\"0.0\" data-node=\"676b6b907a67b\">\n<div class=\"fl-module-content fl-node-content\">\n<div class=\"fl-photo fl-photo-align-center\">\n<div class=\"fl-photo-content fl-photo-img-jpg\"><img decoding=\"async\" class=\"fl-photo-img wp-image-9036\" src=\"\/wp-content\/uploads\/2025\/09\/2190bb9ce5c1d546.webp\" alt=\"Semizera Ware House\"><\/div>\n<p>&nbsp;<\/p>\n<\/div>\n<p>&nbsp;<\/p>\n<\/div>\n<p>&nbsp;<\/p>\n<\/div>\n<div class=\"fl-module fl-module-photo fl-node-676b6b907a639\" data-animation-delay=\"0.0\" data-node=\"676b6b907a639\">\n<div class=\"fl-module-content fl-node-content\">\n<div class=\"fl-photo fl-photo-align-center\">\n<div class=\"fl-photo-content fl-photo-img-jpg\"><img decoding=\"async\" class=\"fl-photo-img wp-image-9035\" src=\"\/wp-content\/uploads\/2025\/09\/b07f222c0ec0ab8d.webp\" alt=\"Unser Service\"><\/div>\n<p>&nbsp;<\/p>\n<\/div>\n<p>&nbsp;<\/p>\n<\/div>\n<p>&nbsp;<\/p>\n<\/div>\n<p>&nbsp;<\/p>\n<\/div>\n<p>&nbsp;<\/p>\n<\/div>\n<p>&nbsp;<\/p>\n<\/div>\n<p>&nbsp;<\/p>\n<\/div>\n<p>&nbsp;<\/p>\n<\/div>\n<p>&nbsp;<\/p>\n<\/div>\n<\/div>","protected":false},"excerpt":{"rendered":"<p><!--?xml encoding=\"utf-8\" ?--><\/p>\n<p><span style=\"color: #080809;font-family: 'Segoe UI Historic', 'Segoe UI', Helvetica, Arial, sans-serif;font-size: 15px;font-style: normal;font-weight: 400;letter-spacing: normal;text-align: start;text-indent: 0px;text-transform: none;background-color: #ffffff;float: none\">Semicera LED Epitaxy Susceptor is designed for use in the epitaxial growth process of GaN (Gallium Nitride) and other high-performance LEDs. Built from high-quality materials, this susceptor ensures superior temperature stability, precise heat distribution, and long-lasting durability in LED manufacturing systems.<\/span><\/p>","protected":false},"featured_media":4491,"comment_status":"closed","ping_status":"open","template":"","meta":[],"product_brand":[],"product_cat":[16,49],"product_tag":[],"class_list":{"0":"post-1304","1":"product","2":"type-product","3":"status-publish","4":"has-post-thumbnail","6":"product_cat-cvd-sic","7":"product_cat-mocvd-epitaxial-parts","9":"first","10":"instock","11":"product-type-simple"},"_links":{"self":[{"href":"https:\/\/www.cn-semiconductorparts.com\/de\/wp-json\/wp\/v2\/product\/1304","targetHints":{"allow":["GET"]}}],"collection":[{"href":"https:\/\/www.cn-semiconductorparts.com\/de\/wp-json\/wp\/v2\/product"}],"about":[{"href":"https:\/\/www.cn-semiconductorparts.com\/de\/wp-json\/wp\/v2\/types\/product"}],"replies":[{"embeddable":true,"href":"https:\/\/www.cn-semiconductorparts.com\/de\/wp-json\/wp\/v2\/comments?post=1304"}],"wp:featuredmedia":[{"embeddable":true,"href":"https:\/\/www.cn-semiconductorparts.com\/de\/wp-json\/wp\/v2\/media\/4491"}],"wp:attachment":[{"href":"https:\/\/www.cn-semiconductorparts.com\/de\/wp-json\/wp\/v2\/media?parent=1304"}],"wp:term":[{"taxonomy":"product_brand","embeddable":true,"href":"https:\/\/www.cn-semiconductorparts.com\/de\/wp-json\/wp\/v2\/product_brand?post=1304"},{"taxonomy":"product_cat","embeddable":true,"href":"https:\/\/www.cn-semiconductorparts.com\/de\/wp-json\/wp\/v2\/product_cat?post=1304"},{"taxonomy":"product_tag","embeddable":true,"href":"https:\/\/www.cn-semiconductorparts.com\/de\/wp-json\/wp\/v2\/product_tag?post=1304"}],"curies":[{"name":"wp","href":"https:\/\/api.w.org\/{rel}","templated":true}]}}