{"id":1313,"date":"2025-09-11T05:28:18","date_gmt":"2025-09-11T05:28:18","guid":{"rendered":"https:\/\/weitai2.globaldeepsea.site\/product\/rigid-felt-crucible\/"},"modified":"2026-04-29T15:34:28","modified_gmt":"2026-04-29T07:34:28","slug":"rigid-felt-crucible","status":"publish","type":"product","link":"https:\/\/www.cn-semiconductorparts.com\/de\/product\/rigid-felt-crucible\/","title":{"rendered":"Starr gef\u00fchlt"},"content":{"rendered":"<div class=\"fl-builder-content fl-builder-content-11572 fl-builder-content-primary fl-builder-global-templates-locked\" data-post-id=\"11572\">\n<div class=\"fl-row fl-row-full-width fl-row-bg-none fl-node-672dbdf6e615c\" data-node=\"672dbdf6e615c\">\n<div class=\"fl-row-content-wrap\">\n<div class=\"fl-row-content fl-row-full-width fl-node-content\">\n<div class=\"fl-col-group fl-node-672dbe1f42783\" data-node=\"672dbe1f42783\">\n<div class=\"fl-col fl-node-672dbe1f42994\" data-node=\"672dbe1f42994\" style=\"width: 100%;\">\n<div class=\"fl-col-content fl-node-content\">\n<div class=\"fl-module fl-module-rich-text fl-node-672dbe1f425c4\" data-animation-delay=\"0.0\" data-node=\"672dbe1f425c4\">\n<div class=\"fl-module-content fl-node-content\">\n<div class=\"fl-rich-text\">\n<p><span style=\"font-family: arial, helvetica, sans-serif; font-size: medium;\">Das von Semizera starr empfundene Tiegel ist so gestaltet, dass er den anspruchsvollen Bed\u00fcrfnissen von Hochtemperaturumgebungen entspricht und die Haltbarkeit, die hervorragende thermische Isolierung und die strukturelle Integrit\u00e4t verbindet. Dieser Schmelztiegel ist aus hochwertigem starrem Filz hergestellt und ist so konstruiert, dass er \u00fcberlegene W\u00e4rmestabilit\u00e4t und Abriebfestigkeit liefert, um Zuverl\u00e4ssigkeit und langfristige Leistung zu gew\u00e4hrleisten. Seine hohe Purity-Zusammensetzung und die niedrige thermische Leitf\u00e4higkeit machen es zu einer idealen L\u00f6sung f\u00fcr Branchen, die eine pr\u00e4zise Kontrolle der extremen Temperaturen erfordern, einschlie\u00dflich der Herstellung von Halbleiter, der Metallurgie und der Verarbeitung fortschrittlicher Materialien.<\/span><\/p>\n<p><strong><span style=\"font-family: arial, helvetica, sans-serif; font-size: medium;\">Entwickelt mit fortschrittlichen Materialien f\u00fcr eine optimale Leistung<\/span><\/strong><\/p>\n<p><span style=\"font-family: arial, helvetica, sans-serif; font-size: medium;\">Das Semicera Starres Filz Crucible integriert spezielle Materialien wie isostatische Graphit, por\u00f6se Graphit und Graphitfolie, um die W\u00e4rmestabilit\u00e4t zu verbessern und den thermischen Verlust zu minimieren. Diese Materialien sind bekannt f\u00fcr ihre hohe Reinheit und ihre au\u00dfergew\u00f6hnliche thermische Sto\u00dfschockfestigkeit, sodass der Schmelztiegel seine Form und Festigkeit unter intensiver W\u00e4rme aufrechterhalten kann. Die Kombination aus starrem Filz und anderen fortschrittlichen Komponenten wie Soft Filz und C\/C Composite verleiht den Tiegel ausstehenden Isolationseigenschaften und verringert das Risiko einer Kontamination und Verschlei\u00df in hoher Pr\u00e4zisionsprozessen.<\/span><\/p>\n<\/p><\/div>\n<\/p><\/div>\n<\/p><\/div>\n<\/p><\/div>\n<\/p><\/div>\n<\/p><\/div>\n<div class=\"fl-col-group fl-node-672dbdf6e61a1\" data-node=\"672dbdf6e61a1\">\n<div class=\"fl-col fl-node-672dbdf6e61e2\" data-node=\"672dbdf6e61e2\" style=\"width: 100%;\">\n<div class=\"fl-col-content fl-node-content\">\n<div class=\"fl-module fl-module-heading fl-node-672dbdf6e6265\" data-animation-delay=\"0.0\" data-node=\"672dbdf6e6265\">\n<div class=\"fl-module-content fl-node-content\">\n<h3 class=\"fl-heading\"> <span class=\"fl-heading-text\">Produktdetails<\/span> <\/h3>\n<\/p><\/div>\n<\/p><\/div>\n<div class=\"fl-module fl-module-rich-text fl-node-672dbdf6e6223\" data-animation-delay=\"0.0\" data-node=\"672dbdf6e6223\">\n<div class=\"fl-module-content fl-node-content\">\n<div class=\"fl-rich-text\">\n<table border=\"0\" cellspacing=\"0\">\n<tbody>\n<tr>\n<td valign=\"center\" width=\"337\">\n<p>Produktname<\/p>\n<\/td>\n<td valign=\"center\" width=\"330\">\n<p>Graphit Filz<\/p>\n<\/td>\n<\/tr>\n<tr>\n<td valign=\"center\" width=\"337\">\n<p>Chemische Zusammensetzung<\/p>\n<\/td>\n<td valign=\"center\" width=\"330\">\n<p>Kohlefaser<\/p>\n<\/td>\n<\/tr>\n<tr>\n<td valign=\"center\" width=\"337\">\n<p>Sch\u00fcttdichte<\/p>\n<\/td>\n<td valign=\"center\" width=\"330\">\n<p>0.12-0.14g\/cm3<\/p>\n<\/td>\n<\/tr>\n<tr>\n<td valign=\"center\" width=\"337\">\n<p>Kohlenstoffgehalt<\/p>\n<\/td>\n<td valign=\"center\" width=\"330\">\n<p>&gt; = 99%<\/p>\n<\/td>\n<\/tr>\n<tr>\n<td valign=\"center\" width=\"337\">\n<p>Zugfestigkeit<\/p>\n<\/td>\n<td valign=\"center\" width=\"330\">\n<p>0.14Mpa<\/p>\n<\/td>\n<\/tr>\n<tr>\n<td valign=\"center\" width=\"337\">\n<p>W\u00e4rmeleitf\u00e4higkeit (1150 \u2103)<\/p>\n<\/td>\n<td valign=\"center\" width=\"330\">\n<p>0,08 ~ 0,14W\/mk<\/p>\n<\/td>\n<\/tr>\n<tr>\n<td valign=\"center\" width=\"337\">\n<p>Asche<\/p>\n<\/td>\n<td valign=\"center\" width=\"330\">\n<p>&lt;= 0,005%<\/p>\n<\/td>\n<\/tr>\n<tr>\n<td valign=\"center\" width=\"337\">\n<p>Stress zerkleinern<\/p>\n<\/td>\n<td valign=\"center\" width=\"330\">\n<p>8-10N\/cm<\/p>\n<\/td>\n<\/tr>\n<tr>\n<td valign=\"center\" width=\"337\">\n<p>Dicke<\/p>\n<\/td>\n<td valign=\"center\" width=\"330\">\n<p>1-10mm<\/p>\n<\/td>\n<\/tr>\n<tr>\n<td valign=\"center\" width=\"337\">\n<p>Verarbeitungstemperatur<\/p>\n<\/td>\n<td valign=\"center\" width=\"330\">\n<p>2500(\u2103)<\/p>\n<\/td>\n<\/tr>\n<\/tbody>\n<\/table><\/div>\n<\/p><\/div>\n<\/p><\/div>\n<\/p><\/div>\n<\/p><\/div>\n<\/p><\/div>\n<div class=\"fl-col-group fl-node-672dbdf6e65f3\" data-node=\"672dbdf6e65f3\">\n<div class=\"fl-col fl-node-672dbdf6e6634\" data-node=\"672dbdf6e6634\" style=\"width: 50.89%;\">\n<div class=\"fl-col-content fl-node-content\">\n<div class=\"fl-module fl-module-rich-text fl-node-672dbdf6e6678\" data-animation-delay=\"0.0\" data-node=\"672dbdf6e6678\">\n<div class=\"fl-module-content fl-node-content\">\n<div class=\"fl-rich-text\">\n<p><strong><span style=\"font-family: arial, helvetica, sans-serif; font-size: medium;\">Derzeit stehen vier Klassen zur Verf\u00fcgung, um rohe oder verarbeitete Produkte bereitzustellen:<\/span><\/strong><br \/><span style=\"font-family: arial, helvetica, sans-serif; font-size: medium;\"><strong>Scrf:<\/strong> Gereinigtes Graphitfaser hart Filz, W\u00e4rmebehandlungstemperatur \u00fcber 1900\u2103<\/span><br \/><span style=\"font-family: arial, helvetica, sans-serif; font-size: medium;\"><strong>Scrf-P:<\/strong> Hoch gereinigter RGB -Hardgef\u00fchl<\/span><br \/><span style=\"font-family: arial, helvetica, sans-serif; font-size: medium;\"><strong>SCRF-LTC:<\/strong> Gereinigte verfestigte Graphitfaser -Hartfilz, W\u00e4rmebehandlungstemperatur \u00fcber 1900 \u2103, mit einer besseren thermischen Isolationsleistung<\/span><br \/><span style=\"font-family: arial, helvetica, sans-serif; font-size: medium;\"><strong>SCRF-LTC-P:<\/strong> Hoch gereinigte RGB-LTC Hard Filme<\/span><\/p>\n<p><strong><span style=\"font-family: arial, helvetica, sans-serif; font-size: medium;\">Verf\u00fcgbare Gr\u00f6\u00dfe:<\/span><\/strong><br \/><span style=\"font-family: arial, helvetica, sans-serif; font-size: medium;\">Platte: 1500*1800 (max) Dicke 20-200 mm<\/span><br \/><span style=\"font-family: arial, helvetica, sans-serif; font-size: medium;\">Runde Trommel: 1500*2000 (max) Dickes 20-150 mm<\/span><br \/><span style=\"font-family: arial, helvetica, sans-serif; font-size: medium;\">Quadrattrommel: 1500*1500*2000 (max) Dicke 60-120 mm<\/span><br \/><span style=\"font-family: arial, helvetica, sans-serif; font-size: medium;\">Anwendungstemperaturbereich: 1250-2600<\/span><\/p>\n<\/p><\/div>\n<\/p><\/div>\n<\/p><\/div>\n<\/p><\/div>\n<\/p><\/div>\n<div class=\"fl-col fl-node-672dbdf6e6841 fl-col-small\" data-node=\"672dbdf6e6841\" style=\"width: 49.11%;\">\n<div class=\"fl-col-content fl-node-content\">\n<div class=\"fl-module fl-module-photo fl-node-672dbdf6e67bf\" data-animation-delay=\"0.0\" data-node=\"672dbdf6e67bf\">\n<div class=\"fl-module-content fl-node-content\">\n<div class=\"fl-photo fl-photo-align-center\" itemscope=\"\" itemtype=\"http:\/\/schema.org\/ImageObject\">\n<div class=\"fl-photo-content fl-photo-img-png\"> <img decoding=\"async\" alt=\"si-growth-882326\" class=\"fl-photo-img wp-image-11575\" itemprop=\"image\" src=\"\/wp-content\/uploads\/2025\/09\/152a8e9d596dbb3c.webp\"> <\/img><\/div>\n<\/p><\/div>\n<\/p><\/div>\n<\/p><\/div>\n<\/p><\/div>\n<\/p><\/div>\n<\/p><\/div>\n<div class=\"fl-col-group fl-node-672dbe52556d1\" data-node=\"672dbe52556d1\">\n<div class=\"fl-col fl-node-672dbe52558d5\" data-node=\"672dbe52558d5\" style=\"width: 100%;\">\n<div class=\"fl-col-content fl-node-content\">\n<div class=\"fl-module fl-module-rich-text fl-node-672dbe525552f\" data-animation-delay=\"0.0\" data-node=\"672dbe525552f\">\n<div class=\"fl-module-content fl-node-content\">\n<div class=\"fl-rich-text\">\n<p><strong><span style=\"font-family: arial, helvetica, sans-serif; font-size: medium;\">Anwendungen in der Halbleiterindustrie<\/span><\/strong><\/p>\n<p><span style=\"font-family: arial, helvetica, sans-serif; font-size: medium;\">In der Halbleiterindustrie ist das Semicera-Starrkiegel f\u00fcr Hochtemperaturprozesse wie Waferherstellung, Kristallwachstum und chemische Dampfablagerung unverzichtbar. Sein hochreines starres Filzmaterial sorgt f\u00fcr ein minimales Kontaminationsrisiko und macht es f\u00fcr Reinraumumgebungen und pr\u00e4zise thermische Anwendungen gut geeignet. Die Haltbarkeit und die Abriebfestigkeit des Crucible sind besonders f\u00fcr Halbleiterausr\u00fcstung wertvoll, die h\u00e4ufige thermische Radfahren unterzogen werden, da sie die Produktkonsistenz und Effizienz im Laufe der Zeit aufrechterhalten.<\/span><\/p>\n<p><span style=\"font-family: arial, helvetica, sans-serif; font-size: medium;\">Dar\u00fcber hinaus dient die starrgezeigerte Halbkruzible als Schl\u00fcsselkomponente in Prozessen mit Graphitfolien, por\u00f6sen Graphit und C\/C -Verbundwerkstoffen,<\/span><\/p>\n<p><strong><span style=\"font-family: arial, helvetica, sans-serif; font-size: medium;\">Au\u00dfergew\u00f6hnliche W\u00e4rmefestigkeit und Verschlei\u00dfdauerlichkeit<\/span><\/strong><\/p>\n<p><span style=\"font-family: arial, helvetica, sans-serif; font-size: medium;\">Mit seiner hohen thermischen Stabilit\u00e4t und Abriebfestigkeit ist das von Semizera starr ge\u00e4u\u00dferte Tiegel mit den anspruchsvollsten Umgebungen mit Leichtigkeit gebaut. Seine Widerstandsf\u00e4higkeit gegen\u00fcber extremen W\u00e4rme und abrasiven Bedingungen stellt sicher, dass es den langfristigen Gebrauch ohne Verschlechterung standh\u00e4lt, was es ideal f\u00fcr Anwendungen macht, die eine konsistente Leistung mit hoher Temperatur und geringer Wartung erfordern.<\/span><\/p>\n<p><strong><span style=\"font-family: arial, helvetica, sans-serif; font-size: medium;\">High-Purity-L\u00f6sung f\u00fcr fortschrittliche industrielle Prozesse<\/span><\/strong><\/p>\n<p><span style=\"font-family: arial, helvetica, sans-serif; font-size: medium;\">Das Semicera-Starrkiegel mit den h\u00f6chsten Standards f\u00fcr Reinheit und Leistung bietet eine zuverl\u00e4ssige, langlebige und leistungsstarke L\u00f6sung f\u00fcr Branchen, die strenge Qualit\u00e4t und Haltbarkeit erfordern. Von den genauen Bed\u00fcrfnissen der Halbleiterproduktion bis hin zu anderen High-Tech-Branchen, die eine anspruchsvolle thermische Kontrolle erfordern, soll dieser Schmelztiegel die betriebliche Effizienz und die Produktqualit\u00e4t verbessern.<\/span><\/p>\n<p><span style=\"font-family: arial, helvetica, sans-serif; font-size: medium;\">W\u00e4hlen Sie den von Semizera starr gef\u00fchlten Tiegel f\u00fcr fortgeschrittene thermische Stabilit\u00e4t, Abriebfestigkeit und hochreinheitliche L\u00f6sungen f\u00fcr kritische Hochtemperaturanwendungen.<\/span><\/p>\n<\/p><\/div>\n<\/p><\/div>\n<\/p><\/div>\n<\/p><\/div>\n<\/p><\/div>\n<\/p><\/div>\n<\/p><\/div>\n<\/p><\/div>\n<\/p><\/div>\n<div class=\"fl-row fl-row-full-width fl-row-bg-none fl-node-672dbe0a304c5\" data-node=\"672dbe0a304c5\">\n<div class=\"fl-row-content-wrap\">\n<div class=\"fl-row-content fl-row-full-width fl-node-content\">\n<div class=\"fl-col-group fl-node-672dbe0a30507\" data-node=\"672dbe0a30507\">\n<div class=\"fl-col fl-node-672dbe0a30532\" data-node=\"672dbe0a30532\" style=\"width: 100%;\">\n<div class=\"fl-col-content fl-node-content\">\n<div class=\"fl-module fl-module-photo fl-node-672dbe0a30571\" data-animation-delay=\"0.0\" data-node=\"672dbe0a30571\">\n<div class=\"fl-module-content fl-node-content\">\n<div class=\"fl-photo fl-photo-align-center\" itemscope=\"\" itemtype=\"http:\/\/schema.org\/ImageObject\">\n<div class=\"fl-photo-content fl-photo-img-jpg\"> <img decoding=\"async\" alt=\"SEMICERA -Arbeitsplatz\" class=\"fl-photo-img wp-image-9038\" itemprop=\"image\" src=\"\/wp-content\/uploads\/2025\/09\/b1dd0bcab1675ff4.webp\"> <\/img><\/div>\n<\/p><\/div>\n<\/p><\/div>\n<\/p><\/div>\n<div class=\"fl-module fl-module-photo fl-node-672dbe0a306ac\" data-animation-delay=\"0.0\" data-node=\"672dbe0a306ac\">\n<div class=\"fl-module-content fl-node-content\">\n<div class=\"fl-photo fl-photo-align-center\" itemscope=\"\" itemtype=\"http:\/\/schema.org\/ImageObject\">\n<div class=\"fl-photo-content fl-photo-img-jpg\"> <img decoding=\"async\" alt=\"Semizelle Arbeitsplatz 2\" class=\"fl-photo-img wp-image-9037\" itemprop=\"image\" src=\"\/wp-content\/uploads\/2025\/09\/2b946d2b4b61306d.webp\"> <\/img><\/div>\n<\/p><\/div>\n<\/p><\/div>\n<\/p><\/div>\n<div class=\"fl-module fl-module-photo fl-node-672dbe0a3066d\" data-animation-delay=\"0.0\" data-node=\"672dbe0a3066d\">\n<div class=\"fl-module-content fl-node-content\">\n<div class=\"fl-photo fl-photo-align-center\" itemscope=\"\" itemtype=\"http:\/\/schema.org\/ImageObject\">\n<div class=\"fl-photo-content fl-photo-img-jpg\"> <img decoding=\"async\" alt=\"Ausr\u00fcstungsmaschine\" class=\"fl-photo-img wp-image-9034 size-full\" itemprop=\"image\" src=\"\/wp-content\/uploads\/2025\/09\/081b6529d68ead23.webp\"> <\/img><\/div>\n<\/p><\/div>\n<\/p><\/div>\n<\/p><\/div>\n<div class=\"fl-module fl-module-photo fl-node-672dbe0a3062e\" data-animation-delay=\"0.0\" data-node=\"672dbe0a3062e\">\n<div class=\"fl-module-content fl-node-content\">\n<div class=\"fl-photo fl-photo-align-center\" itemscope=\"\" itemtype=\"http:\/\/schema.org\/ImageObject\">\n<div class=\"fl-photo-content fl-photo-img-jpg\"> <img decoding=\"async\" alt=\"CNN -Verarbeitung, chemische Reinigung, CVD -Beschichtung\" class=\"fl-photo-img wp-image-9033\" itemprop=\"image\" src=\"\/wp-content\/uploads\/2025\/09\/a4132b2b399abbac.webp\"> <\/img><\/div>\n<\/p><\/div>\n<\/p><\/div>\n<\/p><\/div>\n<div class=\"fl-module fl-module-photo fl-node-672dbe0a305ef\" data-animation-delay=\"0.0\" data-node=\"672dbe0a305ef\">\n<div class=\"fl-module-content fl-node-content\">\n<div class=\"fl-photo fl-photo-align-center\" itemscope=\"\" itemtype=\"http:\/\/schema.org\/ImageObject\">\n<div class=\"fl-photo-content fl-photo-img-jpg\"> <img decoding=\"async\" alt=\"Semizera Ware House\" class=\"fl-photo-img wp-image-9036\" itemprop=\"image\" src=\"\/wp-content\/uploads\/2025\/09\/2190bb9ce5c1d546.webp\"> <\/img><\/div>\n<\/p><\/div>\n<\/p><\/div>\n<\/p><\/div>\n<div class=\"fl-module fl-module-photo fl-node-672dbe0a305b0\" data-animation-delay=\"0.0\" data-node=\"672dbe0a305b0\">\n<div class=\"fl-module-content fl-node-content\">\n<div class=\"fl-photo fl-photo-align-center\" itemscope=\"\" itemtype=\"http:\/\/schema.org\/ImageObject\">\n<div class=\"fl-photo-content fl-photo-img-jpg\"> <img decoding=\"async\" alt=\"Unser Service\" class=\"fl-photo-img wp-image-9035\" itemprop=\"image\" src=\"\/wp-content\/uploads\/2025\/09\/b07f222c0ec0ab8d.webp\"> <\/img><\/div>\n<\/p><\/div>\n<\/p><\/div>\n<\/p><\/div>\n<\/p><\/div>\n<\/p><\/div>\n<\/p><\/div>\n<\/p><\/div>\n<\/p><\/div>\n<\/p><\/div>\n<\/div>","protected":false},"excerpt":{"rendered":"<p>Das starre Tiegel von Semizera ist f\u00fcr eine \u00fcberlegene Leistung in Hochtemperaturanwendungen ausgelegt und bietet eine hervorragende thermische Isolierung und strukturelle Integrit\u00e4t. Dieser Tiegel aus hochwertigen starren Filzmaterialien bildet zuverl\u00e4ssige W\u00e4rmefestigkeit, geringe thermische Leitf\u00e4higkeit und herausragende Haltbarkeit, wodurch es ideal f\u00fcr Prozesse bei fortschrittlichen Herstellungs- und Materialtests ist.<\/p>","protected":false},"featured_media":665,"comment_status":"closed","ping_status":"open","template":"","meta":[],"product_brand":[],"product_cat":[29,30],"product_tag":[],"class_list":{"0":"post-1313","1":"product","2":"type-product","3":"status-publish","4":"has-post-thumbnail","6":"product_cat-carbon-fiber","7":"product_cat-hard-felt","9":"first","10":"instock","11":"product-type-simple"},"_links":{"self":[{"href":"https:\/\/www.cn-semiconductorparts.com\/de\/wp-json\/wp\/v2\/product\/1313","targetHints":{"allow":["GET"]}}],"collection":[{"href":"https:\/\/www.cn-semiconductorparts.com\/de\/wp-json\/wp\/v2\/product"}],"about":[{"href":"https:\/\/www.cn-semiconductorparts.com\/de\/wp-json\/wp\/v2\/types\/product"}],"replies":[{"embeddable":true,"href":"https:\/\/www.cn-semiconductorparts.com\/de\/wp-json\/wp\/v2\/comments?post=1313"}],"wp:featuredmedia":[{"embeddable":true,"href":"https:\/\/www.cn-semiconductorparts.com\/de\/wp-json\/wp\/v2\/media\/665"}],"wp:attachment":[{"href":"https:\/\/www.cn-semiconductorparts.com\/de\/wp-json\/wp\/v2\/media?parent=1313"}],"wp:term":[{"taxonomy":"product_brand","embeddable":true,"href":"https:\/\/www.cn-semiconductorparts.com\/de\/wp-json\/wp\/v2\/product_brand?post=1313"},{"taxonomy":"product_cat","embeddable":true,"href":"https:\/\/www.cn-semiconductorparts.com\/de\/wp-json\/wp\/v2\/product_cat?post=1313"},{"taxonomy":"product_tag","embeddable":true,"href":"https:\/\/www.cn-semiconductorparts.com\/de\/wp-json\/wp\/v2\/product_tag?post=1313"}],"curies":[{"name":"wp","href":"https:\/\/api.w.org\/{rel}","templated":true}]}}