{"id":1320,"date":"2025-09-11T05:28:25","date_gmt":"2025-09-11T05:28:25","guid":{"rendered":"https:\/\/weitai2.globaldeepsea.site\/product\/silicon-carbide-dummy-wafer\/"},"modified":"2026-04-29T15:34:15","modified_gmt":"2026-04-29T07:34:15","slug":"silicon-carbide-dummy-wafer","status":"publish","type":"product","link":"https:\/\/www.cn-semiconductorparts.com\/de\/product\/silicon-carbide-dummy-wafer\/","title":{"rendered":"Siliziumkarbid -Dummy -Wafer"},"content":{"rendered":"<p><?xml encoding=\"utf-8\" ?><\/p>\n<div class=\"fl-builder-content fl-builder-content-11517 fl-builder-content-primary fl-builder-global-templates-locked\" data-post-id=\"11517\">\n<div class=\"fl-row fl-row-full-width fl-row-bg-none fl-node-672c5ebb56962\" data-node=\"672c5ebb56962\">\n<div class=\"fl-row-content-wrap\">\n<div class=\"fl-row-content fl-row-full-width fl-node-content\">\n<div class=\"fl-col-group fl-node-672c5ec31922a\" data-node=\"672c5ec31922a\">\n<div class=\"fl-col fl-node-672c5ec3194b0\" data-node=\"672c5ec3194b0\" style=\"width: 100%;\">\n<div class=\"fl-col-content fl-node-content\">\n<div class=\"fl-module fl-module-rich-text fl-node-672c5ec319055\" data-animation-delay=\"0.0\" data-node=\"672c5ec319055\">\n<div class=\"fl-module-content fl-node-content\">\n<div class=\"fl-rich-text\">\n<p><span style=\"font-family: arial, helvetica, sans-serif; font-size: medium;\">The Silicon Carbide Dummy Wafer by Semicera is crafted to meet the demands of today&rsquo;s high-precision semiconductor industry. Known for its exceptional durability, high thermal stability, and superior purity, this wafer is essential for testing, calibration, and quality assurance in semiconductor fabrication. Semicera&rsquo;s Silicon Carbide Dummy Wafer provides unparalleled wear resistance, ensuring that it can withstand rigorous usage without degradation, making it ideal for both R&amp;D and production environments.<\/span><\/p>\n<p><span style=\"font-family: arial, helvetica, sans-serif; font-size: medium;\">Designed to support diverse applications, the Silicon Carbide Dummy Wafer is frequently used in processes involving Si Wafer, SiC Substrate, SOI Wafer, SiN Substrate, and Epi-Wafer technologies. Its outstanding thermal conductivity and structural integrity make it an excellent choice for high-temperature processing and handling, which are common in the manufacture of advanced electronic components and devices. Additionally, the wafer&rsquo;s high purity minimizes contamination risks, preserving the quality of sensitive semiconductor materials.<\/span><\/p>\n<p><span style=\"font-family: arial, helvetica, sans-serif; font-size: medium;\">In the semiconductor industry, the Silicon Carbide Dummy Wafer serves as a reliable reference wafer for new material testing, including Gallium Oxide Ga2O3 and AlN Wafer. These emerging materials require careful analysis and testing to ensure their stability and performance under various conditions. By using Semicera&rsquo;s dummy wafer, manufacturers gain a stable platform that maintains performance consistency, aiding in the development of next-generation materials for high-power, RF, and high-frequency applications.<\/span><\/p>\n<\/p><\/div>\n<\/p><\/div>\n<\/p><\/div>\n<\/p><\/div>\n<\/p><\/div>\n<\/p><\/div>\n<div class=\"fl-col-group fl-node-672c5fdcf3384\" data-node=\"672c5fdcf3384\">\n<div class=\"fl-col fl-node-672c5fdcf3649\" data-node=\"672c5fdcf3649\" style=\"width: 100%;\">\n<div class=\"fl-col-content fl-node-content\">\n<div class=\"fl-module fl-module-photo fl-node-672c5fdcf316d\" data-animation-delay=\"0.0\" data-node=\"672c5fdcf316d\">\n<div class=\"fl-module-content fl-node-content\">\n<div class=\"fl-photo fl-photo-align-center\" itemscope=\"\" itemtype=\"http:\/\/schema.org\/ImageObject\">\n<div class=\"fl-photo-content fl-photo-img-jpg\"> <img decoding=\"async\" alt=\"maxresdefault-566270\" class=\"fl-photo-img wp-image-11520\" itemprop=\"image\" src=\"\/wp-content\/uploads\/2025\/09\/e3da456dacc275aa.webp\"> <\/div>\n<\/p><\/div>\n<\/p><\/div>\n<\/p><\/div>\n<\/p><\/div>\n<\/p><\/div>\n<\/p><\/div>\n<div class=\"fl-col-group fl-node-672c6015ab591\" data-node=\"672c6015ab591\">\n<div class=\"fl-col fl-node-672c6015ab736\" data-node=\"672c6015ab736\" style=\"width: 100%;\">\n<div class=\"fl-col-content fl-node-content\">\n<div class=\"fl-module fl-module-rich-text fl-node-672c6015ab443\" data-animation-delay=\"0.0\" data-node=\"672c6015ab443\">\n<div class=\"fl-module-content fl-node-content\">\n<div class=\"fl-rich-text\">\n<p><strong><span style=\"font-family: arial, helvetica, sans-serif; font-size: medium;\">Anwendungen in Branchen<\/span><\/strong><\/p>\n<p><strong><span style=\"font-family: arial, helvetica, sans-serif; font-size: medium;\">&bull; Semiconductor Fabrication<\/span><\/strong><\/p>\n<p><span style=\"font-family: arial, helvetica, sans-serif; font-size: medium;\">SIC -Dummy -Wafer sind bei der Herstellung von Halbleitern von wesentlicher Bedeutung, insbesondere w\u00e4hrend der anf\u00e4nglichen Produktionsphasen. Sie dienen als Schutzbarriere und sch\u00fctzen Siliziumwafer vor potenziellen Sch\u00e4den und die Gew\u00e4hrleistung der Prozessgenauigkeit.<\/span><\/p>\n<p><strong><span style=\"font-family: arial, helvetica, sans-serif; font-size: medium;\"><strong>&bull;&nbsp;<\/strong>Qualit\u00e4tssicherung und Pr\u00fcfung<\/span><\/strong><\/p>\n<p><span style=\"font-family: arial, helvetica, sans-serif; font-size: medium;\">In der Qualit\u00e4tssicherung sind SIC -Dummy -Wafer f\u00fcr Lieferpr\u00fcfungen und Bewertung von Prozessformularen von entscheidender Bedeutung. Sie erm\u00f6glichen pr\u00e4zise Messungen von Parametern wie Filmdicke, Druckwiderstand und Reflexionsindex, die zur Validierung von Produktionsprozessen beitragen.<\/span><\/p>\n<p><strong><span style=\"font-family: arial, helvetica, sans-serif; font-size: medium;\"><strong>&bull;&nbsp;<\/strong>Lithographie und Muster\u00fcberpr\u00fcfung<\/span><\/strong><\/p>\n<p><span style=\"font-family: arial, helvetica, sans-serif; font-size: medium;\">In der Lithographie dienen diese Wafer als Benchmark f\u00fcr die Messung der Mustergr\u00f6\u00dfen und die Defekt\u00fcberpr\u00fcfung. Ihre Pr\u00e4zision und Zuverl\u00e4ssigkeit helfen bei der Erzielung der gew\u00fcnschten geometrischen Genauigkeit, entscheidend f\u00fcr die Funktionalit\u00e4t der Halbleiter -Ger\u00e4te.<\/span><\/p>\n<p><strong><span style=\"font-family: arial, helvetica, sans-serif; font-size: medium;\"><strong>&bull;&nbsp;<\/strong>Forschung und Entwicklung<\/span><\/strong><\/p>\n<p><span style=\"font-family: arial, helvetica, sans-serif; font-size: medium;\">In F &amp; E -Umgebungen unterst\u00fctzen die Flexibilit\u00e4t und Haltbarkeit von SIC -Dummy -Wafern umfangreiche Experimente. Ihre F\u00e4higkeit, strenge Testbedingungen zu ertragen, macht sie f\u00fcr die Entwicklung neuer Halbleitertechnologien von unsch\u00e4tzbarem Wert.<\/span><\/p>\n<\/p><\/div>\n<\/p><\/div>\n<\/p><\/div>\n<\/p><\/div>\n<\/p><\/div>\n<\/p><\/div>\n<div class=\"fl-col-group fl-node-672c5ebb569a6\" data-node=\"672c5ebb569a6\">\n<div class=\"fl-col fl-node-672c5ebb569e8\" data-node=\"672c5ebb569e8\" style=\"width: 100%;\">\n<div class=\"fl-col-content fl-node-content\">\n<div class=\"fl-module fl-module-photo fl-node-672c5ebb56a29\" data-animation-delay=\"0.0\" data-node=\"672c5ebb56a29\">\n<div class=\"fl-module-content fl-node-content\">\n<div class=\"fl-photo fl-photo-align-center\" itemscope=\"\" itemtype=\"http:\/\/schema.org\/ImageObject\">\n<div class=\"fl-photo-content fl-photo-img-jpg\"> <img decoding=\"async\" alt=\"SEMICERA -Arbeitsplatz\" class=\"fl-photo-img wp-image-9038\" itemprop=\"image\" src=\"\/wp-content\/uploads\/2025\/09\/b1dd0bcab1675ff4.webp\"> <\/div>\n<\/p><\/div>\n<\/p><\/div>\n<\/p><\/div>\n<div class=\"fl-module fl-module-photo fl-node-672c5ebb56b6f\" data-animation-delay=\"0.0\" data-node=\"672c5ebb56b6f\">\n<div class=\"fl-module-content fl-node-content\">\n<div class=\"fl-photo fl-photo-align-center\" itemscope=\"\" itemtype=\"http:\/\/schema.org\/ImageObject\">\n<div class=\"fl-photo-content fl-photo-img-jpg\"> <img decoding=\"async\" alt=\"Semizelle Arbeitsplatz 2\" class=\"fl-photo-img wp-image-9037\" itemprop=\"image\" src=\"\/wp-content\/uploads\/2025\/09\/2b946d2b4b61306d.webp\"> <\/div>\n<\/p><\/div>\n<\/p><\/div>\n<\/p><\/div>\n<div class=\"fl-module fl-module-photo fl-node-672c5ebb56b2d\" data-animation-delay=\"0.0\" data-node=\"672c5ebb56b2d\">\n<div class=\"fl-module-content fl-node-content\">\n<div class=\"fl-photo fl-photo-align-center\" itemscope=\"\" itemtype=\"http:\/\/schema.org\/ImageObject\">\n<div class=\"fl-photo-content fl-photo-img-jpg\"> <img decoding=\"async\" alt=\"Ausr\u00fcstungsmaschine\" class=\"fl-photo-img wp-image-9034 size-full\" itemprop=\"image\" src=\"\/wp-content\/uploads\/2025\/09\/081b6529d68ead23.webp\"> <\/div>\n<\/p><\/div>\n<\/p><\/div>\n<\/p><\/div>\n<div class=\"fl-module fl-module-photo fl-node-672c5ebb56aec\" data-animation-delay=\"0.0\" data-node=\"672c5ebb56aec\">\n<div class=\"fl-module-content fl-node-content\">\n<div class=\"fl-photo fl-photo-align-center\" itemscope=\"\" itemtype=\"http:\/\/schema.org\/ImageObject\">\n<div class=\"fl-photo-content fl-photo-img-jpg\"> <img decoding=\"async\" alt=\"CNN -Verarbeitung, chemische Reinigung, CVD -Beschichtung\" class=\"fl-photo-img wp-image-9033\" itemprop=\"image\" src=\"\/wp-content\/uploads\/2025\/09\/a4132b2b399abbac.webp\"> <\/div>\n<\/p><\/div>\n<\/p><\/div>\n<\/p><\/div>\n<div class=\"fl-module fl-module-photo fl-node-672c5ebb56aab\" data-animation-delay=\"0.0\" data-node=\"672c5ebb56aab\">\n<div class=\"fl-module-content fl-node-content\">\n<div class=\"fl-photo fl-photo-align-center\" itemscope=\"\" itemtype=\"http:\/\/schema.org\/ImageObject\">\n<div class=\"fl-photo-content fl-photo-img-jpg\"> <img decoding=\"async\" alt=\"Semizera Ware House\" class=\"fl-photo-img wp-image-9036\" itemprop=\"image\" src=\"\/wp-content\/uploads\/2025\/09\/2190bb9ce5c1d546.webp\"> <\/div>\n<\/p><\/div>\n<\/p><\/div>\n<\/p><\/div>\n<div class=\"fl-module fl-module-photo fl-node-672c5ebb56a6a\" data-animation-delay=\"0.0\" data-node=\"672c5ebb56a6a\">\n<div class=\"fl-module-content fl-node-content\">\n<div class=\"fl-photo fl-photo-align-center\" itemscope=\"\" itemtype=\"http:\/\/schema.org\/ImageObject\">\n<div class=\"fl-photo-content fl-photo-img-jpg\"> <img decoding=\"async\" alt=\"Unser Service\" class=\"fl-photo-img wp-image-9035\" itemprop=\"image\" src=\"\/wp-content\/uploads\/2025\/09\/b07f222c0ec0ab8d.webp\"> <\/div>\n<\/p><\/div>\n<\/p><\/div>\n<\/p><\/div>\n<\/p><\/div>\n<\/p><\/div>\n<\/p><\/div>\n<\/p><\/div>\n<\/p><\/div>\n<\/p><\/div>\n<\/div>","protected":false},"excerpt":{"rendered":"<p><?xml encoding=\"utf-8\" ?><\/p>\n<p>Der Silizium -Carbid -Dummy -Wafer von Semicera ist f\u00fcr die Verwendung in fortschrittlichen Halbleiterherstellungsprozessen ausgelegt. Dieser hochwertige Dummy-Wafer dient als entscheidendes Werkzeug f\u00fcr die Testen, Kalibrierung und Prozessentwicklung und bietet hervorragende Materialeigenschaften f\u00fcr eine Vielzahl von Anwendungen. Mit hervorragender thermischer Leitf\u00e4higkeit und mechanischer St\u00e4rke ist der Silizium-Carbid-Dummy-Wafer ideal f\u00fcr die Verwendung von Halbleiter-Ger\u00e4ten mit hoher Temperatur und Hochleistungs-Halbleiter.<\/p>","protected":false},"featured_media":1211,"comment_status":"closed","ping_status":"open","template":"","meta":[],"product_brand":[],"product_cat":[35,26],"product_tag":[],"class_list":{"0":"post-1320","1":"product","2":"type-product","3":"status-publish","4":"has-post-thumbnail","6":"product_cat-sic-substrate","7":"product_cat-wafer","9":"first","10":"instock","11":"product-type-simple"},"_links":{"self":[{"href":"https:\/\/www.cn-semiconductorparts.com\/de\/wp-json\/wp\/v2\/product\/1320","targetHints":{"allow":["GET"]}}],"collection":[{"href":"https:\/\/www.cn-semiconductorparts.com\/de\/wp-json\/wp\/v2\/product"}],"about":[{"href":"https:\/\/www.cn-semiconductorparts.com\/de\/wp-json\/wp\/v2\/types\/product"}],"replies":[{"embeddable":true,"href":"https:\/\/www.cn-semiconductorparts.com\/de\/wp-json\/wp\/v2\/comments?post=1320"}],"wp:featuredmedia":[{"embeddable":true,"href":"https:\/\/www.cn-semiconductorparts.com\/de\/wp-json\/wp\/v2\/media\/1211"}],"wp:attachment":[{"href":"https:\/\/www.cn-semiconductorparts.com\/de\/wp-json\/wp\/v2\/media?parent=1320"}],"wp:term":[{"taxonomy":"product_brand","embeddable":true,"href":"https:\/\/www.cn-semiconductorparts.com\/de\/wp-json\/wp\/v2\/product_brand?post=1320"},{"taxonomy":"product_cat","embeddable":true,"href":"https:\/\/www.cn-semiconductorparts.com\/de\/wp-json\/wp\/v2\/product_cat?post=1320"},{"taxonomy":"product_tag","embeddable":true,"href":"https:\/\/www.cn-semiconductorparts.com\/de\/wp-json\/wp\/v2\/product_tag?post=1320"}],"curies":[{"name":"wp","href":"https:\/\/api.w.org\/{rel}","templated":true}]}}