{"id":1328,"date":"2025-09-11T05:28:25","date_gmt":"2025-09-11T05:28:25","guid":{"rendered":"https:\/\/weitai2.globaldeepsea.site\/product\/c-c-composite-crucible\/"},"modified":"2026-04-29T15:34:18","modified_gmt":"2026-04-29T07:34:18","slug":"c-c-composite-crucible","status":"publish","type":"product","link":"https:\/\/www.cn-semiconductorparts.com\/de\/product\/c-c-composite-crucible\/","title":{"rendered":"C\/C Composite Crucible"},"content":{"rendered":"<p><?xml encoding=\"utf-8\" ?><\/p>\n<div class=\"fl-builder-content fl-builder-content-11427 fl-builder-content-primary fl-builder-global-templates-locked\" data-post-id=\"11427\">\n<div class=\"fl-row fl-row-full-width fl-row-bg-none fl-node-67209117f32c9\" data-node=\"67209117f32c9\">\n<div class=\"fl-row-content-wrap\">\n<div class=\"fl-row-content fl-row-full-width fl-node-content\">\n<div class=\"fl-col-group fl-node-67209117f3629\" data-node=\"67209117f3629\">\n<div class=\"fl-col fl-node-67209117f366b\" data-node=\"67209117f366b\" style=\"width: 100%;\">\n<div class=\"fl-col-content fl-node-content\">\n<div class=\"fl-module fl-module-rich-text fl-node-67209117f3459\" data-animation-delay=\"0.0\" data-node=\"67209117f3459\">\n<div class=\"fl-module-content fl-node-content\">\n<div class=\"fl-rich-text\">\n<p><b>Kohlenstoffkarbonverbundwerkstoffe:<\/b><\/p>\n<p data-section=\"0\">Carbon\/carbon composites are carbon matrix composites reinforced by carbon fibers and their fabrics. With low density (&amp;lt; 2.0g\/cm3), high strength, high specific modulus, high thermal conductivity, low coefficient of expansion, good friction performance, good thermal shock resistance, high dimensional stability, is now in the application of more than 1650&#8451;, the highest theoretical temperature up to 2600&#8451;, so it is considered to be one of the most promising high temperature materials.<\/p>\n<\/p><\/div>\n<\/p><\/div>\n<\/p><\/div>\n<\/p><\/div>\n<\/p><\/div>\n<\/p><\/div>\n<div class=\"fl-col-group fl-node-67209396663d0\" data-node=\"67209396663d0\">\n<div class=\"fl-col fl-node-67209396665ea\" data-node=\"67209396665ea\" style=\"width: 100%;\">\n<div class=\"fl-col-content fl-node-content\">\n<div class=\"fl-module fl-module-rich-text fl-node-6720939666257\" data-animation-delay=\"0.0\" data-node=\"6720939666257\">\n<div class=\"fl-module-content fl-node-content\">\n<div class=\"fl-rich-text\">\n<p><span style=\"font-family: arial, helvetica, sans-serif; font-size: medium;\">The C\/C Composite Crucible from Semicera is engineered for high-performance applications requiring exceptional thermal stability and strength. Crafted from carbon fiber-reinforced carbon (CFRC), this crucible combines lightweight design with outstanding mechanical properties, making it ideal for processes such as metal melting and chemical vapor deposition.<\/span><\/p>\n<p><span style=\"font-family: arial, helvetica, sans-serif; font-size: medium;\">Semicera&rsquo;s C\/C composite technology offers remarkable resistance to thermal shock and chemical corrosion, ensuring longevity in demanding environments. The innovative structure of our carbon-carbon composite minimizes thermal expansion, which is crucial for maintaining precision in high-temperature applications.<\/span><\/p>\n<p><span style=\"font-family: arial, helvetica, sans-serif; font-size: medium;\">Designed for versatility, the C\/C Composite Crucible is suitable for various industrial uses, including aerospace, automotive, and semiconductor industries. Its advanced material composition not only enhances performance but also reduces the overall weight of the crucible, making it easier to handle. Trust Semicera to provide you with reliable, high-quality crucibles that meet your specific manufacturing needs.<\/span><\/p>\n<\/p><\/div>\n<\/p><\/div>\n<\/p><\/div>\n<\/p><\/div>\n<\/p><\/div>\n<\/p><\/div>\n<div class=\"fl-col-group fl-node-67209117f330c\" data-node=\"67209117f330c\">\n<div class=\"fl-col fl-node-67209117f334d\" data-node=\"67209117f334d\" style=\"width: 100%;\">\n<div class=\"fl-col-content fl-node-content\">\n<div class=\"fl-module fl-module-rich-text fl-node-67209117f3396\" data-animation-delay=\"0.0\" data-node=\"67209117f3396\">\n<div class=\"fl-module-content fl-node-content\">\n<div class=\"fl-rich-text\">\n<table border=\"0\" cellspacing=\"0\">\n<tbody>\n<tr>\n<td colspan=\"3\" valign=\"center\" width=\"615\">\n<p align=\"center\"><b>Technische Daten von Kohlenstoff\/Kohlenstoffverbundstoff<\/b><\/p>\n<\/td>\n<td valign=\"center\" width=\"10\">\n<p>&nbsp;<\/p>\n<\/td>\n<\/tr>\n<tr>\n<td valign=\"center\" width=\"205\">\n<p>Index<\/p>\n<\/td>\n<td valign=\"center\" width=\"126\">\n<p align=\"center\">Einheit<\/p>\n<\/td>\n<td valign=\"center\" width=\"283\">\n<p align=\"center\">Wert<\/p>\n<\/td>\n<td valign=\"center\" width=\"10\">\n<p>&nbsp;<\/p>\n<\/td>\n<\/tr>\n<tr>\n<td valign=\"center\" width=\"205\">\n<p>Sch\u00fcttdichte<\/p>\n<\/td>\n<td valign=\"center\" width=\"126\">\n<p align=\"center\">g\/cm3<\/p>\n<\/td>\n<td valign=\"center\" width=\"283\">\n<p align=\"center\">1.40~1.50<\/p>\n<\/td>\n<td valign=\"center\" width=\"10\">\n<p>&nbsp;<\/p>\n<\/td>\n<\/tr>\n<tr>\n<td valign=\"center\" width=\"205\">\n<p>Kohlenstoffgehalt<\/p>\n<\/td>\n<td valign=\"center\" width=\"126\">\n<p align=\"center\">%<\/p>\n<\/td>\n<td valign=\"center\" width=\"283\">\n<p align=\"center\">&ge;98.5~99.9<\/p>\n<\/td>\n<td valign=\"center\" width=\"10\">\n<p>&nbsp;<\/p>\n<\/td>\n<\/tr>\n<tr>\n<td valign=\"center\" width=\"205\">\n<p>Asche<\/p>\n<\/td>\n<td valign=\"center\" width=\"126\">\n<p align=\"center\">Ppm<\/p>\n<\/td>\n<td valign=\"center\" width=\"283\">\n<p align=\"center\">&le;65<\/p>\n<\/td>\n<td valign=\"center\" width=\"10\">\n<p>&nbsp;<\/p>\n<\/td>\n<\/tr>\n<tr>\n<td valign=\"center\" width=\"205\">\n<p>Thermal conductivity (1150&#8451;)<\/p>\n<\/td>\n<td valign=\"center\" width=\"126\">\n<p align=\"center\">W\/mk<\/p>\n<\/td>\n<td valign=\"center\" width=\"283\">\n<p align=\"center\">10~30<\/p>\n<\/td>\n<td valign=\"center\" width=\"10\">\n<p>&nbsp;<\/p>\n<\/td>\n<\/tr>\n<tr>\n<td valign=\"center\" width=\"205\">\n<p>Zugfestigkeit<\/p>\n<\/td>\n<td valign=\"center\" width=\"126\">\n<p align=\"center\">MPA<\/p>\n<\/td>\n<td valign=\"center\" width=\"283\">\n<p align=\"center\">90~130<\/p>\n<\/td>\n<td valign=\"center\" width=\"10\">\n<p>&nbsp;<\/p>\n<\/td>\n<\/tr>\n<tr>\n<td valign=\"center\" width=\"205\">\n<p>Biegerst\u00e4rke<\/p>\n<\/td>\n<td valign=\"center\" width=\"126\">\n<p align=\"center\">MPA<\/p>\n<\/td>\n<td valign=\"center\" width=\"283\">\n<p align=\"center\">100~150<\/p>\n<\/td>\n<td valign=\"center\" width=\"10\">\n<p>&nbsp;<\/p>\n<\/td>\n<\/tr>\n<tr>\n<td valign=\"center\" width=\"205\">\n<p>Druckfestigkeit<\/p>\n<\/td>\n<td valign=\"center\" width=\"126\">\n<p align=\"center\">MPA<\/p>\n<\/td>\n<td valign=\"center\" width=\"283\">\n<p align=\"center\">130~170<\/p>\n<\/td>\n<td valign=\"center\" width=\"10\">\n<p>&nbsp;<\/p>\n<\/td>\n<\/tr>\n<tr>\n<td valign=\"center\" width=\"205\">\n<p>Scherfestigkeit<\/p>\n<\/td>\n<td valign=\"center\" width=\"126\">\n<p align=\"center\">MPA<\/p>\n<\/td>\n<td valign=\"center\" width=\"283\">\n<p align=\"center\">50~60<\/p>\n<\/td>\n<td valign=\"center\" width=\"10\">\n<p>&nbsp;<\/p>\n<\/td>\n<\/tr>\n<tr>\n<td valign=\"center\" width=\"205\">\n<p>Interlaminare Scherfestigkeit<\/p>\n<\/td>\n<td valign=\"center\" width=\"126\">\n<p align=\"center\">MPA<\/p>\n<\/td>\n<td valign=\"center\" width=\"283\">\n<p align=\"center\">&ge;13<\/p>\n<\/td>\n<td valign=\"center\" width=\"10\">\n<p>&nbsp;<\/p>\n<\/td>\n<\/tr>\n<tr>\n<td valign=\"center\" width=\"205\">\n<p>Elektrischer Widerstand<\/p>\n<\/td>\n<td valign=\"center\" width=\"126\">\n<p align=\"center\">&Omega;.mm2\/m<\/p>\n<\/td>\n<td valign=\"center\" width=\"283\">\n<p align=\"center\">30~43<\/p>\n<\/td>\n<td valign=\"center\" width=\"10\">\n<p>&nbsp;<\/p>\n<\/td>\n<\/tr>\n<tr>\n<td valign=\"center\" width=\"205\">\n<p>W\u00e4rmeleitkoeffizient<\/p>\n<\/td>\n<td valign=\"center\" width=\"126\">\n<p align=\"center\">106\/K<\/p>\n<\/td>\n<td valign=\"center\" width=\"283\">\n<p align=\"center\">0.3~1.2<\/p>\n<\/td>\n<td valign=\"center\" width=\"10\">\n<p>&nbsp;<\/p>\n<\/td>\n<\/tr>\n<tr>\n<td valign=\"center\" width=\"205\">\n<p>Verarbeitungstemperatur<\/p>\n<\/td>\n<td valign=\"center\" width=\"126\">\n<p align=\"center\">&#8451;<\/p>\n<\/td>\n<td valign=\"center\" width=\"283\">\n<p align=\"center\">&ge;2400&#8451;<\/p>\n<\/td>\n<td valign=\"center\" width=\"10\">\n<p>&nbsp;<\/p>\n<\/td>\n<\/tr>\n<tr>\n<td colspan=\"3\" rowspan=\"2\" valign=\"center\" width=\"615\">\n<p>Milit\u00e4rqualit\u00e4t, vollst\u00e4ndige chemische Dampfablagerungsofenablagerung, importierte Toray Carbonfaser T700 vorgewob<br \/>Materialspezifikationen: Maximaler Au\u00dfendurchmesser 2000 mm, Wandst\u00e4rke 8-25 mm, H\u00f6he 1600 mm<\/p>\n<\/td>\n<td valign=\"center\">\n<p>&nbsp;<\/p>\n<\/td>\n<\/tr>\n<tr>\n<td valign=\"center\">&nbsp;<\/td>\n<\/tr>\n<\/tbody>\n<\/table><\/div>\n<\/p><\/div>\n<\/p><\/div>\n<\/p><\/div>\n<\/p><\/div>\n<\/p><\/div>\n<div class=\"fl-col-group fl-node-67209189e8720\" data-node=\"67209189e8720\">\n<div class=\"fl-col fl-node-67209189e88f0\" data-node=\"67209189e88f0\" style=\"width: 100%;\">\n<div class=\"fl-col-content fl-node-content\">\n<div class=\"fl-module fl-module-rich-text fl-node-67209189e85ab\" data-animation-delay=\"0.0\" data-node=\"67209189e85ab\">\n<div class=\"fl-module-content fl-node-content\">\n<div class=\"fl-rich-text\">\n<p><span style=\"font-family: arial, helvetica, sans-serif; font-size: medium;\">Es kann in der Hochtemperaturumgebung verschiedener Struktur, Heizung und Schiff h\u00e4ufig verwendet werden. Im Vergleich zu den traditionellen technischen Materialien hat Carbon Carbon Composite die folgenden Vorteile:<\/span><\/p>\n<\/p><\/div>\n<\/p><\/div>\n<\/p><\/div>\n<\/p><\/div>\n<\/p><\/div>\n<\/p><\/div>\n<div class=\"fl-col-group fl-node-67209117f3499\" data-node=\"67209117f3499\">\n<div class=\"fl-col fl-node-67209117f34d9 fl-col-small\" data-node=\"67209117f34d9\" style=\"width: 50%;\">\n<div class=\"fl-col-content fl-node-content\">\n<div class=\"fl-module fl-module-rich-text fl-node-67209117f33d8\" data-animation-delay=\"0.0\" data-node=\"67209117f33d8\">\n<div class=\"fl-module-content fl-node-content\">\n<div class=\"fl-rich-text\">\n<p><span style=\"font-family: arial, helvetica, sans-serif; font-size: medium;\">1) hohe St\u00e4rke<\/span><\/p>\n<p><span style=\"font-family: arial, helvetica, sans-serif; font-size: medium;\">2) High temperature up to 2000&#8451;<\/span><\/p>\n<p><span style=\"font-family: arial, helvetica, sans-serif; font-size: medium;\">3) W\u00e4rmeschockwiderstand<\/span><\/p>\n<p><span style=\"font-family: arial, helvetica, sans-serif; font-size: medium;\">4) Niedrigere W\u00e4rmeausdehnung<\/span><\/p>\n<p><span style=\"font-family: arial, helvetica, sans-serif; font-size: medium;\">5) Kleine W\u00e4rmeleistung<\/span><\/p>\n<p><span style=\"font-family: arial, helvetica, sans-serif; font-size: medium;\">6) Ausgezeichnete Korrosionsbest\u00e4ndigkeit und Strahlungsbest\u00e4ndigkeit<\/span><\/p>\n<\/p><\/div>\n<\/p><\/div>\n<\/p><\/div>\n<\/p><\/div>\n<\/p><\/div>\n<div class=\"fl-col fl-node-67209117f3519 fl-col-small\" data-node=\"67209117f3519\" style=\"width: 50%;\">\n<div class=\"fl-col-content fl-node-content\">\n<div class=\"fl-module fl-module-photo fl-node-6720914ef2921\" data-animation-delay=\"0.0\" data-node=\"6720914ef2921\">\n<div class=\"fl-module-content fl-node-content\">\n<div class=\"fl-photo fl-photo-align-center\" itemscope=\"\" itemtype=\"http:\/\/schema.org\/ImageObject\">\n<div class=\"fl-photo-content fl-photo-img-png\"> <img decoding=\"async\" alt=\"CC Composite Crucible-1\" class=\"fl-photo-img wp-image-11430 size-thumbnail\" itemprop=\"image\" src=\"\/wp-content\/uploads\/2025\/09\/056c2e0b43fe13b8.webp\"> <\/div>\n<\/p><\/div>\n<\/p><\/div>\n<\/p><\/div>\n<\/p><\/div>\n<\/p><\/div>\n<\/p><\/div>\n<div class=\"fl-col-group fl-node-67209117f355c\" data-node=\"67209117f355c\">\n<div class=\"fl-col fl-node-67209117f35a8 fl-col-small\" data-node=\"67209117f35a8\" style=\"width: 50%;\">\n<div class=\"fl-col-content fl-node-content\">\n<div class=\"fl-module fl-module-photo fl-node-672091aec2247\" data-animation-delay=\"0.0\" data-node=\"672091aec2247\">\n<div class=\"fl-module-content fl-node-content\">\n<div class=\"fl-photo fl-photo-align-center\" itemscope=\"\" itemtype=\"http:\/\/schema.org\/ImageObject\">\n<div class=\"fl-photo-content fl-photo-img-png\"> <img decoding=\"async\" alt=\"&#26410;&#26631;&#39064;-1\" class=\"fl-photo-img wp-image-11431\" itemprop=\"image\" src=\"\/wp-content\/uploads\/2025\/09\/30d8c4da30e2f062.webp\"> <\/div>\n<\/p><\/div>\n<\/p><\/div>\n<\/p><\/div>\n<\/p><\/div>\n<\/p><\/div>\n<div class=\"fl-col fl-node-6720916c6ace9 fl-col-small\" data-node=\"6720916c6ace9\" style=\"width: 50%;\">\n<div class=\"fl-col-content fl-node-content\">\n<div class=\"fl-module fl-module-rich-text fl-node-67209117f3419\" data-animation-delay=\"0.0\" data-node=\"67209117f3419\">\n<div class=\"fl-module-content fl-node-content\">\n<div class=\"fl-rich-text\">\n<p><b>Anwendung:<\/b><br \/>1. Luft- und Raumfahrt. Aufgrund des Verbundmaterials weist eine gute thermische Stabilit\u00e4t, eine hohe spezifische Festigkeit und Steifheit auf. Es kann f\u00fcr die Herstellung von Flugzeugbremsen, Fl\u00fcgel und Rumpf, Satellitenantenne und St\u00fctzstruktur, Sonnenfl\u00fcgel und H\u00fclle, gro\u00dfe Tr\u00e4gerraketenschale, Motorschale usw. verwendet werden.<\/p>\n<p>2. Die Automobilindustrie.<\/p>\n<p>3. Das medizinische Bereich.<\/p>\n<p>4. W\u00e4rmeinssierung<\/p>\n<p>5. Heizeinheit<\/p>\n<p>6. Ray-Insulation<\/p>\n<\/p><\/div>\n<\/p><\/div>\n<\/p><\/div>\n<\/p><\/div>\n<\/p><\/div>\n<\/p><\/div>\n<\/p><\/div>\n<\/p><\/div>\n<\/p><\/div>\n<div class=\"fl-row fl-row-full-width fl-row-bg-none fl-node-6720913c9930b\" data-node=\"6720913c9930b\">\n<div class=\"fl-row-content-wrap\">\n<div class=\"fl-row-content fl-row-full-width fl-node-content\">\n<div class=\"fl-col-group fl-node-6720913c9934d\" data-node=\"6720913c9934d\">\n<div class=\"fl-col fl-node-6720913c9938d\" data-node=\"6720913c9938d\" style=\"width: 100%;\">\n<div class=\"fl-col-content fl-node-content\">\n<div class=\"fl-module fl-module-photo fl-node-6720913c993cc\" data-animation-delay=\"0.0\" data-node=\"6720913c993cc\">\n<div class=\"fl-module-content fl-node-content\">\n<div class=\"fl-photo fl-photo-align-center\" itemscope=\"\" itemtype=\"http:\/\/schema.org\/ImageObject\">\n<div class=\"fl-photo-content fl-photo-img-jpg\"> <img decoding=\"async\" alt=\"SEMICERA -Arbeitsplatz\" class=\"fl-photo-img wp-image-9038\" itemprop=\"image\" src=\"\/wp-content\/uploads\/2025\/09\/b1dd0bcab1675ff4.webp\"> <\/div>\n<\/p><\/div>\n<\/p><\/div>\n<\/p><\/div>\n<div class=\"fl-module fl-module-photo fl-node-6720913c994e1\" data-animation-delay=\"0.0\" data-node=\"6720913c994e1\">\n<div class=\"fl-module-content fl-node-content\">\n<div class=\"fl-photo fl-photo-align-center\" itemscope=\"\" itemtype=\"http:\/\/schema.org\/ImageObject\">\n<div class=\"fl-photo-content fl-photo-img-jpg\"> <img decoding=\"async\" alt=\"Semizelle Arbeitsplatz 2\" class=\"fl-photo-img wp-image-9037\" itemprop=\"image\" src=\"\/wp-content\/uploads\/2025\/09\/2b946d2b4b61306d.webp\"> <\/div>\n<\/p><\/div>\n<\/p><\/div>\n<\/p><\/div>\n<div class=\"fl-module fl-module-photo fl-node-6720913c994cb\" data-animation-delay=\"0.0\" data-node=\"6720913c994cb\">\n<div class=\"fl-module-content fl-node-content\">\n<div class=\"fl-photo fl-photo-align-center\" itemscope=\"\" itemtype=\"http:\/\/schema.org\/ImageObject\">\n<div class=\"fl-photo-content fl-photo-img-jpg\"> <img decoding=\"async\" alt=\"Ausr\u00fcstungsmaschine\" class=\"fl-photo-img wp-image-9034 size-full\" itemprop=\"image\" src=\"\/wp-content\/uploads\/2025\/09\/081b6529d68ead23.webp\"> <\/div>\n<\/p><\/div>\n<\/p><\/div>\n<\/p><\/div>\n<div class=\"fl-module fl-module-photo fl-node-6720913c9948b\" data-animation-delay=\"0.0\" data-node=\"6720913c9948b\">\n<div class=\"fl-module-content fl-node-content\">\n<div class=\"fl-photo fl-photo-align-center\" itemscope=\"\" itemtype=\"http:\/\/schema.org\/ImageObject\">\n<div class=\"fl-photo-content fl-photo-img-jpg\"> <img decoding=\"async\" alt=\"CNN -Verarbeitung, chemische Reinigung, CVD -Beschichtung\" class=\"fl-photo-img wp-image-9033\" itemprop=\"image\" src=\"\/wp-content\/uploads\/2025\/09\/a4132b2b399abbac.webp\"> <\/div>\n<\/p><\/div>\n<\/p><\/div>\n<\/p><\/div>\n<div class=\"fl-module fl-module-photo fl-node-6720913c9944c\" data-animation-delay=\"0.0\" data-node=\"6720913c9944c\">\n<div class=\"fl-module-content fl-node-content\">\n<div class=\"fl-photo fl-photo-align-center\" itemscope=\"\" itemtype=\"http:\/\/schema.org\/ImageObject\">\n<div class=\"fl-photo-content fl-photo-img-jpg\"> <img decoding=\"async\" alt=\"Semizera Ware House\" class=\"fl-photo-img wp-image-9036\" itemprop=\"image\" src=\"\/wp-content\/uploads\/2025\/09\/2190bb9ce5c1d546.webp\"> <\/div>\n<\/p><\/div>\n<\/p><\/div>\n<\/p><\/div>\n<div class=\"fl-module fl-module-photo fl-node-6720913c9940c\" data-animation-delay=\"0.0\" data-node=\"6720913c9940c\">\n<div class=\"fl-module-content fl-node-content\">\n<div class=\"fl-photo fl-photo-align-center\" itemscope=\"\" itemtype=\"http:\/\/schema.org\/ImageObject\">\n<div class=\"fl-photo-content fl-photo-img-jpg\"> <img decoding=\"async\" alt=\"Unser Service\" class=\"fl-photo-img wp-image-9035\" itemprop=\"image\" src=\"\/wp-content\/uploads\/2025\/09\/b07f222c0ec0ab8d.webp\"> <\/div>\n<\/p><\/div>\n<\/p><\/div>\n<\/p><\/div>\n<\/p><\/div>\n<\/p><\/div>\n<\/p><\/div>\n<\/p><\/div>\n<\/p><\/div>\n<\/p><\/div>\n<\/div>","protected":false},"excerpt":{"rendered":"<p><?xml encoding=\"utf-8\" ?><\/p>\n<p>Semicera&rsquo;s C\/C composite crucible is durable. Very suitable for a variety of industrial applications, this crucible is well made and reflects the excellent quality of the Semicera brand. We look forward to becoming your long-term partner in China.<\/p>","protected":false},"featured_media":465,"comment_status":"closed","ping_status":"open","template":"","meta":[],"product_brand":[],"product_cat":[38,29],"product_tag":[],"class_list":{"0":"post-1328","1":"product","2":"type-product","3":"status-publish","4":"has-post-thumbnail","6":"product_cat-c-c-composite-cfc","7":"product_cat-carbon-fiber","9":"first","10":"instock","11":"product-type-simple"},"_links":{"self":[{"href":"https:\/\/www.cn-semiconductorparts.com\/de\/wp-json\/wp\/v2\/product\/1328","targetHints":{"allow":["GET"]}}],"collection":[{"href":"https:\/\/www.cn-semiconductorparts.com\/de\/wp-json\/wp\/v2\/product"}],"about":[{"href":"https:\/\/www.cn-semiconductorparts.com\/de\/wp-json\/wp\/v2\/types\/product"}],"replies":[{"embeddable":true,"href":"https:\/\/www.cn-semiconductorparts.com\/de\/wp-json\/wp\/v2\/comments?post=1328"}],"wp:featuredmedia":[{"embeddable":true,"href":"https:\/\/www.cn-semiconductorparts.com\/de\/wp-json\/wp\/v2\/media\/465"}],"wp:attachment":[{"href":"https:\/\/www.cn-semiconductorparts.com\/de\/wp-json\/wp\/v2\/media?parent=1328"}],"wp:term":[{"taxonomy":"product_brand","embeddable":true,"href":"https:\/\/www.cn-semiconductorparts.com\/de\/wp-json\/wp\/v2\/product_brand?post=1328"},{"taxonomy":"product_cat","embeddable":true,"href":"https:\/\/www.cn-semiconductorparts.com\/de\/wp-json\/wp\/v2\/product_cat?post=1328"},{"taxonomy":"product_tag","embeddable":true,"href":"https:\/\/www.cn-semiconductorparts.com\/de\/wp-json\/wp\/v2\/product_tag?post=1328"}],"curies":[{"name":"wp","href":"https:\/\/api.w.org\/{rel}","templated":true}]}}