{"id":1329,"date":"2025-09-11T05:28:25","date_gmt":"2025-09-11T05:28:25","guid":{"rendered":"https:\/\/weitai2.globaldeepsea.site\/product\/reinforced-c-c-composite\/"},"modified":"2025-09-11T05:28:30","modified_gmt":"2025-09-11T05:28:30","slug":"reinforced-c-c-composite","status":"publish","type":"product","link":"https:\/\/www.cn-semiconductorparts.com\/de\/product\/reinforced-c-c-composite\/","title":{"rendered":"Verst\u00e4rktes C\/C -Verbund"},"content":{"rendered":"<div class=\"fl-builder-content fl-builder-content-11434 fl-builder-content-primary fl-builder-global-templates-locked\" data-post-id=\"11434\">\n<div class=\"fl-row fl-row-full-width fl-row-bg-none fl-node-67209520940f2\" data-node=\"67209520940f2\">\n<div class=\"fl-row-content-wrap\">\n<div class=\"fl-row-content fl-row-full-width fl-node-content\">\n<div class=\"fl-col-group fl-node-6720952094469\" data-node=\"6720952094469\">\n<div class=\"fl-col fl-node-67209520944ac\" data-node=\"67209520944ac\" style=\"width: 100%;\">\n<div class=\"fl-col-content fl-node-content\">\n<div class=\"fl-module fl-module-rich-text fl-node-672095209428e\" data-animation-delay=\"0.0\" data-node=\"672095209428e\">\n<div class=\"fl-module-content fl-node-content\">\n<div class=\"fl-rich-text\">\n<p><b>Kohlenstoffkarbonverbundwerkstoffe:<\/b><\/p>\n<p data-section=\"0\">Kohlenstoff\/Kohlenstoffverbundwerkstoffe sind Kohlenstoffmatrixverbundwerkstoffe, die durch Kohlenstofffasern und deren Stoffe verst\u00e4rkt werden. Mit geringer Dichte (&lt;2,0 g\/cm3), hoher Festigkeit, hoher spezifischer Modul, hoher thermischer Leitf\u00e4higkeit, niedriger Expansionskoeffizient, guter Reibungsleistung, guter thermischer Schockresistenz, hoher dimensionaler Stabilit\u00e4t ist nun mehr als 1650 \u2103, die h\u00f6chsten theoretischen Temperaturen bis zu 2600 \u2103, angewendet.<\/p>\n<\/p><\/div>\n<\/p><\/div>\n<\/p><\/div>\n<\/p><\/div>\n<\/p><\/div>\n<\/p><\/div>\n<div class=\"fl-col-group fl-node-672095e7bc277\" data-node=\"672095e7bc277\">\n<div class=\"fl-col fl-node-672095e7bc448\" data-node=\"672095e7bc448\" style=\"width: 100%;\">\n<div class=\"fl-col-content fl-node-content\">\n<div class=\"fl-module fl-module-rich-text fl-node-672095e7bc114\" data-animation-delay=\"0.0\" data-node=\"672095e7bc114\">\n<div class=\"fl-module-content fl-node-content\">\n<div class=\"fl-rich-text\">\n<p><span style=\"font-family: arial, helvetica, sans-serif; font-size: medium;\">Das verst\u00e4rkte C\/C -Verbundwerkstoff aus der Semizelle repr\u00e4sentiert die Vorderseite der Materialtechnologie und kombiniert leichte Eigenschaften mit au\u00dfergew\u00f6hnlicher Festigkeit und thermischer Stabilit\u00e4t. Dieser innovative Verbundwerkstoff ist f\u00fcr leistungsstarke Anwendungen in Branchen wie Luft- und Raumfahrt-, Automobil- und Halbleiterherstellung entwickelt.<\/span><\/p>\n<p><span style=\"font-family: arial, helvetica, sans-serif; font-size: medium;\">Bei Semicera verwenden wir fortgeschrittene Kohlefaserverst\u00e4rkung, um die strukturelle Integrit\u00e4t unserer C\/C -Verbundwerkstoffe zu verbessern und sicherzustellen, dass sie extreme Temperaturen und mechanischer Spannung standhalten k\u00f6nnen. Das Ergebnis ist ein Material, das sich in Anwendungen auszeichnet, die Haltbarkeit und Zuverl\u00e4ssigkeit erfordern.<\/span><\/p>\n<p><span style=\"font-family: arial, helvetica, sans-serif; font-size: medium;\">Mit seinen ausstehenden Eigenschaften ist der verst\u00e4rkte C\/C -Verbund eine ideale Wahl f\u00fcr kritische Komponenten und bietet eine \u00fcberlegene Leistung ohne das Gewicht. Trust Semicera zur Bereitstellung hochrangiger L\u00f6sungen, die Ihren anspruchsvollen industriellen Anforderungen entsprechen.<\/span><\/p>\n<\/p><\/div>\n<\/p><\/div>\n<\/p><\/div>\n<\/p><\/div>\n<\/p><\/div>\n<\/p><\/div>\n<div class=\"fl-col-group fl-node-672095209413b\" data-node=\"672095209413b\">\n<div class=\"fl-col fl-node-6720952094180\" data-node=\"6720952094180\" style=\"width: 100%;\">\n<div class=\"fl-col-content fl-node-content\">\n<div class=\"fl-module fl-module-rich-text fl-node-67209520941c4\" data-animation-delay=\"0.0\" data-node=\"67209520941c4\">\n<div class=\"fl-module-content fl-node-content\">\n<div class=\"fl-rich-text\">\n<table border=\"0\" cellspacing=\"0\">\n<tbody>\n<tr>\n<td colspan=\"3\" valign=\"center\" width=\"615\">\n<p align=\"center\"><b>Technische Daten von Kohlenstoff\/Kohlenstoffverbundstoff<\/b><\/p>\n<\/td>\n<td valign=\"center\" width=\"10\">\n<p>\u00a0<\/p>\n<\/td>\n<\/tr>\n<tr>\n<td valign=\"center\" width=\"205\">\n<p>Index<\/p>\n<\/td>\n<td valign=\"center\" width=\"126\">\n<p align=\"center\">Einheit<\/p>\n<\/td>\n<td valign=\"center\" width=\"283\">\n<p align=\"center\">Wert<\/p>\n<\/td>\n<td valign=\"center\" width=\"10\">\n<p>\u00a0<\/p>\n<\/td>\n<\/tr>\n<tr>\n<td valign=\"center\" width=\"205\">\n<p>Sch\u00fcttdichte<\/p>\n<\/td>\n<td valign=\"center\" width=\"126\">\n<p align=\"center\">g\/cm3<\/p>\n<\/td>\n<td valign=\"center\" width=\"283\">\n<p align=\"center\">1.40~1.50<\/p>\n<\/td>\n<td valign=\"center\" width=\"10\">\n<p>\u00a0<\/p>\n<\/td>\n<\/tr>\n<tr>\n<td valign=\"center\" width=\"205\">\n<p>Kohlenstoffgehalt<\/p>\n<\/td>\n<td valign=\"center\" width=\"126\">\n<p align=\"center\">%<\/p>\n<\/td>\n<td valign=\"center\" width=\"283\">\n<p align=\"center\">\u226598.5~99.9<\/p>\n<\/td>\n<td valign=\"center\" width=\"10\">\n<p>\u00a0<\/p>\n<\/td>\n<\/tr>\n<tr>\n<td valign=\"center\" width=\"205\">\n<p>Asche<\/p>\n<\/td>\n<td valign=\"center\" width=\"126\">\n<p align=\"center\">Ppm<\/p>\n<\/td>\n<td valign=\"center\" width=\"283\">\n<p align=\"center\">\u226465<\/p>\n<\/td>\n<td valign=\"center\" width=\"10\">\n<p>\u00a0<\/p>\n<\/td>\n<\/tr>\n<tr>\n<td valign=\"center\" width=\"205\">\n<p>W\u00e4rmeleitf\u00e4higkeit (1150 \u2103)<\/p>\n<\/td>\n<td valign=\"center\" width=\"126\">\n<p align=\"center\">W\/mk<\/p>\n<\/td>\n<td valign=\"center\" width=\"283\">\n<p align=\"center\">10~30<\/p>\n<\/td>\n<td valign=\"center\" width=\"10\">\n<p>\u00a0<\/p>\n<\/td>\n<\/tr>\n<tr>\n<td valign=\"center\" width=\"205\">\n<p>Zugfestigkeit<\/p>\n<\/td>\n<td valign=\"center\" width=\"126\">\n<p align=\"center\">MPA<\/p>\n<\/td>\n<td valign=\"center\" width=\"283\">\n<p align=\"center\">90~130<\/p>\n<\/td>\n<td valign=\"center\" width=\"10\">\n<p>\u00a0<\/p>\n<\/td>\n<\/tr>\n<tr>\n<td valign=\"center\" width=\"205\">\n<p>Biegerst\u00e4rke<\/p>\n<\/td>\n<td valign=\"center\" width=\"126\">\n<p align=\"center\">MPA<\/p>\n<\/td>\n<td valign=\"center\" width=\"283\">\n<p align=\"center\">100~150<\/p>\n<\/td>\n<td valign=\"center\" width=\"10\">\n<p>\u00a0<\/p>\n<\/td>\n<\/tr>\n<tr>\n<td valign=\"center\" width=\"205\">\n<p>Druckfestigkeit<\/p>\n<\/td>\n<td valign=\"center\" width=\"126\">\n<p align=\"center\">MPA<\/p>\n<\/td>\n<td valign=\"center\" width=\"283\">\n<p align=\"center\">130~170<\/p>\n<\/td>\n<td valign=\"center\" width=\"10\">\n<p>\u00a0<\/p>\n<\/td>\n<\/tr>\n<tr>\n<td valign=\"center\" width=\"205\">\n<p>Scherfestigkeit<\/p>\n<\/td>\n<td valign=\"center\" width=\"126\">\n<p align=\"center\">MPA<\/p>\n<\/td>\n<td valign=\"center\" width=\"283\">\n<p align=\"center\">50~60<\/p>\n<\/td>\n<td valign=\"center\" width=\"10\">\n<p>\u00a0<\/p>\n<\/td>\n<\/tr>\n<tr>\n<td valign=\"center\" width=\"205\">\n<p>Interlaminare Scherfestigkeit<\/p>\n<\/td>\n<td valign=\"center\" width=\"126\">\n<p align=\"center\">MPA<\/p>\n<\/td>\n<td valign=\"center\" width=\"283\">\n<p align=\"center\">\u226513<\/p>\n<\/td>\n<td valign=\"center\" width=\"10\">\n<p>\u00a0<\/p>\n<\/td>\n<\/tr>\n<tr>\n<td valign=\"center\" width=\"205\">\n<p>Elektrischer Widerstand<\/p>\n<\/td>\n<td valign=\"center\" width=\"126\">\n<p align=\"center\">\u03a9.mm2\/m<\/p>\n<\/td>\n<td valign=\"center\" width=\"283\">\n<p align=\"center\">30~43<\/p>\n<\/td>\n<td valign=\"center\" width=\"10\">\n<p>\u00a0<\/p>\n<\/td>\n<\/tr>\n<tr>\n<td valign=\"center\" width=\"205\">\n<p>W\u00e4rmeleitkoeffizient<\/p>\n<\/td>\n<td valign=\"center\" width=\"126\">\n<p align=\"center\">106\/K<\/p>\n<\/td>\n<td valign=\"center\" width=\"283\">\n<p align=\"center\">0.3~1.2<\/p>\n<\/td>\n<td valign=\"center\" width=\"10\">\n<p>\u00a0<\/p>\n<\/td>\n<\/tr>\n<tr>\n<td valign=\"center\" width=\"205\">\n<p>Verarbeitungstemperatur<\/p>\n<\/td>\n<td valign=\"center\" width=\"126\">\n<p align=\"center\">\u2103<\/p>\n<\/td>\n<td valign=\"center\" width=\"283\">\n<p align=\"center\">\u22652400\u2103<\/p>\n<\/td>\n<td valign=\"center\" width=\"10\">\n<p>\u00a0<\/p>\n<\/td>\n<\/tr>\n<tr>\n<td colspan=\"3\" rowspan=\"2\" valign=\"center\" width=\"615\">\n<p>Milit\u00e4rqualit\u00e4t, vollst\u00e4ndige chemische Dampfablagerungsofenablagerung, importierte Toray Carbonfaser T700 vorgewob<br \/>Materialspezifikationen: Maximaler Au\u00dfendurchmesser 2000 mm, Wandst\u00e4rke 8-25 mm, H\u00f6he 1600 mm<\/p>\n<\/td>\n<td valign=\"center\">\n<p>\u00a0<\/p>\n<\/td>\n<\/tr>\n<tr>\n<td valign=\"center\">\u00a0<\/td>\n<\/tr>\n<\/tbody>\n<\/table><\/div>\n<\/p><\/div>\n<\/p><\/div>\n<\/p><\/div>\n<\/p><\/div>\n<\/p><\/div>\n<div class=\"fl-col-group fl-node-67209520942d3\" data-node=\"67209520942d3\">\n<div class=\"fl-col fl-node-6720952094317 fl-col-small\" data-node=\"6720952094317\" style=\"width: 50%;\">\n<div class=\"fl-col-content fl-node-content\">\n<div class=\"fl-module fl-module-rich-text fl-node-6720952094207\" data-animation-delay=\"0.0\" data-node=\"6720952094207\">\n<div class=\"fl-module-content fl-node-content\">\n<div class=\"fl-rich-text\">\n<p>Es kann in der Hochtemperaturumgebung verschiedener Struktur, Heizung und Schiff h\u00e4ufig verwendet werden. Im Vergleich zu den traditionellen technischen Materialien hat Carbon Carbon Composite die folgenden Vorteile:<\/p>\n<p>1) hohe St\u00e4rke<\/p>\n<p>2) Hochtemperatur bis zu 2000\u2103<\/p>\n<p>3) W\u00e4rmeschockwiderstand<\/p>\n<p>4) Niedrigere W\u00e4rmeausdehnung<\/p>\n<p>5) Kleine W\u00e4rmeleistung<\/p>\n<p>6) Ausgezeichnete Korrosionsbest\u00e4ndigkeit und Strahlungsbest\u00e4ndigkeit<\/p>\n<\/p><\/div>\n<\/p><\/div>\n<\/p><\/div>\n<\/p><\/div>\n<\/p><\/div>\n<div class=\"fl-col fl-node-672095209435b fl-col-small\" data-node=\"672095209435b\" style=\"width: 50%;\">\n<div class=\"fl-col-content fl-node-content\">\n<div class=\"fl-module fl-module-photo fl-node-672095431f244\" data-animation-delay=\"0.0\" data-node=\"672095431f244\">\n<div class=\"fl-module-content fl-node-content\">\n<div class=\"fl-photo fl-photo-align-center\" itemscope=\"\" itemtype=\"http:\/\/schema.org\/ImageObject\">\n<div class=\"fl-photo-content fl-photo-img-png\"> <img decoding=\"async\" alt=\"Verst\u00e4rktes Kohlenstoff-Kohlenstoff-Komposit-2\" class=\"fl-photo-img wp-image-11435\" itemprop=\"image\" src=\"\/wp-content\/uploads\/2025\/09\/e936e19ebf6a864d.webp\"> <\/img><\/div>\n<\/p><\/div>\n<\/p><\/div>\n<\/p><\/div>\n<\/p><\/div>\n<\/p><\/div>\n<\/p><\/div>\n<div class=\"fl-col-group fl-node-672095209439e\" data-node=\"672095209439e\">\n<div class=\"fl-col fl-node-67209520943e1 fl-col-small\" data-node=\"67209520943e1\" style=\"width: 50%;\">\n<div class=\"fl-col-content fl-node-content\">\n<div class=\"fl-module fl-module-photo fl-node-6720959099167\" data-animation-delay=\"0.0\" data-node=\"6720959099167\">\n<div class=\"fl-module-content fl-node-content\">\n<div class=\"fl-photo fl-photo-align-center\" itemscope=\"\" itemtype=\"http:\/\/schema.org\/ImageObject\">\n<div class=\"fl-photo-content fl-photo-img-png\"> <img decoding=\"async\" alt=\"Kohlefaser Filz\" class=\"fl-photo-img wp-image-11438\" itemprop=\"image\" src=\"\/wp-content\/uploads\/2025\/09\/d616aa32b6090b54.webp\"> <\/img><\/div>\n<\/p><\/div>\n<\/p><\/div>\n<\/p><\/div>\n<\/p><\/div>\n<\/p><\/div>\n<div class=\"fl-col fl-node-67209578c5385 fl-col-small\" data-node=\"67209578c5385\" style=\"width: 50%;\">\n<div class=\"fl-col-content fl-node-content\">\n<div class=\"fl-module fl-module-rich-text fl-node-672095209424b\" data-animation-delay=\"0.0\" data-node=\"672095209424b\">\n<div class=\"fl-module-content fl-node-content\">\n<div class=\"fl-rich-text\">\n<p><b>Anwendung:<\/b><br \/>1. Luft- und Raumfahrt. Aufgrund des Verbundmaterials weist eine gute thermische Stabilit\u00e4t, eine hohe spezifische Festigkeit und Steifheit auf. Es kann f\u00fcr die Herstellung von Flugzeugbremsen, Fl\u00fcgel und Rumpf, Satellitenantenne und St\u00fctzstruktur, Sonnenfl\u00fcgel und H\u00fclle, gro\u00dfe Tr\u00e4gerraketenschale, Motorschale usw. verwendet werden.<\/p>\n<p>2. Die Automobilindustrie.<\/p>\n<p>3. Das medizinische Bereich.<\/p>\n<p>4. W\u00e4rmeinssierung<\/p>\n<p>5. Heizeinheit<\/p>\n<p>6. Ray-Insulation<\/p>\n<\/p><\/div>\n<\/p><\/div>\n<\/p><\/div>\n<\/p><\/div>\n<\/p><\/div>\n<\/p><\/div>\n<\/p><\/div>\n<\/p><\/div>\n<\/p><\/div>\n<div class=\"fl-row fl-row-full-width fl-row-bg-none fl-node-6720952f38efc\" data-node=\"6720952f38efc\">\n<div class=\"fl-row-content-wrap\">\n<div class=\"fl-row-content fl-row-full-width fl-node-content\">\n<div class=\"fl-col-group fl-node-6720952f38f3f\" data-node=\"6720952f38f3f\">\n<div class=\"fl-col fl-node-6720952f38f7f\" data-node=\"6720952f38f7f\" style=\"width: 100%;\">\n<div class=\"fl-col-content fl-node-content\">\n<div class=\"fl-module fl-module-photo fl-node-6720952f38fbf\" data-animation-delay=\"0.0\" data-node=\"6720952f38fbf\">\n<div class=\"fl-module-content fl-node-content\">\n<div class=\"fl-photo fl-photo-align-center\" itemscope=\"\" itemtype=\"http:\/\/schema.org\/ImageObject\">\n<div class=\"fl-photo-content fl-photo-img-jpg\"> <img decoding=\"async\" alt=\"SEMICERA -Arbeitsplatz\" class=\"fl-photo-img wp-image-9038\" itemprop=\"image\" src=\"\/wp-content\/uploads\/2025\/09\/b1dd0bcab1675ff4.webp\"> <\/img><\/div>\n<\/p><\/div>\n<\/p><\/div>\n<\/p><\/div>\n<div class=\"fl-module fl-module-photo fl-node-6720952f390fb\" data-animation-delay=\"0.0\" data-node=\"6720952f390fb\">\n<div class=\"fl-module-content fl-node-content\">\n<div class=\"fl-photo fl-photo-align-center\" itemscope=\"\" itemtype=\"http:\/\/schema.org\/ImageObject\">\n<div class=\"fl-photo-content fl-photo-img-jpg\"> <img decoding=\"async\" alt=\"Semizelle Arbeitsplatz 2\" class=\"fl-photo-img wp-image-9037\" itemprop=\"image\" src=\"\/wp-content\/uploads\/2025\/09\/2b946d2b4b61306d.webp\"> <\/img><\/div>\n<\/p><\/div>\n<\/p><\/div>\n<\/p><\/div>\n<div class=\"fl-module fl-module-photo fl-node-6720952f390bc\" data-animation-delay=\"0.0\" data-node=\"6720952f390bc\">\n<div class=\"fl-module-content fl-node-content\">\n<div class=\"fl-photo fl-photo-align-center\" itemscope=\"\" itemtype=\"http:\/\/schema.org\/ImageObject\">\n<div class=\"fl-photo-content fl-photo-img-jpg\"> <img decoding=\"async\" alt=\"Ausr\u00fcstungsmaschine\" class=\"fl-photo-img wp-image-9034 size-full\" itemprop=\"image\" src=\"\/wp-content\/uploads\/2025\/09\/081b6529d68ead23.webp\"> <\/img><\/div>\n<\/p><\/div>\n<\/p><\/div>\n<\/p><\/div>\n<div class=\"fl-module fl-module-photo fl-node-6720952f3907d\" data-animation-delay=\"0.0\" data-node=\"6720952f3907d\">\n<div class=\"fl-module-content fl-node-content\">\n<div class=\"fl-photo fl-photo-align-center\" itemscope=\"\" itemtype=\"http:\/\/schema.org\/ImageObject\">\n<div class=\"fl-photo-content fl-photo-img-jpg\"> <img decoding=\"async\" alt=\"CNN -Verarbeitung, chemische Reinigung, CVD -Beschichtung\" class=\"fl-photo-img wp-image-9033\" itemprop=\"image\" src=\"\/wp-content\/uploads\/2025\/09\/a4132b2b399abbac.webp\"> <\/img><\/div>\n<\/p><\/div>\n<\/p><\/div>\n<\/p><\/div>\n<div class=\"fl-module fl-module-photo fl-node-6720952f3903d\" data-animation-delay=\"0.0\" data-node=\"6720952f3903d\">\n<div class=\"fl-module-content fl-node-content\">\n<div class=\"fl-photo fl-photo-align-center\" itemscope=\"\" itemtype=\"http:\/\/schema.org\/ImageObject\">\n<div class=\"fl-photo-content fl-photo-img-jpg\"> <img decoding=\"async\" alt=\"Semizera Ware House\" class=\"fl-photo-img wp-image-9036\" itemprop=\"image\" src=\"\/wp-content\/uploads\/2025\/09\/2190bb9ce5c1d546.webp\"> <\/img><\/div>\n<\/p><\/div>\n<\/p><\/div>\n<\/p><\/div>\n<div class=\"fl-module fl-module-photo fl-node-6720952f38ffe\" data-animation-delay=\"0.0\" data-node=\"6720952f38ffe\">\n<div class=\"fl-module-content fl-node-content\">\n<div class=\"fl-photo fl-photo-align-center\" itemscope=\"\" itemtype=\"http:\/\/schema.org\/ImageObject\">\n<div class=\"fl-photo-content fl-photo-img-jpg\"> <img decoding=\"async\" alt=\"Unser Service\" class=\"fl-photo-img wp-image-9035\" itemprop=\"image\" src=\"\/wp-content\/uploads\/2025\/09\/b07f222c0ec0ab8d.webp\"> <\/img><\/div>\n<\/p><\/div>\n<\/p><\/div>\n<\/p><\/div>\n<\/p><\/div>\n<\/p><\/div>\n<\/p><\/div>\n<\/p><\/div>\n<\/p><\/div>\n<\/p><\/div>\n<\/div>","protected":false},"excerpt":{"rendered":"<p>Verst\u00e4rkte C\/C -Verbundwerkstoffe Dieses fortschrittliche Verbundmaterial hat St\u00e4rke und Vielseitigkeit. Verst\u00e4rkte C\/C -Verbundwerkstoffe sollen die Leistung in einer Vielzahl von industriellen Anwendungen verbessern und die Kraft der Innovation entfesseln. Jede Komponente der Semizera verf\u00fcgt \u00fcber eine \u00fcberlegene Qualit\u00e4t und eine beispiellose Haltbarkeit, der Sie vertrauen k\u00f6nnen. Wir freuen uns darauf, Ihr langfristiger Partner in China zu sein.<\/p>","protected":false},"featured_media":534,"comment_status":"closed","ping_status":"open","template":"","meta":[],"product_brand":[],"product_cat":[20,19],"product_tag":[],"class_list":{"0":"post-1329","1":"product","2":"type-product","3":"status-publish","4":"has-post-thumbnail","6":"product_cat-other-quartz-parts","7":"product_cat-quartz","9":"first","10":"instock","11":"product-type-simple"},"_links":{"self":[{"href":"https:\/\/www.cn-semiconductorparts.com\/de\/wp-json\/wp\/v2\/product\/1329","targetHints":{"allow":["GET"]}}],"collection":[{"href":"https:\/\/www.cn-semiconductorparts.com\/de\/wp-json\/wp\/v2\/product"}],"about":[{"href":"https:\/\/www.cn-semiconductorparts.com\/de\/wp-json\/wp\/v2\/types\/product"}],"replies":[{"embeddable":true,"href":"https:\/\/www.cn-semiconductorparts.com\/de\/wp-json\/wp\/v2\/comments?post=1329"}],"wp:featuredmedia":[{"embeddable":true,"href":"https:\/\/www.cn-semiconductorparts.com\/de\/wp-json\/wp\/v2\/media\/534"}],"wp:attachment":[{"href":"https:\/\/www.cn-semiconductorparts.com\/de\/wp-json\/wp\/v2\/media?parent=1329"}],"wp:term":[{"taxonomy":"product_brand","embeddable":true,"href":"https:\/\/www.cn-semiconductorparts.com\/de\/wp-json\/wp\/v2\/product_brand?post=1329"},{"taxonomy":"product_cat","embeddable":true,"href":"https:\/\/www.cn-semiconductorparts.com\/de\/wp-json\/wp\/v2\/product_cat?post=1329"},{"taxonomy":"product_tag","embeddable":true,"href":"https:\/\/www.cn-semiconductorparts.com\/de\/wp-json\/wp\/v2\/product_tag?post=1329"}],"curies":[{"name":"wp","href":"https:\/\/api.w.org\/{rel}","templated":true}]}}