{"id":1336,"date":"2025-09-11T05:28:33","date_gmt":"2025-09-11T05:28:33","guid":{"rendered":"https:\/\/weitai2.globaldeepsea.site\/product\/quartz-bell-jar\/"},"modified":"2025-09-24T16:03:58","modified_gmt":"2025-09-24T08:03:58","slug":"quartz-bell-jar","status":"publish","type":"product","link":"https:\/\/www.cn-semiconductorparts.com\/de\/product\/quartz-bell-jar\/","title":{"rendered":"Quarz Bell Jar"},"content":{"rendered":"<p><?xml encoding=\"utf-8\" ?><\/p>\n<div class=\"fl-builder-content fl-builder-content-11246 fl-builder-content-primary fl-builder-global-templates-locked\" data-post-id=\"11246\">\n<div class=\"fl-row fl-row-full-width fl-row-bg-none fl-node-670e12da796f0\" data-node=\"670e12da796f0\">\n<div class=\"fl-row-content-wrap\">\n<div class=\"fl-row-content fl-row-full-width fl-node-content\">\n<div class=\"fl-col-group fl-node-670e12e21b0d5\" data-node=\"670e12e21b0d5\">\n<div class=\"fl-col fl-node-670e12e21b3cc\" data-node=\"670e12e21b3cc\" style=\"width: 100%;\">\n<div class=\"fl-col-content fl-node-content\">\n<div class=\"fl-module fl-module-rich-text fl-node-670e12e21aeb3\" data-animation-delay=\"0.0\" data-node=\"670e12e21aeb3\">\n<div class=\"fl-module-content fl-node-content\">\n<div class=\"fl-rich-text\">\n<p><span style=\"font-family: arial, helvetica, sans-serif; font-size: medium;\">The Quartz Bell Jar from Semicera is engineered with precision using high-purity quartz, designed to meet the stringent demands of modern semiconductor fabrication and vacuum processing environments. With its excellent thermal and chemical stability, this bell jar is ideal for processes like wafer oxidation, annealing in semiconductor fabrication, and CVD processes.<\/span><\/p>\n<p><span style=\"font-family: arial, helvetica, sans-serif; font-size: medium;\">Our Quartz Bell Jar fits seamlessly into bell jar vacuum systems and bell vacuum chambers, ensuring maximum performance and reliability. Whether used in a glass vacuum bell jar setup or in high-temperature applications, the high-purity quartz construction ensures superior durability and long-lasting performance.<\/span><\/p>\n<p><span style=\"font-family: arial, helvetica, sans-serif; font-size: medium;\">Semiceras Know-how in der Herstellung von Halbleiter-Quarzkomponenten garantiert, dass unsere Quarz-Glockengl\u00e4ser nicht nur hohen Temperaturumgebungen standhalten, sondern auch die Reinheit in kritischen Prozessen aufrechterhalten. Diese Gl\u00e4ser eignen sich sowohl f\u00fcr Forschungslabors als auch f\u00fcr industrielle Setups und liefern konsistente Ergebnisse und verbessern die Effizienz von Vakuumsystemen.<\/span><\/p>\n<\/p><\/div>\n<\/p><\/div>\n<\/p><\/div>\n<\/p><\/div>\n<\/p><\/div>\n<\/p><\/div>\n<div class=\"fl-col-group fl-node-670e1401b3b48\" data-node=\"670e1401b3b48\">\n<div class=\"fl-col fl-node-670e1438036a5 fl-col-small\" data-node=\"670e1438036a5\" style=\"width: 50%;\">\n<div class=\"fl-col-content fl-node-content\">\n<div class=\"fl-module fl-module-rich-text fl-node-670e1438031cc\" data-animation-delay=\"0.0\" data-node=\"670e1438031cc\">\n<div class=\"fl-module-content fl-node-content\">\n<div class=\"fl-rich-text\">\n<p><span style=\"font-family: arial, helvetica, sans-serif; font-size: medium;\"><strong>Schl\u00fcsselmerkmale:<\/strong><\/span><\/p>\n<p><span style=\"font-family: arial, helvetica, sans-serif; font-size: medium;\">&nbsp; &nbsp; &nbsp; &nbsp;&bull;&nbsp;&nbsp;High thermal and chemical stability for critical semiconductor processes.<\/span><\/p>\n<p><span style=\"font-family: arial, helvetica, sans-serif; font-size: medium;\">&nbsp; &nbsp; &nbsp; &nbsp;&bull;&nbsp;&nbsp;Suitable for CVD processes,&nbsp;wafer&nbsp;oxidation, and annealing.<\/span><\/p>\n<p><span style=\"font-family: arial, helvetica, sans-serif; font-size: medium;\">&nbsp; &nbsp; &nbsp; &nbsp;&bull;&nbsp;&nbsp;Compatible with bell jar vacuum systems and bell vacuum chambers.<\/span><\/p>\n<\/p><\/div>\n<\/p><\/div>\n<\/p><\/div>\n<\/p><\/div>\n<\/p><\/div>\n<div class=\"fl-col fl-node-670e1401b3cfd fl-col-small\" data-node=\"670e1401b3cfd\" style=\"width: 50%;\">\n<div class=\"fl-col-content fl-node-content\">\n<div class=\"fl-module fl-module-photo fl-node-670e1401b39c8\" data-animation-delay=\"0.0\" data-node=\"670e1401b39c8\">\n<div class=\"fl-module-content fl-node-content\">\n<div class=\"fl-photo fl-photo-align-center\" itemscope=\"\" itemtype=\"http:\/\/schema.org\/ImageObject\">\n<div class=\"fl-photo-content fl-photo-img-png\"> <img decoding=\"async\" alt=\"73-figure2-14-1_256845\" class=\"fl-photo-img wp-image-11249\" itemprop=\"image\" src=\"\/wp-content\/uploads\/2025\/09\/281e4929257287e4.webp\"> <\/div>\n<\/p><\/div>\n<\/p><\/div>\n<\/p><\/div>\n<\/p><\/div>\n<\/p><\/div>\n<\/p><\/div>\n<div class=\"fl-col-group fl-node-670e144e18bd9\" data-node=\"670e144e18bd9\">\n<div class=\"fl-col fl-node-670e144e18d87\" data-node=\"670e144e18d87\" style=\"width: 100%;\">\n<div class=\"fl-col-content fl-node-content\">\n<div class=\"fl-module fl-module-rich-text fl-node-670e144e18a82\" data-animation-delay=\"0.0\" data-node=\"670e144e18a82\">\n<div class=\"fl-module-content fl-node-content\">\n<div class=\"fl-rich-text\">\n<p><span style=\"font-family: arial, helvetica, sans-serif; font-size: medium;\">Mit Semicera sind Sie sicher, dass Sie die Qualit\u00e4t und Innovation in Quarz-Glockengl\u00e4ser f\u00fcr Halbleiteranwendungen haben.<\/span><\/p>\n<\/p><\/div>\n<\/p><\/div>\n<\/p><\/div>\n<\/p><\/div>\n<\/p><\/div>\n<\/p><\/div>\n<div class=\"fl-col-group fl-node-670e12da79735\" data-node=\"670e12da79735\">\n<div class=\"fl-col fl-node-670e12da79776\" data-node=\"670e12da79776\" style=\"width: 100%;\">\n<div class=\"fl-col-content fl-node-content\">\n<div class=\"fl-module fl-module-photo fl-node-670e12da797b7\" data-animation-delay=\"0.0\" data-node=\"670e12da797b7\">\n<div class=\"fl-module-content fl-node-content\">\n<div class=\"fl-photo fl-photo-align-center\" itemscope=\"\" itemtype=\"http:\/\/schema.org\/ImageObject\">\n<div class=\"fl-photo-content fl-photo-img-jpg\"> <img decoding=\"async\" alt=\"SEMICERA -Arbeitsplatz\" class=\"fl-photo-img wp-image-9038\" itemprop=\"image\" src=\"\/wp-content\/uploads\/2025\/09\/b1dd0bcab1675ff4.webp\"> <\/div>\n<\/p><\/div>\n<\/p><\/div>\n<\/p><\/div>\n<div class=\"fl-module fl-module-photo fl-node-670e12da79904\" data-animation-delay=\"0.0\" data-node=\"670e12da79904\">\n<div class=\"fl-module-content fl-node-content\">\n<div class=\"fl-photo fl-photo-align-center\" itemscope=\"\" itemtype=\"http:\/\/schema.org\/ImageObject\">\n<div class=\"fl-photo-content fl-photo-img-jpg\"> <img decoding=\"async\" alt=\"Semizelle Arbeitsplatz 2\" class=\"fl-photo-img wp-image-9037\" itemprop=\"image\" src=\"\/wp-content\/uploads\/2025\/09\/2b946d2b4b61306d.webp\"> <\/div>\n<\/p><\/div>\n<\/p><\/div>\n<\/p><\/div>\n<div class=\"fl-module fl-module-photo fl-node-670e12da798ba\" data-animation-delay=\"0.0\" data-node=\"670e12da798ba\">\n<div class=\"fl-module-content fl-node-content\">\n<div class=\"fl-photo fl-photo-align-center\" itemscope=\"\" itemtype=\"http:\/\/schema.org\/ImageObject\">\n<div class=\"fl-photo-content fl-photo-img-jpg\"> <img decoding=\"async\" alt=\"Ausr\u00fcstungsmaschine\" class=\"fl-photo-img wp-image-9034 size-full\" itemprop=\"image\" src=\"\/wp-content\/uploads\/2025\/09\/081b6529d68ead23.webp\"> <\/div>\n<\/p><\/div>\n<\/p><\/div>\n<\/p><\/div>\n<div class=\"fl-module fl-module-photo fl-node-670e12da7987a\" data-animation-delay=\"0.0\" data-node=\"670e12da7987a\">\n<div class=\"fl-module-content fl-node-content\">\n<div class=\"fl-photo fl-photo-align-center\" itemscope=\"\" itemtype=\"http:\/\/schema.org\/ImageObject\">\n<div class=\"fl-photo-content fl-photo-img-jpg\"> <img decoding=\"async\" alt=\"CNN -Verarbeitung, chemische Reinigung, CVD -Beschichtung\" class=\"fl-photo-img wp-image-9033\" itemprop=\"image\" src=\"\/wp-content\/uploads\/2025\/09\/a4132b2b399abbac.webp\"> <\/div>\n<\/p><\/div>\n<\/p><\/div>\n<\/p><\/div>\n<div class=\"fl-module fl-module-photo fl-node-670e12da79839\" data-animation-delay=\"0.0\" data-node=\"670e12da79839\">\n<div class=\"fl-module-content fl-node-content\">\n<div class=\"fl-photo fl-photo-align-center\" itemscope=\"\" itemtype=\"http:\/\/schema.org\/ImageObject\">\n<div class=\"fl-photo-content fl-photo-img-jpg\"> <img decoding=\"async\" alt=\"Semizera Ware House\" class=\"fl-photo-img wp-image-9036\" itemprop=\"image\" src=\"\/wp-content\/uploads\/2025\/09\/2190bb9ce5c1d546.webp\"> <\/div>\n<\/p><\/div>\n<\/p><\/div>\n<\/p><\/div>\n<div class=\"fl-module fl-module-photo fl-node-670e12da797f8\" data-animation-delay=\"0.0\" data-node=\"670e12da797f8\">\n<div class=\"fl-module-content fl-node-content\">\n<div class=\"fl-photo fl-photo-align-center\" itemscope=\"\" itemtype=\"http:\/\/schema.org\/ImageObject\">\n<div class=\"fl-photo-content fl-photo-img-jpg\"> <img decoding=\"async\" alt=\"Unser Service\" class=\"fl-photo-img wp-image-9035\" itemprop=\"image\" src=\"\/wp-content\/uploads\/2025\/09\/b07f222c0ec0ab8d.webp\"> <\/div>\n<\/p><\/div>\n<\/p><\/div>\n<\/p><\/div>\n<\/p><\/div>\n<\/p><\/div>\n<\/p><\/div>\n<\/p><\/div>\n<\/p><\/div>\n<\/p><\/div>\n<\/div>","protected":false},"excerpt":{"rendered":"<p><?xml encoding=\"utf-8\" ?><\/p>\n<p>The Quartz Bell Jar from Semicera is crafted with high-purity quartz, offering exceptional durability and thermal stability for a range of industrial and scientific applications. Whether it&rsquo;s for vacuum systems or semiconductor processes, this quartz bell jar provides superior performance and reliability. Trust Semicera to deliver the precision and quality needed for demanding environments.We look forward to becoming your long-term partner in China.<\/p>","protected":false},"featured_media":654,"comment_status":"closed","ping_status":"open","template":"","meta":[],"product_brand":[],"product_cat":[20,19],"product_tag":[],"class_list":{"0":"post-1336","1":"product","2":"type-product","3":"status-publish","4":"has-post-thumbnail","6":"product_cat-other-quartz-parts","7":"product_cat-quartz","9":"first","10":"instock","11":"product-type-simple"},"_links":{"self":[{"href":"https:\/\/www.cn-semiconductorparts.com\/de\/wp-json\/wp\/v2\/product\/1336","targetHints":{"allow":["GET"]}}],"collection":[{"href":"https:\/\/www.cn-semiconductorparts.com\/de\/wp-json\/wp\/v2\/product"}],"about":[{"href":"https:\/\/www.cn-semiconductorparts.com\/de\/wp-json\/wp\/v2\/types\/product"}],"replies":[{"embeddable":true,"href":"https:\/\/www.cn-semiconductorparts.com\/de\/wp-json\/wp\/v2\/comments?post=1336"}],"wp:featuredmedia":[{"embeddable":true,"href":"https:\/\/www.cn-semiconductorparts.com\/de\/wp-json\/wp\/v2\/media\/654"}],"wp:attachment":[{"href":"https:\/\/www.cn-semiconductorparts.com\/de\/wp-json\/wp\/v2\/media?parent=1336"}],"wp:term":[{"taxonomy":"product_brand","embeddable":true,"href":"https:\/\/www.cn-semiconductorparts.com\/de\/wp-json\/wp\/v2\/product_brand?post=1336"},{"taxonomy":"product_cat","embeddable":true,"href":"https:\/\/www.cn-semiconductorparts.com\/de\/wp-json\/wp\/v2\/product_cat?post=1336"},{"taxonomy":"product_tag","embeddable":true,"href":"https:\/\/www.cn-semiconductorparts.com\/de\/wp-json\/wp\/v2\/product_tag?post=1336"}],"curies":[{"name":"wp","href":"https:\/\/api.w.org\/{rel}","templated":true}]}}