{"id":1346,"date":"2025-09-11T05:28:33","date_gmt":"2025-09-11T05:28:33","guid":{"rendered":"https:\/\/weitai2.globaldeepsea.site\/product\/carbon-carbon-composites\/"},"modified":"2026-04-29T15:34:10","modified_gmt":"2026-04-29T07:34:10","slug":"carbon-carbon-composites","status":"publish","type":"product","link":"https:\/\/www.cn-semiconductorparts.com\/de\/product\/carbon-carbon-composites\/","title":{"rendered":"Kohlenstoffkarbonverbundwerkstoffe"},"content":{"rendered":"<p><?xml encoding=\"utf-8\" ?><\/p>\n<div class=\"fl-builder-content fl-builder-content-11170 fl-builder-content-primary fl-builder-global-templates-locked\" data-post-id=\"11170\">\n<div class=\"fl-row fl-row-full-width fl-row-bg-none fl-node-67074e94d183e\" data-node=\"67074e94d183e\">\n<div class=\"fl-row-content-wrap\">\n<div class=\"fl-row-content fl-row-full-width fl-node-content\">\n<div class=\"fl-col-group fl-node-67074f0a0cadf\" data-node=\"67074f0a0cadf\">\n<div class=\"fl-col fl-node-67074f0a0cc98\" data-node=\"67074f0a0cc98\" style=\"width: 100%;\">\n<div class=\"fl-col-content fl-node-content\">\n<div class=\"fl-module fl-module-rich-text fl-node-67074f0a0c992\" data-animation-delay=\"0.0\" data-node=\"67074f0a0c992\">\n<div class=\"fl-module-content fl-node-content\">\n<div class=\"fl-rich-text\">\n<p><span style=\"font-family: arial, helvetica, sans-serif; font-size: medium;\">The Carbon Carbon Composites offered by Semicera are engineered to deliver exceptional performance in high-temperature and high-stress environments. These advanced materials, also known as Reinforced Carbon&ndash;Carbon Composites (RCC), provide superior strength, thermal stability, and resistance to oxidation, making them ideal for a range of demanding applications, from aerospace to industrial machinery.<\/span><\/p>\n<p><span style=\"font-family: arial, helvetica, sans-serif; font-size: medium;\">Semicera&rsquo;s Carbon Carbon Composites are produced using high-quality carbon carbon fiber, delivering a combination of lightweight properties and high strength. This makes them particularly suited for applications requiring materials that can withstand extreme heat and stress, such as in space vehicles, high-performance brake systems, and specialized industrial components.<\/span><\/p>\n<p><span style=\"font-family: arial, helvetica, sans-serif; font-size: medium;\">The structure of C-C composites is reinforced through the use of carbon fiber-reinforced carbon (CFRC), ensuring the materials maintain their integrity even in extreme conditions. The composition of carbon carbon materials and composites from Semicera also provides high durability and oxidation resistance, extending the lifespan of the components made from them.<\/span><\/p>\n<p><span style=\"font-family: arial, helvetica, sans-serif; font-size: medium;\">These Carbon Carbon Composites are an essential choice for industries requiring materials that balance strength, heat resistance, and weight, making them a top option for critical applications. Whether you need C-C composites for aerospace, automotive, or industrial uses, Semicera&rsquo;s products ensure top-tier performance.<\/span><\/p>\n<\/p><\/div>\n<\/p><\/div>\n<\/p><\/div>\n<\/p><\/div>\n<\/p><\/div>\n<\/p><\/div>\n<div class=\"fl-col-group fl-node-67074e94d1882\" data-node=\"67074e94d1882\">\n<div class=\"fl-col fl-node-67074e94d18c5\" data-node=\"67074e94d18c5\" style=\"width: 100%;\">\n<div class=\"fl-col-content fl-node-content\">\n<div class=\"fl-module fl-module-rich-text fl-node-67074e94d1906\" data-animation-delay=\"0.0\" data-node=\"67074e94d1906\">\n<div class=\"fl-module-content fl-node-content\">\n<div class=\"fl-rich-text\">\n<table border=\"0\" cellspacing=\"0\">\n<tbody>\n<tr>\n<td colspan=\"3\" valign=\"center\" width=\"615\">\n<p align=\"center\"><b>Technische Daten von Kohlenstoff\/Kohlenstoffverbundstoff<\/b><\/p>\n<\/td>\n<td valign=\"center\" width=\"10\">\n<p>&nbsp;<\/p>\n<\/td>\n<\/tr>\n<tr>\n<td valign=\"center\" width=\"205\">\n<p>Index<\/p>\n<\/td>\n<td valign=\"center\" width=\"126\">\n<p align=\"center\">Einheit<\/p>\n<\/td>\n<td valign=\"center\" width=\"283\">\n<p align=\"center\">Wert<\/p>\n<\/td>\n<td valign=\"center\" width=\"10\">\n<p>&nbsp;<\/p>\n<\/td>\n<\/tr>\n<tr>\n<td valign=\"center\" width=\"205\">\n<p>Sch\u00fcttdichte<\/p>\n<\/td>\n<td valign=\"center\" width=\"126\">\n<p align=\"center\">g\/cm3<\/p>\n<\/td>\n<td valign=\"center\" width=\"283\">\n<p align=\"center\">1.40~1.50<\/p>\n<\/td>\n<td valign=\"center\" width=\"10\">\n<p>&nbsp;<\/p>\n<\/td>\n<\/tr>\n<tr>\n<td valign=\"center\" width=\"205\">\n<p>Kohlenstoffgehalt<\/p>\n<\/td>\n<td valign=\"center\" width=\"126\">\n<p align=\"center\">%<\/p>\n<\/td>\n<td valign=\"center\" width=\"283\">\n<p align=\"center\">&ge;98.5~99.9<\/p>\n<\/td>\n<td valign=\"center\" width=\"10\">\n<p>&nbsp;<\/p>\n<\/td>\n<\/tr>\n<tr>\n<td valign=\"center\" width=\"205\">\n<p>Asche<\/p>\n<\/td>\n<td valign=\"center\" width=\"126\">\n<p align=\"center\">Ppm<\/p>\n<\/td>\n<td valign=\"center\" width=\"283\">\n<p align=\"center\">&le;65<\/p>\n<\/td>\n<td valign=\"center\" width=\"10\">\n<p>&nbsp;<\/p>\n<\/td>\n<\/tr>\n<tr>\n<td valign=\"center\" width=\"205\">\n<p>Thermal conductivity (1150&#8451;)<\/p>\n<\/td>\n<td valign=\"center\" width=\"126\">\n<p align=\"center\">W\/mk<\/p>\n<\/td>\n<td valign=\"center\" width=\"283\">\n<p align=\"center\">10~30<\/p>\n<\/td>\n<td valign=\"center\" width=\"10\">\n<p>&nbsp;<\/p>\n<\/td>\n<\/tr>\n<tr>\n<td valign=\"center\" width=\"205\">\n<p>Zugfestigkeit<\/p>\n<\/td>\n<td valign=\"center\" width=\"126\">\n<p align=\"center\">MPA<\/p>\n<\/td>\n<td valign=\"center\" width=\"283\">\n<p align=\"center\">90~130<\/p>\n<\/td>\n<td valign=\"center\" width=\"10\">\n<p>&nbsp;<\/p>\n<\/td>\n<\/tr>\n<tr>\n<td valign=\"center\" width=\"205\">\n<p>Biegerst\u00e4rke<\/p>\n<\/td>\n<td valign=\"center\" width=\"126\">\n<p align=\"center\">MPA<\/p>\n<\/td>\n<td valign=\"center\" width=\"283\">\n<p align=\"center\">100~150<\/p>\n<\/td>\n<td valign=\"center\" width=\"10\">\n<p>&nbsp;<\/p>\n<\/td>\n<\/tr>\n<tr>\n<td valign=\"center\" width=\"205\">\n<p>Druckfestigkeit<\/p>\n<\/td>\n<td valign=\"center\" width=\"126\">\n<p align=\"center\">MPA<\/p>\n<\/td>\n<td valign=\"center\" width=\"283\">\n<p align=\"center\">130~170<\/p>\n<\/td>\n<td valign=\"center\" width=\"10\">\n<p>&nbsp;<\/p>\n<\/td>\n<\/tr>\n<tr>\n<td valign=\"center\" width=\"205\">\n<p>Scherfestigkeit<\/p>\n<\/td>\n<td valign=\"center\" width=\"126\">\n<p align=\"center\">MPA<\/p>\n<\/td>\n<td valign=\"center\" width=\"283\">\n<p align=\"center\">50~60<\/p>\n<\/td>\n<td valign=\"center\" width=\"10\">\n<p>&nbsp;<\/p>\n<\/td>\n<\/tr>\n<tr>\n<td valign=\"center\" width=\"205\">\n<p>Interlaminare Scherfestigkeit<\/p>\n<\/td>\n<td valign=\"center\" width=\"126\">\n<p align=\"center\">MPA<\/p>\n<\/td>\n<td valign=\"center\" width=\"283\">\n<p align=\"center\">&ge;13<\/p>\n<\/td>\n<td valign=\"center\" width=\"10\">\n<p>&nbsp;<\/p>\n<\/td>\n<\/tr>\n<tr>\n<td valign=\"center\" width=\"205\">\n<p>Elektrischer Widerstand<\/p>\n<\/td>\n<td valign=\"center\" width=\"126\">\n<p align=\"center\">&Omega;.mm2\/m<\/p>\n<\/td>\n<td valign=\"center\" width=\"283\">\n<p align=\"center\">30~43<\/p>\n<\/td>\n<td valign=\"center\" width=\"10\">\n<p>&nbsp;<\/p>\n<\/td>\n<\/tr>\n<tr>\n<td valign=\"center\" width=\"205\">\n<p>W\u00e4rmeleitkoeffizient<\/p>\n<\/td>\n<td valign=\"center\" width=\"126\">\n<p align=\"center\">106\/K<\/p>\n<\/td>\n<td valign=\"center\" width=\"283\">\n<p align=\"center\">0.3~1.2<\/p>\n<\/td>\n<td valign=\"center\" width=\"10\">\n<p>&nbsp;<\/p>\n<\/td>\n<\/tr>\n<tr>\n<td valign=\"center\" width=\"205\">\n<p>Verarbeitungstemperatur<\/p>\n<\/td>\n<td valign=\"center\" width=\"126\">\n<p align=\"center\">&#8451;<\/p>\n<\/td>\n<td valign=\"center\" width=\"283\">\n<p align=\"center\">&ge;2400&#8451;<\/p>\n<\/td>\n<td valign=\"center\" width=\"10\">\n<p>&nbsp;<\/p>\n<\/td>\n<\/tr>\n<tr>\n<td colspan=\"3\" rowspan=\"2\" valign=\"center\" width=\"615\">\n<p>Milit\u00e4rqualit\u00e4t, vollst\u00e4ndige chemische Dampfablagerungsofenablagerung, importierte Toray Carbonfaser T700 vorgewob<br \/>Materialspezifikationen: Maximaler Au\u00dfendurchmesser 2000 mm, Wandst\u00e4rke 8-25 mm, H\u00f6he 1600 mm<\/p>\n<\/td>\n<td valign=\"center\">\n<p>&nbsp;<\/p>\n<\/td>\n<\/tr>\n<tr>\n<td valign=\"center\">&nbsp;<\/td>\n<\/tr>\n<\/tbody>\n<\/table><\/div>\n<\/p><\/div>\n<\/p><\/div>\n<\/p><\/div>\n<\/p><\/div>\n<\/p><\/div>\n<div class=\"fl-col-group fl-node-67074ff1489b9\" data-node=\"67074ff1489b9\">\n<div class=\"fl-col fl-node-67074ff148c40\" data-node=\"67074ff148c40\" style=\"width: 100%;\">\n<div class=\"fl-col-content fl-node-content\">\n<div class=\"fl-module fl-module-photo fl-node-67074fd2e640f\" data-animation-delay=\"0.0\" data-node=\"67074fd2e640f\">\n<div class=\"fl-module-content fl-node-content\">\n<div class=\"fl-photo fl-photo-align-center\" itemscope=\"\" itemtype=\"http:\/\/schema.org\/ImageObject\">\n<div class=\"fl-photo-content fl-photo-img-png\"> <img decoding=\"async\" alt=\"format_webp-2\" class=\"fl-photo-img wp-image-11179\" itemprop=\"image\" src=\"\/wp-content\/uploads\/2025\/09\/6477f956dac6a75b.webp\"> <\/div>\n<\/p><\/div>\n<\/p><\/div>\n<\/p><\/div>\n<\/p><\/div>\n<\/p><\/div>\n<\/p><\/div>\n<div class=\"fl-col-group fl-node-67074e94d1a0e\" data-node=\"67074e94d1a0e\">\n<div class=\"fl-col fl-node-67074e94d1a4e\" data-node=\"67074e94d1a4e\" style=\"width: 100%;\">\n<div class=\"fl-col-content fl-node-content\">\n<div class=\"fl-module fl-module-rich-text fl-node-67074e94d19cd\" data-animation-delay=\"0.0\" data-node=\"67074e94d19cd\">\n<div class=\"fl-module-content fl-node-content\">\n<div class=\"fl-rich-text\">\n<p><b>Kohlenstoffkarbonverbundwerkstoffe:<\/b><br \/>Carbon carbon composites&nbsp;(Carbon-fiber-reinforced carbon composites) (CFC) is a kind of material formed by high strength carbon fiber and carbon matrix after graphitization enhancement processing.<\/p>\n<\/p><\/div>\n<\/p><\/div>\n<\/p><\/div>\n<\/p><\/div>\n<\/p><\/div>\n<\/p><\/div>\n<div class=\"fl-col-group fl-node-67074e94d1a8e\" data-node=\"67074e94d1a8e\">\n<div class=\"fl-col fl-node-67074e94d1acf fl-col-small\" data-node=\"67074e94d1acf\" style=\"width: 50%;\">\n<div class=\"fl-col-content fl-node-content\">\n<div class=\"fl-module fl-module-rich-text fl-node-67074e94d1947\" data-animation-delay=\"0.0\" data-node=\"67074e94d1947\">\n<div class=\"fl-module-content fl-node-content\">\n<div class=\"fl-rich-text\">\n<p>Es kann in der Hochtemperaturumgebung verschiedener Struktur, Heizung und Schiff h\u00e4ufig verwendet werden. Im Vergleich zu den traditionellen technischen Materialien hat Carbon Carbon Composite die folgenden Vorteile:<\/p>\n<p>1) hohe St\u00e4rke<\/p>\n<p>2) High temperature up to 2000&#8451;<\/p>\n<p>3) W\u00e4rmeschockwiderstand<\/p>\n<p>4) Niedrigere W\u00e4rmeausdehnung<\/p>\n<p>5) Kleine W\u00e4rmeleistung<\/p>\n<p>6) Ausgezeichnete Korrosionsbest\u00e4ndigkeit und Strahlungsbest\u00e4ndigkeit<\/p>\n<\/p><\/div>\n<\/p><\/div>\n<\/p><\/div>\n<\/p><\/div>\n<\/p><\/div>\n<div class=\"fl-col fl-node-67074e94d1b0f fl-col-small\" data-node=\"67074e94d1b0f\" style=\"width: 50%;\">\n<div class=\"fl-col-content fl-node-content\">\n<div class=\"fl-module fl-module-rich-text fl-node-67074e94d1987\" data-animation-delay=\"0.0\" data-node=\"67074e94d1987\">\n<div class=\"fl-module-content fl-node-content\">\n<div class=\"fl-rich-text\">\n<p><b>Anwendung:<\/b><br \/>1. Luft- und Raumfahrt. Aufgrund des Verbundmaterials weist eine gute thermische Stabilit\u00e4t, eine hohe spezifische Festigkeit und Steifheit auf. Es kann f\u00fcr die Herstellung von Flugzeugbremsen, Fl\u00fcgel und Rumpf, Satellitenantenne und St\u00fctzstruktur, Sonnenfl\u00fcgel und H\u00fclle, gro\u00dfe Tr\u00e4gerraketenschale, Motorschale usw. verwendet werden.<\/p>\n<p>2. Die Automobilindustrie.<\/p>\n<p>3. Das medizinische Bereich.<\/p>\n<p>4. W\u00e4rmeinssierung<\/p>\n<p>5. Heizeinheit<\/p>\n<p>6. Ray-Insulation<\/p>\n<\/p><\/div>\n<\/p><\/div>\n<\/p><\/div>\n<\/p><\/div>\n<\/p><\/div>\n<\/p><\/div>\n<\/p><\/div>\n<\/p><\/div>\n<\/p><\/div>\n<div class=\"fl-row fl-row-full-width fl-row-bg-none fl-node-67074fc0a96c1\" data-node=\"67074fc0a96c1\">\n<div class=\"fl-row-content-wrap\">\n<div class=\"fl-row-content fl-row-full-width fl-node-content\">\n<div class=\"fl-col-group fl-node-67074fc0a9704\" data-node=\"67074fc0a9704\">\n<div class=\"fl-col fl-node-67074fc0a9745\" data-node=\"67074fc0a9745\" style=\"width: 100%;\">\n<div class=\"fl-col-content fl-node-content\">\n<div class=\"fl-module fl-module-photo fl-node-67074fc0a9785\" data-animation-delay=\"0.0\" data-node=\"67074fc0a9785\">\n<div class=\"fl-module-content fl-node-content\">\n<div class=\"fl-photo fl-photo-align-center\" itemscope=\"\" itemtype=\"http:\/\/schema.org\/ImageObject\">\n<div class=\"fl-photo-content fl-photo-img-jpg\"> <img decoding=\"async\" alt=\"SEMICERA -Arbeitsplatz\" class=\"fl-photo-img wp-image-9038\" itemprop=\"image\" src=\"\/wp-content\/uploads\/2025\/09\/b1dd0bcab1675ff4.webp\"> <\/div>\n<\/p><\/div>\n<\/p><\/div>\n<\/p><\/div>\n<div class=\"fl-module fl-module-photo fl-node-67074fc0a98c5\" data-animation-delay=\"0.0\" data-node=\"67074fc0a98c5\">\n<div class=\"fl-module-content fl-node-content\">\n<div class=\"fl-photo fl-photo-align-center\" itemscope=\"\" itemtype=\"http:\/\/schema.org\/ImageObject\">\n<div class=\"fl-photo-content fl-photo-img-jpg\"> <img decoding=\"async\" alt=\"Semizelle Arbeitsplatz 2\" class=\"fl-photo-img wp-image-9037\" itemprop=\"image\" src=\"\/wp-content\/uploads\/2025\/09\/2b946d2b4b61306d.webp\"> <\/div>\n<\/p><\/div>\n<\/p><\/div>\n<\/p><\/div>\n<div class=\"fl-module fl-module-photo fl-node-67074fc0a9885\" data-animation-delay=\"0.0\" data-node=\"67074fc0a9885\">\n<div class=\"fl-module-content fl-node-content\">\n<div class=\"fl-photo fl-photo-align-center\" itemscope=\"\" itemtype=\"http:\/\/schema.org\/ImageObject\">\n<div class=\"fl-photo-content fl-photo-img-jpg\"> <img decoding=\"async\" alt=\"Ausr\u00fcstungsmaschine\" class=\"fl-photo-img wp-image-9034 size-full\" itemprop=\"image\" src=\"\/wp-content\/uploads\/2025\/09\/081b6529d68ead23.webp\"> <\/div>\n<\/p><\/div>\n<\/p><\/div>\n<\/p><\/div>\n<div class=\"fl-module fl-module-photo fl-node-67074fc0a9845\" data-animation-delay=\"0.0\" data-node=\"67074fc0a9845\">\n<div class=\"fl-module-content fl-node-content\">\n<div class=\"fl-photo fl-photo-align-center\" itemscope=\"\" itemtype=\"http:\/\/schema.org\/ImageObject\">\n<div class=\"fl-photo-content fl-photo-img-jpg\"> <img decoding=\"async\" alt=\"CNN -Verarbeitung, chemische Reinigung, CVD -Beschichtung\" class=\"fl-photo-img wp-image-9033\" itemprop=\"image\" src=\"\/wp-content\/uploads\/2025\/09\/a4132b2b399abbac.webp\"> <\/div>\n<\/p><\/div>\n<\/p><\/div>\n<\/p><\/div>\n<div class=\"fl-module fl-module-photo fl-node-67074fc0a9805\" data-animation-delay=\"0.0\" data-node=\"67074fc0a9805\">\n<div class=\"fl-module-content fl-node-content\">\n<div class=\"fl-photo fl-photo-align-center\" itemscope=\"\" itemtype=\"http:\/\/schema.org\/ImageObject\">\n<div class=\"fl-photo-content fl-photo-img-jpg\"> <img decoding=\"async\" alt=\"Semizera Ware House\" class=\"fl-photo-img wp-image-9036\" itemprop=\"image\" src=\"\/wp-content\/uploads\/2025\/09\/2190bb9ce5c1d546.webp\"> <\/div>\n<\/p><\/div>\n<\/p><\/div>\n<\/p><\/div>\n<div class=\"fl-module fl-module-photo fl-node-67074fc0a97c5\" data-animation-delay=\"0.0\" data-node=\"67074fc0a97c5\">\n<div class=\"fl-module-content fl-node-content\">\n<div class=\"fl-photo fl-photo-align-center\" itemscope=\"\" itemtype=\"http:\/\/schema.org\/ImageObject\">\n<div class=\"fl-photo-content fl-photo-img-jpg\"> <img decoding=\"async\" alt=\"Unser Service\" class=\"fl-photo-img wp-image-9035\" itemprop=\"image\" src=\"\/wp-content\/uploads\/2025\/09\/b07f222c0ec0ab8d.webp\"> <\/div>\n<\/p><\/div>\n<\/p><\/div>\n<\/p><\/div>\n<\/p><\/div>\n<\/p><\/div>\n<\/p><\/div>\n<\/p><\/div>\n<\/p><\/div>\n<\/p><\/div>\n<\/div>","protected":false},"excerpt":{"rendered":"<p><?xml encoding=\"utf-8\" ?><\/p>\n<p>Semicera offers high-performance carbon-carbon composites designed for applications that require superior strength and thermal stability. These advanced materials are well suited for extreme environments, with exceptional durability and oxidation resistance. These composites maintain integrity under high pressure and temperature, making them a reliable choice for critical applications. Trust Semicera to provide innovative carbon-based material solutions. We look forward to being your long-term partner in China.<\/p>","protected":false},"featured_media":505,"comment_status":"closed","ping_status":"open","template":"","meta":[],"product_brand":[],"product_cat":[29,43],"product_tag":[],"class_list":{"0":"post-1346","1":"product","2":"type-product","3":"status-publish","4":"has-post-thumbnail","6":"product_cat-carbon-fiber","7":"product_cat-soft-felt","9":"first","10":"instock","11":"product-type-simple"},"_links":{"self":[{"href":"https:\/\/www.cn-semiconductorparts.com\/de\/wp-json\/wp\/v2\/product\/1346","targetHints":{"allow":["GET"]}}],"collection":[{"href":"https:\/\/www.cn-semiconductorparts.com\/de\/wp-json\/wp\/v2\/product"}],"about":[{"href":"https:\/\/www.cn-semiconductorparts.com\/de\/wp-json\/wp\/v2\/types\/product"}],"replies":[{"embeddable":true,"href":"https:\/\/www.cn-semiconductorparts.com\/de\/wp-json\/wp\/v2\/comments?post=1346"}],"wp:featuredmedia":[{"embeddable":true,"href":"https:\/\/www.cn-semiconductorparts.com\/de\/wp-json\/wp\/v2\/media\/505"}],"wp:attachment":[{"href":"https:\/\/www.cn-semiconductorparts.com\/de\/wp-json\/wp\/v2\/media?parent=1346"}],"wp:term":[{"taxonomy":"product_brand","embeddable":true,"href":"https:\/\/www.cn-semiconductorparts.com\/de\/wp-json\/wp\/v2\/product_brand?post=1346"},{"taxonomy":"product_cat","embeddable":true,"href":"https:\/\/www.cn-semiconductorparts.com\/de\/wp-json\/wp\/v2\/product_cat?post=1346"},{"taxonomy":"product_tag","embeddable":true,"href":"https:\/\/www.cn-semiconductorparts.com\/de\/wp-json\/wp\/v2\/product_tag?post=1346"}],"curies":[{"name":"wp","href":"https:\/\/api.w.org\/{rel}","templated":true}]}}