{"id":1359,"date":"2025-09-11T05:28:39","date_gmt":"2025-09-11T05:28:39","guid":{"rendered":"https:\/\/weitai2.globaldeepsea.site\/product\/graphite-three-petal-crucible-for-semiconductor-crystal-growth\/"},"modified":"2026-04-29T15:33:59","modified_gmt":"2026-04-29T07:33:59","slug":"graphite-three-petal-crucible-for-semiconductor-crystal-growth","status":"publish","type":"product","link":"https:\/\/www.cn-semiconductorparts.com\/de\/product\/graphite-three-petal-crucible-for-semiconductor-crystal-growth\/","title":{"rendered":"Graphite three-petal crucible for semiconductor crystal growth"},"content":{"rendered":"<p><?xml encoding=\"utf-8\" ?><\/p>\n<div class=\"fl-builder-content fl-builder-content-11100 fl-builder-content-primary fl-builder-global-templates-locked\" data-post-id=\"11100\">\n<div class=\"fl-row fl-row-full-width fl-row-bg-none fl-node-66fa691235763\" data-node=\"66fa691235763\">\n<div class=\"fl-row-content-wrap\">\n<div class=\"fl-row-content fl-row-full-width fl-node-content\">\n<div class=\"fl-col-group fl-node-66fa6912358e8\" data-node=\"66fa6912358e8\">\n<div class=\"fl-col fl-node-66fa69123592b\" data-node=\"66fa69123592b\" style=\"width: 100%;\">\n<div class=\"fl-col-content fl-node-content\">\n<div class=\"fl-module fl-module-rich-text fl-node-66fa699ed46eb\" data-animation-delay=\"0.0\" data-node=\"66fa699ed46eb\">\n<div class=\"fl-module-content fl-node-content\">\n<div class=\"fl-rich-text\">\n<p><span style=\"font-family: arial, helvetica, sans-serif; font-size: medium;\"><span style=\"color: #ff0000;\">Graphite three-petal crucible<\/span> for semiconductor crystal growth: Made of high-purity raw materials and manufactured through precision technology, it has excellent high temperature resistance, corrosion resistance, and thermal conductivity. During high-temperature use, the thermal expansion coefficient is small, and it has a certain resistance to strain against rapid heating and cooling. It has strong corrosion resistance to acid and alkaline solutions and excellent chemical stability.<\/span><\/p>\n<p><span style=\"font-family: arial, helvetica, sans-serif; font-size: medium;\">In semicera&#8217;s product line, we introduce <span style=\"color: #ff0000;\">Isostatic Graphite<\/span> Components designed for semiconductor crystal growth.<\/span><\/p>\n<p><span style=\"font-family: arial, helvetica, sans-serif; font-size: medium;\">At semicera, we prioritize quality and innovation. Our crucibles are coated with <span style=\"color: #ff0000;\">CVD sic<\/span>, which significantly increases their durability and lifespan. This cutting-edge coating further enhances their resistance to harsh chemical environments, making them the ultimate choice for semiconductor manufacturing.<\/span><\/p>\n<p><span style=\"font-family: arial, helvetica, sans-serif; font-size: medium;\">To meet the demanding requirements of the semiconductor industry for precision crystal growth, we have used advanced material processes to ensure that the <span style=\"color: #ff0000;\">Graphite three-petal crucible<\/span> performs well in different environments. This product not only carries the semicera brand name, but also reflects our commitment to technological innovation and quality excellence.<\/span><\/p>\n<p><span style=\"font-family: arial, helvetica, sans-serif; font-size: medium;\">The Graphite three-petal crucible is not only designed with ingenuity, but also undergoes strict quality control and testing to ensure that every product meets the highest standards. Whether in laboratory research or industrial applications, our Graphite three-petal crucible can perform stably and reliably to help you achieve a higher level of semiconductor crystal growth.<\/span><\/p>\n<p><span style=\"font-family: arial, helvetica, sans-serif; font-size: medium;\">When you choose the Graphite three-petal crucible from semicera, you not only get excellent performance, but also trust in innovative technology. Experience our products now and experience the endless possibilities brought by excellent quality!<\/span><\/p>\n<\/p><\/div>\n<\/p><\/div>\n<\/p><\/div>\n<div class=\"fl-module fl-module-heading fl-node-66fa69123596d\" data-animation-delay=\"0.0\" data-node=\"66fa69123596d\">\n<div class=\"fl-module-content fl-node-content\">\n<h3 class=\"fl-heading\"> <span class=\"fl-heading-text\">Die Hauptprodukte von Semizera sind feines Partikel, das isostatisch gepresstes Graphit, das in Halbleitern verwendet wird. Die grundlegenden Informationen \u00fcber die fortschrittlichsten deutschen SGL- und japanischen Toyo -Carbonprodukte der Welt sind wie folgt:<\/span> <\/h3>\n<\/p><\/div>\n<\/p><\/div>\n<\/p><\/div>\n<\/p><\/div>\n<\/p><\/div>\n<div class=\"fl-col-group fl-node-66fa691235828\" data-node=\"66fa691235828\">\n<div class=\"fl-col fl-node-66fa691235868\" data-node=\"66fa691235868\" style=\"width: 100%;\">\n<div class=\"fl-col-content fl-node-content\">\n<div class=\"fl-module fl-module-rich-text fl-node-66fa6912358a8\" data-animation-delay=\"0.0\" data-node=\"66fa6912358a8\">\n<div class=\"fl-module-content fl-node-content\">\n<div class=\"fl-rich-text\">\n<table border=\"1\" cellspacing=\"0\">\n<tbody>\n<tr>\n<td style=\"text-align: center;\" valign=\"top\" width=\"262\"><strong>Leistungsparameter<\/strong><\/td>\n<td style=\"text-align: center;\" valign=\"top\" width=\"62\"><strong>Semizelle<\/strong><\/td>\n<td style=\"text-align: center;\" valign=\"top\" width=\"142\"><strong>SGL R6510<\/strong><\/td>\n<td style=\"text-align: center;\" valign=\"top\" width=\"142\"><strong>Toyo Ig310<\/strong><\/td>\n<\/tr>\n<tr>\n<td valign=\"top\" width=\"262\">\n<p style=\"text-align: center;\"><span style=\"font-family: Calibri;\">Sch\u00fcttdichte (g\/cm3)<\/span><\/p>\n<\/td>\n<td style=\"text-align: center;\" valign=\"top\" width=\"62\">\n<p align=\"center\"><span style=\"font-family: Calibri;\">1.91<\/span><\/p>\n<\/td>\n<td style=\"text-align: center;\" valign=\"top\" width=\"142\">\n<p align=\"center\"><span style=\"font-family: Calibri;\">1.83<\/span><\/p>\n<\/td>\n<td style=\"text-align: center;\" valign=\"top\" width=\"142\">\n<p align=\"center\"><span style=\"font-family: Calibri;\">1.85<\/span><\/p>\n<\/td>\n<\/tr>\n<tr>\n<td valign=\"top\" width=\"262\">\n<p style=\"text-align: center;\"><span style=\"font-family: Calibri;\">Biegest\u00e4rke (MPA)<\/span><\/p>\n<\/td>\n<td valign=\"top\" width=\"62\">\n<p align=\"center\" style=\"text-align: center;\"><span style=\"font-family: Calibri;\">8-10<\/span><\/p>\n<\/td>\n<td valign=\"top\" width=\"142\">\n<p align=\"center\"><span style=\"font-family: Calibri;\">60<\/span><\/p>\n<\/td>\n<td valign=\"top\" width=\"142\">\n<p align=\"center\"><span style=\"font-family: Calibri;\">49<\/span><\/p>\n<\/td>\n<\/tr>\n<tr>\n<td valign=\"top\" width=\"262\">\n<p style=\"text-align: center;\"><span style=\"font-family: Calibri;\">Druckfestigkeit (MPA)<\/span><\/p>\n<\/td>\n<td valign=\"top\" width=\"62\">\n<p align=\"center\" style=\"text-align: center;\"><span style=\"font-family: Calibri;\">135<\/span><\/p>\n<\/td>\n<td valign=\"top\" width=\"142\">\n<p align=\"center\"><span style=\"font-family: Calibri;\">130<\/span><\/p>\n<\/td>\n<td valign=\"top\" width=\"142\">\n<p align=\"center\"><span style=\"font-family: Calibri;\">103<\/span><\/p>\n<\/td>\n<\/tr>\n<tr>\n<td valign=\"top\" width=\"262\">\n<p style=\"text-align: center;\"><span style=\"font-family: Calibri;\">K\u00fcstenh\u00e4rte (HS)<\/span><\/p>\n<\/td>\n<td valign=\"top\" width=\"62\">\n<p align=\"center\" style=\"text-align: center;\"><span style=\"font-family: Calibri;\">70<\/span><\/p>\n<\/td>\n<td valign=\"top\" width=\"142\">\n<p align=\"center\"><span style=\"font-family: Calibri;\">64<\/span><\/p>\n<\/td>\n<td valign=\"top\" width=\"142\">\n<p align=\"center\"><span style=\"font-family: Calibri;\">60<\/span><\/p>\n<\/td>\n<\/tr>\n<tr>\n<td valign=\"top\" width=\"262\">\n<p style=\"text-align: center;\"><span style=\"font-family: Calibri;\">W\u00e4rmeleitf\u00e4higkeit <\/span>(W\/m&middot;K)<\/p>\n<\/td>\n<td valign=\"top\" width=\"62\">\n<p align=\"center\" style=\"text-align: center;\"><span style=\"font-family: Calibri;\">85<\/span><\/p>\n<\/td>\n<td valign=\"top\" width=\"142\">\n<p align=\"center\"><span style=\"font-family: Calibri;\">105<\/span><\/p>\n<\/td>\n<td valign=\"top\" width=\"142\">\n<p align=\"center\"><span style=\"font-family: Calibri;\">130<\/span><\/p>\n<\/td>\n<\/tr>\n<tr>\n<td valign=\"top\" width=\"262\">\n<p style=\"text-align: center;\"><span style=\"font-family: Calibri;\">W\u00e4rmeleitkoeffizient<\/span><span style=\"font-family: &#23435;&#20307;;\">&#65288;<\/span>10-6\/K<span style=\"font-family: &#23435;&#20307;;\">&#65289;<\/span><\/p>\n<\/td>\n<td valign=\"top\" width=\"62\">\n<p align=\"center\" style=\"text-align: center;\"><span style=\"font-family: Calibri;\">5.85<\/span><\/p>\n<\/td>\n<td valign=\"top\" width=\"142\">\n<p align=\"center\"><span style=\"font-family: Calibri;\">4.2<\/span><\/p>\n<\/td>\n<td valign=\"top\" width=\"142\">\n<p align=\"center\"><span style=\"font-family: Calibri;\">5.0<\/span><\/p>\n<\/td>\n<\/tr>\n<tr>\n<td valign=\"top\" width=\"262\">\n<p style=\"text-align: center;\"><span style=\"font-family: Calibri;\">Widerstand (<\/span><span style=\"font-family: &#23435;&#20307;;\">&mu;&Omega;<\/span><span style=\"font-family: Calibri;\">M)<\/span><\/p>\n<\/td>\n<td valign=\"top\" width=\"62\">\n<p align=\"center\" style=\"text-align: center;\"><span style=\"font-family: Calibri;\">11-13<\/span><\/p>\n<\/td>\n<td valign=\"top\" width=\"142\">\n<p align=\"center\"><span style=\"font-family: Calibri;\">13<\/span><\/p>\n<\/td>\n<td valign=\"top\" width=\"142\">\n<p align=\"center\"><span style=\"font-family: Calibri;\">10<\/span><\/p>\n<\/td>\n<\/tr>\n<\/tbody>\n<\/table><\/div>\n<\/p><\/div>\n<\/p><\/div>\n<\/p><\/div>\n<\/p><\/div>\n<\/p><\/div>\n<div class=\"fl-col-group fl-node-66fa6912359ad\" data-node=\"66fa6912359ad\">\n<div class=\"fl-col fl-node-66fa691235a6d fl-col-small\" data-node=\"66fa691235a6d\" style=\"width: 50%;\">\n<div class=\"fl-col-content fl-node-content\">\n<div class=\"fl-module fl-module-rich-text fl-node-66fa6912357a7\" data-animation-delay=\"0.0\" data-node=\"66fa6912357a7\">\n<div class=\"fl-module-content fl-node-content\">\n<div class=\"fl-rich-text\">\n<p><strong>Leistungsvorteil:<\/strong><br \/>1.Die Struktur ist fein und dicht und die Einheitlichkeit ist gut.<br \/>2. Leuchten Sie die thermische Expansion, ausgezeichnete thermische Schockwiderstand;<br \/>3.Isotropy;<br \/>4. Strong chemischer Resistenz;<br \/>5. gute thermische und elektrische Leitf\u00e4higkeit;<br \/>6. Es hat ausgezeichnete Bearbeitungseigenschaften.<\/p>\n<\/p><\/div>\n<\/p><\/div>\n<\/p><\/div>\n<\/p><\/div>\n<\/p><\/div>\n<div class=\"fl-col fl-node-66fa6912359ed fl-col-small\" data-node=\"66fa6912359ed\" style=\"width: 50%;\">\n<div class=\"fl-col-content fl-node-content\">\n<div class=\"fl-module fl-module-rich-text fl-node-66fa691235a2d\" data-animation-delay=\"0.0\" data-node=\"66fa691235a2d\">\n<div class=\"fl-module-content fl-node-content\">\n<div class=\"fl-rich-text\">\n<p><strong>Schl\u00fcsselmaterialien f\u00fcr die zeitgen\u00f6ssische Industrie<\/strong><br \/>1. Halbleiterindustrie<br \/>2. Solarenergieindustrie<br \/>3. Luft- und Raumfahrtindustrie<br \/>4. Die Nuklearindustrie<\/p>\n<\/p><\/div>\n<\/p><\/div>\n<\/p><\/div>\n<\/p><\/div>\n<\/p><\/div>\n<\/p><\/div>\n<div class=\"fl-col-group fl-node-66fa691235bae\" data-node=\"66fa691235bae\">\n<div class=\"fl-col fl-node-66fa691235bf5\" data-node=\"66fa691235bf5\" style=\"width: 100%;\">\n<div class=\"fl-col-content fl-node-content\">\n<div class=\"fl-module fl-module-rich-text fl-node-66fa691235c36\" data-animation-delay=\"0.0\" data-node=\"66fa691235c36\">\n<div class=\"fl-module-content fl-node-content\">\n<div class=\"fl-rich-text\">\n<p>Das isostatisch gepresste Graphitprojekt von Semicera hat die Massenproduktion durchlaufen, um eine hohe Dichte, hohe Reinheit, hohe Festigkeit und gro\u00dfe Graphitprodukte zu erhalten<\/p>\n<\/p><\/div>\n<\/p><\/div>\n<\/p><\/div>\n<\/p><\/div>\n<\/p><\/div>\n<\/p><\/div>\n<div class=\"fl-col-group fl-node-66fa691235aad\" data-node=\"66fa691235aad\">\n<div class=\"fl-col fl-node-66fa691235aed fl-col-small\" data-node=\"66fa691235aed\" style=\"width: 50%;\">\n<div class=\"fl-col-content fl-node-content\">\n<div class=\"fl-module fl-module-photo fl-node-66fa6912357e7\" data-animation-delay=\"0.0\" data-node=\"66fa6912357e7\">\n<div class=\"fl-module-content fl-node-content\">\n<div class=\"fl-photo fl-photo-align-center\" itemscope=\"\" itemtype=\"http:\/\/schema.org\/ImageObject\">\n<div class=\"fl-photo-content fl-photo-img-png\"> <img decoding=\"async\" alt=\"Isostatische Graphitkomponenten (1)\" class=\"fl-photo-img wp-image-5649 size-full\" itemprop=\"image\" src=\"\/wp-content\/uploads\/2025\/09\/fb59b70f304595dc.webp\"> <\/div>\n<\/p><\/div>\n<\/p><\/div>\n<\/p><\/div>\n<\/p><\/div>\n<\/p><\/div>\n<div class=\"fl-col fl-node-66fa691235b2d fl-col-small\" data-node=\"66fa691235b2d\" style=\"width: 50%;\">\n<div class=\"fl-col-content fl-node-content\">\n<div class=\"fl-module fl-module-photo fl-node-66fa691235b6d\" data-animation-delay=\"0.0\" data-node=\"66fa691235b6d\">\n<div class=\"fl-module-content fl-node-content\">\n<div class=\"fl-photo fl-photo-align-center\" itemscope=\"\" itemtype=\"http:\/\/schema.org\/ImageObject\">\n<div class=\"fl-photo-content fl-photo-img-png\"> <img decoding=\"async\" alt=\"Isostatic Graphite Components (5)\" class=\"fl-photo-img wp-image-5651\" itemprop=\"image\" src=\"\/wp-content\/uploads\/2025\/09\/0580c7c0f005f0ae.webp\"> <\/div>\n<\/p><\/div>\n<\/p><\/div>\n<\/p><\/div>\n<\/p><\/div>\n<\/p><\/div>\n<\/p><\/div>\n<div class=\"fl-col-group fl-node-66fa691235c76\" data-node=\"66fa691235c76\">\n<div class=\"fl-col fl-node-66fa691235cb6\" data-node=\"66fa691235cb6\" style=\"width: 100%;\">\n<div class=\"fl-col-content fl-node-content\">\n<div class=\"fl-module fl-module-photo fl-node-66fa691235cf5\" data-animation-delay=\"0.0\" data-node=\"66fa691235cf5\">\n<div class=\"fl-module-content fl-node-content\">\n<div class=\"fl-photo fl-photo-align-center\" itemscope=\"\" itemtype=\"http:\/\/schema.org\/ImageObject\">\n<div class=\"fl-photo-content fl-photo-img-png\"> <img decoding=\"async\" alt=\"ASDF\" class=\"fl-photo-img wp-image-5653\" itemprop=\"image\" src=\"\/wp-content\/uploads\/2025\/09\/55771ede99a1e8d7.webp\"> <\/div>\n<\/p><\/div>\n<\/p><\/div>\n<\/p><\/div>\n<div class=\"fl-module fl-module-photo fl-node-66fa691235d35\" data-animation-delay=\"0.0\" data-node=\"66fa691235d35\">\n<div class=\"fl-module-content fl-node-content\">\n<div class=\"fl-photo fl-photo-align-center\" itemscope=\"\" itemtype=\"http:\/\/schema.org\/ImageObject\">\n<div class=\"fl-photo-content fl-photo-img-png\"> <img decoding=\"async\" alt=\"SCDFV\" class=\"fl-photo-img wp-image-5654\" itemprop=\"image\" src=\"\/wp-content\/uploads\/2025\/09\/186bd1280f418be0.webp\"> <\/div>\n<\/p><\/div>\n<\/p><\/div>\n<\/p><\/div>\n<\/p><\/div>\n<\/p><\/div>\n<\/p><\/div>\n<\/p><\/div>\n<\/p><\/div>\n<\/p><\/div>\n<\/div>","protected":false},"excerpt":{"rendered":"<p><?xml encoding=\"utf-8\" ?><\/p>\n<p>semicera&rsquo;s graphite three-lobed crucibles for semiconductor crystal growth are designed for the most demanding semiconductor applications. Our crucibles feature advanced isostatic graphite components, ensuring outstanding high-temperature performance and superior corrosion resistance. The unique three-lobed design enhances thermal conductivity for uniform crystal growth and optimal results. We look forward to being your long-term partner in China.<\/p>","protected":false},"featured_media":1124,"comment_status":"closed","ping_status":"open","template":"","meta":[],"product_brand":[],"product_cat":[37],"product_tag":[],"class_list":{"0":"post-1359","1":"product","2":"type-product","3":"status-publish","4":"has-post-thumbnail","6":"product_cat-cvd-tac-coating","8":"first","9":"instock","10":"product-type-simple"},"_links":{"self":[{"href":"https:\/\/www.cn-semiconductorparts.com\/de\/wp-json\/wp\/v2\/product\/1359","targetHints":{"allow":["GET"]}}],"collection":[{"href":"https:\/\/www.cn-semiconductorparts.com\/de\/wp-json\/wp\/v2\/product"}],"about":[{"href":"https:\/\/www.cn-semiconductorparts.com\/de\/wp-json\/wp\/v2\/types\/product"}],"replies":[{"embeddable":true,"href":"https:\/\/www.cn-semiconductorparts.com\/de\/wp-json\/wp\/v2\/comments?post=1359"}],"wp:featuredmedia":[{"embeddable":true,"href":"https:\/\/www.cn-semiconductorparts.com\/de\/wp-json\/wp\/v2\/media\/1124"}],"wp:attachment":[{"href":"https:\/\/www.cn-semiconductorparts.com\/de\/wp-json\/wp\/v2\/media?parent=1359"}],"wp:term":[{"taxonomy":"product_brand","embeddable":true,"href":"https:\/\/www.cn-semiconductorparts.com\/de\/wp-json\/wp\/v2\/product_brand?post=1359"},{"taxonomy":"product_cat","embeddable":true,"href":"https:\/\/www.cn-semiconductorparts.com\/de\/wp-json\/wp\/v2\/product_cat?post=1359"},{"taxonomy":"product_tag","embeddable":true,"href":"https:\/\/www.cn-semiconductorparts.com\/de\/wp-json\/wp\/v2\/product_tag?post=1359"}],"curies":[{"name":"wp","href":"https:\/\/api.w.org\/{rel}","templated":true}]}}