{"id":1394,"date":"2025-09-11T05:28:53","date_gmt":"2025-09-11T05:28:53","guid":{"rendered":"https:\/\/weitai2.globaldeepsea.site\/product\/porous-graphite-tube\/"},"modified":"2026-04-29T15:33:44","modified_gmt":"2026-04-29T07:33:44","slug":"porous-graphite-tube","status":"publish","type":"product","link":"https:\/\/www.cn-semiconductorparts.com\/de\/product\/porous-graphite-tube\/","title":{"rendered":"Por\u00f6ser Graphitrohr"},"content":{"rendered":"<div class=\"fl-builder-content fl-builder-content-10314 fl-builder-content-primary fl-builder-global-templates-locked\" data-post-id=\"10314\">\n<div class=\"fl-row fl-row-full-width fl-row-bg-none fl-node-66c2ff115ed28\" data-node=\"66c2ff115ed28\">\n<div class=\"fl-row-content-wrap\">\n<div class=\"fl-row-content fl-row-full-width fl-node-content\">\n<div class=\"fl-col-group fl-node-66c2ff115fdb2\" data-node=\"66c2ff115fdb2\">\n<div class=\"fl-col fl-node-66c2ff115ff42\" data-node=\"66c2ff115ff42\" style=\"width: 100%;\">\n<div class=\"fl-col-content fl-node-content\">\n<div class=\"fl-module fl-module-rich-text fl-node-66c2ff115ebde\" data-animation-delay=\"0.0\" data-node=\"66c2ff115ebde\">\n<div class=\"fl-module-content fl-node-content\">\n<div class=\"fl-rich-text\">\n<p><span style=\"font-family: arial, helvetica, sans-serif; font-size: medium;\">Das por\u00f6se Graphitrohr von Semicera ist so konstruiert, dass er \u00fcberlegene thermische Leitf\u00e4higkeit liefert, um eine effiziente W\u00e4rme\u00fcbertragung in Hochtemperaturanwendungen zu gew\u00e4hrleisten. Dies macht es zu einer hervorragenden Wahl f\u00fcr Branchen wie Metallurgie, chemische Verarbeitung und Energie, bei denen die Verwaltung von W\u00e4rme f\u00fcr die Aufrechterhaltung der betrieblichen Effizienz von entscheidender Bedeutung ist.<\/span><\/p>\n<p><strong><span style=\"font-family: arial, helvetica, sans-serif; font-size: medium;\">Verbesserte Gasdurchl\u00e4ssigkeit<\/span><\/strong><br \/><span style=\"font-family: arial, helvetica, sans-serif; font-size: medium;\">Die por\u00f6se Struktur des por\u00f6sen Graphitrohrs erm\u00f6glicht eine hervorragende Gasdurchl\u00e4ssigkeit, wodurch es f\u00fcr Anwendungen ideal ist, die einen kontrollierten Gasfluss erfordern. Unabh\u00e4ngig davon, ob in Filtrationssystemen, Gasdiffusionsaufbauten oder als Komponente in Brennstoffzellen eine zuverl\u00e4ssige Leistung mit einer konsistenten Gasverteilung bietet.<\/span><\/p>\n<p><strong><span style=\"font-family: arial, helvetica, sans-serif; font-size: medium;\">Robustes und langlebiges Design<\/span><\/strong><br \/><span style=\"font-family: arial, helvetica, sans-serif; font-size: medium;\">Das por\u00f6se Graphitrohr von Semicera, das unter Ber\u00fccksichtigung der Haltbarkeit wurde, bietet hervorragende Best\u00e4ndigkeit gegen thermischen Schock, Oxidation und chemische Korrosion. Seine robuste Konstruktion sorgt f\u00fcr eine langfristige Zuverl\u00e4ssigkeit, selbst in rauen Umgebungen, in denen andere Materialien m\u00f6glicherweise scheitern. Diese Haltbarkeit senkt die Wartungskosten und erweitert die Lebensdauer der Ausr\u00fcstung, in der sie verwendet wird.<\/span><\/p>\n<p><strong><span style=\"font-family: arial, helvetica, sans-serif; font-size: medium;\">Vielseitige Anwendungen<\/span><\/strong><br \/><span style=\"font-family: arial, helvetica, sans-serif; font-size: medium;\">Das por\u00f6se Graphitrohr von Semizera ist vielseitig genug, um in einer Vielzahl von industriellen Prozessen eingesetzt zu werden. Seine F\u00e4higkeit, extreme Temperaturen in Verbindung mit seiner por\u00f6sen Natur zu bew\u00e4ltigen, macht es f\u00fcr Rollen wie Heizelemente, Elektroden und sogar spezielle Anwendungen in der Halbleiterindustrie geeignet. Die Anpassungsf\u00e4higkeit des Rohrs an verschiedene Bedingungen macht es in vielen fortschrittlichen Technologien zu einem unverzichtbaren Werkzeug.<\/span><\/p>\n<p><strong><span style=\"font-family: arial, helvetica, sans-serif; font-size: medium;\">Pr\u00e4zisionsherstellung<\/span><\/strong><br \/><span style=\"font-family: arial, helvetica, sans-serif; font-size: medium;\">Semicera ist bestrebt, Produkte zu liefern, die den h\u00f6chsten Qualit\u00e4tsstandards entsprechen. Das por\u00f6se Graphitrohr wird pr\u00e4zise hergestellt, um eine gleichm\u00e4\u00dfige Porosit\u00e4t und eine konsistente Leistung in allen Einheiten zu gew\u00e4hrleisten. Diese Liebe zum Detail stellt sicher, dass die Tube optimal funktioniert und die erforderliche Unterst\u00fctzung f\u00fcr Ihre industriellen Prozesse bietet.<\/span><\/p>\n<p><strong><span style=\"font-family: arial, helvetica, sans-serif; font-size: medium;\">Innovative L\u00f6sungen f\u00fcr die moderne Industrie<\/span><\/strong><br \/><span style=\"font-family: arial, helvetica, sans-serif; font-size: medium;\">Als f\u00fchrender Anbieter in der Materialwissenschaft innovativ ist die Semizera weiterhin in der Entwicklung von leistungsstarken Materialien. Das por\u00f6se Graphitrohr stellt unser Engagement f\u00fcr die Bereitstellung von L\u00f6sungen dar, die die Effizienz und Zuverl\u00e4ssigkeit in industriellen Anwendungen verbessern. Durch die Nutzung der einzigartigen Eigenschaften von Graphit bieten wir Produkte an, die den sich entwickelnden Bed\u00fcrfnissen der modernen Industrie entsprechen.<\/span><\/p>\n<\/p><\/div>\n<\/p><\/div>\n<\/p><\/div>\n<\/p><\/div>\n<\/p><\/div>\n<\/p><\/div>\n<div class=\"fl-col-group fl-node-66c2ff768aece\" data-node=\"66c2ff768aece\">\n<div class=\"fl-col fl-node-66c2ffb11b169 fl-col-small\" data-node=\"66c2ffb11b169\" style=\"width: 50%;\">\n<div class=\"fl-col-content fl-node-content\">\n<div class=\"fl-module fl-module-photo fl-node-66c2ff768ad93\" data-animation-delay=\"0.0\" data-node=\"66c2ff768ad93\">\n<div class=\"fl-module-content fl-node-content\">\n<div class=\"fl-photo fl-photo-align-center\" itemscope=\"\" itemtype=\"http:\/\/schema.org\/ImageObject\">\n<div class=\"fl-photo-content fl-photo-img-jpg\"> <img decoding=\"async\" alt=\"Por\u00f6ser Graphitrohr (2)\" class=\"fl-photo-img wp-image-10320\" itemprop=\"image\" src=\"\/wp-content\/uploads\/2025\/09\/9426e70cf6301ccf.webp\"> <\/img><\/div>\n<\/p><\/div>\n<\/p><\/div>\n<\/p><\/div>\n<\/p><\/div>\n<\/p><\/div>\n<div class=\"fl-col fl-node-66c2ff768b04b fl-col-small\" data-node=\"66c2ff768b04b\" style=\"width: 50%;\">\n<div class=\"fl-col-content fl-node-content\">\n<div class=\"fl-module fl-module-photo fl-node-66c2ffae12e0d\" data-animation-delay=\"0.0\" data-node=\"66c2ffae12e0d\">\n<div class=\"fl-module-content fl-node-content\">\n<div class=\"fl-photo fl-photo-align-center\" itemscope=\"\" itemtype=\"http:\/\/schema.org\/ImageObject\">\n<div class=\"fl-photo-content fl-photo-img-jpg\"> <img decoding=\"async\" alt=\"Por\u00f6ser Graphitrohr (3)\" class=\"fl-photo-img wp-image-10318\" itemprop=\"image\" src=\"\/wp-content\/uploads\/2025\/09\/2c346b5dd42f36c2.webp\"> <\/img><\/div>\n<\/p><\/div>\n<\/p><\/div>\n<\/p><\/div>\n<\/p><\/div>\n<\/p><\/div>\n<\/p><\/div>\n<\/p><\/div>\n<\/p><\/div>\n<\/p><\/div>\n<div class=\"fl-row fl-row-full-width fl-row-bg-none fl-node-66c2ffe4a4e65\" data-node=\"66c2ffe4a4e65\">\n<div class=\"fl-row-content-wrap\">\n<div class=\"fl-row-content fl-row-full-width fl-node-content\">\n<div class=\"fl-col-group fl-node-66c2ffe4a4ea7\" data-node=\"66c2ffe4a4ea7\">\n<div class=\"fl-col fl-node-66c2ffe4a4eec\" data-node=\"66c2ffe4a4eec\" style=\"width: 100%;\">\n<div class=\"fl-col-content fl-node-content\">\n<div class=\"fl-module fl-module-photo fl-node-66c2ffe4a4f2c\" data-animation-delay=\"0.0\" data-node=\"66c2ffe4a4f2c\">\n<div class=\"fl-module-content fl-node-content\">\n<div class=\"fl-photo fl-photo-align-center\" itemscope=\"\" itemtype=\"http:\/\/schema.org\/ImageObject\">\n<div class=\"fl-photo-content fl-photo-img-jpg\"> <img decoding=\"async\" alt=\"SEMICERA -Arbeitsplatz\" class=\"fl-photo-img wp-image-9038\" itemprop=\"image\" src=\"\/wp-content\/uploads\/2025\/09\/b1dd0bcab1675ff4.webp\"> <\/img><\/div>\n<\/p><\/div>\n<\/p><\/div>\n<\/p><\/div>\n<div class=\"fl-module fl-module-photo fl-node-66c2ffe4a506b\" data-animation-delay=\"0.0\" data-node=\"66c2ffe4a506b\">\n<div class=\"fl-module-content fl-node-content\">\n<div class=\"fl-photo fl-photo-align-center\" itemscope=\"\" itemtype=\"http:\/\/schema.org\/ImageObject\">\n<div class=\"fl-photo-content fl-photo-img-jpg\"> <img decoding=\"async\" alt=\"Semizelle Arbeitsplatz 2\" class=\"fl-photo-img wp-image-9037\" itemprop=\"image\" src=\"\/wp-content\/uploads\/2025\/09\/2b946d2b4b61306d.webp\"> <\/img><\/div>\n<\/p><\/div>\n<\/p><\/div>\n<\/p><\/div>\n<div class=\"fl-module fl-module-photo fl-node-66c2ffe4a502c\" data-animation-delay=\"0.0\" data-node=\"66c2ffe4a502c\">\n<div class=\"fl-module-content fl-node-content\">\n<div class=\"fl-photo fl-photo-align-center\" itemscope=\"\" itemtype=\"http:\/\/schema.org\/ImageObject\">\n<div class=\"fl-photo-content fl-photo-img-jpg\"> <img decoding=\"async\" alt=\"Ausr\u00fcstungsmaschine\" class=\"fl-photo-img wp-image-9034 size-full\" itemprop=\"image\" src=\"\/wp-content\/uploads\/2025\/09\/081b6529d68ead23.webp\"> <\/img><\/div>\n<\/p><\/div>\n<\/p><\/div>\n<\/p><\/div>\n<div class=\"fl-module fl-module-photo fl-node-66c2ffe4a4fec\" data-animation-delay=\"0.0\" data-node=\"66c2ffe4a4fec\">\n<div class=\"fl-module-content fl-node-content\">\n<div class=\"fl-photo fl-photo-align-center\" itemscope=\"\" itemtype=\"http:\/\/schema.org\/ImageObject\">\n<div class=\"fl-photo-content fl-photo-img-jpg\"> <img decoding=\"async\" alt=\"CNN -Verarbeitung, chemische Reinigung, CVD -Beschichtung\" class=\"fl-photo-img wp-image-9033\" itemprop=\"image\" src=\"\/wp-content\/uploads\/2025\/09\/a4132b2b399abbac.webp\"> <\/img><\/div>\n<\/p><\/div>\n<\/p><\/div>\n<\/p><\/div>\n<div class=\"fl-module fl-module-photo fl-node-66c2ffe4a4fac\" data-animation-delay=\"0.0\" data-node=\"66c2ffe4a4fac\">\n<div class=\"fl-module-content fl-node-content\">\n<div class=\"fl-photo fl-photo-align-center\" itemscope=\"\" itemtype=\"http:\/\/schema.org\/ImageObject\">\n<div class=\"fl-photo-content fl-photo-img-jpg\"> <img decoding=\"async\" alt=\"Semizera Ware House\" class=\"fl-photo-img wp-image-9036\" itemprop=\"image\" src=\"\/wp-content\/uploads\/2025\/09\/2190bb9ce5c1d546.webp\"\/> <\/div>\n<\/p><\/div>\n<\/p><\/div>\n<\/p><\/div>\n<div class=\"fl-module fl-module-photo fl-node-66c2ffe4a4f6c\" data-animation-delay=\"0.0\" data-node=\"66c2ffe4a4f6c\">\n<div class=\"fl-module-content fl-node-content\">\n<div class=\"fl-photo fl-photo-align-center\" itemscope=\"\" itemtype=\"http:\/\/schema.org\/ImageObject\">\n<div class=\"fl-photo-content fl-photo-img-jpg\"> <img decoding=\"async\" alt=\"Unser Service\" class=\"fl-photo-img wp-image-9035\" itemprop=\"image\" src=\"\/wp-content\/uploads\/2025\/09\/b07f222c0ec0ab8d.webp\"\/> <\/div>\n<\/p><\/div>\n<\/p><\/div>\n<\/p><\/div>\n<\/p><\/div>\n<\/p><\/div>\n<\/p><\/div>\n<\/p><\/div>\n<\/p><\/div>\n<\/p><\/div>\n<\/div>","protected":false},"excerpt":{"rendered":"<p>Semiceraintroduces Theporous Graphit Tube, eine innovative L\u00f6sung, die den anspruchsvollen Anforderungen verschiedener industrieller Anwendungen entspricht. Graphit ist f\u00fcr seine au\u00dfergew\u00f6hnliche thermische und elektrische Leitf\u00e4higkeit bekannt und ist ein ideales Material f\u00fcr Hochleistungsumgebungen. Die por\u00f6se Struktur dieses R\u00f6hrchens verbessert seine Vielseitigkeit und sorgt f\u00fcr eine breite Palette von speziellen Verwendungsm\u00f6glichkeiten.<\/p>","protected":false},"featured_media":498,"comment_status":"closed","ping_status":"open","template":"","meta":[],"product_brand":[],"product_cat":[53,26],"product_tag":[],"class_list":{"0":"post-1394","1":"product","2":"type-product","3":"status-publish","4":"has-post-thumbnail","6":"product_cat-cassette","7":"product_cat-wafer","9":"first","10":"instock","11":"product-type-simple"},"_links":{"self":[{"href":"https:\/\/www.cn-semiconductorparts.com\/de\/wp-json\/wp\/v2\/product\/1394","targetHints":{"allow":["GET"]}}],"collection":[{"href":"https:\/\/www.cn-semiconductorparts.com\/de\/wp-json\/wp\/v2\/product"}],"about":[{"href":"https:\/\/www.cn-semiconductorparts.com\/de\/wp-json\/wp\/v2\/types\/product"}],"replies":[{"embeddable":true,"href":"https:\/\/www.cn-semiconductorparts.com\/de\/wp-json\/wp\/v2\/comments?post=1394"}],"wp:featuredmedia":[{"embeddable":true,"href":"https:\/\/www.cn-semiconductorparts.com\/de\/wp-json\/wp\/v2\/media\/498"}],"wp:attachment":[{"href":"https:\/\/www.cn-semiconductorparts.com\/de\/wp-json\/wp\/v2\/media?parent=1394"}],"wp:term":[{"taxonomy":"product_brand","embeddable":true,"href":"https:\/\/www.cn-semiconductorparts.com\/de\/wp-json\/wp\/v2\/product_brand?post=1394"},{"taxonomy":"product_cat","embeddable":true,"href":"https:\/\/www.cn-semiconductorparts.com\/de\/wp-json\/wp\/v2\/product_cat?post=1394"},{"taxonomy":"product_tag","embeddable":true,"href":"https:\/\/www.cn-semiconductorparts.com\/de\/wp-json\/wp\/v2\/product_tag?post=1394"}],"curies":[{"name":"wp","href":"https:\/\/api.w.org\/{rel}","templated":true}]}}