{"id":1401,"date":"2025-09-11T05:28:53","date_gmt":"2025-09-11T05:28:53","guid":{"rendered":"https:\/\/weitai2.globaldeepsea.site\/product\/4%e2%80%b3-gallium-oxide-substrates\/"},"modified":"2026-04-29T15:33:47","modified_gmt":"2026-04-29T07:33:47","slug":"4%e2%80%b3-gallium-oxide-substrates","status":"publish","type":"product","link":"https:\/\/www.cn-semiconductorparts.com\/de\/product\/4\u2033-gallium-oxide-substrates\/","title":{"rendered":"4 \"Galliumoxidsubstrate"},"content":{"rendered":"<div class=\"fl-builder-content fl-builder-content-10258 fl-builder-content-primary fl-builder-global-templates-locked\" data-post-id=\"10258\">\n<div class=\"fl-row fl-row-full-width fl-row-bg-none fl-node-66c2f1eec9901\" data-node=\"66c2f1eec9901\">\n<div class=\"fl-row-content-wrap\">\n<div class=\"fl-row-content fl-row-full-width fl-node-content\">\n<div class=\"fl-col-group fl-node-66c2f1eec9946\" data-node=\"66c2f1eec9946\">\n<div class=\"fl-col fl-node-66c2f1eec9988\" data-node=\"66c2f1eec9988\" style=\"width: 100%;\">\n<div class=\"fl-col-content fl-node-content\">\n<div class=\"fl-module fl-module-rich-text fl-node-66c2f1eec99ca\" data-animation-delay=\"0.0\" data-node=\"66c2f1eec99ca\">\n<div class=\"fl-module-content fl-node-content\">\n<div class=\"fl-rich-text\">\n<p><span style=\"font-family: arial, helvetica, sans-serif; font-size: medium;\"><em>Semizelle<\/em> stellt stolz seine vor <strong>4 \"Galliumoxidsubstrate<\/strong>, ein bahnbrechendes Material, das konstruiert ist, um die wachsenden Anforderungen von Hochleistungs-Halbleiter-Ger\u00e4ten zu erf\u00fcllen. Galliumoxid (Ga<sub>2<\/sub>O<sub>3<\/sub>) Substrate bieten eine ultra-weite Bandl\u00fccke, mit der sie ideal f\u00fcr die Stromversorgung der n\u00e4chsten Generation, die UV-Optoelektronik und die Hochfrequenzger\u00e4te sind.<\/span><\/p>\n<p>\u00a0<\/p>\n<p><span style=\"font-family: arial, helvetica, sans-serif; font-size: medium;\"><strong>Schl\u00fcsselmerkmale:<\/strong><\/span><\/p>\n<p><span style=\"font-family: arial, helvetica, sans-serif; font-size: medium;\"><strong><\/strong><strong>\u00a0 \u00a0 \u00a0\u2022 Ultra-Wide Bandgap<\/strong>: Der <strong>4 \"Galliumoxidsubstrate<\/strong> Aufgrund einer Bandl\u00fccke von ungef\u00e4hr 4,8 EV, die eine au\u00dfergew\u00f6hnliche Spannung und Temperaturtoleranz erm\u00f6glicht und herk\u00f6mmliche Halbleitermaterialien wie Silizium erheblich \u00fcbertrifft.<\/span><\/p>\n<p><span style=\"font-family: arial, helvetica, sans-serif; font-size: medium;\"><strong><strong>\u00a0 \u00a0 \u00a0\u2022\u00a0<\/strong>Hohe Breakdown -Spannung<\/strong>: Diese Substrate erm\u00f6glichen es Ger\u00e4ten, mit h\u00f6heren Spannungen und Kr\u00e4ften zu arbeiten, was sie perfekt f\u00fcr Hochspannungsanwendungen in der Stromversorgungselektronik perfekt macht.<\/span><\/p>\n<p><span style=\"font-family: arial, helvetica, sans-serif; font-size: medium;\"><strong><strong>\u00a0 \u00a0 \u00a0\u2022\u00a0<\/strong>\u00dcberlegene thermische Stabilit\u00e4t<\/strong>: Galliumoxidsubstrate bieten eine hervorragende thermische Leitf\u00e4higkeit, um eine stabile Leistung unter extremen Bedingungen zu gew\u00e4hrleisten, die ideal f\u00fcr die Verwendung in anspruchsvollen Umgebungen.<\/span><\/p>\n<p><span style=\"font-family: arial, helvetica, sans-serif; font-size: medium;\"><strong><strong>\u00a0 \u00a0 \u00a0\u2022\u00a0<\/strong>Hohe Materialqualit\u00e4t<\/strong>: Mit niedrigen Defektdichten und hoher Kristallqualit\u00e4t gew\u00e4hrleisten diese Substrate eine zuverl\u00e4ssige und konsistente Leistung, wodurch die Effizienz und Haltbarkeit Ihrer Ger\u00e4te verbessert wird.<\/span><\/p>\n<p><span style=\"font-family: arial, helvetica, sans-serif; font-size: medium;\"><strong>\u00a0 \u00a0 \u00a0\u2022\u00a0<\/strong><strong>Vielseitige Anwendung<\/strong>: Geeignet f\u00fcr eine Vielzahl von Anwendungen, einschlie\u00dflich Stromtransistoren, Schottky-Dioden und UV-C-LED-Ger\u00e4ten, die Innovationen sowohl in der Leistung als auch in optoelektronischen Feldern erm\u00f6glichen.<\/span><\/p>\n<p>\u00a0<\/p>\n<p><span style=\"font-family: arial, helvetica, sans-serif; font-size: medium;\">Erkunden Sie die Zukunft der Halbleitertechnologie mit Semizera's <strong>4 \"Galliumoxidsubstrate<\/strong>. Unsere Substrate sind so konzipiert, dass sie die fortschrittlichsten Anwendungen unterst\u00fctzen und die Zuverl\u00e4ssigkeit und Effizienz bieten, die f\u00fcr die heutigen modernsten Ger\u00e4te erforderlich sind. Vertrauen Sie Semizera f\u00fcr Qualit\u00e4t und Innovation in Ihren Halbleitermaterialien.<\/span><\/p>\n<\/p><\/div>\n<\/p><\/div>\n<\/p><\/div>\n<\/p><\/div>\n<\/p><\/div>\n<\/p><\/div>\n<div class=\"fl-col-group fl-node-66c2f1eec9a0b\" data-node=\"66c2f1eec9a0b\">\n<div class=\"fl-col fl-node-66c2f1eec9a4d\" data-node=\"66c2f1eec9a4d\" style=\"width: 100%;\">\n<div class=\"fl-col-content fl-node-content\">\n<div class=\"fl-module fl-module-rich-text fl-node-66c2f1eec9a8f\" data-animation-delay=\"0.0\" data-node=\"66c2f1eec9a8f\">\n<div class=\"fl-module-content fl-node-content\">\n<div class=\"fl-rich-text\">\n<table border=\"0\" cellspacing=\"0\">\n<tbody>\n<tr>\n<td>\n<p>Artikel<\/p>\n<\/td>\n<td>\n<p>Produktion<\/p>\n<\/td>\n<td>\n<p>Forschung<\/p>\n<\/td>\n<td>\n<p>Dummy<\/p>\n<\/td>\n<\/tr>\n<tr>\n<td colspan=\"4\">\n<p style=\"text-align: center;\">Kristallparameter<\/p>\n<\/td>\n<\/tr>\n<tr>\n<td>\n<p>Polytype<\/p>\n<\/td>\n<td colspan=\"3\">\n<p>4H<\/p>\n<\/td>\n<\/tr>\n<tr>\n<td>\n<p>Oberfl\u00e4chenorientierungsfehler<\/p>\n<\/td>\n<td colspan=\"3\">\n<p>4\u00b10.15\u00b0<\/p>\n<\/td>\n<\/tr>\n<tr>\n<td colspan=\"4\">\n<p style=\"text-align: center;\">Elektrische Parameter<\/p>\n<\/td>\n<\/tr>\n<tr>\n<td>\n<p>Dopant<\/p>\n<\/td>\n<td colspan=\"3\">\n<p>Stickstoff vom Typ N<\/p>\n<\/td>\n<\/tr>\n<tr>\n<td>\n<p>Widerstand<\/p>\n<\/td>\n<td colspan=\"3\">\n<p>0,015-0.025OHM \u00b7 cm<\/p>\n<\/td>\n<\/tr>\n<tr>\n<td colspan=\"4\">\n<p style=\"text-align: center;\">Mechanische Parameter<\/p>\n<\/td>\n<\/tr>\n<tr>\n<td>\n<p>Durchmesser<\/p>\n<\/td>\n<td colspan=\"3\">\n<p>150,0 \u00b1 0,2 mm<\/p>\n<\/td>\n<\/tr>\n<tr>\n<td>\n<p>Dicke<\/p>\n<\/td>\n<td colspan=\"3\">\n<p>350 \u00b1 25 \u00b5m<\/p>\n<\/td>\n<\/tr>\n<tr>\n<td>\n<p>Prim\u00e4re flache Orientierung<\/p>\n<\/td>\n<td colspan=\"3\">\n<p>[1-100]\u00b15\u00b0<\/p>\n<\/td>\n<\/tr>\n<tr>\n<td>\n<p>Prim\u00e4re flache L\u00e4nge<\/p>\n<\/td>\n<td colspan=\"3\">\n<p>47,5 \u00b1 1,5 mm<\/p>\n<\/td>\n<\/tr>\n<tr>\n<td>\n<p>Sekund\u00e4re flache<\/p>\n<\/td>\n<td colspan=\"3\">\n<p>Keiner<\/p>\n<\/td>\n<\/tr>\n<tr>\n<td>\n<p>Ttv<\/p>\n<\/td>\n<td>\n<p>\u22645 \u00b5m<\/p>\n<\/td>\n<td>\n<p>\u226410 \u00b5m<\/p>\n<\/td>\n<td>\n<p>\u226415 \u00b5m<\/p>\n<\/td>\n<\/tr>\n<tr>\n<td>\n<p>LTV<\/p>\n<\/td>\n<td>\n<p>\u22643 \u03bcm (5 mm*5 mm)<\/p>\n<\/td>\n<td>\n<p>\u22645 \u03bcm (5 mm*5 mm)<\/p>\n<\/td>\n<td>\n<p>\u226410 \u03bcm (5 mm*5 mm)<\/p>\n<\/td>\n<\/tr>\n<tr>\n<td>\n<p>Bogen<\/p>\n<\/td>\n<td>\n<p>-15 \u03bcm ~ 15 \u03bcm<\/p>\n<\/td>\n<td>\n<p>-35 \u03bcm ~ 35 \u03bcm<\/p>\n<\/td>\n<td>\n<p>-45 \u03bcm ~ 45 \u03bcm<\/p>\n<\/td>\n<\/tr>\n<tr>\n<td>\n<p>Kette<\/p>\n<\/td>\n<td>\n<p>\u226435 \u00b5m<\/p>\n<\/td>\n<td>\n<p>\u226445 \u00b5m<\/p>\n<\/td>\n<td>\n<p>\u226455 \u00b5m<\/p>\n<\/td>\n<\/tr>\n<tr>\n<td>\n<p>Front (Si-Face) Rauheit (AFM)<\/p>\n<\/td>\n<td colspan=\"3\">\n<p>Ra \u2264 0,2 nm (5 &amp; mgr; m*5 \u03bcm)<\/p>\n<\/td>\n<\/tr>\n<tr>\n<td colspan=\"4\">\n<p style=\"text-align: center;\">Struktur<\/p>\n<\/td>\n<\/tr>\n<tr>\n<td>\n<p>Mikropipe -Dichte<\/p>\n<\/td>\n<td>\n<p>&lt;1 EA\/CM2<\/p>\n<\/td>\n<td>\n<p>&lt;10 EA\/CM2<\/p>\n<\/td>\n<td>\n<p>&lt;15 EA\/CM2<\/p>\n<\/td>\n<\/tr>\n<tr>\n<td>\n<p>Metallverunreinigungen<\/p>\n<\/td>\n<td colspan=\"2\">\n<p>\u22645E10atoms\/cm2<\/p>\n<\/td>\n<td>\n<p>N \/ A<\/p>\n<\/td>\n<\/tr>\n<tr>\n<td>\n<p>BPD<\/p>\n<\/td>\n<td>\n<p>\u22641500 EA\/CM2<\/p>\n<\/td>\n<td>\n<p>\u22643000 EA\/CM2<\/p>\n<\/td>\n<td>\n<p>N \/ A<\/p>\n<\/td>\n<\/tr>\n<tr>\n<td>\n<p>TSD<\/p>\n<\/td>\n<td>\n<p>\u2264500 EA\/CM2<\/p>\n<\/td>\n<td>\n<p>\u22641000 EA\/CM2<\/p>\n<\/td>\n<td>\n<p>N \/ A<\/p>\n<\/td>\n<\/tr>\n<tr>\n<td colspan=\"4\">\n<p style=\"text-align: center;\">Frontqualit\u00e4t<\/p>\n<\/td>\n<\/tr>\n<tr>\n<td>\n<p>Front<\/p>\n<\/td>\n<td colspan=\"3\">\n<p>Si<\/p>\n<\/td>\n<\/tr>\n<tr>\n<td>\n<p>Oberfl\u00e4chenbeschaffung<\/p>\n<\/td>\n<td colspan=\"3\">\n<p>Si-Face CMP<\/p>\n<\/td>\n<\/tr>\n<tr>\n<td>\n<p>Partikel<\/p>\n<\/td>\n<td>\n<p>\u226460ea\/Wafer (Gr\u00f6\u00dfe \u2265 0,3 \u03bcm)<\/p>\n<\/td>\n<td colspan=\"2\">\n<p>N \/ A<\/p>\n<\/td>\n<\/tr>\n<tr>\n<td>\n<p>Kratzer<\/p>\n<\/td>\n<td>\n<p>\u22645ea\/mm. Kumulative L\u00e4nge \u2264 Diameter<\/p>\n<\/td>\n<td>\n<p>Kumulative L\u00e4nge \u2264 2*Durchmesser<\/p>\n<\/td>\n<td>\n<p>N \/ A<\/p>\n<\/td>\n<\/tr>\n<tr>\n<td>\n<p>Orangenschale\/Pits\/Flecken\/Streifen\/Risse\/Kontamination<\/p>\n<\/td>\n<td colspan=\"2\">\n<p>Keiner<\/p>\n<\/td>\n<td>\n<p>N \/ A<\/p>\n<\/td>\n<\/tr>\n<tr>\n<td>\n<p>Kantenchips\/Eingeweide\/Fraktur-\/Sechskantplatten<\/p>\n<\/td>\n<td colspan=\"3\">\n<p>Keiner<\/p>\n<\/td>\n<\/tr>\n<tr>\n<td>\n<p>Polytyperbereiche<\/p>\n<\/td>\n<td>\n<p>Keiner<\/p>\n<\/td>\n<td>\n<p>Kumulative Fl\u00e4che \u2264 2010TP3T<\/p>\n<\/td>\n<td>\n<p>Kumulative Fl\u00e4che \u2264 30%<\/p>\n<\/td>\n<\/tr>\n<tr>\n<td>\n<p>Frontlasermarkierung<\/p>\n<\/td>\n<td colspan=\"3\">\n<p>Keiner<\/p>\n<\/td>\n<\/tr>\n<tr>\n<td colspan=\"4\">\n<p style=\"text-align: center;\">R\u00fcckenqualit\u00e4t<\/p>\n<\/td>\n<\/tr>\n<tr>\n<td>\n<p>R\u00fcckbeschluss<\/p>\n<\/td>\n<td colspan=\"3\">\n<p>C-Face CMP<\/p>\n<\/td>\n<\/tr>\n<tr>\n<td>\n<p>Kratzer<\/p>\n<\/td>\n<td>\n<p>\u22645ea\/mm, kumulative L\u00e4nge \u2264 2*Durchmesser<\/p>\n<\/td>\n<td colspan=\"2\">\n<p>N \/ A<\/p>\n<\/td>\n<\/tr>\n<tr>\n<td>\n<p>R\u00fcckenfehler (Kantenchips\/Eingebiete)<\/p>\n<\/td>\n<td colspan=\"3\">\n<p>Keiner<\/p>\n<\/td>\n<\/tr>\n<tr>\n<td>\n<p>R\u00fcckenrauheit<\/p>\n<\/td>\n<td colspan=\"3\">\n<p>Ra \u2264 0,2 nm (5 &amp; mgr; m*5 \u03bcm)<\/p>\n<\/td>\n<\/tr>\n<tr>\n<td>\n<p>R\u00fcckmarkierung von Laser<\/p>\n<\/td>\n<td colspan=\"3\">\n<p>1 mm (von der Oberkante)<\/p>\n<\/td>\n<\/tr>\n<tr>\n<td colspan=\"4\">\n<p style=\"text-align: center;\">Rand<\/p>\n<\/td>\n<\/tr>\n<tr>\n<td>\n<p>Rand<\/p>\n<\/td>\n<td colspan=\"3\">\n<p>Chamfer<\/p>\n<\/td>\n<\/tr>\n<tr>\n<td colspan=\"4\">\n<p style=\"text-align: center;\">Packaging<\/p>\n<\/td>\n<\/tr>\n<tr>\n<td>\n<p>Packaging<\/p>\n<\/td>\n<td colspan=\"3\">\n<p>Epi-ready with vacuum packaging<\/p>\n<p>Multi-wafer cassette packaging<\/p>\n<\/td>\n<\/tr>\n<tr>\n<td colspan=\"4\">\n<p style=\"text-align: center;\">*Notes\uff1a \u201cNA\u201d means no request Items not mentioned may refer to SEMI-STD.<\/p>\n<\/td>\n<\/tr>\n<\/tbody>\n<\/table><\/div>\n<\/p><\/div>\n<\/p><\/div>\n<\/p><\/div>\n<\/p><\/div>\n<\/p><\/div>\n<div class=\"fl-col-group fl-node-66c2f1eec9b94\" data-node=\"66c2f1eec9b94\">\n<div class=\"fl-col fl-node-66c2f1eec9bd5\" data-node=\"66c2f1eec9bd5\" style=\"width: 100%;\">\n<div class=\"fl-col-content fl-node-content\">\n<div class=\"fl-module fl-module-photo fl-node-66c2f1eec9c16\" data-animation-delay=\"0.0\" data-node=\"66c2f1eec9c16\">\n<div class=\"fl-module-content fl-node-content\">\n<div class=\"fl-photo fl-photo-align-center\" itemscope=\"\" itemtype=\"http:\/\/schema.org\/ImageObject\">\n<div class=\"fl-photo-content fl-photo-img-png\"> <img decoding=\"async\" alt=\"tech_1_2_size\" class=\"fl-photo-img wp-image-2173\" itemprop=\"image\" src=\"\/wp-content\/uploads\/2025\/09\/e3ee0b4147c636ee.webp\"> <\/img><\/div>\n<\/p><\/div>\n<\/p><\/div>\n<\/p><\/div>\n<\/p><\/div>\n<\/p><\/div>\n<\/p><\/div>\n<div class=\"fl-col-group fl-node-66c2f1eec9ad1\" data-node=\"66c2f1eec9ad1\">\n<div class=\"fl-col fl-node-66c2f1eec9b12\" data-node=\"66c2f1eec9b12\" style=\"width: 100%;\">\n<div class=\"fl-col-content fl-node-content\">\n<div class=\"fl-module fl-module-photo fl-node-66c2f1eec9b53\" data-animation-delay=\"0.0\" data-node=\"66c2f1eec9b53\">\n<div class=\"fl-module-content fl-node-content\">\n<div class=\"fl-photo fl-photo-align-center\" itemscope=\"\" itemtype=\"http:\/\/schema.org\/ImageObject\">\n<div class=\"fl-photo-content fl-photo-img-jpg\"> <img decoding=\"async\" alt=\"SiC wafers\" class=\"fl-photo-img wp-image-2174\" itemprop=\"image\" src=\"\/wp-content\/uploads\/2025\/09\/4530d9462eb0bb0b.webp\"> <\/img><\/div>\n<\/p><\/div>\n<\/p><\/div>\n<\/p><\/div>\n<\/p><\/div>\n<\/p><\/div>\n<\/p><\/div>\n<\/p><\/div>\n<\/p><\/div>\n<\/p><\/div>\n<\/div>","protected":false},"excerpt":{"rendered":"<p>4 \u2033 Galliumoxidsubstrate-Entsperren Sie neue Effizienz- und Leistungspegel in Leistungselektronik und UV-Ger\u00e4ten mit hochwertigen 4-Zoll-Galliumoxid-Substraten von Semicera, die f\u00fcr modernste Halbleiteranwendungen ausgelegt sind.<\/p>","protected":false},"featured_media":725,"comment_status":"closed","ping_status":"open","template":"","meta":[],"product_brand":[],"product_cat":[54,26],"product_tag":[],"class_list":{"0":"post-1401","1":"product","2":"type-product","3":"status-publish","4":"has-post-thumbnail","6":"product_cat-gallium-oxide-ga203","7":"product_cat-wafer","9":"first","10":"instock","11":"product-type-simple"},"_links":{"self":[{"href":"https:\/\/www.cn-semiconductorparts.com\/de\/wp-json\/wp\/v2\/product\/1401","targetHints":{"allow":["GET"]}}],"collection":[{"href":"https:\/\/www.cn-semiconductorparts.com\/de\/wp-json\/wp\/v2\/product"}],"about":[{"href":"https:\/\/www.cn-semiconductorparts.com\/de\/wp-json\/wp\/v2\/types\/product"}],"replies":[{"embeddable":true,"href":"https:\/\/www.cn-semiconductorparts.com\/de\/wp-json\/wp\/v2\/comments?post=1401"}],"wp:featuredmedia":[{"embeddable":true,"href":"https:\/\/www.cn-semiconductorparts.com\/de\/wp-json\/wp\/v2\/media\/725"}],"wp:attachment":[{"href":"https:\/\/www.cn-semiconductorparts.com\/de\/wp-json\/wp\/v2\/media?parent=1401"}],"wp:term":[{"taxonomy":"product_brand","embeddable":true,"href":"https:\/\/www.cn-semiconductorparts.com\/de\/wp-json\/wp\/v2\/product_brand?post=1401"},{"taxonomy":"product_cat","embeddable":true,"href":"https:\/\/www.cn-semiconductorparts.com\/de\/wp-json\/wp\/v2\/product_cat?post=1401"},{"taxonomy":"product_tag","embeddable":true,"href":"https:\/\/www.cn-semiconductorparts.com\/de\/wp-json\/wp\/v2\/product_tag?post=1401"}],"curies":[{"name":"wp","href":"https:\/\/api.w.org\/{rel}","templated":true}]}}