{"id":1415,"date":"2025-09-11T05:29:00","date_gmt":"2025-09-11T05:29:00","guid":{"rendered":"https:\/\/weitai2.globaldeepsea.site\/product\/8-inch-n-type-sic-wafer\/"},"modified":"2026-04-29T15:33:37","modified_gmt":"2026-04-29T07:33:37","slug":"8-inch-n-type-sic-wafer","status":"publish","type":"product","link":"https:\/\/www.cn-semiconductorparts.com\/de\/product\/8-inch-n-type-sic-wafer\/","title":{"rendered":"8-Zoll-N-SIC-Wafer"},"content":{"rendered":"<div class=\"fl-builder-content fl-builder-content-10066 fl-builder-content-primary fl-builder-global-templates-locked\" data-post-id=\"10066\">\n<div class=\"fl-row fl-row-full-width fl-row-bg-none fl-node-66beead820aaf\" data-node=\"66beead820aaf\">\n<div class=\"fl-row-content-wrap\">\n<div class=\"fl-row-content fl-row-full-width fl-node-content\">\n<div class=\"fl-col-group fl-node-66beead820af3\" data-node=\"66beead820af3\">\n<div class=\"fl-col fl-node-66beead820b35\" data-node=\"66beead820b35\" style=\"width: 100%;\">\n<div class=\"fl-col-content fl-node-content\">\n<div class=\"fl-module fl-module-rich-text fl-node-66beead820b77\" data-animation-delay=\"0.0\" data-node=\"66beead820b77\">\n<div class=\"fl-module-content fl-node-content\">\n<div class=\"fl-rich-text\">\n<p><span style=\"font-family: arial, helvetica, sans-serif; font-size: medium;\">Semiceras 8-Zoll-N-Typ-Wafer stehen an der Spitze der Halbleiterinnovation und bieten eine solide Basis f\u00fcr die Entwicklung elektronischer Hochleistungsger\u00e4te. Diese Wafer sind so konzipiert, dass sie den strengen Anforderungen moderner elektronischer Anwendungen erf\u00fcllen, von Stromeelektronik bis hin zu Hochfrequenzschaltungen.<\/span><\/p>\n<p><span style=\"font-family: arial, helvetica, sans-serif; font-size: medium;\">Das N-Typ-Doping in diesen SiC-Wafern verbessert ihre elektrische Leitf\u00e4higkeit und macht sie ideal f\u00fcr eine Vielzahl von Anwendungen, einschlie\u00dflich Leistungsdioden, Transistoren und Verst\u00e4rker. Die \u00fcberlegene Leitf\u00e4higkeit sorgt f\u00fcr einen minimalen Energieverlust und einen effizienten Betrieb, der f\u00fcr Ger\u00e4te, die bei hohen Frequenzen und Leistungsniveaus betrieben werden, von entscheidender Bedeutung sind.<\/span><\/p>\n<p><span style=\"font-family: arial, helvetica, sans-serif; font-size: medium;\">Semizera setzt fortschrittliche Fertigungstechniken ein, um SIC -Wafer mit au\u00dfergew\u00f6hnlicher Oberfl\u00e4chengleichm\u00e4\u00dfigkeit und minimaler Defekte herzustellen. Diese Pr\u00e4zision ist f\u00fcr Anwendungen, die eine konsistente Leistung und Haltbarkeit erfordern, von wesentlicher Bedeutung, z. B. in der Luft- und Raumfahrt-, Automobil- und Telekommunikationsbranche.<\/span><\/p>\n<p><span style=\"font-family: arial, helvetica, sans-serif; font-size: medium;\">Durch die Einbeziehung von Semiceras 8-Zoll-SIC-Wafern in Ihre Produktionslinie ist die Grundlage f\u00fcr die Erstellung von Komponenten, die harte Umgebungen und hohe Temperaturen standhalten k\u00f6nnen. Diese Wafer eignen sich perfekt f\u00fcr Anwendungen in der Stromumwandlung, der HF -Technologie und anderer anspruchsvoller Bereiche.<\/span><\/p>\n<p><span style=\"font-family: arial, helvetica, sans-serif; font-size: medium;\">Die Wahl von Semiceras 8-Zoll-N-Typ-Wafern bedeutet, in ein Produkt zu investieren, das qualitativ hochwertige Materialwissenschaften mit pr\u00e4ziser Ingenieurwesen kombiniert. Semicera ist verpflichtet, die F\u00e4higkeiten von Halbleitertechnologien voranzutreiben und L\u00f6sungen anzubieten, die die Effizienz und Zuverl\u00e4ssigkeit Ihrer elektronischen Ger\u00e4te verbessern.<\/span><\/p>\n<\/p><\/div>\n<\/p><\/div>\n<\/p><\/div>\n<\/p><\/div>\n<\/p><\/div>\n<\/p><\/div>\n<div class=\"fl-col-group fl-node-66beead820bb8\" data-node=\"66beead820bb8\">\n<div class=\"fl-col fl-node-66beead820bf9\" data-node=\"66beead820bf9\" style=\"width: 100%;\">\n<div class=\"fl-col-content fl-node-content\">\n<div class=\"fl-module fl-module-rich-text fl-node-66beead820c3a\" data-animation-delay=\"0.0\" data-node=\"66beead820c3a\">\n<div class=\"fl-module-content fl-node-content\">\n<div class=\"fl-rich-text\">\n<table border=\"0\" cellspacing=\"0\">\n<tbody>\n<tr>\n<td>\n<p>Artikel<\/p>\n<\/td>\n<td>\n<p>Produktion<\/p>\n<\/td>\n<td>\n<p>Forschung<\/p>\n<\/td>\n<td>\n<p>Dummy<\/p>\n<\/td>\n<\/tr>\n<tr>\n<td colspan=\"4\">\n<p style=\"text-align: center;\">Kristallparameter<\/p>\n<\/td>\n<\/tr>\n<tr>\n<td>\n<p>Polytype<\/p>\n<\/td>\n<td colspan=\"3\">\n<p>4H<\/p>\n<\/td>\n<\/tr>\n<tr>\n<td>\n<p>Oberfl\u00e4chenorientierungsfehler<\/p>\n<\/td>\n<td colspan=\"3\">\n<p>4\u00b10.15\u00b0<\/p>\n<\/td>\n<\/tr>\n<tr>\n<td colspan=\"4\">\n<p style=\"text-align: center;\">Elektrische Parameter<\/p>\n<\/td>\n<\/tr>\n<tr>\n<td>\n<p>Dopant<\/p>\n<\/td>\n<td colspan=\"3\">\n<p>Stickstoff vom Typ N<\/p>\n<\/td>\n<\/tr>\n<tr>\n<td>\n<p>Widerstand<\/p>\n<\/td>\n<td colspan=\"3\">\n<p>0,015-0.025OHM \u00b7 cm<\/p>\n<\/td>\n<\/tr>\n<tr>\n<td colspan=\"4\">\n<p style=\"text-align: center;\">Mechanische Parameter<\/p>\n<\/td>\n<\/tr>\n<tr>\n<td>\n<p>Durchmesser<\/p>\n<\/td>\n<td colspan=\"3\">\n<p>150,0 \u00b1 0,2 mm<\/p>\n<\/td>\n<\/tr>\n<tr>\n<td>\n<p>Dicke<\/p>\n<\/td>\n<td colspan=\"3\">\n<p>350 \u00b1 25 \u00b5m<\/p>\n<\/td>\n<\/tr>\n<tr>\n<td>\n<p>Prim\u00e4re flache Orientierung<\/p>\n<\/td>\n<td colspan=\"3\">\n<p>[1-100]\u00b15\u00b0<\/p>\n<\/td>\n<\/tr>\n<tr>\n<td>\n<p>Prim\u00e4re flache L\u00e4nge<\/p>\n<\/td>\n<td colspan=\"3\">\n<p>47,5 \u00b1 1,5 mm<\/p>\n<\/td>\n<\/tr>\n<tr>\n<td>\n<p>Sekund\u00e4re flache<\/p>\n<\/td>\n<td colspan=\"3\">\n<p>Keiner<\/p>\n<\/td>\n<\/tr>\n<tr>\n<td>\n<p>Ttv<\/p>\n<\/td>\n<td>\n<p>\u22645 \u00b5m<\/p>\n<\/td>\n<td>\n<p>\u226410 \u00b5m<\/p>\n<\/td>\n<td>\n<p>\u226415 \u00b5m<\/p>\n<\/td>\n<\/tr>\n<tr>\n<td>\n<p>LTV<\/p>\n<\/td>\n<td>\n<p>\u22643 \u03bcm (5 mm*5 mm)<\/p>\n<\/td>\n<td>\n<p>\u22645 \u03bcm (5 mm*5 mm)<\/p>\n<\/td>\n<td>\n<p>\u226410 \u03bcm (5 mm*5 mm)<\/p>\n<\/td>\n<\/tr>\n<tr>\n<td>\n<p>Bogen<\/p>\n<\/td>\n<td>\n<p>-15 \u03bcm ~ 15 \u03bcm<\/p>\n<\/td>\n<td>\n<p>-35 \u03bcm ~ 35 \u03bcm<\/p>\n<\/td>\n<td>\n<p>-45 \u03bcm ~ 45 \u03bcm<\/p>\n<\/td>\n<\/tr>\n<tr>\n<td>\n<p>Kette<\/p>\n<\/td>\n<td>\n<p>\u226435 \u00b5m<\/p>\n<\/td>\n<td>\n<p>\u226445 \u00b5m<\/p>\n<\/td>\n<td>\n<p>\u226455 \u00b5m<\/p>\n<\/td>\n<\/tr>\n<tr>\n<td>\n<p>Front (Si-Face) Rauheit (AFM)<\/p>\n<\/td>\n<td colspan=\"3\">\n<p>Ra \u2264 0,2 nm (5 &amp; mgr; m*5 \u03bcm)<\/p>\n<\/td>\n<\/tr>\n<tr>\n<td colspan=\"4\">\n<p style=\"text-align: center;\">Struktur<\/p>\n<\/td>\n<\/tr>\n<tr>\n<td>\n<p>Mikropipe -Dichte<\/p>\n<\/td>\n<td>\n<p>&lt;1 EA\/CM2<\/p>\n<\/td>\n<td>\n<p>&lt;10 EA\/CM2<\/p>\n<\/td>\n<td>\n<p>&lt;15 EA\/CM2<\/p>\n<\/td>\n<\/tr>\n<tr>\n<td>\n<p>Metallverunreinigungen<\/p>\n<\/td>\n<td colspan=\"2\">\n<p>\u22645E10atoms\/cm2<\/p>\n<\/td>\n<td>\n<p>N \/ A<\/p>\n<\/td>\n<\/tr>\n<tr>\n<td>\n<p>BPD<\/p>\n<\/td>\n<td>\n<p>\u22641500 EA\/CM2<\/p>\n<\/td>\n<td>\n<p>\u22643000 EA\/CM2<\/p>\n<\/td>\n<td>\n<p>N \/ A<\/p>\n<\/td>\n<\/tr>\n<tr>\n<td>\n<p>TSD<\/p>\n<\/td>\n<td>\n<p>\u2264500 EA\/CM2<\/p>\n<\/td>\n<td>\n<p>\u22641000 EA\/CM2<\/p>\n<\/td>\n<td>\n<p>N \/ A<\/p>\n<\/td>\n<\/tr>\n<tr>\n<td colspan=\"4\">\n<p style=\"text-align: center;\">Frontqualit\u00e4t<\/p>\n<\/td>\n<\/tr>\n<tr>\n<td>\n<p>Front<\/p>\n<\/td>\n<td colspan=\"3\">\n<p>Si<\/p>\n<\/td>\n<\/tr>\n<tr>\n<td>\n<p>Oberfl\u00e4chenbeschaffung<\/p>\n<\/td>\n<td colspan=\"3\">\n<p>Si-Face CMP<\/p>\n<\/td>\n<\/tr>\n<tr>\n<td>\n<p>Partikel<\/p>\n<\/td>\n<td>\n<p>\u226460ea\/Wafer (Gr\u00f6\u00dfe \u2265 0,3 \u03bcm)<\/p>\n<\/td>\n<td colspan=\"2\">\n<p>N \/ A<\/p>\n<\/td>\n<\/tr>\n<tr>\n<td>\n<p>Kratzer<\/p>\n<\/td>\n<td>\n<p>\u22645ea\/mm. Kumulative L\u00e4nge \u2264 Diameter<\/p>\n<\/td>\n<td>\n<p>Kumulative L\u00e4nge \u2264 2*Durchmesser<\/p>\n<\/td>\n<td>\n<p>N \/ A<\/p>\n<\/td>\n<\/tr>\n<tr>\n<td>\n<p>Orangenschale\/Pits\/Flecken\/Streifen\/Risse\/Kontamination<\/p>\n<\/td>\n<td colspan=\"2\">\n<p>Keiner<\/p>\n<\/td>\n<td>\n<p>N \/ A<\/p>\n<\/td>\n<\/tr>\n<tr>\n<td>\n<p>Kantenchips\/Eingeweide\/Fraktur-\/Sechskantplatten<\/p>\n<\/td>\n<td colspan=\"3\">\n<p>Keiner<\/p>\n<\/td>\n<\/tr>\n<tr>\n<td>\n<p>Polytyperbereiche<\/p>\n<\/td>\n<td>\n<p>Keiner<\/p>\n<\/td>\n<td>\n<p>Kumulative Fl\u00e4che \u2264 2010TP3T<\/p>\n<\/td>\n<td>\n<p>Kumulative Fl\u00e4che \u2264 30%<\/p>\n<\/td>\n<\/tr>\n<tr>\n<td>\n<p>Frontlasermarkierung<\/p>\n<\/td>\n<td colspan=\"3\">\n<p>Keiner<\/p>\n<\/td>\n<\/tr>\n<tr>\n<td colspan=\"4\">\n<p style=\"text-align: center;\">R\u00fcckenqualit\u00e4t<\/p>\n<\/td>\n<\/tr>\n<tr>\n<td>\n<p>R\u00fcckbeschluss<\/p>\n<\/td>\n<td colspan=\"3\">\n<p>C-Face CMP<\/p>\n<\/td>\n<\/tr>\n<tr>\n<td>\n<p>Kratzer<\/p>\n<\/td>\n<td>\n<p>\u22645ea\/mm, kumulative L\u00e4nge \u2264 2*Durchmesser<\/p>\n<\/td>\n<td colspan=\"2\">\n<p>N \/ A<\/p>\n<\/td>\n<\/tr>\n<tr>\n<td>\n<p>R\u00fcckenfehler (Kantenchips\/Eingebiete)<\/p>\n<\/td>\n<td colspan=\"3\">\n<p>Keiner<\/p>\n<\/td>\n<\/tr>\n<tr>\n<td>\n<p>R\u00fcckenrauheit<\/p>\n<\/td>\n<td colspan=\"3\">\n<p>Ra \u2264 0,2 nm (5 &amp; mgr; m*5 \u03bcm)<\/p>\n<\/td>\n<\/tr>\n<tr>\n<td>\n<p>R\u00fcckmarkierung von Laser<\/p>\n<\/td>\n<td colspan=\"3\">\n<p>1 mm (von der Oberkante)<\/p>\n<\/td>\n<\/tr>\n<tr>\n<td colspan=\"4\">\n<p style=\"text-align: center;\">Rand<\/p>\n<\/td>\n<\/tr>\n<tr>\n<td>\n<p>Rand<\/p>\n<\/td>\n<td colspan=\"3\">\n<p>Chamfer<\/p>\n<\/td>\n<\/tr>\n<tr>\n<td colspan=\"4\">\n<p style=\"text-align: center;\">Packaging<\/p>\n<\/td>\n<\/tr>\n<tr>\n<td>\n<p>Packaging<\/p>\n<\/td>\n<td colspan=\"3\">\n<p>Epi-ready with vacuum packaging<\/p>\n<p>Multi-wafer cassette packaging<\/p>\n<\/td>\n<\/tr>\n<tr>\n<td colspan=\"4\">\n<p style=\"text-align: center;\">*Notes\uff1a \u201cNA\u201d means no request Items not mentioned may refer to SEMI-STD.<\/p>\n<\/td>\n<\/tr>\n<\/tbody>\n<\/table><\/div>\n<\/p><\/div>\n<\/p><\/div>\n<\/p><\/div>\n<\/p><\/div>\n<\/p><\/div>\n<div class=\"fl-col-group fl-node-66beead820d3f\" data-node=\"66beead820d3f\">\n<div class=\"fl-col fl-node-66beead820d81\" data-node=\"66beead820d81\" style=\"width: 100%;\">\n<div class=\"fl-col-content fl-node-content\">\n<div class=\"fl-module fl-module-photo fl-node-66beead820dc2\" data-animation-delay=\"0.0\" data-node=\"66beead820dc2\">\n<div class=\"fl-module-content fl-node-content\">\n<div class=\"fl-photo fl-photo-align-center\" itemscope=\"\" itemtype=\"http:\/\/schema.org\/ImageObject\">\n<div class=\"fl-photo-content fl-photo-img-png\"> <img decoding=\"async\" alt=\"tech_1_2_size\" class=\"fl-photo-img wp-image-2173\" itemprop=\"image\" src=\"\/wp-content\/uploads\/2025\/09\/e3ee0b4147c636ee.webp\"> <\/img><\/div>\n<\/p><\/div>\n<\/p><\/div>\n<\/p><\/div>\n<\/p><\/div>\n<\/p><\/div>\n<\/p><\/div>\n<div class=\"fl-col-group fl-node-66beead820c7c\" data-node=\"66beead820c7c\">\n<div class=\"fl-col fl-node-66beead820cbd\" data-node=\"66beead820cbd\" style=\"width: 100%;\">\n<div class=\"fl-col-content fl-node-content\">\n<div class=\"fl-module fl-module-photo fl-node-66beead820cfe\" data-animation-delay=\"0.0\" data-node=\"66beead820cfe\">\n<div class=\"fl-module-content fl-node-content\">\n<div class=\"fl-photo fl-photo-align-center\" itemscope=\"\" itemtype=\"http:\/\/schema.org\/ImageObject\">\n<div class=\"fl-photo-content fl-photo-img-jpg\"> <img decoding=\"async\" alt=\"SiC wafers\" class=\"fl-photo-img wp-image-2174\" itemprop=\"image\" src=\"\/wp-content\/uploads\/2025\/09\/4530d9462eb0bb0b.webp\"> <\/img><\/div>\n<\/p><\/div>\n<\/p><\/div>\n<\/p><\/div>\n<\/p><\/div>\n<\/p><\/div>\n<\/p><\/div>\n<\/p><\/div>\n<\/p><\/div>\n<\/p><\/div>\n<\/div>","protected":false},"excerpt":{"rendered":"<p>Semiceras 8-Zoll-N-Typ-Wafer werden f\u00fcr hochmoderne Anwendungen in Hochleistungs- und Hochfrequenzelektronik entwickelt. Diese Wafer bieten \u00fcberlegene elektrische und thermische Eigenschaften und gew\u00e4hrleisten eine effiziente Leistung in anspruchsvollen Umgebungen. Semicera liefert Innovation und Zuverl\u00e4ssigkeit in Halbleitermaterialien.<\/p>","protected":false},"featured_media":1053,"comment_status":"closed","ping_status":"open","template":"","meta":[],"product_brand":[],"product_cat":[31,42],"product_tag":[],"class_list":{"0":"post-1415","1":"product","2":"type-product","3":"status-publish","4":"has-post-thumbnail","6":"product_cat-more-ceramic-products","7":"product_cat-silicon-nitride-ceramic","9":"first","10":"instock","11":"product-type-simple"},"_links":{"self":[{"href":"https:\/\/www.cn-semiconductorparts.com\/de\/wp-json\/wp\/v2\/product\/1415","targetHints":{"allow":["GET"]}}],"collection":[{"href":"https:\/\/www.cn-semiconductorparts.com\/de\/wp-json\/wp\/v2\/product"}],"about":[{"href":"https:\/\/www.cn-semiconductorparts.com\/de\/wp-json\/wp\/v2\/types\/product"}],"replies":[{"embeddable":true,"href":"https:\/\/www.cn-semiconductorparts.com\/de\/wp-json\/wp\/v2\/comments?post=1415"}],"wp:featuredmedia":[{"embeddable":true,"href":"https:\/\/www.cn-semiconductorparts.com\/de\/wp-json\/wp\/v2\/media\/1053"}],"wp:attachment":[{"href":"https:\/\/www.cn-semiconductorparts.com\/de\/wp-json\/wp\/v2\/media?parent=1415"}],"wp:term":[{"taxonomy":"product_brand","embeddable":true,"href":"https:\/\/www.cn-semiconductorparts.com\/de\/wp-json\/wp\/v2\/product_brand?post=1415"},{"taxonomy":"product_cat","embeddable":true,"href":"https:\/\/www.cn-semiconductorparts.com\/de\/wp-json\/wp\/v2\/product_cat?post=1415"},{"taxonomy":"product_tag","embeddable":true,"href":"https:\/\/www.cn-semiconductorparts.com\/de\/wp-json\/wp\/v2\/product_tag?post=1415"}],"curies":[{"name":"wp","href":"https:\/\/api.w.org\/{rel}","templated":true}]}}