{"id":1447,"date":"2025-09-11T05:29:06","date_gmt":"2025-09-11T05:29:06","guid":{"rendered":"https:\/\/weitai2.globaldeepsea.site\/product\/ald-atomic-layer-deposition-planetary-susceptor\/"},"modified":"2026-04-29T15:33:33","modified_gmt":"2026-04-29T07:33:33","slug":"ald-atomic-layer-deposition-planetary-susceptor","status":"publish","type":"product","link":"https:\/\/www.cn-semiconductorparts.com\/de\/product\/ald-atomic-layer-deposition-planetary-susceptor\/","title":{"rendered":"ALD Atomic Layer Deposition Planetary Susceptor"},"content":{"rendered":"<div class=\"fl-builder-content fl-builder-content-9636 fl-builder-content-primary fl-builder-global-templates-locked\" data-post-id=\"9636\">\n<div class=\"fl-row fl-row-full-width fl-row-bg-none fl-node-66a36d4036375\" data-node=\"66a36d4036375\">\n<div class=\"fl-row-content-wrap\">\n<div class=\"fl-row-content fl-row-full-width fl-node-content\">\n<div class=\"fl-col-group fl-node-66a36d46a346e\" data-node=\"66a36d46a346e\">\n<div class=\"fl-col fl-node-66a36d46a3612\" data-node=\"66a36d46a3612\" style=\"width: 100%;\">\n<div class=\"fl-col-content fl-node-content\">\n<div class=\"fl-module fl-module-rich-text fl-node-66a36d46a332d\" data-animation-delay=\"0.0\" data-node=\"66a36d46a332d\">\n<div class=\"fl-module-content fl-node-content\">\n<div class=\"fl-rich-text\">\n<p>Atomic Layer Deposition (ALD) ist eine chemische Dampfabscheidungstechnologie, die d\u00fcnne Filmeschicht f\u00fcr Schicht w\u00e4chst, indem zwei oder mehr Vorl\u00e4ufermolek\u00fcle injiziert werden. ALD hat die Vorteile von hoher Kontrolle und Gleichm\u00e4\u00dfigkeit und kann in Halbleiterger\u00e4ten, optoelektronischen Ger\u00e4ten, Energiespeicherger\u00e4ten und anderen Feldern h\u00e4ufig eingesetzt werden. Die Grundprinzipien von ALD umfassen die Adsorption der Vorl\u00e4ufer, die Oberfl\u00e4chenreaktion und die Nebenproduktentfernung, und mehrschichtige Materialien k\u00f6nnen gebildet werden, indem diese Schritte in einem Zyklus wiederholt werden. ALD hat die Merkmale und Vorteile von hoher Kontrolle, Gleichm\u00e4\u00dfigkeit und nicht-por\u00f6ser Struktur und kann zur Ablagerung einer Vielzahl von Substratmaterialien und verschiedenen Materialien verwendet werden.<\/p>\n<\/p><\/div>\n<\/p><\/div>\n<\/p><\/div>\n<div class=\"fl-module fl-module-photo fl-node-66a36e67c76f9\" data-animation-delay=\"0.0\" data-node=\"66a36e67c76f9\">\n<div class=\"fl-module-content fl-node-content\">\n<div class=\"fl-photo fl-photo-align-center\" itemscope=\"\" itemtype=\"http:\/\/schema.org\/ImageObject\">\n<div class=\"fl-photo-content fl-photo-img-jpg\"> <img decoding=\"async\" alt=\"ALD Atomic Layer Deposition Planetary Susceptor (1)\" class=\"fl-photo-img wp-image-9643\" itemprop=\"image\" src=\"\/wp-content\/uploads\/2025\/09\/a43d91e4badd11c6.webp\"> <\/img><\/div>\n<\/p><\/div>\n<\/p><\/div>\n<\/p><\/div>\n<div class=\"fl-module fl-module-rich-text fl-node-66a36de7b0a03\" data-animation-delay=\"0.0\" data-node=\"66a36de7b0a03\">\n<div class=\"fl-module-content fl-node-content\">\n<div class=\"fl-rich-text\">\n<p><strong>ALD hat die folgenden Eigenschaften und Vorteile:<\/strong><br \/><strong>1. hohe Kontrollierbarkeit:<\/strong> Da ALD ein Schicht-f\u00fcr-Schicht-Wachstumsprozess ist, kann die Dicke und Zusammensetzung jeder Materialschicht genau kontrolliert werden.<br \/><strong>2. Gleichm\u00e4\u00dfigkeit:<\/strong> ALD kann Materialien auf der gesamten Substratoberfl\u00e4che gleichm\u00e4\u00dfig ablegen, um die Unebenheit zu vermeiden, die bei anderen Abscheidungstechnologien auftreten kann.<br \/><strong>3.. Nicht-Por\u00f6se Struktur:<\/strong> Da ALD in Einheiten von einzelnen Atomen oder Einzelmolek\u00fclen abgelagert ist, hat der resultierende Film normalerweise eine dichte, nicht-por\u00f6se Struktur.<br \/><strong>4.. Gute Abdeckungsleistung:<\/strong> ALD kann effektiv hohe Aspektverh\u00e4ltnisstrukturen wie Nanopore -Arrays, Materialien mit hoher Porosit\u00e4t usw. abdecken.<br \/><strong>5. Skalierbarkeit:<\/strong> ALD kann f\u00fcr eine Vielzahl von Substratmaterialien verwendet werden, darunter Metalle, Halbleiter, Glas usw.<br \/><strong>6. Vielseitigkeit:<\/strong> Durch die Auswahl verschiedener Vorl\u00e4ufermolek\u00fcle kann eine Vielzahl verschiedener Materialien im ALD -Prozess abgelagert werden, wie Metalloxide, Sulfide, Nitriden usw.<\/p>\n<\/p><\/div>\n<\/p><\/div>\n<\/p><\/div>\n<\/p><\/div>\n<\/p><\/div>\n<\/p><\/div>\n<div class=\"fl-col-group fl-node-66a36e0e5baff\" data-node=\"66a36e0e5baff\">\n<div class=\"fl-col fl-node-66a36e0e5bccd\" data-node=\"66a36e0e5bccd\" style=\"width: 100%;\">\n<div class=\"fl-col-content fl-node-content\">\n<div class=\"fl-module fl-module-photo fl-node-66a36e0e5b9c7\" data-animation-delay=\"0.0\" data-node=\"66a36e0e5b9c7\">\n<div class=\"fl-module-content fl-node-content\">\n<div class=\"fl-photo fl-photo-align-center\" itemscope=\"\" itemtype=\"http:\/\/schema.org\/ImageObject\">\n<div class=\"fl-photo-content fl-photo-img-png\"> <img decoding=\"async\" alt=\"123123123\" class=\"fl-photo-img wp-image-9641\" itemprop=\"image\" src=\"\/wp-content\/uploads\/2025\/09\/3e7af11e6a3f7414.webp\"> <\/img><\/div>\n<\/p><\/div>\n<\/p><\/div>\n<\/p><\/div>\n<div class=\"fl-module fl-module-photo fl-node-66a36ec338013\" data-animation-delay=\"0.0\" data-node=\"66a36ec338013\">\n<div class=\"fl-module-content fl-node-content\">\n<div class=\"fl-photo fl-photo-align-center\" itemscope=\"\" itemtype=\"http:\/\/schema.org\/ImageObject\">\n<div class=\"fl-photo-content fl-photo-img-png\"> <img decoding=\"async\" alt=\"640 (5)\" class=\"fl-photo-img wp-image-9645\" itemprop=\"image\" src=\"\/wp-content\/uploads\/2025\/09\/3a31c9dacefa35a5.webp\"> <\/img><\/div>\n<\/p><\/div>\n<\/p><\/div>\n<\/p><\/div>\n<\/p><\/div>\n<\/p><\/div>\n<\/p><\/div>\n<div class=\"fl-col-group fl-node-66a36d40363b5\" data-node=\"66a36d40363b5\">\n<div class=\"fl-col fl-node-66a36d40363f3\" data-node=\"66a36d40363f3\" style=\"width: 100%;\">\n<div class=\"fl-col-content fl-node-content\">\n<div class=\"fl-module fl-module-photo fl-node-66a36d4036431\" data-animation-delay=\"0.0\" data-node=\"66a36d4036431\">\n<div class=\"fl-module-content fl-node-content\">\n<div class=\"fl-photo fl-photo-align-center\" itemscope=\"\" itemtype=\"http:\/\/schema.org\/ImageObject\">\n<div class=\"fl-photo-content fl-photo-img-jpg\"> <img decoding=\"async\" alt=\"SEMICERA -Arbeitsplatz\" class=\"fl-photo-img wp-image-9038\" itemprop=\"image\" src=\"\/wp-content\/uploads\/2025\/09\/b1dd0bcab1675ff4.webp\"> <\/img><\/div>\n<\/p><\/div>\n<\/p><\/div>\n<\/p><\/div>\n<div class=\"fl-module fl-module-photo fl-node-66a36d4036566\" data-animation-delay=\"0.0\" data-node=\"66a36d4036566\">\n<div class=\"fl-module-content fl-node-content\">\n<div class=\"fl-photo fl-photo-align-center\" itemscope=\"\" itemtype=\"http:\/\/schema.org\/ImageObject\">\n<div class=\"fl-photo-content fl-photo-img-jpg\"> <img decoding=\"async\" alt=\"Semizelle Arbeitsplatz 2\" class=\"fl-photo-img wp-image-9037\" itemprop=\"image\" src=\"\/wp-content\/uploads\/2025\/09\/2b946d2b4b61306d.webp\"> <\/img><\/div>\n<\/p><\/div>\n<\/p><\/div>\n<\/p><\/div>\n<div class=\"fl-module fl-module-photo fl-node-66a36d4036528\" data-animation-delay=\"0.0\" data-node=\"66a36d4036528\">\n<div class=\"fl-module-content fl-node-content\">\n<div class=\"fl-photo fl-photo-align-center\" itemscope=\"\" itemtype=\"http:\/\/schema.org\/ImageObject\">\n<div class=\"fl-photo-content fl-photo-img-jpg\"> <img decoding=\"async\" alt=\"Ausr\u00fcstungsmaschine\" class=\"fl-photo-img wp-image-9034 size-full\" itemprop=\"image\" src=\"\/wp-content\/uploads\/2025\/09\/081b6529d68ead23.webp\"> <\/img><\/div>\n<\/p><\/div>\n<\/p><\/div>\n<\/p><\/div>\n<div class=\"fl-module fl-module-photo fl-node-66a36d40364ea\" data-animation-delay=\"0.0\" data-node=\"66a36d40364ea\">\n<div class=\"fl-module-content fl-node-content\">\n<div class=\"fl-photo fl-photo-align-center\" itemscope=\"\" itemtype=\"http:\/\/schema.org\/ImageObject\">\n<div class=\"fl-photo-content fl-photo-img-jpg\"> <img decoding=\"async\" alt=\"CNN -Verarbeitung, chemische Reinigung, CVD -Beschichtung\" class=\"fl-photo-img wp-image-9033\" itemprop=\"image\" src=\"\/wp-content\/uploads\/2025\/09\/a4132b2b399abbac.webp\"> <\/img><\/div>\n<\/p><\/div>\n<\/p><\/div>\n<\/p><\/div>\n<div class=\"fl-module fl-module-photo fl-node-66a36d40364ad\" data-animation-delay=\"0.0\" data-node=\"66a36d40364ad\">\n<div class=\"fl-module-content fl-node-content\">\n<div class=\"fl-photo fl-photo-align-center\" itemscope=\"\" itemtype=\"http:\/\/schema.org\/ImageObject\">\n<div class=\"fl-photo-content fl-photo-img-jpg\"> <img decoding=\"async\" alt=\"Semizera Ware House\" class=\"fl-photo-img wp-image-9036\" itemprop=\"image\" src=\"\/wp-content\/uploads\/2025\/09\/2190bb9ce5c1d546.webp\"> <\/img><\/div>\n<\/p><\/div>\n<\/p><\/div>\n<\/p><\/div>\n<div class=\"fl-module fl-module-photo fl-node-66a36d403646f\" data-animation-delay=\"0.0\" data-node=\"66a36d403646f\">\n<div class=\"fl-module-content fl-node-content\">\n<div class=\"fl-photo fl-photo-align-center\" itemscope=\"\" itemtype=\"http:\/\/schema.org\/ImageObject\">\n<div class=\"fl-photo-content fl-photo-img-jpg\"> <img decoding=\"async\" alt=\"Unser Service\" class=\"fl-photo-img wp-image-9035\" itemprop=\"image\" src=\"\/wp-content\/uploads\/2025\/09\/b07f222c0ec0ab8d.webp\"\/> <\/div>\n<\/p><\/div>\n<\/p><\/div>\n<\/p><\/div>\n<\/p><\/div>\n<\/p><\/div>\n<\/p><\/div>\n<\/p><\/div>\n<\/p><\/div>\n<\/p><\/div>\n<\/div>","protected":false},"excerpt":{"rendered":"<p>Der planetarische Suszeptor der ALD Atomic Layer Deposition von Semicera ist f\u00fcr eine pr\u00e4zise und gleichm\u00e4\u00dfige D\u00fcnnfilmabscheidung in der Herstellung von Halbleiter ausgelegt. Die robusten Konstruktion und fortschrittlichen Materialien sorgen f\u00fcr eine hohe Leistung und Langlebigkeit. Semiceras Susceceptor verbessert die Ablagerungsqualit\u00e4t und die Prozesseffizienz und macht es zu einer wesentlichen Komponente f\u00fcr hochmoderne ALD-Anwendungen.<\/p>","protected":false},"featured_media":1029,"comment_status":"closed","ping_status":"open","template":"","meta":[],"product_brand":[],"product_cat":[23,21],"product_tag":[],"class_list":{"0":"post-1447","1":"product","2":"type-product","3":"status-publish","4":"has-post-thumbnail","6":"product_cat-lsotropic-graphite","7":"product_cat-specialty-graphite","9":"first","10":"instock","11":"product-type-simple"},"_links":{"self":[{"href":"https:\/\/www.cn-semiconductorparts.com\/de\/wp-json\/wp\/v2\/product\/1447","targetHints":{"allow":["GET"]}}],"collection":[{"href":"https:\/\/www.cn-semiconductorparts.com\/de\/wp-json\/wp\/v2\/product"}],"about":[{"href":"https:\/\/www.cn-semiconductorparts.com\/de\/wp-json\/wp\/v2\/types\/product"}],"replies":[{"embeddable":true,"href":"https:\/\/www.cn-semiconductorparts.com\/de\/wp-json\/wp\/v2\/comments?post=1447"}],"wp:featuredmedia":[{"embeddable":true,"href":"https:\/\/www.cn-semiconductorparts.com\/de\/wp-json\/wp\/v2\/media\/1029"}],"wp:attachment":[{"href":"https:\/\/www.cn-semiconductorparts.com\/de\/wp-json\/wp\/v2\/media?parent=1447"}],"wp:term":[{"taxonomy":"product_brand","embeddable":true,"href":"https:\/\/www.cn-semiconductorparts.com\/de\/wp-json\/wp\/v2\/product_brand?post=1447"},{"taxonomy":"product_cat","embeddable":true,"href":"https:\/\/www.cn-semiconductorparts.com\/de\/wp-json\/wp\/v2\/product_cat?post=1447"},{"taxonomy":"product_tag","embeddable":true,"href":"https:\/\/www.cn-semiconductorparts.com\/de\/wp-json\/wp\/v2\/product_tag?post=1447"}],"curies":[{"name":"wp","href":"https:\/\/api.w.org\/{rel}","templated":true}]}}