{"id":1453,"date":"2025-09-11T05:29:13","date_gmt":"2025-09-11T05:29:13","guid":{"rendered":"https:\/\/weitai2.globaldeepsea.site\/product\/silicon-carbide-ceramics-sic-seal-ring\/"},"modified":"2025-09-11T05:29:13","modified_gmt":"2025-09-11T05:29:13","slug":"silicon-carbide-ceramics-sic-seal-ring","status":"publish","type":"product","link":"https:\/\/www.cn-semiconductorparts.com\/de\/product\/silicon-carbide-ceramics-sic-seal-ring\/","title":{"rendered":"SIC -Robbenring von Siliziumkarbidkeramik (sic)"},"content":{"rendered":"<div class=\"fl-builder-content fl-builder-content-9390 fl-builder-content-primary fl-builder-global-templates-locked\" data-post-id=\"9390\">\n<div class=\"fl-row fl-row-full-width fl-row-bg-none fl-node-6687ac73c639f\" data-node=\"6687ac73c639f\">\n<div class=\"fl-row-content-wrap\">\n<div class=\"fl-row-content fl-row-full-width fl-node-content\">\n<div class=\"fl-col-group fl-node-6687ac73c63e2\" data-node=\"6687ac73c63e2\">\n<div class=\"fl-col fl-node-6687ac73c6424\" data-node=\"6687ac73c6424\" style=\"width: 100%;\">\n<div class=\"fl-col-content fl-node-content\">\n<div class=\"fl-module fl-module-rich-text fl-node-6687ac73c6465\" data-animation-delay=\"0.0\" data-node=\"6687ac73c6465\">\n<div class=\"fl-module-content fl-node-content\">\n<div class=\"fl-rich-text\">\n<p>Siliziumkarbidkeramik (SIC) Dichtungsring ist ein Versiegelungselement aus Siliziumkarbidkeramikmaterial und in mechanischen Dichtungsanwendungen verwendet. Siliziumkarbid-Ceramics (SIC) -Dichtungsring verwendet Siliziumcarbid als Hauptkomponente und verf\u00fcgt \u00fcber hervorragende physikalische und chemische Eigenschaften. Daher wird es in verschiedenen Industriefeldern, die eine Hochleistungsversiegelung erfordern, h\u00e4ufig verwendet.<\/p>\n<p>Siliziumkarbid ist eine neue Art von Keramik mit hoher Kostenleistung und hervorragenden Materialeigenschaften. Aufgrund von Merkmalen wie hoher Festigkeit und H\u00e4rte, hoher Temperaturbest\u00e4ndigkeit, gro\u00dfer thermischer Leitf\u00e4higkeit und chemischer Korrosionsbest\u00e4ndigkeit kann Siliziumcarbid fast dem gesamten chemischen Medium standhalten. Daher werden SIC in \u00d6labbau, Chemikalie, Maschinen und Luftraum, sogar Kernenergie und das Milit\u00e4r ihre besonderen Anforderungen an SIC, h\u00e4ufig eingesetzt. Einige normale Anwendungen, die wir anbieten k\u00f6nnen, sind Dichtungsringe f\u00fcr Pumpe, Ventil und Schutzpanzer usw.<\/p>\n<p><span style=\"font-family: 'Segoe UI';\">Kann sehr komplexe Strukturen machen;\u00a0<\/span><span style=\"font-family: 'Segoe UI';\">Es kann bei 1400 \u2103 verwendet werden;\u00a0<\/span><span style=\"font-family: 'Segoe UI';\">Hohe H\u00e4rte, sehr abgenutzt; resistent;\u00a0<\/span><span style=\"font-family: 'Segoe UI';\">Hohe Korrosionsbest\u00e4ndigkeit; Wir k\u00f6nnen nach Ihrer spezifischen Gr\u00f6\u00dfe entwerfen und herstellen.<\/span><\/p>\n<\/p><\/div>\n<\/p><\/div>\n<\/p><\/div>\n<\/p><\/div>\n<\/p><\/div>\n<\/p><\/div>\n<div class=\"fl-col-group fl-node-6687ac73c666f\" data-node=\"6687ac73c666f\">\n<div class=\"fl-col fl-node-6687ad018b6e8 fl-col-small\" data-node=\"6687ad018b6e8\" style=\"width: 50%;\">\n<div class=\"fl-col-content fl-node-content\">\n<div class=\"fl-module fl-module-photo fl-node-6687ac9d4f90a\" data-animation-delay=\"0.0\" data-node=\"6687ac9d4f90a\">\n<div class=\"fl-module-content fl-node-content\">\n<div class=\"fl-photo fl-photo-align-center\" itemscope=\"\" itemtype=\"http:\/\/schema.org\/ImageObject\">\n<div class=\"fl-photo-content fl-photo-img-png\"> <img decoding=\"async\" alt=\"Bild 16\" class=\"fl-photo-img wp-image-9395\" itemprop=\"image\" src=\"\/wp-content\/uploads\/2025\/09\/b0da0b54542f7e6f.webp\"> <\/img><\/div>\n<\/p><\/div>\n<\/p><\/div>\n<\/p><\/div>\n<\/p><\/div>\n<\/p><\/div>\n<div class=\"fl-col fl-node-6687ac73c66b0 fl-col-small\" data-node=\"6687ac73c66b0\" style=\"width: 50%;\">\n<div class=\"fl-col-content fl-node-content\">\n<div class=\"fl-module fl-module-photo fl-node-6687ac73c66f1\" data-animation-delay=\"0.0\" data-node=\"6687ac73c66f1\">\n<div class=\"fl-module-content fl-node-content\">\n<div class=\"fl-photo fl-photo-align-center\" itemscope=\"\" itemtype=\"http:\/\/schema.org\/ImageObject\">\n<div class=\"fl-photo-content fl-photo-img-png\"> <img decoding=\"async\" alt=\"Bild 18\" class=\"fl-photo-img wp-image-9396\" itemprop=\"image\" src=\"\/wp-content\/uploads\/2025\/09\/dc8d8f65b269a2b7.webp\"> <\/img><\/div>\n<\/p><\/div>\n<\/p><\/div>\n<\/p><\/div>\n<\/p><\/div>\n<\/p><\/div>\n<\/p><\/div>\n<div class=\"fl-col-group fl-node-6687ac73c64a6\" data-node=\"6687ac73c64a6\">\n<div class=\"fl-col fl-node-6687ac73c64e8\" data-node=\"6687ac73c64e8\" style=\"width: 100%;\">\n<div class=\"fl-col-content fl-node-content\">\n<div class=\"fl-module fl-module-rich-text fl-node-6687ac73c6529\" data-animation-delay=\"0.0\" data-node=\"6687ac73c6529\">\n<div class=\"fl-module-content fl-node-content\">\n<div class=\"fl-rich-text\">\n<p>Hauptmerkmale:<\/p>\n<p>1. Verschlei\u00dffestigkeit: Siliziumkarbidkeramik haben extrem hohe H\u00e4rte und eine hervorragende Verschlei\u00dffestigkeit. Es kann eine lange Lebensdauer unter Hochgeschwindigkeits- und Hochsektorbedingungen aufrechterhalten und das Risiko von Verschlei\u00df und Versiegelungsversagen verringern.<\/p>\n<p>2. Korrosionsresistenz: Siliziumcarbidkeramik haben eine hervorragende Korrosionsbest\u00e4ndigkeit und k\u00f6nnen Erosion durch S\u00e4uren, Alkalien, L\u00f6sungsmittel und viele \u00e4tzende Medien widerstehen. Dies macht Siliziumkarbiddichtungen in verschiedenen korrosiven Umgebungen geeignet.<\/p>\n<p>3. Hochtemperaturstabilit\u00e4t: Siliziumkarbidkeramik kann ihre Struktur und Leistungsstabilit\u00e4t unter hohen Temperaturbedingungen aufrechterhalten. Es kann hohen Temperaturen von Tausenden von Grad Celsius standhalten, sodass es in Hochtemperaturversiegelungsanwendungen gut funktioniert.<\/p>\n<p>4. Niedriger Reibungskoeffizient: Die Siliziumkarbidkeramik hat einen geringen Reibungskoeffizienten, der die Reibung und W\u00e4rmeerzeugung verringert, Energieverlust und Verschlei\u00df verringert und die Dichtungseffizienz verbessert.<\/p>\n<p>5. Ausgezeichnete Versiegelungsleistung: Siliziumkarbid -Keramikringe k\u00f6nnen zuverl\u00e4ssige Versiegelungsleistung liefern, mittelschwerer Leckagen und Verunreinigungen in den Dichtbereich effektiv verhindern und den sicheren Betrieb der Ger\u00e4te sicherstellen.<\/p>\n<\/p><\/div>\n<\/p><\/div>\n<\/p><\/div>\n<\/p><\/div>\n<\/p><\/div>\n<\/p><\/div>\n<\/p><\/div>\n<\/p><\/div>\n<\/p><\/div>\n<div class=\"fl-row fl-row-full-width fl-row-bg-none fl-node-6687ad281b4f8\" data-node=\"6687ad281b4f8\">\n<div class=\"fl-row-content-wrap\">\n<div class=\"fl-row-content fl-row-full-width fl-node-content\">\n<div class=\"fl-col-group fl-node-6687ad281b53e\" data-node=\"6687ad281b53e\">\n<div class=\"fl-col fl-node-6687ad281b582\" data-node=\"6687ad281b582\" style=\"width: 100%;\">\n<div class=\"fl-col-content fl-node-content\">\n<div class=\"fl-module fl-module-photo fl-node-6687ad281b5c3\" data-animation-delay=\"0.0\" data-node=\"6687ad281b5c3\">\n<div class=\"fl-module-content fl-node-content\">\n<div class=\"fl-photo fl-photo-align-center\" itemscope=\"\" itemtype=\"http:\/\/schema.org\/ImageObject\">\n<div class=\"fl-photo-content fl-photo-img-jpg\"> <img decoding=\"async\" alt=\"SEMICERA -Arbeitsplatz\" class=\"fl-photo-img wp-image-9038\" itemprop=\"image\" src=\"\/wp-content\/uploads\/2025\/09\/b1dd0bcab1675ff4.webp\"> <\/img><\/div>\n<\/p><\/div>\n<\/p><\/div>\n<\/p><\/div>\n<div class=\"fl-module fl-module-photo fl-node-6687ad281b70e\" data-animation-delay=\"0.0\" data-node=\"6687ad281b70e\">\n<div class=\"fl-module-content fl-node-content\">\n<div class=\"fl-photo fl-photo-align-center\" itemscope=\"\" itemtype=\"http:\/\/schema.org\/ImageObject\">\n<div class=\"fl-photo-content fl-photo-img-jpg\"> <img decoding=\"async\" alt=\"Semizelle Arbeitsplatz 2\" class=\"fl-photo-img wp-image-9037\" itemprop=\"image\" src=\"\/wp-content\/uploads\/2025\/09\/2b946d2b4b61306d.webp\"> <\/img><\/div>\n<\/p><\/div>\n<\/p><\/div>\n<\/p><\/div>\n<div class=\"fl-module fl-module-photo fl-node-6687ad281b6cd\" data-animation-delay=\"0.0\" data-node=\"6687ad281b6cd\">\n<div class=\"fl-module-content fl-node-content\">\n<div class=\"fl-photo fl-photo-align-center\" itemscope=\"\" itemtype=\"http:\/\/schema.org\/ImageObject\">\n<div class=\"fl-photo-content fl-photo-img-jpg\"> <img decoding=\"async\" alt=\"Ausr\u00fcstungsmaschine\" class=\"fl-photo-img wp-image-9034 size-full\" itemprop=\"image\" src=\"\/wp-content\/uploads\/2025\/09\/081b6529d68ead23.webp\"> <\/img><\/div>\n<\/p><\/div>\n<\/p><\/div>\n<\/p><\/div>\n<div class=\"fl-module fl-module-photo fl-node-6687ad281b687\" data-animation-delay=\"0.0\" data-node=\"6687ad281b687\">\n<div class=\"fl-module-content fl-node-content\">\n<div class=\"fl-photo fl-photo-align-center\" itemscope=\"\" itemtype=\"http:\/\/schema.org\/ImageObject\">\n<div class=\"fl-photo-content fl-photo-img-jpg\"> <img decoding=\"async\" alt=\"CNN -Verarbeitung, chemische Reinigung, CVD -Beschichtung\" class=\"fl-photo-img wp-image-9033\" itemprop=\"image\" src=\"\/wp-content\/uploads\/2025\/09\/a4132b2b399abbac.webp\"> <\/img><\/div>\n<\/p><\/div>\n<\/p><\/div>\n<\/p><\/div>\n<div class=\"fl-module fl-module-photo fl-node-6687ad281b646\" data-animation-delay=\"0.0\" data-node=\"6687ad281b646\">\n<div class=\"fl-module-content fl-node-content\">\n<div class=\"fl-photo fl-photo-align-center\" itemscope=\"\" itemtype=\"http:\/\/schema.org\/ImageObject\">\n<div class=\"fl-photo-content fl-photo-img-jpg\"> <img decoding=\"async\" alt=\"Semizera Ware House\" class=\"fl-photo-img wp-image-9036\" itemprop=\"image\" src=\"\/wp-content\/uploads\/2025\/09\/2190bb9ce5c1d546.webp\"\/> <\/div>\n<\/p><\/div>\n<\/p><\/div>\n<\/p><\/div>\n<div class=\"fl-module fl-module-photo fl-node-6687ad281b604\" data-animation-delay=\"0.0\" data-node=\"6687ad281b604\">\n<div class=\"fl-module-content fl-node-content\">\n<div class=\"fl-photo fl-photo-align-center\" itemscope=\"\" itemtype=\"http:\/\/schema.org\/ImageObject\">\n<div class=\"fl-photo-content fl-photo-img-jpg\"> <img decoding=\"async\" alt=\"Unser Service\" class=\"fl-photo-img wp-image-9035\" itemprop=\"image\" src=\"\/wp-content\/uploads\/2025\/09\/b07f222c0ec0ab8d.webp\"\/> <\/div>\n<\/p><\/div>\n<\/p><\/div>\n<\/p><\/div>\n<\/p><\/div>\n<\/p><\/div>\n<\/p><\/div>\n<\/p><\/div>\n<\/p><\/div>\n<\/p><\/div>\n<\/div>","protected":false},"excerpt":{"rendered":"<p>Siliziumkarbidkeramik (SIC) Dichtungsring ist ein Hochleistungsdichtungselement mit Verschlei\u00dffestigkeit, Korrosionsbest\u00e4ndigkeit und Hochtemperaturstabilit\u00e4t. Sie spielen eine wichtige Rolle im industriellen Bereich und bieten zuverl\u00e4ssige Versiegelungsleistung und sch\u00fctzen Ger\u00e4te vor Leckagen und Verschlei\u00df.<\/p>","protected":false},"featured_media":874,"comment_status":"closed","ping_status":"open","template":"","meta":[],"product_brand":[],"product_cat":[25,24],"product_tag":[],"class_list":{"0":"post-1453","1":"product","2":"type-product","3":"status-publish","4":"has-post-thumbnail","6":"product_cat-more-sic-product","7":"product_cat-silicon-carbide-ceramic","9":"first","10":"instock","11":"product-type-simple"},"_links":{"self":[{"href":"https:\/\/www.cn-semiconductorparts.com\/de\/wp-json\/wp\/v2\/product\/1453","targetHints":{"allow":["GET"]}}],"collection":[{"href":"https:\/\/www.cn-semiconductorparts.com\/de\/wp-json\/wp\/v2\/product"}],"about":[{"href":"https:\/\/www.cn-semiconductorparts.com\/de\/wp-json\/wp\/v2\/types\/product"}],"replies":[{"embeddable":true,"href":"https:\/\/www.cn-semiconductorparts.com\/de\/wp-json\/wp\/v2\/comments?post=1453"}],"wp:featuredmedia":[{"embeddable":true,"href":"https:\/\/www.cn-semiconductorparts.com\/de\/wp-json\/wp\/v2\/media\/874"}],"wp:attachment":[{"href":"https:\/\/www.cn-semiconductorparts.com\/de\/wp-json\/wp\/v2\/media?parent=1453"}],"wp:term":[{"taxonomy":"product_brand","embeddable":true,"href":"https:\/\/www.cn-semiconductorparts.com\/de\/wp-json\/wp\/v2\/product_brand?post=1453"},{"taxonomy":"product_cat","embeddable":true,"href":"https:\/\/www.cn-semiconductorparts.com\/de\/wp-json\/wp\/v2\/product_cat?post=1453"},{"taxonomy":"product_tag","embeddable":true,"href":"https:\/\/www.cn-semiconductorparts.com\/de\/wp-json\/wp\/v2\/product_tag?post=1453"}],"curies":[{"name":"wp","href":"https:\/\/api.w.org\/{rel}","templated":true}]}}