{"id":1455,"date":"2025-09-11T05:29:13","date_gmt":"2025-09-11T05:29:13","guid":{"rendered":"https:\/\/weitai2.globaldeepsea.site\/product\/silicon-carbide-ceramic-mandrel\/"},"modified":"2025-09-11T05:29:14","modified_gmt":"2025-09-11T05:29:14","slug":"silicon-carbide-ceramic-mandrel","status":"publish","type":"product","link":"https:\/\/www.cn-semiconductorparts.com\/de\/product\/silicon-carbide-ceramic-mandrel\/","title":{"rendered":"Siliziumkarbidkeramikdorn"},"content":{"rendered":"<div class=\"fl-builder-content fl-builder-content-9400 fl-builder-content-primary fl-builder-global-templates-locked\" data-post-id=\"9400\">\n<div class=\"fl-row fl-row-full-width fl-row-bg-none fl-node-6687af8fb2466\" data-node=\"6687af8fb2466\">\n<div class=\"fl-row-content-wrap\">\n<div class=\"fl-row-content fl-row-full-width fl-node-content\">\n<div class=\"fl-col-group fl-node-6687b01a5526a\" data-node=\"6687b01a5526a\">\n<div class=\"fl-col fl-node-6687b01a55415\" data-node=\"6687b01a55415\" style=\"width: 100%;\">\n<div class=\"fl-col-content fl-node-content\">\n<div class=\"fl-module fl-module-rich-text fl-node-6687b01a5511b\" data-animation-delay=\"0.0\" data-node=\"6687b01a5511b\">\n<div class=\"fl-module-content fl-node-content\">\n<div class=\"fl-rich-text\">\n<p>Silicon carbide ceramic mandrel is a rod-shaped element made of silicon carbide ceramic material. Silicon carbide ceramic mandrel has excellent physical and chemical properties and is widely used in industrial fields under high temperature, high pressure and corrosive environments.<\/p>\n<p>Siliziumkarbid ist eine neue Art von Keramik mit hoher Kostenleistung und hervorragenden Materialeigenschaften. Aufgrund von Merkmalen wie hoher Festigkeit und H\u00e4rte, hoher Temperaturbest\u00e4ndigkeit, gro\u00dfer thermischer Leitf\u00e4higkeit und chemischer Korrosionsbest\u00e4ndigkeit kann Siliziumcarbid fast dem gesamten chemischen Medium standhalten. Daher werden SIC in \u00d6labbau, Chemikalie, Maschinen und Luftraum, sogar Kernenergie und das Milit\u00e4r ihre besonderen Anforderungen an SIC, h\u00e4ufig eingesetzt. Einige normale Anwendungen, die wir anbieten k\u00f6nnen, sind Dichtungsringe f\u00fcr Pumpe, Ventil und Schutzpanzer usw.<\/p>\n<\/p><\/div>\n<\/p><\/div>\n<\/p><\/div>\n<\/p><\/div>\n<\/p><\/div>\n<\/p><\/div>\n<div class=\"fl-col-group fl-node-6687b075b4238\" data-node=\"6687b075b4238\">\n<div class=\"fl-col fl-node-6687b07db6e59 fl-col-small\" data-node=\"6687b07db6e59\" style=\"width: 50%;\">\n<div class=\"fl-col-content fl-node-content\">\n<div class=\"fl-module fl-module-photo fl-node-6687b07945ff5\" data-animation-delay=\"0.0\" data-node=\"6687b07945ff5\">\n<div class=\"fl-module-content fl-node-content\">\n<div class=\"fl-photo fl-photo-align-center\" itemscope=\"\" itemtype=\"http:\/\/schema.org\/ImageObject\">\n<div class=\"fl-photo-content fl-photo-img-png\"> <img decoding=\"async\" alt=\"\u56fe\u7247 15\" class=\"fl-photo-img wp-image-9413\" itemprop=\"image\" src=\"\/wp-content\/uploads\/2025\/09\/d47633ab98c298d1.webp\"> <\/img><\/div>\n<\/p><\/div>\n<\/p><\/div>\n<\/p><\/div>\n<\/p><\/div>\n<\/p><\/div>\n<div class=\"fl-col fl-node-6687b075b4474 fl-col-small\" data-node=\"6687b075b4474\" style=\"width: 50%;\">\n<div class=\"fl-col-content fl-node-content\">\n<div class=\"fl-module fl-module-rich-text fl-node-6687b05daf077\" data-animation-delay=\"0.0\" data-node=\"6687b05daf077\">\n<div class=\"fl-module-content fl-node-content\">\n<div class=\"fl-rich-text\">\n<p>Form und Gr\u00f6\u00dfe k\u00f6nnen gem\u00e4\u00df den Anforderungen angepasst werden<\/p>\n<p>Sehr hohe H\u00e4rte (HV10): 22,2 (GPA)<\/p>\n<p>Sehr niedrige Dichte (3,10-3,20 g\/cm\u00b3)<\/p>\n<p>Bei Temperaturen von bis zu 1400 \u00b0 C kann SIC sogar seine St\u00e4rke aufrechterhalten<\/p>\n<p>Aufgrund seiner chemischen und physikalischen Stabilit\u00e4t weist SIC eine hohe H\u00e4rte und Korrosionsbest\u00e4ndigkeit auf.<\/p>\n<\/p><\/div>\n<\/p><\/div>\n<\/p><\/div>\n<\/p><\/div>\n<\/p><\/div>\n<\/p><\/div>\n<div class=\"fl-col-group fl-node-6687afa7842b4\" data-node=\"6687afa7842b4\">\n<div class=\"fl-col fl-node-6687b00283e4e fl-col-small\" data-node=\"6687b00283e4e\" style=\"width: 50%;\">\n<div class=\"fl-col-content fl-node-content\">\n<div class=\"fl-module fl-module-photo fl-node-6687afff162d8\" data-animation-delay=\"0.0\" data-node=\"6687afff162d8\">\n<div class=\"fl-module-content fl-node-content\">\n<div class=\"fl-photo fl-photo-align-center\" itemscope=\"\" itemtype=\"http:\/\/schema.org\/ImageObject\">\n<div class=\"fl-photo-content fl-photo-img-png\"> <img decoding=\"async\" alt=\"\u56fe\u7247 14\" class=\"fl-photo-img wp-image-9410 size-full\" itemprop=\"image\" src=\"\/wp-content\/uploads\/2025\/09\/32a51cec59e02ff0.webp\"> <\/img><\/div>\n<\/p><\/div>\n<\/p><\/div>\n<\/p><\/div>\n<\/p><\/div>\n<\/p><\/div>\n<div class=\"fl-col fl-node-6687afa78443e fl-col-small\" data-node=\"6687afa78443e\" style=\"width: 50%;\">\n<div class=\"fl-col-content fl-node-content\">\n<div class=\"fl-module fl-module-photo fl-node-6687afce942e8\" data-animation-delay=\"0.0\" data-node=\"6687afce942e8\">\n<div class=\"fl-module-content fl-node-content\">\n<div class=\"fl-photo fl-photo-align-center\" itemscope=\"\" itemtype=\"http:\/\/schema.org\/ImageObject\">\n<div class=\"fl-photo-content fl-photo-img-png\"> <img decoding=\"async\" alt=\"\u56fe\u7247 13\" class=\"fl-photo-img wp-image-9411\" itemprop=\"image\" src=\"\/wp-content\/uploads\/2025\/09\/1a98696e55893dd0.webp\"> <\/img><\/div>\n<\/p><\/div>\n<\/p><\/div>\n<\/p><\/div>\n<\/p><\/div>\n<\/p><\/div>\n<\/p><\/div>\n<div class=\"fl-col-group fl-node-6687af8fb341d\" data-node=\"6687af8fb341d\">\n<div class=\"fl-col fl-node-6687af8fb35a5\" data-node=\"6687af8fb35a5\" style=\"width: 100%;\">\n<div class=\"fl-col-content fl-node-content\">\n<div class=\"fl-module fl-module-rich-text fl-node-6687af8fb230b\" data-animation-delay=\"0.0\" data-node=\"6687af8fb230b\">\n<div class=\"fl-module-content fl-node-content\">\n<div class=\"fl-rich-text\">\n<p>Hauptmerkmale:<\/p>\n<p>1. High temperature stability: Silicon carbide ceramic mandrel can maintain the stability of its structure and performance in high temperature environment. It can withstand extremely high temperatures and has excellent heat resistance, which is suitable for applications in high temperature processes and equipment.<\/p>\n<p>2. Corrosion resistance: Silicon carbide ceramic mandrel has excellent corrosion resistance and can resist the erosion of acids, alkalis, solvents and some corrosive media. It will not react chemically or be corroded in a corrosive environment, maintaining its original performance and stability.<\/p>\n<p>3. Wear resistance: Silicon carbide ceramic mandrel has extremely high hardness and wear resistance, and can maintain a low wear rate under high speed and high friction conditions. This makes it have a long life and reliability in a severe wear environment.<\/p>\n<p>4. Excellent insulation performance: Silicon carbide ceramic mandrel has good insulation performance and can provide reliable insulation protection under high voltage and high electric field conditions. It is widely used in high-voltage equipment and insulation components in the fields of power, electronics and semiconductors.<\/p>\n<p>5. Lightweight and high strength: Silicon carbide ceramic mandrels have low density and high strength, and have excellent mechanical properties. They have high bending and tensile strength and can withstand high pressure and mechanical stress.<\/p>\n<\/p><\/div>\n<\/p><\/div>\n<\/p><\/div>\n<\/p><\/div>\n<\/p><\/div>\n<\/p><\/div>\n<\/p><\/div>\n<\/p><\/div>\n<\/p><\/div>\n<div class=\"fl-row fl-row-full-width fl-row-bg-none fl-node-6687b0c195538\" data-node=\"6687b0c195538\">\n<div class=\"fl-row-content-wrap\">\n<div class=\"fl-row-content fl-row-full-width fl-node-content\">\n<div class=\"fl-col-group fl-node-6687b0c195579\" data-node=\"6687b0c195579\">\n<div class=\"fl-col fl-node-6687b0c1955b7\" data-node=\"6687b0c1955b7\" style=\"width: 100%;\">\n<div class=\"fl-col-content fl-node-content\">\n<div class=\"fl-module fl-module-photo fl-node-6687b0c1955f5\" data-animation-delay=\"0.0\" data-node=\"6687b0c1955f5\">\n<div class=\"fl-module-content fl-node-content\">\n<div class=\"fl-photo fl-photo-align-center\" itemscope=\"\" itemtype=\"http:\/\/schema.org\/ImageObject\">\n<div class=\"fl-photo-content fl-photo-img-jpg\"> <img decoding=\"async\" alt=\"SEMICERA -Arbeitsplatz\" class=\"fl-photo-img wp-image-9038\" itemprop=\"image\" src=\"\/wp-content\/uploads\/2025\/09\/b1dd0bcab1675ff4.webp\"> <\/img><\/div>\n<\/p><\/div>\n<\/p><\/div>\n<\/p><\/div>\n<div class=\"fl-module fl-module-photo fl-node-6687b0c19572d\" data-animation-delay=\"0.0\" data-node=\"6687b0c19572d\">\n<div class=\"fl-module-content fl-node-content\">\n<div class=\"fl-photo fl-photo-align-center\" itemscope=\"\" itemtype=\"http:\/\/schema.org\/ImageObject\">\n<div class=\"fl-photo-content fl-photo-img-jpg\"> <img decoding=\"async\" alt=\"Semizelle Arbeitsplatz 2\" class=\"fl-photo-img wp-image-9037\" itemprop=\"image\" src=\"\/wp-content\/uploads\/2025\/09\/2b946d2b4b61306d.webp\"> <\/img><\/div>\n<\/p><\/div>\n<\/p><\/div>\n<\/p><\/div>\n<div class=\"fl-module fl-module-photo fl-node-6687b0c1956ef\" data-animation-delay=\"0.0\" data-node=\"6687b0c1956ef\">\n<div class=\"fl-module-content fl-node-content\">\n<div class=\"fl-photo fl-photo-align-center\" itemscope=\"\" itemtype=\"http:\/\/schema.org\/ImageObject\">\n<div class=\"fl-photo-content fl-photo-img-jpg\"> <img decoding=\"async\" alt=\"Ausr\u00fcstungsmaschine\" class=\"fl-photo-img wp-image-9034 size-full\" itemprop=\"image\" src=\"\/wp-content\/uploads\/2025\/09\/081b6529d68ead23.webp\"\/> <\/div>\n<\/p><\/div>\n<\/p><\/div>\n<\/p><\/div>\n<div class=\"fl-module fl-module-photo fl-node-6687b0c1956a5\" data-animation-delay=\"0.0\" data-node=\"6687b0c1956a5\">\n<div class=\"fl-module-content fl-node-content\">\n<div class=\"fl-photo fl-photo-align-center\" itemscope=\"\" itemtype=\"http:\/\/schema.org\/ImageObject\">\n<div class=\"fl-photo-content fl-photo-img-jpg\"> <img decoding=\"async\" alt=\"CNN -Verarbeitung, chemische Reinigung, CVD -Beschichtung\" class=\"fl-photo-img wp-image-9033\" itemprop=\"image\" src=\"\/wp-content\/uploads\/2025\/09\/a4132b2b399abbac.webp\"\/> <\/div>\n<\/p><\/div>\n<\/p><\/div>\n<\/p><\/div>\n<div class=\"fl-module fl-module-photo fl-node-6687b0c195667\" data-animation-delay=\"0.0\" data-node=\"6687b0c195667\">\n<div class=\"fl-module-content fl-node-content\">\n<div class=\"fl-photo fl-photo-align-center\" itemscope=\"\" itemtype=\"http:\/\/schema.org\/ImageObject\">\n<div class=\"fl-photo-content fl-photo-img-jpg\"> <img decoding=\"async\" alt=\"Semizera Ware House\" class=\"fl-photo-img wp-image-9036\" itemprop=\"image\" src=\"\/wp-content\/uploads\/2025\/09\/2190bb9ce5c1d546.webp\"\/> <\/div>\n<\/p><\/div>\n<\/p><\/div>\n<\/p><\/div>\n<div class=\"fl-module fl-module-photo fl-node-6687b0c195633\" data-animation-delay=\"0.0\" data-node=\"6687b0c195633\">\n<div class=\"fl-module-content fl-node-content\">\n<div class=\"fl-photo fl-photo-align-center\" itemscope=\"\" itemtype=\"http:\/\/schema.org\/ImageObject\">\n<div class=\"fl-photo-content fl-photo-img-jpg\"> <img decoding=\"async\" alt=\"Unser Service\" class=\"fl-photo-img wp-image-9035\" itemprop=\"image\" src=\"\/wp-content\/uploads\/2025\/09\/b07f222c0ec0ab8d.webp\"\/> <\/div>\n<\/p><\/div>\n<\/p><\/div>\n<\/p><\/div>\n<\/p><\/div>\n<\/p><\/div>\n<\/p><\/div>\n<\/p><\/div>\n<\/p><\/div>\n<\/p><\/div>\n<\/div>","protected":false},"excerpt":{"rendered":"<p>Silicon carbide ceramic mandrel is a high-performance ceramic component with high temperature stability, corrosion resistance and wear resistance. Silicon carbide ceramic mandrel plays an important role in harsh industrial environments and is suitable for various applications under high temperature, high pressure and corrosive media.<\/p>","protected":false},"featured_media":848,"comment_status":"closed","ping_status":"open","template":"","meta":[],"product_brand":[],"product_cat":[25,24],"product_tag":[],"class_list":{"0":"post-1455","1":"product","2":"type-product","3":"status-publish","4":"has-post-thumbnail","6":"product_cat-more-sic-product","7":"product_cat-silicon-carbide-ceramic","9":"first","10":"instock","11":"product-type-simple"},"_links":{"self":[{"href":"https:\/\/www.cn-semiconductorparts.com\/de\/wp-json\/wp\/v2\/product\/1455","targetHints":{"allow":["GET"]}}],"collection":[{"href":"https:\/\/www.cn-semiconductorparts.com\/de\/wp-json\/wp\/v2\/product"}],"about":[{"href":"https:\/\/www.cn-semiconductorparts.com\/de\/wp-json\/wp\/v2\/types\/product"}],"replies":[{"embeddable":true,"href":"https:\/\/www.cn-semiconductorparts.com\/de\/wp-json\/wp\/v2\/comments?post=1455"}],"wp:featuredmedia":[{"embeddable":true,"href":"https:\/\/www.cn-semiconductorparts.com\/de\/wp-json\/wp\/v2\/media\/848"}],"wp:attachment":[{"href":"https:\/\/www.cn-semiconductorparts.com\/de\/wp-json\/wp\/v2\/media?parent=1455"}],"wp:term":[{"taxonomy":"product_brand","embeddable":true,"href":"https:\/\/www.cn-semiconductorparts.com\/de\/wp-json\/wp\/v2\/product_brand?post=1455"},{"taxonomy":"product_cat","embeddable":true,"href":"https:\/\/www.cn-semiconductorparts.com\/de\/wp-json\/wp\/v2\/product_cat?post=1455"},{"taxonomy":"product_tag","embeddable":true,"href":"https:\/\/www.cn-semiconductorparts.com\/de\/wp-json\/wp\/v2\/product_tag?post=1455"}],"curies":[{"name":"wp","href":"https:\/\/api.w.org\/{rel}","templated":true}]}}