{"id":1457,"date":"2025-09-11T05:29:13","date_gmt":"2025-09-11T05:29:13","guid":{"rendered":"https:\/\/weitai2.globaldeepsea.site\/product\/sic-micro-reaction-tubes\/"},"modified":"2025-09-11T05:29:14","modified_gmt":"2025-09-11T05:29:14","slug":"sic-micro-reaction-tubes","status":"publish","type":"product","link":"https:\/\/www.cn-semiconductorparts.com\/de\/product\/sic-micro-reaction-tubes\/","title":{"rendered":"SiC -Mikro -Reaktionsrohre"},"content":{"rendered":"<div class=\"fl-builder-content fl-builder-content-9278 fl-builder-content-primary fl-builder-global-templates-locked\" data-post-id=\"9278\">\n<div class=\"fl-row fl-row-full-width fl-row-bg-none fl-node-66851849b6150\" data-node=\"66851849b6150\">\n<div class=\"fl-row-content-wrap\">\n<div class=\"fl-row-content fl-row-full-width fl-node-content\">\n<div class=\"fl-col-group fl-node-6685191d20411\" data-node=\"6685191d20411\">\n<div class=\"fl-col fl-node-6685191d206c8\" data-node=\"6685191d206c8\" style=\"width: 100%;\">\n<div class=\"fl-col-content fl-node-content\">\n<div class=\"fl-module fl-module-rich-text fl-node-66851902ec4e8\" data-animation-delay=\"0.0\" data-node=\"66851902ec4e8\">\n<div class=\"fl-module-content fl-node-content\">\n<div class=\"fl-rich-text\">\n<p>SIC -Mikro -Reaktionsrohre haben einen hervorragenden hohen Temperaturwiderstand und k\u00f6nnen unter hohen Temperaturbedingungen stabil arbeiten. Die hohe thermische Leitf\u00e4higkeit und die thermische Stabilit\u00e4t von Siliziumcarbidmaterialien erm\u00f6glichen es den Mikroreaktoren, die Reaktionstemperatur schnell zu leiten und zu dispergieren, die Reaktionstemperatur effektiv steuern und somit eine effiziente thermische Management- und Temperaturkontrolle erreichen. Dies bietet eine ideale Umgebung f\u00fcr Hochtemperaturreaktionen und verbessert die Reaktionsraten und die Selektivit\u00e4t.<\/p>\n<p>Dar\u00fcber hinaus weisen SIC -Mikro -Reaktionsrohre eine ausgezeichnete chemische Stabilit\u00e4t auf und k\u00f6nnen Erosion und Korrosion aus einer Vielzahl von Chemikalien widerstehen. SIC -Mikro -Reaktionsrohre haben eine gute Toleranz gegen\u00fcber gemeinsamen Reaktanten wie S\u00e4uren, Basen und L\u00f6sungsmitteln, wodurch die lange Lebensdauer und Zuverl\u00e4ssigkeit des Reaktionsrohrs gew\u00e4hrleistet ist. Die inerte Oberfl\u00e4che von Siliziumcarbidmaterialien reduziert auch unn\u00f6tige Reaktantenadsorption und Kontamination, wodurch die Reinheit und Konsistenz der Reaktion aufrechterhalten wird.<\/p>\n<p>Das Mikrodesign von SIC -Mikro -Reaktionsr\u00f6hrchen verleiht ihnen ein hohes Verh\u00e4ltnis von Oberfl\u00e4che zu Volumen und sorgt f\u00fcr eine h\u00f6here Reaktionseffizienz und schnellere Reaktionsraten. Die Mikrokanalstruktur des Mikroreaktors erm\u00f6glicht einen hohen Grad an Fluidkontrolle und -mischung, wodurch genaue Reaktionsbedingungen und ein gleichm\u00e4\u00dfiger Materialaustausch erreicht werden. Dies l\u00e4sst SIC -Mikro -Reaktionsrohre in Anwendungen wie Mikrofluidik, Arzneimittelsynthese, katalytische Reaktionen und biochemische Analysen ein gro\u00dfes Potenzial aufweisen.<\/p>\n<p>Die Anpassbarkeit und Kompatibilit\u00e4t von SIC -Mikro -Reaktionsrohre macht sie f\u00fcr eine Vielzahl von Labor- und Industrieanwendungen geeignet. Sie k\u00f6nnen in herk\u00f6mmliche Laborger\u00e4te und Automatisierungssysteme integriert werden, um Hochdurchsatz- und hocheffiziente Reaktionsprozesse zu erreichen. Die Zuverl\u00e4ssigkeit und Pr\u00e4zision von SIC -Mikro -Reaktionsrohre macht sie zu einer idealen Wahl f\u00fcr Forscher und Ingenieure, um innovativ zu sein und zu optimieren.<\/p>\n<\/p><\/div>\n<\/p><\/div>\n<\/p><\/div>\n<\/p><\/div>\n<\/p><\/div>\n<\/p><\/div>\n<div class=\"fl-col-group fl-node-66851849b6195\" data-node=\"66851849b6195\">\n<div class=\"fl-col fl-node-66851849b62e3\" data-node=\"66851849b62e3\" style=\"width: 100%;\">\n<div class=\"fl-col-content fl-node-content\">\n<div class=\"fl-module fl-module-photo fl-node-66851921e4600\" data-animation-delay=\"0.0\" data-node=\"66851921e4600\">\n<div class=\"fl-module-content fl-node-content\">\n<div class=\"fl-photo fl-photo-align-center\" itemscope=\"\" itemtype=\"http:\/\/schema.org\/ImageObject\">\n<div class=\"fl-photo-content fl-photo-img-jpg\"> <img decoding=\"async\" alt=\"Sic micro reaktionsrohre_proc\" class=\"fl-photo-img wp-image-9281\" itemprop=\"image\" src=\"\/wp-content\/uploads\/2025\/09\/cc1535e32bb8922e.webp\"> <\/img><\/div>\n<\/p><\/div>\n<\/p><\/div>\n<\/p><\/div>\n<\/p><\/div>\n<\/p><\/div>\n<\/p><\/div>\n<div class=\"fl-col-group fl-node-66851849b6221\" data-node=\"66851849b6221\">\n<div class=\"fl-col fl-node-66851849b6262 fl-col-has-cols\" data-node=\"66851849b6262\" style=\"width: 100%;\">\n<div class=\"fl-col-content fl-node-content\">\n<div class=\"fl-module fl-module-heading fl-node-66851849b62a3\" data-animation-delay=\"0.0\" data-node=\"66851849b62a3\">\n<div class=\"fl-module-content fl-node-content\">\n<h3 class=\"fl-heading\"> <span class=\"fl-heading-text\">Technische Parameter:<\/span> <\/h3>\n<\/p><\/div>\n<\/p><\/div>\n<div class=\"fl-col-group fl-node-66851849b64a7 fl-col-group-nested\" data-node=\"66851849b64a7\">\n<div class=\"fl-col fl-node-66851849b6364\" data-node=\"66851849b6364\" style=\"width: 100%;\">\n<div class=\"fl-col-content fl-node-content\">\n<div class=\"fl-module fl-module-photo fl-node-66851849b65ac\" data-animation-delay=\"0.0\" data-node=\"66851849b65ac\">\n<div class=\"fl-module-content fl-node-content\">\n<div class=\"fl-photo fl-photo-align-center\" itemscope=\"\" itemtype=\"http:\/\/schema.org\/ImageObject\">\n<div class=\"fl-photo-content fl-photo-img-png\"> <img decoding=\"async\" alt=\"Siliziumkarbidparameter\" class=\"fl-photo-img wp-image-3336\" itemprop=\"image\" src=\"\/wp-content\/uploads\/2025\/09\/f34bdb8e2db1ea64.webp\"> <\/img><\/div>\n<\/p><\/div>\n<\/p><\/div>\n<\/p><\/div>\n<\/p><\/div>\n<\/p><\/div>\n<\/p><\/div>\n<\/p><\/div>\n<\/p><\/div>\n<\/p><\/div>\n<\/p><\/div>\n<\/p><\/div>\n<\/p><\/div>\n<div class=\"fl-row fl-row-full-width fl-row-bg-none fl-node-668518683b2a8\" data-node=\"668518683b2a8\">\n<div class=\"fl-row-content-wrap\">\n<div class=\"fl-row-content fl-row-full-width fl-node-content\">\n<div class=\"fl-col-group fl-node-668518683b2eb\" data-node=\"668518683b2eb\">\n<div class=\"fl-col fl-node-668518683b32b\" data-node=\"668518683b32b\" style=\"width: 100%;\">\n<div class=\"fl-col-content fl-node-content\">\n<div class=\"fl-module fl-module-photo fl-node-668518683b36b\" data-animation-delay=\"0.0\" data-node=\"668518683b36b\">\n<div class=\"fl-module-content fl-node-content\">\n<div class=\"fl-photo fl-photo-align-center\" itemscope=\"\" itemtype=\"http:\/\/schema.org\/ImageObject\">\n<div class=\"fl-photo-content fl-photo-img-jpg\"> <img decoding=\"async\" alt=\"SEMICERA -Arbeitsplatz\" class=\"fl-photo-img wp-image-9038\" itemprop=\"image\" src=\"\/wp-content\/uploads\/2025\/09\/b1dd0bcab1675ff4.webp\"> <\/img><\/div>\n<\/p><\/div>\n<\/p><\/div>\n<\/p><\/div>\n<div class=\"fl-module fl-module-photo fl-node-668518683b4ac\" data-animation-delay=\"0.0\" data-node=\"668518683b4ac\">\n<div class=\"fl-module-content fl-node-content\">\n<div class=\"fl-photo fl-photo-align-center\" itemscope=\"\" itemtype=\"http:\/\/schema.org\/ImageObject\">\n<div class=\"fl-photo-content fl-photo-img-jpg\"> <img decoding=\"async\" alt=\"Semizelle Arbeitsplatz 2\" class=\"fl-photo-img wp-image-9037\" itemprop=\"image\" src=\"\/wp-content\/uploads\/2025\/09\/2b946d2b4b61306d.webp\"> <\/img><\/div>\n<\/p><\/div>\n<\/p><\/div>\n<\/p><\/div>\n<div class=\"fl-module fl-module-photo fl-node-668518683b46b\" data-animation-delay=\"0.0\" data-node=\"668518683b46b\">\n<div class=\"fl-module-content fl-node-content\">\n<div class=\"fl-photo fl-photo-align-center\" itemscope=\"\" itemtype=\"http:\/\/schema.org\/ImageObject\">\n<div class=\"fl-photo-content fl-photo-img-jpg\"> <img decoding=\"async\" alt=\"Ausr\u00fcstungsmaschine\" class=\"fl-photo-img wp-image-9034 size-full\" itemprop=\"image\" src=\"\/wp-content\/uploads\/2025\/09\/081b6529d68ead23.webp\"> <\/img><\/div>\n<\/p><\/div>\n<\/p><\/div>\n<\/p><\/div>\n<div class=\"fl-module fl-module-photo fl-node-668518683b42b\" data-animation-delay=\"0.0\" data-node=\"668518683b42b\">\n<div class=\"fl-module-content fl-node-content\">\n<div class=\"fl-photo fl-photo-align-center\" itemscope=\"\" itemtype=\"http:\/\/schema.org\/ImageObject\">\n<div class=\"fl-photo-content fl-photo-img-jpg\"> <img decoding=\"async\" alt=\"CNN -Verarbeitung, chemische Reinigung, CVD -Beschichtung\" class=\"fl-photo-img wp-image-9033\" itemprop=\"image\" src=\"\/wp-content\/uploads\/2025\/09\/a4132b2b399abbac.webp\"> <\/img><\/div>\n<\/p><\/div>\n<\/p><\/div>\n<\/p><\/div>\n<div class=\"fl-module fl-module-photo fl-node-668518683b3eb\" data-animation-delay=\"0.0\" data-node=\"668518683b3eb\">\n<div class=\"fl-module-content fl-node-content\">\n<div class=\"fl-photo fl-photo-align-center\" itemscope=\"\" itemtype=\"http:\/\/schema.org\/ImageObject\">\n<div class=\"fl-photo-content fl-photo-img-jpg\"> <img decoding=\"async\" alt=\"Semizera Ware House\" class=\"fl-photo-img wp-image-9036\" itemprop=\"image\" src=\"\/wp-content\/uploads\/2025\/09\/2190bb9ce5c1d546.webp\"> <\/img><\/div>\n<\/p><\/div>\n<\/p><\/div>\n<\/p><\/div>\n<div class=\"fl-module fl-module-photo fl-node-668518683b3ab\" data-animation-delay=\"0.0\" data-node=\"668518683b3ab\">\n<div class=\"fl-module-content fl-node-content\">\n<div class=\"fl-photo fl-photo-align-center\" itemscope=\"\" itemtype=\"http:\/\/schema.org\/ImageObject\">\n<div class=\"fl-photo-content fl-photo-img-jpg\"> <img decoding=\"async\" alt=\"Unser Service\" class=\"fl-photo-img wp-image-9035\" itemprop=\"image\" src=\"\/wp-content\/uploads\/2025\/09\/b07f222c0ec0ab8d.webp\"> <\/img><\/div>\n<\/p><\/div>\n<\/p><\/div>\n<\/p><\/div>\n<\/p><\/div>\n<\/p><\/div>\n<\/p><\/div>\n<\/p><\/div>\n<\/p><\/div>\n<\/p><\/div>\n<\/div>","protected":false},"excerpt":{"rendered":"<p>SIC -Mikro -Reaktionsrohre sind ein fortschrittlicher Mikroreaktor, der f\u00fcr effiziente und pr\u00e4zise Reaktionsprozesse in den chemischen und biologischen Feldern verwendet wird. Die SIC -Mikro -Reaktionsrohre haben f\u00fcr seine einzigartigen physikalischen und chemischen Eigenschaften, die eine hervorragende Reaktionsleistung und hervorragende Kontrollf\u00e4higkeit erm\u00f6glichen, gro\u00dfe Aufmerksamkeit erregt.<\/p>","protected":false},"featured_media":838,"comment_status":"closed","ping_status":"open","template":"","meta":[],"product_brand":[],"product_cat":[25,24],"product_tag":[],"class_list":{"0":"post-1457","1":"product","2":"type-product","3":"status-publish","4":"has-post-thumbnail","6":"product_cat-more-sic-product","7":"product_cat-silicon-carbide-ceramic","9":"first","10":"instock","11":"product-type-simple"},"_links":{"self":[{"href":"https:\/\/www.cn-semiconductorparts.com\/de\/wp-json\/wp\/v2\/product\/1457","targetHints":{"allow":["GET"]}}],"collection":[{"href":"https:\/\/www.cn-semiconductorparts.com\/de\/wp-json\/wp\/v2\/product"}],"about":[{"href":"https:\/\/www.cn-semiconductorparts.com\/de\/wp-json\/wp\/v2\/types\/product"}],"replies":[{"embeddable":true,"href":"https:\/\/www.cn-semiconductorparts.com\/de\/wp-json\/wp\/v2\/comments?post=1457"}],"wp:featuredmedia":[{"embeddable":true,"href":"https:\/\/www.cn-semiconductorparts.com\/de\/wp-json\/wp\/v2\/media\/838"}],"wp:attachment":[{"href":"https:\/\/www.cn-semiconductorparts.com\/de\/wp-json\/wp\/v2\/media?parent=1457"}],"wp:term":[{"taxonomy":"product_brand","embeddable":true,"href":"https:\/\/www.cn-semiconductorparts.com\/de\/wp-json\/wp\/v2\/product_brand?post=1457"},{"taxonomy":"product_cat","embeddable":true,"href":"https:\/\/www.cn-semiconductorparts.com\/de\/wp-json\/wp\/v2\/product_cat?post=1457"},{"taxonomy":"product_tag","embeddable":true,"href":"https:\/\/www.cn-semiconductorparts.com\/de\/wp-json\/wp\/v2\/product_tag?post=1457"}],"curies":[{"name":"wp","href":"https:\/\/api.w.org\/{rel}","templated":true}]}}