{"id":1460,"date":"2025-09-11T05:29:13","date_gmt":"2025-09-11T05:29:13","guid":{"rendered":"https:\/\/weitai2.globaldeepsea.site\/product\/silicon-carbide-nozzles-for-sulfuric-acid-atomizer\/"},"modified":"2026-04-29T15:33:23","modified_gmt":"2026-04-29T07:33:23","slug":"silicon-carbide-nozzles-for-sulfuric-acid-atomizer","status":"publish","type":"product","link":"https:\/\/www.cn-semiconductorparts.com\/de\/product\/silicon-carbide-nozzles-for-sulfuric-acid-atomizer\/","title":{"rendered":"Siliziumkarbid -D\u00fcsen f\u00fcr Schwefels\u00e4ures\u00e4uger"},"content":{"rendered":"<p><?xml encoding=\"utf-8\" ?><\/p>\n<div class=\"fl-builder-content fl-builder-content-9257 fl-builder-content-primary fl-builder-global-templates-locked\" data-post-id=\"9257\">\n<div class=\"fl-row fl-row-full-width fl-row-bg-none fl-node-6683cb7e0589e\" data-node=\"6683cb7e0589e\">\n<div class=\"fl-row-content-wrap\">\n<div class=\"fl-row-content fl-row-full-width fl-node-content\">\n<div class=\"fl-col-group fl-node-6683cb7e058e7\" data-node=\"6683cb7e058e7\">\n<div class=\"fl-col fl-node-6683cb7e05928\" data-node=\"6683cb7e05928\" style=\"width: 100%;\">\n<div class=\"fl-col-content fl-node-content\">\n<div class=\"fl-module fl-module-rich-text fl-node-6683cb7e05968\" data-animation-delay=\"0.0\" data-node=\"6683cb7e05968\">\n<div class=\"fl-module-content fl-node-content\">\n<div class=\"fl-rich-text\">\n<p>Silicon carbide ceramic nozzle is a nozzle structure made of silicon carbide ceramic material. Used to convert liquid sulfuric acid into fine droplets or mist particles for better mixing, reaction or spraying effects. Silicon carbide ceramic is a high-performance ceramic material with excellent high temperature resistance, corrosion resistance and wear resistance, suitable for a variety of harsh working environments. Used to convert liquid sulfuric acid into fine droplets or mist particles for better mixing, reaction or spraying effects.<\/p>\n<\/p><\/div>\n<\/p><\/div>\n<\/p><\/div>\n<div class=\"fl-module fl-module-rich-text fl-node-6683cf6e03e9a\" data-animation-delay=\"0.0\" data-node=\"6683cf6e03e9a\">\n<div class=\"fl-module-content fl-node-content\">\n<div class=\"fl-rich-text\">\n<p>Silicon carbide is a new type of ceramics with high cost performance and excellent material properties.&nbsp;Due to features like high strength and hardness, high temperature resistance, great thermal conductivity and chemical corrosion resistance, Silicon Carbide can almost withstand all chemical medium. Therefore, SiC are widely used in oil mining, chemical, machinery and airspace, even nuclear energy and the military have their special demands on SIC. Some normal application we can offer are seal rings for pump, valve and protective armor etc.<\/p>\n<p>Wir k\u00f6nnen nach Ihren spezifischen Abmessungen mit guter Qualit\u00e4t und angemessener Zeitzeit entwerfen und herstellen.&nbsp;<\/p>\n<\/p><\/div>\n<\/p><\/div>\n<\/p><\/div>\n<\/p><\/div>\n<\/p><\/div>\n<\/p><\/div>\n<div class=\"fl-col-group fl-node-6683cb7e05b6c\" data-node=\"6683cb7e05b6c\">\n<div class=\"fl-col fl-node-6683cb7e05bab\" data-node=\"6683cb7e05bab\" style=\"width: 100%;\">\n<div class=\"fl-col-content fl-node-content\">\n<div class=\"fl-module fl-module-photo fl-node-6683cb7e05bea\" data-animation-delay=\"0.0\" data-node=\"6683cb7e05bea\">\n<div class=\"fl-module-content fl-node-content\">\n<div class=\"fl-photo fl-photo-align-center\" itemscope=\"\" itemtype=\"http:\/\/schema.org\/ImageObject\">\n<div class=\"fl-photo-content fl-photo-img-png\"> <img decoding=\"async\" alt=\"Silicon carbide nozzle (1)\" class=\"fl-photo-img wp-image-2444\" itemprop=\"image\" src=\"\/wp-content\/uploads\/2025\/09\/658a449355b45954.webp\"> <\/div>\n<\/p><\/div>\n<\/p><\/div>\n<\/p><\/div>\n<\/p><\/div>\n<\/p><\/div>\n<\/p><\/div>\n<div class=\"fl-col-group fl-node-6683cb7e059ab\" data-node=\"6683cb7e059ab\">\n<div class=\"fl-col fl-node-6683cb7e059ec\" data-node=\"6683cb7e059ec\" style=\"width: 100%;\">\n<div class=\"fl-col-content fl-node-content\">\n<div class=\"fl-module fl-module-rich-text fl-node-6683cb7e05a2c\" data-animation-delay=\"0.0\" data-node=\"6683cb7e05a2c\">\n<div class=\"fl-module-content fl-node-content\">\n<div class=\"fl-rich-text\">\n<p><span style=\"font-family: Calibri;\">Anwendungen:<\/span><\/p>\n<p><span style=\"font-family: Calibri;\">-Verschlei\u00df-resistentes Feld: Buchse, Platte, Sandstrahld\u00fcse, Zyklonauskleidung, Schleiflauf usw.\u2026<\/span><\/p>\n<p><span style=\"font-family: Calibri;\">-Hochtemperaturfeld: SIC -Platte, Quenching -Ofenrohr, Strahlungsrohr, Tiegel, Heizelement, Walzen, Strahl, W\u00e4rmetauscher, Kaltluftrohr, Brennerd\u00fcse, Thermoelenteils -Schutzrohr, SIC -Boot, Kilnauto -Struktur, Setter usw.<\/span><\/p>\n<p><span style=\"font-family: Calibri;\">-Milit\u00e4risches kugelsicheres Feld<\/span><\/p>\n<p><span style=\"font-family: Calibri;\">-Siliziumcarbid -Halbleiter: SiC -Waferboot, SIC -Chuck, SIC -Paddel, SiC -Kassette, SiC -Diffusionsrohr, Wafergabel, Saugschild, F\u00fchrungsanleitung usw.<\/span><\/p>\n<p><span style=\"font-family: Calibri;\">-Siliziumkarbiddichtungsfeld: Alle Arten von Dichtungsring, Lager, Buchse usw.<\/span><\/p>\n<p><span style=\"font-family: Calibri;\">-Photovoltaikfeld: Ausleger Paddel, Schleiflauf, Siliziumkarbidwalze usw.<\/span><\/p>\n<p><span style=\"font-family: Calibri;\">-Lithiumbatteriefeld<\/span><\/p>\n<\/p><\/div>\n<\/p><\/div>\n<\/p><\/div>\n<\/p><\/div>\n<\/p><\/div>\n<\/p><\/div>\n<div class=\"fl-col-group fl-node-6683cb7e05a6c\" data-node=\"6683cb7e05a6c\">\n<div class=\"fl-col fl-node-6683cb7e05aac\" data-node=\"6683cb7e05aac\" style=\"width: 100%;\">\n<div class=\"fl-col-content fl-node-content\">\n<div class=\"fl-module fl-module-heading fl-node-6683cb7e05b2c\" data-animation-delay=\"0.0\" data-node=\"6683cb7e05b2c\">\n<div class=\"fl-module-content fl-node-content\">\n<h3 class=\"fl-heading\"> <span class=\"fl-heading-text\">Technical Parameters<\/span> <\/h3>\n<\/p><\/div>\n<\/p><\/div>\n<div class=\"fl-module fl-module-photo fl-node-6683cb7e05aec\" data-animation-delay=\"0.0\" data-node=\"6683cb7e05aec\">\n<div class=\"fl-module-content fl-node-content\">\n<div class=\"fl-photo fl-photo-align-center\" itemscope=\"\" itemtype=\"http:\/\/schema.org\/ImageObject\">\n<div class=\"fl-photo-content fl-photo-img-png\"> <img decoding=\"async\" alt=\"&#22270;&#29255;1\" class=\"fl-photo-img wp-image-2429\" itemprop=\"image\" src=\"\/wp-content\/uploads\/2025\/09\/d989e2953820a92d.webp\"> <\/div>\n<\/p><\/div>\n<\/p><\/div>\n<\/p><\/div>\n<\/p><\/div>\n<\/p><\/div>\n<\/p><\/div>\n<\/p><\/div>\n<\/p><\/div>\n<\/p><\/div>\n<div class=\"fl-row fl-row-full-width fl-row-bg-none fl-node-6683cb94daf76\" data-node=\"6683cb94daf76\">\n<div class=\"fl-row-content-wrap\">\n<div class=\"fl-row-content fl-row-full-width fl-node-content\">\n<div class=\"fl-col-group fl-node-6683cb94dafba\" data-node=\"6683cb94dafba\">\n<div class=\"fl-col fl-node-6683cb94daffa\" data-node=\"6683cb94daffa\" style=\"width: 100%;\">\n<div class=\"fl-col-content fl-node-content\">\n<div class=\"fl-module fl-module-photo fl-node-6683cb94db03a\" data-animation-delay=\"0.0\" data-node=\"6683cb94db03a\">\n<div class=\"fl-module-content fl-node-content\">\n<div class=\"fl-photo fl-photo-align-center\" itemscope=\"\" itemtype=\"http:\/\/schema.org\/ImageObject\">\n<div class=\"fl-photo-content fl-photo-img-jpg\"> <img decoding=\"async\" alt=\"SEMICERA -Arbeitsplatz\" class=\"fl-photo-img wp-image-9038\" itemprop=\"image\" src=\"\/wp-content\/uploads\/2025\/09\/b1dd0bcab1675ff4.webp\"> <\/div>\n<\/p><\/div>\n<\/p><\/div>\n<\/p><\/div>\n<div class=\"fl-module fl-module-photo fl-node-6683cb94db178\" data-animation-delay=\"0.0\" data-node=\"6683cb94db178\">\n<div class=\"fl-module-content fl-node-content\">\n<div class=\"fl-photo fl-photo-align-center\" itemscope=\"\" itemtype=\"http:\/\/schema.org\/ImageObject\">\n<div class=\"fl-photo-content fl-photo-img-jpg\"> <img decoding=\"async\" alt=\"Semizelle Arbeitsplatz 2\" class=\"fl-photo-img wp-image-9037\" itemprop=\"image\" src=\"\/wp-content\/uploads\/2025\/09\/2b946d2b4b61306d.webp\"> <\/div>\n<\/p><\/div>\n<\/p><\/div>\n<\/p><\/div>\n<div class=\"fl-module fl-module-photo fl-node-6683cb94db139\" data-animation-delay=\"0.0\" data-node=\"6683cb94db139\">\n<div class=\"fl-module-content fl-node-content\">\n<div class=\"fl-photo fl-photo-align-center\" itemscope=\"\" itemtype=\"http:\/\/schema.org\/ImageObject\">\n<div class=\"fl-photo-content fl-photo-img-jpg\"> <img decoding=\"async\" alt=\"Ausr\u00fcstungsmaschine\" class=\"fl-photo-img wp-image-9034 size-full\" itemprop=\"image\" src=\"\/wp-content\/uploads\/2025\/09\/081b6529d68ead23.webp\"> <\/div>\n<\/p><\/div>\n<\/p><\/div>\n<\/p><\/div>\n<div class=\"fl-module fl-module-photo fl-node-6683cb94db0f9\" data-animation-delay=\"0.0\" data-node=\"6683cb94db0f9\">\n<div class=\"fl-module-content fl-node-content\">\n<div class=\"fl-photo fl-photo-align-center\" itemscope=\"\" itemtype=\"http:\/\/schema.org\/ImageObject\">\n<div class=\"fl-photo-content fl-photo-img-jpg\"> <img decoding=\"async\" alt=\"CNN -Verarbeitung, chemische Reinigung, CVD -Beschichtung\" class=\"fl-photo-img wp-image-9033\" itemprop=\"image\" src=\"\/wp-content\/uploads\/2025\/09\/a4132b2b399abbac.webp\"> <\/div>\n<\/p><\/div>\n<\/p><\/div>\n<\/p><\/div>\n<div class=\"fl-module fl-module-photo fl-node-6683cb94db0b9\" data-animation-delay=\"0.0\" data-node=\"6683cb94db0b9\">\n<div class=\"fl-module-content fl-node-content\">\n<div class=\"fl-photo fl-photo-align-center\" itemscope=\"\" itemtype=\"http:\/\/schema.org\/ImageObject\">\n<div class=\"fl-photo-content fl-photo-img-jpg\"> <img decoding=\"async\" alt=\"Semizera Ware House\" class=\"fl-photo-img wp-image-9036\" itemprop=\"image\" src=\"\/wp-content\/uploads\/2025\/09\/2190bb9ce5c1d546.webp\"> <\/div>\n<\/p><\/div>\n<\/p><\/div>\n<\/p><\/div>\n<div class=\"fl-module fl-module-photo fl-node-6683cb94db07a\" data-animation-delay=\"0.0\" data-node=\"6683cb94db07a\">\n<div class=\"fl-module-content fl-node-content\">\n<div class=\"fl-photo fl-photo-align-center\" itemscope=\"\" itemtype=\"http:\/\/schema.org\/ImageObject\">\n<div class=\"fl-photo-content fl-photo-img-jpg\"> <img decoding=\"async\" alt=\"Unser Service\" class=\"fl-photo-img wp-image-9035\" itemprop=\"image\" src=\"\/wp-content\/uploads\/2025\/09\/b07f222c0ec0ab8d.webp\"> <\/div>\n<\/p><\/div>\n<\/p><\/div>\n<\/p><\/div>\n<\/p><\/div>\n<\/p><\/div>\n<\/p><\/div>\n<\/p><\/div>\n<\/p><\/div>\n<\/p><\/div>\n<\/div>","protected":false},"excerpt":{"rendered":"<p><?xml encoding=\"utf-8\" ?><\/p>\n<p>Semicera&rsquo;s SiC ceramic nozzles, formed by isostatic pressing and pressureless sintering, deliver excellent performance. They offer multi-angle drilling, groove processing, and customizable dimensions. Our five-axis processing meets diverse design needs for optimal sulfuric acid atomization. Choose Semicera for precision-engineered solutions.<\/p>","protected":false},"featured_media":1054,"comment_status":"closed","ping_status":"open","template":"","meta":[],"product_brand":[],"product_cat":[15],"product_tag":[],"class_list":{"0":"post-1460","1":"product","2":"type-product","3":"status-publish","4":"has-post-thumbnail","6":"product_cat-uncategorized","8":"first","9":"instock","10":"product-type-simple"},"_links":{"self":[{"href":"https:\/\/www.cn-semiconductorparts.com\/de\/wp-json\/wp\/v2\/product\/1460","targetHints":{"allow":["GET"]}}],"collection":[{"href":"https:\/\/www.cn-semiconductorparts.com\/de\/wp-json\/wp\/v2\/product"}],"about":[{"href":"https:\/\/www.cn-semiconductorparts.com\/de\/wp-json\/wp\/v2\/types\/product"}],"replies":[{"embeddable":true,"href":"https:\/\/www.cn-semiconductorparts.com\/de\/wp-json\/wp\/v2\/comments?post=1460"}],"wp:featuredmedia":[{"embeddable":true,"href":"https:\/\/www.cn-semiconductorparts.com\/de\/wp-json\/wp\/v2\/media\/1054"}],"wp:attachment":[{"href":"https:\/\/www.cn-semiconductorparts.com\/de\/wp-json\/wp\/v2\/media?parent=1460"}],"wp:term":[{"taxonomy":"product_brand","embeddable":true,"href":"https:\/\/www.cn-semiconductorparts.com\/de\/wp-json\/wp\/v2\/product_brand?post=1460"},{"taxonomy":"product_cat","embeddable":true,"href":"https:\/\/www.cn-semiconductorparts.com\/de\/wp-json\/wp\/v2\/product_cat?post=1460"},{"taxonomy":"product_tag","embeddable":true,"href":"https:\/\/www.cn-semiconductorparts.com\/de\/wp-json\/wp\/v2\/product_tag?post=1460"}],"curies":[{"name":"wp","href":"https:\/\/api.w.org\/{rel}","templated":true}]}}