{"id":1462,"date":"2025-09-11T05:29:13","date_gmt":"2025-09-11T05:29:13","guid":{"rendered":"https:\/\/weitai2.globaldeepsea.site\/product\/silicon-carbide-ceramic-tube\/"},"modified":"2025-09-11T05:29:16","modified_gmt":"2025-09-11T05:29:16","slug":"silicon-carbide-ceramic-tube","status":"publish","type":"product","link":"https:\/\/www.cn-semiconductorparts.com\/de\/product\/silicon-carbide-ceramic-tube\/","title":{"rendered":"Siliziumkarbidkeramikrohr"},"content":{"rendered":"<div class=\"fl-builder-content fl-builder-content-9358 fl-builder-content-primary fl-builder-global-templates-locked\" data-post-id=\"9358\">\n<div class=\"fl-row fl-row-full-width fl-row-bg-none fl-node-66879f32402fa\" data-node=\"66879f32402fa\">\n<div class=\"fl-row-content-wrap\">\n<div class=\"fl-row-content fl-row-full-width fl-node-content\">\n<div class=\"fl-col-group fl-node-66879f324033e\" data-node=\"66879f324033e\">\n<div class=\"fl-col fl-node-66879f324037f\" data-node=\"66879f324037f\" style=\"width: 100%;\">\n<div class=\"fl-col-content fl-node-content\">\n<div class=\"fl-module fl-module-rich-text fl-node-66879f324057e\" data-animation-delay=\"0.0\" data-node=\"66879f324057e\">\n<div class=\"fl-module-content fl-node-content\">\n<div class=\"fl-rich-text\">\n<p>Siliziumkarbidkeramikrohr hat eine hervorragende Hochtemperaturstabilit\u00e4t und kann seine Struktur und Leistung in extrem hohen Temperaturumgebungen aufrechterhalten. Es kann hohen Temperaturen bis zu Tausenden von Grad Celsius standhalten, sodass es in Hochtemperaturanwendungen einen breiten Bereich annutzt. Dar\u00fcber hinaus hat Siliziumkarbidkeramikrohr auch eine gute thermische Leitf\u00e4higkeit und kann W\u00e4rme effektiv leiten, was eine wichtige Rolle auf dem Gebiet der thermischen Bewirtschaftung und der W\u00e4rmeableitung spielt.<\/p>\n<p>Die Silizium -Carbid -Keramikrohre weist auch eine ausgezeichnete chemische Stabilit\u00e4t und Korrosionsbest\u00e4ndigkeit auf. Es hat eine gute Resistenz gegen viele S\u00e4uren, Alkalien und andere Chemikalien, wodurch es in chemischen Prozessen, korrosiven Umgebungen und S\u00e4ure-Base-Behandlung h\u00e4ufig verwendet wird. Dar\u00fcber hinaus weist ein Siliziumkarbidkeramikrohr einen niedrigen W\u00e4rmeausdehnungskoeffizienten auf, der es ihm erm\u00f6glicht, eine gute Stabilit\u00e4t beizubehalten, wenn sich die Temperatur \u00e4ndert.<\/p>\n<p>Der Silizium -Carbid -Keramikrohr hat in vielen Branchen eine breite Palette von Anwendungen. In Hochtemperatur\u00f6fen, W\u00e4rmebehandlungsger\u00e4ten und Brennern kann Siliziumkarbidkeramikrohr als Ofeninterne, feuerfeste Materialien und thermische Isolationsmaterialien verwendet werden. In der chemischen Industrie kann es f\u00fcr Pipelines, Reaktoren und Lagertanks f\u00fcr \u00e4tzende Medien verwendet werden. Dar\u00fcber hinaus wird auch in der Herstellung von Halbleiter, der Solarindustrie, der elektronischen Ger\u00e4te und der Luft- und Raumfahrt in der Herstellung von Halbleiter, der Solarindustrie, der Luft- und Raumfahrt h\u00e4ufig ein Siliziumkarbid -Keramikrohr verwendet.<\/p>\n<\/p><\/div>\n<\/p><\/div>\n<\/p><\/div>\n<\/p><\/div>\n<\/p><\/div>\n<\/p><\/div>\n<div class=\"fl-col-group fl-node-66879f32405bd\" data-node=\"66879f32405bd\">\n<div class=\"fl-col fl-node-6687a0d805e1d fl-col-small\" data-node=\"6687a0d805e1d\" style=\"width: 49.78%;\">\n<div class=\"fl-col-content fl-node-content\">\n<div class=\"fl-module fl-module-photo fl-node-66879f32404be\" data-animation-delay=\"0.0\" data-node=\"66879f32404be\">\n<div class=\"fl-module-content fl-node-content\">\n<div class=\"fl-photo fl-photo-align-center\" itemscope=\"\" itemtype=\"http:\/\/schema.org\/ImageObject\">\n<div class=\"fl-photo-content fl-photo-img-png\"> <img decoding=\"async\" alt=\"Siliziumkarbidkeramikrohr (3)\" class=\"fl-photo-img wp-image-9371\" itemprop=\"image\" src=\"\/wp-content\/uploads\/2025\/09\/d55d9ba421154a39.webp\"> <\/img><\/div>\n<\/p><\/div>\n<\/p><\/div>\n<\/p><\/div>\n<\/p><\/div>\n<\/p><\/div>\n<div class=\"fl-col fl-node-66879f32405fd\" data-node=\"66879f32405fd\" style=\"width: 50.22%;\">\n<div class=\"fl-col-content fl-node-content\">\n<div class=\"fl-module fl-module-rich-text fl-node-66879f324053e\" data-animation-delay=\"0.0\" data-node=\"66879f324053e\">\n<div class=\"fl-module-content fl-node-content\">\n<div class=\"fl-rich-text\">\n<p>Form und Gr\u00f6\u00dfe k\u00f6nnen gem\u00e4\u00df den Anforderungen angepasst werden<\/p>\n<p>Sehr hohe H\u00e4rte (HV10): 22,2 (GPA)<\/p>\n<p>Sehr niedrige Dichte (3,10-3,20 g\/cm\u00b3)<\/p>\n<p>Bei Temperaturen von bis zu 1400 \u00b0 C kann SIC sogar seine St\u00e4rke aufrechterhalten<\/p>\n<p>Aufgrund seiner chemischen und physikalischen Stabilit\u00e4t weist SIC eine hohe H\u00e4rte und Korrosionsbest\u00e4ndigkeit auf.<\/p>\n<\/p><\/div>\n<\/p><\/div>\n<\/p><\/div>\n<\/p><\/div>\n<\/p><\/div>\n<\/p><\/div>\n<div class=\"fl-col-group fl-node-66879f324067c\" data-node=\"66879f324067c\">\n<div class=\"fl-col fl-node-66879f32406bc\" data-node=\"66879f32406bc\" style=\"width: 100%;\">\n<div class=\"fl-col-content fl-node-content\">\n<div class=\"fl-module fl-module-gallery fl-node-66879f32406fe\" data-animation-delay=\"0.0\" data-node=\"66879f32406fe\">\n<div class=\"fl-module-content fl-node-content\">\n<div class=\"fl-mosaicflow\">\n<div class=\"fl-mosaicflow-content\">\n<div class=\"fl-mosaicflow-item\">\n<div class=\"fl-photo fl-photo-align-center\" itemscope=\"\" itemtype=\"http:\/\/schema.org\/ImageObject\">\n<div class=\"fl-photo-content fl-photo-img-png\"> <a href=\"\/de\/uploads\/Silicon-carbide-ceramic-tube-11.webp\/\" itemprop=\"url\" target=\"_self\"> <img decoding=\"async\" alt=\"Siliziumkarbidkeramikrohr (1)\" class=\"fl-photo-img wp-image-9369\" itemprop=\"image\" src=\"\/wp-content\/uploads\/2025\/09\/0f140fb8cca2115b.webp\"> <\/img><\/a> <\/div>\n<\/p><\/div>\n<\/p><\/div>\n<div class=\"fl-mosaicflow-item\">\n<div class=\"fl-photo fl-photo-align-center\" itemscope=\"\" itemtype=\"http:\/\/schema.org\/ImageObject\">\n<div class=\"fl-photo-content fl-photo-img-png\"> <a href=\"\/de\/uploads\/Silicon-carbide-ceramic-tube-21.webp\/\" itemprop=\"url\" target=\"_self\"> <img decoding=\"async\" alt=\"Silizium -Carbid -Keramikrohr (2)\" class=\"fl-photo-img wp-image-9370\" itemprop=\"image\" src=\"\/wp-content\/uploads\/2025\/09\/82a546b3e21e36f9.webp\"> <\/img><\/a> <\/div>\n<\/p><\/div>\n<\/p><\/div>\n<\/p><\/div>\n<div class=\"fl-clear\"><\/div>\n<\/p><\/div>\n<\/p><\/div>\n<\/p><\/div>\n<\/p><\/div>\n<\/p><\/div>\n<\/p><\/div>\n<\/p><\/div>\n<\/p><\/div>\n<\/p><\/div>\n<div class=\"fl-row fl-row-full-width fl-row-bg-none fl-node-6687a12431887\" data-node=\"6687a12431887\">\n<div class=\"fl-row-content-wrap\">\n<div class=\"fl-row-content fl-row-full-width fl-node-content\">\n<div class=\"fl-col-group fl-node-6687a124318d0\" data-node=\"6687a124318d0\">\n<div class=\"fl-col fl-node-6687a12431913\" data-node=\"6687a12431913\" style=\"width: 100%;\">\n<div class=\"fl-col-content fl-node-content\">\n<div class=\"fl-module fl-module-photo fl-node-6687a12431954\" data-animation-delay=\"0.0\" data-node=\"6687a12431954\">\n<div class=\"fl-module-content fl-node-content\">\n<div class=\"fl-photo fl-photo-align-center\" itemscope=\"\" itemtype=\"http:\/\/schema.org\/ImageObject\">\n<div class=\"fl-photo-content fl-photo-img-jpg\"> <img decoding=\"async\" alt=\"SEMICERA -Arbeitsplatz\" class=\"fl-photo-img wp-image-9038\" itemprop=\"image\" src=\"\/wp-content\/uploads\/2025\/09\/b1dd0bcab1675ff4.webp\"> <\/img><\/div>\n<\/p><\/div>\n<\/p><\/div>\n<\/p><\/div>\n<div class=\"fl-module fl-module-photo fl-node-6687a12431a9a\" data-animation-delay=\"0.0\" data-node=\"6687a12431a9a\">\n<div class=\"fl-module-content fl-node-content\">\n<div class=\"fl-photo fl-photo-align-center\" itemscope=\"\" itemtype=\"http:\/\/schema.org\/ImageObject\">\n<div class=\"fl-photo-content fl-photo-img-jpg\"> <img decoding=\"async\" alt=\"Semizelle Arbeitsplatz 2\" class=\"fl-photo-img wp-image-9037\" itemprop=\"image\" src=\"\/wp-content\/uploads\/2025\/09\/2b946d2b4b61306d.webp\"> <\/img><\/div>\n<\/p><\/div>\n<\/p><\/div>\n<\/p><\/div>\n<div class=\"fl-module fl-module-photo fl-node-6687a12431a59\" data-animation-delay=\"0.0\" data-node=\"6687a12431a59\">\n<div class=\"fl-module-content fl-node-content\">\n<div class=\"fl-photo fl-photo-align-center\" itemscope=\"\" itemtype=\"http:\/\/schema.org\/ImageObject\">\n<div class=\"fl-photo-content fl-photo-img-jpg\"> <img decoding=\"async\" alt=\"Ausr\u00fcstungsmaschine\" class=\"fl-photo-img wp-image-9034 size-full\" itemprop=\"image\" src=\"\/wp-content\/uploads\/2025\/09\/081b6529d68ead23.webp\"> <\/img><\/div>\n<\/p><\/div>\n<\/p><\/div>\n<\/p><\/div>\n<div class=\"fl-module fl-module-photo fl-node-6687a12431a18\" data-animation-delay=\"0.0\" data-node=\"6687a12431a18\">\n<div class=\"fl-module-content fl-node-content\">\n<div class=\"fl-photo fl-photo-align-center\" itemscope=\"\" itemtype=\"http:\/\/schema.org\/ImageObject\">\n<div class=\"fl-photo-content fl-photo-img-jpg\"> <img decoding=\"async\" alt=\"CNN -Verarbeitung, chemische Reinigung, CVD -Beschichtung\" class=\"fl-photo-img wp-image-9033\" itemprop=\"image\" src=\"\/wp-content\/uploads\/2025\/09\/a4132b2b399abbac.webp\"\/> <\/div>\n<\/p><\/div>\n<\/p><\/div>\n<\/p><\/div>\n<div class=\"fl-module fl-module-photo fl-node-6687a124319d7\" data-animation-delay=\"0.0\" data-node=\"6687a124319d7\">\n<div class=\"fl-module-content fl-node-content\">\n<div class=\"fl-photo fl-photo-align-center\" itemscope=\"\" itemtype=\"http:\/\/schema.org\/ImageObject\">\n<div class=\"fl-photo-content fl-photo-img-jpg\"> <img decoding=\"async\" alt=\"Semizera Ware House\" class=\"fl-photo-img wp-image-9036\" itemprop=\"image\" src=\"\/wp-content\/uploads\/2025\/09\/2190bb9ce5c1d546.webp\"\/> <\/div>\n<\/p><\/div>\n<\/p><\/div>\n<\/p><\/div>\n<div class=\"fl-module fl-module-photo fl-node-6687a12431995\" data-animation-delay=\"0.0\" data-node=\"6687a12431995\">\n<div class=\"fl-module-content fl-node-content\">\n<div class=\"fl-photo fl-photo-align-center\" itemscope=\"\" itemtype=\"http:\/\/schema.org\/ImageObject\">\n<div class=\"fl-photo-content fl-photo-img-jpg\"> <img decoding=\"async\" alt=\"Unser Service\" class=\"fl-photo-img wp-image-9035\" itemprop=\"image\" src=\"\/wp-content\/uploads\/2025\/09\/b07f222c0ec0ab8d.webp\"\/> <\/div>\n<\/p><\/div>\n<\/p><\/div>\n<\/p><\/div>\n<\/p><\/div>\n<\/p><\/div>\n<\/p><\/div>\n<\/p><\/div>\n<\/p><\/div>\n<\/p><\/div>\n<\/div>","protected":false},"excerpt":{"rendered":"<p>Siliziumkarbid -Keramikrohr ist ein r\u00f6hrenf\u00f6rmiges Keramikmaterial mit Siliziumkarbid (sic) als Hauptkomponente. Es handelt sich um ein tubul\u00e4res Keramikmaterial mit hoher Temperaturstabilit\u00e4t, chemischer Stabilit\u00e4t und guter thermischer Leitf\u00e4higkeit. Das Silizium -Carbid -Keramikrohr wird in den Feldern mit hoher Temperatur, chemischer Korrosion und thermischem Management h\u00e4ufig eingesetzt und spielt eine wichtige Rolle.<\/p>","protected":false},"featured_media":900,"comment_status":"closed","ping_status":"open","template":"","meta":[],"product_brand":[],"product_cat":[25,24],"product_tag":[],"class_list":{"0":"post-1462","1":"product","2":"type-product","3":"status-publish","4":"has-post-thumbnail","6":"product_cat-more-sic-product","7":"product_cat-silicon-carbide-ceramic","9":"first","10":"instock","11":"product-type-simple"},"_links":{"self":[{"href":"https:\/\/www.cn-semiconductorparts.com\/de\/wp-json\/wp\/v2\/product\/1462","targetHints":{"allow":["GET"]}}],"collection":[{"href":"https:\/\/www.cn-semiconductorparts.com\/de\/wp-json\/wp\/v2\/product"}],"about":[{"href":"https:\/\/www.cn-semiconductorparts.com\/de\/wp-json\/wp\/v2\/types\/product"}],"replies":[{"embeddable":true,"href":"https:\/\/www.cn-semiconductorparts.com\/de\/wp-json\/wp\/v2\/comments?post=1462"}],"wp:featuredmedia":[{"embeddable":true,"href":"https:\/\/www.cn-semiconductorparts.com\/de\/wp-json\/wp\/v2\/media\/900"}],"wp:attachment":[{"href":"https:\/\/www.cn-semiconductorparts.com\/de\/wp-json\/wp\/v2\/media?parent=1462"}],"wp:term":[{"taxonomy":"product_brand","embeddable":true,"href":"https:\/\/www.cn-semiconductorparts.com\/de\/wp-json\/wp\/v2\/product_brand?post=1462"},{"taxonomy":"product_cat","embeddable":true,"href":"https:\/\/www.cn-semiconductorparts.com\/de\/wp-json\/wp\/v2\/product_cat?post=1462"},{"taxonomy":"product_tag","embeddable":true,"href":"https:\/\/www.cn-semiconductorparts.com\/de\/wp-json\/wp\/v2\/product_tag?post=1462"}],"curies":[{"name":"wp","href":"https:\/\/api.w.org\/{rel}","templated":true}]}}