{"id":1467,"date":"2025-09-11T05:29:13","date_gmt":"2025-09-11T05:29:13","guid":{"rendered":"https:\/\/weitai2.globaldeepsea.site\/product\/solid-cvd-sic-ring\/"},"modified":"2026-04-29T15:33:25","modified_gmt":"2026-04-29T07:33:25","slug":"solid-cvd-sic-ring","status":"publish","type":"product","link":"https:\/\/www.cn-semiconductorparts.com\/de\/product\/solid-cvd-sic-ring\/","title":{"rendered":"Solid CVD SiC Ring"},"content":{"rendered":"<p><?xml encoding=\"utf-8\" ?><\/p>\n<div class=\"fl-builder-content fl-builder-content-9198 fl-builder-content-primary fl-builder-global-templates-locked\" data-post-id=\"9198\">\n<div class=\"fl-row fl-row-full-width fl-row-bg-none fl-node-667682a04bab0\" data-node=\"667682a04bab0\">\n<div class=\"fl-row-content-wrap\">\n<div class=\"fl-row-content fl-row-full-width fl-node-content\">\n<div class=\"fl-col-group fl-node-667682a04baf4\" data-node=\"667682a04baf4\">\n<div class=\"fl-col fl-node-667682a04bb36\" data-node=\"667682a04bb36\" style=\"width: 100%;\">\n<div class=\"fl-col-content fl-node-content\">\n<div class=\"fl-module fl-module-icon fl-node-667682a04bb77\" data-animation-delay=\"0.0\" data-node=\"667682a04bb77\">\n<div class=\"fl-module-content fl-node-content\">\n<div class=\"fl-icon-wrap\"> <span class=\"fl-icon\"> <i class=\"fa fa-align-justify\"><\/i> <\/span> <\/p>\n<div class=\"fl-icon-text\">\n<p style=\"text-align: left;\"><strong><span style=\"color: #1182cc;\">Why is&nbsp;Solid CVD SiC Ring ?<\/span><\/strong><\/p>\n<div id=\"gtx-trans\" style=\"position: absolute; left: 48px; top: 26px;\">&nbsp;<\/div>\n<\/p><\/div>\n<\/p><\/div>\n<\/p><\/div>\n<\/p><\/div>\n<div class=\"fl-module fl-module-separator fl-node-667682a04bbb8\" data-animation-delay=\"0.0\" data-node=\"667682a04bbb8\">\n<div class=\"fl-module-content fl-node-content\">\n<div class=\"fl-separator\"><\/div>\n<\/p><\/div>\n<\/p><\/div>\n<div class=\"fl-module fl-module-rich-text fl-node-667682a04bcfe\" data-animation-delay=\"0.0\" data-node=\"667682a04bcfe\">\n<div class=\"fl-module-content fl-node-content\">\n<div class=\"fl-rich-text\">\n<p>Solid CVD SiC rings are widely used in industrial and scientific fields in high temperature, corrosive and abrasive environments. It plays an important role in multiple application areas, including:<\/p>\n<p>1. Semiconductor manufacturing: Solid CVD SiC rings can be used for heating and cooling of semiconductor equipment, providing stable temperature control to ensure the accuracy and consistency of the process.<\/p>\n<p>2. Optoelectronics: Due to its excellent thermal conductivity and high temperature resistance, Solid CVD SiC rings can be used as support and heat dissipation materials for lasers, fiber optic communication equipment and optical components.<\/p>\n<p>3. Precision machinery: Solid CVD SiC rings can be used for precision instruments and equipment in high temperature and corrosive environments, such as high temperature furnaces, vacuum devices and chemical reactors.<\/p>\n<p>4. Chemical industry: Solid CVD SiC rings can be used in containers, pipes and reactors in chemical reactions and catalytic processes due to their corrosion resistance and chemical stability.<\/p>\n<p>&nbsp;<\/p>\n<div id=\"gtx-trans\" style=\"position: absolute; left: 649px; top: 41.7812px;\">&nbsp;<\/div>\n<\/p><\/div>\n<\/p><\/div>\n<\/p><\/div>\n<\/p><\/div>\n<\/p><\/div>\n<\/p><\/div>\n<\/p><\/div>\n<\/p><\/div>\n<\/p><\/div>\n<div class=\"fl-row fl-row-full-width fl-row-bg-none fl-node-667682a04bc39\" data-node=\"667682a04bc39\">\n<div class=\"fl-row-content-wrap\">\n<div class=\"fl-row-content fl-row-full-width fl-node-content\">\n<div class=\"fl-col-group fl-node-667682a04bc7a\" data-node=\"667682a04bc7a\">\n<div class=\"fl-col fl-node-667682a04bcbb\" data-node=\"667682a04bcbb\" style=\"width: 100%;\">\n<div class=\"fl-col-content fl-node-content\">\n<div class=\"fl-module fl-module-icon fl-node-667682a04bbf8\" data-animation-delay=\"0.0\" data-node=\"667682a04bbf8\">\n<div class=\"fl-module-content fl-node-content\">\n<div class=\"fl-icon-wrap\"> <span class=\"fl-icon\"> <i class=\"fa fa-align-justify\"><\/i> <\/span> <\/p>\n<div class=\"fl-icon-text\">\n<p style=\"text-align: left;\"><strong><span style=\"color: #1182cc;\">Unser Vorteil, warum Semizera w\u00e4hlen?<\/span><\/strong><\/p>\n<p> <script src=\"chrome-extension:\/\/lkacpincnpeaopanmojlgibodfibghjc\/scripts\/xiaomanBaseInject.js\" type=\"text\/javascript\"><\/script> <\/div>\n<\/p><\/div>\n<\/p><\/div>\n<\/p><\/div>\n<div class=\"fl-module fl-module-separator fl-node-667682a04bdc2\" data-animation-delay=\"0.0\" data-node=\"667682a04bdc2\">\n<div class=\"fl-module-content fl-node-content\">\n<div class=\"fl-separator\"><\/div>\n<\/p><\/div>\n<\/p><\/div>\n<\/p><\/div>\n<\/p><\/div>\n<\/p><\/div>\n<\/p><\/div>\n<\/p><\/div>\n<\/p><\/div>\n<div class=\"fl-row fl-row-full-width fl-row-bg-none fl-node-667682a04be03\" data-node=\"667682a04be03\">\n<div class=\"fl-row-content-wrap\">\n<div class=\"fl-row-content fl-row-full-width fl-node-content\">\n<div class=\"fl-col-group fl-node-667682a04be45\" data-node=\"667682a04be45\">\n<div class=\"fl-col fl-node-667682a04be86\" data-node=\"667682a04be86\" style=\"width: 53.89%;\">\n<div class=\"fl-col-content fl-node-content\">\n<div class=\"fl-module fl-module-rich-text fl-node-667682a04bd40\" data-animation-delay=\"0.0\" data-node=\"667682a04bd40\">\n<div class=\"fl-module-content fl-node-content\">\n<div class=\"fl-rich-text\">\n<p>&#10003;Top-quality in China market<\/p>\n<p>&nbsp;<\/p>\n<p>&#10003;Good service always for you, 7*24 hours<\/p>\n<p>&nbsp;<\/p>\n<p>&#10003;Short date of delivery<\/p>\n<p>&nbsp;<\/p>\n<p>&#10003;Small MOQ welcome and accepted<\/p>\n<p>&nbsp;<\/p>\n<p>&#10003;Custom services<\/p>\n<p><script src=\"chrome-extension:\/\/lkacpincnpeaopanmojlgibodfibghjc\/scripts\/xiaomanBaseInject.js\" type=\"text\/javascript\"><\/script><\/p>\n<\/p><\/div>\n<\/p><\/div>\n<\/p><\/div>\n<\/p><\/div>\n<\/p><\/div>\n<div class=\"fl-col fl-node-667682a04bec7 fl-col-small\" data-node=\"667682a04bec7\" style=\"width: 46.11%;\">\n<div class=\"fl-col-content fl-node-content\">\n<div class=\"fl-module fl-module-photo fl-node-667682a04bd81\" data-animation-delay=\"0.0\" data-node=\"667682a04bd81\">\n<div class=\"fl-module-content fl-node-content\">\n<div class=\"fl-photo fl-photo-align-center\" itemscope=\"\" itemtype=\"http:\/\/schema.org\/ImageObject\">\n<div class=\"fl-photo-content fl-photo-img-jpg\"> <img decoding=\"async\" alt=\"Quarzproduktionsausr\u00fcstung 4\" class=\"fl-photo-img wp-image-6839\" itemprop=\"image\" src=\"\/wp-content\/uploads\/2025\/09\/7b546b956fad1698.webp\"> <\/div>\n<\/p><\/div>\n<\/p><\/div>\n<\/p><\/div>\n<\/p><\/div>\n<\/p><\/div>\n<\/p><\/div>\n<\/p><\/div>\n<\/p><\/div>\n<\/p><\/div>\n<div class=\"fl-row fl-row-full-width fl-row-bg-none fl-node-667682a04bf8a\" data-node=\"667682a04bf8a\">\n<div class=\"fl-row-content-wrap\">\n<div class=\"fl-row-content fl-row-full-width fl-node-content\">\n<div class=\"fl-col-group fl-node-667682a04bfcb\" data-node=\"667682a04bfcb\">\n<div class=\"fl-col fl-node-667682a04c00c\" data-node=\"667682a04c00c\" style=\"width: 100%;\">\n<div class=\"fl-col-content fl-node-content\">\n<div class=\"fl-module fl-module-icon fl-node-667682a04bf08\" data-animation-delay=\"0.0\" data-node=\"667682a04bf08\">\n<div class=\"fl-module-content fl-node-content\">\n<div class=\"fl-icon-wrap\"> <span class=\"fl-icon\"> <i class=\"fa fa-align-justify\"><\/i> <\/span> <\/p>\n<div class=\"fl-icon-text\">\n<p style=\"text-align: left;\"><span style=\"color: #1182cc;\"><b>Anwendung<\/b><\/span><\/p>\n<p> <script src=\"chrome-extension:\/\/lkacpincnpeaopanmojlgibodfibghjc\/scripts\/xiaomanBaseInject.js\" type=\"text\/javascript\"><\/script> <\/div>\n<\/p><\/div>\n<\/p><\/div>\n<\/p><\/div>\n<div class=\"fl-module fl-module-separator fl-node-667682a04bf49\" data-animation-delay=\"0.0\" data-node=\"667682a04bf49\">\n<div class=\"fl-module-content fl-node-content\">\n<div class=\"fl-separator\"><\/div>\n<\/p><\/div>\n<\/p><\/div>\n<\/p><\/div>\n<\/p><\/div>\n<\/p><\/div>\n<\/p><\/div>\n<\/p><\/div>\n<\/p><\/div>\n<div class=\"fl-row fl-row-full-width fl-row-bg-none fl-node-667682a04c19d\" data-node=\"667682a04c19d\">\n<div class=\"fl-row-content-wrap\">\n<div class=\"fl-row-content fl-row-full-width fl-node-content\">\n<div class=\"fl-col-group fl-node-667682a04c1de\" data-node=\"667682a04c1de\">\n<div class=\"fl-col fl-node-667682a04c21f fl-col-small\" data-node=\"667682a04c21f\" style=\"width: 46.88%;\">\n<div class=\"fl-col-content fl-node-content\">\n<div class=\"fl-module fl-module-rich-text fl-node-667682a04c04d\" data-animation-delay=\"0.0\" data-node=\"667682a04c04d\">\n<div class=\"fl-module-content fl-node-content\">\n<div class=\"fl-rich-text\">\n<p><span style=\"color: #1182cc;\"><strong>Epitaxie -Wachstumssuszeptor<\/strong><\/span><\/p>\n<p>Silizium\/Silizium -Carbid -Wafer m\u00fcssen mehrere Prozesse durchlaufen, um in elektronischen Ger\u00e4ten verwendet zu werden. Ein wichtiger Prozess ist die Silizium\/sic -Epitaxie, bei der Silizium\/sic -Wafer auf einer Graphitbasis getragen werden. Zu den besonderen Vorteilen der Silizium-Carbid-Graphit-Basis von Semicera geh\u00f6ren eine extrem hohe Reinheit, einheitliche Beschichtung und extrem lange Lebensdauer. Sie haben auch hohe chemische Resistenz und thermische Stabilit\u00e4t.<\/p>\n<p>&nbsp;<\/p>\n<p><script src=\"chrome-extension:\/\/lkacpincnpeaopanmojlgibodfibghjc\/scripts\/xiaomanBaseInject.js\" type=\"text\/javascript\"><\/script><\/p>\n<\/p><\/div>\n<\/p><\/div>\n<\/p><\/div>\n<\/p><\/div>\n<\/p><\/div>\n<div class=\"fl-col fl-node-667682a04c260 fl-col-small\" data-node=\"667682a04c260\" style=\"width: 26.78%;\">\n<div class=\"fl-col-content fl-node-content\">\n<div class=\"fl-module fl-module-photo fl-node-667682a04c08f\" data-animation-delay=\"0.0\" data-node=\"667682a04c08f\">\n<div class=\"fl-module-content fl-node-content\">\n<div class=\"fl-photo fl-photo-align-left\" itemscope=\"\" itemtype=\"http:\/\/schema.org\/ImageObject\">\n<div class=\"fl-photo-content fl-photo-img-jpg\"> <img decoding=\"async\" alt=\"SI -Epitaxy Barrel -Empf\u00e4ngnis\" class=\"fl-photo-img wp-image-6877\" itemprop=\"image\" src=\"\/wp-content\/uploads\/2025\/09\/3bd283efeefc02c5.webp\"> <\/div>\n<\/p><\/div>\n<\/p><\/div>\n<\/p><\/div>\n<div class=\"fl-module fl-module-heading fl-node-667682a04c11b\" data-animation-delay=\"0.0\" data-node=\"667682a04c11b\">\n<div class=\"fl-module-content fl-node-content\">\n<h3 class=\"fl-heading\">  Silizium -Epitaxy -Suszeptor  <\/h3>\n<\/p><\/div>\n<\/p><\/div>\n<\/p><\/div>\n<\/p><\/div>\n<div class=\"fl-col fl-node-667682a04c2a2 fl-col-small\" data-node=\"667682a04c2a2\" style=\"width: 26.34%;\">\n<div class=\"fl-col-content fl-node-content\">\n<div class=\"fl-module fl-module-photo fl-node-667682a04c0da\" data-animation-delay=\"0.0\" data-node=\"667682a04c0da\">\n<div class=\"fl-module-content fl-node-content\">\n<div class=\"fl-photo fl-photo-align-center\" itemscope=\"\" itemtype=\"http:\/\/schema.org\/ImageObject\">\n<div class=\"fl-photo-content fl-photo-img-jpg\"> <img decoding=\"async\" alt=\"SI Epitaxy Pancake Susceptor\" class=\"fl-photo-img wp-image-6878\" itemprop=\"image\" src=\"\/wp-content\/uploads\/2025\/09\/47d3bc301e040a57.webp\"> <\/div>\n<\/p><\/div>\n<\/p><\/div>\n<\/p><\/div>\n<div class=\"fl-module fl-module-heading fl-node-667682a04c15c\" data-animation-delay=\"0.0\" data-node=\"667682a04c15c\">\n<div class=\"fl-module-content fl-node-content\">\n<h3 class=\"fl-heading\">  Silizium -Carbid -Epitaxie -Empf\u00e4ngnis  <\/h3>\n<\/p><\/div>\n<\/p><\/div>\n<\/p><\/div>\n<\/p><\/div>\n<\/p><\/div>\n<\/p><\/div>\n<\/p><\/div>\n<\/p><\/div>\n<div class=\"fl-row fl-row-full-width fl-row-bg-none fl-node-667682a04c429\" data-node=\"667682a04c429\">\n<div class=\"fl-row-content-wrap\">\n<div class=\"fl-row-content fl-row-full-width fl-node-content\">\n<div class=\"fl-col-group fl-node-667682a04c46a\" data-node=\"667682a04c46a\">\n<div class=\"fl-col fl-node-667682a04c4ab\" data-node=\"667682a04c4ab\" style=\"width: 69.11%;\">\n<div class=\"fl-col-content fl-node-content\">\n<div class=\"fl-module fl-module-rich-text fl-node-667682a04c4ec\" data-animation-delay=\"0.0\" data-node=\"667682a04c4ec\">\n<div class=\"fl-module-content fl-node-content\">\n<div class=\"fl-rich-text\">\n<p><span style=\"color: #1182cc;\"><strong>LED -Chipproduktion<\/strong><\/span><\/p>\n<p>W\u00e4hrend der umfangreichen Beschichtung des MOCVD -Reaktors bewegt sich die Planetenbasis oder der Tr\u00e4ger den Substratwafer. Die Leistung des Grundmaterials hat einen gro\u00dfen Einfluss auf die Beschichtungsqualit\u00e4t, was wiederum die Schrottrate des Chips beeinflusst. Die Silizium-Carbid-Basis von Semicera erh\u00f6ht die Herstellungseffizienz hochwertiger LED-Wafer und minimiert die Wellenl\u00e4ngenabweichung. Wir liefern auch zus\u00e4tzliche Graphitkomponenten f\u00fcr alle derzeit verwendeten MOCVD -Reaktoren. Wir k\u00f6nnen fast jede Komponente mit einer Siliziumkarbidbeschichtung beschichten. Auch wenn der Komponentendurchmesser bis zu 1,5 m betr\u00e4gt, k\u00f6nnen wir immer noch mit Siliziumkarbid befehlen.<\/p>\n<p><script src=\"chrome-extension:\/\/lkacpincnpeaopanmojlgibodfibghjc\/scripts\/xiaomanBaseInject.js\" type=\"text\/javascript\"><\/script><\/p>\n<\/p><\/div>\n<\/p><\/div>\n<\/p><\/div>\n<\/p><\/div>\n<\/p><\/div>\n<div class=\"fl-col fl-node-667682a04c52d fl-col-small\" data-node=\"667682a04c52d\" style=\"width: 30.89%;\">\n<div class=\"fl-col-content fl-node-content\">\n<div class=\"fl-module fl-module-photo fl-node-667682a04c56e\" data-animation-delay=\"0.0\" data-node=\"667682a04c56e\">\n<div class=\"fl-module-content fl-node-content\">\n<div class=\"fl-photo fl-photo-align-center\" itemscope=\"\" itemtype=\"http:\/\/schema.org\/ImageObject\">\n<div class=\"fl-photo-content fl-photo-img-jpg\"> <img decoding=\"async\" alt=\"LED Epitaxy Susceptor\" class=\"fl-photo-img wp-image-6879\" itemprop=\"image\" src=\"\/wp-content\/uploads\/2025\/09\/93b21f1efc4f94d7.webp\"> <\/div>\n<\/p><\/div>\n<\/p><\/div>\n<\/p><\/div>\n<div class=\"fl-module fl-module-heading fl-node-667682a04c5af\" data-animation-delay=\"0.0\" data-node=\"667682a04c5af\">\n<div class=\"fl-module-content fl-node-content\">\n<h3 class=\"fl-heading\">  LED Epitaxy Susceptor  <\/h3>\n<\/p><\/div>\n<\/p><\/div>\n<\/p><\/div>\n<\/p><\/div>\n<\/p><\/div>\n<\/p><\/div>\n<\/p><\/div>\n<\/p><\/div>\n<div class=\"fl-row fl-row-full-width fl-row-bg-none fl-node-667682a04c5f0\" data-node=\"667682a04c5f0\">\n<div class=\"fl-row-content-wrap\">\n<div class=\"fl-row-content fl-row-full-width fl-node-content\">\n<div class=\"fl-col-group fl-node-667682a04c631\" data-node=\"667682a04c631\">\n<div class=\"fl-col fl-node-667682a04c673\" data-node=\"667682a04c673\" style=\"width: 100%;\">\n<div class=\"fl-col-content fl-node-content\">\n<div class=\"fl-module fl-module-rich-text fl-node-667682a04c6b4\" data-animation-delay=\"0.0\" data-node=\"667682a04c6b4\">\n<div class=\"fl-module-content fl-node-content\">\n<div class=\"fl-rich-text\">\n<p><span style=\"color: #1182cc;\"><strong>Halbleiterfeld, Oxidationsdiffusionsprozess<span style=\"font-family: Calibri;\">, Usw.<\/span><\/strong><\/span><\/p>\n<p>Im Halbleiterprozess erfordert das Oxidationserweiterungsprozess eine hohe Produktreinheit, und bei Semicera bieten wir f\u00fcr die Mehrheit der Silizium -Carbid -Teile kundenspezifische und CVD -Beschichtungsdienste an.<\/p>\n<p>Das folgende Bild zeigt die rau verarbeitete Siliziumkarbidaufschl\u00e4mmung von Semicea und das in den 100 gereinigte Silizium-Carbid-Ofenrohr<span style=\"font-family: Calibri;\">0<\/span>-Ebene <span style=\"font-family: Calibri;\">staubfrei<\/span>&nbsp;Zimmer. Unsere Arbeiter arbeiten vor dem Beschichten. Die Reinheit unseres Siliziumkarbids kann 99,99% erreichen, und die Reinheit der sic -Beschichtung ist gr\u00f6\u00dfer als 99,99995%<span style=\"font-family: Calibri;\">.<\/span><\/p>\n<p>&nbsp;<\/p>\n<p><script src=\"chrome-extension:\/\/lkacpincnpeaopanmojlgibodfibghjc\/scripts\/xiaomanBaseInject.js\" type=\"text\/javascript\"><\/script><\/p>\n<\/p><\/div>\n<\/p><\/div>\n<\/p><\/div>\n<\/p><\/div>\n<\/p><\/div>\n<\/p><\/div>\n<\/p><\/div>\n<\/p><\/div>\n<\/p><\/div>\n<div class=\"fl-row fl-row-full-width fl-row-bg-none fl-node-667682a04c7b8\" data-node=\"667682a04c7b8\">\n<div class=\"fl-row-content-wrap\">\n<div class=\"fl-row-content fl-row-full-width fl-node-content\">\n<div class=\"fl-col-group fl-node-667682a04c7f9\" data-node=\"667682a04c7f9\">\n<div class=\"fl-col fl-node-667682a04c87b\" data-node=\"667682a04c87b\" style=\"width: 53.11%;\">\n<div class=\"fl-col-content fl-node-content\">\n<div class=\"fl-module fl-module-photo fl-node-667682a04c6f5\" data-animation-delay=\"0.0\" data-node=\"667682a04c6f5\">\n<div class=\"fl-module-content fl-node-content\">\n<div class=\"fl-photo fl-photo-align-center\" itemscope=\"\" itemtype=\"http:\/\/schema.org\/ImageObject\">\n<div class=\"fl-photo-content fl-photo-img-jpg\"> <img decoding=\"async\" alt=\"Silizium -Carbid -Halbmittelprodukt vor dem Beschichten -2\" class=\"fl-photo-img wp-image-6887\" itemprop=\"image\" src=\"\/wp-content\/uploads\/2025\/09\/fb066f9872c2ddef.webp\"> <\/div>\n<\/p><\/div>\n<\/p><\/div>\n<\/p><\/div>\n<div class=\"fl-module fl-module-heading fl-node-667682a04c736\" data-animation-delay=\"0.0\" data-node=\"667682a04c736\">\n<div class=\"fl-module-content fl-node-content\">\n<h3 class=\"fl-heading\"> <span class=\"fl-heading-text\">Roh -Silizium -Carbid -Paddel und SIC -Prozessrohr beim Spalten<\/span> <\/h3>\n<\/p><\/div>\n<\/p><\/div>\n<\/p><\/div>\n<\/p><\/div>\n<div class=\"fl-col fl-node-667682a04c83a fl-col-small\" data-node=\"667682a04c83a\" style=\"width: 46.89%;\">\n<div class=\"fl-col-content fl-node-content\">\n<div class=\"fl-module fl-module-photo fl-node-667682a04c777\" data-animation-delay=\"0.0\" data-node=\"667682a04c777\">\n<div class=\"fl-module-content fl-node-content\">\n<div class=\"fl-photo fl-photo-align-center\" itemscope=\"\" itemtype=\"http:\/\/schema.org\/ImageObject\">\n<div class=\"fl-photo-content fl-photo-img-jpg\"> <img decoding=\"async\" alt=\"Sic tohr\" class=\"fl-photo-img wp-image-6888\" itemprop=\"image\" src=\"\/wp-content\/uploads\/2025\/09\/87d8ebf944de0452.webp\"> <\/div>\n<\/p><\/div>\n<\/p><\/div>\n<\/p><\/div>\n<div class=\"fl-module fl-module-heading fl-node-667682a04c8bc\" data-animation-delay=\"0.0\" data-node=\"667682a04c8bc\">\n<div class=\"fl-module-content fl-node-content\">\n<h3 class=\"fl-heading\"> <span class=\"fl-heading-text\">Siliziumkarbid -Waferboot CVD sic beschichtet<\/span> <\/h3>\n<\/p><\/div>\n<\/p><\/div>\n<\/p><\/div>\n<\/p><\/div>\n<\/p><\/div>\n<\/p><\/div>\n<\/p><\/div>\n<\/p><\/div>\n<div class=\"fl-row fl-row-full-width fl-row-bg-none fl-node-667682a04c366\" data-node=\"667682a04c366\">\n<div class=\"fl-row-content-wrap\">\n<div class=\"fl-row-content fl-row-full-width fl-node-content\">\n<div class=\"fl-col-group fl-node-667682a04c3a7\" data-node=\"667682a04c3a7\">\n<div class=\"fl-col fl-node-667682a04c3e8\" data-node=\"667682a04c3e8\" style=\"width: 100%;\">\n<div class=\"fl-col-content fl-node-content\">\n<div class=\"fl-module fl-module-icon fl-node-667682a04c2e3\" data-animation-delay=\"0.0\" data-node=\"667682a04c2e3\">\n<div class=\"fl-module-content fl-node-content\">\n<div class=\"fl-icon-wrap\"> <span class=\"fl-icon\"> <i class=\"fa fa-align-justify\"><\/i> <\/span> <\/p>\n<div class=\"fl-icon-text\">\n<p style=\"text-align: left;\"><span style=\"color: #1182cc;\"><b>Daten von CVD SIC Performace von Semi-CERA.<\/b><\/span><\/p>\n<p> <script src=\"chrome-extension:\/\/lkacpincnpeaopanmojlgibodfibghjc\/scripts\/xiaomanBaseInject.js\" type=\"text\/javascript\"><\/script> <\/div>\n<\/p><\/div>\n<\/p><\/div>\n<\/p><\/div>\n<div class=\"fl-module fl-module-separator fl-node-667682a04c325\" data-animation-delay=\"0.0\" data-node=\"667682a04c325\">\n<div class=\"fl-module-content fl-node-content\">\n<div class=\"fl-separator\"><\/div>\n<\/p><\/div>\n<\/p><\/div>\n<div class=\"fl-module fl-module-photo fl-node-667682a04c8fe\" data-animation-delay=\"0.0\" data-node=\"667682a04c8fe\">\n<div class=\"fl-module-content fl-node-content\">\n<div class=\"fl-photo fl-photo-align-center\" itemscope=\"\" itemtype=\"http:\/\/schema.org\/ImageObject\">\n<div class=\"fl-photo-content fl-photo-img-jpg\"> <img decoding=\"async\" alt=\"Semi-CERA-CVD-SIC-Beschichtungsdaten\" class=\"fl-photo-img wp-image-7935\" itemprop=\"image\" src=\"\/wp-content\/uploads\/2025\/09\/ed39460c6d9404c6.webp\"> <\/div>\n<\/p><\/div>\n<\/p><\/div>\n<\/p><\/div>\n<div class=\"fl-module fl-module-photo fl-node-667682a04cbd7\" data-animation-delay=\"0.0\" data-node=\"667682a04cbd7\">\n<div class=\"fl-module-content fl-node-content\">\n<div class=\"fl-photo fl-photo-align-center\" itemscope=\"\" itemtype=\"http:\/\/schema.org\/ImageObject\">\n<div class=\"fl-photo-content fl-photo-img-jpg\"> <img decoding=\"async\" alt=\"Reinheit von sic\" class=\"fl-photo-img wp-image-7936\" itemprop=\"image\" src=\"\/wp-content\/uploads\/2025\/09\/e1b79a8f21d26e4e.webp\"> <\/div>\n<\/p><\/div>\n<\/p><\/div>\n<\/p><\/div>\n<\/p><\/div>\n<\/p><\/div>\n<\/p><\/div>\n<\/p><\/div>\n<\/p><\/div>\n<\/p><\/div>\n<div class=\"fl-row fl-row-full-width fl-row-bg-none fl-node-667682a04c93f\" data-node=\"667682a04c93f\">\n<div class=\"fl-row-content-wrap\">\n<div class=\"fl-row-content fl-row-full-width fl-node-content\">\n<div class=\"fl-col-group fl-node-667682a04c980\" data-node=\"667682a04c980\">\n<div class=\"fl-col fl-node-667682a04c9c1\" data-node=\"667682a04c9c1\" style=\"width: 100%;\">\n<div class=\"fl-col-content fl-node-content\">\n<div class=\"fl-module fl-module-photo fl-node-667682a04ca44\" data-animation-delay=\"0.0\" data-node=\"667682a04ca44\">\n<div class=\"fl-module-content fl-node-content\">\n<div class=\"fl-photo fl-photo-align-center\" itemscope=\"\" itemtype=\"http:\/\/schema.org\/ImageObject\">\n<div class=\"fl-photo-content fl-photo-img-jpg\"> <img decoding=\"async\" alt=\"SEMICERA -Arbeitsplatz\" class=\"fl-photo-img wp-image-6907\" itemprop=\"image\" src=\"\/wp-content\/uploads\/2025\/09\/a06702dd6fb7929d.webp\"> <\/div>\n<\/p><\/div>\n<\/p><\/div>\n<\/p><\/div>\n<div class=\"fl-module fl-module-photo fl-node-667682a04ca50\" data-animation-delay=\"0.0\" data-node=\"667682a04ca50\">\n<div class=\"fl-module-content fl-node-content\">\n<div class=\"fl-photo fl-photo-align-center\" itemscope=\"\" itemtype=\"http:\/\/schema.org\/ImageObject\">\n<div class=\"fl-photo-content fl-photo-img-jpg\"> <img decoding=\"async\" alt=\"Semizelle Arbeitsplatz 2\" class=\"fl-photo-img wp-image-6908\" itemprop=\"image\" src=\"\/wp-content\/uploads\/2025\/09\/53e1b77ee8000be6.webp\"> <\/div>\n<\/p><\/div>\n<\/p><\/div>\n<\/p><\/div>\n<div class=\"fl-module fl-module-photo fl-node-667682a04ca02\" data-animation-delay=\"0.0\" data-node=\"667682a04ca02\">\n<div class=\"fl-module-content fl-node-content\">\n<div class=\"fl-photo fl-photo-align-center\" itemscope=\"\" itemtype=\"http:\/\/schema.org\/ImageObject\">\n<div class=\"fl-photo-content fl-photo-img-jpg\"> <img decoding=\"async\" alt=\"Semizera Ware House\" class=\"fl-photo-img wp-image-6906\" itemprop=\"image\" src=\"\/wp-content\/uploads\/2025\/09\/4608428f797801ae.webp\"> <\/div>\n<\/p><\/div>\n<\/p><\/div>\n<\/p><\/div>\n<\/p><\/div>\n<\/p><\/div>\n<\/p><\/div>\n<div class=\"fl-col-group fl-node-667682a04ca91\" data-node=\"667682a04ca91\">\n<div class=\"fl-col fl-node-667682a04cad2\" data-node=\"667682a04cad2\" style=\"width: 100%;\">\n<div class=\"fl-col-content fl-node-content\">\n<div class=\"fl-module fl-module-photo fl-node-667682a04cb14\" data-animation-delay=\"0.0\" data-node=\"667682a04cb14\">\n<div class=\"fl-module-content fl-node-content\">\n<div class=\"fl-photo fl-photo-align-center\" itemscope=\"\" itemtype=\"http:\/\/schema.org\/ImageObject\">\n<div class=\"fl-photo-content fl-photo-img-jpg\"> <img decoding=\"async\" alt=\"Ausr\u00fcstungsmaschine\" class=\"fl-photo-img wp-image-6909\" itemprop=\"image\" src=\"\/wp-content\/uploads\/2025\/09\/fe4e4d07ffbc1d0b.webp\"> <\/div>\n<\/p><\/div>\n<\/p><\/div>\n<\/p><\/div>\n<div class=\"fl-module fl-module-photo fl-node-667682a04cb55\" data-animation-delay=\"0.0\" data-node=\"667682a04cb55\">\n<div class=\"fl-module-content fl-node-content\">\n<div class=\"fl-photo fl-photo-align-center\" itemscope=\"\" itemtype=\"http:\/\/schema.org\/ImageObject\">\n<div class=\"fl-photo-content fl-photo-img-jpg\"> <img decoding=\"async\" alt=\"CNN -Verarbeitung, chemische Reinigung, CVD -Beschichtung\" class=\"fl-photo-img wp-image-6910\" itemprop=\"image\" src=\"\/wp-content\/uploads\/2025\/09\/bebab09fd7440fe1.webp\"> <\/div>\n<\/p><\/div>\n<\/p><\/div>\n<\/p><\/div>\n<div class=\"fl-module fl-module-photo fl-node-667682a04cb96\" data-animation-delay=\"0.0\" data-node=\"667682a04cb96\">\n<div class=\"fl-module-content fl-node-content\">\n<div class=\"fl-photo fl-photo-align-center\" itemscope=\"\" itemtype=\"http:\/\/schema.org\/ImageObject\">\n<div class=\"fl-photo-content fl-photo-img-jpg\"> <img decoding=\"async\" alt=\"Unser Service\" class=\"fl-photo-img wp-image-6913\" itemprop=\"image\" src=\"\/wp-content\/uploads\/2025\/09\/d604c0eb39f22c6d.webp\"> <\/div>\n<\/p><\/div>\n<\/p><\/div>\n<\/p><\/div>\n<\/p><\/div>\n<\/p><\/div>\n<\/p><\/div>\n<\/p><\/div>\n<\/p><\/div>\n<\/p><\/div>\n<\/div>","protected":false},"excerpt":{"rendered":"<p><?xml encoding=\"utf-8\" ?><\/p>\n<p>Solid CVD SiC Rings are mainly composed of silicon carbide (SiC), and have excellent physical and chemical properties. Silicon carbide is a ceramic material with a high melting point, high hardness and excellent corrosion resistance. It exhibits excellent thermal conductivity, chemical stability and mechanical strength at high temperatures, and has excellent wear and abrasion resistance.<\/p>","protected":false},"featured_media":953,"comment_status":"closed","ping_status":"open","template":"","meta":[],"product_brand":[],"product_cat":[16,46],"product_tag":[],"class_list":{"0":"post-1467","1":"product","2":"type-product","3":"status-publish","4":"has-post-thumbnail","6":"product_cat-cvd-sic","7":"product_cat-pure-cvd-silicon-carbide","9":"first","10":"instock","11":"product-type-simple"},"_links":{"self":[{"href":"https:\/\/www.cn-semiconductorparts.com\/de\/wp-json\/wp\/v2\/product\/1467","targetHints":{"allow":["GET"]}}],"collection":[{"href":"https:\/\/www.cn-semiconductorparts.com\/de\/wp-json\/wp\/v2\/product"}],"about":[{"href":"https:\/\/www.cn-semiconductorparts.com\/de\/wp-json\/wp\/v2\/types\/product"}],"replies":[{"embeddable":true,"href":"https:\/\/www.cn-semiconductorparts.com\/de\/wp-json\/wp\/v2\/comments?post=1467"}],"wp:featuredmedia":[{"embeddable":true,"href":"https:\/\/www.cn-semiconductorparts.com\/de\/wp-json\/wp\/v2\/media\/953"}],"wp:attachment":[{"href":"https:\/\/www.cn-semiconductorparts.com\/de\/wp-json\/wp\/v2\/media?parent=1467"}],"wp:term":[{"taxonomy":"product_brand","embeddable":true,"href":"https:\/\/www.cn-semiconductorparts.com\/de\/wp-json\/wp\/v2\/product_brand?post=1467"},{"taxonomy":"product_cat","embeddable":true,"href":"https:\/\/www.cn-semiconductorparts.com\/de\/wp-json\/wp\/v2\/product_cat?post=1467"},{"taxonomy":"product_tag","embeddable":true,"href":"https:\/\/www.cn-semiconductorparts.com\/de\/wp-json\/wp\/v2\/product_tag?post=1467"}],"curies":[{"name":"wp","href":"https:\/\/api.w.org\/{rel}","templated":true}]}}