{"id":1473,"date":"2025-09-11T05:29:19","date_gmt":"2025-09-11T05:29:19","guid":{"rendered":"https:\/\/weitai2.globaldeepsea.site\/product\/tantalum-carbide-wear-coated-ring\/"},"modified":"2026-04-29T15:33:11","modified_gmt":"2026-04-29T07:33:11","slug":"tantalum-carbide-wear-coated-ring","status":"publish","type":"product","link":"https:\/\/www.cn-semiconductorparts.com\/de\/product\/tantalum-carbide-wear-coated-ring\/","title":{"rendered":"Tantalum Carbid Wear Coated Ring"},"content":{"rendered":"<p><?xml encoding=\"utf-8\" ?><\/p>\n<div class=\"fl-builder-content fl-builder-content-9162 fl-builder-content-primary fl-builder-global-templates-locked\" data-post-id=\"9162\">\n<div class=\"fl-row fl-row-full-width fl-row-bg-none fl-node-66755661ef4fe\" data-node=\"66755661ef4fe\">\n<div class=\"fl-row-content-wrap\">\n<div class=\"fl-row-content fl-row-full-width fl-node-content\">\n<div class=\"fl-col-group fl-node-66755661ef609\" data-node=\"66755661ef609\">\n<div class=\"fl-col fl-node-66755661ef64a\" data-node=\"66755661ef64a\" style=\"width: 100%;\">\n<div class=\"fl-col-content fl-node-content\">\n<div class=\"fl-module fl-module-rich-text fl-node-66755661ef68c\" data-animation-delay=\"0.0\" data-node=\"66755661ef68c\">\n<div class=\"fl-module-content fl-node-content\">\n<div class=\"fl-rich-text\">\n<p><span style=\"font-family: 'Segoe UI';\">Semicera bietet spezielle Tantal -Carbid -Beschichtungen (TAC) f\u00fcr verschiedene Komponenten und Tr\u00e4ger.<\/span>&nbsp;Semicera leading coating process enables tantalum carbide (TaC) coatings to achieve high purity, high temperature stability and high chemical tolerance, improving product quality of SIC\/GAN crystals and EPI layers (Graphite coated TaC susceptor), and extending the life of key reactor components. The use of tantalum carbide TaC coating is to solve the edge problem and improve the quality of crystal growth, and Semicera has breakthrough solved the tantalum carbide coating technology (CVD), reaching the international advanced level.<\/p>\n<div id=\"gtx-trans\" style=\"position: absolute; left: 194px; top: 111.453px;\">&nbsp;<\/div>\n<\/p><\/div>\n<\/p><\/div>\n<\/p><\/div>\n<\/p><\/div>\n<\/p><\/div>\n<\/p><\/div>\n<div class=\"fl-col-group fl-node-66755661ef8d7\" data-node=\"66755661ef8d7\">\n<div class=\"fl-col fl-node-66755661ef919\" data-node=\"66755661ef919\" style=\"width: 100%;\">\n<div class=\"fl-col-content fl-node-content\">\n<div class=\"fl-module fl-module-rich-text fl-node-66755661ef95a\" data-animation-delay=\"0.0\" data-node=\"66755661ef95a\">\n<div class=\"fl-module-content fl-node-content\">\n<div class=\"fl-rich-text\">\n<p>Tantal-Carbid-Verschlei\u00df-resistente Beschichtungsringe werden in verschiedenen Szenarien mit hoher Ausnahme und hohen Verschwendung h\u00e4ufig verwendet, wie z. B. mechanische Dichtungen, Pumpensysteme, Ventile, Lager und Schneidwerkzeuge. Sie bieten zuverl\u00e4ssigen Verschlei\u00dfschutz, reduzieren den Verschlei\u00df und die Besch\u00e4digung von Komponenten und verbessern die Zuverl\u00e4ssigkeit und die Lebensdauer von Ger\u00e4ten.<\/p>\n<\/p><\/div>\n<\/p><\/div>\n<\/p><\/div>\n<div class=\"fl-module fl-module-rich-text fl-node-6675568c114d8\" data-animation-delay=\"0.0\" data-node=\"6675568c114d8\">\n<div class=\"fl-module-content fl-node-content\">\n<div class=\"fl-rich-text\">\n<p>Die Eigenschaften von Tantal-Carbid-Verschlei\u00df-resistenten Beschichtungsringen sind wie folgt:<\/p>\n<p>1. Verschlei\u00dffestigkeit: Tantal Carbidbeschichtung hat eine extrem hohe H\u00e4rte und Verschlei\u00dffestigkeit, kann der Reibung und dem Verschlei\u00df effektiv widerstehen und die Lebensdauer des Beschichtungsrings verl\u00e4ngern.<\/p>\n<p>2. Niedriger Reibungskoeffizient: Tantal -Carbidbeschichtung hat einen geringen Reibungskoeffizienten, wodurch der Reibungsverlust und den Energieverbrauch zwischen der Beschichtung und anderen Materialien verringert werden.<\/p>\n<p>3. Korrosionsbest\u00e4ndigkeit: Tantal -Carbidbeschichtung kann der Erosion einer Vielzahl von Chemikalien und L\u00f6sungsmitteln widerstehen, eine hervorragende Korrosionsbest\u00e4ndigkeit aufweist und f\u00fcr Anwendungen in korrosiven Umgebungen geeignet ist.<\/p>\n<p>4. Hochtemperaturstabilit\u00e4t: Tantal -Carbidbeschichtung kann die strukturelle Stabilit\u00e4t und einen guten Verschlei\u00dffestigkeit in Hochtemperaturumgebungen aufrechterhalten und f\u00fcr Hochtemperaturprozesse und -anwendungen geeignet.<\/p>\n<\/p><\/div>\n<\/p><\/div>\n<\/p><\/div>\n<\/p><\/div>\n<\/p><\/div>\n<\/p><\/div>\n<div class=\"fl-col-group fl-node-66755661efc34\" data-node=\"66755661efc34\">\n<div class=\"fl-col fl-node-66755661efd46 fl-col-small\" data-node=\"66755661efd46\" style=\"width: 50%;\">\n<div class=\"fl-col-content fl-node-content\">\n<div class=\"fl-module fl-module-photo fl-node-66755661efcbe\" data-animation-delay=\"0.0\" data-node=\"66755661efcbe\">\n<div class=\"fl-module-content fl-node-content\">\n<div class=\"fl-photo fl-photo-align-center\" itemscope=\"\" itemtype=\"http:\/\/schema.org\/ImageObject\">\n<div class=\"fl-photo-content fl-photo-img-jpg\"> <img decoding=\"async\" alt=\"Hocheffizientes Tantal -Carbidbeschichtung mit hoher Effizienz Verbesserung der industriellen Produktionseffizienz und Reduzierung der Wartungskosten enthielt Bild\" class=\"fl-photo-img wp-image-7305 size-thumbnail\" itemprop=\"image\" src=\"\/wp-content\/uploads\/2025\/09\/0c4e2486991c9804.webp\"> <\/div>\n<\/p><\/div>\n<\/p><\/div>\n<\/p><\/div>\n<div class=\"fl-module fl-module-heading fl-node-66755661efdd4\" data-animation-delay=\"0.0\" data-node=\"66755661efdd4\">\n<div class=\"fl-module-content fl-node-content\">\n<h3 class=\"fl-heading\">  TAC -Teil f\u00fcr das Wachstum einer Kristall  <\/h3>\n<\/p><\/div>\n<\/p><\/div>\n<\/p><\/div>\n<\/p><\/div>\n<div class=\"fl-col fl-node-66755661efc75 fl-col-small\" data-node=\"66755661efc75\" style=\"width: 50%;\">\n<div class=\"fl-col-content fl-node-content\">\n<div class=\"fl-module fl-module-photo fl-node-66755661efd00\" data-animation-delay=\"0.0\" data-node=\"66755661efd00\">\n<div class=\"fl-module-content fl-node-content\">\n<div class=\"fl-photo fl-photo-align-center\" itemscope=\"\" itemtype=\"http:\/\/schema.org\/ImageObject\">\n<div class=\"fl-photo-content fl-photo-img-jpg\"> <img decoding=\"async\" alt=\"Antiwear Tantalharbidbeschichtung_ sch\u00fctzt die Ausr\u00fcstung vor Verschlei\u00df und Korrosion im Bild\" class=\"fl-photo-img wp-image-6556 size-thumbnail\" itemprop=\"image\" src=\"\/wp-content\/uploads\/2025\/09\/3358ccbc0dafe7b5.webp\"> <\/div>\n<\/p><\/div>\n<\/p><\/div>\n<\/p><\/div>\n<div class=\"fl-module fl-module-heading fl-node-66755661efd92\" data-animation-delay=\"0.0\" data-node=\"66755661efd92\">\n<div class=\"fl-module-content fl-node-content\">\n<h3 class=\"fl-heading\">  Graphit mit TAC -beschichtetem Ring  <\/h3>\n<\/p><\/div>\n<\/p><\/div>\n<\/p><\/div>\n<\/p><\/div>\n<\/p><\/div>\n<div class=\"fl-col-group fl-node-66755661ef791\" data-node=\"66755661ef791\">\n<div class=\"fl-col fl-node-66755661ef896 fl-col-small\" data-node=\"66755661ef896\" style=\"width: 50%;\">\n<div class=\"fl-col-content fl-node-content\">\n<div class=\"fl-module fl-module-photo fl-node-66755661ef813\" data-animation-delay=\"0.0\" data-node=\"66755661ef813\">\n<div class=\"fl-module-content fl-node-content\">\n<div class=\"fl-photo fl-photo-align-center\" itemscope=\"\" itemtype=\"http:\/\/schema.org\/ImageObject\">\n<div class=\"fl-photo-content fl-photo-img-png\"> <img decoding=\"async\" alt=\"&#24494;&#20449;&#22270;&#29255;_20240227150045\" class=\"fl-photo-img wp-image-6621\" itemprop=\"image\" src=\"\/wp-content\/uploads\/2025\/09\/7f66597ee3a8b10a.webp\"> <\/div>\n<\/p><\/div>\n<\/p><\/div>\n<\/p><\/div>\n<div class=\"fl-module fl-module-heading fl-node-66755661efaa0\" data-animation-delay=\"0.0\" data-node=\"66755661efaa0\">\n<div class=\"fl-module-content fl-node-content\">\n<h3 class=\"fl-heading\"> <span class=\"fl-heading-text\">mit und ohne TAC<\/span> <\/h3>\n<\/p><\/div>\n<\/p><\/div>\n<\/p><\/div>\n<\/p><\/div>\n<div class=\"fl-col fl-node-66755661ef7d2 fl-col-small\" data-node=\"66755661ef7d2\" style=\"width: 50%;\">\n<div class=\"fl-col-content fl-node-content\">\n<div class=\"fl-module fl-module-photo fl-node-66755661ef854\" data-animation-delay=\"0.0\" data-node=\"66755661ef854\">\n<div class=\"fl-module-content fl-node-content\">\n<div class=\"fl-photo fl-photo-align-center\" itemscope=\"\" itemtype=\"http:\/\/schema.org\/ImageObject\">\n<div class=\"fl-photo-content fl-photo-img-png\"> <img decoding=\"async\" alt=\"&#24494;&#20449;&#22270;&#29255;_20240227150053\" class=\"fl-photo-img wp-image-6620 size-thumbnail\" itemprop=\"image\" src=\"\/wp-content\/uploads\/2025\/09\/b13df0bf24464be4.webp\"> <\/div>\n<\/p><\/div>\n<\/p><\/div>\n<\/p><\/div>\n<div class=\"fl-module fl-module-heading fl-node-66755661efa5f\" data-animation-delay=\"0.0\" data-node=\"66755661efa5f\">\n<div class=\"fl-module-content fl-node-content\">\n<h3 class=\"fl-heading\"> <span class=\"fl-heading-text\">Nach Verwendung von TAC (rechts)<\/span> <\/h3>\n<\/p><\/div>\n<\/p><\/div>\n<\/p><\/div>\n<\/p><\/div>\n<\/p><\/div>\n<div class=\"fl-col-group fl-node-66755661ef9dd\" data-node=\"66755661ef9dd\">\n<div class=\"fl-col fl-node-66755661efa1e\" data-node=\"66755661efa1e\" style=\"width: 100%;\">\n<div class=\"fl-col-content fl-node-content\">\n<div class=\"fl-module fl-module-rich-text fl-node-66755661ef99b\" data-animation-delay=\"0.0\" data-node=\"66755661ef99b\">\n<div class=\"fl-module-content fl-node-content\">\n<div class=\"fl-rich-text\">\n<p>Moreover, Semicera&#8217;s TaC-coated products&nbsp;exhibit a longer service life and greater high-temperature resistance compared to <b>SiC coatings.<\/b>&nbsp;Laboratory measurements have demonstrated that our TaC coatings&nbsp;can consistently perform at temperatures up to 2300 degrees Celsius for extended periods. Below are some examples of our samples:<\/p>\n<div id=\"gtx-trans\" style=\"position: absolute; left: 1221px; top: 26px;\">&nbsp;<\/div>\n<\/p><\/div>\n<\/p><\/div>\n<\/p><\/div>\n<\/p><\/div>\n<\/p><\/div>\n<\/p><\/div>\n<div class=\"fl-col-group fl-node-66755661efae1\" data-node=\"66755661efae1\">\n<div class=\"fl-col fl-node-66755661efbf3 fl-col-small\" data-node=\"66755661efbf3\" style=\"width: 50%;\">\n<div class=\"fl-col-content fl-node-content\">\n<div class=\"fl-module fl-module-photo fl-node-66755661efb63\" data-animation-delay=\"0.0\" data-node=\"66755661efb63\">\n<div class=\"fl-module-content fl-node-content\">\n<div class=\"fl-photo fl-photo-align-center\" itemscope=\"\" itemtype=\"http:\/\/schema.org\/ImageObject\">\n<div class=\"fl-photo-content fl-photo-img-png\"> <img decoding=\"async\" alt=\"3\" class=\"fl-photo-img wp-image-8245\" itemprop=\"image\" src=\"\/wp-content\/uploads\/2025\/09\/c934e5dc4964ad7b.webp\"> <\/div>\n<\/p><\/div>\n<\/p><\/div>\n<\/p><\/div>\n<div class=\"fl-module fl-module-heading fl-node-66755661effdf\" data-animation-delay=\"0.0\" data-node=\"66755661effdf\">\n<div class=\"fl-module-content fl-node-content\">\n<h3 class=\"fl-heading\">  TAC -beschichteter Suszeptor  <\/h3>\n<\/p><\/div>\n<\/p><\/div>\n<\/p><\/div>\n<\/p><\/div>\n<div class=\"fl-col fl-node-66755661efb22 fl-col-small\" data-node=\"66755661efb22\" style=\"width: 50%;\">\n<div class=\"fl-col-content fl-node-content\">\n<div class=\"fl-module fl-module-photo fl-node-66755661efba5\" data-animation-delay=\"0.0\" data-node=\"66755661efba5\">\n<div class=\"fl-module-content fl-node-content\">\n<div class=\"fl-photo fl-photo-align-center\" itemscope=\"\" itemtype=\"http:\/\/schema.org\/ImageObject\">\n<div class=\"fl-photo-content fl-photo-img-png\"> <img decoding=\"async\" alt=\"4\" class=\"fl-photo-img wp-image-8246\" itemprop=\"image\" src=\"\/wp-content\/uploads\/2025\/09\/288e78622a58bce1.webp\"> <\/div>\n<\/p><\/div>\n<\/p><\/div>\n<\/p><\/div>\n<div class=\"fl-module fl-module-heading fl-node-66755661f0020\" data-animation-delay=\"0.0\" data-node=\"66755661f0020\">\n<div class=\"fl-module-content fl-node-content\">\n<h3 class=\"fl-heading\">  Graphit mit TAC -beschichtetem Reaktor  <\/h3>\n<\/p><\/div>\n<\/p><\/div>\n<\/p><\/div>\n<\/p><\/div>\n<\/p><\/div>\n<div class=\"fl-col-group fl-node-66755661eff1b\" data-node=\"66755661eff1b\">\n<div class=\"fl-col fl-node-66755661eff5d\" data-node=\"66755661eff5d\" style=\"width: 100%;\">\n<div class=\"fl-col-content fl-node-content\">\n<div class=\"fl-module fl-module-photo fl-node-66755661eff9e\" data-animation-delay=\"0.0\" data-node=\"66755661eff9e\">\n<div class=\"fl-module-content fl-node-content\">\n<div class=\"fl-photo fl-photo-align-center\" itemscope=\"\" itemtype=\"http:\/\/schema.org\/ImageObject\">\n<div class=\"fl-photo-content fl-photo-img-png\"> <img decoding=\"async\" alt=\"0(1)\" class=\"fl-photo-img wp-image-6851\" itemprop=\"image\" src=\"\/wp-content\/uploads\/2025\/09\/474f2973c811b4a2.webp\"> <\/div>\n<\/p><\/div>\n<\/p><\/div>\n<\/p><\/div>\n<\/p><\/div>\n<\/p><\/div>\n<\/p><\/div>\n<div class=\"fl-col-group fl-node-66755661ef544\" data-node=\"66755661ef544\">\n<div class=\"fl-col fl-node-66755661ef586\" data-node=\"66755661ef586\" style=\"width: 100%;\">\n<div class=\"fl-col-content fl-node-content\">\n<div class=\"fl-module fl-module-photo fl-node-66755661ef5c8\" data-animation-delay=\"0.0\" data-node=\"66755661ef5c8\">\n<div class=\"fl-module-content fl-node-content\">\n<div class=\"fl-photo fl-photo-align-center\" itemscope=\"\" itemtype=\"http:\/\/schema.org\/ImageObject\">\n<div class=\"fl-photo-content fl-photo-img-jpg\"> <img decoding=\"async\" alt=\"SEMICERA -Arbeitsplatz\" class=\"fl-photo-img wp-image-7286\" itemprop=\"image\" src=\"\/wp-content\/uploads\/2025\/09\/b1dd0bcab1675ff4.webp\"> <\/div>\n<\/p><\/div>\n<\/p><\/div>\n<\/p><\/div>\n<\/p><\/div>\n<\/p><\/div>\n<\/p><\/div>\n<div class=\"fl-col-group fl-node-66755661ef6cd\" data-node=\"66755661ef6cd\">\n<div class=\"fl-col fl-node-66755661ef70e\" data-node=\"66755661ef70e\" style=\"width: 100%;\">\n<div class=\"fl-col-content fl-node-content\">\n<div class=\"fl-module fl-module-photo fl-node-66755661ef750\" data-animation-delay=\"0.0\" data-node=\"66755661ef750\">\n<div class=\"fl-module-content fl-node-content\">\n<div class=\"fl-photo fl-photo-align-center\" itemscope=\"\" itemtype=\"http:\/\/schema.org\/ImageObject\">\n<div class=\"fl-photo-content fl-photo-img-jpg\"> <img decoding=\"async\" alt=\"Semizelle Arbeitsplatz 2\" class=\"fl-photo-img wp-image-7287\" itemprop=\"image\" src=\"\/wp-content\/uploads\/2025\/09\/2b946d2b4b61306d.webp\"> <\/div>\n<\/p><\/div>\n<\/p><\/div>\n<\/p><\/div>\n<div class=\"fl-module fl-module-photo fl-node-66755661efeda\" data-animation-delay=\"0.0\" data-node=\"66755661efeda\">\n<div class=\"fl-module-content fl-node-content\">\n<div class=\"fl-photo fl-photo-align-center\" itemscope=\"\" itemtype=\"http:\/\/schema.org\/ImageObject\">\n<div class=\"fl-photo-content fl-photo-img-jpg\"> <img decoding=\"async\" alt=\"Ausr\u00fcstungsmaschine\" class=\"fl-photo-img wp-image-7288\" itemprop=\"image\" src=\"\/wp-content\/uploads\/2025\/09\/081b6529d68ead23.webp\"> <\/div>\n<\/p><\/div>\n<\/p><\/div>\n<\/p><\/div>\n<div class=\"fl-module fl-module-photo fl-node-66755661efe15\" data-animation-delay=\"0.0\" data-node=\"66755661efe15\">\n<div class=\"fl-module-content fl-node-content\">\n<div class=\"fl-photo fl-photo-align-center\" itemscope=\"\" itemtype=\"http:\/\/schema.org\/ImageObject\">\n<div class=\"fl-photo-content fl-photo-img-jpg\"> <img decoding=\"async\" alt=\"Semizera Ware House\" class=\"fl-photo-img wp-image-7140\" itemprop=\"image\" src=\"\/wp-content\/uploads\/2025\/09\/2190bb9ce5c1d546.webp\"> <\/div>\n<\/p><\/div>\n<\/p><\/div>\n<\/p><\/div>\n<div class=\"fl-module fl-module-photo fl-node-66755661efe99\" data-animation-delay=\"0.0\" data-node=\"66755661efe99\">\n<div class=\"fl-module-content fl-node-content\">\n<div class=\"fl-photo fl-photo-align-center\" itemscope=\"\" itemtype=\"http:\/\/schema.org\/ImageObject\">\n<div class=\"fl-photo-content fl-photo-img-jpg\"> <img decoding=\"async\" alt=\"CNN -Verarbeitung, chemische Reinigung, CVD -Beschichtung\" class=\"fl-photo-img wp-image-7289\" itemprop=\"image\" src=\"\/wp-content\/uploads\/2025\/09\/a4132b2b399abbac.webp\"> <\/div>\n<\/p><\/div>\n<\/p><\/div>\n<\/p><\/div>\n<div class=\"fl-module fl-module-photo fl-node-66755661efe57\" data-animation-delay=\"0.0\" data-node=\"66755661efe57\">\n<div class=\"fl-module-content fl-node-content\">\n<div class=\"fl-photo fl-photo-align-center\" itemscope=\"\" itemtype=\"http:\/\/schema.org\/ImageObject\">\n<div class=\"fl-photo-content fl-photo-img-jpg\"> <img decoding=\"async\" alt=\"Unser Service\" class=\"fl-photo-img wp-image-7290\" itemprop=\"image\" src=\"\/wp-content\/uploads\/2025\/09\/b07f222c0ec0ab8d.webp\"> <\/div>\n<\/p><\/div>\n<\/p><\/div>\n<\/p><\/div>\n<\/p><\/div>\n<\/p><\/div>\n<\/p><\/div>\n<\/p><\/div>\n<\/p><\/div>\n<\/p><\/div>\n<\/div>","protected":false},"excerpt":{"rendered":"<p><?xml encoding=\"utf-8\" ?><\/p>\n<p>Semicera&rsquo;s Tantalum Carbide Wear Coated Ring is designed for epitaxy equipment, offering superior wear resistance and high-temperature stability up to 2300&deg;C. This high-performance ring ensures longevity and reliability in semiconductor manufacturing. Trust Semicera for innovative solutions in high-precision applications.<\/p>","protected":false},"featured_media":941,"comment_status":"closed","ping_status":"open","template":"","meta":[],"product_brand":[],"product_cat":[37],"product_tag":[],"class_list":{"0":"post-1473","1":"product","2":"type-product","3":"status-publish","4":"has-post-thumbnail","6":"product_cat-cvd-tac-coating","8":"first","9":"instock","10":"product-type-simple"},"_links":{"self":[{"href":"https:\/\/www.cn-semiconductorparts.com\/de\/wp-json\/wp\/v2\/product\/1473","targetHints":{"allow":["GET"]}}],"collection":[{"href":"https:\/\/www.cn-semiconductorparts.com\/de\/wp-json\/wp\/v2\/product"}],"about":[{"href":"https:\/\/www.cn-semiconductorparts.com\/de\/wp-json\/wp\/v2\/types\/product"}],"replies":[{"embeddable":true,"href":"https:\/\/www.cn-semiconductorparts.com\/de\/wp-json\/wp\/v2\/comments?post=1473"}],"wp:featuredmedia":[{"embeddable":true,"href":"https:\/\/www.cn-semiconductorparts.com\/de\/wp-json\/wp\/v2\/media\/941"}],"wp:attachment":[{"href":"https:\/\/www.cn-semiconductorparts.com\/de\/wp-json\/wp\/v2\/media?parent=1473"}],"wp:term":[{"taxonomy":"product_brand","embeddable":true,"href":"https:\/\/www.cn-semiconductorparts.com\/de\/wp-json\/wp\/v2\/product_brand?post=1473"},{"taxonomy":"product_cat","embeddable":true,"href":"https:\/\/www.cn-semiconductorparts.com\/de\/wp-json\/wp\/v2\/product_cat?post=1473"},{"taxonomy":"product_tag","embeddable":true,"href":"https:\/\/www.cn-semiconductorparts.com\/de\/wp-json\/wp\/v2\/product_tag?post=1473"}],"curies":[{"name":"wp","href":"https:\/\/api.w.org\/{rel}","templated":true}]}}