{"id":1494,"date":"2025-09-11T05:29:26","date_gmt":"2025-09-11T05:29:26","guid":{"rendered":"https:\/\/weitai2.globaldeepsea.site\/product\/cvd-silicon-carbide-sic-etching-ring\/"},"modified":"2026-04-29T15:33:03","modified_gmt":"2026-04-29T07:33:03","slug":"cvd-silicon-carbide-sic-etching-ring","status":"publish","type":"product","link":"https:\/\/www.cn-semiconductorparts.com\/de\/product\/cvd-silicon-carbide-sic-etching-ring\/","title":{"rendered":"CVD Silicon Carbide SiC Etching Ring"},"content":{"rendered":"<p><?xml encoding=\"utf-8\" ?><\/p>\n<div class=\"fl-builder-content fl-builder-content-8472 fl-builder-content-primary fl-builder-global-templates-locked\" data-post-id=\"8472\">\n<div class=\"fl-row fl-row-full-width fl-row-bg-none fl-node-666a675500af9\" data-node=\"666a675500af9\">\n<div class=\"fl-row-content-wrap\">\n<div class=\"fl-row-content fl-row-full-width fl-node-content\">\n<div class=\"fl-col-group fl-node-666a675500b3e\" data-node=\"666a675500b3e\">\n<div class=\"fl-col fl-node-666a675500b81\" data-node=\"666a675500b81\" style=\"width: 100%;\">\n<div class=\"fl-col-content fl-node-content\">\n<div class=\"fl-module fl-module-icon fl-node-666a675500bc2\" data-animation-delay=\"0.0\" data-node=\"666a675500bc2\">\n<div class=\"fl-module-content fl-node-content\">\n<div class=\"fl-icon-wrap\"> <span class=\"fl-icon\"> <i class=\"fa fa-align-justify\"><\/i> <\/span> <\/p>\n<div class=\"fl-icon-text\">\n<p style=\"text-align: left;\"><strong><span style=\"color: #1182cc;\">Why is&nbsp;CVD SiC Etching Ring&#65311;<\/span><\/strong><\/p>\n<\/p><\/div>\n<\/p><\/div>\n<\/p><\/div>\n<\/p><\/div>\n<div class=\"fl-module fl-module-separator fl-node-666a675500c03\" data-animation-delay=\"0.0\" data-node=\"666a675500c03\">\n<div class=\"fl-module-content fl-node-content\">\n<div class=\"fl-separator\"><\/div>\n<\/p><\/div>\n<\/p><\/div>\n<div class=\"fl-module fl-module-rich-text fl-node-666a675500d49\" data-animation-delay=\"0.0\" data-node=\"666a675500d49\">\n<div class=\"fl-module-content fl-node-content\">\n<div class=\"fl-rich-text\">\n<p>CVD Silicon Carbide(SiC) Etching Ring is a special component made of Silicon Carbide (SiC) using the Chemical Vapor Deposition (CVD) method. CVD Silicon Carbide(SiC) Etching Ring plays a key role in a variety of industrial applications, especially in processes involving material etching. Silicon Carbide is a unique and advanced ceramic material known for its outstanding properties, including high hardness, excellent thermal conductivity and resistance to harsh chemical environments.<\/p>\n<p>The Chemical Vapor Deposition process involves depositing a thin layer of SiC onto a substrate in a controlled environment, resulting in a high-purity and precisely engineered material. CVD Silicon Carbide is known for its uniform and dense microstructure, excellent mechanical strength and enhanced thermal stability.<\/p>\n<p>CVD Silicon Carbide(SiC) Etching Ring is made of CVD Silicon Carbide, which not only ensures excellent durability, but also resists chemical corrosion and extreme temperature changes. This makes it ideal for applications where precision, reliability and life are critical.<\/p>\n<p>&nbsp;<\/p>\n<\/p><\/div>\n<\/p><\/div>\n<\/p><\/div>\n<\/p><\/div>\n<\/p><\/div>\n<\/p><\/div>\n<\/p><\/div>\n<\/p><\/div>\n<\/p><\/div>\n<div class=\"fl-row fl-row-full-width fl-row-bg-none fl-node-666a675500c85\" data-node=\"666a675500c85\">\n<div class=\"fl-row-content-wrap\">\n<div class=\"fl-row-content fl-row-full-width fl-node-content\">\n<div class=\"fl-col-group fl-node-666a675500cc6\" data-node=\"666a675500cc6\">\n<div class=\"fl-col fl-node-666a675500d07\" data-node=\"666a675500d07\" style=\"width: 100%;\">\n<div class=\"fl-col-content fl-node-content\">\n<div class=\"fl-module fl-module-icon fl-node-666a675500c44\" data-animation-delay=\"0.0\" data-node=\"666a675500c44\">\n<div class=\"fl-module-content fl-node-content\">\n<div class=\"fl-icon-wrap\"> <span class=\"fl-icon\"> <i class=\"fa fa-align-justify\"><\/i> <\/span> <\/p>\n<div class=\"fl-icon-text\">\n<p style=\"text-align: left;\"><strong><span style=\"color: #1182cc;\">Unser Vorteil, warum Semizera w\u00e4hlen?<\/span><\/strong><\/p>\n<p> <script src=\"chrome-extension:\/\/lkacpincnpeaopanmojlgibodfibghjc\/scripts\/xiaomanBaseInject.js\" type=\"text\/javascript\"><\/script> <\/div>\n<\/p><\/div>\n<\/p><\/div>\n<\/p><\/div>\n<div class=\"fl-module fl-module-separator fl-node-666a675500e0b\" data-animation-delay=\"0.0\" data-node=\"666a675500e0b\">\n<div class=\"fl-module-content fl-node-content\">\n<div class=\"fl-separator\"><\/div>\n<\/p><\/div>\n<\/p><\/div>\n<\/p><\/div>\n<\/p><\/div>\n<\/p><\/div>\n<\/p><\/div>\n<\/p><\/div>\n<\/p><\/div>\n<div class=\"fl-row fl-row-full-width fl-row-bg-none fl-node-666a675500e4d\" data-node=\"666a675500e4d\">\n<div class=\"fl-row-content-wrap\">\n<div class=\"fl-row-content fl-row-full-width fl-node-content\">\n<div class=\"fl-col-group fl-node-666a675500e8f\" data-node=\"666a675500e8f\">\n<div class=\"fl-col fl-node-666a675500ed0\" data-node=\"666a675500ed0\" style=\"width: 53.89%;\">\n<div class=\"fl-col-content fl-node-content\">\n<div class=\"fl-module fl-module-rich-text fl-node-666a675500d89\" data-animation-delay=\"0.0\" data-node=\"666a675500d89\">\n<div class=\"fl-module-content fl-node-content\">\n<div class=\"fl-rich-text\">\n<p>&#10003;Top-quality in China market<\/p>\n<p>&nbsp;<\/p>\n<p>&#10003;Good service always for you, 7*24 hours<\/p>\n<p>&nbsp;<\/p>\n<p>&#10003;Short date of delivery<\/p>\n<p>&nbsp;<\/p>\n<p>&#10003;Small MOQ welcome and accepted<\/p>\n<p>&nbsp;<\/p>\n<p>&#10003;Custom services<\/p>\n<p><script src=\"chrome-extension:\/\/lkacpincnpeaopanmojlgibodfibghjc\/scripts\/xiaomanBaseInject.js\" type=\"text\/javascript\"><\/script><\/p>\n<\/p><\/div>\n<\/p><\/div>\n<\/p><\/div>\n<\/p><\/div>\n<\/p><\/div>\n<div class=\"fl-col fl-node-666a675500f11 fl-col-small\" data-node=\"666a675500f11\" style=\"width: 46.11%;\">\n<div class=\"fl-col-content fl-node-content\">\n<div class=\"fl-module fl-module-photo fl-node-666a675500dca\" data-animation-delay=\"0.0\" data-node=\"666a675500dca\">\n<div class=\"fl-module-content fl-node-content\">\n<div class=\"fl-photo fl-photo-align-center\" itemscope=\"\" itemtype=\"http:\/\/schema.org\/ImageObject\">\n<div class=\"fl-photo-content fl-photo-img-jpg\"> <img decoding=\"async\" alt=\"Quarzproduktionsausr\u00fcstung 4\" class=\"fl-photo-img wp-image-6839\" itemprop=\"image\" src=\"\/wp-content\/uploads\/2025\/09\/7b546b956fad1698.webp\"> <\/div>\n<\/p><\/div>\n<\/p><\/div>\n<\/p><\/div>\n<\/p><\/div>\n<\/p><\/div>\n<\/p><\/div>\n<\/p><\/div>\n<\/p><\/div>\n<\/p><\/div>\n<div class=\"fl-row fl-row-full-width fl-row-bg-none fl-node-666a675500fd4\" data-node=\"666a675500fd4\">\n<div class=\"fl-row-content-wrap\">\n<div class=\"fl-row-content fl-row-full-width fl-node-content\">\n<div class=\"fl-col-group fl-node-666a675501016\" data-node=\"666a675501016\">\n<div class=\"fl-col fl-node-666a675501057\" data-node=\"666a675501057\" style=\"width: 100%;\">\n<div class=\"fl-col-content fl-node-content\">\n<div class=\"fl-module fl-module-icon fl-node-666a675500f53\" data-animation-delay=\"0.0\" data-node=\"666a675500f53\">\n<div class=\"fl-module-content fl-node-content\">\n<div class=\"fl-icon-wrap\"> <span class=\"fl-icon\"> <i class=\"fa fa-align-justify\"><\/i> <\/span> <\/p>\n<div class=\"fl-icon-text\">\n<p style=\"text-align: left;\"><span style=\"color: #1182cc;\"><b>Anwendung<\/b><\/span><\/p>\n<p> <script src=\"chrome-extension:\/\/lkacpincnpeaopanmojlgibodfibghjc\/scripts\/xiaomanBaseInject.js\" type=\"text\/javascript\"><\/script> <\/div>\n<\/p><\/div>\n<\/p><\/div>\n<\/p><\/div>\n<div class=\"fl-module fl-module-separator fl-node-666a675500f94\" data-animation-delay=\"0.0\" data-node=\"666a675500f94\">\n<div class=\"fl-module-content fl-node-content\">\n<div class=\"fl-separator\"><\/div>\n<\/p><\/div>\n<\/p><\/div>\n<\/p><\/div>\n<\/p><\/div>\n<\/p><\/div>\n<\/p><\/div>\n<\/p><\/div>\n<\/p><\/div>\n<div class=\"fl-row fl-row-full-width fl-row-bg-none fl-node-666a6755011dc\" data-node=\"666a6755011dc\">\n<div class=\"fl-row-content-wrap\">\n<div class=\"fl-row-content fl-row-full-width fl-node-content\">\n<div class=\"fl-col-group fl-node-666a67550121d\" data-node=\"666a67550121d\">\n<div class=\"fl-col fl-node-666a67550125f fl-col-small\" data-node=\"666a67550125f\" style=\"width: 46.88%;\">\n<div class=\"fl-col-content fl-node-content\">\n<div class=\"fl-module fl-module-rich-text fl-node-666a675501098\" data-animation-delay=\"0.0\" data-node=\"666a675501098\">\n<div class=\"fl-module-content fl-node-content\">\n<div class=\"fl-rich-text\">\n<p><span style=\"color: #1182cc;\"><strong>Epitaxie -Wachstumssuszeptor<\/strong><\/span><\/p>\n<p>Silizium\/Silizium -Carbid -Wafer m\u00fcssen mehrere Prozesse durchlaufen, um in elektronischen Ger\u00e4ten verwendet zu werden. Ein wichtiger Prozess ist die Silizium\/sic -Epitaxie, bei der Silizium\/sic -Wafer auf einer Graphitbasis getragen werden. Zu den besonderen Vorteilen der Silizium-Carbid-Graphit-Basis von Semicera geh\u00f6ren eine extrem hohe Reinheit, einheitliche Beschichtung und extrem lange Lebensdauer. Sie haben auch hohe chemische Resistenz und thermische Stabilit\u00e4t.<\/p>\n<p>&nbsp;<\/p>\n<p><script src=\"chrome-extension:\/\/lkacpincnpeaopanmojlgibodfibghjc\/scripts\/xiaomanBaseInject.js\" type=\"text\/javascript\"><\/script><\/p>\n<\/p><\/div>\n<\/p><\/div>\n<\/p><\/div>\n<\/p><\/div>\n<\/p><\/div>\n<div class=\"fl-col fl-node-666a6755012a0 fl-col-small\" data-node=\"666a6755012a0\" style=\"width: 26.78%;\">\n<div class=\"fl-col-content fl-node-content\">\n<div class=\"fl-module fl-module-photo fl-node-666a6755010d9\" data-animation-delay=\"0.0\" data-node=\"666a6755010d9\">\n<div class=\"fl-module-content fl-node-content\">\n<div class=\"fl-photo fl-photo-align-left\" itemscope=\"\" itemtype=\"http:\/\/schema.org\/ImageObject\">\n<div class=\"fl-photo-content fl-photo-img-jpg\"> <img decoding=\"async\" alt=\"SI -Epitaxy Barrel -Empf\u00e4ngnis\" class=\"fl-photo-img wp-image-6877\" itemprop=\"image\" src=\"\/wp-content\/uploads\/2025\/09\/3bd283efeefc02c5.webp\"> <\/div>\n<\/p><\/div>\n<\/p><\/div>\n<\/p><\/div>\n<div class=\"fl-module fl-module-heading fl-node-666a67550115a\" data-animation-delay=\"0.0\" data-node=\"666a67550115a\">\n<div class=\"fl-module-content fl-node-content\">\n<h3 class=\"fl-heading\">  Silizium -Epitaxy -Suszeptor  <\/h3>\n<\/p><\/div>\n<\/p><\/div>\n<\/p><\/div>\n<\/p><\/div>\n<div class=\"fl-col fl-node-666a6755012e1 fl-col-small\" data-node=\"666a6755012e1\" style=\"width: 26.34%;\">\n<div class=\"fl-col-content fl-node-content\">\n<div class=\"fl-module fl-module-photo fl-node-666a675501119\" data-animation-delay=\"0.0\" data-node=\"666a675501119\">\n<div class=\"fl-module-content fl-node-content\">\n<div class=\"fl-photo fl-photo-align-center\" itemscope=\"\" itemtype=\"http:\/\/schema.org\/ImageObject\">\n<div class=\"fl-photo-content fl-photo-img-jpg\"> <img decoding=\"async\" alt=\"SI Epitaxy Pancake Susceptor\" class=\"fl-photo-img wp-image-6878\" itemprop=\"image\" src=\"\/wp-content\/uploads\/2025\/09\/47d3bc301e040a57.webp\"> <\/div>\n<\/p><\/div>\n<\/p><\/div>\n<\/p><\/div>\n<div class=\"fl-module fl-module-heading fl-node-666a67550119b\" data-animation-delay=\"0.0\" data-node=\"666a67550119b\">\n<div class=\"fl-module-content fl-node-content\">\n<h3 class=\"fl-heading\">  Silizium -Carbid -Epitaxie -Empf\u00e4ngnis  <\/h3>\n<\/p><\/div>\n<\/p><\/div>\n<\/p><\/div>\n<\/p><\/div>\n<\/p><\/div>\n<\/p><\/div>\n<\/p><\/div>\n<\/p><\/div>\n<div class=\"fl-row fl-row-full-width fl-row-bg-none fl-node-666a675501467\" data-node=\"666a675501467\">\n<div class=\"fl-row-content-wrap\">\n<div class=\"fl-row-content fl-row-full-width fl-node-content\">\n<div class=\"fl-col-group fl-node-666a6755014a8\" data-node=\"666a6755014a8\">\n<div class=\"fl-col fl-node-666a6755014e9\" data-node=\"666a6755014e9\" style=\"width: 69.11%;\">\n<div class=\"fl-col-content fl-node-content\">\n<div class=\"fl-module fl-module-rich-text fl-node-666a67550152a\" data-animation-delay=\"0.0\" data-node=\"666a67550152a\">\n<div class=\"fl-module-content fl-node-content\">\n<div class=\"fl-rich-text\">\n<p><span style=\"color: #1182cc;\"><strong>LED -Chipproduktion<\/strong><\/span><\/p>\n<p>W\u00e4hrend der umfangreichen Beschichtung des MOCVD -Reaktors bewegt sich die Planetenbasis oder der Tr\u00e4ger den Substratwafer. Die Leistung des Grundmaterials hat einen gro\u00dfen Einfluss auf die Beschichtungsqualit\u00e4t, was wiederum die Schrottrate des Chips beeinflusst. Die Silizium-Carbid-Basis von Semicera erh\u00f6ht die Herstellungseffizienz hochwertiger LED-Wafer und minimiert die Wellenl\u00e4ngenabweichung. Wir liefern auch zus\u00e4tzliche Graphitkomponenten f\u00fcr alle derzeit verwendeten MOCVD -Reaktoren. Wir k\u00f6nnen fast jede Komponente mit einer Siliziumkarbidbeschichtung beschichten. Auch wenn der Komponentendurchmesser bis zu 1,5 m betr\u00e4gt, k\u00f6nnen wir immer noch mit Siliziumkarbid befehlen.<\/p>\n<p><script src=\"chrome-extension:\/\/lkacpincnpeaopanmojlgibodfibghjc\/scripts\/xiaomanBaseInject.js\" type=\"text\/javascript\"><\/script><\/p>\n<\/p><\/div>\n<\/p><\/div>\n<\/p><\/div>\n<\/p><\/div>\n<\/p><\/div>\n<div class=\"fl-col fl-node-666a67550156a fl-col-small\" data-node=\"666a67550156a\" style=\"width: 30.89%;\">\n<div class=\"fl-col-content fl-node-content\">\n<div class=\"fl-module fl-module-photo fl-node-666a6755015ab\" data-animation-delay=\"0.0\" data-node=\"666a6755015ab\">\n<div class=\"fl-module-content fl-node-content\">\n<div class=\"fl-photo fl-photo-align-center\" itemscope=\"\" itemtype=\"http:\/\/schema.org\/ImageObject\">\n<div class=\"fl-photo-content fl-photo-img-jpg\"> <img decoding=\"async\" alt=\"LED Epitaxy Susceptor\" class=\"fl-photo-img wp-image-6879\" itemprop=\"image\" src=\"\/wp-content\/uploads\/2025\/09\/93b21f1efc4f94d7.webp\"> <\/div>\n<\/p><\/div>\n<\/p><\/div>\n<\/p><\/div>\n<div class=\"fl-module fl-module-heading fl-node-666a6755015ec\" data-animation-delay=\"0.0\" data-node=\"666a6755015ec\">\n<div class=\"fl-module-content fl-node-content\">\n<h3 class=\"fl-heading\">  LED Epitaxy Susceptor  <\/h3>\n<\/p><\/div>\n<\/p><\/div>\n<\/p><\/div>\n<\/p><\/div>\n<\/p><\/div>\n<\/p><\/div>\n<\/p><\/div>\n<\/p><\/div>\n<div class=\"fl-row fl-row-full-width fl-row-bg-none fl-node-666a67550162e\" data-node=\"666a67550162e\">\n<div class=\"fl-row-content-wrap\">\n<div class=\"fl-row-content fl-row-full-width fl-node-content\">\n<div class=\"fl-col-group fl-node-666a67550166f\" data-node=\"666a67550166f\">\n<div class=\"fl-col fl-node-666a6755016b0\" data-node=\"666a6755016b0\" style=\"width: 100%;\">\n<div class=\"fl-col-content fl-node-content\">\n<div class=\"fl-module fl-module-rich-text fl-node-666a6755016f2\" data-animation-delay=\"0.0\" data-node=\"666a6755016f2\">\n<div class=\"fl-module-content fl-node-content\">\n<div class=\"fl-rich-text\">\n<p><span style=\"color: #1182cc;\"><strong>Halbleiterfeld, Oxidationsdiffusionsprozess<span style=\"font-family: Calibri;\">, Usw.<\/span><\/strong><\/span><\/p>\n<p>Im Halbleiterprozess erfordert das Oxidationserweiterungsprozess eine hohe Produktreinheit, und bei Semicera bieten wir f\u00fcr die Mehrheit der Silizium -Carbid -Teile kundenspezifische und CVD -Beschichtungsdienste an.<\/p>\n<p>Das folgende Bild zeigt die rau verarbeitete Siliziumkarbidaufschl\u00e4mmung von Semicea und das in den 100 gereinigte Silizium-Carbid-Ofenrohr<span style=\"font-family: Calibri;\">0<\/span>-Ebene <span style=\"font-family: Calibri;\">staubfrei<\/span>&nbsp;Zimmer. Unsere Arbeiter arbeiten vor dem Beschichten. Die Reinheit unseres Siliziumkarbids kann 99,99% erreichen, und die Reinheit der sic -Beschichtung ist gr\u00f6\u00dfer als 99,99995%<span style=\"font-family: Calibri;\"><br \/><\/span><\/p>\n<\/p><\/div>\n<\/p><\/div>\n<\/p><\/div>\n<\/p><\/div>\n<\/p><\/div>\n<\/p><\/div>\n<\/p><\/div>\n<\/p><\/div>\n<\/p><\/div>\n<div class=\"fl-row fl-row-full-width fl-row-bg-none fl-node-666a6755017f5\" data-node=\"666a6755017f5\">\n<div class=\"fl-row-content-wrap\">\n<div class=\"fl-row-content fl-row-full-width fl-node-content\">\n<div class=\"fl-col-group fl-node-666a675501836\" data-node=\"666a675501836\">\n<div class=\"fl-col fl-node-666a6755018b8\" data-node=\"666a6755018b8\" style=\"width: 53.11%;\">\n<div class=\"fl-col-content fl-node-content\">\n<div class=\"fl-module fl-module-photo fl-node-666a675501733\" data-animation-delay=\"0.0\" data-node=\"666a675501733\">\n<div class=\"fl-module-content fl-node-content\">\n<div class=\"fl-photo fl-photo-align-center\" itemscope=\"\" itemtype=\"http:\/\/schema.org\/ImageObject\">\n<div class=\"fl-photo-content fl-photo-img-jpg\"> <img decoding=\"async\" alt=\"Silizium -Carbid -Halbmittelprodukt vor dem Beschichten -2\" class=\"fl-photo-img wp-image-6887\" itemprop=\"image\" src=\"\/wp-content\/uploads\/2025\/09\/fb066f9872c2ddef.webp\"> <\/div>\n<\/p><\/div>\n<\/p><\/div>\n<\/p><\/div>\n<div class=\"fl-module fl-module-heading fl-node-666a675501774\" data-animation-delay=\"0.0\" data-node=\"666a675501774\">\n<div class=\"fl-module-content fl-node-content\">\n<h3 class=\"fl-heading\"> <span class=\"fl-heading-text\">Roh -Silizium -Carbid -Paddel und SIC -Prozessrohr beim Spalten<\/span> <\/h3>\n<\/p><\/div>\n<\/p><\/div>\n<\/p><\/div>\n<\/p><\/div>\n<div class=\"fl-col fl-node-666a675501877 fl-col-small\" data-node=\"666a675501877\" style=\"width: 46.89%;\">\n<div class=\"fl-col-content fl-node-content\">\n<div class=\"fl-module fl-module-photo fl-node-666a6755017b4\" data-animation-delay=\"0.0\" data-node=\"666a6755017b4\">\n<div class=\"fl-module-content fl-node-content\">\n<div class=\"fl-photo fl-photo-align-center\" itemscope=\"\" itemtype=\"http:\/\/schema.org\/ImageObject\">\n<div class=\"fl-photo-content fl-photo-img-jpg\"> <img decoding=\"async\" alt=\"Sic tohr\" class=\"fl-photo-img wp-image-6888\" itemprop=\"image\" src=\"\/wp-content\/uploads\/2025\/09\/87d8ebf944de0452.webp\"> <\/div>\n<\/p><\/div>\n<\/p><\/div>\n<\/p><\/div>\n<div class=\"fl-module fl-module-heading fl-node-666a6755018f8\" data-animation-delay=\"0.0\" data-node=\"666a6755018f8\">\n<div class=\"fl-module-content fl-node-content\">\n<h3 class=\"fl-heading\"> <span class=\"fl-heading-text\">Siliziumkarbid -Waferboot CVD sic beschichtet<\/span> <\/h3>\n<\/p><\/div>\n<\/p><\/div>\n<\/p><\/div>\n<\/p><\/div>\n<\/p><\/div>\n<\/p><\/div>\n<\/p><\/div>\n<\/p><\/div>\n<div class=\"fl-row fl-row-full-width fl-row-bg-none fl-node-666a6755013a4\" data-node=\"666a6755013a4\">\n<div class=\"fl-row-content-wrap\">\n<div class=\"fl-row-content fl-row-full-width fl-node-content\">\n<div class=\"fl-col-group fl-node-666a6755013e5\" data-node=\"666a6755013e5\">\n<div class=\"fl-col fl-node-666a675501426\" data-node=\"666a675501426\" style=\"width: 100%;\">\n<div class=\"fl-col-content fl-node-content\">\n<div class=\"fl-module fl-module-icon fl-node-666a675501322\" data-animation-delay=\"0.0\" data-node=\"666a675501322\">\n<div class=\"fl-module-content fl-node-content\">\n<div class=\"fl-icon-wrap\"> <span class=\"fl-icon\"> <i class=\"fa fa-align-justify\"><\/i> <\/span> <\/p>\n<div class=\"fl-icon-text\">\n<p style=\"text-align: left;\"><span style=\"color: #1182cc;\"><b>Daten von CVD SIC Performace von Semi-CERA.<\/b><\/span><\/p>\n<p> <script src=\"chrome-extension:\/\/lkacpincnpeaopanmojlgibodfibghjc\/scripts\/xiaomanBaseInject.js\" type=\"text\/javascript\"><\/script> <\/div>\n<\/p><\/div>\n<\/p><\/div>\n<\/p><\/div>\n<div class=\"fl-module fl-module-separator fl-node-666a675501363\" data-animation-delay=\"0.0\" data-node=\"666a675501363\">\n<div class=\"fl-module-content fl-node-content\">\n<div class=\"fl-separator\"><\/div>\n<\/p><\/div>\n<\/p><\/div>\n<div class=\"fl-module fl-module-photo fl-node-666a675501939\" data-animation-delay=\"0.0\" data-node=\"666a675501939\">\n<div class=\"fl-module-content fl-node-content\">\n<div class=\"fl-photo fl-photo-align-center\" itemscope=\"\" itemtype=\"http:\/\/schema.org\/ImageObject\">\n<div class=\"fl-photo-content fl-photo-img-jpg\"> <img decoding=\"async\" alt=\"Semi-CERA-CVD-SIC-Beschichtungsdaten\" class=\"fl-photo-img wp-image-7935\" itemprop=\"image\" src=\"\/wp-content\/uploads\/2025\/09\/ed39460c6d9404c6.webp\"> <\/div>\n<\/p><\/div>\n<\/p><\/div>\n<\/p><\/div>\n<div class=\"fl-module fl-module-photo fl-node-666a675501c46\" data-animation-delay=\"0.0\" data-node=\"666a675501c46\">\n<div class=\"fl-module-content fl-node-content\">\n<div class=\"fl-photo fl-photo-align-center\" itemscope=\"\" itemtype=\"http:\/\/schema.org\/ImageObject\">\n<div class=\"fl-photo-content fl-photo-img-jpg\"> <img decoding=\"async\" alt=\"Reinheit von sic\" class=\"fl-photo-img wp-image-7936\" itemprop=\"image\" src=\"\/wp-content\/uploads\/2025\/09\/e1b79a8f21d26e4e.webp\"> <\/div>\n<\/p><\/div>\n<\/p><\/div>\n<\/p><\/div>\n<\/p><\/div>\n<\/p><\/div>\n<\/p><\/div>\n<\/p><\/div>\n<\/p><\/div>\n<\/p><\/div>\n<div class=\"fl-row fl-row-full-width fl-row-bg-none fl-node-666a67550197a\" data-node=\"666a67550197a\">\n<div class=\"fl-row-content-wrap\">\n<div class=\"fl-row-content fl-row-full-width fl-node-content\">\n<div class=\"fl-col-group fl-node-666a6755019bb\" data-node=\"666a6755019bb\">\n<div class=\"fl-col fl-node-666a6755019fd\" data-node=\"666a6755019fd\" style=\"width: 100%;\">\n<div class=\"fl-col-content fl-node-content\">\n<div class=\"fl-module fl-module-photo fl-node-666a675501a7f\" data-animation-delay=\"0.0\" data-node=\"666a675501a7f\">\n<div class=\"fl-module-content fl-node-content\">\n<div class=\"fl-photo fl-photo-align-center\" itemscope=\"\" itemtype=\"http:\/\/schema.org\/ImageObject\">\n<div class=\"fl-photo-content fl-photo-img-jpg\"> <img decoding=\"async\" alt=\"SEMICERA -Arbeitsplatz\" class=\"fl-photo-img wp-image-6907\" itemprop=\"image\" src=\"\/wp-content\/uploads\/2025\/09\/a06702dd6fb7929d.webp\"> <\/div>\n<\/p><\/div>\n<\/p><\/div>\n<\/p><\/div>\n<div class=\"fl-module fl-module-photo fl-node-666a675501ac0\" data-animation-delay=\"0.0\" data-node=\"666a675501ac0\">\n<div class=\"fl-module-content fl-node-content\">\n<div class=\"fl-photo fl-photo-align-center\" itemscope=\"\" itemtype=\"http:\/\/schema.org\/ImageObject\">\n<div class=\"fl-photo-content fl-photo-img-jpg\"> <img decoding=\"async\" alt=\"Semizelle Arbeitsplatz 2\" class=\"fl-photo-img wp-image-6908\" itemprop=\"image\" src=\"\/wp-content\/uploads\/2025\/09\/53e1b77ee8000be6.webp\"> <\/div>\n<\/p><\/div>\n<\/p><\/div>\n<\/p><\/div>\n<div class=\"fl-module fl-module-photo fl-node-666a675501a3e\" data-animation-delay=\"0.0\" data-node=\"666a675501a3e\">\n<div class=\"fl-module-content fl-node-content\">\n<div class=\"fl-photo fl-photo-align-center\" itemscope=\"\" itemtype=\"http:\/\/schema.org\/ImageObject\">\n<div class=\"fl-photo-content fl-photo-img-jpg\"> <img decoding=\"async\" alt=\"Semizera Ware House\" class=\"fl-photo-img wp-image-6906\" itemprop=\"image\" src=\"\/wp-content\/uploads\/2025\/09\/4608428f797801ae.webp\"> <\/div>\n<\/p><\/div>\n<\/p><\/div>\n<\/p><\/div>\n<\/p><\/div>\n<\/p><\/div>\n<\/p><\/div>\n<div class=\"fl-col-group fl-node-666a675501b01\" data-node=\"666a675501b01\">\n<div class=\"fl-col fl-node-666a675501b42\" data-node=\"666a675501b42\" style=\"width: 100%;\">\n<div class=\"fl-col-content fl-node-content\">\n<div class=\"fl-module fl-module-photo fl-node-666a675501b84\" data-animation-delay=\"0.0\" data-node=\"666a675501b84\">\n<div class=\"fl-module-content fl-node-content\">\n<div class=\"fl-photo fl-photo-align-center\" itemscope=\"\" itemtype=\"http:\/\/schema.org\/ImageObject\">\n<div class=\"fl-photo-content fl-photo-img-jpg\"> <img decoding=\"async\" alt=\"Ausr\u00fcstungsmaschine\" class=\"fl-photo-img wp-image-6909\" itemprop=\"image\" src=\"\/wp-content\/uploads\/2025\/09\/fe4e4d07ffbc1d0b.webp\"> <\/div>\n<\/p><\/div>\n<\/p><\/div>\n<\/p><\/div>\n<div class=\"fl-module fl-module-photo fl-node-666a675501bc5\" data-animation-delay=\"0.0\" data-node=\"666a675501bc5\">\n<div class=\"fl-module-content fl-node-content\">\n<div class=\"fl-photo fl-photo-align-center\" itemscope=\"\" itemtype=\"http:\/\/schema.org\/ImageObject\">\n<div class=\"fl-photo-content fl-photo-img-jpg\"> <img decoding=\"async\" alt=\"CNN -Verarbeitung, chemische Reinigung, CVD -Beschichtung\" class=\"fl-photo-img wp-image-6910\" itemprop=\"image\" src=\"\/wp-content\/uploads\/2025\/09\/bebab09fd7440fe1.webp\"> <\/div>\n<\/p><\/div>\n<\/p><\/div>\n<\/p><\/div>\n<div class=\"fl-module fl-module-photo fl-node-666a675501c05\" data-animation-delay=\"0.0\" data-node=\"666a675501c05\">\n<div class=\"fl-module-content fl-node-content\">\n<div class=\"fl-photo fl-photo-align-center\" itemscope=\"\" itemtype=\"http:\/\/schema.org\/ImageObject\">\n<div class=\"fl-photo-content fl-photo-img-jpg\"> <img decoding=\"async\" alt=\"Unser Service\" class=\"fl-photo-img wp-image-6913\" itemprop=\"image\" src=\"\/wp-content\/uploads\/2025\/09\/d604c0eb39f22c6d.webp\"> <\/div>\n<\/p><\/div>\n<\/p><\/div>\n<\/p><\/div>\n<\/p><\/div>\n<\/p><\/div>\n<\/p><\/div>\n<\/p><\/div>\n<\/p><\/div>\n<\/p><\/div>\n<\/div>","protected":false},"excerpt":{"rendered":"<p><?xml encoding=\"utf-8\" ?><\/p>\n<p>Semicera provides high-quality CVD Silicon Carbide(SiC) Etching Ring as well as customized services. Our CVD Silicon Carbide(SiC) Etching Ring has excellent quality and performance, they are designed for etching steps to provide stable etching performance and excellent etching results. Semicera looks forward to establishing a long-term partnership with you in China.<\/p>","protected":false},"featured_media":1182,"comment_status":"closed","ping_status":"open","template":"","meta":[],"product_brand":[],"product_cat":[16,46],"product_tag":[],"class_list":{"0":"post-1494","1":"product","2":"type-product","3":"status-publish","4":"has-post-thumbnail","6":"product_cat-cvd-sic","7":"product_cat-pure-cvd-silicon-carbide","9":"first","10":"instock","11":"product-type-simple"},"_links":{"self":[{"href":"https:\/\/www.cn-semiconductorparts.com\/de\/wp-json\/wp\/v2\/product\/1494","targetHints":{"allow":["GET"]}}],"collection":[{"href":"https:\/\/www.cn-semiconductorparts.com\/de\/wp-json\/wp\/v2\/product"}],"about":[{"href":"https:\/\/www.cn-semiconductorparts.com\/de\/wp-json\/wp\/v2\/types\/product"}],"replies":[{"embeddable":true,"href":"https:\/\/www.cn-semiconductorparts.com\/de\/wp-json\/wp\/v2\/comments?post=1494"}],"wp:featuredmedia":[{"embeddable":true,"href":"https:\/\/www.cn-semiconductorparts.com\/de\/wp-json\/wp\/v2\/media\/1182"}],"wp:attachment":[{"href":"https:\/\/www.cn-semiconductorparts.com\/de\/wp-json\/wp\/v2\/media?parent=1494"}],"wp:term":[{"taxonomy":"product_brand","embeddable":true,"href":"https:\/\/www.cn-semiconductorparts.com\/de\/wp-json\/wp\/v2\/product_brand?post=1494"},{"taxonomy":"product_cat","embeddable":true,"href":"https:\/\/www.cn-semiconductorparts.com\/de\/wp-json\/wp\/v2\/product_cat?post=1494"},{"taxonomy":"product_tag","embeddable":true,"href":"https:\/\/www.cn-semiconductorparts.com\/de\/wp-json\/wp\/v2\/product_tag?post=1494"}],"curies":[{"name":"wp","href":"https:\/\/api.w.org\/{rel}","templated":true}]}}