{"id":1508,"date":"2025-09-11T05:29:26","date_gmt":"2025-09-11T05:29:26","guid":{"rendered":"https:\/\/weitai2.globaldeepsea.site\/product\/tantalum-carbide-tac-cvd-coating-custom-parts\/"},"modified":"2026-04-29T15:33:09","modified_gmt":"2026-04-29T07:33:09","slug":"tantalum-carbide-tac-cvd-coating-custom-parts","status":"publish","type":"product","link":"https:\/\/www.cn-semiconductorparts.com\/de\/product\/tantalum-carbide-tac-cvd-coating-custom-parts\/","title":{"rendered":"Tantalum Carbid TAC CVD -Beschichtung benutzerdefinierte Teile"},"content":{"rendered":"<p><?xml encoding=\"utf-8\" ?><\/p>\n<div class=\"fl-builder-content fl-builder-content-8258 fl-builder-content-primary fl-builder-global-templates-locked\" data-post-id=\"8258\">\n<div class=\"fl-row fl-row-full-width fl-row-bg-none fl-node-665983966fdae\" data-node=\"665983966fdae\">\n<div class=\"fl-row-content-wrap\">\n<div class=\"fl-row-content fl-row-full-width fl-node-content\">\n<div class=\"fl-col-group fl-node-665983966feb7\" data-node=\"665983966feb7\">\n<div class=\"fl-col fl-node-665983966fef9\" data-node=\"665983966fef9\" style=\"width: 100%;\">\n<div class=\"fl-col-content fl-node-content\">\n<div class=\"fl-module fl-module-rich-text fl-node-665983966ff3a\" data-animation-delay=\"0.0\" data-node=\"665983966ff3a\">\n<div class=\"fl-module-content fl-node-content\">\n<div class=\"fl-rich-text\">\n<p><span style=\"font-family: 'Segoe UI';\">Semicera bietet spezielle Tantal -Carbid -Beschichtungen (TAC) f\u00fcr verschiedene Komponenten und Tr\u00e4ger.<\/span>&nbsp;Semicera leading coating process enables tantalum carbide (TaC) coatings to achieve high purity, high temperature stability and high chemical tolerance, improving product quality of SIC\/GAN crystals and EPI layers (Graphite coated TaC susceptor), and extending the life of key reactor components. The use of tantalum carbide TaC coating is to solve the edge problem and improve the quality of crystal growth, and Semicera has breakthrough solved the tantalum carbide coating technology (CVD), reaching the international advanced level.<\/p>\n<div id=\"gtx-trans\" style=\"position: absolute; left: 207px; top: 111.453px;\">&nbsp;<\/div>\n<\/p><\/div>\n<\/p><\/div>\n<\/p><\/div>\n<\/p><\/div>\n<\/p><\/div>\n<\/p><\/div>\n<div class=\"fl-col-group fl-node-665998ffd5d3e\" data-node=\"665998ffd5d3e\">\n<div class=\"fl-col fl-node-665998ffd5f50\" data-node=\"665998ffd5f50\" style=\"width: 100%;\">\n<div class=\"fl-col-content fl-node-content\">\n<div class=\"fl-module fl-module-rich-text fl-node-665998ffd5b9c\" data-animation-delay=\"0.0\" data-node=\"665998ffd5b9c\">\n<div class=\"fl-module-content fl-node-content\">\n<div class=\"fl-rich-text\">\n<p>With the advent of 8-inch silicon carbide (SiC) wafers, the requirements for various semiconductor processes have become increasingly stringent, especially for epitaxy processes where temperatures can exceed 2000 degrees Celsius. Traditional susceptor materials, such as graphite coated with silicon carbide, tend to sublimate at these high temperatures, disrupting the epitaxy process. However, CVD tantalum carbide (TaC) effectively addresses this issue, withstanding temperatures up to 2300 degrees Celsius and offering a longer service life. Contact Semicera&rsquo;<span style=\"font-family: Calibri;\">s <\/span><span style=\"font-family: Calibri;\">Tantalum Carbid TAC CVD -Beschichtung benutzerdefinierte Teile<\/span>&nbsp;to explore more about our advanced solutions.<\/p>\n<\/p><\/div>\n<\/p><\/div>\n<\/p><\/div>\n<\/p><\/div>\n<\/p><\/div>\n<\/p><\/div>\n<div class=\"fl-col-group fl-node-665983967018b\" data-node=\"665983967018b\">\n<div class=\"fl-col fl-node-66598396701cc\" data-node=\"66598396701cc\" style=\"width: 100%;\">\n<div class=\"fl-col-content fl-node-content\">\n<div class=\"fl-module fl-module-rich-text fl-node-665983967020d\" data-animation-delay=\"0.0\" data-node=\"665983967020d\">\n<div class=\"fl-module-content fl-node-content\">\n<div class=\"fl-rich-text\">\n<p>After years of development, Semicera has conquered the technology of CVD TaC with the joint efforts of the R&amp;D department. Defects are easy to occur in the growth process of SiC wafers, but after using TaC, the difference is significant. Below is a comparison of wafers with and without TaC, as well as Simicera&#8217; parts for single crystal growth.<\/p>\n<\/p><\/div>\n<\/p><\/div>\n<\/p><\/div>\n<\/p><\/div>\n<\/p><\/div>\n<\/p><\/div>\n<div class=\"fl-col-group fl-node-66598396704dd\" data-node=\"66598396704dd\">\n<div class=\"fl-col fl-node-66598396705e1 fl-col-small\" data-node=\"66598396705e1\" style=\"width: 50%;\">\n<div class=\"fl-col-content fl-node-content\">\n<div class=\"fl-module fl-module-photo fl-node-665983967055f\" data-animation-delay=\"0.0\" data-node=\"665983967055f\">\n<div class=\"fl-module-content fl-node-content\">\n<div class=\"fl-photo fl-photo-align-center\" itemscope=\"\" itemtype=\"http:\/\/schema.org\/ImageObject\">\n<div class=\"fl-photo-content fl-photo-img-jpg\"> <img decoding=\"async\" alt=\"Hocheffizientes Tantal -Carbidbeschichtung mit hoher Effizienz Verbesserung der industriellen Produktionseffizienz und Reduzierung der Wartungskosten enthielt Bild\" class=\"fl-photo-img wp-image-7305 size-thumbnail\" itemprop=\"image\" src=\"\/wp-content\/uploads\/2025\/09\/0c4e2486991c9804.webp\"> <\/div>\n<\/p><\/div>\n<\/p><\/div>\n<\/p><\/div>\n<div class=\"fl-module fl-module-heading fl-node-6659839670664\" data-animation-delay=\"0.0\" data-node=\"6659839670664\">\n<div class=\"fl-module-content fl-node-content\">\n<h3 class=\"fl-heading\">  TAC -Teil f\u00fcr das Wachstum einer Kristall  <\/h3>\n<\/p><\/div>\n<\/p><\/div>\n<\/p><\/div>\n<\/p><\/div>\n<div class=\"fl-col fl-node-665983967051e fl-col-small\" data-node=\"665983967051e\" style=\"width: 50%;\">\n<div class=\"fl-col-content fl-node-content\">\n<div class=\"fl-module fl-module-photo fl-node-66598396705a0\" data-animation-delay=\"0.0\" data-node=\"66598396705a0\">\n<div class=\"fl-module-content fl-node-content\">\n<div class=\"fl-photo fl-photo-align-center\" itemscope=\"\" itemtype=\"http:\/\/schema.org\/ImageObject\">\n<div class=\"fl-photo-content fl-photo-img-jpg\"> <img decoding=\"async\" alt=\"Antiwear Tantalharbidbeschichtung_ sch\u00fctzt die Ausr\u00fcstung vor Verschlei\u00df und Korrosion im Bild\" class=\"fl-photo-img wp-image-6556 size-thumbnail\" itemprop=\"image\" src=\"\/wp-content\/uploads\/2025\/09\/3358ccbc0dafe7b5.webp\"> <\/div>\n<\/p><\/div>\n<\/p><\/div>\n<\/p><\/div>\n<div class=\"fl-module fl-module-heading fl-node-6659839670622\" data-animation-delay=\"0.0\" data-node=\"6659839670622\">\n<div class=\"fl-module-content fl-node-content\">\n<h3 class=\"fl-heading\">  Graphit mit TAC -beschichtetem Ring  <\/h3>\n<\/p><\/div>\n<\/p><\/div>\n<\/p><\/div>\n<\/p><\/div>\n<\/p><\/div>\n<div class=\"fl-col-group fl-node-6659839670045\" data-node=\"6659839670045\">\n<div class=\"fl-col fl-node-665983967014a fl-col-small\" data-node=\"665983967014a\" style=\"width: 50%;\">\n<div class=\"fl-col-content fl-node-content\">\n<div class=\"fl-module fl-module-photo fl-node-66598396700c8\" data-animation-delay=\"0.0\" data-node=\"66598396700c8\">\n<div class=\"fl-module-content fl-node-content\">\n<div class=\"fl-photo fl-photo-align-center\" itemscope=\"\" itemtype=\"http:\/\/schema.org\/ImageObject\">\n<div class=\"fl-photo-content fl-photo-img-png\"> <img decoding=\"async\" alt=\"&#24494;&#20449;&#22270;&#29255;_20240227150045\" class=\"fl-photo-img wp-image-6621\" itemprop=\"image\" src=\"\/wp-content\/uploads\/2025\/09\/7f66597ee3a8b10a.webp\"> <\/div>\n<\/p><\/div>\n<\/p><\/div>\n<\/p><\/div>\n<div class=\"fl-module fl-module-heading fl-node-6659839670354\" data-animation-delay=\"0.0\" data-node=\"6659839670354\">\n<div class=\"fl-module-content fl-node-content\">\n<h3 class=\"fl-heading\"> <span class=\"fl-heading-text\">mit und ohne TAC<\/span> <\/h3>\n<\/p><\/div>\n<\/p><\/div>\n<\/p><\/div>\n<\/p><\/div>\n<div class=\"fl-col fl-node-6659839670086 fl-col-small\" data-node=\"6659839670086\" style=\"width: 50%;\">\n<div class=\"fl-col-content fl-node-content\">\n<div class=\"fl-module fl-module-photo fl-node-6659839670109\" data-animation-delay=\"0.0\" data-node=\"6659839670109\">\n<div class=\"fl-module-content fl-node-content\">\n<div class=\"fl-photo fl-photo-align-center\" itemscope=\"\" itemtype=\"http:\/\/schema.org\/ImageObject\">\n<div class=\"fl-photo-content fl-photo-img-png\"> <img decoding=\"async\" alt=\"&#24494;&#20449;&#22270;&#29255;_20240227150053\" class=\"fl-photo-img wp-image-6620 size-thumbnail\" itemprop=\"image\" src=\"\/wp-content\/uploads\/2025\/09\/b13df0bf24464be4.webp\"> <\/div>\n<\/p><\/div>\n<\/p><\/div>\n<\/p><\/div>\n<div class=\"fl-module fl-module-heading fl-node-6659839670313\" data-animation-delay=\"0.0\" data-node=\"6659839670313\">\n<div class=\"fl-module-content fl-node-content\">\n<h3 class=\"fl-heading\"> <span class=\"fl-heading-text\">Nach Verwendung von TAC (rechts)<\/span> <\/h3>\n<\/p><\/div>\n<\/p><\/div>\n<\/p><\/div>\n<\/p><\/div>\n<\/p><\/div>\n<div class=\"fl-col-group fl-node-6659839670290\" data-node=\"6659839670290\">\n<div class=\"fl-col fl-node-66598396702d2\" data-node=\"66598396702d2\" style=\"width: 100%;\">\n<div class=\"fl-col-content fl-node-content\">\n<div class=\"fl-module fl-module-rich-text fl-node-665983967024e\" data-animation-delay=\"0.0\" data-node=\"665983967024e\">\n<div class=\"fl-module-content fl-node-content\">\n<div class=\"fl-rich-text\">\n<p>Moreover, Semicera&#8217;s TaC-coated products&nbsp;exhibit a longer service life and greater high-temperature resistance compared to <b>SiC coatings.<\/b>&nbsp;Laboratory measurements have demonstrated that our TaC coatings&nbsp;can consistently perform at temperatures up to 2300 degrees Celsius for extended periods. Below are some examples of our samples:<\/p>\n<div id=\"gtx-trans\" style=\"position: absolute; left: 1221px; top: 26px;\">&nbsp;<\/div>\n<\/p><\/div>\n<\/p><\/div>\n<\/p><\/div>\n<\/p><\/div>\n<\/p><\/div>\n<\/p><\/div>\n<div class=\"fl-col-group fl-node-6659839670395\" data-node=\"6659839670395\">\n<div class=\"fl-col fl-node-665983967049c fl-col-small\" data-node=\"665983967049c\" style=\"width: 50%;\">\n<div class=\"fl-col-content fl-node-content\">\n<div class=\"fl-module fl-module-photo fl-node-6659839670418\" data-animation-delay=\"0.0\" data-node=\"6659839670418\">\n<div class=\"fl-module-content fl-node-content\">\n<div class=\"fl-photo fl-photo-align-center\" itemscope=\"\" itemtype=\"http:\/\/schema.org\/ImageObject\">\n<div class=\"fl-photo-content fl-photo-img-png\"> <img decoding=\"async\" alt=\"3\" class=\"fl-photo-img wp-image-8245\" itemprop=\"image\" src=\"\/wp-content\/uploads\/2025\/09\/c934e5dc4964ad7b.webp\"> <\/div>\n<\/p><\/div>\n<\/p><\/div>\n<\/p><\/div>\n<div class=\"fl-module fl-module-heading fl-node-665983967086e\" data-animation-delay=\"0.0\" data-node=\"665983967086e\">\n<div class=\"fl-module-content fl-node-content\">\n<h3 class=\"fl-heading\">  TAC -beschichteter Suszeptor  <\/h3>\n<\/p><\/div>\n<\/p><\/div>\n<\/p><\/div>\n<\/p><\/div>\n<div class=\"fl-col fl-node-66598396703d7 fl-col-small\" data-node=\"66598396703d7\" style=\"width: 50%;\">\n<div class=\"fl-col-content fl-node-content\">\n<div class=\"fl-module fl-module-photo fl-node-6659839670459\" data-animation-delay=\"0.0\" data-node=\"6659839670459\">\n<div class=\"fl-module-content fl-node-content\">\n<div class=\"fl-photo fl-photo-align-center\" itemscope=\"\" itemtype=\"http:\/\/schema.org\/ImageObject\">\n<div class=\"fl-photo-content fl-photo-img-png\"> <img decoding=\"async\" alt=\"4\" class=\"fl-photo-img wp-image-8246\" itemprop=\"image\" src=\"\/wp-content\/uploads\/2025\/09\/288e78622a58bce1.webp\"> <\/div>\n<\/p><\/div>\n<\/p><\/div>\n<\/p><\/div>\n<div class=\"fl-module fl-module-heading fl-node-66598396708af\" data-animation-delay=\"0.0\" data-node=\"66598396708af\">\n<div class=\"fl-module-content fl-node-content\">\n<h3 class=\"fl-heading\">  Graphit mit TAC -beschichtetem Reaktor  <\/h3>\n<\/p><\/div>\n<\/p><\/div>\n<\/p><\/div>\n<\/p><\/div>\n<\/p><\/div>\n<div class=\"fl-col-group fl-node-66598396707aa\" data-node=\"66598396707aa\">\n<div class=\"fl-col fl-node-66598396707eb\" data-node=\"66598396707eb\" style=\"width: 100%;\">\n<div class=\"fl-col-content fl-node-content\">\n<div class=\"fl-module fl-module-photo fl-node-665983967082c\" data-animation-delay=\"0.0\" data-node=\"665983967082c\">\n<div class=\"fl-module-content fl-node-content\">\n<div class=\"fl-photo fl-photo-align-center\" itemscope=\"\" itemtype=\"http:\/\/schema.org\/ImageObject\">\n<div class=\"fl-photo-content fl-photo-img-png\"> <img decoding=\"async\" alt=\"0(1)\" class=\"fl-photo-img wp-image-6851\" itemprop=\"image\" src=\"\/wp-content\/uploads\/2025\/09\/474f2973c811b4a2.webp\"> <\/div>\n<\/p><\/div>\n<\/p><\/div>\n<\/p><\/div>\n<\/p><\/div>\n<\/p><\/div>\n<\/p><\/div>\n<div class=\"fl-col-group fl-node-665983966fdf2\" data-node=\"665983966fdf2\">\n<div class=\"fl-col fl-node-665983966fe33\" data-node=\"665983966fe33\" style=\"width: 100%;\">\n<div class=\"fl-col-content fl-node-content\">\n<div class=\"fl-module fl-module-photo fl-node-665983966fe75\" data-animation-delay=\"0.0\" data-node=\"665983966fe75\">\n<div class=\"fl-module-content fl-node-content\">\n<div class=\"fl-photo fl-photo-align-center\" itemscope=\"\" itemtype=\"http:\/\/schema.org\/ImageObject\">\n<div class=\"fl-photo-content fl-photo-img-jpg\"> <img decoding=\"async\" alt=\"SEMICERA -Arbeitsplatz\" class=\"fl-photo-img wp-image-7286\" itemprop=\"image\" src=\"\/wp-content\/uploads\/2025\/09\/b1dd0bcab1675ff4.webp\"> <\/div>\n<\/p><\/div>\n<\/p><\/div>\n<\/p><\/div>\n<\/p><\/div>\n<\/p><\/div>\n<\/p><\/div>\n<div class=\"fl-col-group fl-node-665983966ff7b\" data-node=\"665983966ff7b\">\n<div class=\"fl-col fl-node-665983966ffbc\" data-node=\"665983966ffbc\" style=\"width: 100%;\">\n<div class=\"fl-col-content fl-node-content\">\n<div class=\"fl-module fl-module-photo fl-node-6659839670000\" data-animation-delay=\"0.0\" data-node=\"6659839670000\">\n<div class=\"fl-module-content fl-node-content\">\n<div class=\"fl-photo fl-photo-align-center\" itemscope=\"\" itemtype=\"http:\/\/schema.org\/ImageObject\">\n<div class=\"fl-photo-content fl-photo-img-jpg\"> <img decoding=\"async\" alt=\"Semizelle Arbeitsplatz 2\" class=\"fl-photo-img wp-image-7287\" itemprop=\"image\" src=\"\/wp-content\/uploads\/2025\/09\/2b946d2b4b61306d.webp\"> <\/div>\n<\/p><\/div>\n<\/p><\/div>\n<\/p><\/div>\n<div class=\"fl-module fl-module-photo fl-node-6659839670769\" data-animation-delay=\"0.0\" data-node=\"6659839670769\">\n<div class=\"fl-module-content fl-node-content\">\n<div class=\"fl-photo fl-photo-align-center\" itemscope=\"\" itemtype=\"http:\/\/schema.org\/ImageObject\">\n<div class=\"fl-photo-content fl-photo-img-jpg\"> <img decoding=\"async\" alt=\"Ausr\u00fcstungsmaschine\" class=\"fl-photo-img wp-image-7288\" itemprop=\"image\" src=\"\/wp-content\/uploads\/2025\/09\/081b6529d68ead23.webp\"> <\/div>\n<\/p><\/div>\n<\/p><\/div>\n<\/p><\/div>\n<div class=\"fl-module fl-module-photo fl-node-66598396706a5\" data-animation-delay=\"0.0\" data-node=\"66598396706a5\">\n<div class=\"fl-module-content fl-node-content\">\n<div class=\"fl-photo fl-photo-align-center\" itemscope=\"\" itemtype=\"http:\/\/schema.org\/ImageObject\">\n<div class=\"fl-photo-content fl-photo-img-jpg\"> <img decoding=\"async\" alt=\"Semizera Ware House\" class=\"fl-photo-img wp-image-7140\" itemprop=\"image\" src=\"\/wp-content\/uploads\/2025\/09\/2190bb9ce5c1d546.webp\"> <\/div>\n<\/p><\/div>\n<\/p><\/div>\n<\/p><\/div>\n<div class=\"fl-module fl-module-photo fl-node-6659839670728\" data-animation-delay=\"0.0\" data-node=\"6659839670728\">\n<div class=\"fl-module-content fl-node-content\">\n<div class=\"fl-photo fl-photo-align-center\" itemscope=\"\" itemtype=\"http:\/\/schema.org\/ImageObject\">\n<div class=\"fl-photo-content fl-photo-img-jpg\"> <img decoding=\"async\" alt=\"CNN -Verarbeitung, chemische Reinigung, CVD -Beschichtung\" class=\"fl-photo-img wp-image-7289\" itemprop=\"image\" src=\"\/wp-content\/uploads\/2025\/09\/a4132b2b399abbac.webp\"> <\/div>\n<\/p><\/div>\n<\/p><\/div>\n<\/p><\/div>\n<div class=\"fl-module fl-module-photo fl-node-66598396706e6\" data-animation-delay=\"0.0\" data-node=\"66598396706e6\">\n<div class=\"fl-module-content fl-node-content\">\n<div class=\"fl-photo fl-photo-align-center\" itemscope=\"\" itemtype=\"http:\/\/schema.org\/ImageObject\">\n<div class=\"fl-photo-content fl-photo-img-jpg\"> <img decoding=\"async\" alt=\"Unser Service\" class=\"fl-photo-img wp-image-7290\" itemprop=\"image\" src=\"\/wp-content\/uploads\/2025\/09\/b07f222c0ec0ab8d.webp\"> <\/div>\n<\/p><\/div>\n<\/p><\/div>\n<\/p><\/div>\n<\/p><\/div>\n<\/p><\/div>\n<\/p><\/div>\n<\/p><\/div>\n<\/p><\/div>\n<\/p><\/div>\n<\/div>","protected":false},"excerpt":{"rendered":"<p><?xml encoding=\"utf-8\" ?><\/p>\n<p>With the advent of 8-inch silicon carbide (SiC) wafers, the requirements for various semiconductor processes have become increasingly stringent, especially for epitaxy processes where temperatures can exceed 2000 degrees Celsius. Traditional susceptor materials, such as graphite coated with silicon carbide, tend to sublimate at these high temperatures, disrupting the epitaxy process. However, CVD tantalum carbide (TaC) effectively addresses this issue, withstanding temperatures up to 2300 degrees Celsius and offering a longer service life. Contact Semicera&rsquo;sTantalum Carbide TaC CVD Coating Custom Partsto explore more about our advanced solutions.<\/p>","protected":false},"featured_media":1077,"comment_status":"closed","ping_status":"open","template":"","meta":[],"product_brand":[],"product_cat":[15],"product_tag":[],"class_list":{"0":"post-1508","1":"product","2":"type-product","3":"status-publish","4":"has-post-thumbnail","6":"product_cat-uncategorized","8":"first","9":"instock","10":"product-type-simple"},"_links":{"self":[{"href":"https:\/\/www.cn-semiconductorparts.com\/de\/wp-json\/wp\/v2\/product\/1508","targetHints":{"allow":["GET"]}}],"collection":[{"href":"https:\/\/www.cn-semiconductorparts.com\/de\/wp-json\/wp\/v2\/product"}],"about":[{"href":"https:\/\/www.cn-semiconductorparts.com\/de\/wp-json\/wp\/v2\/types\/product"}],"replies":[{"embeddable":true,"href":"https:\/\/www.cn-semiconductorparts.com\/de\/wp-json\/wp\/v2\/comments?post=1508"}],"wp:featuredmedia":[{"embeddable":true,"href":"https:\/\/www.cn-semiconductorparts.com\/de\/wp-json\/wp\/v2\/media\/1077"}],"wp:attachment":[{"href":"https:\/\/www.cn-semiconductorparts.com\/de\/wp-json\/wp\/v2\/media?parent=1508"}],"wp:term":[{"taxonomy":"product_brand","embeddable":true,"href":"https:\/\/www.cn-semiconductorparts.com\/de\/wp-json\/wp\/v2\/product_brand?post=1508"},{"taxonomy":"product_cat","embeddable":true,"href":"https:\/\/www.cn-semiconductorparts.com\/de\/wp-json\/wp\/v2\/product_cat?post=1508"},{"taxonomy":"product_tag","embeddable":true,"href":"https:\/\/www.cn-semiconductorparts.com\/de\/wp-json\/wp\/v2\/product_tag?post=1508"}],"curies":[{"name":"wp","href":"https:\/\/api.w.org\/{rel}","templated":true}]}}