{"id":1523,"date":"2025-09-11T05:29:33","date_gmt":"2025-09-11T05:29:33","guid":{"rendered":"https:\/\/weitai2.globaldeepsea.site\/product\/good-quality-customized-high-impact-wear-rubber-backed-silicon-carbide-ceramic-steel-wear-plate\/"},"modified":"2026-04-29T15:32:58","modified_gmt":"2026-04-29T07:32:58","slug":"good-quality-customized-high-impact-wear-rubber-backed-silicon-carbide-ceramic-steel-wear-plate","status":"publish","type":"product","link":"https:\/\/www.cn-semiconductorparts.com\/de\/product\/good-quality-customized-high-impact-wear-rubber-backed-silicon-carbide-ceramic-steel-wear-plate\/","title":{"rendered":"Gute Qualit\u00e4t ma\u00dfgeschneidert mit hoher Impact Wear Gummi -R\u00fccken -Silizium -Carbid -Keramik -Stahl -Verschlei\u00dfschild"},"content":{"rendered":"","protected":false},"excerpt":{"rendered":"<p>Weitai Energy Technology Co., Ltd. ist ein f\u00fchrender Lieferant, der sich auf Wafer- und fortschrittliche Halbleiterverbrauchsg\u00fcter spezialisiert hat. Wir sind bestrebt, hochwertige, zuverl\u00e4ssige und innovative Produkte f\u00fcr die Herstellung von Halbleiter und die Photovoltaik-Industrie und andere verwandte Felder bereitzustellen.<\/p>","protected":false},"featured_media":1187,"comment_status":"closed","ping_status":"open","template":"","meta":[],"product_brand":[],"product_cat":[15],"product_tag":[],"class_list":{"0":"post-1523","1":"product","2":"type-product","3":"status-publish","4":"has-post-thumbnail","6":"product_cat-uncategorized","8":"first","9":"instock","10":"product-type-simple"},"_links":{"self":[{"href":"https:\/\/www.cn-semiconductorparts.com\/de\/wp-json\/wp\/v2\/product\/1523","targetHints":{"allow":["GET"]}}],"collection":[{"href":"https:\/\/www.cn-semiconductorparts.com\/de\/wp-json\/wp\/v2\/product"}],"about":[{"href":"https:\/\/www.cn-semiconductorparts.com\/de\/wp-json\/wp\/v2\/types\/product"}],"replies":[{"embeddable":true,"href":"https:\/\/www.cn-semiconductorparts.com\/de\/wp-json\/wp\/v2\/comments?post=1523"}],"wp:featuredmedia":[{"embeddable":true,"href":"https:\/\/www.cn-semiconductorparts.com\/de\/wp-json\/wp\/v2\/media\/1187"}],"wp:attachment":[{"href":"https:\/\/www.cn-semiconductorparts.com\/de\/wp-json\/wp\/v2\/media?parent=1523"}],"wp:term":[{"taxonomy":"product_brand","embeddable":true,"href":"https:\/\/www.cn-semiconductorparts.com\/de\/wp-json\/wp\/v2\/product_brand?post=1523"},{"taxonomy":"product_cat","embeddable":true,"href":"https:\/\/www.cn-semiconductorparts.com\/de\/wp-json\/wp\/v2\/product_cat?post=1523"},{"taxonomy":"product_tag","embeddable":true,"href":"https:\/\/www.cn-semiconductorparts.com\/de\/wp-json\/wp\/v2\/product_tag?post=1523"}],"curies":[{"name":"wp","href":"https:\/\/api.w.org\/{rel}","templated":true}]}}