{"id":1531,"date":"2025-09-11T05:29:33","date_gmt":"2025-09-11T05:29:33","guid":{"rendered":"https:\/\/weitai2.globaldeepsea.site\/product\/quality-inspection-for-hot-sale-good-discount-silicon-carbide-bearing-sleeves\/"},"modified":"2026-04-29T15:33:02","modified_gmt":"2026-04-29T07:33:02","slug":"quality-inspection-for-hot-sale-good-discount-silicon-carbide-bearing-sleeves","status":"publish","type":"product","link":"https:\/\/www.cn-semiconductorparts.com\/de\/product\/quality-inspection-for-hot-sale-good-discount-silicon-carbide-bearing-sleeves\/","title":{"rendered":"Quality Inspection for Hot Sale Good Discount Silicon Carbide Bearing Sleeves"},"content":{"rendered":"","protected":false},"excerpt":{"rendered":"<p>Erforschen Sie die silikonisierten Graphit -Versiegelungsringe von Semicera, die f\u00fcr zuverl\u00e4ssige Leistung in anspruchsvollen Anwendungen entwickelt wurden. Mit ihrer au\u00dfergew\u00f6hnlichen Verschlei\u00dffestigkeit, ihrer hohen thermischen Leitf\u00e4higkeit und einer hervorragenden chemischen Stabilit\u00e4t sorgen unsere Produkte f\u00fcr eine optimale Versiegelung und eine verl\u00e4ngerte Lebensdauer in herausfordernden Umgebungen.<\/p>","protected":false},"featured_media":1185,"comment_status":"closed","ping_status":"open","template":"","meta":[],"product_brand":[],"product_cat":[15],"product_tag":[],"class_list":{"0":"post-1531","1":"product","2":"type-product","3":"status-publish","4":"has-post-thumbnail","6":"product_cat-uncategorized","8":"first","9":"instock","10":"product-type-simple"},"_links":{"self":[{"href":"https:\/\/www.cn-semiconductorparts.com\/de\/wp-json\/wp\/v2\/product\/1531","targetHints":{"allow":["GET"]}}],"collection":[{"href":"https:\/\/www.cn-semiconductorparts.com\/de\/wp-json\/wp\/v2\/product"}],"about":[{"href":"https:\/\/www.cn-semiconductorparts.com\/de\/wp-json\/wp\/v2\/types\/product"}],"replies":[{"embeddable":true,"href":"https:\/\/www.cn-semiconductorparts.com\/de\/wp-json\/wp\/v2\/comments?post=1531"}],"wp:featuredmedia":[{"embeddable":true,"href":"https:\/\/www.cn-semiconductorparts.com\/de\/wp-json\/wp\/v2\/media\/1185"}],"wp:attachment":[{"href":"https:\/\/www.cn-semiconductorparts.com\/de\/wp-json\/wp\/v2\/media?parent=1531"}],"wp:term":[{"taxonomy":"product_brand","embeddable":true,"href":"https:\/\/www.cn-semiconductorparts.com\/de\/wp-json\/wp\/v2\/product_brand?post=1531"},{"taxonomy":"product_cat","embeddable":true,"href":"https:\/\/www.cn-semiconductorparts.com\/de\/wp-json\/wp\/v2\/product_cat?post=1531"},{"taxonomy":"product_tag","embeddable":true,"href":"https:\/\/www.cn-semiconductorparts.com\/de\/wp-json\/wp\/v2\/product_tag?post=1531"}],"curies":[{"name":"wp","href":"https:\/\/api.w.org\/{rel}","templated":true}]}}