{"id":1546,"date":"2025-09-11T05:29:39","date_gmt":"2025-09-11T05:29:39","guid":{"rendered":"https:\/\/weitai2.globaldeepsea.site\/product\/price-sheet-for-precision-processing-pressureless-sintering-silicon-carbide-ceramic-crucible-wall-polishing-laboratory-use-of-small-oil-cup\/"},"modified":"2026-04-29T15:32:51","modified_gmt":"2026-04-29T07:32:51","slug":"price-sheet-for-precision-processing-pressureless-sintering-silicon-carbide-ceramic-crucible-wall-polishing-laboratory-use-of-small-oil-cup","status":"publish","type":"product","link":"https:\/\/www.cn-semiconductorparts.com\/de\/product\/price-sheet-for-precision-processing-pressureless-sintering-silicon-carbide-ceramic-crucible-wall-polishing-laboratory-use-of-small-oil-cup\/","title":{"rendered":"Price Sheet for Precision Processing Pressureless Sintering Silicon Carbide Ceramic Crucible Wall Polishing Laboratory Use of Small Oil Cup"},"content":{"rendered":"","protected":false},"excerpt":{"rendered":"<p>Weitai EnergyTechnology Co., Ltd. IS ein f\u00fchrender Lieferant, der sich auf Wafer und fortschrittliche Halbleiter-Verbrauchsg\u00fcter spezialisiert hat. Wir sind bestrebt, hochwertige, zuverl\u00e4ssige und innovative Produkte f\u00fcr die Herstellung von Halbleiter, Photovoltaikindustrie und andere verwandte Felder zu bieten. Nitrid und Aluminiumoxid usw., da ein vertrauensw\u00fcrdiger Lieferant, wir verstehen die Bedeutung von Verbrauchsmaterialien im Herstellungsprozess und sind bestrebt, Produkte zu liefern, die die h\u00f6chsten Qualit\u00e4tsstandards entsprechen, um die Bed\u00fcrfnisse unserer Kunden zu erf\u00fcllen.<\/p>","protected":false},"featured_media":1019,"comment_status":"closed","ping_status":"open","template":"","meta":[],"product_brand":[],"product_cat":[15],"product_tag":[],"class_list":{"0":"post-1546","1":"product","2":"type-product","3":"status-publish","4":"has-post-thumbnail","6":"product_cat-uncategorized","8":"first","9":"instock","10":"product-type-simple"},"_links":{"self":[{"href":"https:\/\/www.cn-semiconductorparts.com\/de\/wp-json\/wp\/v2\/product\/1546","targetHints":{"allow":["GET"]}}],"collection":[{"href":"https:\/\/www.cn-semiconductorparts.com\/de\/wp-json\/wp\/v2\/product"}],"about":[{"href":"https:\/\/www.cn-semiconductorparts.com\/de\/wp-json\/wp\/v2\/types\/product"}],"replies":[{"embeddable":true,"href":"https:\/\/www.cn-semiconductorparts.com\/de\/wp-json\/wp\/v2\/comments?post=1546"}],"wp:featuredmedia":[{"embeddable":true,"href":"https:\/\/www.cn-semiconductorparts.com\/de\/wp-json\/wp\/v2\/media\/1019"}],"wp:attachment":[{"href":"https:\/\/www.cn-semiconductorparts.com\/de\/wp-json\/wp\/v2\/media?parent=1546"}],"wp:term":[{"taxonomy":"product_brand","embeddable":true,"href":"https:\/\/www.cn-semiconductorparts.com\/de\/wp-json\/wp\/v2\/product_brand?post=1546"},{"taxonomy":"product_cat","embeddable":true,"href":"https:\/\/www.cn-semiconductorparts.com\/de\/wp-json\/wp\/v2\/product_cat?post=1546"},{"taxonomy":"product_tag","embeddable":true,"href":"https:\/\/www.cn-semiconductorparts.com\/de\/wp-json\/wp\/v2\/product_tag?post=1546"}],"curies":[{"name":"wp","href":"https:\/\/api.w.org\/{rel}","templated":true}]}}