{"id":1575,"date":"2025-09-11T05:29:52","date_gmt":"2025-09-11T05:29:52","guid":{"rendered":"https:\/\/weitai2.globaldeepsea.site\/product\/china-oem-hot-sale-heat-resitance-clear-fused-customized-quartz-fused-silica-glass-boat-with-rings-by-the-end\/"},"modified":"2026-04-29T15:32:30","modified_gmt":"2026-04-29T07:32:30","slug":"china-oem-hot-sale-heat-resitance-clear-fused-customized-quartz-fused-silica-glass-boat-with-rings-by-the-end","status":"publish","type":"product","link":"https:\/\/www.cn-semiconductorparts.com\/de\/product\/china-oem-hot-sale-heat-resitance-clear-fused-customized-quartz-fused-silica-glass-boat-with-rings-by-the-end\/","title":{"rendered":"China OEM Hot Sale Heat Resitance Clear Fused Customized Quartz Fused Silica Glass Boat with Rings by The End"},"content":{"rendered":"","protected":false},"excerpt":{"rendered":"<p>Unser Halbleiter-Quarzboot bietet hochwertige L\u00f6sungen f\u00fcr Ihre industriellen Anwendungen. Diese Produkte aus Premium -Quarzmaterialien sind f\u00fcr verschiedene Halbleiterprozesse geeignet, einschlie\u00dflich Diffusion, Oxidation und Abscheidung (CVD). Wir sind sowohl in vertikalen als auch in horizontalen Konfigurationen erh\u00e4ltlich und bieten eine Reihe von Gr\u00f6\u00dfen und Spezifikationen an, um Ihre Anforderungen zu erf\u00fcllen. W\u00e4hlen Sie unser Halbleiter -Quarzboot f\u00fcr eine hervorragende Leistung und Zuverl\u00e4ssigkeit in Ihrer Produktionslinie.<\/p>","protected":false},"featured_media":794,"comment_status":"closed","ping_status":"open","template":"","meta":[],"product_brand":[],"product_cat":[15],"product_tag":[],"class_list":{"0":"post-1575","1":"product","2":"type-product","3":"status-publish","4":"has-post-thumbnail","6":"product_cat-uncategorized","8":"first","9":"instock","10":"product-type-simple"},"_links":{"self":[{"href":"https:\/\/www.cn-semiconductorparts.com\/de\/wp-json\/wp\/v2\/product\/1575","targetHints":{"allow":["GET"]}}],"collection":[{"href":"https:\/\/www.cn-semiconductorparts.com\/de\/wp-json\/wp\/v2\/product"}],"about":[{"href":"https:\/\/www.cn-semiconductorparts.com\/de\/wp-json\/wp\/v2\/types\/product"}],"replies":[{"embeddable":true,"href":"https:\/\/www.cn-semiconductorparts.com\/de\/wp-json\/wp\/v2\/comments?post=1575"}],"wp:featuredmedia":[{"embeddable":true,"href":"https:\/\/www.cn-semiconductorparts.com\/de\/wp-json\/wp\/v2\/media\/794"}],"wp:attachment":[{"href":"https:\/\/www.cn-semiconductorparts.com\/de\/wp-json\/wp\/v2\/media?parent=1575"}],"wp:term":[{"taxonomy":"product_brand","embeddable":true,"href":"https:\/\/www.cn-semiconductorparts.com\/de\/wp-json\/wp\/v2\/product_brand?post=1575"},{"taxonomy":"product_cat","embeddable":true,"href":"https:\/\/www.cn-semiconductorparts.com\/de\/wp-json\/wp\/v2\/product_cat?post=1575"},{"taxonomy":"product_tag","embeddable":true,"href":"https:\/\/www.cn-semiconductorparts.com\/de\/wp-json\/wp\/v2\/product_tag?post=1575"}],"curies":[{"name":"wp","href":"https:\/\/api.w.org\/{rel}","templated":true}]}}