{"id":1639,"date":"2025-09-11T05:30:12","date_gmt":"2025-09-11T05:30:12","guid":{"rendered":"https:\/\/weitai2.globaldeepsea.site\/product\/top-quality-18mm-diameter-straight-rod-furnace-oven-heating-elements-sic\/"},"modified":"2026-04-29T15:32:07","modified_gmt":"2026-04-29T07:32:07","slug":"top-quality-18mm-diameter-straight-rod-furnace-oven-heating-elements-sic","status":"publish","type":"product","link":"https:\/\/www.cn-semiconductorparts.com\/de\/product\/top-quality-18mm-diameter-straight-rod-furnace-oven-heating-elements-sic\/","title":{"rendered":"Top Quality 18mm Diameter Straight Rod Furnace Oven Heating Elements Sic"},"content":{"rendered":"","protected":false},"excerpt":{"rendered":"<p>Semicera Energy Technology Co., Ltd. ist ein f\u00fchrender Anbieter der fortschrittlichen Halbleiter-Keramik und der einzige Hersteller in China, der gleichzeitig hohe P\u00fcrit\u00e4ts-Silizium-Carbid-Keramik (insbesondere Therecrystallizedsic) und CVD-SIC-Beschichtung liefern kann. Dar\u00fcber hinaus engagiert sich unser Unternehmen auch Keramikfeldern wie Aluminiumoxid, Aluminiumnitrid, Zirkonia und Siliziumnitrid usw.<\/p>","protected":false},"featured_media":860,"comment_status":"closed","ping_status":"open","template":"","meta":[],"product_brand":[],"product_cat":[15],"product_tag":[],"class_list":{"0":"post-1639","1":"product","2":"type-product","3":"status-publish","4":"has-post-thumbnail","6":"product_cat-uncategorized","8":"first","9":"instock","10":"product-type-simple"},"_links":{"self":[{"href":"https:\/\/www.cn-semiconductorparts.com\/de\/wp-json\/wp\/v2\/product\/1639","targetHints":{"allow":["GET"]}}],"collection":[{"href":"https:\/\/www.cn-semiconductorparts.com\/de\/wp-json\/wp\/v2\/product"}],"about":[{"href":"https:\/\/www.cn-semiconductorparts.com\/de\/wp-json\/wp\/v2\/types\/product"}],"replies":[{"embeddable":true,"href":"https:\/\/www.cn-semiconductorparts.com\/de\/wp-json\/wp\/v2\/comments?post=1639"}],"wp:featuredmedia":[{"embeddable":true,"href":"https:\/\/www.cn-semiconductorparts.com\/de\/wp-json\/wp\/v2\/media\/860"}],"wp:attachment":[{"href":"https:\/\/www.cn-semiconductorparts.com\/de\/wp-json\/wp\/v2\/media?parent=1639"}],"wp:term":[{"taxonomy":"product_brand","embeddable":true,"href":"https:\/\/www.cn-semiconductorparts.com\/de\/wp-json\/wp\/v2\/product_brand?post=1639"},{"taxonomy":"product_cat","embeddable":true,"href":"https:\/\/www.cn-semiconductorparts.com\/de\/wp-json\/wp\/v2\/product_cat?post=1639"},{"taxonomy":"product_tag","embeddable":true,"href":"https:\/\/www.cn-semiconductorparts.com\/de\/wp-json\/wp\/v2\/product_tag?post=1639"}],"curies":[{"name":"wp","href":"https:\/\/api.w.org\/{rel}","templated":true}]}}