{"id":1647,"date":"2025-09-11T05:30:12","date_gmt":"2025-09-11T05:30:12","guid":{"rendered":"https:\/\/weitai2.globaldeepsea.site\/product\/high-quality-for-carbon-heat-resistance-thermal-insulation-material-felts-rigid-graphite-felt-soft\/"},"modified":"2026-04-29T15:32:10","modified_gmt":"2026-04-29T07:32:10","slug":"high-quality-for-carbon-heat-resistance-thermal-insulation-material-felts-rigid-graphite-felt-soft","status":"publish","type":"product","link":"https:\/\/www.cn-semiconductorparts.com\/de\/product\/high-quality-for-carbon-heat-resistance-thermal-insulation-material-felts-rigid-graphite-felt-soft\/","title":{"rendered":"High Quality for Carbon Heat Resistance Thermal Insulation Material Felts Rigid Graphite Felt Soft"},"content":{"rendered":"","protected":false},"excerpt":{"rendered":"<p>Semicera EnergyTechnology Co., Ltd. ist ein f\u00fchrender Anbieter, der sich auf Wafer und fortschrittliche Halbleiter-Verbrauchsmaterial spezialisiert hat. Wir sind bestrebt, hochwertige, zuverl\u00e4ssige und innovative Produkte der Herstellung von Halbleiter, Photovoltaikindustrie und anderen verwandten Feldern zu bieten. Nitrid und Aluminiumoxid usw., da ein vertrauensw\u00fcrdiger Lieferant, wir verstehen die Bedeutung von Verbrauchsmaterialien im Herstellungsprozess und sind bestrebt, Produkte zu liefern, die die h\u00f6chsten Qualit\u00e4tsstandards entsprechen, um die Bed\u00fcrfnisse unserer Kunden zu erf\u00fcllen.<\/p>","protected":false},"featured_media":959,"comment_status":"closed","ping_status":"open","template":"","meta":[],"product_brand":[],"product_cat":[15],"product_tag":[],"class_list":{"0":"post-1647","1":"product","2":"type-product","3":"status-publish","4":"has-post-thumbnail","6":"product_cat-uncategorized","8":"first","9":"instock","10":"product-type-simple"},"_links":{"self":[{"href":"https:\/\/www.cn-semiconductorparts.com\/de\/wp-json\/wp\/v2\/product\/1647","targetHints":{"allow":["GET"]}}],"collection":[{"href":"https:\/\/www.cn-semiconductorparts.com\/de\/wp-json\/wp\/v2\/product"}],"about":[{"href":"https:\/\/www.cn-semiconductorparts.com\/de\/wp-json\/wp\/v2\/types\/product"}],"replies":[{"embeddable":true,"href":"https:\/\/www.cn-semiconductorparts.com\/de\/wp-json\/wp\/v2\/comments?post=1647"}],"wp:featuredmedia":[{"embeddable":true,"href":"https:\/\/www.cn-semiconductorparts.com\/de\/wp-json\/wp\/v2\/media\/959"}],"wp:attachment":[{"href":"https:\/\/www.cn-semiconductorparts.com\/de\/wp-json\/wp\/v2\/media?parent=1647"}],"wp:term":[{"taxonomy":"product_brand","embeddable":true,"href":"https:\/\/www.cn-semiconductorparts.com\/de\/wp-json\/wp\/v2\/product_brand?post=1647"},{"taxonomy":"product_cat","embeddable":true,"href":"https:\/\/www.cn-semiconductorparts.com\/de\/wp-json\/wp\/v2\/product_cat?post=1647"},{"taxonomy":"product_tag","embeddable":true,"href":"https:\/\/www.cn-semiconductorparts.com\/de\/wp-json\/wp\/v2\/product_tag?post=1647"}],"curies":[{"name":"wp","href":"https:\/\/api.w.org\/{rel}","templated":true}]}}