{"id":1687,"date":"2025-09-11T05:30:25","date_gmt":"2025-09-11T05:30:25","guid":{"rendered":"https:\/\/weitai2.globaldeepsea.site\/product\/supply-odm-for-heat-insulation-resistance-rigid-felts-thermal-material-soft-felt-carbon-graphite-roller\/"},"modified":"2026-04-29T15:31:53","modified_gmt":"2026-04-29T07:31:53","slug":"supply-odm-for-heat-insulation-resistance-rigid-felts-thermal-material-soft-felt-carbon-graphite-roller","status":"publish","type":"product","link":"https:\/\/www.cn-semiconductorparts.com\/de\/product\/supply-odm-for-heat-insulation-resistance-rigid-felts-thermal-material-soft-felt-carbon-graphite-roller\/","title":{"rendered":"Supply ODM for Heat Insulation Resistance Rigid Felts Thermal Material Soft Felt Carbon Graphite Roller"},"content":{"rendered":"","protected":false},"excerpt":{"rendered":"<p>Semicera Energy Technology Co., Ltd. ist ein f\u00fchrender Anbieter der fortschrittlichen Halbleiter-Keramik und der einzige Hersteller in China, der gleichzeitig hohe P\u00fcrit\u00e4ts-Silizium-Carbid-Keramik (insbesondere Therecrystallizedsic) und CVD-SIC-Beschichtung liefern kann. Dar\u00fcber hinaus engagiert sich unser Unternehmen auch Keramikfeldern wie Aluminiumoxid, Aluminiumnitrid, Zirkonia und Siliziumnitrid usw.<\/p>","protected":false},"featured_media":526,"comment_status":"closed","ping_status":"open","template":"","meta":[],"product_brand":[],"product_cat":[15],"product_tag":[],"class_list":{"0":"post-1687","1":"product","2":"type-product","3":"status-publish","4":"has-post-thumbnail","6":"product_cat-uncategorized","8":"first","9":"instock","10":"product-type-simple"},"_links":{"self":[{"href":"https:\/\/www.cn-semiconductorparts.com\/de\/wp-json\/wp\/v2\/product\/1687","targetHints":{"allow":["GET"]}}],"collection":[{"href":"https:\/\/www.cn-semiconductorparts.com\/de\/wp-json\/wp\/v2\/product"}],"about":[{"href":"https:\/\/www.cn-semiconductorparts.com\/de\/wp-json\/wp\/v2\/types\/product"}],"replies":[{"embeddable":true,"href":"https:\/\/www.cn-semiconductorparts.com\/de\/wp-json\/wp\/v2\/comments?post=1687"}],"wp:featuredmedia":[{"embeddable":true,"href":"https:\/\/www.cn-semiconductorparts.com\/de\/wp-json\/wp\/v2\/media\/526"}],"wp:attachment":[{"href":"https:\/\/www.cn-semiconductorparts.com\/de\/wp-json\/wp\/v2\/media?parent=1687"}],"wp:term":[{"taxonomy":"product_brand","embeddable":true,"href":"https:\/\/www.cn-semiconductorparts.com\/de\/wp-json\/wp\/v2\/product_brand?post=1687"},{"taxonomy":"product_cat","embeddable":true,"href":"https:\/\/www.cn-semiconductorparts.com\/de\/wp-json\/wp\/v2\/product_cat?post=1687"},{"taxonomy":"product_tag","embeddable":true,"href":"https:\/\/www.cn-semiconductorparts.com\/de\/wp-json\/wp\/v2\/product_tag?post=1687"}],"curies":[{"name":"wp","href":"https:\/\/api.w.org\/{rel}","templated":true}]}}