{"id":1804,"date":"2025-09-11T05:31:05","date_gmt":"2025-09-11T05:31:05","guid":{"rendered":"https:\/\/weitai2.globaldeepsea.site\/product\/factory-best-selling-refractory-silicon-carbide-ceramic-pipe-custom-high-temperature-resistance-rbsic-tube-for-kiln-furnace\/"},"modified":"2026-04-29T15:31:03","modified_gmt":"2026-04-29T07:31:03","slug":"factory-best-selling-refractory-silicon-carbide-ceramic-pipe-custom-high-temperature-resistance-rbsic-tube-for-kiln-furnace","status":"publish","type":"product","link":"https:\/\/www.cn-semiconductorparts.com\/de\/product\/factory-best-selling-refractory-silicon-carbide-ceramic-pipe-custom-high-temperature-resistance-rbsic-tube-for-kiln-furnace\/","title":{"rendered":"Factory best selling Refractory Silicon Carbide Ceramic Pipe Custom High Temperature Resistance Rbsic Tube for Kiln Furnace"},"content":{"rendered":"","protected":false},"excerpt":{"rendered":"<p>Siliziumkarbidrohr hat hohe Festigkeit, hohe H\u00e4rte, gute Verschlei\u00dffestigkeit, hohe Temperaturwiderstand, Korrosionsbest\u00e4ndigkeit, gute W\u00e4rme und Sto\u00dfwiderstand, gro\u00dfe thermische Leitf\u00e4higkeit und gute Oxidationsbest\u00e4ndigkeit und andere \u00fcberlegene Eigenschaften.<\/p>","protected":false},"featured_media":983,"comment_status":"closed","ping_status":"open","template":"","meta":[],"product_brand":[],"product_cat":[15],"product_tag":[],"class_list":{"0":"post-1804","1":"product","2":"type-product","3":"status-publish","4":"has-post-thumbnail","6":"product_cat-uncategorized","8":"first","9":"instock","10":"product-type-simple"},"_links":{"self":[{"href":"https:\/\/www.cn-semiconductorparts.com\/de\/wp-json\/wp\/v2\/product\/1804","targetHints":{"allow":["GET"]}}],"collection":[{"href":"https:\/\/www.cn-semiconductorparts.com\/de\/wp-json\/wp\/v2\/product"}],"about":[{"href":"https:\/\/www.cn-semiconductorparts.com\/de\/wp-json\/wp\/v2\/types\/product"}],"replies":[{"embeddable":true,"href":"https:\/\/www.cn-semiconductorparts.com\/de\/wp-json\/wp\/v2\/comments?post=1804"}],"wp:featuredmedia":[{"embeddable":true,"href":"https:\/\/www.cn-semiconductorparts.com\/de\/wp-json\/wp\/v2\/media\/983"}],"wp:attachment":[{"href":"https:\/\/www.cn-semiconductorparts.com\/de\/wp-json\/wp\/v2\/media?parent=1804"}],"wp:term":[{"taxonomy":"product_brand","embeddable":true,"href":"https:\/\/www.cn-semiconductorparts.com\/de\/wp-json\/wp\/v2\/product_brand?post=1804"},{"taxonomy":"product_cat","embeddable":true,"href":"https:\/\/www.cn-semiconductorparts.com\/de\/wp-json\/wp\/v2\/product_cat?post=1804"},{"taxonomy":"product_tag","embeddable":true,"href":"https:\/\/www.cn-semiconductorparts.com\/de\/wp-json\/wp\/v2\/product_tag?post=1804"}],"curies":[{"name":"wp","href":"https:\/\/api.w.org\/{rel}","templated":true}]}}