{"id":1880,"date":"2025-09-11T05:31:32","date_gmt":"2025-09-11T05:31:32","guid":{"rendered":"https:\/\/weitai2.globaldeepsea.site\/product\/oem-manufacturer-sic-cantilever-paddles-silicon-carbide-sic-paddle\/"},"modified":"2026-04-29T15:30:28","modified_gmt":"2026-04-29T07:30:28","slug":"oem-manufacturer-sic-cantilever-paddles-silicon-carbide-sic-paddle","status":"publish","type":"product","link":"https:\/\/www.cn-semiconductorparts.com\/de\/product\/oem-manufacturer-sic-cantilever-paddles-silicon-carbide-sic-paddle\/","title":{"rendered":"OEM Manufacturer Sic Cantilever Paddles Silicon Carbide Sic Paddle"},"content":{"rendered":"","protected":false},"excerpt":{"rendered":"<p>Siliziumkarbidpaddel, auch als Silizium-Carbid-Cantilever-Paddel bekannt, Siliziumcarbid-Cantilever-Strahl ist eine Art Siliciumcarbid-Keramikprodukte nach 1850 \u00b0 C Hochtemperatur-Sintern, aber hohe Temperatur-Sinter-Sinter-Sinter-Silizium-Carbid-Keramik ist ein spezielles Keramikprodukte durch feine Partikel. Die Infiltration der Si-Reaktion, die Bildung von \u03b2-SIC und kombiniert mit \u03b1-SIC-freiem Silizium f\u00fcllte die Porosit\u00e4t, um Keramikmaterialien mit hoher Dichte zu erhalten; Es hat verschiedene \u00fcberlegene Eigenschaften der Industriekeramik.<\/p>","protected":false},"featured_media":916,"comment_status":"closed","ping_status":"open","template":"","meta":[],"product_brand":[],"product_cat":[23,21],"product_tag":[],"class_list":{"0":"post-1880","1":"product","2":"type-product","3":"status-publish","4":"has-post-thumbnail","6":"product_cat-lsotropic-graphite","7":"product_cat-specialty-graphite","9":"first","10":"instock","11":"product-type-simple"},"_links":{"self":[{"href":"https:\/\/www.cn-semiconductorparts.com\/de\/wp-json\/wp\/v2\/product\/1880","targetHints":{"allow":["GET"]}}],"collection":[{"href":"https:\/\/www.cn-semiconductorparts.com\/de\/wp-json\/wp\/v2\/product"}],"about":[{"href":"https:\/\/www.cn-semiconductorparts.com\/de\/wp-json\/wp\/v2\/types\/product"}],"replies":[{"embeddable":true,"href":"https:\/\/www.cn-semiconductorparts.com\/de\/wp-json\/wp\/v2\/comments?post=1880"}],"wp:featuredmedia":[{"embeddable":true,"href":"https:\/\/www.cn-semiconductorparts.com\/de\/wp-json\/wp\/v2\/media\/916"}],"wp:attachment":[{"href":"https:\/\/www.cn-semiconductorparts.com\/de\/wp-json\/wp\/v2\/media?parent=1880"}],"wp:term":[{"taxonomy":"product_brand","embeddable":true,"href":"https:\/\/www.cn-semiconductorparts.com\/de\/wp-json\/wp\/v2\/product_brand?post=1880"},{"taxonomy":"product_cat","embeddable":true,"href":"https:\/\/www.cn-semiconductorparts.com\/de\/wp-json\/wp\/v2\/product_cat?post=1880"},{"taxonomy":"product_tag","embeddable":true,"href":"https:\/\/www.cn-semiconductorparts.com\/de\/wp-json\/wp\/v2\/product_tag?post=1880"}],"curies":[{"name":"wp","href":"https:\/\/api.w.org\/{rel}","templated":true}]}}