{"id":1952,"date":"2025-09-11T05:31:59","date_gmt":"2025-09-11T05:31:59","guid":{"rendered":"https:\/\/weitai2.globaldeepsea.site\/product\/odm-manufacturer-furnace-heater-sic-heating-elements-muffle-frunace-use-sic-heater-heating-element\/"},"modified":"2026-04-29T15:29:51","modified_gmt":"2026-04-29T07:29:51","slug":"odm-manufacturer-furnace-heater-sic-heating-elements-muffle-frunace-use-sic-heater-heating-element","status":"publish","type":"product","link":"https:\/\/www.cn-semiconductorparts.com\/de\/product\/odm-manufacturer-furnace-heater-sic-heating-elements-muffle-frunace-use-sic-heater-heating-element\/","title":{"rendered":"ODM Manufacturer Furnace Heater Sic Heating Elements; Muffle Frunace Use Sic Heater\/Heating Element"},"content":{"rendered":"","protected":false},"excerpt":{"rendered":"<p>Unsere von Semicera hergestellte erstklassige isostatische Graphit mit hoher Dichte sind ideal f\u00fcr eine Vielzahl von Hochdruckanwendungen. Diese au\u00dfergew\u00f6hnlichen Graphit werden akribisch mithilfe fortschrittlicher Technologie hergestellt, um eine \u00fcberlegene Dichte, St\u00e4rke und Leistung zu gew\u00e4hrleisten. Mit ausgezeichneter thermischer Leitf\u00e4higkeit und Stabilit\u00e4t bieten unsere isostatischen Graphitbl\u00f6cke eine au\u00dfergew\u00f6hnliche Zuverl\u00e4ssigkeit und Haltbarkeit in anspruchsvollen Umgebungen. Trust Semicera f\u00fcr erstklassige isostatische Graphitprodukte, die den strengen Anforderungen verschiedener Branchen entsprechen.<\/p>","protected":false},"featured_media":1276,"comment_status":"closed","ping_status":"open","template":"","meta":[],"product_brand":[],"product_cat":[15],"product_tag":[],"class_list":{"0":"post-1952","1":"product","2":"type-product","3":"status-publish","4":"has-post-thumbnail","6":"product_cat-uncategorized","8":"first","9":"instock","10":"product-type-simple"},"_links":{"self":[{"href":"https:\/\/www.cn-semiconductorparts.com\/de\/wp-json\/wp\/v2\/product\/1952","targetHints":{"allow":["GET"]}}],"collection":[{"href":"https:\/\/www.cn-semiconductorparts.com\/de\/wp-json\/wp\/v2\/product"}],"about":[{"href":"https:\/\/www.cn-semiconductorparts.com\/de\/wp-json\/wp\/v2\/types\/product"}],"replies":[{"embeddable":true,"href":"https:\/\/www.cn-semiconductorparts.com\/de\/wp-json\/wp\/v2\/comments?post=1952"}],"wp:featuredmedia":[{"embeddable":true,"href":"https:\/\/www.cn-semiconductorparts.com\/de\/wp-json\/wp\/v2\/media\/1276"}],"wp:attachment":[{"href":"https:\/\/www.cn-semiconductorparts.com\/de\/wp-json\/wp\/v2\/media?parent=1952"}],"wp:term":[{"taxonomy":"product_brand","embeddable":true,"href":"https:\/\/www.cn-semiconductorparts.com\/de\/wp-json\/wp\/v2\/product_brand?post=1952"},{"taxonomy":"product_cat","embeddable":true,"href":"https:\/\/www.cn-semiconductorparts.com\/de\/wp-json\/wp\/v2\/product_cat?post=1952"},{"taxonomy":"product_tag","embeddable":true,"href":"https:\/\/www.cn-semiconductorparts.com\/de\/wp-json\/wp\/v2\/product_tag?post=1952"}],"curies":[{"name":"wp","href":"https:\/\/api.w.org\/{rel}","templated":true}]}}