{"id":1995,"date":"2025-09-11T05:32:13","date_gmt":"2025-09-11T05:32:13","guid":{"rendered":"https:\/\/weitai2.globaldeepsea.site\/product\/discountable-price-factory-price-custom-industrial-ceramic-robotic-arm-for-semiconductor-application\/"},"modified":"2026-04-29T15:29:36","modified_gmt":"2026-04-29T07:29:36","slug":"discountable-price-factory-price-custom-industrial-ceramic-robotic-arm-for-semiconductor-application","status":"publish","type":"product","link":"https:\/\/www.cn-semiconductorparts.com\/de\/product\/discountable-price-factory-price-custom-industrial-ceramic-robotic-arm-for-semiconductor-application\/","title":{"rendered":"Discountable price Factory Price Custom Industrial Ceramic Robotic Arm for Semiconductor Application"},"content":{"rendered":"","protected":false},"excerpt":{"rendered":"<p>Die Verschlei\u00dffestigkeit der Aluminiumoxid -Keramik ist der gleiche wie der von Korund, der die H\u00e4rte von MOHS erreicht, und der Verschlei\u00dffestigkeit ist vergleichbar mit der von Superhard -Legierungen. Die W\u00e4rmebest\u00e4ndigkeit der Aluminiumoxidkeramik hat die Eigenschaften eines kleinen thermischen Expansionskoeffizienten, einer hohen mechanischen Festigkeit und einer guten thermischen Leitf\u00e4higkeit. Gleichzeitig wird Aluminiumoxid in mechanischen Teilen, die unter hohen Temperaturbedingungen aufgrund ihrer hervorragenden Hochtemperaturleistung (bis zu 1700 \u00b0) verwendet werden, h\u00e4ufig verwendet.<\/p>","protected":false},"featured_media":1166,"comment_status":"closed","ping_status":"open","template":"","meta":[],"product_brand":[],"product_cat":[15],"product_tag":[],"class_list":{"0":"post-1995","1":"product","2":"type-product","3":"status-publish","4":"has-post-thumbnail","6":"product_cat-uncategorized","8":"first","9":"instock","10":"product-type-simple"},"_links":{"self":[{"href":"https:\/\/www.cn-semiconductorparts.com\/de\/wp-json\/wp\/v2\/product\/1995","targetHints":{"allow":["GET"]}}],"collection":[{"href":"https:\/\/www.cn-semiconductorparts.com\/de\/wp-json\/wp\/v2\/product"}],"about":[{"href":"https:\/\/www.cn-semiconductorparts.com\/de\/wp-json\/wp\/v2\/types\/product"}],"replies":[{"embeddable":true,"href":"https:\/\/www.cn-semiconductorparts.com\/de\/wp-json\/wp\/v2\/comments?post=1995"}],"wp:featuredmedia":[{"embeddable":true,"href":"https:\/\/www.cn-semiconductorparts.com\/de\/wp-json\/wp\/v2\/media\/1166"}],"wp:attachment":[{"href":"https:\/\/www.cn-semiconductorparts.com\/de\/wp-json\/wp\/v2\/media?parent=1995"}],"wp:term":[{"taxonomy":"product_brand","embeddable":true,"href":"https:\/\/www.cn-semiconductorparts.com\/de\/wp-json\/wp\/v2\/product_brand?post=1995"},{"taxonomy":"product_cat","embeddable":true,"href":"https:\/\/www.cn-semiconductorparts.com\/de\/wp-json\/wp\/v2\/product_cat?post=1995"},{"taxonomy":"product_tag","embeddable":true,"href":"https:\/\/www.cn-semiconductorparts.com\/de\/wp-json\/wp\/v2\/product_tag?post=1995"}],"curies":[{"name":"wp","href":"https:\/\/api.w.org\/{rel}","templated":true}]}}