{"id":2014,"date":"2025-09-11T05:32:19","date_gmt":"2025-09-11T05:32:19","guid":{"rendered":"https:\/\/weitai2.globaldeepsea.site\/product\/precision-engineered-graphite-parts-by-semicera-for-customized-industrial-needs\/"},"modified":"2026-04-29T15:29:27","modified_gmt":"2026-04-29T07:29:27","slug":"precision-engineered-graphite-parts-by-semicera-for-customized-industrial-needs","status":"publish","type":"product","link":"https:\/\/www.cn-semiconductorparts.com\/de\/product\/precision-engineered-graphite-parts-by-semicera-for-customized-industrial-needs\/","title":{"rendered":"Precision-Engineered Graphite Parts by Semicera for Customized Industrial Needs"},"content":{"rendered":"<div class=\"fl-builder-content fl-builder-content-5660 fl-builder-content-primary fl-builder-global-templates-locked\" data-post-id=\"5660\">\n<div class=\"fl-row fl-row-full-width fl-row-bg-none fl-node-65851f53ef820\" data-node=\"65851f53ef820\">\n<div class=\"fl-row-content-wrap\">\n<div class=\"fl-row-content fl-row-full-width fl-node-content\">\n<div class=\"fl-col-group fl-node-65851f53ef9c0\" data-node=\"65851f53ef9c0\">\n<div class=\"fl-col fl-node-65851f53ef9ff\" data-node=\"65851f53ef9ff\" style=\"width: 100%;\">\n<div class=\"fl-col-content fl-node-content\">\n<div class=\"fl-module fl-module-heading fl-node-65851f53efa4c\" data-animation-delay=\"0.0\" data-node=\"65851f53efa4c\">\n<div class=\"fl-module-content fl-node-content\">\n<h3 class=\"fl-heading\"> <span class=\"fl-heading-text\">Die Hauptprodukte von Semizera sind feines Partikel, das isostatisch gepresstes Graphit, das in Halbleitern verwendet wird. Die grundlegenden Informationen \u00fcber die fortschrittlichsten deutschen SGL- und japanischen Toyo -Carbonprodukte der Welt sind wie folgt:<\/span> <\/h3>\n<\/p><\/div>\n<\/p><\/div>\n<\/p><\/div>\n<\/p><\/div>\n<\/p><\/div>\n<div class=\"fl-col-group fl-node-65851f53ef8fc\" data-node=\"65851f53ef8fc\">\n<div class=\"fl-col fl-node-65851f53ef940\" data-node=\"65851f53ef940\" style=\"width: 100%;\">\n<div class=\"fl-col-content fl-node-content\">\n<div class=\"fl-module fl-module-rich-text fl-node-65851f53ef97f\" data-animation-delay=\"0.0\" data-node=\"65851f53ef97f\">\n<div class=\"fl-module-content fl-node-content\">\n<div class=\"fl-rich-text\">\n<table border=\"1\" cellspacing=\"0\">\n<tbody>\n<tr>\n<td style=\"text-align: center;\" valign=\"top\" width=\"262\"><strong>Leistungsparameter<\/strong><\/td>\n<td style=\"text-align: center;\" valign=\"top\" width=\"62\"><strong>Semizelle<\/strong><\/td>\n<td style=\"text-align: center;\" valign=\"top\" width=\"142\"><strong>SGL R6510<\/strong><\/td>\n<td style=\"text-align: center;\" valign=\"top\" width=\"142\"><strong>Toyo Ig310<\/strong><\/td>\n<\/tr>\n<tr>\n<td valign=\"top\" width=\"262\">\n<p style=\"text-align: center;\"><span style=\"font-family: Calibri;\">Sch\u00fcttdichte (g\/cm3)<\/span><\/p>\n<\/td>\n<td style=\"text-align: center;\" valign=\"top\" width=\"62\">\n<p align=\"center\"><span style=\"font-family: Calibri;\">1.91<\/span><\/p>\n<\/td>\n<td style=\"text-align: center;\" valign=\"top\" width=\"142\">\n<p align=\"center\"><span style=\"font-family: Calibri;\">1.83<\/span><\/p>\n<\/td>\n<td style=\"text-align: center;\" valign=\"top\" width=\"142\">\n<p align=\"center\"><span style=\"font-family: Calibri;\">1.85<\/span><\/p>\n<\/td>\n<\/tr>\n<tr>\n<td valign=\"top\" width=\"262\">\n<p style=\"text-align: center;\"><span style=\"font-family: Calibri;\">Biegest\u00e4rke (MPA)<\/span><\/p>\n<\/td>\n<td valign=\"top\" width=\"62\">\n<p align=\"center\" style=\"text-align: center;\"><span style=\"font-family: Calibri;\">63<\/span><\/p>\n<\/td>\n<td valign=\"top\" width=\"142\">\n<p align=\"center\"><span style=\"font-family: Calibri;\">60<\/span><\/p>\n<\/td>\n<td valign=\"top\" width=\"142\">\n<p align=\"center\"><span style=\"font-family: Calibri;\">49<\/span><\/p>\n<\/td>\n<\/tr>\n<tr>\n<td valign=\"top\" width=\"262\">\n<p style=\"text-align: center;\"><span style=\"font-family: Calibri;\">Druckfestigkeit (MPA)<\/span><\/p>\n<\/td>\n<td valign=\"top\" width=\"62\">\n<p align=\"center\" style=\"text-align: center;\"><span style=\"font-family: Calibri;\">135<\/span><\/p>\n<\/td>\n<td valign=\"top\" width=\"142\">\n<p align=\"center\"><span style=\"font-family: Calibri;\">130<\/span><\/p>\n<\/td>\n<td valign=\"top\" width=\"142\">\n<p align=\"center\"><span style=\"font-family: Calibri;\">103<\/span><\/p>\n<\/td>\n<\/tr>\n<tr>\n<td valign=\"top\" width=\"262\">\n<p style=\"text-align: center;\"><span style=\"font-family: Calibri;\">K\u00fcstenh\u00e4rte (HS)<\/span><\/p>\n<\/td>\n<td valign=\"top\" width=\"62\">\n<p align=\"center\" style=\"text-align: center;\"><span style=\"font-family: Calibri;\">70<\/span><\/p>\n<\/td>\n<td valign=\"top\" width=\"142\">\n<p align=\"center\"><span style=\"font-family: Calibri;\">64<\/span><\/p>\n<\/td>\n<td valign=\"top\" width=\"142\">\n<p align=\"center\"><span style=\"font-family: Calibri;\">60<\/span><\/p>\n<\/td>\n<\/tr>\n<tr>\n<td valign=\"top\" width=\"262\">\n<p style=\"text-align: center;\"><span style=\"font-family: Calibri;\">W\u00e4rmeleitf\u00e4higkeit <\/span>(W\/m \u00b7 k)<\/p>\n<\/td>\n<td valign=\"top\" width=\"62\">\n<p align=\"center\" style=\"text-align: center;\"><span style=\"font-family: Calibri;\">85<\/span><\/p>\n<\/td>\n<td valign=\"top\" width=\"142\">\n<p align=\"center\"><span style=\"font-family: Calibri;\">105<\/span><\/p>\n<\/td>\n<td valign=\"top\" width=\"142\">\n<p align=\"center\"><span style=\"font-family: Calibri;\">130<\/span><\/p>\n<\/td>\n<\/tr>\n<tr>\n<td valign=\"top\" width=\"262\">\n<p style=\"text-align: center;\"><span style=\"font-family: Calibri;\">W\u00e4rmeleitkoeffizient<\/span><span style=\"font-family: \u5b8b\u4f53;\">\uff08<\/span>10-6\/K<span style=\"font-family: \u5b8b\u4f53;\">\uff09<\/span><\/p>\n<\/td>\n<td valign=\"top\" width=\"62\">\n<p align=\"center\" style=\"text-align: center;\"><span style=\"font-family: Calibri;\">5.85<\/span><\/p>\n<\/td>\n<td valign=\"top\" width=\"142\">\n<p align=\"center\"><span style=\"font-family: Calibri;\">4.2<\/span><\/p>\n<\/td>\n<td valign=\"top\" width=\"142\">\n<p align=\"center\"><span style=\"font-family: Calibri;\">5.0<\/span><\/p>\n<\/td>\n<\/tr>\n<tr>\n<td valign=\"top\" width=\"262\">\n<p style=\"text-align: center;\"><span style=\"font-family: Calibri;\">Widerstand (<\/span><span style=\"font-family: \u5b8b\u4f53;\">Baby<\/span><span style=\"font-family: Calibri;\">M)<\/span><\/p>\n<\/td>\n<td valign=\"top\" width=\"62\">\n<p align=\"center\" style=\"text-align: center;\"><span style=\"font-family: Calibri;\">11-13<\/span><\/p>\n<\/td>\n<td valign=\"top\" width=\"142\">\n<p align=\"center\"><span style=\"font-family: Calibri;\">13<\/span><\/p>\n<\/td>\n<td valign=\"top\" width=\"142\">\n<p align=\"center\"><span style=\"font-family: Calibri;\">10<\/span><\/p>\n<\/td>\n<\/tr>\n<\/tbody>\n<\/table><\/div>\n<\/p><\/div>\n<\/p><\/div>\n<\/p><\/div>\n<\/p><\/div>\n<\/p><\/div>\n<div class=\"fl-col-group fl-node-65851f53efa8b\" data-node=\"65851f53efa8b\">\n<div class=\"fl-col fl-node-65851f53efb46 fl-col-small\" data-node=\"65851f53efb46\" style=\"width: 50%;\">\n<div class=\"fl-col-content fl-node-content\">\n<div class=\"fl-module fl-module-rich-text fl-node-65851f53ef866\" data-animation-delay=\"0.0\" data-node=\"65851f53ef866\">\n<div class=\"fl-module-content fl-node-content\">\n<div class=\"fl-rich-text\">\n<p><strong>Leistungsvorteil:<\/strong><br \/>1.Die Struktur ist fein und dicht und die Einheitlichkeit ist gut.<br \/>2. Leuchten Sie die thermische Expansion, ausgezeichnete thermische Schockwiderstand;<br \/>3.Isotropy;<br \/>4. Strong chemischer Resistenz;<br \/>5. gute thermische und elektrische Leitf\u00e4higkeit;<br \/>6. Es hat ausgezeichnete Bearbeitungseigenschaften.<\/p>\n<\/p><\/div>\n<\/p><\/div>\n<\/p><\/div>\n<\/p><\/div>\n<\/p><\/div>\n<div class=\"fl-col fl-node-65851f53efaca fl-col-small\" data-node=\"65851f53efaca\" style=\"width: 50%;\">\n<div class=\"fl-col-content fl-node-content\">\n<div class=\"fl-module fl-module-rich-text fl-node-65851f53efb08\" data-animation-delay=\"0.0\" data-node=\"65851f53efb08\">\n<div class=\"fl-module-content fl-node-content\">\n<div class=\"fl-rich-text\">\n<p><strong>Schl\u00fcsselmaterialien f\u00fcr die zeitgen\u00f6ssische Industrie<\/strong><br \/>1. Halbleiterindustrie<br \/>2. Solarenergieindustrie<br \/>3. Luft- und Raumfahrtindustrie<br \/>4. Die Nuklearindustrie<\/p>\n<\/p><\/div>\n<\/p><\/div>\n<\/p><\/div>\n<\/p><\/div>\n<\/p><\/div>\n<\/p><\/div>\n<div class=\"fl-col-group fl-node-65851f53efc7e\" data-node=\"65851f53efc7e\">\n<div class=\"fl-col fl-node-65851f53efcbc\" data-node=\"65851f53efcbc\" style=\"width: 100%;\">\n<div class=\"fl-col-content fl-node-content\">\n<div class=\"fl-module fl-module-rich-text fl-node-65851f53efcfb\" data-animation-delay=\"0.0\" data-node=\"65851f53efcfb\">\n<div class=\"fl-module-content fl-node-content\">\n<div class=\"fl-rich-text\">\n<p>Das isostatisch gepresste Graphitprojekt von Semicera hat die Massenproduktion durchlaufen, um eine hohe Dichte, hohe Reinheit, hohe Festigkeit und gro\u00dfe Graphitprodukte zu erhalten<\/p>\n<\/p><\/div>\n<\/p><\/div>\n<\/p><\/div>\n<\/p><\/div>\n<\/p><\/div>\n<\/p><\/div>\n<div class=\"fl-col-group fl-node-65851f53efb84\" data-node=\"65851f53efb84\">\n<div class=\"fl-col fl-node-65851f53efbc2 fl-col-small\" data-node=\"65851f53efbc2\" style=\"width: 50%;\">\n<div class=\"fl-col-content fl-node-content\">\n<div class=\"fl-module fl-module-photo fl-node-65851f53ef8b9\" data-animation-delay=\"0.0\" data-node=\"65851f53ef8b9\">\n<div class=\"fl-module-content fl-node-content\">\n<div class=\"fl-photo fl-photo-align-center\" itemscope=\"\" itemtype=\"http:\/\/schema.org\/ImageObject\">\n<div class=\"fl-photo-content fl-photo-img-png\"> <img decoding=\"async\" alt=\"Isostatic Graphite Components (3)\" class=\"fl-photo-img wp-image-5667\" itemprop=\"image\" src=\"\/wp-content\/uploads\/2025\/09\/921fe716bf734a48.webp\"> <\/img><\/div>\n<\/p><\/div>\n<\/p><\/div>\n<\/p><\/div>\n<\/p><\/div>\n<\/p><\/div>\n<div class=\"fl-col fl-node-65851f53efc00 fl-col-small\" data-node=\"65851f53efc00\" style=\"width: 50%;\">\n<div class=\"fl-col-content fl-node-content\">\n<div class=\"fl-module fl-module-photo fl-node-65851f53efc3f\" data-animation-delay=\"0.0\" data-node=\"65851f53efc3f\">\n<div class=\"fl-module-content fl-node-content\">\n<div class=\"fl-photo fl-photo-align-center\" itemscope=\"\" itemtype=\"http:\/\/schema.org\/ImageObject\">\n<div class=\"fl-photo-content fl-photo-img-png\"> <img decoding=\"async\" alt=\"Isostatische Graphitkomponenten (2)\" class=\"fl-photo-img wp-image-5665\" itemprop=\"image\" src=\"\/wp-content\/uploads\/2025\/09\/d0f6a7328e6e042d.webp\"> <\/img><\/div>\n<\/p><\/div>\n<\/p><\/div>\n<\/p><\/div>\n<\/p><\/div>\n<\/p><\/div>\n<\/p><\/div>\n<div class=\"fl-col-group fl-node-65851f53efd39\" data-node=\"65851f53efd39\">\n<div class=\"fl-col fl-node-65851f53efd77\" data-node=\"65851f53efd77\" style=\"width: 100%;\">\n<div class=\"fl-col-content fl-node-content\">\n<div class=\"fl-module fl-module-photo fl-node-65851f53efdb6\" data-animation-delay=\"0.0\" data-node=\"65851f53efdb6\">\n<div class=\"fl-module-content fl-node-content\">\n<div class=\"fl-photo fl-photo-align-center\" itemscope=\"\" itemtype=\"http:\/\/schema.org\/ImageObject\">\n<div class=\"fl-photo-content fl-photo-img-png\"> <img decoding=\"async\" alt=\"ASDF\" class=\"fl-photo-img wp-image-5653\" itemprop=\"image\" src=\"\/wp-content\/uploads\/2025\/09\/c06f5839a65f0939.webp\"> <\/img><\/div>\n<\/p><\/div>\n<\/p><\/div>\n<\/p><\/div>\n<div class=\"fl-module fl-module-photo fl-node-65851f53efdf5\" data-animation-delay=\"0.0\" data-node=\"65851f53efdf5\">\n<div class=\"fl-module-content fl-node-content\">\n<div class=\"fl-photo fl-photo-align-center\" itemscope=\"\" itemtype=\"http:\/\/schema.org\/ImageObject\">\n<div class=\"fl-photo-content fl-photo-img-png\"> <img decoding=\"async\" alt=\"SCDFV\" class=\"fl-photo-img wp-image-5654\" itemprop=\"image\" src=\"\/wp-content\/uploads\/2025\/09\/c950bc30835d9cbb.webp\"> <\/img><\/div>\n<\/p><\/div>\n<\/p><\/div>\n<\/p><\/div>\n<\/p><\/div>\n<\/p><\/div>\n<\/p><\/div>\n<\/p><\/div>\n<\/p><\/div>\n<\/p><\/div>\n<\/div>","protected":false},"excerpt":{"rendered":"<p>Unsere von Semicera hergestellte erstklassige isostatische Graphit mit hoher Dichte sind ideal f\u00fcr eine Vielzahl von Hochdruckanwendungen. Diese au\u00dfergew\u00f6hnlichen Graphit werden akribisch mithilfe fortschrittlicher Technologie hergestellt, um eine \u00fcberlegene Dichte, St\u00e4rke und Leistung zu gew\u00e4hrleisten. Mit ausgezeichneter thermischer Leitf\u00e4higkeit und Stabilit\u00e4t bieten unsere isostatischen Graphitbl\u00f6cke eine au\u00dfergew\u00f6hnliche Zuverl\u00e4ssigkeit und Haltbarkeit in anspruchsvollen Umgebungen. Trust Semicera f\u00fcr erstklassige isostatische Graphitprodukte, die den strengen Anforderungen verschiedener Branchen entsprechen.<\/p>","protected":false},"featured_media":976,"comment_status":"closed","ping_status":"open","template":"","meta":[],"product_brand":[],"product_cat":[23,21],"product_tag":[],"class_list":{"0":"post-2014","1":"product","2":"type-product","3":"status-publish","4":"has-post-thumbnail","6":"product_cat-lsotropic-graphite","7":"product_cat-specialty-graphite","9":"first","10":"instock","11":"product-type-simple"},"_links":{"self":[{"href":"https:\/\/www.cn-semiconductorparts.com\/de\/wp-json\/wp\/v2\/product\/2014","targetHints":{"allow":["GET"]}}],"collection":[{"href":"https:\/\/www.cn-semiconductorparts.com\/de\/wp-json\/wp\/v2\/product"}],"about":[{"href":"https:\/\/www.cn-semiconductorparts.com\/de\/wp-json\/wp\/v2\/types\/product"}],"replies":[{"embeddable":true,"href":"https:\/\/www.cn-semiconductorparts.com\/de\/wp-json\/wp\/v2\/comments?post=2014"}],"wp:featuredmedia":[{"embeddable":true,"href":"https:\/\/www.cn-semiconductorparts.com\/de\/wp-json\/wp\/v2\/media\/976"}],"wp:attachment":[{"href":"https:\/\/www.cn-semiconductorparts.com\/de\/wp-json\/wp\/v2\/media?parent=2014"}],"wp:term":[{"taxonomy":"product_brand","embeddable":true,"href":"https:\/\/www.cn-semiconductorparts.com\/de\/wp-json\/wp\/v2\/product_brand?post=2014"},{"taxonomy":"product_cat","embeddable":true,"href":"https:\/\/www.cn-semiconductorparts.com\/de\/wp-json\/wp\/v2\/product_cat?post=2014"},{"taxonomy":"product_tag","embeddable":true,"href":"https:\/\/www.cn-semiconductorparts.com\/de\/wp-json\/wp\/v2\/product_tag?post=2014"}],"curies":[{"name":"wp","href":"https:\/\/api.w.org\/{rel}","templated":true}]}}