{"id":2017,"date":"2025-09-11T05:32:19","date_gmt":"2025-09-11T05:32:19","guid":{"rendered":"https:\/\/weitai2.globaldeepsea.site\/product\/silicon-carbide-coated-epitaxial-reactor-barrel\/"},"modified":"2026-04-29T15:29:29","modified_gmt":"2026-04-29T07:29:29","slug":"silicon-carbide-coated-epitaxial-reactor-barrel","status":"publish","type":"product","link":"https:\/\/www.cn-semiconductorparts.com\/de\/product\/silicon-carbide-coated-epitaxial-reactor-barrel\/","title":{"rendered":"Silicon Carbide Coated Epitaxial Reactor Barrel"},"content":{"rendered":"<p><?xml encoding=\"utf-8\" ?><\/p>\n<div class=\"fl-builder-content fl-builder-content-5565 fl-builder-content-primary fl-builder-global-templates-locked\" data-post-id=\"5565\">\n<div class=\"fl-row fl-row-full-width fl-row-bg-none fl-node-65e6afd105294\" data-node=\"65e6afd105294\">\n<div class=\"fl-row-content-wrap\">\n<div class=\"fl-row-content fl-row-full-width fl-node-content\">\n<div class=\"fl-col-group fl-node-65e6afd10b08e\" data-node=\"65e6afd10b08e\">\n<div class=\"fl-col fl-node-65e6afd10b3a7\" data-node=\"65e6afd10b3a7\" style=\"width: 100%;\">\n<div class=\"fl-col-content fl-node-content\">\n<div class=\"fl-module fl-module-icon fl-node-65e6afd104e94\" data-animation-delay=\"0.0\" data-node=\"65e6afd104e94\">\n<div class=\"fl-module-content fl-node-content\">\n<div class=\"fl-icon-wrap\"> <span class=\"fl-icon\"> <i class=\"fa fa-align-justify\"><\/i> <\/span> <\/p>\n<div class=\"fl-icon-text\">\n<p style=\"text-align: left;\"><strong><span style=\"color: #1182cc;\">Warum ist Siliziumkarbidbeschichtung?<\/span><\/strong><\/p>\n<p> <script src=\"chrome-extension:\/\/lkacpincnpeaopanmojlgibodfibghjc\/scripts\/xiaomanBaseInject.js\" type=\"text\/javascript\"><\/script> <\/div>\n<\/p><\/div>\n<\/p><\/div>\n<\/p><\/div>\n<div class=\"fl-module fl-module-separator fl-node-65e6b1966d591\" data-animation-delay=\"0.0\" data-node=\"65e6b1966d591\">\n<div class=\"fl-module-content fl-node-content\">\n<div class=\"fl-separator\"><\/div>\n<\/p><\/div>\n<\/p><\/div>\n<div class=\"fl-module fl-module-rich-text fl-node-65e6bb350fdaa\" data-animation-delay=\"0.0\" data-node=\"65e6bb350fdaa\">\n<div class=\"fl-module-content fl-node-content\">\n<div class=\"fl-rich-text\">\n<p>In the semiconductor field, the stability of each component is very important for the whole process. However, in a high-temperature environment, graphite is easily oxidized and lost, and SiC coating can provide stable protection for graphite parts. In the&nbsp;<b>Semizelle&nbsp;<\/b>team, we have our own graphite purification processing equipment, which can control the purity of graphite below 5ppm. The purity of the silicon carbide coating is below 0.5 ppm.<\/p>\n<p>&nbsp;<\/p>\n<p><script src=\"chrome-extension:\/\/lkacpincnpeaopanmojlgibodfibghjc\/scripts\/xiaomanBaseInject.js\" type=\"text\/javascript\"><\/script><\/p>\n<\/p><\/div>\n<\/p><\/div>\n<\/p><\/div>\n<\/p><\/div>\n<\/p><\/div>\n<\/p><\/div>\n<\/p><\/div>\n<\/p><\/div>\n<\/p><\/div>\n<div class=\"fl-row fl-row-full-width fl-row-bg-none fl-node-65e6ba2eda256\" data-node=\"65e6ba2eda256\">\n<div class=\"fl-row-content-wrap\">\n<div class=\"fl-row-content fl-row-full-width fl-node-content\">\n<div class=\"fl-col-group fl-node-65e6ba2ee0269\" data-node=\"65e6ba2ee0269\">\n<div class=\"fl-col fl-node-65e6ba2ee057c\" data-node=\"65e6ba2ee057c\" style=\"width: 100%;\">\n<div class=\"fl-col-content fl-node-content\">\n<div class=\"fl-module fl-module-icon fl-node-65e6ba2240367\" data-animation-delay=\"0.0\" data-node=\"65e6ba2240367\">\n<div class=\"fl-module-content fl-node-content\">\n<div class=\"fl-icon-wrap\"> <span class=\"fl-icon\"> <i class=\"fa fa-align-justify\"><\/i> <\/span> <\/p>\n<div class=\"fl-icon-text\">\n<p style=\"text-align: left;\"><strong><span style=\"color: #1182cc;\">Unser Vorteil, warum Semizera w\u00e4hlen?<\/span><\/strong><\/p>\n<p> <script src=\"chrome-extension:\/\/lkacpincnpeaopanmojlgibodfibghjc\/scripts\/xiaomanBaseInject.js\" type=\"text\/javascript\"><\/script> <\/div>\n<\/p><\/div>\n<\/p><\/div>\n<\/p><\/div>\n<div class=\"fl-module fl-module-separator fl-node-65e6c0368a4d3\" data-animation-delay=\"0.0\" data-node=\"65e6c0368a4d3\">\n<div class=\"fl-module-content fl-node-content\">\n<div class=\"fl-separator\"><\/div>\n<\/p><\/div>\n<\/p><\/div>\n<\/p><\/div>\n<\/p><\/div>\n<\/p><\/div>\n<\/p><\/div>\n<\/p><\/div>\n<\/p><\/div>\n<div class=\"fl-row fl-row-full-width fl-row-bg-none fl-node-65e6c04d98b46\" data-node=\"65e6c04d98b46\">\n<div class=\"fl-row-content-wrap\">\n<div class=\"fl-row-content fl-row-full-width fl-node-content\">\n<div class=\"fl-col-group fl-node-65e6c04d9f24a\" data-node=\"65e6c04d9f24a\">\n<div class=\"fl-col fl-node-65e6c04d9f56a\" data-node=\"65e6c04d9f56a\" style=\"width: 53.89%;\">\n<div class=\"fl-col-content fl-node-content\">\n<div class=\"fl-module fl-module-rich-text fl-node-65e6bfd90538d\" data-animation-delay=\"0.0\" data-node=\"65e6bfd90538d\">\n<div class=\"fl-module-content fl-node-content\">\n<div class=\"fl-rich-text\">\n<p>&#10003;Top-quality in China market<\/p>\n<p>&nbsp;<\/p>\n<p>&#10003;Good service always for you, 7*24 hours<\/p>\n<p>&nbsp;<\/p>\n<p>&#10003;Short date of delivery<\/p>\n<p>&nbsp;<\/p>\n<p>&#10003;Small MOQ welcome and accepted<\/p>\n<p>&nbsp;<\/p>\n<p>&#10003;Custom services<\/p>\n<p><script src=\"chrome-extension:\/\/lkacpincnpeaopanmojlgibodfibghjc\/scripts\/xiaomanBaseInject.js\" type=\"text\/javascript\"><\/script><\/p>\n<\/p><\/div>\n<\/p><\/div>\n<\/p><\/div>\n<\/p><\/div>\n<\/p><\/div>\n<div class=\"fl-col fl-node-65e6c052db17a fl-col-small\" data-node=\"65e6c052db17a\" style=\"width: 46.11%;\">\n<div class=\"fl-col-content fl-node-content\">\n<div class=\"fl-module fl-module-photo fl-node-65e6c002a52ff\" data-animation-delay=\"0.0\" data-node=\"65e6c002a52ff\">\n<div class=\"fl-module-content fl-node-content\">\n<div class=\"fl-photo fl-photo-align-center\" itemscope=\"\" itemtype=\"http:\/\/schema.org\/ImageObject\">\n<div class=\"fl-photo-content fl-photo-img-jpg\"> <img decoding=\"async\" alt=\"Quarzproduktionsausr\u00fcstung 4\" class=\"fl-photo-img wp-image-6839\" itemprop=\"image\" src=\"\/wp-content\/uploads\/2025\/09\/7b546b956fad1698.webp\"> <\/div>\n<\/p><\/div>\n<\/p><\/div>\n<\/p><\/div>\n<\/p><\/div>\n<\/p><\/div>\n<\/p><\/div>\n<\/p><\/div>\n<\/p><\/div>\n<\/p><\/div>\n<div class=\"fl-row fl-row-full-width fl-row-bg-none fl-node-65e6c110cea8c\" data-node=\"65e6c110cea8c\">\n<div class=\"fl-row-content-wrap\">\n<div class=\"fl-row-content fl-row-full-width fl-node-content\">\n<div class=\"fl-col-group fl-node-65e6c110d54e2\" data-node=\"65e6c110d54e2\">\n<div class=\"fl-col fl-node-65e6c110d57ff\" data-node=\"65e6c110d57ff\" style=\"width: 100%;\">\n<div class=\"fl-col-content fl-node-content\">\n<div class=\"fl-module fl-module-icon fl-node-65e6c10934c5e\" data-animation-delay=\"0.0\" data-node=\"65e6c10934c5e\">\n<div class=\"fl-module-content fl-node-content\">\n<div class=\"fl-icon-wrap\"> <span class=\"fl-icon\"> <i class=\"fa fa-align-justify\"><\/i> <\/span> <\/p>\n<div class=\"fl-icon-text\">\n<p style=\"text-align: left;\"><span style=\"color: #1182cc;\"><b>Anwendung<\/b><\/span><\/p>\n<p> <script src=\"chrome-extension:\/\/lkacpincnpeaopanmojlgibodfibghjc\/scripts\/xiaomanBaseInject.js\" type=\"text\/javascript\"><\/script> <\/div>\n<\/p><\/div>\n<\/p><\/div>\n<\/p><\/div>\n<div class=\"fl-module fl-module-separator fl-node-65e6c10bb3f90\" data-animation-delay=\"0.0\" data-node=\"65e6c10bb3f90\">\n<div class=\"fl-module-content fl-node-content\">\n<div class=\"fl-separator\"><\/div>\n<\/p><\/div>\n<\/p><\/div>\n<\/p><\/div>\n<\/p><\/div>\n<\/p><\/div>\n<\/p><\/div>\n<\/p><\/div>\n<\/p><\/div>\n<div class=\"fl-row fl-row-full-width fl-row-bg-none fl-node-65e6caf93aa38\" data-node=\"65e6caf93aa38\">\n<div class=\"fl-row-content-wrap\">\n<div class=\"fl-row-content fl-row-full-width fl-node-content\">\n<div class=\"fl-col-group fl-node-65e6caf941c1c\" data-node=\"65e6caf941c1c\">\n<div class=\"fl-col fl-node-65e6caf941f4f fl-col-small\" data-node=\"65e6caf941f4f\" style=\"width: 46.88%;\">\n<div class=\"fl-col-content fl-node-content\">\n<div class=\"fl-module fl-module-rich-text fl-node-65e6c15ede8a5\" data-animation-delay=\"0.0\" data-node=\"65e6c15ede8a5\">\n<div class=\"fl-module-content fl-node-content\">\n<div class=\"fl-rich-text\">\n<p><span style=\"color: #1182cc;\"><strong>Epitaxie -Wachstumssuszeptor<\/strong><\/span><\/p>\n<p>Silizium\/Silizium -Carbid -Wafer m\u00fcssen mehrere Prozesse durchlaufen, um in elektronischen Ger\u00e4ten verwendet zu werden. Ein wichtiger Prozess ist die Silizium\/sic -Epitaxie, bei der Silizium\/sic -Wafer auf einer Graphitbasis getragen werden. Zu den besonderen Vorteilen der Silizium-Carbid-Graphit-Basis von Semicera geh\u00f6ren eine extrem hohe Reinheit, einheitliche Beschichtung und extrem lange Lebensdauer. Sie haben auch hohe chemische Resistenz und thermische Stabilit\u00e4t.<\/p>\n<p>&nbsp;<\/p>\n<p><script src=\"chrome-extension:\/\/lkacpincnpeaopanmojlgibodfibghjc\/scripts\/xiaomanBaseInject.js\" type=\"text\/javascript\"><\/script><\/p>\n<\/p><\/div>\n<\/p><\/div>\n<\/p><\/div>\n<\/p><\/div>\n<\/p><\/div>\n<div class=\"fl-col fl-node-65e6cb00f30c5 fl-col-small\" data-node=\"65e6cb00f30c5\" style=\"width: 26.78%;\">\n<div class=\"fl-col-content fl-node-content\">\n<div class=\"fl-module fl-module-photo fl-node-65e6c513b5856\" data-animation-delay=\"0.0\" data-node=\"65e6c513b5856\">\n<div class=\"fl-module-content fl-node-content\">\n<div class=\"fl-photo fl-photo-align-left\" itemscope=\"\" itemtype=\"http:\/\/schema.org\/ImageObject\">\n<div class=\"fl-photo-content fl-photo-img-jpg\"> <img decoding=\"async\" alt=\"SI -Epitaxy Barrel -Empf\u00e4ngnis\" class=\"fl-photo-img wp-image-6877\" itemprop=\"image\" src=\"\/wp-content\/uploads\/2025\/09\/3bd283efeefc02c5.webp\"> <\/div>\n<\/p><\/div>\n<\/p><\/div>\n<\/p><\/div>\n<div class=\"fl-module fl-module-heading fl-node-65e6c7c4aa532\" data-animation-delay=\"0.0\" data-node=\"65e6c7c4aa532\">\n<div class=\"fl-module-content fl-node-content\">\n<h3 class=\"fl-heading\">  Silizium -Epitaxy -Suszeptor  <\/h3>\n<\/p><\/div>\n<\/p><\/div>\n<\/p><\/div>\n<\/p><\/div>\n<div class=\"fl-col fl-node-65e6cb060e092 fl-col-small\" data-node=\"65e6cb060e092\" style=\"width: 26.34%;\">\n<div class=\"fl-col-content fl-node-content\">\n<div class=\"fl-module fl-module-photo fl-node-65e6c56bc7081\" data-animation-delay=\"0.0\" data-node=\"65e6c56bc7081\">\n<div class=\"fl-module-content fl-node-content\">\n<div class=\"fl-photo fl-photo-align-center\" itemscope=\"\" itemtype=\"http:\/\/schema.org\/ImageObject\">\n<div class=\"fl-photo-content fl-photo-img-jpg\"> <img decoding=\"async\" alt=\"SI Epitaxy Pancake Susceptor\" class=\"fl-photo-img wp-image-6878\" itemprop=\"image\" src=\"\/wp-content\/uploads\/2025\/09\/47d3bc301e040a57.webp\"> <\/div>\n<\/p><\/div>\n<\/p><\/div>\n<\/p><\/div>\n<div class=\"fl-module fl-module-heading fl-node-65e6c8131e91c\" data-animation-delay=\"0.0\" data-node=\"65e6c8131e91c\">\n<div class=\"fl-module-content fl-node-content\">\n<h3 class=\"fl-heading\">  Silizium -Carbid -Epitaxie -Empf\u00e4ngnis  <\/h3>\n<\/p><\/div>\n<\/p><\/div>\n<\/p><\/div>\n<\/p><\/div>\n<\/p><\/div>\n<\/p><\/div>\n<\/p><\/div>\n<\/p><\/div>\n<div class=\"fl-row fl-row-full-width fl-row-bg-none fl-node-65e6cbd3e19e7\" data-node=\"65e6cbd3e19e7\">\n<div class=\"fl-row-content-wrap\">\n<div class=\"fl-row-content fl-row-full-width fl-node-content\">\n<div class=\"fl-col-group fl-node-65e6cbd3e209d\" data-node=\"65e6cbd3e209d\">\n<div class=\"fl-col fl-node-65e6cbd3e20dd\" data-node=\"65e6cbd3e20dd\" style=\"width: 69.11%;\">\n<div class=\"fl-col-content fl-node-content\">\n<div class=\"fl-module fl-module-rich-text fl-node-65e6cbd3e211b\" data-animation-delay=\"0.0\" data-node=\"65e6cbd3e211b\">\n<div class=\"fl-module-content fl-node-content\">\n<div class=\"fl-rich-text\">\n<p><span style=\"color: #1182cc;\"><strong>LED -Chipproduktion<\/strong><\/span><\/p>\n<p>W\u00e4hrend der umfangreichen Beschichtung des MOCVD -Reaktors bewegt sich die Planetenbasis oder der Tr\u00e4ger den Substratwafer. Die Leistung des Grundmaterials hat einen gro\u00dfen Einfluss auf die Beschichtungsqualit\u00e4t, was wiederum die Schrottrate des Chips beeinflusst. Die Silizium-Carbid-Basis von Semicera erh\u00f6ht die Herstellungseffizienz hochwertiger LED-Wafer und minimiert die Wellenl\u00e4ngenabweichung. Wir liefern auch zus\u00e4tzliche Graphitkomponenten f\u00fcr alle derzeit verwendeten MOCVD -Reaktoren. Wir k\u00f6nnen fast jede Komponente mit einer Siliziumkarbidbeschichtung beschichten. Auch wenn der Komponentendurchmesser bis zu 1,5 m betr\u00e4gt, k\u00f6nnen wir immer noch mit Siliziumkarbid befehlen.<\/p>\n<p><script src=\"chrome-extension:\/\/lkacpincnpeaopanmojlgibodfibghjc\/scripts\/xiaomanBaseInject.js\" type=\"text\/javascript\"><\/script><\/p>\n<\/p><\/div>\n<\/p><\/div>\n<\/p><\/div>\n<\/p><\/div>\n<\/p><\/div>\n<div class=\"fl-col fl-node-65e6cbd3e2210 fl-col-small\" data-node=\"65e6cbd3e2210\" style=\"width: 30.89%;\">\n<div class=\"fl-col-content fl-node-content\">\n<div class=\"fl-module fl-module-photo fl-node-65e6cbd3e224d\" data-animation-delay=\"0.0\" data-node=\"65e6cbd3e224d\">\n<div class=\"fl-module-content fl-node-content\">\n<div class=\"fl-photo fl-photo-align-center\" itemscope=\"\" itemtype=\"http:\/\/schema.org\/ImageObject\">\n<div class=\"fl-photo-content fl-photo-img-jpg\"> <img decoding=\"async\" alt=\"LED Epitaxy Susceptor\" class=\"fl-photo-img wp-image-6879\" itemprop=\"image\" src=\"\/wp-content\/uploads\/2025\/09\/93b21f1efc4f94d7.webp\"> <\/div>\n<\/p><\/div>\n<\/p><\/div>\n<\/p><\/div>\n<div class=\"fl-module fl-module-heading fl-node-65e6cbd3e228b\" data-animation-delay=\"0.0\" data-node=\"65e6cbd3e228b\">\n<div class=\"fl-module-content fl-node-content\">\n<h3 class=\"fl-heading\">  LED Epitaxy Susceptor  <\/h3>\n<\/p><\/div>\n<\/p><\/div>\n<\/p><\/div>\n<\/p><\/div>\n<\/p><\/div>\n<\/p><\/div>\n<\/p><\/div>\n<\/p><\/div>\n<div class=\"fl-row fl-row-full-width fl-row-bg-none fl-node-65e6dcaef3779\" data-node=\"65e6dcaef3779\">\n<div class=\"fl-row-content-wrap\">\n<div class=\"fl-row-content fl-row-full-width fl-node-content\">\n<div class=\"fl-col-group fl-node-65e6dcaef3cfe\" data-node=\"65e6dcaef3cfe\">\n<div class=\"fl-col fl-node-65e6dcaef3d40\" data-node=\"65e6dcaef3d40\" style=\"width: 100%;\">\n<div class=\"fl-col-content fl-node-content\">\n<div class=\"fl-module fl-module-rich-text fl-node-65e6dcaef3d80\" data-animation-delay=\"0.0\" data-node=\"65e6dcaef3d80\">\n<div class=\"fl-module-content fl-node-content\">\n<div class=\"fl-rich-text\">\n<p><span style=\"color: #1182cc;\"><strong>Halbleiterfeld, Oxidationsdiffusionsprozess<span style=\"font-family: Calibri;\">, Usw.<\/span><\/strong><\/span><\/p>\n<p>Im Halbleiterprozess erfordert das Oxidationserweiterungsprozess eine hohe Produktreinheit, und bei Semicera bieten wir f\u00fcr die Mehrheit der Silizium -Carbid -Teile kundenspezifische und CVD -Beschichtungsdienste an.<\/p>\n<p>Das folgende Bild zeigt die rau verarbeitete Siliziumkarbidaufschl\u00e4mmung von Semicea und das in den 100 gereinigte Silizium-Carbid-Ofenrohr<span style=\"font-family: Calibri;\">0<\/span>-Ebene <span style=\"font-family: Calibri;\">staubfrei<\/span>&nbsp;Zimmer. Unsere Arbeiter arbeiten vor dem Beschichten. Die Reinheit unseres Siliziumkarbids kann 99,99% erreichen, und die Reinheit der sic -Beschichtung ist gr\u00f6\u00dfer als 99,99995%<span style=\"font-family: Calibri;\">.<\/span><\/p>\n<p>&nbsp;<\/p>\n<p><script src=\"chrome-extension:\/\/lkacpincnpeaopanmojlgibodfibghjc\/scripts\/xiaomanBaseInject.js\" type=\"text\/javascript\"><\/script><\/p>\n<\/p><\/div>\n<\/p><\/div>\n<\/p><\/div>\n<\/p><\/div>\n<\/p><\/div>\n<\/p><\/div>\n<\/p><\/div>\n<\/p><\/div>\n<\/p><\/div>\n<div class=\"fl-row fl-row-full-width fl-row-bg-none fl-node-65e6ee14ef4bd\" data-node=\"65e6ee14ef4bd\">\n<div class=\"fl-row-content-wrap\">\n<div class=\"fl-row-content fl-row-full-width fl-node-content\">\n<div class=\"fl-col-group fl-node-65e6ee15088e0\" data-node=\"65e6ee15088e0\">\n<div class=\"fl-col fl-node-65e6ee1991a23\" data-node=\"65e6ee1991a23\" style=\"width: 53.11%;\">\n<div class=\"fl-col-content fl-node-content\">\n<div class=\"fl-module fl-module-photo fl-node-65e6ec0096cd6\" data-animation-delay=\"0.0\" data-node=\"65e6ec0096cd6\">\n<div class=\"fl-module-content fl-node-content\">\n<div class=\"fl-photo fl-photo-align-center\" itemscope=\"\" itemtype=\"http:\/\/schema.org\/ImageObject\">\n<div class=\"fl-photo-content fl-photo-img-jpg\"> <img decoding=\"async\" alt=\"Silizium -Carbid -Halbmittelprodukt vor dem Beschichten -2\" class=\"fl-photo-img wp-image-6887\" itemprop=\"image\" src=\"\/wp-content\/uploads\/2025\/09\/fb066f9872c2ddef.webp\"> <\/div>\n<\/p><\/div>\n<\/p><\/div>\n<\/p><\/div>\n<div class=\"fl-module fl-module-heading fl-node-65e6ec46c36b4\" data-animation-delay=\"0.0\" data-node=\"65e6ec46c36b4\">\n<div class=\"fl-module-content fl-node-content\">\n<h3 class=\"fl-heading\"> <span class=\"fl-heading-text\">Roh -Silizium -Carbid -Paddel und SIC -Prozessrohr beim Spalten<\/span> <\/h3>\n<\/p><\/div>\n<\/p><\/div>\n<\/p><\/div>\n<\/p><\/div>\n<div class=\"fl-col fl-node-65e6ee1508c9d fl-col-small\" data-node=\"65e6ee1508c9d\" style=\"width: 46.89%;\">\n<div class=\"fl-col-content fl-node-content\">\n<div class=\"fl-module fl-module-photo fl-node-65e6edda337b4\" data-animation-delay=\"0.0\" data-node=\"65e6edda337b4\">\n<div class=\"fl-module-content fl-node-content\">\n<div class=\"fl-photo fl-photo-align-center\" itemscope=\"\" itemtype=\"http:\/\/schema.org\/ImageObject\">\n<div class=\"fl-photo-content fl-photo-img-jpg\"> <img decoding=\"async\" alt=\"Sic tohr\" class=\"fl-photo-img wp-image-6888\" itemprop=\"image\" src=\"\/wp-content\/uploads\/2025\/09\/87d8ebf944de0452.webp\"> <\/div>\n<\/p><\/div>\n<\/p><\/div>\n<\/p><\/div>\n<div class=\"fl-module fl-module-heading fl-node-65e6ee3ed6c11\" data-animation-delay=\"0.0\" data-node=\"65e6ee3ed6c11\">\n<div class=\"fl-module-content fl-node-content\">\n<h3 class=\"fl-heading\"> <span class=\"fl-heading-text\">Siliziumkarbid -Waferboot CVD sic beschichtet<\/span> <\/h3>\n<\/p><\/div>\n<\/p><\/div>\n<\/p><\/div>\n<\/p><\/div>\n<\/p><\/div>\n<\/p><\/div>\n<\/p><\/div>\n<\/p><\/div>\n<div class=\"fl-row fl-row-full-width fl-row-bg-none fl-node-65e6cbb43acec\" data-node=\"65e6cbb43acec\">\n<div class=\"fl-row-content-wrap\">\n<div class=\"fl-row-content fl-row-full-width fl-node-content\">\n<div class=\"fl-col-group fl-node-65e6cbb442cdb\" data-node=\"65e6cbb442cdb\">\n<div class=\"fl-col fl-node-65e6cbb443031\" data-node=\"65e6cbb443031\" style=\"width: 100%;\">\n<div class=\"fl-col-content fl-node-content\">\n<div class=\"fl-module fl-module-icon fl-node-65e6cbacc16a4\" data-animation-delay=\"0.0\" data-node=\"65e6cbacc16a4\">\n<div class=\"fl-module-content fl-node-content\">\n<div class=\"fl-icon-wrap\"> <span class=\"fl-icon\"> <i class=\"fa fa-align-justify\"><\/i> <\/span> <\/p>\n<div class=\"fl-icon-text\">\n<p style=\"text-align: left;\"><span style=\"color: #1182cc;\"><b>Daten von CVD SIC Performace von Semi-CERA.<\/b><\/span><\/p>\n<p> <script src=\"chrome-extension:\/\/lkacpincnpeaopanmojlgibodfibghjc\/scripts\/xiaomanBaseInject.js\" type=\"text\/javascript\"><\/script> <\/div>\n<\/p><\/div>\n<\/p><\/div>\n<\/p><\/div>\n<div class=\"fl-module fl-module-separator fl-node-65e6cbafb7bfc\" data-animation-delay=\"0.0\" data-node=\"65e6cbafb7bfc\">\n<div class=\"fl-module-content fl-node-content\">\n<div class=\"fl-separator\"><\/div>\n<\/p><\/div>\n<\/p><\/div>\n<div class=\"fl-module fl-module-photo fl-node-65e6f060a95ff\" data-animation-delay=\"0.0\" data-node=\"65e6f060a95ff\">\n<div class=\"fl-module-content fl-node-content\">\n<div class=\"fl-photo fl-photo-align-center\" itemscope=\"\" itemtype=\"http:\/\/schema.org\/ImageObject\">\n<div class=\"fl-photo-content fl-photo-img-jpg\"> <img decoding=\"async\" alt=\"Semi-CERA-CVD-SIC-Beschichtungsdaten\" class=\"fl-photo-img wp-image-7935\" itemprop=\"image\" src=\"\/wp-content\/uploads\/2025\/09\/ed39460c6d9404c6.webp\"> <\/div>\n<\/p><\/div>\n<\/p><\/div>\n<\/p><\/div>\n<div class=\"fl-module fl-module-photo fl-node-65e846bda9add\" data-animation-delay=\"0.0\" data-node=\"65e846bda9add\">\n<div class=\"fl-module-content fl-node-content\">\n<div class=\"fl-photo fl-photo-align-center\" itemscope=\"\" itemtype=\"http:\/\/schema.org\/ImageObject\">\n<div class=\"fl-photo-content fl-photo-img-jpg\"> <img decoding=\"async\" alt=\"Reinheit von sic\" class=\"fl-photo-img wp-image-7936\" itemprop=\"image\" src=\"\/wp-content\/uploads\/2025\/09\/e1b79a8f21d26e4e.webp\"> <\/div>\n<\/p><\/div>\n<\/p><\/div>\n<\/p><\/div>\n<\/p><\/div>\n<\/p><\/div>\n<\/p><\/div>\n<\/p><\/div>\n<\/p><\/div>\n<\/p><\/div>\n<div class=\"fl-row fl-row-full-width fl-row-bg-none fl-node-65e81b2ced6f1\" data-node=\"65e81b2ced6f1\">\n<div class=\"fl-row-content-wrap\">\n<div class=\"fl-row-content fl-row-full-width fl-node-content\">\n<div class=\"fl-col-group fl-node-65e81b2d00650\" data-node=\"65e81b2d00650\">\n<div class=\"fl-col fl-node-65e81b2d00954\" data-node=\"65e81b2d00954\" style=\"width: 100%;\">\n<div class=\"fl-col-content fl-node-content\">\n<div class=\"fl-module fl-module-photo fl-node-65e836da77f23\" data-animation-delay=\"0.0\" data-node=\"65e836da77f23\">\n<div class=\"fl-module-content fl-node-content\">\n<div class=\"fl-photo fl-photo-align-center\" itemscope=\"\" itemtype=\"http:\/\/schema.org\/ImageObject\">\n<div class=\"fl-photo-content fl-photo-img-jpg\"> <img decoding=\"async\" alt=\"SEMICERA -Arbeitsplatz\" class=\"fl-photo-img wp-image-6907\" itemprop=\"image\" src=\"\/wp-content\/uploads\/2025\/09\/a06702dd6fb7929d.webp\"> <\/div>\n<\/p><\/div>\n<\/p><\/div>\n<\/p><\/div>\n<div class=\"fl-module fl-module-photo fl-node-65e836f4eae9a\" data-animation-delay=\"0.0\" data-node=\"65e836f4eae9a\">\n<div class=\"fl-module-content fl-node-content\">\n<div class=\"fl-photo fl-photo-align-center\" itemscope=\"\" itemtype=\"http:\/\/schema.org\/ImageObject\">\n<div class=\"fl-photo-content fl-photo-img-jpg\"> <img decoding=\"async\" alt=\"Semizelle Arbeitsplatz 2\" class=\"fl-photo-img wp-image-6908\" itemprop=\"image\" src=\"\/wp-content\/uploads\/2025\/09\/53e1b77ee8000be6.webp\"> <\/div>\n<\/p><\/div>\n<\/p><\/div>\n<\/p><\/div>\n<div class=\"fl-module fl-module-photo fl-node-65e836c16f63f\" data-animation-delay=\"0.0\" data-node=\"65e836c16f63f\">\n<div class=\"fl-module-content fl-node-content\">\n<div class=\"fl-photo fl-photo-align-center\" itemscope=\"\" itemtype=\"http:\/\/schema.org\/ImageObject\">\n<div class=\"fl-photo-content fl-photo-img-jpg\"> <img decoding=\"async\" alt=\"Semizera Ware House\" class=\"fl-photo-img wp-image-6906\" itemprop=\"image\" src=\"\/wp-content\/uploads\/2025\/09\/4608428f797801ae.webp\"> <\/div>\n<\/p><\/div>\n<\/p><\/div>\n<\/p><\/div>\n<\/p><\/div>\n<\/p><\/div>\n<\/p><\/div>\n<div class=\"fl-col-group fl-node-65e8380e60c15\" data-node=\"65e8380e60c15\">\n<div class=\"fl-col fl-node-65e8380e610da\" data-node=\"65e8380e610da\" style=\"width: 100%;\">\n<div class=\"fl-col-content fl-node-content\">\n<div class=\"fl-module fl-module-photo fl-node-65e8380e608b5\" data-animation-delay=\"0.0\" data-node=\"65e8380e608b5\">\n<div class=\"fl-module-content fl-node-content\">\n<div class=\"fl-photo fl-photo-align-center\" itemscope=\"\" itemtype=\"http:\/\/schema.org\/ImageObject\">\n<div class=\"fl-photo-content fl-photo-img-jpg\"> <img decoding=\"async\" alt=\"Ausr\u00fcstungsmaschine\" class=\"fl-photo-img wp-image-6909\" itemprop=\"image\" src=\"\/wp-content\/uploads\/2025\/09\/fe4e4d07ffbc1d0b.webp\"> <\/div>\n<\/p><\/div>\n<\/p><\/div>\n<\/p><\/div>\n<div class=\"fl-module fl-module-photo fl-node-65e8383a1d9b6\" data-animation-delay=\"0.0\" data-node=\"65e8383a1d9b6\">\n<div class=\"fl-module-content fl-node-content\">\n<div class=\"fl-photo fl-photo-align-center\" itemscope=\"\" itemtype=\"http:\/\/schema.org\/ImageObject\">\n<div class=\"fl-photo-content fl-photo-img-jpg\"> <img decoding=\"async\" alt=\"CNN -Verarbeitung, chemische Reinigung, CVD -Beschichtung\" class=\"fl-photo-img wp-image-6910\" itemprop=\"image\" src=\"\/wp-content\/uploads\/2025\/09\/bebab09fd7440fe1.webp\"> <\/div>\n<\/p><\/div>\n<\/p><\/div>\n<\/p><\/div>\n<div class=\"fl-module fl-module-photo fl-node-65e83ea315303\" data-animation-delay=\"0.0\" data-node=\"65e83ea315303\">\n<div class=\"fl-module-content fl-node-content\">\n<div class=\"fl-photo fl-photo-align-center\" itemscope=\"\" itemtype=\"http:\/\/schema.org\/ImageObject\">\n<div class=\"fl-photo-content fl-photo-img-jpg\"> <img decoding=\"async\" alt=\"Unser Service\" class=\"fl-photo-img wp-image-6913\" itemprop=\"image\" src=\"\/wp-content\/uploads\/2025\/09\/d604c0eb39f22c6d.webp\"> <\/div>\n<\/p><\/div>\n<\/p><\/div>\n<\/p><\/div>\n<\/p><\/div>\n<\/p><\/div>\n<\/p><\/div>\n<\/p><\/div>\n<\/p><\/div>\n<\/p><\/div>\n<\/div>","protected":false},"excerpt":{"rendered":"<p><?xml encoding=\"utf-8\" ?><\/p>\n<p>Semicera is a high-tech enterprise engaged in material research for many years, with a leading R&amp;D team and integrated R&amp;D and manufacturing. Provide customized&nbsp;&nbsp;Silicon Carbide Coated Epitaxial Reactor Barrelto discuss with our technical experts how to get the best performance and market advantage for your products.<\/p>","protected":false},"featured_media":1049,"comment_status":"closed","ping_status":"open","template":"","meta":[],"product_brand":[],"product_cat":[23,21],"product_tag":[],"class_list":{"0":"post-2017","1":"product","2":"type-product","3":"status-publish","4":"has-post-thumbnail","6":"product_cat-lsotropic-graphite","7":"product_cat-specialty-graphite","9":"first","10":"instock","11":"product-type-simple"},"_links":{"self":[{"href":"https:\/\/www.cn-semiconductorparts.com\/de\/wp-json\/wp\/v2\/product\/2017","targetHints":{"allow":["GET"]}}],"collection":[{"href":"https:\/\/www.cn-semiconductorparts.com\/de\/wp-json\/wp\/v2\/product"}],"about":[{"href":"https:\/\/www.cn-semiconductorparts.com\/de\/wp-json\/wp\/v2\/types\/product"}],"replies":[{"embeddable":true,"href":"https:\/\/www.cn-semiconductorparts.com\/de\/wp-json\/wp\/v2\/comments?post=2017"}],"wp:featuredmedia":[{"embeddable":true,"href":"https:\/\/www.cn-semiconductorparts.com\/de\/wp-json\/wp\/v2\/media\/1049"}],"wp:attachment":[{"href":"https:\/\/www.cn-semiconductorparts.com\/de\/wp-json\/wp\/v2\/media?parent=2017"}],"wp:term":[{"taxonomy":"product_brand","embeddable":true,"href":"https:\/\/www.cn-semiconductorparts.com\/de\/wp-json\/wp\/v2\/product_brand?post=2017"},{"taxonomy":"product_cat","embeddable":true,"href":"https:\/\/www.cn-semiconductorparts.com\/de\/wp-json\/wp\/v2\/product_cat?post=2017"},{"taxonomy":"product_tag","embeddable":true,"href":"https:\/\/www.cn-semiconductorparts.com\/de\/wp-json\/wp\/v2\/product_tag?post=2017"}],"curies":[{"name":"wp","href":"https:\/\/api.w.org\/{rel}","templated":true}]}}