{"id":2041,"date":"2025-09-11T05:32:25","date_gmt":"2025-09-11T05:32:25","guid":{"rendered":"https:\/\/weitai2.globaldeepsea.site\/product\/semiceras-siliconized-graphite-mechanical-sealing-rings-reliable-performance-for-demanding-applications\/"},"modified":"2026-04-29T15:29:23","modified_gmt":"2026-04-29T07:29:23","slug":"semiceras-siliconized-graphite-mechanical-sealing-rings-reliable-performance-for-demanding-applications","status":"publish","type":"product","link":"https:\/\/www.cn-semiconductorparts.com\/de\/product\/semiceras-siliconized-graphite-mechanical-sealing-rings-reliable-performance-for-demanding-applications\/","title":{"rendered":"Semicera\u2019s Siliconized Graphite Mechanical Sealing Rings \u2013 Reliable Performance for Demanding Applications"},"content":{"rendered":"<div class=\"fl-builder-content fl-builder-content-5328 fl-builder-content-primary fl-builder-global-templates-locked\" data-post-id=\"5328\">\n<div class=\"fl-row fl-row-full-width fl-row-bg-none fl-node-655f037719174\" data-node=\"655f037719174\">\n<div class=\"fl-row-content-wrap\">\n<div class=\"fl-row-content fl-row-full-width fl-node-content\">\n<div class=\"fl-col-group fl-node-655f0377191b3\" data-node=\"655f0377191b3\">\n<div class=\"fl-col fl-node-655f0377191e3\" data-node=\"655f0377191e3\" style=\"width: 100%;\">\n<div class=\"fl-col-content fl-node-content\">\n<div class=\"fl-module fl-module-rich-text fl-node-655f037719220\" data-animation-delay=\"0.0\" data-node=\"655f037719220\">\n<div class=\"fl-module-content fl-node-content\">\n<div class=\"fl-rich-text\">\n<p align=\"justify\">Siliconized graphite is a composite material in which silicon carbide is attached to the surface of a graphite substrate. It has the characteristics of high hardness, high mechanical strength and wear resistance of silicon carbide, as well as the self-lubricating properties and thermal shock resistance of graphite. It is an ideal friction materials and mechanical seal materials, suitable for mechanical sealing of various water pumps, oil pumps, chemical pumps, and bearings of various high-speed and high-load main pumps. In addition, siliconized graphite has good oxidation resistance, thermal shock resistance, low porosity, and certain electrical conductivity, and can be used as materials such as metal smelting crucibles and draft tubes.<\/p>\n<\/p><\/div>\n<\/p><\/div>\n<\/p><\/div>\n<\/p><\/div>\n<\/p><\/div>\n<\/p><\/div>\n<div class=\"fl-col-group fl-node-655f037719314\" data-node=\"655f037719314\">\n<div class=\"fl-col fl-node-655f037719351\" data-node=\"655f037719351\" style=\"width: 100%;\">\n<div class=\"fl-col-content fl-node-content\">\n<div class=\"fl-module fl-module-gallery fl-node-655f03771938e\" data-animation-delay=\"0.0\" data-node=\"655f03771938e\">\n<div class=\"fl-module-content fl-node-content\">\n<div class=\"fl-mosaicflow\">\n<div class=\"fl-mosaicflow-content\">\n<div class=\"fl-mosaicflow-item\">\n<div class=\"fl-photo fl-photo-align-center\" itemscope=\"\" itemtype=\"http:\/\/schema.org\/ImageObject\">\n<div class=\"fl-photo-content fl-photo-img-png\"> <a href=\"\/de\/uploads\/Siliconized-Graphite-6.webp\/\" itemprop=\"url\" target=\"_self\"> <img decoding=\"async\" alt=\"Siliconized Graphite (6)\" class=\"fl-photo-img wp-image-5332\" itemprop=\"image\" src=\"\/wp-content\/uploads\/2025\/09\/4530da8eb70a3eea.webp\"> <\/img><\/a> <\/div>\n<\/p><\/div>\n<\/p><\/div>\n<div class=\"fl-mosaicflow-item\">\n<div class=\"fl-photo fl-photo-align-center\" itemscope=\"\" itemtype=\"http:\/\/schema.org\/ImageObject\">\n<div class=\"fl-photo-content fl-photo-img-png\"> <a href=\"\/de\/uploads\/Siliconized-Graphite-8.webp\/\" itemprop=\"url\" target=\"_self\"> <img decoding=\"async\" alt=\"Siliconized Graphite (8)\" class=\"fl-photo-img wp-image-5338\" itemprop=\"image\" src=\"\/wp-content\/uploads\/2025\/09\/4e933fc2a340ed7e.webp\"> <\/img><\/a> <\/div>\n<\/p><\/div>\n<\/p><\/div>\n<div class=\"fl-mosaicflow-item\">\n<div class=\"fl-photo fl-photo-align-center\" itemscope=\"\" itemtype=\"http:\/\/schema.org\/ImageObject\">\n<div class=\"fl-photo-content fl-photo-img-png\"> <a href=\"\/de\/uploads\/Siliconized-Graphite-1.webp\/\" itemprop=\"url\" target=\"_self\"> <img decoding=\"async\" alt=\"Siliconized Graphite (1)\" class=\"fl-photo-img wp-image-5337\" itemprop=\"image\" src=\"\/wp-content\/uploads\/2025\/09\/b15b026d2e57e278.webp\"> <\/img><\/a> <\/div>\n<\/p><\/div>\n<\/p><\/div>\n<\/p><\/div>\n<div class=\"fl-clear\"><\/div>\n<\/p><\/div>\n<\/p><\/div>\n<\/p><\/div>\n<\/p><\/div>\n<\/p><\/div>\n<\/p><\/div>\n<div class=\"fl-col-group fl-node-655f03771925d\" data-node=\"655f03771925d\">\n<div class=\"fl-col fl-node-655f03771929a\" data-node=\"655f03771929a\" style=\"width: 100%;\">\n<div class=\"fl-col-content fl-node-content\">\n<div class=\"fl-module fl-module-rich-text fl-node-655f0377192d7\" data-animation-delay=\"0.0\" data-node=\"655f0377192d7\">\n<div class=\"fl-module-content fl-node-content\">\n<div class=\"fl-rich-text\">\n<p align=\"justify\">The composition of siliconized\u00a0<span style=\"font-family: \u5fae\u8f6f\u96c5\u9ed1;\">graphite is uniform, the surface is consistent with the inside, and the composition ratio of silicon carbide and graphite is adjustable. The higher the content of silicon carbide, the greater the density of the material, the higher the compressive strength, and the resistivity increases.<\/span><\/p>\n<p align=\"justify\"><a href=\"\/\/cdn.globalso.com\/semi-cera\/15a6ba393.webp\"><img decoding=\"async\" alt=\"\u56fe\u72471\" class=\"size-full wp-image-5336 aligncenter\" src=\"\/wp-content\/uploads\/2025\/09\/88ea4ea07a02b95e.webp\"\/><\/a><\/p>\n<p align=\"justify\" style=\"text-align: center;\">Metallographic picture of siliconized\u00a0<span style=\"font-family: \u5fae\u8f6f\u96c5\u9ed1;\">graphite<\/span><\/p>\n<p align=\"justify\" style=\"text-align: center;\">(the black part is graphite, the gray part is silicon carbide, and the white part is silicon)<\/p>\n<\/p><\/div>\n<\/p><\/div>\n<\/p><\/div>\n<\/p><\/div>\n<\/p><\/div>\n<\/p><\/div>\n<div class=\"fl-col-group fl-node-655f0377193cb\" data-node=\"655f0377193cb\">\n<div class=\"fl-col fl-node-655f037719408\" data-node=\"655f037719408\" style=\"width: 100%;\">\n<div class=\"fl-col-content fl-node-content\">\n<div class=\"fl-module fl-module-rich-text fl-node-655f037719444\" data-animation-delay=\"0.0\" data-node=\"655f037719444\">\n<div class=\"fl-module-content fl-node-content\">\n<div class=\"fl-rich-text\">\n<table border=\"0\" cellspacing=\"0\">\n<tbody>\n<tr>\n<td colspan=\"2\" valign=\"center\" width=\"592\">\n<p align=\"center\"><b><span style=\"font-family: \u5fae\u8f6f\u96c5\u9ed1;\">\u7845\u5316\u77f3\u58a8\u4e3b\u8981\u6280\u672f\u6307\u6807<\/span> <\/b><b><br \/><\/b><b>Main parameters of Siliconized graphite<\/b><b><\/b><\/p>\n<\/td>\n<\/tr>\n<tr>\n<td valign=\"center\" width=\"305\">\n<p><span style=\"font-family: \u5fae\u8f6f\u96c5\u9ed1;\">\u7c7b\u522b<\/span> <span style=\"font-family: \u5fae\u8f6f\u96c5\u9ed1;\">Artikel<\/span><\/p>\n<\/td>\n<td valign=\"center\" width=\"287\">\n<p><span style=\"font-family: \u5fae\u8f6f\u96c5\u9ed1;\">\u6307\u6807<\/span> <span style=\"font-family: \u5fae\u8f6f\u96c5\u9ed1;\">Wert<\/span><\/p>\n<\/td>\n<\/tr>\n<tr>\n<td valign=\"center\" width=\"305\">\n<p><span style=\"font-family: \u5fae\u8f6f\u96c5\u9ed1;\">\u5bc6\u5ea6<\/span> <span style=\"font-family: \u5fae\u8f6f\u96c5\u9ed1;\">Dichte<\/span><\/p>\n<\/td>\n<td valign=\"center\" width=\"287\">\n<p>2.4-2.9g\/cm\u00b3<\/p>\n<\/td>\n<\/tr>\n<tr>\n<td valign=\"center\" width=\"305\">\n<p><span style=\"font-family: \u5fae\u8f6f\u96c5\u9ed1;\">\u5b54\u9699\u7387<\/span> <span style=\"font-family: \u5fae\u8f6f\u96c5\u9ed1;\">Porosity<\/span><\/p>\n<\/td>\n<td valign=\"center\" width=\"287\">\n<p>&lt;0.5%<\/p>\n<\/td>\n<\/tr>\n<tr>\n<td valign=\"center\" width=\"305\">\n<p><span style=\"font-family: \u5fae\u8f6f\u96c5\u9ed1;\">Druckfestigkeit<\/span><span style=\"font-family: \u5fae\u8f6f\u96c5\u9ed1;\">Druckfestigkeit<\/span><\/p>\n<\/td>\n<td valign=\"center\" width=\"287\">\n<p>&gt;400MPa<\/p>\n<\/td>\n<\/tr>\n<tr>\n<td valign=\"center\" width=\"305\">\n<p><span style=\"font-family: \u5fae\u8f6f\u96c5\u9ed1;\">\u6297\u6298\u5f3a\u5ea6<\/span> <span style=\"font-family: \u5fae\u8f6f\u96c5\u9ed1;\">Flexural strength<\/span><\/p>\n<p>Flexural strength<\/p>\n<\/td>\n<td valign=\"center\" width=\"287\">\n<p>&gt;120MPa<\/p>\n<\/td>\n<\/tr>\n<tr>\n<td valign=\"center\" width=\"305\">\n<p><span style=\"font-family: \u5fae\u8f6f\u96c5\u9ed1;\">\u70ed\u5bfc\u7387<\/span> <span style=\"font-family: \u5fae\u8f6f\u96c5\u9ed1;\">W\u00e4rmeleitf\u00e4higkeit<\/span><\/p>\n<\/td>\n<td valign=\"center\" width=\"287\">\n<p>120W\/mK<\/p>\n<\/td>\n<\/tr>\n<tr>\n<td valign=\"center\" width=\"305\">\n<p><span style=\"font-family: \u5fae\u8f6f\u96c5\u9ed1;\">W\u00e4rmeleitkoeffizient<\/span><span style=\"font-family: \u5fae\u8f6f\u96c5\u9ed1;\">Thermal expansion coefficient<\/span><\/p>\n<\/td>\n<td valign=\"center\" width=\"287\">\n<p>4.5\u00d710<sup><span style=\"font-family: \u5fae\u8f6f\u96c5\u9ed1;\">-6<\/span><\/sup><\/p>\n<\/td>\n<\/tr>\n<tr>\n<td valign=\"center\" width=\"305\">\n<p><span style=\"font-family: \u5fae\u8f6f\u96c5\u9ed1;\">\u5f39\u6027\u6a21\u91cf<\/span><span style=\"font-family: \u5fae\u8f6f\u96c5\u9ed1;\">Elastic modulus<\/span><\/p>\n<\/td>\n<td valign=\"center\" width=\"287\">\n<p>120GPa<\/p>\n<\/td>\n<\/tr>\n<tr>\n<td valign=\"center\" width=\"305\">\n<p><span style=\"font-family: \u5fae\u8f6f\u96c5\u9ed1;\">\u51b2\u51fb\u5f3a\u5ea6<\/span><span style=\"font-family: \u5fae\u8f6f\u96c5\u9ed1;\">Schlagkraft<\/span><\/p>\n<\/td>\n<td valign=\"center\" width=\"287\">\n<p>1.9KJ\/m\u00b2<\/p>\n<\/td>\n<\/tr>\n<tr>\n<td valign=\"center\" width=\"305\">\n<p>\u6c34\u6da6\u6ed1\u6469\u64e6\u7cfb\u6570\u00a0Water lubricated friction<\/p>\n<\/td>\n<td valign=\"center\" width=\"287\">\n<p>0.005<\/p>\n<\/td>\n<\/tr>\n<tr>\n<td valign=\"center\" width=\"305\">\n<p><span style=\"font-family: \u5fae\u8f6f\u96c5\u9ed1;\">\u5e72\u6469\u64e6\u7cfb\u6570<\/span><span style=\"font-family: \u5fae\u8f6f\u96c5\u9ed1;\">Dry friction coefficient<\/span><\/p>\n<\/td>\n<td valign=\"center\" width=\"287\">\n<p>0.05<\/p>\n<\/td>\n<\/tr>\n<tr>\n<td valign=\"center\" width=\"305\">\n<p>\u5316\u5b66\u7a33\u5b9a\u6027<\/p>\n<p>Chemische Stabilit\u00e4t<\/p>\n<\/td>\n<td valign=\"center\" width=\"287\">\n<p><span style=\"font-family: \u5fae\u8f6f\u96c5\u9ed1;\">\u5404\u79cd\u76d0\uff0c\u6709\u673a\u6eb6\u5242\uff0c\u5f3a\u9178<\/span><span style=\"font-family: \u5fae\u8f6f\u96c5\u9ed1;\">(HF,HCl,H<\/span>\u2082SO<sub><span style=\"font-family: \u5fae\u8f6f\u96c5\u9ed1;\">4<\/span><\/sub>,HNO\u2083)<\/p>\n<p>Various salts, organic solvents,<\/p>\n<p>strong acids (HF,HCl,H\u2082SO<sub><span style=\"font-family: \u5fae\u8f6f\u96c5\u9ed1;\">4<\/span><\/sub>,HNO\u2083)<\/p>\n<\/td>\n<\/tr>\n<tr>\n<td valign=\"center\" width=\"305\">\n<p>\u957f\u671f\u7a33\u5b9a\u4f7f\u7528\u6e29\u5ea6<\/p>\n<p>Long-term stable use temperature<\/p>\n<\/td>\n<td valign=\"center\" width=\"287\">\n<p>800\u2103(\u6c27\u5316\u6c14\u6c1b), 2300\u2103(\u60f0\u6027\u6216\u771f\u7a7a\u6c14\u6c1b)<\/p>\n<p>800\u2103(oxidizing atmosphere),<\/p>\n<p>2300\u2103(inert or vacuum atmosphere)<b><\/b><\/p>\n<\/td>\n<\/tr>\n<tr>\n<td valign=\"center\" width=\"305\">\n<p><span style=\"font-family: \u5fae\u8f6f\u96c5\u9ed1;\">\u7535\u963b\u7387<\/span> <span style=\"font-family: \u5fae\u8f6f\u96c5\u9ed1;\">Electrical resistivity<\/span><\/p>\n<\/td>\n<td valign=\"center\" width=\"287\">\n<p>120\u00d710<sup><span style=\"font-family: \u5fae\u8f6f\u96c5\u9ed1;\">-6<\/span><\/sup>\u03a9m<\/p>\n<\/td>\n<\/tr>\n<\/tbody>\n<\/table><\/div>\n<\/p><\/div>\n<\/p><\/div>\n<\/p><\/div>\n<\/p><\/div>\n<\/p><\/div>\n<div class=\"fl-col-group fl-node-661773685d618\" data-node=\"661773685d618\">\n<div class=\"fl-col fl-node-661773685d8ea\" data-node=\"661773685d8ea\" style=\"width: 100%;\">\n<div class=\"fl-col-content fl-node-content\">\n<div class=\"fl-module fl-module-photo fl-node-661773685d3be\" data-animation-delay=\"0.0\" data-node=\"661773685d3be\">\n<div class=\"fl-module-content fl-node-content\">\n<div class=\"fl-photo fl-photo-align-center\" itemscope=\"\" itemtype=\"http:\/\/schema.org\/ImageObject\">\n<div class=\"fl-photo-content fl-photo-img-jpg\"> <img decoding=\"async\" alt=\"SEMICERA -Arbeitsplatz\" class=\"fl-photo-img wp-image-7286\" itemprop=\"image\" src=\"\/wp-content\/uploads\/2025\/09\/b1dd0bcab1675ff4.webp\"> <\/img><\/div>\n<\/p><\/div>\n<\/p><\/div>\n<\/p><\/div>\n<div class=\"fl-module fl-module-photo fl-node-66177373511ef\" data-animation-delay=\"0.0\" data-node=\"66177373511ef\">\n<div class=\"fl-module-content fl-node-content\">\n<div class=\"fl-photo fl-photo-align-center\" itemscope=\"\" itemtype=\"http:\/\/schema.org\/ImageObject\">\n<div class=\"fl-photo-content fl-photo-img-jpg\"> <img decoding=\"async\" alt=\"Semizelle Arbeitsplatz 2\" class=\"fl-photo-img wp-image-7287\" itemprop=\"image\" src=\"\/wp-content\/uploads\/2025\/09\/2b946d2b4b61306d.webp\"> <\/img><\/div>\n<\/p><\/div>\n<\/p><\/div>\n<\/p><\/div>\n<div class=\"fl-module fl-module-photo fl-node-661773728b194\" data-animation-delay=\"0.0\" data-node=\"661773728b194\">\n<div class=\"fl-module-content fl-node-content\">\n<div class=\"fl-photo fl-photo-align-center\" itemscope=\"\" itemtype=\"http:\/\/schema.org\/ImageObject\">\n<div class=\"fl-photo-content fl-photo-img-jpg\"> <img decoding=\"async\" alt=\"Ausr\u00fcstungsmaschine\" class=\"fl-photo-img wp-image-7288\" itemprop=\"image\" src=\"\/wp-content\/uploads\/2025\/09\/081b6529d68ead23.webp\"> <\/img><\/div>\n<\/p><\/div>\n<\/p><\/div>\n<\/p><\/div>\n<div class=\"fl-module fl-module-photo fl-node-66177371b4743\" data-animation-delay=\"0.0\" data-node=\"66177371b4743\">\n<div class=\"fl-module-content fl-node-content\">\n<div class=\"fl-photo fl-photo-align-center\" itemscope=\"\" itemtype=\"http:\/\/schema.org\/ImageObject\">\n<div class=\"fl-photo-content fl-photo-img-jpg\"> <img decoding=\"async\" alt=\"CNN -Verarbeitung, chemische Reinigung, CVD -Beschichtung\" class=\"fl-photo-img wp-image-7289\" itemprop=\"image\" src=\"\/wp-content\/uploads\/2025\/09\/a4132b2b399abbac.webp\"> <\/img><\/div>\n<\/p><\/div>\n<\/p><\/div>\n<\/p><\/div>\n<div class=\"fl-module fl-module-photo fl-node-66177370e9aa6\" data-animation-delay=\"0.0\" data-node=\"66177370e9aa6\">\n<div class=\"fl-module-content fl-node-content\">\n<div class=\"fl-photo fl-photo-align-center\" itemscope=\"\" itemtype=\"http:\/\/schema.org\/ImageObject\">\n<div class=\"fl-photo-content fl-photo-img-jpg\"> <img decoding=\"async\" alt=\"Unser Service\" class=\"fl-photo-img wp-image-7290\" itemprop=\"image\" src=\"\/wp-content\/uploads\/2025\/09\/b07f222c0ec0ab8d.webp\"\/> <\/div>\n<\/p><\/div>\n<\/p><\/div>\n<\/p><\/div>\n<\/p><\/div>\n<\/p><\/div>\n<\/p><\/div>\n<\/p><\/div>\n<\/p><\/div>\n<\/p><\/div>\n<\/div>","protected":false},"excerpt":{"rendered":"<p>Erforschen Sie die silikonisierten Graphit -Versiegelungsringe von Semicera, die f\u00fcr zuverl\u00e4ssige Leistung in anspruchsvollen Anwendungen entwickelt wurden. Mit ihrer au\u00dfergew\u00f6hnlichen Verschlei\u00dffestigkeit, ihrer hohen thermischen Leitf\u00e4higkeit und einer hervorragenden chemischen Stabilit\u00e4t sorgen unsere Produkte f\u00fcr eine optimale Versiegelung und eine verl\u00e4ngerte Lebensdauer in herausfordernden Umgebungen.<\/p>","protected":false},"featured_media":978,"comment_status":"closed","ping_status":"open","template":"","meta":[],"product_brand":[],"product_cat":[37],"product_tag":[],"class_list":{"0":"post-2041","1":"product","2":"type-product","3":"status-publish","4":"has-post-thumbnail","6":"product_cat-cvd-tac-coating","8":"first","9":"instock","10":"product-type-simple"},"_links":{"self":[{"href":"https:\/\/www.cn-semiconductorparts.com\/de\/wp-json\/wp\/v2\/product\/2041","targetHints":{"allow":["GET"]}}],"collection":[{"href":"https:\/\/www.cn-semiconductorparts.com\/de\/wp-json\/wp\/v2\/product"}],"about":[{"href":"https:\/\/www.cn-semiconductorparts.com\/de\/wp-json\/wp\/v2\/types\/product"}],"replies":[{"embeddable":true,"href":"https:\/\/www.cn-semiconductorparts.com\/de\/wp-json\/wp\/v2\/comments?post=2041"}],"wp:featuredmedia":[{"embeddable":true,"href":"https:\/\/www.cn-semiconductorparts.com\/de\/wp-json\/wp\/v2\/media\/978"}],"wp:attachment":[{"href":"https:\/\/www.cn-semiconductorparts.com\/de\/wp-json\/wp\/v2\/media?parent=2041"}],"wp:term":[{"taxonomy":"product_brand","embeddable":true,"href":"https:\/\/www.cn-semiconductorparts.com\/de\/wp-json\/wp\/v2\/product_brand?post=2041"},{"taxonomy":"product_cat","embeddable":true,"href":"https:\/\/www.cn-semiconductorparts.com\/de\/wp-json\/wp\/v2\/product_cat?post=2041"},{"taxonomy":"product_tag","embeddable":true,"href":"https:\/\/www.cn-semiconductorparts.com\/de\/wp-json\/wp\/v2\/product_tag?post=2041"}],"curies":[{"name":"wp","href":"https:\/\/api.w.org\/{rel}","templated":true}]}}