{"id":2081,"date":"2025-09-11T05:32:39","date_gmt":"2025-09-11T05:32:39","guid":{"rendered":"https:\/\/weitai2.globaldeepsea.site\/product\/customizable-silicon-carbide-boat-semiconductor-photovoltaic-materials\/"},"modified":"2026-04-29T15:29:06","modified_gmt":"2026-04-29T07:29:06","slug":"customizable-silicon-carbide-boat-semiconductor-photovoltaic-materials","status":"publish","type":"product","link":"https:\/\/www.cn-semiconductorparts.com\/de\/product\/customizable-silicon-carbide-boat-semiconductor-photovoltaic-materials\/","title":{"rendered":"Anpassbare Silizium -Carbidboot -Halbleiter Photovoltaikmaterialien"},"content":{"rendered":"<div class=\"fl-builder-content fl-builder-content-4505 fl-builder-content-primary fl-builder-global-templates-locked\" data-post-id=\"4505\">\n<div class=\"fl-row fl-row-full-width fl-row-bg-none fl-node-665d2e2726b46\" data-node=\"665d2e2726b46\">\n<div class=\"fl-row-content-wrap\">\n<div class=\"fl-row-content fl-row-full-width fl-node-content\">\n<div class=\"fl-col-group fl-node-665d2e2726c19\" data-node=\"665d2e2726c19\">\n<div class=\"fl-col fl-node-665d2e2726c5e\" data-node=\"665d2e2726c5e\" style=\"width: 100%;\">\n<div class=\"fl-col-content fl-node-content\">\n<div class=\"fl-module fl-module-rich-text fl-node-665d2e2726ca3\" data-animation-delay=\"0.0\" data-node=\"665d2e2726ca3\">\n<div class=\"fl-module-content fl-node-content\">\n<div class=\"fl-rich-text\">\n<p>Siliziumkarbid ist eine neue Art von Keramik mit hoher Kostenleistung und hervorragenden Materialeigenschaften. Aufgrund von Merkmalen wie hoher Festigkeit und H\u00e4rte, hoher Temperaturbest\u00e4ndigkeit, gro\u00dfer thermischer Leitf\u00e4higkeit und chemischer Korrosionsbest\u00e4ndigkeit kann Siliziumcarbid fast dem gesamten chemischen Medium standhalten. Daher werden SIC in \u00d6labbau, Chemikalie, Maschinen und Luftraum, sogar Kernenergie und das Milit\u00e4r ihre besonderen Anforderungen an SIC, h\u00e4ufig eingesetzt. Einige normale Anwendungen, die wir anbieten k\u00f6nnen, sind Dichtungsringe f\u00fcr Pumpe, Ventil und Schutzpanzer usw.<\/p>\n<p>Wir k\u00f6nnen nach Ihren spezifischen Abmessungen mit guter Qualit\u00e4t und angemessener Zeitzeit entwerfen und herstellen.\u00a0<\/p>\n<\/p><\/div>\n<\/p><\/div>\n<\/p><\/div>\n<\/p><\/div>\n<\/p><\/div>\n<\/p><\/div>\n<div class=\"fl-col-group fl-node-665d2e2726dee\" data-node=\"665d2e2726dee\">\n<div class=\"fl-col fl-node-665d2e2726e31\" data-node=\"665d2e2726e31\" style=\"width: 100%;\">\n<div class=\"fl-col-content fl-node-content\">\n<div class=\"fl-module fl-module-heading fl-node-665d2e2726e74\" data-animation-delay=\"0.0\" data-node=\"665d2e2726e74\">\n<div class=\"fl-module-content fl-node-content\">\n<h3 class=\"fl-heading\"> <span class=\"fl-heading-text\">Technische Parameter:<\/span> <\/h3>\n<\/p><\/div>\n<\/p><\/div>\n<\/p><\/div>\n<\/p><\/div>\n<\/p><\/div>\n<div class=\"fl-col-group fl-node-665d2e2726d26\" data-node=\"665d2e2726d26\">\n<div class=\"fl-col fl-node-665d2e2726d68\" data-node=\"665d2e2726d68\" style=\"width: 100%;\">\n<div class=\"fl-col-content fl-node-content\">\n<div class=\"fl-module fl-module-photo fl-node-665d2e2726dab\" data-animation-delay=\"0.0\" data-node=\"665d2e2726dab\">\n<div class=\"fl-module-content fl-node-content\">\n<div class=\"fl-photo fl-photo-align-center\" itemscope=\"\" itemtype=\"http:\/\/schema.org\/ImageObject\">\n<div class=\"fl-photo-content fl-photo-img-png\"> <img decoding=\"async\" alt=\"Bild 2\" class=\"fl-photo-img wp-image-2332\" itemprop=\"image\" src=\"\/wp-content\/uploads\/2025\/09\/d989e2953820a92d.webp\"> <\/img><\/div>\n<\/p><\/div>\n<\/p><\/div>\n<\/p><\/div>\n<\/p><\/div>\n<\/p><\/div>\n<\/p><\/div>\n<div class=\"fl-col-group fl-node-665d2e2726eba\" data-node=\"665d2e2726eba\">\n<div class=\"fl-col fl-node-665d2e2726eff\" data-node=\"665d2e2726eff\" style=\"width: 100%;\">\n<div class=\"fl-col-content fl-node-content\">\n<div class=\"fl-module fl-module-heading fl-node-665d2e2726bd3\" data-animation-delay=\"0.0\" data-node=\"665d2e2726bd3\">\n<div class=\"fl-module-content fl-node-content\">\n<h3 class=\"fl-heading\"> <span class=\"fl-heading-text\">Material Datenblatt<\/span> <\/h3>\n<\/p><\/div>\n<\/p><\/div>\n<\/p><\/div>\n<\/p><\/div>\n<\/p><\/div>\n<div class=\"fl-col-group fl-node-665d2e2726f45\" data-node=\"665d2e2726f45\">\n<div class=\"fl-col fl-node-665d2e272715f\" data-node=\"665d2e272715f\" style=\"width: 100%;\">\n<div class=\"fl-col-content fl-node-content\">\n<div class=\"fl-module fl-module-rich-text fl-node-665d2e2726b8d\" data-animation-delay=\"0.0\" data-node=\"665d2e2726b8d\">\n<div class=\"fl-module-content fl-node-content\">\n<div class=\"fl-rich-text\">\n<table border=\"0\" cellspacing=\"0\">\n<tbody>\n<tr>\n<td valign=\"center\" width=\"373\">\n<p><span style=\"font-family: Calibri; color: #000000;\">\u6750\u6599Material<\/span><\/p>\n<\/td>\n<td valign=\"center\" width=\"294\">\n<p><span style=\"color: #000000;\">R-sic<\/span><\/p>\n<\/td>\n<\/tr>\n<tr>\n<td valign=\"center\" width=\"373\">\n<p><span style=\"color: #000000;\"><span style=\"font-family: \u5b8b\u4f53;\">Temperatur verwenden<\/span><span style=\"font-family: Calibri;\">Arbeitstemperatur (<\/span><span style=\"font-family: \u5b8b\u4f53;\">\u00b0<\/span><span style=\"font-family: Calibri;\">C)<\/span><\/span><\/p>\n<\/td>\n<td valign=\"center\" width=\"294\">\n<p><span style=\"color: #000000;\">1600 \u00b0 C (\u00a0<span style=\"font-family: \u5b8b\u4f53;\">Oxidationsatmosph\u00e4re<\/span><span style=\"font-family: Calibri;\">Oxidationsumgebung)<\/span><\/span><\/p>\n<p><span style=\"color: #000000;\">1700 \u00b0 C (\u00a0<span style=\"font-family: \u5b8b\u4f53;\">Die Atmosph\u00e4re wiederherstellen<\/span><span style=\"font-family: Calibri;\">Reduzierung der Umgebung)<\/span><\/span><\/p>\n<\/td>\n<\/tr>\n<tr>\n<td valign=\"center\" width=\"373\">\n<p><span style=\"color: #000000;\">Sic<span style=\"font-family: \u5b8b\u4f53;\">Inhalt<\/span><span style=\"font-family: Calibri;\">SIC -Inhalt (%)<\/span><\/span><\/p>\n<\/td>\n<td valign=\"center\" width=\"294\">\n<p><span style=\"color: #000000;\">&gt; 99<\/span><\/p>\n<\/td>\n<\/tr>\n<tr>\n<td valign=\"center\" width=\"373\">\n<p><span style=\"color: #000000;\"><span style=\"font-family: \u5b8b\u4f53;\">frei<\/span><span style=\"font-family: Calibri;\">Si\u00a0<\/span><span style=\"font-family: \u5b8b\u4f53;\">Inhalt<\/span><span style=\"font-family: Calibri;\">Kostenloser SI -Inhalt (%)<\/span><\/span><\/p>\n<\/td>\n<td valign=\"center\" width=\"294\">\n<p><span style=\"color: #000000;\">&lt; 0.1<\/span><\/p>\n<\/td>\n<\/tr>\n<tr>\n<td valign=\"center\" width=\"373\">\n<p><span style=\"color: #000000;\"><span style=\"font-family: \u5b8b\u4f53;\">Volumendichte<\/span><span style=\"font-family: Calibri;\">Sch\u00fcttdichte (g\/cm3)<\/span><\/span><\/p>\n<\/td>\n<td valign=\"center\" width=\"294\">\n<p><span style=\"color: #000000;\">2.60-2.70<\/span><\/p>\n<\/td>\n<\/tr>\n<tr>\n<td valign=\"center\" width=\"373\">\n<p><span style=\"color: #000000;\"><span style=\"font-family: \u5b8b\u4f53;\">Porosit\u00e4t<\/span><span style=\"font-family: Calibri;\">Scheinbare Porosit\u00e4t (%)<\/span><\/span><\/p>\n<\/td>\n<td valign=\"center\" width=\"294\">\n<p><span style=\"color: #000000;\">&lt; 16<\/span><\/p>\n<\/td>\n<\/tr>\n<tr>\n<td valign=\"center\" width=\"373\">\n<p><span style=\"color: #000000;\"><span style=\"font-family: \u5b8b\u4f53;\">Druckfestigkeit<\/span><span style=\"font-family: Calibri;\">Quetschst\u00e4rke (MPA)<\/span><\/span><\/p>\n<\/td>\n<td valign=\"center\" width=\"294\">\n<p><span style=\"color: #000000;\">&gt; 600<\/span><\/p>\n<\/td>\n<\/tr>\n<tr>\n<td valign=\"center\" width=\"373\">\n<p><span style=\"color: #000000;\"><span style=\"font-family: \u5b8b\u4f53;\">Biegefestigkeit bei Raumtemperatur<\/span><span style=\"font-family: Calibri;\">Kaltbiege St\u00e4rke (MPA)<\/span><\/span><\/p>\n<\/td>\n<td valign=\"center\" width=\"294\">\n<p><span style=\"color: #000000;\">80-90 (20 \u00b0 C)<\/span><\/p>\n<\/td>\n<\/tr>\n<tr>\n<td valign=\"center\" width=\"373\">\n<p><span style=\"color: #000000;\"><span style=\"font-family: \u5b8b\u4f53;\">Hochtemperaturbiegefestigkeit<\/span><span style=\"font-family: Calibri;\">Hei\u00dfe Biegest\u00e4rke (MPA)<\/span><\/span><\/p>\n<\/td>\n<td valign=\"center\" width=\"294\">\n<p><span style=\"color: #000000;\">90-100 (1400 \u00b0 C)<\/span><\/p>\n<\/td>\n<\/tr>\n<tr>\n<td valign=\"center\" width=\"373\">\n<p><span style=\"font-family: \u5b8b\u4f53; color: #000000;\">W\u00e4rmeleitkoeffizient<\/span><\/p>\n<p><span style=\"color: #000000;\">Thermischer Expansionskoeffizient bei 1500 \u00b0 C (10-6\/\u00b0 C)<\/span><\/p>\n<\/td>\n<td valign=\"center\" width=\"294\">\n<p><span style=\"color: #000000;\">4.70<\/span><\/p>\n<\/td>\n<\/tr>\n<tr>\n<td valign=\"center\" width=\"373\">\n<p><span style=\"color: #000000;\"><span style=\"font-family: \u5b8b\u4f53;\">W\u00e4rmeleitf\u00e4higkeit<\/span><span style=\"font-family: Calibri;\">W\u00e4rmeleitf\u00e4higkeit @1200<\/span><span style=\"font-family: \u5b8b\u4f53;\">\u00b0<\/span><span style=\"font-family: Calibri;\">C (w\/m<\/span><span style=\"font-family: \u5b8b\u4f53;\">\u2022<\/span><span style=\"font-family: Calibri;\">K)<\/span><\/span><\/p>\n<\/td>\n<td valign=\"center\" width=\"294\">\n<p><span style=\"color: #000000;\">23<\/span><\/p>\n<\/td>\n<\/tr>\n<tr>\n<td valign=\"center\" width=\"373\">\n<p><span style=\"color: #000000;\"><span style=\"font-family: \u5b8b\u4f53;\">Young's Modul<\/span><span style=\"font-family: Calibri;\">Elastizit\u00e4tsmodul (GPA)<\/span><\/span><\/p>\n<\/td>\n<td valign=\"center\" width=\"294\">\n<p><span style=\"color: #000000;\">240<\/span><\/p>\n<\/td>\n<\/tr>\n<tr>\n<td valign=\"center\" width=\"373\">\n<p><span style=\"color: #000000;\"><span style=\"font-family: \u5b8b\u4f53;\">W\u00e4rmeschockwiderstand<\/span><span style=\"font-family: Calibri;\">W\u00e4rmeschockwiderstand<\/span><\/span><\/p>\n<\/td>\n<td valign=\"center\" width=\"294\">\n<p><span style=\"color: #000000;\"><span style=\"font-family: \u5b8b\u4f53;\">sehr gut<\/span><span style=\"font-family: Calibri;\">Extrem gut<\/span><\/span><\/p>\n<\/td>\n<\/tr>\n<\/tbody>\n<\/table><\/div>\n<\/p><\/div>\n<\/p><\/div>\n<\/p><\/div>\n<\/p><\/div>\n<\/p><\/div>\n<div class=\"fl-col-group fl-node-665d2e4400b83\" data-node=\"665d2e4400b83\">\n<div class=\"fl-col fl-node-665d2e4400ea5\" data-node=\"665d2e4400ea5\" style=\"width: 100%;\">\n<div class=\"fl-col-content fl-node-content\">\n<div class=\"fl-module fl-module-gallery fl-node-650be3860ae18\" data-animation-delay=\"0.0\" data-node=\"650be3860ae18\">\n<div class=\"fl-module-content fl-node-content\">\n<div class=\"fl-mosaicflow\">\n<div class=\"fl-mosaicflow-content\">\n<div class=\"fl-mosaicflow-item\">\n<div class=\"fl-photo fl-photo-align-center\" itemscope=\"\" itemtype=\"http:\/\/schema.org\/ImageObject\">\n<div class=\"fl-photo-content fl-photo-img-png\"> <a href=\"\/de\/uploads\/Silicon-Carbide-Boat-32.webp\/\" itemprop=\"url\" target=\"_self\"> <img decoding=\"async\" alt=\"Silicon Carbide Boat (3)\" class=\"fl-photo-img wp-image-4523\" itemprop=\"image\" src=\"\/wp-content\/uploads\/2025\/09\/ed3edf790fcdb1b7.webp\"> <\/img><\/a> <\/div>\n<\/p><\/div>\n<\/p><\/div>\n<div class=\"fl-mosaicflow-item\">\n<div class=\"fl-photo fl-photo-align-center\" itemscope=\"\" itemtype=\"http:\/\/schema.org\/ImageObject\">\n<div class=\"fl-photo-content fl-photo-img-png\"> <a href=\"\/de\/uploads\/Silicon-Carbide-Boat-4.webp\/\" itemprop=\"url\" target=\"_self\"> <img decoding=\"async\" alt=\"Silicon Carbide Boat (4)\" class=\"fl-photo-img wp-image-4524\" itemprop=\"image\" src=\"\/wp-content\/uploads\/2025\/09\/d48ebb8be5a8a3bb.webp\"> <\/img><\/a> <\/div>\n<\/p><\/div>\n<\/p><\/div>\n<\/p><\/div>\n<div class=\"fl-clear\"><\/div>\n<\/p><\/div>\n<\/p><\/div>\n<\/p><\/div>\n<\/p><\/div>\n<\/p><\/div>\n<\/p><\/div>\n<div class=\"fl-col-group fl-node-665d2e27271f1\" data-node=\"665d2e27271f1\">\n<div class=\"fl-col fl-node-665d2e272723f\" data-node=\"665d2e272723f\" style=\"width: 100%;\">\n<div class=\"fl-col-content fl-node-content\">\n<div class=\"fl-module fl-module-photo fl-node-665d2e2727294\" data-animation-delay=\"0.0\" data-node=\"665d2e2727294\">\n<div class=\"fl-module-content fl-node-content\">\n<div class=\"fl-photo fl-photo-align-center\" itemscope=\"\" itemtype=\"http:\/\/schema.org\/ImageObject\">\n<div class=\"fl-photo-content fl-photo-img-jpg\"> <img decoding=\"async\" alt=\"SEMICERA -Arbeitsplatz\" class=\"fl-photo-img wp-image-7142\" itemprop=\"image\" src=\"\/wp-content\/uploads\/2025\/09\/b1dd0bcab1675ff4.webp\"> <\/img><\/div>\n<\/p><\/div>\n<\/p><\/div>\n<\/p><\/div>\n<div class=\"fl-module fl-module-photo fl-node-665d2e27273a4\" data-animation-delay=\"0.0\" data-node=\"665d2e27273a4\">\n<div class=\"fl-module-content fl-node-content\">\n<div class=\"fl-photo fl-photo-align-center\" itemscope=\"\" itemtype=\"http:\/\/schema.org\/ImageObject\">\n<div class=\"fl-photo-content fl-photo-img-jpg\"> <img decoding=\"async\" alt=\"Semizelle Arbeitsplatz 2\" class=\"fl-photo-img wp-image-7141\" itemprop=\"image\" src=\"\/wp-content\/uploads\/2025\/09\/2b946d2b4b61306d.webp\"> <\/img><\/div>\n<\/p><\/div>\n<\/p><\/div>\n<\/p><\/div>\n<div class=\"fl-module fl-module-photo fl-node-665d2e2727361\" data-animation-delay=\"0.0\" data-node=\"665d2e2727361\">\n<div class=\"fl-module-content fl-node-content\">\n<div class=\"fl-photo fl-photo-align-center\" itemscope=\"\" itemtype=\"http:\/\/schema.org\/ImageObject\">\n<div class=\"fl-photo-content fl-photo-img-jpg\"> <img decoding=\"async\" alt=\"Ausr\u00fcstungsmaschine\" class=\"fl-photo-img wp-image-7138\" itemprop=\"image\" src=\"\/wp-content\/uploads\/2025\/09\/081b6529d68ead23.webp\"> <\/img><\/div>\n<\/p><\/div>\n<\/p><\/div>\n<\/p><\/div>\n<div class=\"fl-module fl-module-photo fl-node-665d2e272731d\" data-animation-delay=\"0.0\" data-node=\"665d2e272731d\">\n<div class=\"fl-module-content fl-node-content\">\n<div class=\"fl-photo fl-photo-align-center\" itemscope=\"\" itemtype=\"http:\/\/schema.org\/ImageObject\">\n<div class=\"fl-photo-content fl-photo-img-jpg\"> <img decoding=\"async\" alt=\"CNN -Verarbeitung, chemische Reinigung, CVD -Beschichtung\" class=\"fl-photo-img wp-image-7137 size-full\" itemprop=\"image\" src=\"\/wp-content\/uploads\/2025\/09\/a4132b2b399abbac.webp\"> <\/img><\/div>\n<\/p><\/div>\n<\/p><\/div>\n<\/p><\/div>\n<div class=\"fl-module fl-module-photo fl-node-665d2e27272d9\" data-animation-delay=\"0.0\" data-node=\"665d2e27272d9\">\n<div class=\"fl-module-content fl-node-content\">\n<div class=\"fl-photo fl-photo-align-center\" itemscope=\"\" itemtype=\"http:\/\/schema.org\/ImageObject\">\n<div class=\"fl-photo-content fl-photo-img-jpg\"> <img decoding=\"async\" alt=\"Unser Service\" class=\"fl-photo-img wp-image-7139\" itemprop=\"image\" src=\"\/wp-content\/uploads\/2025\/09\/b07f222c0ec0ab8d.webp\"> <\/img><\/div>\n<\/p><\/div>\n<\/p><\/div>\n<\/p><\/div>\n<\/p><\/div>\n<\/p><\/div>\n<\/p><\/div>\n<\/p><\/div>\n<\/p><\/div>\n<\/p><\/div>\n<\/div>","protected":false},"excerpt":{"rendered":"<p>Semicera EnergyTechnology Co., Ltd. ist ein f\u00fchrender Anbieter, der sich auf Wafer und fortschrittliche Halbleiter-Verbrauchsmaterial spezialisiert hat. Wir sind bestrebt, hochwertige, zuverl\u00e4ssige und innovative Produkte der Herstellung von Halbleiter, Photovoltaikindustrie und anderen verwandten Feldern zu bieten. Nitrid und Aluminiumoxid usw., da ein vertrauensw\u00fcrdiger Lieferant, wir verstehen die Bedeutung von Verbrauchsmaterialien im Herstellungsprozess und sind bestrebt, Produkte zu liefern, die die h\u00f6chsten Qualit\u00e4tsstandards entsprechen, um die Bed\u00fcrfnisse unserer Kunden zu erf\u00fcllen.<\/p>","protected":false},"featured_media":1024,"comment_status":"closed","ping_status":"open","template":"","meta":[],"product_brand":[],"product_cat":[64,24],"product_tag":[],"class_list":{"0":"post-2081","1":"product","2":"type-product","3":"status-publish","4":"has-post-thumbnail","6":"product_cat-sic-heating-element","7":"product_cat-silicon-carbide-ceramic","9":"first","10":"instock","11":"product-type-simple"},"_links":{"self":[{"href":"https:\/\/www.cn-semiconductorparts.com\/de\/wp-json\/wp\/v2\/product\/2081","targetHints":{"allow":["GET"]}}],"collection":[{"href":"https:\/\/www.cn-semiconductorparts.com\/de\/wp-json\/wp\/v2\/product"}],"about":[{"href":"https:\/\/www.cn-semiconductorparts.com\/de\/wp-json\/wp\/v2\/types\/product"}],"replies":[{"embeddable":true,"href":"https:\/\/www.cn-semiconductorparts.com\/de\/wp-json\/wp\/v2\/comments?post=2081"}],"wp:featuredmedia":[{"embeddable":true,"href":"https:\/\/www.cn-semiconductorparts.com\/de\/wp-json\/wp\/v2\/media\/1024"}],"wp:attachment":[{"href":"https:\/\/www.cn-semiconductorparts.com\/de\/wp-json\/wp\/v2\/media?parent=2081"}],"wp:term":[{"taxonomy":"product_brand","embeddable":true,"href":"https:\/\/www.cn-semiconductorparts.com\/de\/wp-json\/wp\/v2\/product_brand?post=2081"},{"taxonomy":"product_cat","embeddable":true,"href":"https:\/\/www.cn-semiconductorparts.com\/de\/wp-json\/wp\/v2\/product_cat?post=2081"},{"taxonomy":"product_tag","embeddable":true,"href":"https:\/\/www.cn-semiconductorparts.com\/de\/wp-json\/wp\/v2\/product_tag?post=2081"}],"curies":[{"name":"wp","href":"https:\/\/api.w.org\/{rel}","templated":true}]}}