{"id":2084,"date":"2025-09-11T05:32:39","date_gmt":"2025-09-11T05:32:39","guid":{"rendered":"https:\/\/weitai2.globaldeepsea.site\/product\/3-inch-silicon-carbide-solid-cone-vortex-nozzle\/"},"modified":"2026-04-29T15:29:08","modified_gmt":"2026-04-29T07:29:08","slug":"3-inch-silicon-carbide-solid-cone-vortex-nozzle","status":"publish","type":"product","link":"https:\/\/www.cn-semiconductorparts.com\/de\/product\/3-inch-silicon-carbide-solid-cone-vortex-nozzle\/","title":{"rendered":"3 inch silicon carbide solid cone vortex nozzle"},"content":{"rendered":"<div class=\"fl-builder-content fl-builder-content-4373 fl-builder-content-primary fl-builder-global-templates-locked\" data-post-id=\"4373\">\n<div class=\"fl-row fl-row-full-width fl-row-bg-none fl-node-6502a231c9fc0\" data-node=\"6502a231c9fc0\">\n<div class=\"fl-row-content-wrap\">\n<div class=\"fl-row-content fl-row-full-width fl-node-content\">\n<div class=\"fl-col-group fl-node-6502a231ca000\" data-node=\"6502a231ca000\">\n<div class=\"fl-col fl-node-6502a231ca03d\" data-node=\"6502a231ca03d\" style=\"width: 100%;\">\n<div class=\"fl-col-content fl-node-content\">\n<div class=\"fl-module fl-module-rich-text fl-node-6502a231ca07a\" data-animation-delay=\"0.0\" data-node=\"6502a231ca07a\">\n<div class=\"fl-module-content fl-node-content\">\n<div class=\"fl-rich-text\">\n<p>Siliziumkarbid ist eine neue Art von Keramik mit hoher Kostenleistung und hervorragenden Materialeigenschaften. Aufgrund von Merkmalen wie hoher Festigkeit und H\u00e4rte, hoher Temperaturbest\u00e4ndigkeit, gro\u00dfer thermischer Leitf\u00e4higkeit und chemischer Korrosionsbest\u00e4ndigkeit kann Siliziumcarbid fast dem gesamten chemischen Medium standhalten. Daher werden SIC in \u00d6labbau, Chemikalie, Maschinen und Luftraum, sogar Kernenergie und das Milit\u00e4r ihre besonderen Anforderungen an SIC, h\u00e4ufig eingesetzt. Einige normale Anwendungen, die wir anbieten k\u00f6nnen, sind Dichtungsringe f\u00fcr Pumpe, Ventil und Schutzpanzer usw.<\/p>\n<p>Wir k\u00f6nnen nach Ihren spezifischen Abmessungen mit guter Qualit\u00e4t und angemessener Zeitzeit entwerfen und herstellen.\u00a0<\/p>\n<\/p><\/div>\n<\/p><\/div>\n<\/p><\/div>\n<\/p><\/div>\n<\/p><\/div>\n<\/p><\/div>\n<div class=\"fl-col-group fl-node-6502a231ca266\" data-node=\"6502a231ca266\">\n<div class=\"fl-col fl-node-6502a231ca2a3\" data-node=\"6502a231ca2a3\" style=\"width: 100%;\">\n<div class=\"fl-col-content fl-node-content\">\n<div class=\"fl-module fl-module-photo fl-node-6502a231ca2e0\" data-animation-delay=\"0.0\" data-node=\"6502a231ca2e0\">\n<div class=\"fl-module-content fl-node-content\">\n<div class=\"fl-photo fl-photo-align-center\" itemscope=\"\" itemtype=\"http:\/\/schema.org\/ImageObject\">\n<div class=\"fl-photo-content fl-photo-img-png\"> <img decoding=\"async\" alt=\"Silicon carbide nozzle (1)\" class=\"fl-photo-img wp-image-2444\" itemprop=\"image\" src=\"\/wp-content\/uploads\/2025\/09\/60c57160ba52fcd5.webp\"> <\/img><\/div>\n<\/p><\/div>\n<\/p><\/div>\n<\/p><\/div>\n<\/p><\/div>\n<\/p><\/div>\n<\/p><\/div>\n<div class=\"fl-col-group fl-node-6502a231ca0b8\" data-node=\"6502a231ca0b8\">\n<div class=\"fl-col fl-node-6502a231ca0f5\" data-node=\"6502a231ca0f5\" style=\"width: 100%;\">\n<div class=\"fl-col-content fl-node-content\">\n<div class=\"fl-module fl-module-rich-text fl-node-6502a231ca132\" data-animation-delay=\"0.0\" data-node=\"6502a231ca132\">\n<div class=\"fl-module-content fl-node-content\">\n<div class=\"fl-rich-text\">\n<p><span style=\"font-family: Calibri;\">Anwendungen:<\/span><\/p>\n<p><span style=\"font-family: Calibri;\">-Verschlei\u00df-resistentes Feld: Buchse, Platte, Sandstrahld\u00fcse, Zyklonauskleidung, Schleiflauf usw.\u2026<\/span><\/p>\n<p><span style=\"font-family: Calibri;\">-Hochtemperaturfeld: SIC -Platte, Quenching -Ofenrohr, Strahlungsrohr, Tiegel, Heizelement, Walzen, Strahl, W\u00e4rmetauscher, Kaltluftrohr, Brennerd\u00fcse, Thermoelenteils -Schutzrohr, SIC -Boot, Kilnauto -Struktur, Setter usw.<\/span><\/p>\n<p><span style=\"font-family: Calibri;\">-Milit\u00e4risches kugelsicheres Feld<\/span><\/p>\n<p><span style=\"font-family: Calibri;\">-Siliziumcarbid -Halbleiter: SiC -Waferboot, SIC -Chuck, SIC -Paddel, SiC -Kassette, SiC -Diffusionsrohr, Wafergabel, Saugschild, F\u00fchrungsanleitung usw.<\/span><\/p>\n<p><span style=\"font-family: Calibri;\">-Siliziumkarbiddichtungsfeld: Alle Arten von Dichtungsring, Lager, Buchse usw.<\/span><\/p>\n<p><span style=\"font-family: Calibri;\">-Photovoltaikfeld: Ausleger Paddel, Schleiflauf, Siliziumkarbidwalze usw.<\/span><\/p>\n<p><span style=\"font-family: Calibri;\">-Lithiumbatteriefeld<\/span><\/p>\n<\/p><\/div>\n<\/p><\/div>\n<\/p><\/div>\n<\/p><\/div>\n<\/p><\/div>\n<\/p><\/div>\n<div class=\"fl-col-group fl-node-6502a231ca16f\" data-node=\"6502a231ca16f\">\n<div class=\"fl-col fl-node-6502a231ca1ac\" data-node=\"6502a231ca1ac\" style=\"width: 100%;\">\n<div class=\"fl-col-content fl-node-content\">\n<div class=\"fl-module fl-module-heading fl-node-6502a231ca229\" data-animation-delay=\"0.0\" data-node=\"6502a231ca229\">\n<div class=\"fl-module-content fl-node-content\">\n<h3 class=\"fl-heading\"> <span class=\"fl-heading-text\">Technical Parameters<\/span> <\/h3>\n<\/p><\/div>\n<\/p><\/div>\n<div class=\"fl-module fl-module-photo fl-node-6502a231ca1eb\" data-animation-delay=\"0.0\" data-node=\"6502a231ca1eb\">\n<div class=\"fl-module-content fl-node-content\">\n<div class=\"fl-photo fl-photo-align-center\" itemscope=\"\" itemtype=\"http:\/\/schema.org\/ImageObject\">\n<div class=\"fl-photo-content fl-photo-img-png\"> <img decoding=\"async\" alt=\"\u56fe\u72471\" class=\"fl-photo-img wp-image-2429\" itemprop=\"image\" src=\"\/wp-content\/uploads\/2025\/09\/e16a8a56d25ff317.webp\"> <\/img><\/div>\n<\/p><\/div>\n<\/p><\/div>\n<\/p><\/div>\n<\/p><\/div>\n<\/p><\/div>\n<\/p><\/div>\n<\/p><\/div>\n<\/p><\/div>\n<\/p><\/div>\n<\/div>","protected":false},"excerpt":{"rendered":"<p>Semicera EnergyTechnology Co., Ltd. ist ein f\u00fchrender Anbieter, der sich auf Wafer und fortschrittliche Halbleiter-Verbrauchsmaterial spezialisiert hat. Wir sind bestrebt, hochwertige, zuverl\u00e4ssige und innovative Produkte der Herstellung von Halbleiter, Photovoltaikindustrie und anderen verwandten Feldern zu bieten. Nitrid und Aluminiumoxid usw., da ein vertrauensw\u00fcrdiger Lieferant, wir verstehen die Bedeutung von Verbrauchsmaterialien im Herstellungsprozess und sind bestrebt, Produkte zu liefern, die die h\u00f6chsten Qualit\u00e4tsstandards entsprechen, um die Bed\u00fcrfnisse unserer Kunden zu erf\u00fcllen.<\/p>","protected":false},"featured_media":1151,"comment_status":"closed","ping_status":"open","template":"","meta":[],"product_brand":[],"product_cat":[59,24],"product_tag":[],"class_list":{"0":"post-2084","1":"product","2":"type-product","3":"status-publish","4":"has-post-thumbnail","6":"product_cat-sic-robotic-arm","7":"product_cat-silicon-carbide-ceramic","9":"first","10":"instock","11":"product-type-simple"},"_links":{"self":[{"href":"https:\/\/www.cn-semiconductorparts.com\/de\/wp-json\/wp\/v2\/product\/2084","targetHints":{"allow":["GET"]}}],"collection":[{"href":"https:\/\/www.cn-semiconductorparts.com\/de\/wp-json\/wp\/v2\/product"}],"about":[{"href":"https:\/\/www.cn-semiconductorparts.com\/de\/wp-json\/wp\/v2\/types\/product"}],"replies":[{"embeddable":true,"href":"https:\/\/www.cn-semiconductorparts.com\/de\/wp-json\/wp\/v2\/comments?post=2084"}],"wp:featuredmedia":[{"embeddable":true,"href":"https:\/\/www.cn-semiconductorparts.com\/de\/wp-json\/wp\/v2\/media\/1151"}],"wp:attachment":[{"href":"https:\/\/www.cn-semiconductorparts.com\/de\/wp-json\/wp\/v2\/media?parent=2084"}],"wp:term":[{"taxonomy":"product_brand","embeddable":true,"href":"https:\/\/www.cn-semiconductorparts.com\/de\/wp-json\/wp\/v2\/product_brand?post=2084"},{"taxonomy":"product_cat","embeddable":true,"href":"https:\/\/www.cn-semiconductorparts.com\/de\/wp-json\/wp\/v2\/product_cat?post=2084"},{"taxonomy":"product_tag","embeddable":true,"href":"https:\/\/www.cn-semiconductorparts.com\/de\/wp-json\/wp\/v2\/product_tag?post=2084"}],"curies":[{"name":"wp","href":"https:\/\/api.w.org\/{rel}","templated":true}]}}