{"id":2108,"date":"2025-09-11T05:32:46","date_gmt":"2025-09-11T05:32:46","guid":{"rendered":"https:\/\/weitai2.globaldeepsea.site\/product\/high-quality-refractory-ceramic-rsic-recrystallized-silicon-carbide-sic-plate-for-kiln-made-in-china\/"},"modified":"2026-04-29T15:29:01","modified_gmt":"2026-04-29T07:29:01","slug":"high-quality-refractory-ceramic-rsic-recrystallized-silicon-carbide-sic-plate-for-kiln-made-in-china","status":"publish","type":"product","link":"https:\/\/www.cn-semiconductorparts.com\/de\/product\/high-quality-refractory-ceramic-rsic-recrystallized-silicon-carbide-sic-plate-for-kiln-made-in-china\/","title":{"rendered":"Hochwertiger feuerfest keramischer Rsic rekristallisierter Siliziumcarbid -Sic -Teller f\u00fcr Ofen in China"},"content":{"rendered":"","protected":false},"excerpt":{"rendered":"<p>Weitai Energy Technology Co., Ltd. ist ein f\u00fchrender Lieferant, der sich auf Wafer- und fortschrittliche Halbleiterverbrauchsg\u00fcter spezialisiert hat. Wir sind bestrebt, hochwertige, zuverl\u00e4ssige und innovative Produkte f\u00fcr die Herstellung von Halbleiter und die Photovoltaik-Industrie und andere verwandte Felder bereitzustellen.<\/p>","protected":false},"featured_media":1238,"comment_status":"closed","ping_status":"open","template":"","meta":[],"product_brand":[],"product_cat":[48,31],"product_tag":[],"class_list":{"0":"post-2108","1":"product","2":"type-product","3":"status-publish","4":"has-post-thumbnail","6":"product_cat-aluminum-oxide-ceramics","7":"product_cat-more-ceramic-products","9":"first","10":"instock","11":"product-type-simple"},"_links":{"self":[{"href":"https:\/\/www.cn-semiconductorparts.com\/de\/wp-json\/wp\/v2\/product\/2108","targetHints":{"allow":["GET"]}}],"collection":[{"href":"https:\/\/www.cn-semiconductorparts.com\/de\/wp-json\/wp\/v2\/product"}],"about":[{"href":"https:\/\/www.cn-semiconductorparts.com\/de\/wp-json\/wp\/v2\/types\/product"}],"replies":[{"embeddable":true,"href":"https:\/\/www.cn-semiconductorparts.com\/de\/wp-json\/wp\/v2\/comments?post=2108"}],"wp:featuredmedia":[{"embeddable":true,"href":"https:\/\/www.cn-semiconductorparts.com\/de\/wp-json\/wp\/v2\/media\/1238"}],"wp:attachment":[{"href":"https:\/\/www.cn-semiconductorparts.com\/de\/wp-json\/wp\/v2\/media?parent=2108"}],"wp:term":[{"taxonomy":"product_brand","embeddable":true,"href":"https:\/\/www.cn-semiconductorparts.com\/de\/wp-json\/wp\/v2\/product_brand?post=2108"},{"taxonomy":"product_cat","embeddable":true,"href":"https:\/\/www.cn-semiconductorparts.com\/de\/wp-json\/wp\/v2\/product_cat?post=2108"},{"taxonomy":"product_tag","embeddable":true,"href":"https:\/\/www.cn-semiconductorparts.com\/de\/wp-json\/wp\/v2\/product_tag?post=2108"}],"curies":[{"name":"wp","href":"https:\/\/api.w.org\/{rel}","templated":true}]}}