{"id":2124,"date":"2025-09-11T05:32:53","date_gmt":"2025-09-11T05:32:53","guid":{"rendered":"https:\/\/weitai2.globaldeepsea.site\/product\/versatile-graphite-hard-felt-solutions-by-semicera-for-various-semiconductor-manufacturing-processes\/"},"modified":"2026-04-29T15:28:51","modified_gmt":"2026-04-29T07:28:51","slug":"versatile-graphite-hard-felt-solutions-by-semicera-for-various-semiconductor-manufacturing-processes","status":"publish","type":"product","link":"https:\/\/www.cn-semiconductorparts.com\/de\/product\/versatile-graphite-hard-felt-solutions-by-semicera-for-various-semiconductor-manufacturing-processes\/","title":{"rendered":"Versatile Graphite Hard Felt Solutions by Semicera for Various Semiconductor Manufacturing Processes"},"content":{"rendered":"<div class=\"fl-builder-content fl-builder-content-4250 fl-builder-content-primary fl-builder-global-templates-locked\" data-post-id=\"4250\">\n<div class=\"fl-row fl-row-full-width fl-row-bg-none fl-node-64fed20403e14\" data-node=\"64fed20403e14\">\n<div class=\"fl-row-content-wrap\">\n<div class=\"fl-row-content fl-row-full-width fl-node-content\">\n<div class=\"fl-col-group fl-node-64fed20403e58\" data-node=\"64fed20403e58\">\n<div class=\"fl-col fl-node-64fed20403e98\" data-node=\"64fed20403e98\" style=\"width: 100%;\">\n<div class=\"fl-col-content fl-node-content\">\n<div class=\"fl-module fl-module-heading fl-node-64fed20403f19\" data-animation-delay=\"0.0\" data-node=\"64fed20403f19\">\n<div class=\"fl-module-content fl-node-content\">\n<h3 class=\"fl-heading\"> <span class=\"fl-heading-text\">Produktdetails<\/span> <\/h3>\n<\/p><\/div>\n<\/p><\/div>\n<div class=\"fl-module fl-module-rich-text fl-node-64fed20403ed9\" data-animation-delay=\"0.0\" data-node=\"64fed20403ed9\">\n<div class=\"fl-module-content fl-node-content\">\n<div class=\"fl-rich-text\">\n<table border=\"0\" cellspacing=\"0\">\n<tbody>\n<tr>\n<td valign=\"center\" width=\"337\">\n<p>Produktname<\/p>\n<\/td>\n<td valign=\"center\" width=\"330\">\n<p>Graphit Filz<\/p>\n<\/td>\n<\/tr>\n<tr>\n<td valign=\"center\" width=\"337\">\n<p>Chemische Zusammensetzung<\/p>\n<\/td>\n<td valign=\"center\" width=\"330\">\n<p>Kohlefaser<\/p>\n<\/td>\n<\/tr>\n<tr>\n<td valign=\"center\" width=\"337\">\n<p>Sch\u00fcttdichte<\/p>\n<\/td>\n<td valign=\"center\" width=\"330\">\n<p>0.12-0.14g\/cm3<\/p>\n<\/td>\n<\/tr>\n<tr>\n<td valign=\"center\" width=\"337\">\n<p>Kohlenstoffgehalt<\/p>\n<\/td>\n<td valign=\"center\" width=\"330\">\n<p>&gt; = 99%<\/p>\n<\/td>\n<\/tr>\n<tr>\n<td valign=\"center\" width=\"337\">\n<p>Zugfestigkeit<\/p>\n<\/td>\n<td valign=\"center\" width=\"330\">\n<p>0.14Mpa<\/p>\n<\/td>\n<\/tr>\n<tr>\n<td valign=\"center\" width=\"337\">\n<p>W\u00e4rmeleitf\u00e4higkeit (1150 \u2103)<\/p>\n<\/td>\n<td valign=\"center\" width=\"330\">\n<p>0,08 ~ 0,14W\/mk<\/p>\n<\/td>\n<\/tr>\n<tr>\n<td valign=\"center\" width=\"337\">\n<p>Asche<\/p>\n<\/td>\n<td valign=\"center\" width=\"330\">\n<p>&lt;= 0,005%<\/p>\n<\/td>\n<\/tr>\n<tr>\n<td valign=\"center\" width=\"337\">\n<p>Stress zerkleinern<\/p>\n<\/td>\n<td valign=\"center\" width=\"330\">\n<p>8-10N\/cm<\/p>\n<\/td>\n<\/tr>\n<tr>\n<td valign=\"center\" width=\"337\">\n<p>Dicke<\/p>\n<\/td>\n<td valign=\"center\" width=\"330\">\n<p>1-10mm<\/p>\n<\/td>\n<\/tr>\n<tr>\n<td valign=\"center\" width=\"337\">\n<p>Verarbeitungstemperatur<\/p>\n<\/td>\n<td valign=\"center\" width=\"330\">\n<p>2500(\u2103)<\/p>\n<\/td>\n<\/tr>\n<\/tbody>\n<\/table><\/div>\n<\/p><\/div>\n<\/p><\/div>\n<\/p><\/div>\n<\/p><\/div>\n<\/p><\/div>\n<div class=\"fl-col-group fl-node-64fed20403fda\" data-node=\"64fed20403fda\">\n<div class=\"fl-col fl-node-64fed2040401b fl-col-small\" data-node=\"64fed2040401b\" style=\"width: 50%;\">\n<div class=\"fl-col-content fl-node-content\">\n<div class=\"fl-module fl-module-rich-text fl-node-64fed20403f5a\" data-animation-delay=\"0.0\" data-node=\"64fed20403f5a\">\n<div class=\"fl-module-content fl-node-content\">\n<div class=\"fl-rich-text\">\n<p>Volumendichte (G\/cm3): 0,22-0,28<br \/>Zugfestigkeit (MPA): 2,5 (Deformation 5%)<br \/>W\u00e4rmeleitf\u00e4higkeit (W\/mk): 0,15-0,25 (25) 0,40-0,45 (1400)<br \/>Spezifischer Widerstand (OHM.CM): 0.18-0.22<br \/>Kohlenstoffgehalt (%): \u226599<br \/>Aschegehalt (%): \u2264 0,6<br \/>Feuchtigkeitsabsorption (%): \u2264 1,6<br \/>Reinigungsskala: Hight Reinity<br \/>Verarbeitungstemperatur: 1450-2000<\/p>\n<\/p><\/div>\n<\/p><\/div>\n<\/p><\/div>\n<\/p><\/div>\n<\/p><\/div>\n<div class=\"fl-col fl-node-64fed2040405c fl-col-small\" data-node=\"64fed2040405c\" style=\"width: 50%;\">\n<div class=\"fl-col-content fl-node-content\">\n<div class=\"fl-module fl-module-rich-text fl-node-64fed20403f9a\" data-animation-delay=\"0.0\" data-node=\"64fed20403f9a\">\n<div class=\"fl-module-content fl-node-content\">\n<div class=\"fl-rich-text\">\n<p>Anwendungsfelder:<br \/><span style=\"font-family: Calibri;\">\u2022Vakuum\u00f6fen<\/span><br \/><span style=\"font-family: Calibri;\">\u2022Inerte Gas\u00f6fen<\/span><br \/><span style=\"font-family: Calibri;\">\u2022W\u00e4rmebehandlung\u00a0<\/span>(H\u00e4rtung, Karbonisierung, L\u00f6schen usw.)<br \/><span style=\"font-family: Calibri;\">\u2022Kohlefaserproduktion<\/span><br \/><span style=\"font-family: Calibri;\">\u2022Harte Metallproduktion<\/span><br \/><span style=\"font-family: Calibri;\">\u2022Sinteranwendungen<\/span><br \/><span style=\"font-family: Calibri;\">\u2022Technische Keramikproduktion<\/span><br \/><span style=\"font-family: Calibri;\">\u2022CVD\/PVD -Rollen<\/span><\/p>\n<\/p><\/div>\n<\/p><\/div>\n<\/p><\/div>\n<\/p><\/div>\n<\/p><\/div>\n<\/p><\/div>\n<div class=\"fl-col-group fl-node-64fed204040e2\" data-node=\"64fed204040e2\">\n<div class=\"fl-col fl-node-64fed20404122\" data-node=\"64fed20404122\" style=\"width: 100%;\">\n<div class=\"fl-col-content fl-node-content\">\n<div class=\"fl-module fl-module-rich-text fl-node-64fed204040a0\" data-animation-delay=\"0.0\" data-node=\"64fed204040a0\">\n<div class=\"fl-module-content fl-node-content\">\n<div class=\"fl-rich-text\">\n<p>Verf\u00fcgbare Gr\u00f6\u00dfe:<br \/>Platte: 1500*1800 (max) Dicke 20-200 mm<br \/>Runde Trommel: 1500*2000 (max) Dickes 20-150 mm<br \/>Quadrattrommel: 1500*1500*2000 (max) Dicke 60-120 mm<br \/>Anwendungstemperaturbereich: 1250-2600<\/p>\n<\/p><\/div>\n<\/p><\/div>\n<\/p><\/div>\n<\/p><\/div>\n<\/p><\/div>\n<\/p><\/div>\n<div class=\"fl-col-group fl-node-64fed20404222\" data-node=\"64fed20404222\">\n<div class=\"fl-col fl-node-64fed20404262 fl-col-small\" data-node=\"64fed20404262\" style=\"width: 50%;\">\n<div class=\"fl-col-content fl-node-content\">\n<div class=\"fl-module fl-module-photo fl-node-64fed204042ad\" data-animation-delay=\"0.0\" data-node=\"64fed204042ad\">\n<div class=\"fl-module-content fl-node-content\">\n<div class=\"fl-photo fl-photo-align-center\" itemscope=\"\" itemtype=\"http:\/\/schema.org\/ImageObject\">\n<div class=\"fl-photo-content fl-photo-img-jpg\"> <img decoding=\"async\" alt=\"Starres Filz (2)\" class=\"fl-photo-img wp-image-2398\" itemprop=\"image\" src=\"\/wp-content\/uploads\/2025\/09\/c89380726c765648.webp\"> <\/img><\/div>\n<\/p><\/div>\n<\/p><\/div>\n<\/p><\/div>\n<\/p><\/div>\n<\/p><\/div>\n<div class=\"fl-col fl-node-64fed2040432e fl-col-small\" data-node=\"64fed2040432e\" style=\"width: 50%;\">\n<div class=\"fl-col-content fl-node-content\">\n<div class=\"fl-module fl-module-photo fl-node-64fed204042ee\" data-animation-delay=\"0.0\" data-node=\"64fed204042ee\">\n<div class=\"fl-module-content fl-node-content\">\n<div class=\"fl-photo fl-photo-align-center\" itemscope=\"\" itemtype=\"http:\/\/schema.org\/ImageObject\">\n<div class=\"fl-photo-content fl-photo-img-jpg\"> <img decoding=\"async\" alt=\"Starres Filz (1)\" class=\"fl-photo-img wp-image-2394\" itemprop=\"image\" src=\"\/wp-content\/uploads\/2025\/09\/333a75ef420a7ab9.webp\"> <\/img><\/div>\n<\/p><\/div>\n<\/p><\/div>\n<\/p><\/div>\n<\/p><\/div>\n<\/p><\/div>\n<\/p><\/div>\n<div class=\"fl-col-group fl-node-64fed20404162\" data-node=\"64fed20404162\">\n<div class=\"fl-col fl-node-64fed204041a2\" data-node=\"64fed204041a2\" style=\"width: 100%;\">\n<div class=\"fl-col-content fl-node-content\">\n<div class=\"fl-module fl-module-photo fl-node-64fed204041e2\" data-animation-delay=\"0.0\" data-node=\"64fed204041e2\">\n<div class=\"fl-module-content fl-node-content\">\n<div class=\"fl-photo fl-photo-align-center\" itemscope=\"\" itemtype=\"http:\/\/schema.org\/ImageObject\">\n<div class=\"fl-photo-content fl-photo-img-png\"> <img decoding=\"async\" alt=\"SDFs\" class=\"fl-photo-img wp-image-2397\" itemprop=\"image\" src=\"\/wp-content\/uploads\/2025\/09\/26eb965d6cf57638.webp\"> <\/img><\/div>\n<\/p><\/div>\n<\/p><\/div>\n<\/p><\/div>\n<\/p><\/div>\n<\/p><\/div>\n<\/p><\/div>\n<div class=\"fl-col-group fl-node-66177587ca8a7\" data-node=\"66177587ca8a7\">\n<div class=\"fl-col fl-node-66177587cab78\" data-node=\"66177587cab78\" style=\"width: 100%;\">\n<div class=\"fl-col-content fl-node-content\">\n<div class=\"fl-module fl-module-rich-text fl-node-66177587ca67b\" data-animation-delay=\"0.0\" data-node=\"66177587ca67b\">\n<div class=\"fl-module-content fl-node-content\">\n<div class=\"fl-rich-text\">\n<p><img decoding=\"async\" alt=\"SEMICERA -Arbeitsplatz\" class=\"alignnone size-full wp-image-7286 aligncenter\" src=\"\/wp-content\/uploads\/2025\/09\/b1dd0bcab1675ff4.webp\"> <img decoding=\"async\" alt=\"Semizelle Arbeitsplatz 2\" class=\"alignnone size-full wp-image-7287 aligncenter\" src=\"\/wp-content\/uploads\/2025\/09\/2b946d2b4b61306d.webp\"> <img decoding=\"async\" alt=\"Ausr\u00fcstungsmaschine\" class=\"alignnone size-full wp-image-7288 aligncenter\" src=\"\/wp-content\/uploads\/2025\/09\/081b6529d68ead23.webp\"> <img decoding=\"async\" alt=\"CNN -Verarbeitung, chemische Reinigung, CVD -Beschichtung\" class=\"alignnone size-full wp-image-7289 aligncenter\" src=\"\/wp-content\/uploads\/2025\/09\/a4132b2b399abbac.webp\"> <img decoding=\"async\" alt=\"Unser Service\" class=\"alignnone size-full wp-image-7290 aligncenter\" src=\"\/wp-content\/uploads\/2025\/09\/b07f222c0ec0ab8d.webp\"\/><\/img><\/img><\/img><\/img><\/p>\n<\/p><\/div>\n<\/p><\/div>\n<\/p><\/div>\n<\/p><\/div>\n<\/p><\/div>\n<\/p><\/div>\n<\/p><\/div>\n<\/p><\/div>\n<\/p><\/div>\n<\/div>","protected":false},"excerpt":{"rendered":"<p>Introducing Semicera\u2019s versatile graphite hard-felt solutions tailored for a wide range of semiconductor manufacturing processes. With their exceptional versatility and reliability, our products deliver consistent performance, enabling efficient and precise operations in diverse production environments.<\/p>","protected":false},"featured_media":452,"comment_status":"closed","ping_status":"open","template":"","meta":[],"product_brand":[],"product_cat":[29,30],"product_tag":[],"class_list":{"0":"post-2124","1":"product","2":"type-product","3":"status-publish","4":"has-post-thumbnail","6":"product_cat-carbon-fiber","7":"product_cat-hard-felt","9":"first","10":"instock","11":"product-type-simple"},"_links":{"self":[{"href":"https:\/\/www.cn-semiconductorparts.com\/de\/wp-json\/wp\/v2\/product\/2124","targetHints":{"allow":["GET"]}}],"collection":[{"href":"https:\/\/www.cn-semiconductorparts.com\/de\/wp-json\/wp\/v2\/product"}],"about":[{"href":"https:\/\/www.cn-semiconductorparts.com\/de\/wp-json\/wp\/v2\/types\/product"}],"replies":[{"embeddable":true,"href":"https:\/\/www.cn-semiconductorparts.com\/de\/wp-json\/wp\/v2\/comments?post=2124"}],"wp:featuredmedia":[{"embeddable":true,"href":"https:\/\/www.cn-semiconductorparts.com\/de\/wp-json\/wp\/v2\/media\/452"}],"wp:attachment":[{"href":"https:\/\/www.cn-semiconductorparts.com\/de\/wp-json\/wp\/v2\/media?parent=2124"}],"wp:term":[{"taxonomy":"product_brand","embeddable":true,"href":"https:\/\/www.cn-semiconductorparts.com\/de\/wp-json\/wp\/v2\/product_brand?post=2124"},{"taxonomy":"product_cat","embeddable":true,"href":"https:\/\/www.cn-semiconductorparts.com\/de\/wp-json\/wp\/v2\/product_cat?post=2124"},{"taxonomy":"product_tag","embeddable":true,"href":"https:\/\/www.cn-semiconductorparts.com\/de\/wp-json\/wp\/v2\/product_tag?post=2124"}],"curies":[{"name":"wp","href":"https:\/\/api.w.org\/{rel}","templated":true}]}}