{"id":2125,"date":"2025-09-11T05:32:53","date_gmt":"2025-09-11T05:32:53","guid":{"rendered":"https:\/\/weitai2.globaldeepsea.site\/product\/soft-graphite-felt-for-insulating-2\/"},"modified":"2026-04-29T15:28:51","modified_gmt":"2026-04-29T07:28:51","slug":"soft-graphite-felt-for-insulating-2","status":"publish","type":"product","link":"https:\/\/www.cn-semiconductorparts.com\/de\/product\/soft-graphite-felt-for-insulating-2\/","title":{"rendered":"Soft Graphit Filme zum Isolier"},"content":{"rendered":"<div class=\"fl-builder-content fl-builder-content-4236 fl-builder-content-primary fl-builder-global-templates-locked\" data-post-id=\"4236\">\n<div class=\"fl-row fl-row-full-width fl-row-bg-none fl-node-64fec5fb4b070\" data-node=\"64fec5fb4b070\">\n<div class=\"fl-row-content-wrap\">\n<div class=\"fl-row-content fl-row-full-width fl-node-content\">\n<div class=\"fl-col-group fl-node-64fec5fb4b0bb\" data-node=\"64fec5fb4b0bb\">\n<div class=\"fl-col fl-node-64fec5fb4b102\" data-node=\"64fec5fb4b102\" style=\"width: 100%;\">\n<div class=\"fl-col-content fl-node-content\">\n<div class=\"fl-module fl-module-heading fl-node-64fec5fb4b190\" data-animation-delay=\"0.0\" data-node=\"64fec5fb4b190\">\n<div class=\"fl-module-content fl-node-content\">\n<h3 class=\"fl-heading\"> <span class=\"fl-heading-text\">Produktdetails<\/span> <\/h3>\n<\/p><\/div>\n<\/p><\/div>\n<div class=\"fl-module fl-module-rich-text fl-node-64fec5fb4b14a\" data-animation-delay=\"0.0\" data-node=\"64fec5fb4b14a\">\n<div class=\"fl-module-content fl-node-content\">\n<div class=\"fl-rich-text\">\n<table border=\"0\" cellspacing=\"0\">\n<tbody>\n<tr>\n<td valign=\"center\">\n<p>Produktname<\/p>\n<\/td>\n<td valign=\"center\">\n<p>Graphit Filz<\/p>\n<\/td>\n<\/tr>\n<tr>\n<td valign=\"center\">\n<p>Chemische Zusammensetzung<\/p>\n<\/td>\n<td valign=\"center\">\n<p>Kohlefaser<\/p>\n<\/td>\n<\/tr>\n<tr>\n<td valign=\"center\">\n<p>Sch\u00fcttdichte<\/p>\n<\/td>\n<td valign=\"center\">\n<p>0.12-0.14g\/cm3<\/p>\n<\/td>\n<\/tr>\n<tr>\n<td valign=\"center\">\n<p>Kohlenstoffgehalt<\/p>\n<\/td>\n<td valign=\"center\">\n<p>&gt; = 99%<\/p>\n<\/td>\n<\/tr>\n<tr>\n<td valign=\"center\">\n<p>Zugfestigkeit<\/p>\n<\/td>\n<td valign=\"center\">\n<p>0.14Mpa<\/p>\n<\/td>\n<\/tr>\n<tr>\n<td valign=\"center\">\n<p>W\u00e4rmeleitf\u00e4higkeit (1150 \u2103)<\/p>\n<\/td>\n<td valign=\"center\">\n<p>0,08 ~ 0,14W\/mk<\/p>\n<\/td>\n<\/tr>\n<tr>\n<td valign=\"center\">\n<p>Asche<\/p>\n<\/td>\n<td valign=\"center\">\n<p>&lt;= 0,005%<\/p>\n<\/td>\n<\/tr>\n<tr>\n<td valign=\"center\">\n<p>Stress zerkleinern<\/p>\n<\/td>\n<td valign=\"center\">\n<p>8-10N\/cm<\/p>\n<\/td>\n<\/tr>\n<tr>\n<td valign=\"center\">\n<p>Dicke<\/p>\n<\/td>\n<td valign=\"center\">\n<p>1-10mm<\/p>\n<\/td>\n<\/tr>\n<tr>\n<td valign=\"center\">\n<p>Verarbeitungstemperatur<\/p>\n<\/td>\n<td valign=\"center\">\n<p>2500(\u2103)<\/p>\n<\/td>\n<\/tr>\n<\/tbody>\n<\/table><\/div>\n<\/p><\/div>\n<\/p><\/div>\n<\/p><\/div>\n<\/p><\/div>\n<\/p><\/div>\n<div class=\"fl-col-group fl-node-656fef637113c\" data-node=\"656fef637113c\">\n<div class=\"fl-col fl-node-656fef63712dd\" data-node=\"656fef63712dd\" style=\"width: 100%;\">\n<div class=\"fl-col-content fl-node-content\">\n<div class=\"fl-module fl-module-rich-text fl-node-656fef6370ff0\" data-animation-delay=\"0.0\" data-node=\"656fef6370ff0\">\n<div class=\"fl-module-content fl-node-content\">\n<div class=\"fl-rich-text\">\n<p>Derzeit in vier Spezifikationen erh\u00e4ltlich, die jeweils in Rollen, Teilen und vorgerollten Filzrohre erh\u00e4ltlich sind:<br \/>SCSF: Hochreinheit Graphit Filz, bessere thermische Leitf\u00e4higkeit, W\u00e4rmebehandlungstemperatur von mehr als 1900\u2103<br \/>SCSF-P: Ultrahohe Reinheit SCSF-B Graphit Filz<br \/>SCSF-V: Hochreinheit Graphit Filz, W\u00e4rmebehandlungstemperatur von mehr als 2650 \u00b0 C, niedrige thermische Leitf\u00e4higkeit<br \/>SCSF-VP: Ultra-hohe Reinheit SCSF-D Graphit Filz<\/p>\n<\/p><\/div>\n<\/p><\/div>\n<\/p><\/div>\n<\/p><\/div>\n<\/p><\/div>\n<\/p><\/div>\n<div class=\"fl-col-group fl-node-656fef7a3102c\" data-node=\"656fef7a3102c\">\n<div class=\"fl-col fl-node-656fef7a311cd\" data-node=\"656fef7a311cd\" style=\"width: 100%;\">\n<div class=\"fl-col-content fl-node-content\">\n<div class=\"fl-module fl-module-photo fl-node-656fef7a30ee5\" data-animation-delay=\"0.0\" data-node=\"656fef7a30ee5\">\n<div class=\"fl-module-content fl-node-content\">\n<div class=\"fl-photo fl-photo-align-center\" itemscope=\"\" itemtype=\"http:\/\/schema.org\/ImageObject\">\n<div class=\"fl-photo-content fl-photo-img-png\"> <img decoding=\"async\" alt=\"WeChat Screenshot_20231206112113\" class=\"fl-photo-img wp-image-5393\" itemprop=\"image\" src=\"\/wp-content\/uploads\/2025\/09\/06bef272babefc1e.webp\"> <\/img><\/div>\n<\/p><\/div>\n<\/p><\/div>\n<\/p><\/div>\n<\/p><\/div>\n<\/p><\/div>\n<\/p><\/div>\n<div class=\"fl-col-group fl-node-656fef9a00115\" data-node=\"656fef9a00115\">\n<div class=\"fl-col fl-node-656fef9a00366 fl-col-small\" data-node=\"656fef9a00366\" style=\"width: 50%;\">\n<div class=\"fl-col-content fl-node-content\">\n<div class=\"fl-module fl-module-rich-text fl-node-64fec5fb4b1d7\" data-animation-delay=\"0.0\" data-node=\"64fec5fb4b1d7\">\n<div class=\"fl-module-content fl-node-content\">\n<div class=\"fl-rich-text\">\n<p><strong>Eigenschaften :<\/strong><br \/>-Hervorragende thermische Stabilit\u00e4t<br \/>-Hohe mechanische St\u00e4rke<br \/>-Gute elektrische und thermische Leitf\u00e4higkeit<br \/>-Ausgezeichnete Resistenz gegen thermischen Schock und Korrosion<br \/>-Hohe materielle Reinheit<br \/>-Hohe elektrische Belastungskapazit\u00e4t<br \/>-Einheitliches Temperaturprofil<\/p>\n<\/p><\/div>\n<\/p><\/div>\n<\/p><\/div>\n<\/p><\/div>\n<\/p><\/div>\n<div class=\"fl-col fl-node-656feffa80dc4 fl-col-small\" data-node=\"656feffa80dc4\" style=\"width: 50%;\">\n<div class=\"fl-col-content fl-node-content\">\n<div class=\"fl-module fl-module-photo fl-node-656feffa809d9\" data-animation-delay=\"0.0\" data-node=\"656feffa809d9\">\n<div class=\"fl-module-content fl-node-content\">\n<div class=\"fl-photo fl-photo-align-center\" itemscope=\"\" itemtype=\"http:\/\/schema.org\/ImageObject\">\n<div class=\"fl-photo-content fl-photo-img-png\"> <img decoding=\"async\" alt=\"WeChat Screenshot_20231206112141\" class=\"fl-photo-img wp-image-5394\" itemprop=\"image\" src=\"\/wp-content\/uploads\/2025\/09\/c0fde29a528d2d7a.webp\"> <\/img><\/div>\n<\/p><\/div>\n<\/p><\/div>\n<\/p><\/div>\n<\/p><\/div>\n<\/p><\/div>\n<\/p><\/div>\n<div class=\"fl-col-group fl-node-656ff0aa6f8b1\" data-node=\"656ff0aa6f8b1\">\n<div class=\"fl-col fl-node-656ff0f485b81 fl-col-small\" data-node=\"656ff0f485b81\" style=\"width: 50%;\">\n<div class=\"fl-col-content fl-node-content\">\n<div class=\"fl-module fl-module-photo fl-node-656ff0d210757\" data-animation-delay=\"0.0\" data-node=\"656ff0d210757\">\n<div class=\"fl-module-content fl-node-content\">\n<div class=\"fl-photo fl-photo-align-center\" itemscope=\"\" itemtype=\"http:\/\/schema.org\/ImageObject\">\n<div class=\"fl-photo-content fl-photo-img-png\"> <img decoding=\"async\" alt=\"Graphit Filme (1)\" class=\"fl-photo-img wp-image-5395\" itemprop=\"image\" src=\"\/wp-content\/uploads\/2025\/09\/998a0d4f5cbf8804.webp\"> <\/img><\/div>\n<\/p><\/div>\n<\/p><\/div>\n<\/p><\/div>\n<\/p><\/div>\n<\/p><\/div>\n<div class=\"fl-col fl-node-656ff0aa6fb2c fl-col-small\" data-node=\"656ff0aa6fb2c\" style=\"width: 50%;\">\n<div class=\"fl-col-content fl-node-content\">\n<div class=\"fl-module fl-module-rich-text fl-node-64fec5fb4b21f\" data-animation-delay=\"0.0\" data-node=\"64fec5fb4b21f\">\n<div class=\"fl-module-content fl-node-content\">\n<div class=\"fl-rich-text\">\n<p><strong>Anwendungsfelder:<\/strong><br \/>-Vakuum\u00f6fen<br \/>-Inerte Gas\u00f6fen<br \/>-W\u00e4rmebehandlung<br \/>(H\u00e4rtung, Karbonisierung, L\u00f6schen usw.)<br \/>-Kohlefaserproduktion<br \/>-Harte Metallproduktion<br \/>-Sinteranwendungen<br \/>-Technische Keramikproduktion<br \/>-CVD\/PVD -Rollen<\/p>\n<\/p><\/div>\n<\/p><\/div>\n<\/p><\/div>\n<\/p><\/div>\n<\/p><\/div>\n<\/p><\/div>\n<div class=\"fl-col-group fl-node-64fec5fb4b420\" data-node=\"64fec5fb4b420\">\n<div class=\"fl-col fl-node-64fec5fb4b468\" data-node=\"64fec5fb4b468\" style=\"width: 100%;\">\n<div class=\"fl-col-content fl-node-content\">\n<div class=\"fl-module fl-module-gallery fl-node-64fec5fb4b4af\" data-animation-delay=\"0.0\" data-node=\"64fec5fb4b4af\">\n<div class=\"fl-module-content fl-node-content\">\n<div class=\"fl-mosaicflow\">\n<div class=\"fl-mosaicflow-content\">\n<div class=\"fl-mosaicflow-item\">\n<div class=\"fl-photo fl-photo-align-center\" itemscope=\"\" itemtype=\"http:\/\/schema.org\/ImageObject\">\n<div class=\"fl-photo-content fl-photo-img-jpg\"> <a href=\"\/de\/uploads\/Soft-Felt-5.webp\/\" itemprop=\"url\" target=\"_self\"> <img decoding=\"async\" alt=\"Weicher Filz (5)\" class=\"fl-photo-img wp-image-2364\" itemprop=\"image\" src=\"\/wp-content\/uploads\/2025\/09\/90023093f967c7bc.webp\"> <\/img><\/a> <\/div>\n<\/p><\/div>\n<\/p><\/div>\n<div class=\"fl-mosaicflow-item\">\n<div class=\"fl-photo fl-photo-align-center\" itemscope=\"\" itemtype=\"http:\/\/schema.org\/ImageObject\">\n<div class=\"fl-photo-content fl-photo-img-jpg\"> <a href=\"\/de\/uploads\/Soft-Felt-7.webp\/\" itemprop=\"url\" target=\"_self\"> <img decoding=\"async\" alt=\"Weicher Filz (7)\" class=\"fl-photo-img wp-image-2366\" itemprop=\"image\" src=\"\/wp-content\/uploads\/2025\/09\/4d2a0ce8de54e8af.webp\"> <\/img><\/a> <\/div>\n<\/p><\/div>\n<\/p><\/div>\n<div class=\"fl-mosaicflow-item\">\n<div class=\"fl-photo fl-photo-align-center\" itemscope=\"\" itemtype=\"http:\/\/schema.org\/ImageObject\">\n<div class=\"fl-photo-content fl-photo-img-jpg\"> <a href=\"\/de\/uploads\/Soft-Felt-4.webp\/\" itemprop=\"url\" target=\"_self\"> <img decoding=\"async\" alt=\"Weicher Filz (4)\" class=\"fl-photo-img wp-image-2367\" itemprop=\"image\" src=\"\/wp-content\/uploads\/2025\/09\/778e08640f4e2401.webp\"> <\/img><\/a> <\/div>\n<\/p><\/div>\n<\/p><\/div>\n<\/p><\/div>\n<div class=\"fl-clear\"><\/div>\n<\/p><\/div>\n<\/p><\/div>\n<\/p><\/div>\n<\/p><\/div>\n<\/p><\/div>\n<\/p><\/div>\n<div class=\"fl-col-group fl-node-661775bb13eb2\" data-node=\"661775bb13eb2\">\n<div class=\"fl-col fl-node-661775bb1405d\" data-node=\"661775bb1405d\" style=\"width: 100%;\">\n<div class=\"fl-col-content fl-node-content\">\n<div class=\"fl-module fl-module-rich-text fl-node-661775bb13d63\" data-animation-delay=\"0.0\" data-node=\"661775bb13d63\">\n<div class=\"fl-module-content fl-node-content\">\n<div class=\"fl-rich-text\">\n<p><img decoding=\"async\" alt=\"SEMICERA -Arbeitsplatz\" class=\"alignnone size-full wp-image-7286 aligncenter\" src=\"\/wp-content\/uploads\/2025\/09\/b1dd0bcab1675ff4.webp\"> <img decoding=\"async\" alt=\"Semizelle Arbeitsplatz 2\" class=\"alignnone size-full wp-image-7287 aligncenter\" src=\"\/wp-content\/uploads\/2025\/09\/2b946d2b4b61306d.webp\"> <img decoding=\"async\" alt=\"Ausr\u00fcstungsmaschine\" class=\"alignnone size-full wp-image-7288 aligncenter\" src=\"\/wp-content\/uploads\/2025\/09\/081b6529d68ead23.webp\"\/> <img decoding=\"async\" alt=\"CNN -Verarbeitung, chemische Reinigung, CVD -Beschichtung\" class=\"alignnone size-full wp-image-7289 aligncenter\" src=\"\/wp-content\/uploads\/2025\/09\/a4132b2b399abbac.webp\"\/> <img decoding=\"async\" alt=\"Unser Service\" class=\"alignnone size-full wp-image-7290 aligncenter\" src=\"\/wp-content\/uploads\/2025\/09\/b07f222c0ec0ab8d.webp\"\/><\/img><\/img><\/p>\n<\/p><\/div>\n<\/p><\/div>\n<\/p><\/div>\n<\/p><\/div>\n<\/p><\/div>\n<\/p><\/div>\n<\/p><\/div>\n<\/p><\/div>\n<\/p><\/div>\n<\/div>","protected":false},"excerpt":{"rendered":"<p>Semicera EnergyTechnology Co., Ltd. ist ein f\u00fchrender Anbieter, der sich auf Wafer und fortschrittliche Halbleiter-Verbrauchsmaterial spezialisiert hat. Wir sind bestrebt, hochwertige, zuverl\u00e4ssige und innovative Produkte der Herstellung von Halbleiter, Photovoltaikindustrie und anderen verwandten Feldern zu bieten. Nitrid und Aluminiumoxid usw., da ein vertrauensw\u00fcrdiger Lieferant, wir verstehen die Bedeutung von Verbrauchsmaterialien im Herstellungsprozess und sind bestrebt, Produkte zu liefern, die die h\u00f6chsten Qualit\u00e4tsstandards entsprechen, um die Bed\u00fcrfnisse unserer Kunden zu erf\u00fcllen.<\/p>","protected":false},"featured_media":476,"comment_status":"closed","ping_status":"open","template":"","meta":[],"product_brand":[],"product_cat":[29,43],"product_tag":[],"class_list":{"0":"post-2125","1":"product","2":"type-product","3":"status-publish","4":"has-post-thumbnail","6":"product_cat-carbon-fiber","7":"product_cat-soft-felt","9":"first","10":"instock","11":"product-type-simple"},"_links":{"self":[{"href":"https:\/\/www.cn-semiconductorparts.com\/de\/wp-json\/wp\/v2\/product\/2125","targetHints":{"allow":["GET"]}}],"collection":[{"href":"https:\/\/www.cn-semiconductorparts.com\/de\/wp-json\/wp\/v2\/product"}],"about":[{"href":"https:\/\/www.cn-semiconductorparts.com\/de\/wp-json\/wp\/v2\/types\/product"}],"replies":[{"embeddable":true,"href":"https:\/\/www.cn-semiconductorparts.com\/de\/wp-json\/wp\/v2\/comments?post=2125"}],"wp:featuredmedia":[{"embeddable":true,"href":"https:\/\/www.cn-semiconductorparts.com\/de\/wp-json\/wp\/v2\/media\/476"}],"wp:attachment":[{"href":"https:\/\/www.cn-semiconductorparts.com\/de\/wp-json\/wp\/v2\/media?parent=2125"}],"wp:term":[{"taxonomy":"product_brand","embeddable":true,"href":"https:\/\/www.cn-semiconductorparts.com\/de\/wp-json\/wp\/v2\/product_brand?post=2125"},{"taxonomy":"product_cat","embeddable":true,"href":"https:\/\/www.cn-semiconductorparts.com\/de\/wp-json\/wp\/v2\/product_cat?post=2125"},{"taxonomy":"product_tag","embeddable":true,"href":"https:\/\/www.cn-semiconductorparts.com\/de\/wp-json\/wp\/v2\/product_tag?post=2125"}],"curies":[{"name":"wp","href":"https:\/\/api.w.org\/{rel}","templated":true}]}}