{"id":2182,"date":"2025-09-11T05:33:13","date_gmt":"2025-09-11T05:33:13","guid":{"rendered":"https:\/\/weitai2.globaldeepsea.site\/product\/custom-silicon-carbide-ceramic-vacuum-chucks\/"},"modified":"2025-09-11T05:33:17","modified_gmt":"2025-09-11T05:33:17","slug":"custom-silicon-carbide-ceramic-vacuum-chucks","status":"publish","type":"product","link":"https:\/\/www.cn-semiconductorparts.com\/de\/product\/custom-silicon-carbide-ceramic-vacuum-chucks\/","title":{"rendered":"Custom silicon carbide ceramic vacuum chucks"},"content":{"rendered":"<div class=\"fl-builder-content fl-builder-content-3759 fl-builder-content-primary fl-builder-global-templates-locked\" data-post-id=\"3759\">\n<div class=\"fl-row fl-row-full-width fl-row-bg-none fl-node-64edabc702fef\" data-node=\"64edabc702fef\">\n<div class=\"fl-row-content-wrap\">\n<div class=\"fl-row-content fl-row-full-width fl-node-content\">\n<div class=\"fl-col-group fl-node-64edabc703034\" data-node=\"64edabc703034\">\n<div class=\"fl-col fl-node-64edabc703076\" data-node=\"64edabc703076\" style=\"width: 100%;\">\n<div class=\"fl-col-content fl-node-content\">\n<div class=\"fl-module fl-module-rich-text fl-node-64edabc7030ba\" data-animation-delay=\"0.0\" data-node=\"64edabc7030ba\">\n<div class=\"fl-module-content fl-node-content\">\n<div class=\"fl-rich-text\">\n<p>Siliziumkarbid ist eine neue Art von Keramik mit hoher Kostenleistung und hervorragenden Materialeigenschaften. Aufgrund von Merkmalen wie hoher Festigkeit und H\u00e4rte, hoher Temperaturbest\u00e4ndigkeit, gro\u00dfer thermischer Leitf\u00e4higkeit und chemischer Korrosionsbest\u00e4ndigkeit kann Siliziumcarbid fast dem gesamten chemischen Medium standhalten. Daher werden SIC in \u00d6labbau, Chemikalie, Maschinen und Luftraum, sogar Kernenergie und das Milit\u00e4r ihre besonderen Anforderungen an SIC, h\u00e4ufig eingesetzt. Einige normale Anwendungen, die wir anbieten k\u00f6nnen, sind Dichtungsringe f\u00fcr Pumpe, Ventil und Schutzpanzer usw.<\/p>\n<p>Wir k\u00f6nnen nach Ihren spezifischen Abmessungen mit guter Qualit\u00e4t und angemessener Zeitzeit entwerfen und herstellen.\u00a0<\/p>\n<\/p><\/div>\n<\/p><\/div>\n<\/p><\/div>\n<\/p><\/div>\n<\/p><\/div>\n<\/p><\/div>\n<div class=\"fl-col-group fl-node-64edabc703318\" data-node=\"64edabc703318\">\n<div class=\"fl-col fl-node-64edabc703359\" data-node=\"64edabc703359\" style=\"width: 62.67%;\">\n<div class=\"fl-col-content fl-node-content\">\n<div class=\"fl-module fl-module-photo fl-node-64edabc7032d8\" data-animation-delay=\"0.0\" data-node=\"64edabc7032d8\">\n<div class=\"fl-module-content fl-node-content\">\n<div class=\"fl-photo fl-photo-align-center\" itemscope=\"\" itemtype=\"http:\/\/schema.org\/ImageObject\">\n<div class=\"fl-photo-content fl-photo-img-jpg\"> <img decoding=\"async\" alt=\"1-2201051TJ9636\" class=\"fl-photo-img wp-image-2434\" itemprop=\"image\" src=\"\/wp-content\/uploads\/2025\/09\/691ce58f6cc82829.webp\"> <\/img><\/div>\n<\/p><\/div>\n<\/p><\/div>\n<\/p><\/div>\n<\/p><\/div>\n<\/p><\/div>\n<div class=\"fl-col fl-node-64edabc70339a fl-col-small\" data-node=\"64edabc70339a\" style=\"width: 37.33%;\">\n<div class=\"fl-col-content fl-node-content\">\n<div class=\"fl-module fl-module-heading fl-node-64edabc70341e\" data-animation-delay=\"0.0\" data-node=\"64edabc70341e\">\n<div class=\"fl-module-content fl-node-content\">\n<h3 class=\"fl-heading\"> <span class=\"fl-heading-text\">Advantages<\/span> <\/h3>\n<\/p><\/div>\n<\/p><\/div>\n<div class=\"fl-module fl-module-rich-text fl-node-64edabc7031c0\" data-animation-delay=\"0.0\" data-node=\"64edabc7031c0\">\n<div class=\"fl-module-content fl-node-content\">\n<div class=\"fl-rich-text\">\n<p>Hochtemperaturoxidationswiderstand<\/p>\n<p>Hervorragende Korrosionsbest\u00e4ndigkeit<\/p>\n<p>Gute Abriebfestigkeit<\/p>\n<p>Hoher W\u00e4rmungsleitf\u00e4higkeitskoeffizient<\/p>\n<p>Selbstglagen, geringe Dichte<\/p>\n<p>Hohe H\u00e4rte<\/p>\n<p>Individuelles Design.<\/p>\n<\/p><\/div>\n<\/p><\/div>\n<\/p><\/div>\n<\/p><\/div>\n<\/p><\/div>\n<\/p><\/div>\n<div class=\"fl-col-group fl-node-64edabc7030fc\" data-node=\"64edabc7030fc\">\n<div class=\"fl-col fl-node-64edabc70313e\" data-node=\"64edabc70313e\" style=\"width: 100%;\">\n<div class=\"fl-col-content fl-node-content\">\n<div class=\"fl-module fl-module-heading fl-node-64edabc7033dc\" data-animation-delay=\"0.0\" data-node=\"64edabc7033dc\">\n<div class=\"fl-module-content fl-node-content\">\n<h3 class=\"fl-heading\"> <span class=\"fl-heading-text\">Anwendungen<\/span> <\/h3>\n<\/p><\/div>\n<\/p><\/div>\n<div class=\"fl-module fl-module-rich-text fl-node-64edabc70317f\" data-animation-delay=\"0.0\" data-node=\"64edabc70317f\">\n<div class=\"fl-module-content fl-node-content\">\n<div class=\"fl-rich-text\">\n<p><span style=\"font-family: Calibri;\">-Verschlei\u00df-resistentes Feld: Buchse, Platte, Sandstrahld\u00fcse, Zyklonauskleidung, Schleiflauf usw.\u2026<\/span><\/p>\n<p><span style=\"font-family: Calibri;\">-Hochtemperaturfeld: SIC -Platte, Quenching -Ofenrohr, Strahlungsrohr, Tiegel, Heizelement, Walzen, Strahl, W\u00e4rmetauscher, Kaltluftrohr, Brennerd\u00fcse, Thermoelenteils -Schutzrohr, SIC -Boot, Kilnauto -Struktur, Setter usw.<\/span><\/p>\n<p><span style=\"font-family: Calibri;\">-Milit\u00e4risches kugelsicheres Feld<\/span><\/p>\n<p><span style=\"font-family: Calibri;\">-Siliziumcarbid -Halbleiter: SiC -Waferboot, SIC -Chuck, SIC -Paddel, SiC -Kassette, SiC -Diffusionsrohr, Wafergabel, Saugschild, F\u00fchrungsanleitung usw.<\/span><\/p>\n<p><span style=\"font-family: Calibri;\">-Siliziumkarbiddichtungsfeld: Alle Arten von Dichtungsring, Lager, Buchse usw.<\/span><\/p>\n<p><span style=\"font-family: Calibri;\">-Photovoltaikfeld: Ausleger Paddel, Schleiflauf, Siliziumkarbidwalze usw.<\/span><\/p>\n<p><span style=\"font-family: Calibri;\">-Lithiumbatteriefeld<\/span><\/p>\n<\/p><\/div>\n<\/p><\/div>\n<\/p><\/div>\n<\/p><\/div>\n<\/p><\/div>\n<\/p><\/div>\n<div class=\"fl-col-group fl-node-64edabe4b28de\" data-node=\"64edabe4b28de\">\n<div class=\"fl-col fl-node-64edabe4b2bbe\" data-node=\"64edabe4b2bbe\" style=\"width: 100%;\">\n<div class=\"fl-col-content fl-node-content\">\n<div class=\"fl-module fl-module-gallery fl-node-64edabe4b26b8\" data-animation-delay=\"0.0\" data-node=\"64edabe4b26b8\">\n<div class=\"fl-module-content fl-node-content\">\n<div class=\"fl-mosaicflow\">\n<div class=\"fl-mosaicflow-content\">\n<div class=\"fl-mosaicflow-item\">\n<div class=\"fl-photo fl-photo-align-center\" itemscope=\"\" itemtype=\"http:\/\/schema.org\/ImageObject\">\n<div class=\"fl-photo-content fl-photo-img-png\"> <a href=\"\/de\/uploads\/SIC-ceramic-sucker2.webp\/\" itemprop=\"url\" target=\"_self\"> <img decoding=\"async\" alt=\"SIC ceramic sucker2\" class=\"fl-photo-img wp-image-3764\" itemprop=\"image\" src=\"\/wp-content\/uploads\/2025\/09\/0595cff0bd0aec3a.webp\"> <\/img><\/a> <\/div>\n<\/p><\/div>\n<\/p><\/div>\n<div class=\"fl-mosaicflow-item\">\n<div class=\"fl-photo fl-photo-align-center\" itemscope=\"\" itemtype=\"http:\/\/schema.org\/ImageObject\">\n<div class=\"fl-photo-content fl-photo-img-png\"> <a href=\"\/de\/uploads\/SIC-ceramic-sucker5.webp\/\" itemprop=\"url\" target=\"_self\"> <img decoding=\"async\" alt=\"SIC ceramic sucker5\" class=\"fl-photo-img wp-image-3767\" itemprop=\"image\" src=\"\/wp-content\/uploads\/2025\/09\/d848307d7bdeedb3.webp\"> <\/img><\/a> <\/div>\n<\/p><\/div>\n<\/p><\/div>\n<\/p><\/div>\n<div class=\"fl-clear\"><\/div>\n<\/p><\/div>\n<\/p><\/div>\n<\/p><\/div>\n<\/p><\/div>\n<\/p><\/div>\n<\/p><\/div>\n<div class=\"fl-col-group fl-node-64edabc703201\" data-node=\"64edabc703201\">\n<div class=\"fl-col fl-node-64edabc703243\" data-node=\"64edabc703243\" style=\"width: 100%;\">\n<div class=\"fl-col-content fl-node-content\">\n<div class=\"fl-module fl-module-heading fl-node-64edabc703255\" data-animation-delay=\"0.0\" data-node=\"64edabc703255\">\n<div class=\"fl-module-content fl-node-content\">\n<h3 class=\"fl-heading\"> <span class=\"fl-heading-text\">Technical Parameters<\/span> <\/h3>\n<\/p><\/div>\n<\/p><\/div>\n<div class=\"fl-module fl-module-photo fl-node-64edabc703296\" data-animation-delay=\"0.0\" data-node=\"64edabc703296\">\n<div class=\"fl-module-content fl-node-content\">\n<div class=\"fl-photo fl-photo-align-center\" itemscope=\"\" itemtype=\"http:\/\/schema.org\/ImageObject\">\n<div class=\"fl-photo-content fl-photo-img-png\"> <img decoding=\"async\" alt=\"\u56fe\u72471\" class=\"fl-photo-img wp-image-2429\" itemprop=\"image\" src=\"\/wp-content\/uploads\/2025\/09\/e16a8a56d25ff317.webp\"> <\/img><\/div>\n<\/p><\/div>\n<\/p><\/div>\n<\/p><\/div>\n<\/p><\/div>\n<\/p><\/div>\n<\/p><\/div>\n<\/p><\/div>\n<\/p><\/div>\n<\/p><\/div>\n<\/div>","protected":false},"excerpt":{"rendered":"<p>Semicera Energy Technology Co., Ltd. ist ein f\u00fchrender Lieferant, der sich auf Wafer- und fortschrittliche Halbleiterverbrauchsg\u00fcter spezialisiert hat. Wir sind bestrebt, hochwertige, zuverl\u00e4ssige und innovative Produkte f\u00fcr die Herstellung von Halbleiter, Photovoltaikindustrie und andere verwandte Fields zu bieten. Aluminiumoxid usw., ein vertrauensw\u00fcrdiger Lieferant, wir verstehen die Bedeutung von Verbrauchsmaterialien f\u00fcr den Herstellungsprozess und sind bestrebt, Produkte zu liefern, die den h\u00f6chsten Qualit\u00e4tsstandards entsprechen, um die Bed\u00fcrfnisse unserer Kunden zu erf\u00fcllen.<\/p>","protected":false},"featured_media":815,"comment_status":"closed","ping_status":"open","template":"","meta":[],"product_brand":[],"product_cat":[25,24],"product_tag":[],"class_list":{"0":"post-2182","1":"product","2":"type-product","3":"status-publish","4":"has-post-thumbnail","6":"product_cat-more-sic-product","7":"product_cat-silicon-carbide-ceramic","9":"first","10":"instock","11":"product-type-simple"},"_links":{"self":[{"href":"https:\/\/www.cn-semiconductorparts.com\/de\/wp-json\/wp\/v2\/product\/2182","targetHints":{"allow":["GET"]}}],"collection":[{"href":"https:\/\/www.cn-semiconductorparts.com\/de\/wp-json\/wp\/v2\/product"}],"about":[{"href":"https:\/\/www.cn-semiconductorparts.com\/de\/wp-json\/wp\/v2\/types\/product"}],"replies":[{"embeddable":true,"href":"https:\/\/www.cn-semiconductorparts.com\/de\/wp-json\/wp\/v2\/comments?post=2182"}],"wp:featuredmedia":[{"embeddable":true,"href":"https:\/\/www.cn-semiconductorparts.com\/de\/wp-json\/wp\/v2\/media\/815"}],"wp:attachment":[{"href":"https:\/\/www.cn-semiconductorparts.com\/de\/wp-json\/wp\/v2\/media?parent=2182"}],"wp:term":[{"taxonomy":"product_brand","embeddable":true,"href":"https:\/\/www.cn-semiconductorparts.com\/de\/wp-json\/wp\/v2\/product_brand?post=2182"},{"taxonomy":"product_cat","embeddable":true,"href":"https:\/\/www.cn-semiconductorparts.com\/de\/wp-json\/wp\/v2\/product_cat?post=2182"},{"taxonomy":"product_tag","embeddable":true,"href":"https:\/\/www.cn-semiconductorparts.com\/de\/wp-json\/wp\/v2\/product_tag?post=2182"}],"curies":[{"name":"wp","href":"https:\/\/api.w.org\/{rel}","templated":true}]}}