{"id":2199,"date":"2025-09-11T05:33:20","date_gmt":"2025-09-11T05:33:20","guid":{"rendered":"https:\/\/weitai2.globaldeepsea.site\/product\/custom-high-temperature-corrosion-resistant-sic-bonded-si3n4-refractory-brick\/"},"modified":"2026-04-29T15:28:17","modified_gmt":"2026-04-29T07:28:17","slug":"custom-high-temperature-corrosion-resistant-sic-bonded-si3n4-refractory-brick","status":"publish","type":"product","link":"https:\/\/www.cn-semiconductorparts.com\/de\/product\/custom-high-temperature-corrosion-resistant-sic-bonded-si3n4-refractory-brick\/","title":{"rendered":"Custom high temperature corrosion resistant SiC Bonded Si3N4 Refractory Brick"},"content":{"rendered":"<p><?xml encoding=\"utf-8\" ?><\/p>\n<div class=\"fl-builder-content fl-builder-content-3566 fl-builder-content-primary fl-builder-global-templates-locked\" data-post-id=\"3566\">\n<div class=\"fl-row fl-row-full-width fl-row-bg-none fl-node-64e8465e9661d\" data-node=\"64e8465e9661d\">\n<div class=\"fl-row-content-wrap\">\n<div class=\"fl-row-content fl-row-full-width fl-node-content\">\n<div class=\"fl-col-group fl-node-64e8465e9685c\" data-node=\"64e8465e9685c\">\n<div class=\"fl-col fl-node-64e8465e9689c\" data-node=\"64e8465e9689c\" style=\"width: 100%;\">\n<div class=\"fl-col-content fl-node-content\">\n<div class=\"fl-module fl-module-rich-text fl-node-64e8465e967d7\" data-animation-delay=\"0.0\" data-node=\"64e8465e967d7\">\n<div class=\"fl-module-content fl-node-content\">\n<div class=\"fl-rich-text\">\n<p>Siliziumnitrid in Kombination mit Siliziumcarbidofen hat die Eigenschaften der Hochtemperaturfestigkeit, einer guten thermischen Schockwiderstand, einer einfachen Deformation, der Oxidationsresistenz, der Korrosionsbest\u00e4ndigkeit, einer guten thermischen Leitf\u00e4higkeit und so weiter.<\/p>\n<\/p><\/div>\n<\/p><\/div>\n<\/p><\/div>\n<\/p><\/div>\n<\/p><\/div>\n<\/p><\/div>\n<div class=\"fl-col-group fl-node-64e8465e96919\" data-node=\"64e8465e96919\">\n<div class=\"fl-col fl-node-64e8465e96958\" data-node=\"64e8465e96958\" style=\"width: 100%;\">\n<div class=\"fl-col-content fl-node-content\">\n<div class=\"fl-module fl-module-photo fl-node-64e8465e968da\" data-animation-delay=\"0.0\" data-node=\"64e8465e968da\">\n<div class=\"fl-module-content fl-node-content\">\n<div class=\"fl-photo fl-photo-align-center\" itemscope=\"\" itemtype=\"http:\/\/schema.org\/ImageObject\">\n<div class=\"fl-photo-content fl-photo-img-png\"> <img decoding=\"async\" alt=\"Refractory Brick (5)\" class=\"fl-photo-img wp-image-3570\" itemprop=\"image\" src=\"\/wp-content\/uploads\/2025\/09\/59ce75ddea9b3bfa.webp\"> <\/div>\n<\/p><\/div>\n<\/p><\/div>\n<\/p><\/div>\n<\/p><\/div>\n<\/p><\/div>\n<\/p><\/div>\n<div class=\"fl-col-group fl-node-64e8465e9665e\" data-node=\"64e8465e9665e\">\n<div class=\"fl-col fl-node-64e8465e9669e\" data-node=\"64e8465e9669e\" style=\"width: 100%;\">\n<div class=\"fl-col-content fl-node-content\">\n<div class=\"fl-module fl-module-heading fl-node-64e8465e966dd\" data-animation-delay=\"0.0\" data-node=\"64e8465e966dd\">\n<div class=\"fl-module-content fl-node-content\">\n<h3 class=\"fl-heading\"> <span class=\"fl-heading-text\">Hauptleistungsindikatoren<\/span> <\/h3>\n<\/p><\/div>\n<\/p><\/div>\n<div class=\"fl-module fl-module-rich-text fl-node-64e8465e9671b\" data-animation-delay=\"0.0\" data-node=\"64e8465e9671b\">\n<div class=\"fl-module-content fl-node-content\">\n<div class=\"fl-rich-text\">\n<table border=\"0\" cellspacing=\"0\">\n<tbody>\n<tr>\n<td valign=\"bottom\" width=\"213\">\n<p style=\"text-align: center;\">Artikel<\/p>\n<\/td>\n<td valign=\"bottom\" width=\"132\">\n<p align=\"center\">Firebrick Index<\/p>\n<\/td>\n<td valign=\"bottom\" width=\"132\">\n<p align=\"center\">Ofenspezifikation<\/p>\n<\/td>\n<td valign=\"bottom\" width=\"174\">\n<p align=\"center\">Index des geformten Produkts<\/p>\n<\/td>\n<\/tr>\n<tr>\n<td valign=\"bottom\" width=\"213\">\n<p align=\"center\"><span style=\"font-family: Calibri;\">Scheinbare Porosit\u00e4t<\/span><span style=\"font-family: &#23435;&#20307;;\">&#65288;<\/span><span style=\"font-family: Calibri;\">%<\/span><span style=\"font-family: &#23435;&#20307;;\">&#65289;<\/span><\/p>\n<\/td>\n<td valign=\"bottom\" width=\"132\">\n<p align=\"center\"><span style=\"font-family: Calibri;\">&lt;16<\/span><\/p>\n<\/td>\n<td valign=\"bottom\" width=\"132\">\n<p align=\"center\"><span style=\"font-family: Calibri;\">&lt;16<\/span><\/p>\n<\/td>\n<td valign=\"bottom\" width=\"174\">\n<p align=\"center\"><span style=\"font-family: Calibri;\">&lt;14<\/span><\/p>\n<\/td>\n<\/tr>\n<tr>\n<td valign=\"bottom\" width=\"213\">\n<p align=\"center\"><span style=\"font-family: Calibri;\">Sch\u00fcttdichte<\/span><span style=\"font-family: &#23435;&#20307;;\">&#65288;<\/span><span style=\"font-family: Calibri;\">g\/cm3<\/span><span style=\"font-family: &#23435;&#20307;;\">&#65289;<\/span><\/p>\n<\/td>\n<td valign=\"bottom\" width=\"132\">\n<p align=\"center\"><span style=\"font-family: Calibri;\">2 2.65<\/span><\/p>\n<\/td>\n<td valign=\"bottom\" width=\"132\">\n<p align=\"center\"><span style=\"font-family: Calibri;\">2 2.65<\/span><\/p>\n<\/td>\n<td valign=\"bottom\" width=\"174\">\n<p align=\"center\"><span style=\"font-family: Calibri;\">2 2.68<\/span><\/p>\n<\/td>\n<\/tr>\n<tr>\n<td valign=\"bottom\" width=\"213\">\n<p align=\"center\"><span style=\"font-family: Calibri;\">Druckfestigkeit bei Raumtemperatur<\/span><span style=\"font-family: &#23435;&#20307;;\">&#65288;<\/span><span style=\"font-family: Calibri;\">MPA<\/span><span style=\"font-family: &#23435;&#20307;;\">&#65289;<\/span><\/p>\n<\/td>\n<td valign=\"bottom\" width=\"132\">\n<p align=\"center\"><span style=\"font-family: Calibri;\">2 160<\/span><\/p>\n<\/td>\n<td valign=\"bottom\" width=\"132\">\n<p align=\"center\"><span style=\"font-family: Calibri;\">2 170<\/span><\/p>\n<\/td>\n<td valign=\"bottom\" width=\"174\">\n<p align=\"center\"><span style=\"font-family: Calibri;\">2 180<\/span><\/p>\n<\/td>\n<\/tr>\n<tr>\n<td valign=\"bottom\" width=\"213\">\n<p align=\"center\"><span style=\"font-family: Calibri;\">Biegefestigkeit bei Raumtemperatur<\/span><span style=\"font-family: &#23435;&#20307;;\">&#65288;<\/span><span style=\"font-family: Calibri;\">1400X<\/span><span style=\"font-family: &#23435;&#20307;;\">&#65306;<\/span><span style=\"font-family: &#23435;&#20307;;\">&#65289;<\/span> <span style=\"font-family: Calibri;\">MPA<\/span><\/p>\n<\/td>\n<td valign=\"bottom\" width=\"132\">\n<p align=\"center\"><span style=\"font-family: Calibri;\">2 40<\/span><\/p>\n<\/td>\n<td valign=\"bottom\" width=\"132\">\n<p align=\"center\"><span style=\"font-family: Calibri;\">2 45<\/span><\/p>\n<\/td>\n<td valign=\"bottom\" width=\"174\">\n<p align=\"center\"><span style=\"font-family: Calibri;\">2 45<\/span><\/p>\n<\/td>\n<\/tr>\n<tr>\n<td valign=\"bottom\" width=\"213\">\n<p align=\"center\"><span style=\"font-family: Calibri;\">Hochtemperaturbiegefestigkeit<\/span><span style=\"font-family: &#23435;&#20307;;\">&#65288;<\/span><span style=\"font-family: Calibri;\">1400r <\/span><span style=\"font-family: &#23435;&#20307;;\">&#65289;<\/span> <span style=\"font-family: Calibri;\">MPA<\/span><\/p>\n<\/td>\n<td valign=\"bottom\" width=\"132\">\n<p align=\"center\"><span style=\"font-family: Calibri;\">2 50<\/span><\/p>\n<\/td>\n<td valign=\"bottom\" width=\"132\">\n<p align=\"center\"><span style=\"font-family: Calibri;\">2 50<\/span><\/p>\n<\/td>\n<td valign=\"bottom\" width=\"174\">\n<p align=\"center\"><span style=\"font-family: Calibri;\">2 50<\/span><\/p>\n<\/td>\n<\/tr>\n<tr>\n<td valign=\"top\" width=\"213\">\n<p align=\"center\"><span style=\"font-family: Calibri;\">W\u00e4rmeleitkoeffizient<\/span><span style=\"font-family: &#23435;&#20307;;\">&#65288;<\/span><span style=\"font-family: Calibri;\">110CTC<\/span><span style=\"font-family: &#23435;&#20307;;\">&#65289; <\/span><span style=\"font-family: Calibri;\">xiovc<\/span><\/p>\n<\/td>\n<td valign=\"top\" width=\"132\">\n<p align=\"center\"><span style=\"font-family: Calibri;\">&lt;4.18<\/span><\/p>\n<\/td>\n<td valign=\"top\" width=\"132\">\n<p align=\"center\"><span style=\"font-family: Calibri;\">&lt;4.18<\/span><\/p>\n<\/td>\n<td valign=\"top\" width=\"174\">\n<p align=\"center\"><span style=\"font-family: Calibri;\">&lt;4.18<\/span><\/p>\n<\/td>\n<\/tr>\n<tr>\n<td valign=\"top\" width=\"213\">\n<p align=\"center\"><span style=\"font-family: Calibri;\">W\u00e4rmeleitf\u00e4higkeit<\/span><span style=\"font-family: &#23435;&#20307;;\">&#65288;<\/span><span style=\"font-family: Calibri;\">1100C<\/span><span style=\"font-family: &#23435;&#20307;;\">&#65289;<\/span><\/p>\n<\/td>\n<td valign=\"top\" width=\"132\">\n<p align=\"center\"><span style=\"font-family: Calibri;\">216<\/span><\/p>\n<\/td>\n<td valign=\"top\" width=\"132\">\n<p align=\"center\"><span style=\"font-family: Calibri;\">2 16<\/span><\/p>\n<\/td>\n<td valign=\"top\" width=\"174\">\n<p align=\"center\"><span style=\"font-family: Calibri;\">216<\/span><\/p>\n<\/td>\n<\/tr>\n<tr>\n<td valign=\"top\" width=\"213\">\n<p align=\"center\"><span style=\"font-family: Calibri;\">Refraktionen<\/span><span style=\"font-family: &#23435;&#20307;;\">&#65288;<\/span><span style=\"font-family: &#23435;&#20307;;\">&deg;<\/span><span style=\"font-family: Calibri;\">C <\/span>&#65289;<\/p>\n<\/td>\n<td valign=\"top\" width=\"132\">\n<p align=\"center\"><span style=\"font-family: Calibri;\">1800<\/span><\/p>\n<\/td>\n<td valign=\"top\" width=\"132\">\n<p align=\"center\"><span style=\"font-family: Calibri;\">1800<\/span><\/p>\n<\/td>\n<td valign=\"top\" width=\"174\">\n<p align=\"center\"><span style=\"font-family: Calibri;\">1800<\/span><\/p>\n<\/td>\n<\/tr>\n<tr>\n<td valign=\"top\" width=\"213\">\n<p align=\"center\"><span style=\"font-family: Calibri;\">0,2 MPa<\/span>&nbsp;<span style=\"font-family: Calibri;\">Erweidungstemperatur unter Last<\/span><span style=\"font-family: &#23435;&#20307;;\">&#65288;<\/span><span style=\"font-family: Calibri;\">X<\/span><span style=\"font-family: &#23435;&#20307;;\">&#65306;&#65289;<\/span><\/p>\n<\/td>\n<td valign=\"top\" width=\"132\">\n<p align=\"center\"><span style=\"font-family: Calibri;\">1600<\/span><\/p>\n<\/td>\n<td valign=\"top\" width=\"132\">\n<p align=\"center\"><span style=\"font-family: Calibri;\">1600<\/span><\/p>\n<\/td>\n<td valign=\"top\" width=\"174\">\n<p align=\"center\"><span style=\"font-family: Calibri;\">&gt; 1700<\/span><\/p>\n<\/td>\n<\/tr>\n<tr>\n<td valign=\"bottom\" width=\"213\">\n<p align=\"center\"><span style=\"font-family: Calibri;\">Maximale Betriebstemperatur <\/span><span style=\"font-family: &#23435;&#20307;;\">&#65288;<\/span><span style=\"font-family: &#23435;&#20307;;\">&deg;<\/span><span style=\"font-family: Calibri;\">C<\/span>&#65289;<\/p>\n<\/td>\n<td valign=\"bottom\" width=\"132\">\n<p align=\"center\"><span style=\"font-family: Calibri;\">1550<\/span><\/p>\n<\/td>\n<td valign=\"bottom\" width=\"132\">\n<p align=\"center\"><span style=\"font-family: Calibri;\">1550<\/span><\/p>\n<\/td>\n<td valign=\"bottom\" width=\"174\">\n<p align=\"center\"><span style=\"font-family: Calibri;\">1550<\/span><\/p>\n<\/td>\n<\/tr>\n<\/tbody>\n<\/table><\/div>\n<\/p><\/div>\n<\/p><\/div>\n<\/p><\/div>\n<\/p><\/div>\n<\/p><\/div>\n<div class=\"fl-col-group fl-node-64e8465e9675a\" data-node=\"64e8465e9675a\">\n<div class=\"fl-col fl-node-64e8465e96798\" data-node=\"64e8465e96798\" style=\"width: 100%;\">\n<div class=\"fl-col-content fl-node-content\">\n<div class=\"fl-module fl-module-rich-text fl-node-64e8465e96815\" data-animation-delay=\"0.0\" data-node=\"64e8465e96815\">\n<div class=\"fl-module-content fl-node-content\">\n<div class=\"fl-rich-text\">\n<p>Die Produkte werden h\u00e4ufig in Keramikschleifen, Produkten mit hohem Aluminium, Aluminium -Porzellankugel, Industrie\u00f6fen, elektronischer Keramik, Hochspannungs -Elektroporzellan, Sanit\u00e4rverspielern, t\u00e4glichem Porzellan, Nitridlegierung und Schaumkeramik und anderen Branchen verwendet.<\/p>\n<\/p><\/div>\n<\/p><\/div>\n<\/p><\/div>\n<\/p><\/div>\n<\/p><\/div>\n<\/p><\/div>\n<div class=\"fl-col-group fl-node-64e8465e96b0f\" data-node=\"64e8465e96b0f\">\n<div class=\"fl-col fl-node-64e8465e96b4e\" data-node=\"64e8465e96b4e\" style=\"width: 100%;\">\n<div class=\"fl-col-content fl-node-content\">\n<div class=\"fl-module fl-module-rich-text fl-node-64e8465e96b8c\" data-animation-delay=\"0.0\" data-node=\"64e8465e96b8c\">\n<div class=\"fl-module-content fl-node-content\">\n<div class=\"fl-rich-text\">\n<p data-section=\"9\" style=\"text-align: left;\">The wear resistance of Si3N4-SiC material is 3.13 times that of wear-resistant steel (Crl5Mo3), and the weight is only 1\/3 of that of wear-resistant steel (Crl5Mo3).<\/p>\n<p data-section=\"9\" style=\"text-align: left;\">The corrosion resistance quality reduction values of Si3N4-SiC and calcium carbide and alumina in various solutions are as follows:<\/p>\n<\/p><\/div>\n<\/p><\/div>\n<\/p><\/div>\n<\/p><\/div>\n<\/p><\/div>\n<\/p><\/div>\n<div class=\"fl-col-group fl-node-64e8465e96a54\" data-node=\"64e8465e96a54\">\n<div class=\"fl-col fl-node-64e8465e96a92\" data-node=\"64e8465e96a92\" style=\"width: 100%;\">\n<div class=\"fl-col-content fl-node-content\">\n<div class=\"fl-module fl-module-rich-text fl-node-64e8465e96ad1\" data-animation-delay=\"0.0\" data-node=\"64e8465e96ad1\">\n<div class=\"fl-module-content fl-node-content\">\n<div class=\"fl-rich-text\">\n<table border=\"0\" cellspacing=\"0\">\n<tbody>\n<tr>\n<td valign=\"bottom\" width=\"135\">\n<p>Test solution<\/p>\n<\/td>\n<td valign=\"bottom\" width=\"126\">\n<p align=\"center\">&nbsp;Temperature&#65288;&#8221;C&#65289;<\/p>\n<\/td>\n<td valign=\"bottom\" width=\"84\">\n<p align=\"center\">Si3N4-SiC<\/p>\n<\/td>\n<td valign=\"bottom\" width=\"136\">\n<p align=\"center\">Common ceramics<\/p>\n<\/td>\n<td valign=\"bottom\" width=\"135\">\n<p align=\"center\">Aluminium carbide<\/p>\n<\/td>\n<td valign=\"bottom\" width=\"126\">\n<p align=\"center\">Aluminium oxide<\/p>\n<\/td>\n<\/tr>\n<tr>\n<td valign=\"bottom\" width=\"135\">\n<p>98 %<span style=\"font-family: Calibri;\">Sulfuric acid<\/span><\/p>\n<\/td>\n<td valign=\"bottom\" width=\"126\">\n<p align=\"center\">100<\/p>\n<\/td>\n<td valign=\"bottom\" width=\"84\">\n<p align=\"center\">1.8<\/p>\n<\/td>\n<td valign=\"bottom\" width=\"136\">\n<p align=\"center\">55.0<\/p>\n<\/td>\n<td valign=\"bottom\" width=\"135\">\n<p align=\"center\">&gt; 1000<\/p>\n<\/td>\n<td valign=\"bottom\" width=\"126\">\n<p align=\"center\">65,0<\/p>\n<\/td>\n<\/tr>\n<tr>\n<td valign=\"bottom\" width=\"135\">\n<p>50 %<span style=\"font-family: Calibri;\">Sodium hydroxide<\/span><\/p>\n<\/td>\n<td valign=\"bottom\" width=\"126\">\n<p align=\"center\">100<\/p>\n<\/td>\n<td valign=\"bottom\" width=\"84\">\n<p align=\"center\">2,5<\/p>\n<\/td>\n<td valign=\"bottom\" width=\"136\">\n<p align=\"center\">&gt; 1000<\/p>\n<\/td>\n<td valign=\"bottom\" width=\"135\">\n<p align=\"center\">5.0<\/p>\n<\/td>\n<td valign=\"bottom\" width=\"126\">\n<p align=\"center\">75.0<\/p>\n<\/td>\n<\/tr>\n<tr>\n<td valign=\"bottom\" width=\"135\">\n<p>53 %<span style=\"font-family: Calibri;\">Hydrofluoric acid<\/span><\/p>\n<\/td>\n<td valign=\"bottom\" width=\"126\">\n<p align=\"center\">25<\/p>\n<\/td>\n<td valign=\"bottom\" width=\"84\">\n<p align=\"center\">&lt; 0.2<\/p>\n<\/td>\n<td valign=\"bottom\" width=\"136\">\n<p align=\"center\">7.9<\/p>\n<\/td>\n<td valign=\"bottom\" width=\"135\">\n<p align=\"center\">8.0<\/p>\n<\/td>\n<td valign=\"bottom\" width=\"126\">\n<p align=\"center\">20,0<\/p>\n<\/td>\n<\/tr>\n<tr>\n<td valign=\"top\" width=\"135\">\n<p>85 %<span style=\"font-family: Calibri;\">Phosphoric acid<\/span><\/p>\n<\/td>\n<td valign=\"top\" width=\"126\">\n<p align=\"center\">100<\/p>\n<\/td>\n<td valign=\"top\" width=\"84\">\n<p align=\"center\">&lt; 0.2<\/p>\n<\/td>\n<td valign=\"top\" width=\"136\">\n<p align=\"center\">8.8<\/p>\n<\/td>\n<td valign=\"top\" width=\"135\">\n<p align=\"center\">55.0<\/p>\n<\/td>\n<td valign=\"top\" width=\"126\">\n<p align=\"center\">&gt; 1000<\/p>\n<\/td>\n<\/tr>\n<tr>\n<td valign=\"top\" width=\"135\">\n<p>70 %<span style=\"font-family: Calibri;\">Nitric acid<\/span><\/p>\n<\/td>\n<td valign=\"top\" width=\"126\">\n<p align=\"center\">100<\/p>\n<\/td>\n<td valign=\"top\" width=\"84\">\n<p align=\"center\">&lt; 0.2<\/p>\n<\/td>\n<td valign=\"top\" width=\"136\">\n<p align=\"center\">0.5<\/p>\n<\/td>\n<td valign=\"top\" width=\"135\">\n<p align=\"center\">&gt; 1000<\/p>\n<\/td>\n<td valign=\"top\" width=\"126\">\n<p align=\"center\">7,0<\/p>\n<\/td>\n<\/tr>\n<tr>\n<td valign=\"top\" width=\"135\">\n<p>45 %<span style=\"font-family: Calibri;\">Potassium hydroxide<\/span><\/p>\n<\/td>\n<td valign=\"top\" width=\"126\">\n<p align=\"center\">100<\/p>\n<\/td>\n<td valign=\"top\" width=\"84\">\n<p align=\"center\">&lt; 0.2<\/p>\n<\/td>\n<td valign=\"top\" width=\"136\">\n<p align=\"center\">&gt; 1000<\/p>\n<\/td>\n<td valign=\"top\" width=\"135\">\n<p align=\"center\">3.0<\/p>\n<\/td>\n<td valign=\"top\" width=\"126\">\n<p align=\"center\">60,0<\/p>\n<\/td>\n<\/tr>\n<tr>\n<td valign=\"top\" width=\"135\">\n<p>25 %<span style=\"font-family: Calibri;\">Hydrochloric acid<\/span><\/p>\n<\/td>\n<td valign=\"top\" width=\"126\">\n<p align=\"center\">70<\/p>\n<\/td>\n<td valign=\"top\" width=\"84\">\n<p align=\"center\">&lt; 0.2<\/p>\n<\/td>\n<td valign=\"top\" width=\"136\">\n<p align=\"center\">0.9<\/p>\n<\/td>\n<td valign=\"top\" width=\"135\">\n<p align=\"center\">85.0<\/p>\n<\/td>\n<td valign=\"top\" width=\"126\">\n<p align=\"center\">72,0<\/p>\n<\/td>\n<\/tr>\n<tr>\n<td valign=\"bottom\" width=\"135\">\n<p>10% Hydrofluoric acid +57% Nitric acid<\/p>\n<p>&nbsp;<\/p>\n<\/td>\n<td valign=\"bottom\" width=\"126\">\n<p align=\"center\">25<\/p>\n<\/td>\n<td valign=\"bottom\" width=\"84\">\n<p align=\"center\">&lt; 0.2<\/p>\n<\/td>\n<td valign=\"bottom\" width=\"136\">\n<p align=\"center\">&gt; 1000<\/p>\n<\/td>\n<td valign=\"bottom\" width=\"135\">\n<p align=\"center\">&gt; 1000<\/p>\n<\/td>\n<td valign=\"bottom\" width=\"126\">\n<p align=\"center\">16,0<\/p>\n<\/td>\n<\/tr>\n<\/tbody>\n<\/table><\/div>\n<\/p><\/div>\n<\/p><\/div>\n<\/p><\/div>\n<\/p><\/div>\n<\/p><\/div>\n<div class=\"fl-col-group fl-node-64e8465e96997\" data-node=\"64e8465e96997\">\n<div class=\"fl-col fl-node-64e8465e969d6\" data-node=\"64e8465e969d6\" style=\"width: 100%;\">\n<div class=\"fl-col-content fl-node-content\">\n<div class=\"fl-module fl-module-photo fl-node-64e8465e96a15\" data-animation-delay=\"0.0\" data-node=\"64e8465e96a15\">\n<div class=\"fl-module-content fl-node-content\">\n<div class=\"fl-photo fl-photo-align-center\" itemscope=\"\" itemtype=\"http:\/\/schema.org\/ImageObject\">\n<div class=\"fl-photo-content fl-photo-img-png\"> <img decoding=\"async\" alt=\"Ofenm\u00f6bel (7)\" class=\"fl-photo-img wp-image-3557\" itemprop=\"image\" src=\"\/wp-content\/uploads\/2025\/09\/efe2eddc39b69e3d.webp\"> <\/div>\n<\/p><\/div>\n<\/p><\/div>\n<\/p><\/div>\n<\/p><\/div>\n<\/p><\/div>\n<\/p><\/div>\n<div class=\"fl-col-group fl-node-66177bae72182\" data-node=\"66177bae72182\">\n<div class=\"fl-col fl-node-66177bae72374\" data-node=\"66177bae72374\" style=\"width: 100%;\">\n<div class=\"fl-col-content fl-node-content\">\n<div class=\"fl-module fl-module-rich-text fl-node-66177bae72006\" data-animation-delay=\"0.0\" data-node=\"66177bae72006\">\n<div class=\"fl-module-content fl-node-content\">\n<div class=\"fl-rich-text\">\n<\/p><\/div>\n<\/p><\/div>\n<\/p><\/div>\n<\/p><\/div>\n<\/p><\/div>\n<\/p><\/div>\n<\/p><\/div>\n<\/p><\/div>\n<\/p><\/div>\n<\/div>","protected":false},"excerpt":{"rendered":"<p><?xml encoding=\"utf-8\" ?><\/p>\n<p>Semicera&nbsp;Energy Technology Co., Ltd. is a leading supplier specializing in wafer and advanced semiconductor consumables.We are dedicated to providing high-quality, reliable, and innovative products to semiconductor manufacturing,photovoltaic industryand other related fields.Our product line includes SiC\/TaC coated graphite products and ceramic products, encompassing various materials such as silicon carbide, silicon nitride, and aluminum oxide and etc.As a trusted supplier, we understand the importance of consumables in the manufacturing process, and we are committed to delivering products that meet the highest quality standards to fulfill our customers&rsquo; needs.<\/p>","protected":false},"featured_media":1265,"comment_status":"closed","ping_status":"open","template":"","meta":[],"product_brand":[],"product_cat":[31,32],"product_tag":[],"class_list":{"0":"post-2199","1":"product","2":"type-product","3":"status-publish","4":"has-post-thumbnail","6":"product_cat-more-ceramic-products","7":"product_cat-sic-si3n4-ceramic","9":"first","10":"instock","11":"product-type-simple"},"_links":{"self":[{"href":"https:\/\/www.cn-semiconductorparts.com\/de\/wp-json\/wp\/v2\/product\/2199","targetHints":{"allow":["GET"]}}],"collection":[{"href":"https:\/\/www.cn-semiconductorparts.com\/de\/wp-json\/wp\/v2\/product"}],"about":[{"href":"https:\/\/www.cn-semiconductorparts.com\/de\/wp-json\/wp\/v2\/types\/product"}],"replies":[{"embeddable":true,"href":"https:\/\/www.cn-semiconductorparts.com\/de\/wp-json\/wp\/v2\/comments?post=2199"}],"wp:featuredmedia":[{"embeddable":true,"href":"https:\/\/www.cn-semiconductorparts.com\/de\/wp-json\/wp\/v2\/media\/1265"}],"wp:attachment":[{"href":"https:\/\/www.cn-semiconductorparts.com\/de\/wp-json\/wp\/v2\/media?parent=2199"}],"wp:term":[{"taxonomy":"product_brand","embeddable":true,"href":"https:\/\/www.cn-semiconductorparts.com\/de\/wp-json\/wp\/v2\/product_brand?post=2199"},{"taxonomy":"product_cat","embeddable":true,"href":"https:\/\/www.cn-semiconductorparts.com\/de\/wp-json\/wp\/v2\/product_cat?post=2199"},{"taxonomy":"product_tag","embeddable":true,"href":"https:\/\/www.cn-semiconductorparts.com\/de\/wp-json\/wp\/v2\/product_tag?post=2199"}],"curies":[{"name":"wp","href":"https:\/\/api.w.org\/{rel}","templated":true}]}}