{"id":2205,"date":"2025-09-11T05:33:20","date_gmt":"2025-09-11T05:33:20","guid":{"rendered":"https:\/\/weitai2.globaldeepsea.site\/product\/high-temperature-resistant-silicon-carbide-ceramic-saggar\/"},"modified":"2026-04-29T15:28:20","modified_gmt":"2026-04-29T07:28:20","slug":"high-temperature-resistant-silicon-carbide-ceramic-saggar","status":"publish","type":"product","link":"https:\/\/www.cn-semiconductorparts.com\/de\/product\/high-temperature-resistant-silicon-carbide-ceramic-saggar\/","title":{"rendered":"High temperature resistant silicon carbide ceramic saggar"},"content":{"rendered":"<div class=\"fl-builder-content fl-builder-content-3451 fl-builder-content-primary fl-builder-global-templates-locked\" data-post-id=\"3451\">\n<div class=\"fl-row fl-row-full-width fl-row-bg-none fl-node-64e5b76c7a136\" data-node=\"64e5b76c7a136\">\n<div class=\"fl-row-content-wrap\">\n<div class=\"fl-row-content fl-row-full-width fl-node-content\">\n<div class=\"fl-col-group fl-node-64e5b76c7a177\" data-node=\"64e5b76c7a177\">\n<div class=\"fl-col fl-node-64e5b76c7a1b5\" data-node=\"64e5b76c7a1b5\" style=\"width: 100%;\">\n<div class=\"fl-col-content fl-node-content\">\n<div class=\"fl-module fl-module-rich-text fl-node-64e5b76c7a1f2\" data-animation-delay=\"0.0\" data-node=\"64e5b76c7a1f2\">\n<div class=\"fl-module-content fl-node-content\">\n<div class=\"fl-rich-text\">\n<p>Siliziumkarbid ist eine neue Art von Keramik mit hoher Kostenleistung und hervorragenden Materialeigenschaften. Aufgrund von Merkmalen wie hoher Festigkeit und H\u00e4rte, hoher Temperaturbest\u00e4ndigkeit, gro\u00dfer thermischer Leitf\u00e4higkeit und chemischer Korrosionsbest\u00e4ndigkeit kann Siliziumcarbid fast dem gesamten chemischen Medium standhalten. Daher werden SIC in \u00d6labbau, Chemikalie, Maschinen und Luftraum, sogar Kernenergie und das Milit\u00e4r ihre besonderen Anforderungen an SIC, h\u00e4ufig eingesetzt. Einige normale Anwendungen, die wir anbieten k\u00f6nnen, sind Dichtungsringe f\u00fcr Pumpe, Ventil und Schutzpanzer usw.<\/p>\n<p>Wir k\u00f6nnen nach Ihren spezifischen Abmessungen mit guter Qualit\u00e4t und angemessener Zeitzeit entwerfen und herstellen.\u00a0<\/p>\n<\/p><\/div>\n<\/p><\/div>\n<\/p><\/div>\n<\/p><\/div>\n<\/p><\/div>\n<\/p><\/div>\n<div class=\"fl-col-group fl-node-64e5b76c7a3e1\" data-node=\"64e5b76c7a3e1\">\n<div class=\"fl-col fl-node-64e5b76c7a405\" data-node=\"64e5b76c7a405\" style=\"width: 100%;\">\n<div class=\"fl-col-content fl-node-content\">\n<div class=\"fl-module fl-module-photo fl-node-64e5b76c7a443\" data-animation-delay=\"0.0\" data-node=\"64e5b76c7a443\">\n<div class=\"fl-module-content fl-node-content\">\n<div class=\"fl-photo fl-photo-align-center\" itemscope=\"\" itemtype=\"http:\/\/schema.org\/ImageObject\">\n<div class=\"fl-photo-content fl-photo-img-png\"> <img decoding=\"async\" alt=\"Silicon Carbide Sagger (3)\" class=\"fl-photo-img wp-image-3462\" itemprop=\"image\" src=\"\/wp-content\/uploads\/2025\/09\/56f344ad44030037.webp\"> <\/img><\/div>\n<\/p><\/div>\n<\/p><\/div>\n<\/p><\/div>\n<\/p><\/div>\n<\/p><\/div>\n<\/p><\/div>\n<div class=\"fl-col-group fl-node-64e5b76c7a230\" data-node=\"64e5b76c7a230\">\n<div class=\"fl-col fl-node-64e5b76c7a26d\" data-node=\"64e5b76c7a26d\" style=\"width: 100%;\">\n<div class=\"fl-col-content fl-node-content\">\n<div class=\"fl-module fl-module-rich-text fl-node-64e5b76c7a2aa\" data-animation-delay=\"0.0\" data-node=\"64e5b76c7a2aa\">\n<div class=\"fl-module-content fl-node-content\">\n<div class=\"fl-rich-text\">\n<p><span style=\"font-family: Calibri;\">Anwendungen:<\/span><\/p>\n<p><span style=\"font-family: Calibri;\">-Verschlei\u00df-resistentes Feld: Buchse, Platte, Sandstrahld\u00fcse, Zyklonauskleidung, Schleiflauf usw.\u2026<\/span><\/p>\n<p><span style=\"font-family: Calibri;\">-Hochtemperaturfeld: SIC -Platte, Quenching -Ofenrohr, Strahlungsrohr, Tiegel, Heizelement, Walzen, Strahl, W\u00e4rmetauscher, Kaltluftrohr, Brennerd\u00fcse, Thermoelenteils -Schutzrohr, SIC -Boot, Kilnauto -Struktur, Setter usw.<\/span><\/p>\n<p><span style=\"font-family: Calibri;\">-Milit\u00e4risches kugelsicheres Feld<\/span><\/p>\n<p><span style=\"font-family: Calibri;\">-Siliziumcarbid -Halbleiter: SiC -Waferboot, SIC -Chuck, SIC -Paddel, SiC -Kassette, SiC -Diffusionsrohr, Wafergabel, Saugschild, F\u00fchrungsanleitung usw.<\/span><\/p>\n<p><span style=\"font-family: Calibri;\">-Siliziumkarbiddichtungsfeld: Alle Arten von Dichtungsring, Lager, Buchse usw.<\/span><\/p>\n<p><span style=\"font-family: Calibri;\">-Photovoltaikfeld: Ausleger Paddel, Schleiflauf, Siliziumkarbidwalze usw.<\/span><\/p>\n<p><span style=\"font-family: Calibri;\">-Lithiumbatteriefeld<\/span><\/p>\n<\/p><\/div>\n<\/p><\/div>\n<\/p><\/div>\n<\/p><\/div>\n<\/p><\/div>\n<\/p><\/div>\n<div class=\"fl-col-group fl-node-64e5b76c7a480\" data-node=\"64e5b76c7a480\">\n<div class=\"fl-col fl-node-64e5b76c7a4bd\" data-node=\"64e5b76c7a4bd\" style=\"width: 100%;\">\n<div class=\"fl-col-content fl-node-content\">\n<div class=\"fl-module fl-module-gallery fl-node-64e5b76c7a4fa\" data-animation-delay=\"0.0\" data-node=\"64e5b76c7a4fa\">\n<div class=\"fl-module-content fl-node-content\">\n<div class=\"fl-mosaicflow\">\n<div class=\"fl-mosaicflow-content\">\n<div class=\"fl-mosaicflow-item\">\n<div class=\"fl-photo fl-photo-align-center\" itemscope=\"\" itemtype=\"http:\/\/schema.org\/ImageObject\">\n<div class=\"fl-photo-content fl-photo-img-png\"> <a href=\"\/de\/uploads\/28ff221e11.webp\/\" itemprop=\"url\" target=\"_self\"> <img decoding=\"async\" alt=\"\u672a\u6807\u9898-1\" class=\"fl-photo-img wp-image-2492\" itemprop=\"image\" src=\"\/wp-content\/uploads\/2025\/09\/7d66089f241eb2fc.webp\"> <\/img><\/a> <\/div>\n<\/p><\/div>\n<\/p><\/div>\n<div class=\"fl-mosaicflow-item\">\n<div class=\"fl-photo fl-photo-align-center\" itemscope=\"\" itemtype=\"http:\/\/schema.org\/ImageObject\">\n<div class=\"fl-photo-content fl-photo-img-png\"> <a href=\"\/de\/uploads\/52e9658a1.webp\/\" itemprop=\"url\" target=\"_self\"> <img decoding=\"async\" alt=\"\u672a\u6807\u9898-2\" class=\"fl-photo-img wp-image-2493\" itemprop=\"image\" src=\"\/wp-content\/uploads\/2025\/09\/215e03cfbaafb311.webp\"> <\/img><\/a> <\/div>\n<\/p><\/div>\n<\/p><\/div>\n<div class=\"fl-mosaicflow-item\">\n<div class=\"fl-photo fl-photo-align-center\" itemscope=\"\" itemtype=\"http:\/\/schema.org\/ImageObject\">\n<div class=\"fl-photo-content fl-photo-img-png\"> <a href=\"\/de\/uploads\/ff7efb55.webp\/\" itemprop=\"url\" target=\"_self\"> <img decoding=\"async\" alt=\"\u672a\u6807\u9898-3\" class=\"fl-photo-img wp-image-2494\" itemprop=\"image\" src=\"\/wp-content\/uploads\/2025\/09\/778f96ab4cfc0733.webp\"> <\/img><\/a> <\/div>\n<\/p><\/div>\n<\/p><\/div>\n<\/p><\/div>\n<div class=\"fl-clear\"><\/div>\n<\/p><\/div>\n<\/p><\/div>\n<\/p><\/div>\n<\/p><\/div>\n<\/p><\/div>\n<\/p><\/div>\n<div class=\"fl-col-group fl-node-64e5b76c7a538\" data-node=\"64e5b76c7a538\">\n<div class=\"fl-col fl-node-64e5b76c7a575\" data-node=\"64e5b76c7a575\" style=\"width: 100%;\">\n<div class=\"fl-col-content fl-node-content\">\n<div class=\"fl-module fl-module-rich-text fl-node-64e5b76c7a5b2\" data-animation-delay=\"0.0\" data-node=\"64e5b76c7a5b2\">\n<div class=\"fl-module-content fl-node-content\">\n<div class=\"fl-rich-text\">\n<p data-section=\"0\">1, outstanding high thermal conductivity: thermal conductivity is much higher than other corrosion resistant materials; Use less heat exchange area for the same heat exchange efficiency; Allows for smaller heat exchanger sizes; Greatly reduce the occupied space and reduce the use cost;<\/p>\n<p data-section=\"1\">2, outstanding corrosion resistance: with very high corrosion resistance, oxidation resistance and erosion resistance can withstand high concentration of sulfuric acid, nitric acid, phosphoric acid, mixed acid, strong alkali, oxidant, etc., with excellent service life;<\/p>\n<p data-section=\"2\">3, excellent thermodynamic properties: excellent thermodynamic properties with high strength and high hardness; Strong wear resistance and permeability resistance under extreme high temperature and pressure; Allow medium to pass at high speed; It can be used normally at high temperature of 1300\u2103.<\/p>\n<\/p><\/div>\n<\/p><\/div>\n<\/p><\/div>\n<\/p><\/div>\n<\/p><\/div>\n<\/p><\/div>\n<div class=\"fl-col-group fl-node-64e5b76c7a2e9\" data-node=\"64e5b76c7a2e9\">\n<div class=\"fl-col fl-node-64e5b76c7a326\" data-node=\"64e5b76c7a326\" style=\"width: 100%;\">\n<div class=\"fl-col-content fl-node-content\">\n<div class=\"fl-module fl-module-heading fl-node-64e5b76c7a3a0\" data-animation-delay=\"0.0\" data-node=\"64e5b76c7a3a0\">\n<div class=\"fl-module-content fl-node-content\">\n<h3 class=\"fl-heading\"> <span class=\"fl-heading-text\">Technical Parameters<\/span> <\/h3>\n<\/p><\/div>\n<\/p><\/div>\n<div class=\"fl-module fl-module-photo fl-node-64e5b76c7a363\" data-animation-delay=\"0.0\" data-node=\"64e5b76c7a363\">\n<div class=\"fl-module-content fl-node-content\">\n<div class=\"fl-photo fl-photo-align-center\" itemscope=\"\" itemtype=\"http:\/\/schema.org\/ImageObject\">\n<div class=\"fl-photo-content fl-photo-img-png\"> <img decoding=\"async\" alt=\"\u56fe\u72471\" class=\"fl-photo-img wp-image-2429\" itemprop=\"image\" src=\"\/wp-content\/uploads\/2025\/09\/e16a8a56d25ff317.webp\"> <\/img><\/div>\n<\/p><\/div>\n<\/p><\/div>\n<\/p><\/div>\n<\/p><\/div>\n<\/p><\/div>\n<\/p><\/div>\n<\/p><\/div>\n<\/p><\/div>\n<\/p><\/div>\n<\/div>","protected":false},"excerpt":{"rendered":"<p>Semicera\u2019s high temperature resistant silicon carbide ceramic saggers are carefully designed to withstand extreme thermal environments and are ideal for a variety of high temperature applications. Made of high-quality silicon carbide, the saggers have excellent durability and thermal stability to ensure reliable performance in the most demanding processes. Semicera prides itself on providing high-quality customized solutions that meet your specific needs. Semicera looks forward to being your long-term partner in China.<\/p>","protected":false},"featured_media":930,"comment_status":"closed","ping_status":"open","template":"","meta":[],"product_brand":[],"product_cat":[25,24],"product_tag":[],"class_list":{"0":"post-2205","1":"product","2":"type-product","3":"status-publish","4":"has-post-thumbnail","6":"product_cat-more-sic-product","7":"product_cat-silicon-carbide-ceramic","9":"first","10":"instock","11":"product-type-simple"},"_links":{"self":[{"href":"https:\/\/www.cn-semiconductorparts.com\/de\/wp-json\/wp\/v2\/product\/2205","targetHints":{"allow":["GET"]}}],"collection":[{"href":"https:\/\/www.cn-semiconductorparts.com\/de\/wp-json\/wp\/v2\/product"}],"about":[{"href":"https:\/\/www.cn-semiconductorparts.com\/de\/wp-json\/wp\/v2\/types\/product"}],"replies":[{"embeddable":true,"href":"https:\/\/www.cn-semiconductorparts.com\/de\/wp-json\/wp\/v2\/comments?post=2205"}],"wp:featuredmedia":[{"embeddable":true,"href":"https:\/\/www.cn-semiconductorparts.com\/de\/wp-json\/wp\/v2\/media\/930"}],"wp:attachment":[{"href":"https:\/\/www.cn-semiconductorparts.com\/de\/wp-json\/wp\/v2\/media?parent=2205"}],"wp:term":[{"taxonomy":"product_brand","embeddable":true,"href":"https:\/\/www.cn-semiconductorparts.com\/de\/wp-json\/wp\/v2\/product_brand?post=2205"},{"taxonomy":"product_cat","embeddable":true,"href":"https:\/\/www.cn-semiconductorparts.com\/de\/wp-json\/wp\/v2\/product_cat?post=2205"},{"taxonomy":"product_tag","embeddable":true,"href":"https:\/\/www.cn-semiconductorparts.com\/de\/wp-json\/wp\/v2\/product_tag?post=2205"}],"curies":[{"name":"wp","href":"https:\/\/api.w.org\/{rel}","templated":true}]}}