{"id":2207,"date":"2025-09-11T05:33:20","date_gmt":"2025-09-11T05:33:20","guid":{"rendered":"https:\/\/weitai2.globaldeepsea.site\/product\/semiconductor-recrystallized-silicon-carbide-boat\/"},"modified":"2026-04-29T15:28:20","modified_gmt":"2026-04-29T07:28:20","slug":"semiconductor-recrystallized-silicon-carbide-boat","status":"publish","type":"product","link":"https:\/\/www.cn-semiconductorparts.com\/de\/product\/semiconductor-recrystallized-silicon-carbide-boat\/","title":{"rendered":"Halbleiter rekristallisierte Silizium -Carbid -Boot"},"content":{"rendered":"<div class=\"fl-builder-content fl-builder-content-3517 fl-builder-content-primary fl-builder-global-templates-locked\" data-post-id=\"3517\">\n<div class=\"fl-row fl-row-full-width fl-row-bg-none fl-node-64e713f0cbbc0\" data-node=\"64e713f0cbbc0\">\n<div class=\"fl-row-content-wrap\">\n<div class=\"fl-row-content fl-row-full-width fl-node-content\">\n<div class=\"fl-col-group fl-node-64e713f0cbe0a\" data-node=\"64e713f0cbe0a\">\n<div class=\"fl-col fl-node-64e713f0cbe4c\" data-node=\"64e713f0cbe4c\" style=\"width: 100%;\">\n<div class=\"fl-col-content fl-node-content\">\n<div class=\"fl-module fl-module-rich-text fl-node-64e713f0cbe8f\" data-animation-delay=\"0.0\" data-node=\"64e713f0cbe8f\">\n<div class=\"fl-module-content fl-node-content\">\n<div class=\"fl-rich-text\">\n<p>Siliziumkarbid ist eine neue Art von Keramik mit hoher Kostenleistung und hervorragenden Materialeigenschaften. Aufgrund von Merkmalen wie hoher Festigkeit und H\u00e4rte, hoher Temperaturbest\u00e4ndigkeit, gro\u00dfer thermischer Leitf\u00e4higkeit und chemischer Korrosionsbest\u00e4ndigkeit kann Siliziumcarbid fast dem gesamten chemischen Medium standhalten. Daher werden SIC in \u00d6labbau, Chemikalie, Maschinen und Luftraum, sogar Kernenergie und das Milit\u00e4r ihre besonderen Anforderungen an SIC, h\u00e4ufig eingesetzt. Einige normale Anwendungen, die wir anbieten k\u00f6nnen, sind Dichtungsringe f\u00fcr Pumpe, Ventil und Schutzpanzer usw.<\/p>\n<p>Wir k\u00f6nnen nach Ihren spezifischen Abmessungen mit guter Qualit\u00e4t und angemessener Zeitzeit entwerfen und herstellen.\u00a0<\/p>\n<\/p><\/div>\n<\/p><\/div>\n<\/p><\/div>\n<\/p><\/div>\n<\/p><\/div>\n<\/p><\/div>\n<div class=\"fl-col-group fl-node-64e713f0cbed1\" data-node=\"64e713f0cbed1\">\n<div class=\"fl-col fl-node-64e713f0cbf14\" data-node=\"64e713f0cbf14\" style=\"width: 100%;\">\n<div class=\"fl-col-content fl-node-content\">\n<div class=\"fl-module fl-module-photo fl-node-64e713f0cbf57\" data-animation-delay=\"0.0\" data-node=\"64e713f0cbf57\">\n<div class=\"fl-module-content fl-node-content\">\n<div class=\"fl-photo fl-photo-align-center\" itemscope=\"\" itemtype=\"http:\/\/schema.org\/ImageObject\">\n<div class=\"fl-photo-content fl-photo-img-jpg\"> <img decoding=\"async\" alt=\"WeChat Pictures_20230719092847\" class=\"fl-photo-img wp-image-2331\" itemprop=\"image\" src=\"\/wp-content\/uploads\/2025\/09\/9cb15e6ca591879f.webp\"> <\/img><\/div>\n<\/p><\/div>\n<\/p><\/div>\n<\/p><\/div>\n<\/p><\/div>\n<\/p><\/div>\n<\/p><\/div>\n<div class=\"fl-col-group fl-node-64e713f0cbd43\" data-node=\"64e713f0cbd43\">\n<div class=\"fl-col fl-node-64e713f0cbd85 fl-col-small\" data-node=\"64e713f0cbd85\" style=\"width: 50%;\">\n<div class=\"fl-col-content fl-node-content\">\n<div class=\"fl-module fl-module-rich-text fl-node-64e713f0cbdc8\" data-animation-delay=\"0.0\" data-node=\"64e713f0cbdc8\">\n<div class=\"fl-module-content fl-node-content\">\n<div class=\"fl-rich-text\">\n<p><span style=\"font-family: Calibri;\">A<\/span>Dvantationen:<\/p>\n<p>Hochtemperaturoxidationswiderstand<\/p>\n<p>Hervorragende Korrosionsbest\u00e4ndigkeit<\/p>\n<p>Gute Abriebfestigkeit<\/p>\n<p>Hoher W\u00e4rmungsleitf\u00e4higkeitskoeffizient<br \/>Selbstglagen, geringe Dichte<br \/>Hohe H\u00e4rte<br \/>Individuelles Design.<\/p>\n<\/p><\/div>\n<\/p><\/div>\n<\/p><\/div>\n<\/p><\/div>\n<\/p><\/div>\n<div class=\"fl-col fl-node-64e7141840ab5 fl-col-small\" data-node=\"64e7141840ab5\" style=\"width: 50%;\">\n<div class=\"fl-col-content fl-node-content\">\n<div class=\"fl-module fl-module-photo fl-node-64e713f0cc2d3\" data-animation-delay=\"0.0\" data-node=\"64e713f0cc2d3\">\n<div class=\"fl-module-content fl-node-content\">\n<div class=\"fl-photo fl-photo-align-center\" itemscope=\"\" itemtype=\"http:\/\/schema.org\/ImageObject\">\n<div class=\"fl-photo-content fl-photo-img-png\"> <img decoding=\"async\" alt=\"Silizium -Carbid -Boot (8)\" class=\"fl-photo-img wp-image-3539\" itemprop=\"image\" src=\"\/wp-content\/uploads\/2025\/09\/32afce203576862d.webp\"> <\/img><\/div>\n<\/p><\/div>\n<\/p><\/div>\n<\/p><\/div>\n<\/p><\/div>\n<\/p><\/div>\n<\/p><\/div>\n<div class=\"fl-col-group fl-node-64e713f0cc246\" data-node=\"64e713f0cc246\">\n<div class=\"fl-col fl-node-64e71423ed33a\" data-node=\"64e71423ed33a\" style=\"width: 100%;\">\n<div class=\"fl-col-content fl-node-content\">\n<div class=\"fl-module fl-module-rich-text fl-node-64e71418404b7\" data-animation-delay=\"0.0\" data-node=\"64e71418404b7\">\n<div class=\"fl-module-content fl-node-content\">\n<div class=\"fl-rich-text\">\n<p>Anwendungen:<\/p>\n<p>-Verschlei\u00df-resistentes Feld: Buchse, Platte, Sandstrahld\u00fcse, Zyklonauskleidung, Schleiflauf usw.\u2026<\/p>\n<p>-Hochtemperaturfeld: SIC -Platte, Quenching -Ofenrohr, Strahlungsrohr, Tiegel, Heizelement, Walzen, Strahl, W\u00e4rmetauscher, Kaltluftrohr, Brennerd\u00fcse, Thermoelenteils -Schutzrohr, SIC -Boot, Kilnauto -Struktur, Setter usw.<\/p>\n<p>-Milit\u00e4risches kugelsicheres Feld<\/p>\n<p>-Siliziumcarbid -Halbleiter: SiC -Waferboot, SIC -Chuck, SIC -Paddel, SiC -Kassette, SiC -Diffusionsrohr, Wafergabel, Saugschild, F\u00fchrungsanleitung usw.<\/p>\n<p>-Siliziumkarbiddichtungsfeld: Alle Arten von Dichtungsring, Lager, Buchse usw.<\/p>\n<p>-Photovoltaikfeld: Ausleger Paddel, Schleiflauf, Siliziumkarbidwalze usw.<\/p>\n<p>-Lithiumbatteriefeld<\/p>\n<\/p><\/div>\n<\/p><\/div>\n<\/p><\/div>\n<\/p><\/div>\n<\/p><\/div>\n<\/p><\/div>\n<div class=\"fl-col-group fl-node-64e713f0cc062\" data-node=\"64e713f0cc062\">\n<div class=\"fl-col fl-node-64e713f0cc0a2\" data-node=\"64e713f0cc0a2\" style=\"width: 100%;\">\n<div class=\"fl-col-content fl-node-content\">\n<div class=\"fl-module fl-module-heading fl-node-64e713f0cc0eb\" data-animation-delay=\"0.0\" data-node=\"64e713f0cc0eb\">\n<div class=\"fl-module-content fl-node-content\">\n<h3 class=\"fl-heading\"> <span class=\"fl-heading-text\">Technische Parameter:<\/span> <\/h3>\n<\/p><\/div>\n<\/p><\/div>\n<\/p><\/div>\n<\/p><\/div>\n<\/p><\/div>\n<div class=\"fl-col-group fl-node-64e713f0cbf9a\" data-node=\"64e713f0cbf9a\">\n<div class=\"fl-col fl-node-64e713f0cbfdc\" data-node=\"64e713f0cbfdc\" style=\"width: 100%;\">\n<div class=\"fl-col-content fl-node-content\">\n<div class=\"fl-module fl-module-photo fl-node-64e713f0cc01f\" data-animation-delay=\"0.0\" data-node=\"64e713f0cc01f\">\n<div class=\"fl-module-content fl-node-content\">\n<div class=\"fl-photo fl-photo-align-center\" itemscope=\"\" itemtype=\"http:\/\/schema.org\/ImageObject\">\n<div class=\"fl-photo-content fl-photo-img-png\"> <img decoding=\"async\" alt=\"Bild 2\" class=\"fl-photo-img wp-image-2332\" itemprop=\"image\" src=\"\/wp-content\/uploads\/2025\/09\/e16a8a56d25ff317.webp\"> <\/img><\/div>\n<\/p><\/div>\n<\/p><\/div>\n<\/p><\/div>\n<\/p><\/div>\n<\/p><\/div>\n<\/p><\/div>\n<div class=\"fl-col-group fl-node-64e713f0cbc8e\" data-node=\"64e713f0cbc8e\">\n<div class=\"fl-col fl-node-64e713f0cbcbd\" data-node=\"64e713f0cbcbd\" style=\"width: 100%;\">\n<div class=\"fl-col-content fl-node-content\">\n<div class=\"fl-module fl-module-gallery fl-node-64e713f0cbcff\" data-animation-delay=\"0.0\" data-node=\"64e713f0cbcff\">\n<div class=\"fl-module-content fl-node-content\">\n<div class=\"fl-mosaicflow\">\n<div class=\"fl-mosaicflow-content\">\n<div class=\"fl-mosaicflow-item\">\n<div class=\"fl-photo fl-photo-align-center\" itemscope=\"\" itemtype=\"http:\/\/schema.org\/ImageObject\">\n<div class=\"fl-photo-content fl-photo-img-png\"> <a href=\"\/de\/uploads\/Silicon-carbide-crystal-boat-1.webp\/\" itemprop=\"url\" target=\"_self\"> <img decoding=\"async\" alt=\"Siliziumkarbidkristallboot (1)\" class=\"fl-photo-img wp-image-2806\" itemprop=\"image\" src=\"\/wp-content\/uploads\/2025\/09\/f2e8070ee2238675.webp\"> <\/img><\/a> <\/div>\n<\/p><\/div>\n<\/p><\/div>\n<div class=\"fl-mosaicflow-item\">\n<div class=\"fl-photo fl-photo-align-center\" itemscope=\"\" itemtype=\"http:\/\/schema.org\/ImageObject\">\n<div class=\"fl-photo-content fl-photo-img-png\"> <a href=\"\/de\/uploads\/Silicon-carbide-crystal-boat-51.webp\/\" itemprop=\"url\" target=\"_self\"> <img decoding=\"async\" alt=\"Siliziumkarbidkristallboot (5)\" class=\"fl-photo-img wp-image-2808\" itemprop=\"image\" src=\"\/wp-content\/uploads\/2025\/09\/b647901442b4e11e.webp\"> <\/img><\/a> <\/div>\n<\/p><\/div>\n<\/p><\/div>\n<\/p><\/div>\n<div class=\"fl-clear\"><\/div>\n<\/p><\/div>\n<\/p><\/div>\n<\/p><\/div>\n<\/p><\/div>\n<\/p><\/div>\n<\/p><\/div>\n<div class=\"fl-col-group fl-node-64e713f0cc131\" data-node=\"64e713f0cc131\">\n<div class=\"fl-col fl-node-64e713f0cc176\" data-node=\"64e713f0cc176\" style=\"width: 100%;\">\n<div class=\"fl-col-content fl-node-content\">\n<div class=\"fl-module fl-module-heading fl-node-64e713f0cbc4a\" data-animation-delay=\"0.0\" data-node=\"64e713f0cbc4a\">\n<div class=\"fl-module-content fl-node-content\">\n<h3 class=\"fl-heading\"> <span class=\"fl-heading-text\">Material Datenblatt<\/span> <\/h3>\n<\/p><\/div>\n<\/p><\/div>\n<\/p><\/div>\n<\/p><\/div>\n<\/p><\/div>\n<div class=\"fl-col-group fl-node-64e713f0cc1bb\" data-node=\"64e713f0cc1bb\">\n<div class=\"fl-col fl-node-64e713f0cc200\" data-node=\"64e713f0cc200\" style=\"width: 100%;\">\n<div class=\"fl-col-content fl-node-content\">\n<div class=\"fl-module fl-module-rich-text fl-node-64e713f0cbc06\" data-animation-delay=\"0.0\" data-node=\"64e713f0cbc06\">\n<div class=\"fl-module-content fl-node-content\">\n<div class=\"fl-rich-text\">\n<table border=\"0\" cellspacing=\"0\">\n<tbody>\n<tr>\n<td valign=\"center\" width=\"373\">\n<p><span style=\"font-family: \u5b8b\u4f53;\">Material<\/span><span style=\"font-family: Calibri;\">Material<\/span><\/p>\n<\/td>\n<td valign=\"center\" width=\"294\">\n<p>R-sic<\/p>\n<\/td>\n<\/tr>\n<tr>\n<td valign=\"center\" width=\"373\">\n<p><span style=\"font-family: \u5b8b\u4f53;\">Temperatur verwenden<\/span><span style=\"font-family: Calibri;\">Arbeitstemperatur (<\/span><span style=\"font-family: \u5b8b\u4f53;\">\u00b0<\/span><span style=\"font-family: Calibri;\">C)<\/span><\/p>\n<\/td>\n<td valign=\"center\" width=\"294\">\n<p>1600 \u00b0 C (\u00a0<span style=\"font-family: \u5b8b\u4f53;\">Oxidationsatmosph\u00e4re<\/span><span style=\"font-family: Calibri;\">Oxidationsumgebung)<\/span><\/p>\n<p>1700 \u00b0 C (\u00a0<span style=\"font-family: \u5b8b\u4f53;\">Die Atmosph\u00e4re wiederherstellen<\/span><span style=\"font-family: Calibri;\">Reduzierung der Umgebung)<\/span><\/p>\n<\/td>\n<\/tr>\n<tr>\n<td valign=\"center\" width=\"373\">\n<p>Sic<span style=\"font-family: \u5b8b\u4f53;\">Inhalt<\/span><span style=\"font-family: Calibri;\">SIC -Inhalt (%)<\/span><\/p>\n<\/td>\n<td valign=\"center\" width=\"294\">\n<p>&gt; 99<\/p>\n<\/td>\n<\/tr>\n<tr>\n<td valign=\"center\" width=\"373\">\n<p><span style=\"font-family: \u5b8b\u4f53;\">frei<\/span><span style=\"font-family: Calibri;\">Si\u00a0<\/span><span style=\"font-family: \u5b8b\u4f53;\">Inhalt<\/span><span style=\"font-family: Calibri;\">Kostenloser SI -Inhalt (%)<\/span><\/p>\n<\/td>\n<td valign=\"center\" width=\"294\">\n<p>&lt; 0.1<\/p>\n<\/td>\n<\/tr>\n<tr>\n<td valign=\"center\" width=\"373\">\n<p><span style=\"font-family: \u5b8b\u4f53;\">Volumendichte<\/span><span style=\"font-family: Calibri;\">Sch\u00fcttdichte (g\/cm3)<\/span><\/p>\n<\/td>\n<td valign=\"center\" width=\"294\">\n<p>2.60-2.70<\/p>\n<\/td>\n<\/tr>\n<tr>\n<td valign=\"center\" width=\"373\">\n<p><span style=\"font-family: \u5b8b\u4f53;\">Porosit\u00e4t<\/span><span style=\"font-family: Calibri;\">Scheinbare Porosit\u00e4t (%)<\/span><\/p>\n<\/td>\n<td valign=\"center\" width=\"294\">\n<p>&lt; 16<\/p>\n<\/td>\n<\/tr>\n<tr>\n<td valign=\"center\" width=\"373\">\n<p><span style=\"font-family: \u5b8b\u4f53;\">Druckfestigkeit<\/span><span style=\"font-family: Calibri;\">Quetschst\u00e4rke (MPA)<\/span><\/p>\n<\/td>\n<td valign=\"center\" width=\"294\">\n<p>&gt; 600<\/p>\n<\/td>\n<\/tr>\n<tr>\n<td valign=\"center\" width=\"373\">\n<p><span style=\"font-family: \u5b8b\u4f53;\">Biegefestigkeit bei Raumtemperatur<\/span><span style=\"font-family: Calibri;\">Kaltbiege St\u00e4rke (MPA)<\/span><\/p>\n<\/td>\n<td valign=\"center\" width=\"294\">\n<p>80-90 (20 \u00b0 C)<\/p>\n<\/td>\n<\/tr>\n<tr>\n<td valign=\"center\" width=\"373\">\n<p><span style=\"font-family: \u5b8b\u4f53;\">Hochtemperaturbiegefestigkeit<\/span><span style=\"font-family: Calibri;\">Hei\u00dfe Biegest\u00e4rke (MPA)<\/span><\/p>\n<\/td>\n<td valign=\"center\" width=\"294\">\n<p>90-100 (1400 \u00b0 C)<\/p>\n<\/td>\n<\/tr>\n<tr>\n<td valign=\"center\" width=\"373\">\n<p><span style=\"font-family: \u5b8b\u4f53;\">W\u00e4rmeleitkoeffizient<\/span><\/p>\n<p>Thermischer Expansionskoeffizient bei 1500 \u00b0 C (10-6\/\u00b0 C)<\/p>\n<\/td>\n<td valign=\"center\" width=\"294\">\n<p>4.70<\/p>\n<\/td>\n<\/tr>\n<tr>\n<td valign=\"center\" width=\"373\">\n<p><span style=\"font-family: \u5b8b\u4f53;\">W\u00e4rmeleitf\u00e4higkeit<\/span><span style=\"font-family: Calibri;\">W\u00e4rmeleitf\u00e4higkeit @1200<\/span><span style=\"font-family: \u5b8b\u4f53;\">\u00b0<\/span><span style=\"font-family: Calibri;\">C (w\/m<\/span><span style=\"font-family: \u5b8b\u4f53;\">\u2022<\/span><span style=\"font-family: Calibri;\">K)<\/span><\/p>\n<\/td>\n<td valign=\"center\" width=\"294\">\n<p>23<\/p>\n<\/td>\n<\/tr>\n<tr>\n<td valign=\"center\" width=\"373\">\n<p><span style=\"font-family: \u5b8b\u4f53;\">Young's Modul<\/span><span style=\"font-family: Calibri;\">Elastizit\u00e4tsmodul (GPA)<\/span><\/p>\n<\/td>\n<td valign=\"center\" width=\"294\">\n<p>240<\/p>\n<\/td>\n<\/tr>\n<tr>\n<td valign=\"center\" width=\"373\">\n<p><span style=\"font-family: \u5b8b\u4f53;\">W\u00e4rmeschockwiderstand<\/span><span style=\"font-family: Calibri;\">W\u00e4rmeschockwiderstand<\/span><\/p>\n<\/td>\n<td valign=\"center\" width=\"294\">\n<p><span style=\"font-family: \u5b8b\u4f53;\">sehr gut<\/span><span style=\"font-family: Calibri;\">Extrem gut<\/span><\/p>\n<\/td>\n<\/tr>\n<\/tbody>\n<\/table><\/div>\n<\/p><\/div>\n<\/p><\/div>\n<\/p><\/div>\n<\/p><\/div>\n<\/p><\/div>\n<\/p><\/div>\n<\/p><\/div>\n<\/p><\/div>\n<\/div>","protected":false},"excerpt":{"rendered":"<p>Semicera Energy Technology Co., Ltd. ist ein f\u00fchrender Lieferant, der sich auf Wafer- und fortschrittliche Halbleiterverbrauchsg\u00fcter spezialisiert hat. Wir sind bestrebt, hochwertige, zuverl\u00e4ssige und innovative Produkte f\u00fcr die Herstellung von Halbleiter, Photovoltaikindustrie und andere verwandte Fields zu bieten. Aluminiumoxid usw., ein vertrauensw\u00fcrdiger Lieferant, wir verstehen die Bedeutung von Verbrauchsmaterialien f\u00fcr den Herstellungsprozess und sind bestrebt, Produkte zu liefern, die den h\u00f6chsten Qualit\u00e4tsstandards entsprechen, um die Bed\u00fcrfnisse unserer Kunden zu erf\u00fcllen.<\/p>","protected":false},"featured_media":1028,"comment_status":"closed","ping_status":"open","template":"","meta":[],"product_brand":[],"product_cat":[25,24],"product_tag":[],"class_list":{"0":"post-2207","1":"product","2":"type-product","3":"status-publish","4":"has-post-thumbnail","6":"product_cat-more-sic-product","7":"product_cat-silicon-carbide-ceramic","9":"first","10":"instock","11":"product-type-simple"},"_links":{"self":[{"href":"https:\/\/www.cn-semiconductorparts.com\/de\/wp-json\/wp\/v2\/product\/2207","targetHints":{"allow":["GET"]}}],"collection":[{"href":"https:\/\/www.cn-semiconductorparts.com\/de\/wp-json\/wp\/v2\/product"}],"about":[{"href":"https:\/\/www.cn-semiconductorparts.com\/de\/wp-json\/wp\/v2\/types\/product"}],"replies":[{"embeddable":true,"href":"https:\/\/www.cn-semiconductorparts.com\/de\/wp-json\/wp\/v2\/comments?post=2207"}],"wp:featuredmedia":[{"embeddable":true,"href":"https:\/\/www.cn-semiconductorparts.com\/de\/wp-json\/wp\/v2\/media\/1028"}],"wp:attachment":[{"href":"https:\/\/www.cn-semiconductorparts.com\/de\/wp-json\/wp\/v2\/media?parent=2207"}],"wp:term":[{"taxonomy":"product_brand","embeddable":true,"href":"https:\/\/www.cn-semiconductorparts.com\/de\/wp-json\/wp\/v2\/product_brand?post=2207"},{"taxonomy":"product_cat","embeddable":true,"href":"https:\/\/www.cn-semiconductorparts.com\/de\/wp-json\/wp\/v2\/product_cat?post=2207"},{"taxonomy":"product_tag","embeddable":true,"href":"https:\/\/www.cn-semiconductorparts.com\/de\/wp-json\/wp\/v2\/product_tag?post=2207"}],"curies":[{"name":"wp","href":"https:\/\/api.w.org\/{rel}","templated":true}]}}