{"id":2211,"date":"2025-09-11T05:33:27","date_gmt":"2025-09-11T05:33:27","guid":{"rendered":"https:\/\/weitai2.globaldeepsea.site\/product\/high-purity-silicon-carbide-ceramic-plate\/"},"modified":"2026-04-29T15:28:06","modified_gmt":"2026-04-29T07:28:06","slug":"high-purity-silicon-carbide-ceramic-plate","status":"publish","type":"product","link":"https:\/\/www.cn-semiconductorparts.com\/de\/product\/high-purity-silicon-carbide-ceramic-plate\/","title":{"rendered":"High purity silicon carbide ceramic plate"},"content":{"rendered":"<div class=\"fl-builder-content fl-builder-content-3348 fl-builder-content-primary fl-builder-global-templates-locked\" data-post-id=\"3348\">\n<div class=\"fl-row fl-row-full-width fl-row-bg-none fl-node-64e4306c48a9a\" data-node=\"64e4306c48a9a\">\n<div class=\"fl-row-content-wrap\">\n<div class=\"fl-row-content fl-row-full-width fl-node-content\">\n<div class=\"fl-col-group fl-node-64e4306c48b87\" data-node=\"64e4306c48b87\">\n<div class=\"fl-col fl-node-64e4306c48c40 fl-col-small\" data-node=\"64e4306c48c40\" style=\"width: 50%;\">\n<div class=\"fl-col-content fl-node-content\">\n<div class=\"fl-module fl-module-photo fl-node-64e4306c48c81\" data-animation-delay=\"0.0\" data-node=\"64e4306c48c81\">\n<div class=\"fl-module-content fl-node-content\">\n<div class=\"fl-photo fl-photo-align-center\" itemscope=\"\" itemtype=\"http:\/\/schema.org\/ImageObject\">\n<div class=\"fl-photo-content fl-photo-img-png\"> <img decoding=\"async\" alt=\"SiC ceramic plate (2)\" class=\"fl-photo-img wp-image-3351\" itemprop=\"image\" src=\"\/wp-content\/uploads\/2025\/09\/f8cd402d5def40a8.webp\"> <\/img><\/div>\n<\/p><\/div>\n<\/p><\/div>\n<\/p><\/div>\n<\/p><\/div>\n<\/p><\/div>\n<div class=\"fl-col fl-node-64e4306c48bc4 fl-col-small\" data-node=\"64e4306c48bc4\" style=\"width: 50%;\">\n<div class=\"fl-col-content fl-node-content\">\n<div class=\"fl-module fl-module-rich-text fl-node-64e4306c48c01\" data-animation-delay=\"0.0\" data-node=\"64e4306c48c01\">\n<div class=\"fl-module-content fl-node-content\">\n<div class=\"fl-rich-text\">\n<p>Siliziumkarbid ist eine neue Art von Keramik mit hoher Kostenleistung und hervorragenden Materialeigenschaften. Aufgrund von Merkmalen wie hoher Festigkeit und H\u00e4rte, hoher Temperaturbest\u00e4ndigkeit, gro\u00dfer thermischer Leitf\u00e4higkeit und chemischer Korrosionsbest\u00e4ndigkeit kann Siliziumcarbid fast dem gesamten chemischen Medium standhalten. Daher werden SIC in \u00d6labbau, Chemikalie, Maschinen und Luftraum, sogar Kernenergie und das Milit\u00e4r ihre besonderen Anforderungen an SIC, h\u00e4ufig eingesetzt. Einige normale Anwendungen, die wir anbieten k\u00f6nnen, sind Dichtungsringe f\u00fcr Pumpe, Ventil und Schutzpanzer usw.<\/p>\n<p>Wir k\u00f6nnen nach Ihren spezifischen Abmessungen mit guter Qualit\u00e4t und angemessener Zeitzeit entwerfen und herstellen.\u00a0<\/p>\n<\/p><\/div>\n<\/p><\/div>\n<\/p><\/div>\n<\/p><\/div>\n<\/p><\/div>\n<\/p><\/div>\n<div class=\"fl-col-group fl-node-64e4306c48cc1\" data-node=\"64e4306c48cc1\">\n<div class=\"fl-col fl-node-64e4306c48cfe fl-col-small\" data-node=\"64e4306c48cfe\" style=\"width: 50%;\">\n<div class=\"fl-col-content fl-node-content\">\n<div class=\"fl-module fl-module-rich-text fl-node-64e4306c48d3b\" data-animation-delay=\"0.0\" data-node=\"64e4306c48d3b\">\n<div class=\"fl-module-content fl-node-content\">\n<div class=\"fl-rich-text\">\n<p><span style=\"font-family: Calibri;\">A<\/span>Dvantationen:<\/p>\n<p>Hochtemperaturoxidationswiderstand<\/p>\n<p>Hervorragende Korrosionsbest\u00e4ndigkeit<\/p>\n<p>Gute Abriebfestigkeit<\/p>\n<p>Hoher W\u00e4rmungsleitf\u00e4higkeitskoeffizient<\/p>\n<p>Selbstglagen, geringe Dichte<\/p>\n<p>Hohe H\u00e4rte<\/p>\n<p>Individuelles Design.<\/p>\n<p>\u00a0<\/p>\n<\/p><\/div>\n<\/p><\/div>\n<\/p><\/div>\n<\/p><\/div>\n<\/p><\/div>\n<div class=\"fl-col fl-node-64e4306c48d78 fl-col-small\" data-node=\"64e4306c48d78\" style=\"width: 50%;\">\n<div class=\"fl-col-content fl-node-content\">\n<div class=\"fl-module fl-module-photo fl-node-64e4306c48db5\" data-animation-delay=\"0.0\" data-node=\"64e4306c48db5\">\n<div class=\"fl-module-content fl-node-content\">\n<div class=\"fl-photo fl-photo-align-center\" itemscope=\"\" itemtype=\"http:\/\/schema.org\/ImageObject\">\n<div class=\"fl-photo-content fl-photo-img-png\"> <img decoding=\"async\" alt=\"SiC -Keramikplatte (5)\" class=\"fl-photo-img wp-image-3354\" itemprop=\"image\" src=\"\/wp-content\/uploads\/2025\/09\/d0ca5824d70b1bc6.webp\"> <\/img><\/div>\n<\/p><\/div>\n<\/p><\/div>\n<\/p><\/div>\n<\/p><\/div>\n<\/p><\/div>\n<\/p><\/div>\n<div class=\"fl-col-group fl-node-64e4306c48ada\" data-node=\"64e4306c48ada\">\n<div class=\"fl-col fl-node-64e4306c48b0c\" data-node=\"64e4306c48b0c\" style=\"width: 100%;\">\n<div class=\"fl-col-content fl-node-content\">\n<div class=\"fl-module fl-module-photo fl-node-64e4306c48b4a\" data-animation-delay=\"0.0\" data-node=\"64e4306c48b4a\">\n<div class=\"fl-module-content fl-node-content\">\n<div class=\"fl-photo fl-photo-align-center\" itemscope=\"\" itemtype=\"http:\/\/schema.org\/ImageObject\">\n<div class=\"fl-photo-content fl-photo-img-png\"> <img decoding=\"async\" alt=\"Siliziumkarbidparameter\" class=\"fl-photo-img wp-image-3336\" itemprop=\"image\" src=\"\/wp-content\/uploads\/2025\/09\/bd315bb4aa989ceb.webp\"> <\/img><\/div>\n<\/p><\/div>\n<\/p><\/div>\n<\/p><\/div>\n<\/p><\/div>\n<\/p><\/div>\n<\/p><\/div>\n<div class=\"fl-col-group fl-node-64e4306c48eb4\" data-node=\"64e4306c48eb4\">\n<div class=\"fl-col fl-node-64e4306c48ef2\" data-node=\"64e4306c48ef2\" style=\"width: 100%;\">\n<div class=\"fl-col-content fl-node-content\">\n<div class=\"fl-module fl-module-gallery fl-node-64e4306c48f30\" data-animation-delay=\"0.0\" data-node=\"64e4306c48f30\">\n<div class=\"fl-module-content fl-node-content\">\n<div class=\"fl-mosaicflow\">\n<div class=\"fl-mosaicflow-content\">\n<div class=\"fl-mosaicflow-item\">\n<div class=\"fl-photo fl-photo-align-center\" itemscope=\"\" itemtype=\"http:\/\/schema.org\/ImageObject\">\n<div class=\"fl-photo-content fl-photo-img-png\"> <a href=\"\/de\/uploads\/SDfsdCFTYHJN2.webp\/\" itemprop=\"url\" target=\"_self\"> <img decoding=\"async\" alt=\"Sdfsdcftyhjn\" class=\"fl-photo-img wp-image-3222\" itemprop=\"image\" src=\"\/wp-content\/uploads\/2025\/09\/0a5d2007841c9923.webp\"> <\/img><\/a> <\/div>\n<\/p><\/div>\n<\/p><\/div>\n<div class=\"fl-mosaicflow-item\">\n<div class=\"fl-photo fl-photo-align-center\" itemscope=\"\" itemtype=\"http:\/\/schema.org\/ImageObject\">\n<div class=\"fl-photo-content fl-photo-img-png\"> <a href=\"\/de\/uploads\/SFDvSDcfvaq2.webp\/\" itemprop=\"url\" target=\"_self\"> <img decoding=\"async\" alt=\"SFDVSDCFVAQ\" class=\"fl-photo-img wp-image-3223\" itemprop=\"image\" src=\"\/wp-content\/uploads\/2025\/09\/5d34c27c40e0923f.webp\"> <\/img><\/a> <\/div>\n<\/p><\/div>\n<\/p><\/div>\n<div class=\"fl-mosaicflow-item\">\n<div class=\"fl-photo fl-photo-align-center\" itemscope=\"\" itemtype=\"http:\/\/schema.org\/ImageObject\">\n<div class=\"fl-photo-content fl-photo-img-png\"> <a href=\"\/de\/uploads\/ZADfvSXCD2.webp\/\" itemprop=\"url\" target=\"_self\"> <img decoding=\"async\" alt=\"ZADFVSXCD\" class=\"fl-photo-img wp-image-3224\" itemprop=\"image\" src=\"\/wp-content\/uploads\/2025\/09\/6acb3916de7499d8.webp\"> <\/img><\/a> <\/div>\n<\/p><\/div>\n<\/p><\/div>\n<\/p><\/div>\n<div class=\"fl-clear\"><\/div>\n<\/p><\/div>\n<\/p><\/div>\n<\/p><\/div>\n<\/p><\/div>\n<\/p><\/div>\n<\/p><\/div>\n<div class=\"fl-col-group fl-node-64e4306c48df2\" data-node=\"64e4306c48df2\">\n<div class=\"fl-col fl-node-64e4306c48e30\" data-node=\"64e4306c48e30\" style=\"width: 100%;\">\n<div class=\"fl-col-content fl-node-content\">\n<div class=\"fl-module fl-module-photo fl-node-64e4306c48e6c\" data-animation-delay=\"0.0\" data-node=\"64e4306c48e6c\">\n<div class=\"fl-module-content fl-node-content\">\n<div class=\"fl-photo fl-photo-align-center\" itemscope=\"\" itemtype=\"http:\/\/schema.org\/ImageObject\">\n<div class=\"fl-photo-content fl-photo-img-png\"> <img decoding=\"async\" alt=\"WeChat Screenshot_20230714090139\" class=\"fl-photo-img wp-image-3226\" itemprop=\"image\" src=\"\/wp-content\/uploads\/2025\/09\/fa12b2b7cdff09c2.webp\"> <\/img><\/div>\n<\/p><\/div>\n<\/p><\/div>\n<\/p><\/div>\n<\/p><\/div>\n<\/p><\/div>\n<\/p><\/div>\n<\/p><\/div>\n<\/p><\/div>\n<\/p><\/div>\n<\/div>","protected":false},"excerpt":{"rendered":"<p>Weitai Energy Technology Co., Ltd. ist ein f\u00fchrender Lieferant, der sich auf Wafer- und fortschrittliche Halbleiterverbrauchsg\u00fcter spezialisiert hat. Wir sind bestrebt, hochwertige, zuverl\u00e4ssige und innovative Produkte f\u00fcr die Herstellung von Halbleiter und die Photovoltaik-Industrie und andere verwandte Felder bereitzustellen.<\/p>","protected":false},"featured_media":1138,"comment_status":"closed","ping_status":"open","template":"","meta":[],"product_brand":[],"product_cat":[24,39],"product_tag":[],"class_list":{"0":"post-2211","1":"product","2":"type-product","3":"status-publish","4":"has-post-thumbnail","6":"product_cat-silicon-carbide-ceramic","7":"product_cat-silicon-carbide-plate","9":"first","10":"instock","11":"product-type-simple"},"_links":{"self":[{"href":"https:\/\/www.cn-semiconductorparts.com\/de\/wp-json\/wp\/v2\/product\/2211","targetHints":{"allow":["GET"]}}],"collection":[{"href":"https:\/\/www.cn-semiconductorparts.com\/de\/wp-json\/wp\/v2\/product"}],"about":[{"href":"https:\/\/www.cn-semiconductorparts.com\/de\/wp-json\/wp\/v2\/types\/product"}],"replies":[{"embeddable":true,"href":"https:\/\/www.cn-semiconductorparts.com\/de\/wp-json\/wp\/v2\/comments?post=2211"}],"wp:featuredmedia":[{"embeddable":true,"href":"https:\/\/www.cn-semiconductorparts.com\/de\/wp-json\/wp\/v2\/media\/1138"}],"wp:attachment":[{"href":"https:\/\/www.cn-semiconductorparts.com\/de\/wp-json\/wp\/v2\/media?parent=2211"}],"wp:term":[{"taxonomy":"product_brand","embeddable":true,"href":"https:\/\/www.cn-semiconductorparts.com\/de\/wp-json\/wp\/v2\/product_brand?post=2211"},{"taxonomy":"product_cat","embeddable":true,"href":"https:\/\/www.cn-semiconductorparts.com\/de\/wp-json\/wp\/v2\/product_cat?post=2211"},{"taxonomy":"product_tag","embeddable":true,"href":"https:\/\/www.cn-semiconductorparts.com\/de\/wp-json\/wp\/v2\/product_tag?post=2211"}],"curies":[{"name":"wp","href":"https:\/\/api.w.org\/{rel}","templated":true}]}}