{"id":2214,"date":"2025-09-11T05:33:27","date_gmt":"2025-09-11T05:33:27","guid":{"rendered":"https:\/\/weitai2.globaldeepsea.site\/product\/reaction-sintered-silicon-carbide-rolls\/"},"modified":"2026-04-29T15:28:07","modified_gmt":"2026-04-29T07:28:07","slug":"reaction-sintered-silicon-carbide-rolls","status":"publish","type":"product","link":"https:\/\/www.cn-semiconductorparts.com\/de\/product\/reaction-sintered-silicon-carbide-rolls\/","title":{"rendered":"Reaction sintered silicon carbide rolls"},"content":{"rendered":"<div class=\"fl-builder-content fl-builder-content-3413 fl-builder-content-primary fl-builder-global-templates-locked\" data-post-id=\"3413\">\n<div class=\"fl-row fl-row-full-width fl-row-bg-none fl-node-64e5a83d8cf27\" data-node=\"64e5a83d8cf27\">\n<div class=\"fl-row-content-wrap\">\n<div class=\"fl-row-content fl-row-full-width fl-node-content\">\n<div class=\"fl-col-group fl-node-64e5a83d8cf66\" data-node=\"64e5a83d8cf66\">\n<div class=\"fl-col fl-node-64e5a83d8d099 fl-col-small\" data-node=\"64e5a83d8d099\" style=\"width: 43.33%;\">\n<div class=\"fl-col-content fl-node-content\">\n<div class=\"fl-module fl-module-photo fl-node-64e5a83d8d0d2\" data-animation-delay=\"0.0\" data-node=\"64e5a83d8d0d2\">\n<div class=\"fl-module-content fl-node-content\">\n<div class=\"fl-photo fl-photo-align-center\" itemscope=\"\" itemtype=\"http:\/\/schema.org\/ImageObject\">\n<div class=\"fl-photo-content fl-photo-img-png\"> <img decoding=\"async\" alt=\"Silicon Carbide Roller (3)\" class=\"fl-photo-img wp-image-3423\" itemprop=\"image\" src=\"\/wp-content\/uploads\/2025\/09\/9180d2d2d538e770.webp\"> <\/img><\/div>\n<\/p><\/div>\n<\/p><\/div>\n<\/p><\/div>\n<\/p><\/div>\n<\/p><\/div>\n<div class=\"fl-col fl-node-64e5a83d8cfa4\" data-node=\"64e5a83d8cfa4\" style=\"width: 56.67%;\">\n<div class=\"fl-col-content fl-node-content\">\n<div class=\"fl-module fl-module-rich-text fl-node-64e5a83d8d18a\" data-animation-delay=\"0.0\" data-node=\"64e5a83d8d18a\">\n<div class=\"fl-module-content fl-node-content\">\n<div class=\"fl-rich-text\">\n<p>Siliziumkarbid ist eine neue Art von Keramik mit hoher Kostenleistung und hervorragenden Materialeigenschaften. Aufgrund von Merkmalen wie hoher Festigkeit und H\u00e4rte, hoher Temperaturbest\u00e4ndigkeit, gro\u00dfer thermischer Leitf\u00e4higkeit und chemischer Korrosionsbest\u00e4ndigkeit kann Siliziumcarbid fast dem gesamten chemischen Medium standhalten. Daher werden SIC in \u00d6labbau, Chemikalie, Maschinen und Luftraum, sogar Kernenergie und das Milit\u00e4r ihre besonderen Anforderungen an SIC, h\u00e4ufig eingesetzt. Einige normale Anwendungen, die wir anbieten k\u00f6nnen, sind Dichtungsringe f\u00fcr Pumpe, Ventil und Schutzpanzer usw.<\/p>\n<p>Wir k\u00f6nnen nach Ihren spezifischen Abmessungen mit guter Qualit\u00e4t und angemessener Zeitzeit entwerfen und herstellen.\u00a0<\/p>\n<\/p><\/div>\n<\/p><\/div>\n<\/p><\/div>\n<\/p><\/div>\n<\/p><\/div>\n<\/p><\/div>\n<div class=\"fl-col-group fl-node-64e5a83d8d1c7\" data-node=\"64e5a83d8d1c7\">\n<div class=\"fl-col fl-node-64e5a83d8d204\" data-node=\"64e5a83d8d204\" style=\"width: 100%;\">\n<div class=\"fl-col-content fl-node-content\">\n<div class=\"fl-module fl-module-rich-text fl-node-64e5a83d8d14d\" data-animation-delay=\"0.0\" data-node=\"64e5a83d8d14d\">\n<div class=\"fl-module-content fl-node-content\">\n<div class=\"fl-rich-text\">\n<p data-section=\"0\">Nicht-Druck-Sinter-Silizium-Carbidwalze, atmosph\u00e4rischer Druck gesinterte Siliciumkarbid-Keramikprodukte, die Verwendung von hochreinem ultra-fein-Silizium-Carbidpulver, mit 2450 \u2103 hoher Temperatur, Siliziumkarbidgehalt von mehr als 99,1%, Produktdichte \u22653.10g\/cm3, keine Metall-Sm3, wie Metal-Simetpaon, gesintert.<\/p>\n<p data-section=\"2\">\u25ba Siliziumkarbidgehalt \u2265 99%;<\/p>\n<p data-section=\"4\">\u25ba Hochtemperaturwiderstand - normaler Gebrauch bei 1800 \u2103;<\/p>\n<p data-section=\"6\">\u25ba Hohe thermische Leitf\u00e4higkeit - vergleichbar mit der thermischen Leitf\u00e4higkeit von Graphitmaterialien;<\/p>\n<p data-section=\"8\">\u25ba Hohe H\u00e4rte - H\u00e4rte an zweiter Stelle zu Diamond, kubischem Bornitrid;<\/p>\n<p data-section=\"10\">\u25ba Korrosionsbest\u00e4ndigkeit - Starke S\u00e4ure und Alkali haben keine Korrosion, Korrosionsresistenz ist besser als Wolfram -Carbid und Aluminiumoxid.<\/p>\n<p data-section=\"12\">\u25ba Leichtgewicht - Dichte 3,10 g\/cm3, in der N\u00e4he von Aluminium;<\/p>\n<p data-section=\"14\">\u25ba Keine Deformation - sehr kleiner W\u00e4rmeausdehnungskoeffizient;<\/p>\n<p data-section=\"16\">\u25ba W\u00e4rmeschockwiderstand - Das Material kann schnelle Temperatur\u00e4nderungen, thermischer Sto\u00dfd\u00e4mpferwiderstand, Widerstand gegen K\u00e4lte und W\u00e4rme, stabile Leistung standhalten.<\/p>\n<\/p><\/div>\n<\/p><\/div>\n<\/p><\/div>\n<\/p><\/div>\n<\/p><\/div>\n<\/p><\/div>\n<div class=\"fl-col-group fl-node-64e5a854bb849\" data-node=\"64e5a854bb849\">\n<div class=\"fl-col fl-node-64e5a854bb9da\" data-node=\"64e5a854bb9da\" style=\"width: 100%;\">\n<div class=\"fl-col-content fl-node-content\">\n<div class=\"fl-module fl-module-gallery fl-node-64e5a854bb6f9\" data-animation-delay=\"0.0\" data-node=\"64e5a854bb6f9\">\n<div class=\"fl-module-content fl-node-content\">\n<div class=\"fl-mosaicflow\">\n<div class=\"fl-mosaicflow-content\">\n<div class=\"fl-mosaicflow-item\">\n<div class=\"fl-photo fl-photo-align-center\" itemscope=\"\" itemtype=\"http:\/\/schema.org\/ImageObject\">\n<div class=\"fl-photo-content fl-photo-img-png\"> <a href=\"\/de\/uploads\/Silicon-Carbide-Roller-2.webp\/\" itemprop=\"url\" target=\"_self\"> <img decoding=\"async\" alt=\"Silicon Carbide Roller (2)\" class=\"fl-photo-img wp-image-3425\" itemprop=\"image\" src=\"\/wp-content\/uploads\/2025\/09\/caac4d299af333fd.webp\"> <\/img><\/a> <\/div>\n<\/p><\/div>\n<\/p><\/div>\n<div class=\"fl-mosaicflow-item\">\n<div class=\"fl-photo fl-photo-align-center\" itemscope=\"\" itemtype=\"http:\/\/schema.org\/ImageObject\">\n<div class=\"fl-photo-content fl-photo-img-png\"> <a href=\"\/de\/uploads\/Silicon-Carbide-Roller-31.webp\/\" itemprop=\"url\" target=\"_self\"> <img decoding=\"async\" alt=\"Silicon Carbide Roller (3)\" class=\"fl-photo-img wp-image-3426\" itemprop=\"image\" src=\"\/wp-content\/uploads\/2025\/09\/b429da6b6ebfccba.webp\"> <\/img><\/a> <\/div>\n<\/p><\/div>\n<\/p><\/div>\n<\/p><\/div>\n<div class=\"fl-clear\"><\/div>\n<\/p><\/div>\n<\/p><\/div>\n<\/p><\/div>\n<\/p><\/div>\n<\/p><\/div>\n<\/p><\/div>\n<div class=\"fl-col-group fl-node-64e5a83d8cfe1\" data-node=\"64e5a83d8cfe1\">\n<div class=\"fl-col fl-node-64e5a83d8d01e fl-col-has-cols\" data-node=\"64e5a83d8d01e\" style=\"width: 100%;\">\n<div class=\"fl-col-content fl-node-content\">\n<div class=\"fl-module fl-module-heading fl-node-64e5a83d8d05c\" data-animation-delay=\"0.0\" data-node=\"64e5a83d8d05c\">\n<div class=\"fl-module-content fl-node-content\">\n<h3 class=\"fl-heading\"> <span class=\"fl-heading-text\">Technische Parameter:<\/span> <\/h3>\n<\/p><\/div>\n<\/p><\/div>\n<div class=\"fl-col-group fl-node-64e5a83d8d241 fl-col-group-nested\" data-node=\"64e5a83d8d241\">\n<div class=\"fl-col fl-node-64e5a83d8d110\" data-node=\"64e5a83d8d110\" style=\"width: 100%;\">\n<div class=\"fl-col-content fl-node-content\">\n<div class=\"fl-module fl-module-photo fl-node-64e5a87fc1a96\" data-animation-delay=\"0.0\" data-node=\"64e5a87fc1a96\">\n<div class=\"fl-module-content fl-node-content\">\n<div class=\"fl-photo fl-photo-align-center\" itemscope=\"\" itemtype=\"http:\/\/schema.org\/ImageObject\">\n<div class=\"fl-photo-content fl-photo-img-png\"> <img decoding=\"async\" alt=\"Siliziumkarbidparameter\" class=\"fl-photo-img wp-image-3336\" itemprop=\"image\" src=\"\/wp-content\/uploads\/2025\/09\/bd315bb4aa989ceb.webp\"> <\/img><\/div>\n<\/p><\/div>\n<\/p><\/div>\n<\/p><\/div>\n<\/p><\/div>\n<\/p><\/div>\n<\/p><\/div>\n<\/p><\/div>\n<\/p><\/div>\n<\/p><\/div>\n<\/p><\/div>\n<\/p><\/div>\n<\/p><\/div>\n<\/div>","protected":false},"excerpt":{"rendered":"<p>Semicera\u2019s reaction-sintered silicon carbide rollers are designed for high-performance applications and have excellent wear resistance and thermal stability. These rollers are manufactured using advanced sintering technology to ensure excellent durability and service life in demanding environments. Semicera is committed to providing high-quality products that meet your specific needs, making these silicon carbide rollers a reliable choice for a variety of industrial applications. Semicera looks forward to being your long-term partner in China.<\/p>","protected":false},"featured_media":634,"comment_status":"closed","ping_status":"open","template":"","meta":[],"product_brand":[],"product_cat":[54,26],"product_tag":[],"class_list":{"0":"post-2214","1":"product","2":"type-product","3":"status-publish","4":"has-post-thumbnail","6":"product_cat-gallium-oxide-ga203","7":"product_cat-wafer","9":"first","10":"instock","11":"product-type-simple"},"_links":{"self":[{"href":"https:\/\/www.cn-semiconductorparts.com\/de\/wp-json\/wp\/v2\/product\/2214","targetHints":{"allow":["GET"]}}],"collection":[{"href":"https:\/\/www.cn-semiconductorparts.com\/de\/wp-json\/wp\/v2\/product"}],"about":[{"href":"https:\/\/www.cn-semiconductorparts.com\/de\/wp-json\/wp\/v2\/types\/product"}],"replies":[{"embeddable":true,"href":"https:\/\/www.cn-semiconductorparts.com\/de\/wp-json\/wp\/v2\/comments?post=2214"}],"wp:featuredmedia":[{"embeddable":true,"href":"https:\/\/www.cn-semiconductorparts.com\/de\/wp-json\/wp\/v2\/media\/634"}],"wp:attachment":[{"href":"https:\/\/www.cn-semiconductorparts.com\/de\/wp-json\/wp\/v2\/media?parent=2214"}],"wp:term":[{"taxonomy":"product_brand","embeddable":true,"href":"https:\/\/www.cn-semiconductorparts.com\/de\/wp-json\/wp\/v2\/product_brand?post=2214"},{"taxonomy":"product_cat","embeddable":true,"href":"https:\/\/www.cn-semiconductorparts.com\/de\/wp-json\/wp\/v2\/product_cat?post=2214"},{"taxonomy":"product_tag","embeddable":true,"href":"https:\/\/www.cn-semiconductorparts.com\/de\/wp-json\/wp\/v2\/product_tag?post=2214"}],"curies":[{"name":"wp","href":"https:\/\/api.w.org\/{rel}","templated":true}]}}