{"id":2222,"date":"2025-09-11T05:33:27","date_gmt":"2025-09-11T05:33:27","guid":{"rendered":"https:\/\/weitai2.globaldeepsea.site\/product\/silicon-carbide-coated-disc-for-mocvd\/"},"modified":"2026-04-29T15:28:11","modified_gmt":"2026-04-29T07:28:11","slug":"silicon-carbide-coated-disc-for-mocvd","status":"publish","type":"product","link":"https:\/\/www.cn-semiconductorparts.com\/de\/product\/silicon-carbide-coated-disc-for-mocvd\/","title":{"rendered":"Silicon Carbide Coated Disc for MOCVD"},"content":{"rendered":"<p><?xml encoding=\"utf-8\" ?><\/p>\n<div class=\"fl-builder-content fl-builder-content-3099 fl-builder-content-primary fl-builder-global-templates-locked\" data-post-id=\"3099\">\n<div class=\"fl-row fl-row-full-width fl-row-bg-none fl-node-653233b21d27d\" data-node=\"653233b21d27d\">\n<div class=\"fl-row-content-wrap\">\n<div class=\"fl-row-content fl-row-full-width fl-node-content\">\n<div class=\"fl-col-group fl-node-653233b21d2c6\" data-node=\"653233b21d2c6\">\n<div class=\"fl-col fl-node-653233b21d30b\" data-node=\"653233b21d30b\" style=\"width: 100%;\">\n<div class=\"fl-col-content fl-node-content\">\n<div class=\"fl-module fl-module-heading fl-node-653233b21d34f pro_tit\" data-animation-delay=\"0.0\" data-node=\"653233b21d34f\">\n<div class=\"fl-module-content fl-node-content\">\n<h3 class=\"fl-heading\"> <span class=\"fl-heading-text\">Beschreibung<\/span> <\/h3>\n<\/p><\/div>\n<\/p><\/div>\n<\/p><\/div>\n<\/p><\/div>\n<\/p><\/div>\n<div class=\"fl-col-group fl-node-653233b21d393\" data-node=\"653233b21d393\">\n<div class=\"fl-col fl-node-653233b21d3d6\" data-node=\"653233b21d3d6\" style=\"width: 100%;\">\n<div class=\"fl-col-content fl-node-content\">\n<div class=\"fl-module fl-module-rich-text fl-node-653233b21d41a\" data-animation-delay=\"0.0\" data-node=\"653233b21d41a\">\n<div class=\"fl-module-content fl-node-content\">\n<div class=\"fl-rich-text\">\n<p><span style=\"font-family: arial, helvetica, sans-serif; font-size: medium;\">The Silicon Carbide Disc for MOCVD from semicera, a high-performance solution designed for optimal efficiency in epitaxial growth processes. The semicera Silicon Carbide Disc offers exceptional thermal stability and precision, making it an essential component in Si Epitaxy and SiC Epitaxy processes. Engineered to withstand the high temperatures and demanding conditions of MOCVD applications, this disc ensures reliable performance and longevity.<\/span><\/p>\n<p><span style=\"font-family: arial, helvetica, sans-serif; font-size: medium;\">Our Silicon Carbide Disc is compatible with a wide range of MOCVD setups, including MOCVD Susceptor systems, and supports advanced processes such as GaN on SiC Epitaxy. It also integrates smoothly with PSS Etching Carrier, ICP Etching Carrier, and RTP Carrier systems, enhancing the precision and quality of your manufacturing output. Whether used for Monocrystalline Silicon production or LED Epitaxial Susceptor applications, this disc ensures exceptional results.<\/span><\/p>\n<p><span style=\"font-family: arial, helvetica, sans-serif; font-size: medium;\">Additionally, semicera&#8217;s Silicon Carbide Disc is adaptable to various configurations, including Pancake Susceptor and Barrel Susceptor setups, offering flexibility in diverse manufacturing environments. The inclusion of Photovoltaic Parts further extends its application to solar energy industries, making it a versatile and indispensable component for modern epitaxial growth and semiconductor manufacturing.<\/span><\/p>\n<div id=\"gtx-trans\" style=\"position: absolute; left: 123px; top: 100.234px;\">&nbsp;<\/div>\n<\/p><\/div>\n<\/p><\/div>\n<\/p><\/div>\n<\/p><\/div>\n<\/p><\/div>\n<\/p><\/div>\n<div class=\"fl-col-group fl-node-653233b21d468\" data-node=\"653233b21d468\">\n<div class=\"fl-col fl-node-653233b21d4ad\" data-node=\"653233b21d4ad\" style=\"width: 100%;\">\n<div class=\"fl-col-content fl-node-content\">\n<div class=\"fl-module fl-module-gallery fl-node-653233b21de99\" data-animation-delay=\"0.0\" data-node=\"653233b21de99\">\n<div class=\"fl-module-content fl-node-content\">\n<div class=\"fl-mosaicflow\">\n<div class=\"fl-mosaicflow-content\">\n<div class=\"fl-mosaicflow-item\">\n<div class=\"fl-photo fl-photo-align-center\" itemscope=\"\" itemtype=\"http:\/\/schema.org\/ImageObject\">\n<div class=\"fl-photo-content fl-photo-img-jpg\"> <a href=\"\/de\/uploads\/Silicon-Carbide-Disc-for-MOCVD1.webp\/\" itemprop=\"url\" target=\"_self\"> <img decoding=\"async\" alt=\"Silicon Carbide Disc for MOCVD\" class=\"fl-photo-img wp-image-10875\" itemprop=\"image\" src=\"\/wp-content\/uploads\/2025\/09\/1f2d322201eeb6cf.webp\"> <\/a> <\/div>\n<\/p><\/div>\n<\/p><\/div>\n<div class=\"fl-mosaicflow-item\">\n<div class=\"fl-photo fl-photo-align-center\" itemscope=\"\" itemtype=\"http:\/\/schema.org\/ImageObject\">\n<div class=\"fl-photo-content fl-photo-img-jpg\"> <a href=\"\/de\/uploads\/Anti-oxidation-high-purity-SiC-coated-MOCVD-tray1.webp\/\" itemprop=\"url\" target=\"_self\"> <img decoding=\"async\" alt=\"Antioxidation mit hoher Reinheit mit sic beschichteten MOCVD-Tablett\" class=\"fl-photo-img wp-image-10876\" itemprop=\"image\" src=\"\/wp-content\/uploads\/2025\/09\/702566654cfd733e.webp\"> <\/a> <\/div>\n<\/p><\/div>\n<\/p><\/div>\n<\/p><\/div>\n<div class=\"fl-clear\"><\/div>\n<\/p><\/div>\n<\/p><\/div>\n<\/p><\/div>\n<\/p><\/div>\n<\/p><\/div>\n<\/p><\/div>\n<\/p><\/div>\n<\/p><\/div>\n<\/p><\/div>\n<div class=\"fl-row fl-row-full-width fl-row-bg-none fl-node-653233b21d4f3\" data-node=\"653233b21d4f3\">\n<div class=\"fl-row-content-wrap\">\n<div class=\"fl-row-content fl-row-full-width fl-node-content\">\n<div class=\"fl-col-group fl-node-653233b21d536\" data-node=\"653233b21d536\">\n<div class=\"fl-col fl-node-653233b21d579\" data-node=\"653233b21d579\" style=\"width: 100%;\">\n<div class=\"fl-col-content fl-node-content\">\n<div class=\"fl-module fl-module-heading fl-node-653233b21d5bc pro_tit\" data-animation-delay=\"0.0\" data-node=\"653233b21d5bc\">\n<div class=\"fl-module-content fl-node-content\">\n<h3 class=\"fl-heading\"> <span class=\"fl-heading-text\">Hauptmerkmale<\/span> <\/h3>\n<\/p><\/div>\n<\/p><\/div>\n<\/p><\/div>\n<\/p><\/div>\n<\/p><\/div>\n<div class=\"fl-col-group fl-node-653233b21d5ff\" data-node=\"653233b21d5ff\">\n<div class=\"fl-col fl-node-653233b21d643\" data-node=\"653233b21d643\" style=\"width: 100%;\">\n<div class=\"fl-col-content fl-node-content\">\n<div class=\"fl-module fl-module-rich-text fl-node-653233b21d686\" data-animation-delay=\"0.0\" data-node=\"653233b21d686\">\n<div class=\"fl-module-content fl-node-content\">\n<div class=\"fl-rich-text\">\n<p><span style=\"font-family: arial, helvetica, sans-serif; font-size: medium;\">1. Hochreines SIC -beschichteter Graphit<\/span><\/p>\n<p><span style=\"font-family: arial, helvetica, sans-serif; font-size: medium;\">2. \u00dcberlegener W\u00e4rmewiderstand und thermische Gleichm\u00e4\u00dfigkeit<\/span><\/p>\n<p><span style=\"font-family: arial, helvetica, sans-serif; font-size: medium;\">3. Fine SiC crystal coated for a smooth surface<\/span><\/p>\n<p><span style=\"font-family: arial, helvetica, sans-serif; font-size: medium;\">4. Hohe Haltbarkeit gegen chemische Reinigung<\/span><\/p>\n<div id=\"gtx-trans\" style=\"position: absolute; left: 138px; top: 41.7812px;\">&nbsp;<\/div>\n<\/p><\/div>\n<\/p><\/div>\n<\/p><\/div>\n<\/p><\/div>\n<\/p><\/div>\n<\/p><\/div>\n<\/p><\/div>\n<\/p><\/div>\n<\/p><\/div>\n<div class=\"fl-row fl-row-full-width fl-row-bg-none fl-node-653233b21d6c9\" data-node=\"653233b21d6c9\">\n<div class=\"fl-row-content-wrap\">\n<div class=\"fl-row-content fl-row-full-width fl-node-content\">\n<div class=\"fl-col-group fl-node-653233b21d70c\" data-node=\"653233b21d70c\">\n<div class=\"fl-col fl-node-653233b21d74f\" data-node=\"653233b21d74f\" style=\"width: 100%;\">\n<div class=\"fl-col-content fl-node-content\">\n<div class=\"fl-module fl-module-heading fl-node-653233b21d792 pro_tit\" data-animation-delay=\"0.0\" data-node=\"653233b21d792\">\n<div class=\"fl-module-content fl-node-content\">\n<h3 class=\"fl-heading\"> <span class=\"fl-heading-text\">Main Specifications of CVD-SIC Coatings:<\/span> <\/h3>\n<\/p><\/div>\n<\/p><\/div>\n<\/p><\/div>\n<\/p><\/div>\n<\/p><\/div>\n<div class=\"fl-col-group fl-node-653233b21d7d7\" data-node=\"653233b21d7d7\">\n<div class=\"fl-col fl-node-653233b21d826\" data-node=\"653233b21d826\" style=\"width: 100%;\">\n<div class=\"fl-col-content fl-node-content\">\n<div class=\"fl-module fl-module-rich-text fl-node-653233b21d876\" data-animation-delay=\"0.0\" data-node=\"653233b21d876\">\n<div class=\"fl-module-content fl-node-content\">\n<div class=\"fl-rich-text\">\n<table border=\"1\" cellspacing=\"0\">\n<tbody>\n<tr>\n<td colspan=\"3\" style=\"text-align: center;\" valign=\"center\"><span style=\"font-family: arial, helvetica, sans-serif; font-size: medium; color: #888888;\">SiC-CVD<\/span><\/td>\n<\/tr>\n<tr>\n<td valign=\"center\"><span style=\"font-family: arial, helvetica, sans-serif; font-size: medium; color: #888888;\">Dichte<\/span><\/td>\n<td valign=\"center\"><span style=\"font-family: arial, helvetica, sans-serif; font-size: medium; color: #888888;\">(g\/cc)<\/span><\/td>\n<td valign=\"center\"><span style=\"font-family: arial, helvetica, sans-serif; font-size: medium; color: #888888;\">3.21<\/span><\/td>\n<\/tr>\n<tr>\n<td valign=\"center\"><span style=\"font-family: arial, helvetica, sans-serif; font-size: medium; color: #888888;\">Flexural strength<\/span><\/td>\n<td valign=\"center\"><span style=\"font-family: arial, helvetica, sans-serif; font-size: medium; color: #888888;\">(Mpa)<\/span><\/td>\n<td valign=\"center\"><span style=\"font-family: arial, helvetica, sans-serif; font-size: medium; color: #888888;\">470<\/span><\/td>\n<\/tr>\n<tr>\n<td valign=\"center\"><span style=\"font-family: arial, helvetica, sans-serif; font-size: medium; color: #888888;\">Thermal expansion<\/span><\/td>\n<td valign=\"center\"><span style=\"font-family: arial, helvetica, sans-serif; font-size: medium; color: #888888;\">(10-6\/K)<\/span><\/td>\n<td valign=\"center\"><span style=\"font-family: arial, helvetica, sans-serif; font-size: medium; color: #888888;\">4<\/span><\/td>\n<\/tr>\n<tr>\n<td valign=\"center\"><span style=\"font-family: arial, helvetica, sans-serif; font-size: medium; color: #888888;\">W\u00e4rmeleitf\u00e4higkeit<\/span><\/td>\n<td valign=\"center\"><span style=\"font-family: arial, helvetica, sans-serif; font-size: medium; color: #888888;\">(W\/mk)<\/span><\/td>\n<td valign=\"center\"><span style=\"font-family: arial, helvetica, sans-serif; font-size: medium; color: #888888;\">300<\/span><\/td>\n<\/tr>\n<\/tbody>\n<\/table><\/div>\n<\/p><\/div>\n<\/p><\/div>\n<\/p><\/div>\n<\/p><\/div>\n<\/p><\/div>\n<\/p><\/div>\n<\/p><\/div>\n<\/p><\/div>\n<div class=\"fl-row fl-row-full-width fl-row-bg-none fl-node-653233b21dcaa\" data-node=\"653233b21dcaa\">\n<div class=\"fl-row-content-wrap\">\n<div class=\"fl-row-content fl-row-full-width fl-node-content\">\n<div class=\"fl-col-group fl-node-653233b21dcee\" data-node=\"653233b21dcee\">\n<div class=\"fl-col fl-node-653233b21dd32\" data-node=\"653233b21dd32\" style=\"width: 100%;\">\n<div class=\"fl-col-content fl-node-content\">\n<div class=\"fl-module fl-module-heading fl-node-653233b21dd83 pro_tit\" data-animation-delay=\"0.0\" data-node=\"653233b21dd83\">\n<div class=\"fl-module-content fl-node-content\">\n<h3 class=\"fl-heading\"> <span class=\"fl-heading-text\">Packing and Shipping <\/span> <\/h3>\n<\/p><\/div>\n<\/p><\/div>\n<\/p><\/div>\n<\/p><\/div>\n<\/p><\/div>\n<div class=\"fl-col-group fl-node-653233b21ddc8\" data-node=\"653233b21ddc8\">\n<div class=\"fl-col fl-node-653233b21de0d\" data-node=\"653233b21de0d\" style=\"width: 100%;\">\n<div class=\"fl-col-content fl-node-content\">\n<div class=\"fl-module fl-module-rich-text fl-node-653233b21de52\" data-animation-delay=\"0.0\" data-node=\"653233b21de52\">\n<div class=\"fl-module-content fl-node-content\">\n<div class=\"fl-rich-text\">\n<p><span style=\"font-family: arial, helvetica, sans-serif; font-size: medium;\"><strong>Supply Ability:<\/strong><\/span><br \/><span style=\"font-family: arial, helvetica, sans-serif; font-size: medium;\"> 10000 Piece\/Pieces per Month<\/span><br \/><span style=\"font-family: arial, helvetica, sans-serif; font-size: medium;\"> <strong>Packaging &amp; Delivery:<\/strong><\/span><br \/><span style=\"font-family: arial, helvetica, sans-serif; font-size: medium;\"> Packing:Standard &amp; Strong Packing<\/span><br \/><span style=\"font-family: arial, helvetica, sans-serif; font-size: medium;\"> Poly bag + Box + Carton + Pallet<\/span><br \/><span style=\"font-family: arial, helvetica, sans-serif; font-size: medium;\"> Port:<\/span><br \/><span style=\"font-family: arial, helvetica, sans-serif; font-size: medium;\"> Ningbo\/Shenzhen\/Shanghai<\/span><br \/><span style=\"font-family: arial, helvetica, sans-serif; font-size: medium;\"> Lead Time:<\/span><\/p>\n<table border=\"0\" cellspacing=\"0\">\n<tbody>\n<tr>\n<td valign=\"center\" width=\"250\">\n<p><span style=\"font-family: arial, helvetica, sans-serif; font-size: medium; color: #000000;\">Quantity(Pieces)<\/span><\/p>\n<\/td>\n<td valign=\"center\" width=\"150\">\n<p><span style=\"font-family: arial, helvetica, sans-serif; font-size: medium; color: #000000;\">1-1000<\/span><\/p>\n<\/td>\n<td valign=\"center\" width=\"247\">\n<p><span style=\"font-family: arial, helvetica, sans-serif; font-size: medium; color: #000000;\">&gt;1000<\/span><\/p>\n<\/td>\n<\/tr>\n<tr>\n<td valign=\"center\" width=\"250\"><span style=\"font-family: arial, helvetica, sans-serif; font-size: medium;\">&nbsp;Est. Time(days)<\/span><\/td>\n<td valign=\"center\" width=\"150\"><span style=\"font-family: arial, helvetica, sans-serif; font-size: medium;\">30<\/span><\/td>\n<td valign=\"center\" width=\"247\"><span style=\"font-family: arial, helvetica, sans-serif; font-size: medium;\">To&nbsp;be negotiated<\/span><\/td>\n<\/tr>\n<\/tbody>\n<\/table><\/div>\n<\/p><\/div>\n<\/p><\/div>\n<\/p><\/div>\n<\/p><\/div>\n<\/p><\/div>\n<\/p><\/div>\n<\/p><\/div>\n<\/p><\/div>\n<div class=\"fl-row fl-row-full-width fl-row-bg-none fl-node-66ebd223c4851\" data-node=\"66ebd223c4851\">\n<div class=\"fl-row-content-wrap\">\n<div class=\"fl-row-content fl-row-full-width fl-node-content\">\n<div class=\"fl-col-group fl-node-66ebd223c4896\" data-node=\"66ebd223c4896\">\n<div class=\"fl-col fl-node-66ebd223c48d7\" data-node=\"66ebd223c48d7\" style=\"width: 100%;\">\n<div class=\"fl-col-content fl-node-content\">\n<div class=\"fl-module fl-module-photo fl-node-66ebd223c4918\" data-animation-delay=\"0.0\" data-node=\"66ebd223c4918\">\n<div class=\"fl-module-content fl-node-content\">\n<div class=\"fl-photo fl-photo-align-center\" itemscope=\"\" itemtype=\"http:\/\/schema.org\/ImageObject\">\n<div class=\"fl-photo-content fl-photo-img-jpg\"> <img decoding=\"async\" alt=\"SEMICERA -Arbeitsplatz\" class=\"fl-photo-img wp-image-9038\" itemprop=\"image\" src=\"\/wp-content\/uploads\/2025\/09\/b1dd0bcab1675ff4.webp\"> <\/div>\n<\/p><\/div>\n<\/p><\/div>\n<\/p><\/div>\n<div class=\"fl-module fl-module-photo fl-node-66ebd223c4a6a\" data-animation-delay=\"0.0\" data-node=\"66ebd223c4a6a\">\n<div class=\"fl-module-content fl-node-content\">\n<div class=\"fl-photo fl-photo-align-center\" itemscope=\"\" itemtype=\"http:\/\/schema.org\/ImageObject\">\n<div class=\"fl-photo-content fl-photo-img-jpg\"> <img decoding=\"async\" alt=\"Semizelle Arbeitsplatz 2\" class=\"fl-photo-img wp-image-9037\" itemprop=\"image\" src=\"\/wp-content\/uploads\/2025\/09\/2b946d2b4b61306d.webp\"> <\/div>\n<\/p><\/div>\n<\/p><\/div>\n<\/p><\/div>\n<div class=\"fl-module fl-module-photo fl-node-66ebd223c4a29\" data-animation-delay=\"0.0\" data-node=\"66ebd223c4a29\">\n<div class=\"fl-module-content fl-node-content\">\n<div class=\"fl-photo fl-photo-align-center\" itemscope=\"\" itemtype=\"http:\/\/schema.org\/ImageObject\">\n<div class=\"fl-photo-content fl-photo-img-jpg\"> <img decoding=\"async\" alt=\"Ausr\u00fcstungsmaschine\" class=\"fl-photo-img wp-image-9034 size-full\" itemprop=\"image\" src=\"\/wp-content\/uploads\/2025\/09\/081b6529d68ead23.webp\"> <\/div>\n<\/p><\/div>\n<\/p><\/div>\n<\/p><\/div>\n<div class=\"fl-module fl-module-photo fl-node-66ebd223c49e5\" data-animation-delay=\"0.0\" data-node=\"66ebd223c49e5\">\n<div class=\"fl-module-content fl-node-content\">\n<div class=\"fl-photo fl-photo-align-center\" itemscope=\"\" itemtype=\"http:\/\/schema.org\/ImageObject\">\n<div class=\"fl-photo-content fl-photo-img-jpg\"> <img decoding=\"async\" alt=\"CNN -Verarbeitung, chemische Reinigung, CVD -Beschichtung\" class=\"fl-photo-img wp-image-9033\" itemprop=\"image\" src=\"\/wp-content\/uploads\/2025\/09\/a4132b2b399abbac.webp\"> <\/div>\n<\/p><\/div>\n<\/p><\/div>\n<\/p><\/div>\n<div class=\"fl-module fl-module-photo fl-node-66ebd223c499a\" data-animation-delay=\"0.0\" data-node=\"66ebd223c499a\">\n<div class=\"fl-module-content fl-node-content\">\n<div class=\"fl-photo fl-photo-align-center\" itemscope=\"\" itemtype=\"http:\/\/schema.org\/ImageObject\">\n<div class=\"fl-photo-content fl-photo-img-jpg\"> <img decoding=\"async\" alt=\"Semizera Ware House\" class=\"fl-photo-img wp-image-9036\" itemprop=\"image\" src=\"\/wp-content\/uploads\/2025\/09\/2190bb9ce5c1d546.webp\"> <\/div>\n<\/p><\/div>\n<\/p><\/div>\n<\/p><\/div>\n<div class=\"fl-module fl-module-photo fl-node-66ebd223c4959\" data-animation-delay=\"0.0\" data-node=\"66ebd223c4959\">\n<div class=\"fl-module-content fl-node-content\">\n<div class=\"fl-photo fl-photo-align-center\" itemscope=\"\" itemtype=\"http:\/\/schema.org\/ImageObject\">\n<div class=\"fl-photo-content fl-photo-img-jpg\"> <img decoding=\"async\" alt=\"Unser Service\" class=\"fl-photo-img wp-image-9035\" itemprop=\"image\" src=\"\/wp-content\/uploads\/2025\/09\/b07f222c0ec0ab8d.webp\"> <\/div>\n<\/p><\/div>\n<\/p><\/div>\n<\/p><\/div>\n<\/p><\/div>\n<\/p><\/div>\n<\/p><\/div>\n<\/p><\/div>\n<\/p><\/div>\n<\/p><\/div>\n<\/div>","protected":false},"excerpt":{"rendered":"<p><?xml encoding=\"utf-8\" ?><\/p>\n<p>Semicera&rsquo;s Silicon Carbide Coated Disc for MOCVD is designed to provide exceptional performance in Metal-Organic Chemical Vapor Deposition (MOCVD) processes. With a durable silicon carbide coating, this disc offers excellent thermal stability, superior chemical resistance, and uniform heat distribution, ensuring optimal conditions for semiconductor and LED production. Trusted by industry leaders, Semicera&rsquo;s silicon carbide coated discs enhance the efficiency and reliability of your MOCVD processes, delivering consistent, high-quality results.<\/p>","protected":false},"featured_media":736,"comment_status":"closed","ping_status":"open","template":"","meta":[],"product_brand":[],"product_cat":[16,49],"product_tag":[],"class_list":{"0":"post-2222","1":"product","2":"type-product","3":"status-publish","4":"has-post-thumbnail","6":"product_cat-cvd-sic","7":"product_cat-mocvd-epitaxial-parts","9":"first","10":"instock","11":"product-type-simple"},"_links":{"self":[{"href":"https:\/\/www.cn-semiconductorparts.com\/de\/wp-json\/wp\/v2\/product\/2222","targetHints":{"allow":["GET"]}}],"collection":[{"href":"https:\/\/www.cn-semiconductorparts.com\/de\/wp-json\/wp\/v2\/product"}],"about":[{"href":"https:\/\/www.cn-semiconductorparts.com\/de\/wp-json\/wp\/v2\/types\/product"}],"replies":[{"embeddable":true,"href":"https:\/\/www.cn-semiconductorparts.com\/de\/wp-json\/wp\/v2\/comments?post=2222"}],"wp:featuredmedia":[{"embeddable":true,"href":"https:\/\/www.cn-semiconductorparts.com\/de\/wp-json\/wp\/v2\/media\/736"}],"wp:attachment":[{"href":"https:\/\/www.cn-semiconductorparts.com\/de\/wp-json\/wp\/v2\/media?parent=2222"}],"wp:term":[{"taxonomy":"product_brand","embeddable":true,"href":"https:\/\/www.cn-semiconductorparts.com\/de\/wp-json\/wp\/v2\/product_brand?post=2222"},{"taxonomy":"product_cat","embeddable":true,"href":"https:\/\/www.cn-semiconductorparts.com\/de\/wp-json\/wp\/v2\/product_cat?post=2222"},{"taxonomy":"product_tag","embeddable":true,"href":"https:\/\/www.cn-semiconductorparts.com\/de\/wp-json\/wp\/v2\/product_tag?post=2222"}],"curies":[{"name":"wp","href":"https:\/\/api.w.org\/{rel}","templated":true}]}}