{"id":2235,"date":"2025-09-11T05:33:34","date_gmt":"2025-09-11T05:33:34","guid":{"rendered":"https:\/\/weitai2.globaldeepsea.site\/product\/graphite-hard-felt-high-density-graphite-material\/"},"modified":"2026-04-29T15:28:04","modified_gmt":"2026-04-29T07:28:04","slug":"graphite-hard-felt-high-density-graphite-material","status":"publish","type":"product","link":"https:\/\/www.cn-semiconductorparts.com\/de\/product\/graphite-hard-felt-high-density-graphite-material\/","title":{"rendered":"Graphite hard felt high-density graphite material"},"content":{"rendered":"<p><?xml encoding=\"utf-8\" ?><\/p>\n<div class=\"fl-builder-content fl-builder-content-2857 fl-builder-content-primary fl-builder-global-templates-locked\" data-post-id=\"2857\">\n<div class=\"fl-row fl-row-full-width fl-row-bg-none fl-node-64db1c776d849\" data-node=\"64db1c776d849\">\n<div class=\"fl-row-content-wrap\">\n<div class=\"fl-row-content fl-row-full-width fl-node-content\">\n<div class=\"fl-col-group fl-node-64db1c776d88b\" data-node=\"64db1c776d88b\">\n<div class=\"fl-col fl-node-64db1c776d8ca\" data-node=\"64db1c776d8ca\" style=\"width: 100%;\">\n<div class=\"fl-col-content fl-node-content\">\n<div class=\"fl-module fl-module-heading fl-node-64db1c776d948\" data-animation-delay=\"0.0\" data-node=\"64db1c776d948\">\n<div class=\"fl-module-content fl-node-content\">\n<h3 class=\"fl-heading\"> <span class=\"fl-heading-text\">Produktdetails<\/span> <\/h3>\n<\/p><\/div>\n<\/p><\/div>\n<div class=\"fl-module fl-module-rich-text fl-node-64db1c776d909\" data-animation-delay=\"0.0\" data-node=\"64db1c776d909\">\n<div class=\"fl-module-content fl-node-content\">\n<div class=\"fl-rich-text\">\n<table border=\"0\" cellspacing=\"0\">\n<tbody>\n<tr>\n<td valign=\"center\" width=\"337\">\n<p>Produktname<\/p>\n<\/td>\n<td valign=\"center\" width=\"330\">\n<p>Graphit Filz<\/p>\n<\/td>\n<\/tr>\n<tr>\n<td valign=\"center\" width=\"337\">\n<p>Chemische Zusammensetzung<\/p>\n<\/td>\n<td valign=\"center\" width=\"330\">\n<p>Kohlefaser<\/p>\n<\/td>\n<\/tr>\n<tr>\n<td valign=\"center\" width=\"337\">\n<p>Sch\u00fcttdichte<\/p>\n<\/td>\n<td valign=\"center\" width=\"330\">\n<p>0.12-0.14g\/cm3<\/p>\n<\/td>\n<\/tr>\n<tr>\n<td valign=\"center\" width=\"337\">\n<p>Kohlenstoffgehalt<\/p>\n<\/td>\n<td valign=\"center\" width=\"330\">\n<p>&gt; = 99%<\/p>\n<\/td>\n<\/tr>\n<tr>\n<td valign=\"center\" width=\"337\">\n<p>Zugfestigkeit<\/p>\n<\/td>\n<td valign=\"center\" width=\"330\">\n<p>0.14Mpa<\/p>\n<\/td>\n<\/tr>\n<tr>\n<td valign=\"center\" width=\"337\">\n<p>Thermal conductivity(1150&#8451;)<\/p>\n<\/td>\n<td valign=\"center\" width=\"330\">\n<p>0,08 ~ 0,14W\/mk<\/p>\n<\/td>\n<\/tr>\n<tr>\n<td valign=\"center\" width=\"337\">\n<p>Asche<\/p>\n<\/td>\n<td valign=\"center\" width=\"330\">\n<p>&lt;= 0,005%<\/p>\n<\/td>\n<\/tr>\n<tr>\n<td valign=\"center\" width=\"337\">\n<p>Stress zerkleinern<\/p>\n<\/td>\n<td valign=\"center\" width=\"330\">\n<p>8-10N\/cm<\/p>\n<\/td>\n<\/tr>\n<tr>\n<td valign=\"center\" width=\"337\">\n<p>Dicke<\/p>\n<\/td>\n<td valign=\"center\" width=\"330\">\n<p>1-10mm<\/p>\n<\/td>\n<\/tr>\n<tr>\n<td valign=\"center\" width=\"337\">\n<p>Verarbeitungstemperatur<\/p>\n<\/td>\n<td valign=\"center\" width=\"330\">\n<p>2500(&#8451;)<\/p>\n<\/td>\n<\/tr>\n<\/tbody>\n<\/table><\/div>\n<\/p><\/div>\n<\/p><\/div>\n<\/p><\/div>\n<\/p><\/div>\n<\/p><\/div>\n<div class=\"fl-col-group fl-node-64db1c776da04\" data-node=\"64db1c776da04\">\n<div class=\"fl-col fl-node-64db1c776da43 fl-col-small\" data-node=\"64db1c776da43\" style=\"width: 50%;\">\n<div class=\"fl-col-content fl-node-content\">\n<div class=\"fl-module fl-module-rich-text fl-node-64db1c776d987\" data-animation-delay=\"0.0\" data-node=\"64db1c776d987\">\n<div class=\"fl-module-content fl-node-content\">\n<div class=\"fl-rich-text\">\n<p>Volumendichte (G\/cm3): 0,22-0,28<br \/>Zugfestigkeit (MPA): 2,5 (Deformation 5%)<br \/>W\u00e4rmeleitf\u00e4higkeit (W\/mk): 0,15-0,25 (25) 0,40-0,45 (1400)<br \/>Spezifischer Widerstand (OHM.CM): 0.18-0.22<br \/>Carbon Content (%): &ge;99<br \/>Ash Content (%): &le;0.6<br \/>Moisture Absorption (%): &le;1.6<br \/>Reinigungsskala: Hight Reinity<br \/>Verarbeitungstemperatur: 1450-2000<\/p>\n<\/p><\/div>\n<\/p><\/div>\n<\/p><\/div>\n<\/p><\/div>\n<\/p><\/div>\n<div class=\"fl-col fl-node-64db1c776da82 fl-col-small\" data-node=\"64db1c776da82\" style=\"width: 50%;\">\n<div class=\"fl-col-content fl-node-content\">\n<div class=\"fl-module fl-module-rich-text fl-node-64db1c776d9c6\" data-animation-delay=\"0.0\" data-node=\"64db1c776d9c6\">\n<div class=\"fl-module-content fl-node-content\">\n<div class=\"fl-rich-text\">\n<p>Anwendungsfelder:<br \/><span style=\"font-family: Calibri;\">&bull;Vacuum furnaces<\/span><br \/><span style=\"font-family: Calibri;\">&bull;Inert gas furnaces<\/span><br \/><span style=\"font-family: Calibri;\">&bull;Heat treatment&nbsp;<\/span>(H\u00e4rtung, Karbonisierung, L\u00f6schen usw.)<br \/><span style=\"font-family: Calibri;\">&bull;Carbon fiber production<\/span><br \/><span style=\"font-family: Calibri;\">&bull;Hard metal production<\/span><br \/><span style=\"font-family: Calibri;\">&bull;Sintering applications<\/span><br \/><span style=\"font-family: Calibri;\">&bull;Technical ceramic production<\/span><br \/><span style=\"font-family: Calibri;\">&bull;CVD\/PVD coasting<\/span><\/p>\n<\/p><\/div>\n<\/p><\/div>\n<\/p><\/div>\n<\/p><\/div>\n<\/p><\/div>\n<\/p><\/div>\n<div class=\"fl-col-group fl-node-64db1c776dc38\" data-node=\"64db1c776dc38\">\n<div class=\"fl-col fl-node-64db1c776dc78 fl-col-small\" data-node=\"64db1c776dc78\" style=\"width: 50%;\">\n<div class=\"fl-col-content fl-node-content\">\n<div class=\"fl-module fl-module-photo fl-node-64db1c776dcb7\" data-animation-delay=\"0.0\" data-node=\"64db1c776dcb7\">\n<div class=\"fl-module-content fl-node-content\">\n<div class=\"fl-photo fl-photo-align-center\" itemscope=\"\" itemtype=\"http:\/\/schema.org\/ImageObject\">\n<div class=\"fl-photo-content fl-photo-img-png\"> <img decoding=\"async\" alt=\"Rigid Felt-2\" class=\"fl-photo-img wp-image-2863\" itemprop=\"image\" src=\"\/wp-content\/uploads\/2025\/09\/ba614b43325bfef1.webp\"> <\/div>\n<\/p><\/div>\n<\/p><\/div>\n<\/p><\/div>\n<\/p><\/div>\n<\/p><\/div>\n<div class=\"fl-col fl-node-64db1c776dd34 fl-col-small\" data-node=\"64db1c776dd34\" style=\"width: 50%;\">\n<div class=\"fl-col-content fl-node-content\">\n<div class=\"fl-module fl-module-photo fl-node-64db1c776dcf5\" data-animation-delay=\"0.0\" data-node=\"64db1c776dcf5\">\n<div class=\"fl-module-content fl-node-content\">\n<div class=\"fl-photo fl-photo-align-center\" itemscope=\"\" itemtype=\"http:\/\/schema.org\/ImageObject\">\n<div class=\"fl-photo-content fl-photo-img-png\"> <img decoding=\"async\" alt=\"Rigid Felt\" class=\"fl-photo-img wp-image-2862\" itemprop=\"image\" src=\"\/wp-content\/uploads\/2025\/09\/8ab1abdd328e379b.webp\"> <\/div>\n<\/p><\/div>\n<\/p><\/div>\n<\/p><\/div>\n<\/p><\/div>\n<\/p><\/div>\n<\/p><\/div>\n<div class=\"fl-col-group fl-node-64db1cae8bc29\" data-node=\"64db1cae8bc29\">\n<div class=\"fl-col fl-node-64db1cae8be77\" data-node=\"64db1cae8be77\" style=\"width: 100%;\">\n<div class=\"fl-col-content fl-node-content\">\n<div class=\"fl-module fl-module-rich-text fl-node-64db1c776dac0\" data-animation-delay=\"0.0\" data-node=\"64db1c776dac0\">\n<div class=\"fl-module-content fl-node-content\">\n<div class=\"fl-rich-text\">\n<p>Verf\u00fcgbare Gr\u00f6\u00dfe:<br \/>Platte: 1500*1800 (max) Dicke 20-200 mm<br \/>Runde Trommel: 1500*2000 (max) Dickes 20-150 mm<br \/>Quadrattrommel: 1500*1500*2000 (max) Dicke 60-120 mm<br \/>Anwendungstemperaturbereich: 1250-2600<\/p>\n<\/p><\/div>\n<\/p><\/div>\n<\/p><\/div>\n<\/p><\/div>\n<\/p><\/div>\n<\/p><\/div>\n<div class=\"fl-col-group fl-node-64db1c776db7c\" data-node=\"64db1c776db7c\">\n<div class=\"fl-col fl-node-64db1c776dbbb\" data-node=\"64db1c776dbbb\" style=\"width: 100%;\">\n<div class=\"fl-col-content fl-node-content\">\n<div class=\"fl-module fl-module-photo fl-node-64db1c776dbfa\" data-animation-delay=\"0.0\" data-node=\"64db1c776dbfa\">\n<div class=\"fl-module-content fl-node-content\">\n<div class=\"fl-photo fl-photo-align-center\" itemscope=\"\" itemtype=\"http:\/\/schema.org\/ImageObject\">\n<div class=\"fl-photo-content fl-photo-img-png\"> <img decoding=\"async\" alt=\"SDFs\" class=\"fl-photo-img wp-image-2397\" itemprop=\"image\" src=\"\/wp-content\/uploads\/2025\/09\/26eb965d6cf57638.webp\"> <\/div>\n<\/p><\/div>\n<\/p><\/div>\n<\/p><\/div>\n<\/p><\/div>\n<\/p><\/div>\n<\/p><\/div>\n<div class=\"fl-col-group fl-node-66177f9ed7ff9\" data-node=\"66177f9ed7ff9\">\n<div class=\"fl-col fl-node-66177f9ed82d8\" data-node=\"66177f9ed82d8\" style=\"width: 100%;\">\n<div class=\"fl-col-content fl-node-content\">\n<div class=\"fl-module fl-module-rich-text fl-node-66177f9ed7dd1\" data-animation-delay=\"0.0\" data-node=\"66177f9ed7dd1\">\n<div class=\"fl-module-content fl-node-content\">\n<div class=\"fl-rich-text\">\n<\/p><\/div>\n<\/p><\/div>\n<\/p><\/div>\n<\/p><\/div>\n<\/p><\/div>\n<\/p><\/div>\n<\/p><\/div>\n<\/p><\/div>\n<\/p><\/div>\n<\/div>","protected":false},"excerpt":{"rendered":"<p><?xml encoding=\"utf-8\" ?><\/p>\n<p>Semicera&rsquo;s Graphite Hard Felt High-Density Graphite Material is a robust, high-performance solution designed for extreme temperature and mechanical stress environments. Offering exceptional thermal conductivity, chemical resistance, and structural integrity, this high-density graphite felt is perfect for industries like semiconductors, energy, and electronics. With its superior quality and customizable options, Semicera ensures optimal performance and durability in your most demanding applications.<\/p>","protected":false},"featured_media":677,"comment_status":"closed","ping_status":"open","template":"","meta":[],"product_brand":[],"product_cat":[29,30],"product_tag":[],"class_list":{"0":"post-2235","1":"product","2":"type-product","3":"status-publish","4":"has-post-thumbnail","6":"product_cat-carbon-fiber","7":"product_cat-hard-felt","9":"first","10":"instock","11":"product-type-simple"},"_links":{"self":[{"href":"https:\/\/www.cn-semiconductorparts.com\/de\/wp-json\/wp\/v2\/product\/2235","targetHints":{"allow":["GET"]}}],"collection":[{"href":"https:\/\/www.cn-semiconductorparts.com\/de\/wp-json\/wp\/v2\/product"}],"about":[{"href":"https:\/\/www.cn-semiconductorparts.com\/de\/wp-json\/wp\/v2\/types\/product"}],"replies":[{"embeddable":true,"href":"https:\/\/www.cn-semiconductorparts.com\/de\/wp-json\/wp\/v2\/comments?post=2235"}],"wp:featuredmedia":[{"embeddable":true,"href":"https:\/\/www.cn-semiconductorparts.com\/de\/wp-json\/wp\/v2\/media\/677"}],"wp:attachment":[{"href":"https:\/\/www.cn-semiconductorparts.com\/de\/wp-json\/wp\/v2\/media?parent=2235"}],"wp:term":[{"taxonomy":"product_brand","embeddable":true,"href":"https:\/\/www.cn-semiconductorparts.com\/de\/wp-json\/wp\/v2\/product_brand?post=2235"},{"taxonomy":"product_cat","embeddable":true,"href":"https:\/\/www.cn-semiconductorparts.com\/de\/wp-json\/wp\/v2\/product_cat?post=2235"},{"taxonomy":"product_tag","embeddable":true,"href":"https:\/\/www.cn-semiconductorparts.com\/de\/wp-json\/wp\/v2\/product_tag?post=2235"}],"curies":[{"name":"wp","href":"https:\/\/api.w.org\/{rel}","templated":true}]}}