{"id":2249,"date":"2025-09-11T13:33:40","date_gmt":"2025-09-11T05:33:40","guid":{"rendered":"https:\/\/weitai2.globaldeepsea.site\/product\/carbon-fiber-felt-c-c-composites\/"},"modified":"2026-04-29T15:27:38","modified_gmt":"2026-04-29T07:27:38","slug":"carbon-fiber-felt-c-c-composites","status":"publish","type":"product","link":"https:\/\/www.cn-semiconductorparts.com\/de\/product\/carbon-fiber-felt-c-c-composites\/","title":{"rendered":"Carbon Fiber Felt, C\/C Composites"},"content":{"rendered":"<p><!--?xml encoding=\"utf-8\" ?--><\/p>\n<div class=\"fl-builder-content fl-builder-content-2409 fl-builder-content-primary fl-builder-global-templates-locked\" data-post-id=\"2409\">\n<div class=\"fl-row fl-row-full-width fl-row-bg-none fl-node-64d3062a73e77\" data-node=\"64d3062a73e77\">\n<div class=\"fl-row-content-wrap\">\n<div class=\"fl-row-content fl-row-full-width fl-node-content\">\n<div class=\"fl-col-group fl-node-64d308830b961\" data-node=\"64d308830b961\">\n<div class=\"fl-col fl-node-64d308830bb9f\" style=\"width: 100%\" data-node=\"64d308830bb9f\">\n<div class=\"fl-col-content fl-node-content\">\n<div class=\"fl-module fl-module-rich-text fl-node-64d306a211bf9\" data-animation-delay=\"0.0\" data-node=\"64d306a211bf9\">\n<div class=\"fl-module-content fl-node-content\">\n<div class=\"fl-rich-text\">\n<p><strong>Kohlenstoffkarbonverbundwerkstoffe:<\/strong><\/p>\n<p data-section=\"0\">Kohlenstoff\/Kohlenstoffverbundwerkstoffe sind Kohlenstoffmatrixverbundwerkstoffe, die durch Kohlenstofffasern und deren Stoffe verst\u00e4rkt werden. Mit geringer Dichte (&lt;2,0 g\/cm3), hoher Festigkeit, hoher spezifischer Modul, hoher thermischer Leitf\u00e4higkeit, niedriger Expansionskoeffizient, guter Reibungsleistung, guter thermischer Schockresistenz, hoher dimensionaler Stabilit\u00e4t ist nun mehr als 1650 \u2103, die h\u00f6chsten theoretischen Temperaturen bis zu 2600 \u2103, angewendet.<\/p>\n<p>&nbsp;<\/p>\n<\/div>\n<p>&nbsp;<\/p>\n<\/div>\n<p>&nbsp;<\/p>\n<\/div>\n<p>&nbsp;<\/p>\n<\/div>\n<p>&nbsp;<\/p>\n<\/div>\n<p>&nbsp;<\/p>\n<\/div>\n<div class=\"fl-col-group fl-node-64d3062a74ee5\" data-node=\"64d3062a74ee5\">\n<div class=\"fl-col fl-node-64d3062a7505f\" style=\"width: 100%\" data-node=\"64d3062a7505f\">\n<div class=\"fl-col-content fl-node-content\">\n<div class=\"fl-module fl-module-rich-text fl-node-64d3062a73d61\" data-animation-delay=\"0.0\" data-node=\"64d3062a73d61\">\n<div class=\"fl-module-content fl-node-content\">\n<div class=\"fl-rich-text\">\n<table border=\"0\" cellspacing=\"0\">\n<tbody>\n<tr>\n<td colspan=\"3\" valign=\"center\" width=\"615\">\n<p align=\"center\"><strong>Technische Daten von Kohlenstoff\/Kohlenstoffverbundstoff<\/strong><\/p>\n<\/td>\n<td valign=\"center\" width=\"10\">\n<p>&nbsp;<\/p>\n<\/td>\n<\/tr>\n<tr>\n<td valign=\"center\" width=\"205\">\n<p>Index<\/p>\n<\/td>\n<td valign=\"center\" width=\"126\">\n<p align=\"center\">Einheit<\/p>\n<\/td>\n<td valign=\"center\" width=\"283\">\n<p align=\"center\">Wert<\/p>\n<\/td>\n<td valign=\"center\" width=\"10\">\n<p>&nbsp;<\/p>\n<\/td>\n<\/tr>\n<tr>\n<td valign=\"center\" width=\"205\">\n<p>Sch\u00fcttdichte<\/p>\n<\/td>\n<td valign=\"center\" width=\"126\">\n<p align=\"center\">g\/cm3<\/p>\n<\/td>\n<td valign=\"center\" width=\"283\">\n<p align=\"center\">1.40~1.50<\/p>\n<\/td>\n<td valign=\"center\" width=\"10\">\n<p>&nbsp;<\/p>\n<\/td>\n<\/tr>\n<tr>\n<td valign=\"center\" width=\"205\">\n<p>Kohlenstoffgehalt<\/p>\n<\/td>\n<td valign=\"center\" width=\"126\">\n<p align=\"center\">%<\/p>\n<\/td>\n<td valign=\"center\" width=\"283\">\n<p align=\"center\">&ge;98.5~99.9<\/p>\n<\/td>\n<td valign=\"center\" width=\"10\">\n<p>&nbsp;<\/p>\n<\/td>\n<\/tr>\n<tr>\n<td valign=\"center\" width=\"205\">\n<p>Asche<\/p>\n<\/td>\n<td valign=\"center\" width=\"126\">\n<p align=\"center\">Ppm<\/p>\n<\/td>\n<td valign=\"center\" width=\"283\">\n<p align=\"center\">&le;65<\/p>\n<\/td>\n<td valign=\"center\" width=\"10\">\n<p>&nbsp;<\/p>\n<\/td>\n<\/tr>\n<tr>\n<td valign=\"center\" width=\"205\">\n<p>W\u00e4rmeleitf\u00e4higkeit (1150 \u2103)<\/p>\n<\/td>\n<td valign=\"center\" width=\"126\">\n<p align=\"center\">W\/mk<\/p>\n<\/td>\n<td valign=\"center\" width=\"283\">\n<p align=\"center\">10~30<\/p>\n<\/td>\n<td valign=\"center\" width=\"10\">\n<p>&nbsp;<\/p>\n<\/td>\n<\/tr>\n<tr>\n<td valign=\"center\" width=\"205\">\n<p>Zugfestigkeit<\/p>\n<\/td>\n<td valign=\"center\" width=\"126\">\n<p align=\"center\">MPA<\/p>\n<\/td>\n<td valign=\"center\" width=\"283\">\n<p align=\"center\">90~130<\/p>\n<\/td>\n<td valign=\"center\" width=\"10\">\n<p>&nbsp;<\/p>\n<\/td>\n<\/tr>\n<tr>\n<td valign=\"center\" width=\"205\">\n<p>Biegerst\u00e4rke<\/p>\n<\/td>\n<td valign=\"center\" width=\"126\">\n<p align=\"center\">MPA<\/p>\n<\/td>\n<td valign=\"center\" width=\"283\">\n<p align=\"center\">100~150<\/p>\n<\/td>\n<td valign=\"center\" width=\"10\">\n<p>&nbsp;<\/p>\n<\/td>\n<\/tr>\n<tr>\n<td valign=\"center\" width=\"205\">\n<p>Druckfestigkeit<\/p>\n<\/td>\n<td valign=\"center\" width=\"126\">\n<p align=\"center\">MPA<\/p>\n<\/td>\n<td valign=\"center\" width=\"283\">\n<p align=\"center\">130~170<\/p>\n<\/td>\n<td valign=\"center\" width=\"10\">\n<p>&nbsp;<\/p>\n<\/td>\n<\/tr>\n<tr>\n<td valign=\"center\" width=\"205\">\n<p>Scherfestigkeit<\/p>\n<\/td>\n<td valign=\"center\" width=\"126\">\n<p align=\"center\">MPA<\/p>\n<\/td>\n<td valign=\"center\" width=\"283\">\n<p align=\"center\">50~60<\/p>\n<\/td>\n<td valign=\"center\" width=\"10\">\n<p>&nbsp;<\/p>\n<\/td>\n<\/tr>\n<tr>\n<td valign=\"center\" width=\"205\">\n<p>Interlaminare Scherfestigkeit<\/p>\n<\/td>\n<td valign=\"center\" width=\"126\">\n<p align=\"center\">MPA<\/p>\n<\/td>\n<td valign=\"center\" width=\"283\">\n<p align=\"center\">&ge;13<\/p>\n<\/td>\n<td valign=\"center\" width=\"10\">\n<p>&nbsp;<\/p>\n<\/td>\n<\/tr>\n<tr>\n<td valign=\"center\" width=\"205\">\n<p>Elektrischer Widerstand<\/p>\n<\/td>\n<td valign=\"center\" width=\"126\">\n<p align=\"center\">&Omega;.mm2\/m<\/p>\n<\/td>\n<td valign=\"center\" width=\"283\">\n<p align=\"center\">30~43<\/p>\n<\/td>\n<td valign=\"center\" width=\"10\">\n<p>&nbsp;<\/p>\n<\/td>\n<\/tr>\n<tr>\n<td valign=\"center\" width=\"205\">\n<p>W\u00e4rmeleitkoeffizient<\/p>\n<\/td>\n<td valign=\"center\" width=\"126\">\n<p align=\"center\">106\/K<\/p>\n<\/td>\n<td valign=\"center\" width=\"283\">\n<p align=\"center\">0.3~1.2<\/p>\n<\/td>\n<td valign=\"center\" width=\"10\">\n<p>&nbsp;<\/p>\n<\/td>\n<\/tr>\n<tr>\n<td valign=\"center\" width=\"205\">\n<p>Verarbeitungstemperatur<\/p>\n<\/td>\n<td valign=\"center\" width=\"126\">\n<p align=\"center\">\u2103<\/p>\n<\/td>\n<td valign=\"center\" width=\"283\">\n<p align=\"center\">&ge;2400\u2103<\/p>\n<\/td>\n<td valign=\"center\" width=\"10\">\n<p>&nbsp;<\/p>\n<\/td>\n<\/tr>\n<tr>\n<td colspan=\"3\" rowspan=\"2\" valign=\"center\" width=\"615\">\n<p>Milit\u00e4rqualit\u00e4t, vollst\u00e4ndige chemische Dampfablagerungsofenablagerung, importierte Toray Carbonfaser T700 vorgewob<br \/>Materialspezifikationen: Maximaler Au\u00dfendurchmesser 2000 mm, Wandst\u00e4rke 8-25 mm, H\u00f6he 1600 mm<\/p>\n<\/td>\n<td valign=\"center\">\n<p>&nbsp;<\/p>\n<\/td>\n<\/tr>\n<tr>\n<td valign=\"center\">&nbsp;<\/td>\n<\/tr>\n<\/tbody>\n<\/table>\n<\/div>\n<p>&nbsp;<\/p>\n<\/div>\n<p>&nbsp;<\/p>\n<\/div>\n<p>&nbsp;<\/p>\n<\/div>\n<p>&nbsp;<\/p>\n<\/div>\n<p>&nbsp;<\/p>\n<\/div>\n<div class=\"fl-col-group fl-node-64d306ca54772\" data-node=\"64d306ca54772\">\n<div class=\"fl-col fl-node-64d306ca54b01 fl-col-small\" style=\"width: 50%\" data-node=\"64d306ca54b01\">\n<div class=\"fl-col-content fl-node-content\">\n<div class=\"fl-module fl-module-rich-text fl-node-64d306378bf65\" data-animation-delay=\"0.0\" data-node=\"64d306378bf65\">\n<div class=\"fl-module-content fl-node-content\">\n<div class=\"fl-rich-text\">\n<p>Es kann in der Hochtemperaturumgebung verschiedener Struktur, Heizung und Schiff h\u00e4ufig verwendet werden. Im Vergleich zu den traditionellen technischen Materialien hat Carbon Carbon Composite die folgenden Vorteile:<\/p>\n<p>1) hohe St\u00e4rke<\/p>\n<p>2) Hochtemperatur bis zu 2000\u2103<\/p>\n<p>3) W\u00e4rmeschockwiderstand<\/p>\n<p>4) Niedrigere W\u00e4rmeausdehnung<\/p>\n<p>5) Kleine W\u00e4rmeleistung<\/p>\n<p>6) Ausgezeichnete Korrosionsbest\u00e4ndigkeit und Strahlungsbest\u00e4ndigkeit<\/p>\n<p>&nbsp;<\/p>\n<\/div>\n<p>&nbsp;<\/p>\n<\/div>\n<p>&nbsp;<\/p>\n<\/div>\n<p>&nbsp;<\/p>\n<\/div>\n<p>&nbsp;<\/p>\n<\/div>\n<div class=\"fl-col fl-node-64d306ce7b580 fl-col-small\" style=\"width: 50%\" data-node=\"64d306ce7b580\">\n<div class=\"fl-col-content fl-node-content\">\n<div class=\"fl-module fl-module-rich-text fl-node-64d3065858f61\" data-animation-delay=\"0.0\" data-node=\"64d3065858f61\">\n<div class=\"fl-module-content fl-node-content\">\n<div class=\"fl-rich-text\">\n<p><strong>Anwendung:<\/strong><br \/>1. Luft- und Raumfahrt. Aufgrund des Verbundmaterials weist eine gute thermische Stabilit\u00e4t, eine hohe spezifische Festigkeit und Steifheit auf. Es kann f\u00fcr die Herstellung von Flugzeugbremsen, Fl\u00fcgel und Rumpf, Satellitenantenne und St\u00fctzstruktur, Sonnenfl\u00fcgel und H\u00fclle, gro\u00dfe Tr\u00e4gerraketenschale, Motorschale usw. verwendet werden.<\/p>\n<p>2. Die Automobilindustrie.<\/p>\n<p>3. Das medizinische Bereich.<\/p>\n<p>4. W\u00e4rmeinssierung<\/p>\n<p>5. Heizeinheit<\/p>\n<p>6. Ray-Insulation<\/p>\n<p>&nbsp;<\/p>\n<\/div>\n<p>&nbsp;<\/p>\n<\/div>\n<p>&nbsp;<\/p>\n<\/div>\n<p>&nbsp;<\/p>\n<\/div>\n<p>&nbsp;<\/p>\n<\/div>\n<p>&nbsp;<\/p>\n<\/div>\n<div class=\"fl-col-group fl-node-64d306de783e3\" data-node=\"64d306de783e3\">\n<div class=\"fl-col fl-node-64d306de785cf\" style=\"width: 100%\" data-node=\"64d306de785cf\">\n<div class=\"fl-col-content fl-node-content\">\n<div class=\"fl-module fl-module-gallery fl-node-64d306de7829f\" data-animation-delay=\"0.0\" data-node=\"64d306de7829f\">\n<div class=\"fl-module-content fl-node-content\">\n<div class=\"fl-mosaicflow\">\n<div class=\"fl-mosaicflow-content\">\n<div class=\"fl-mosaicflow-item\">\n<div class=\"fl-photo fl-photo-align-center\">\n<div class=\"fl-photo-content fl-photo-img-jpg\"><a href=\"\/de\/uploads\/Main-015.webp\/\" target=\"_self\"> <img decoding=\"async\" class=\"fl-photo-img wp-image-2412\" src=\"\/wp-content\/uploads\/2025\/09\/8b5bc07db6f86acd.webp\" alt=\"Main-01\"> <\/a><\/div>\n<p>&nbsp;<\/p>\n<\/div>\n<p>&nbsp;<\/p>\n<\/div>\n<div class=\"fl-mosaicflow-item\">\n<div class=\"fl-photo fl-photo-align-center\">\n<div class=\"fl-photo-content fl-photo-img-jpg\"><a href=\"\/de\/uploads\/Main-022.webp\/\" target=\"_self\"> <img decoding=\"async\" class=\"fl-photo-img wp-image-2413\" src=\"\/wp-content\/uploads\/2025\/09\/b8f96da4b9f6f20b.webp\" alt=\"Main-02\"> <\/a><\/div>\n<p>&nbsp;<\/p>\n<\/div>\n<p>&nbsp;<\/p>\n<\/div>\n<div class=\"fl-mosaicflow-item\">\n<div class=\"fl-photo fl-photo-align-center\">\n<div class=\"fl-photo-content fl-photo-img-jpg\"><a href=\"\/de\/uploads\/Main-033.webp\/\" target=\"_self\"> <img decoding=\"async\" class=\"fl-photo-img wp-image-2414\" src=\"\/wp-content\/uploads\/2025\/09\/5e9d5ea14306a866.webp\" alt=\"Main-03\"> <\/a><\/div>\n<p>&nbsp;<\/p>\n<\/div>\n<p>&nbsp;<\/p>\n<\/div>\n<p>&nbsp;<\/p>\n<\/div>\n<div class=\"fl-clear\">&nbsp;<\/div>\n<p>&nbsp;<\/p>\n<\/div>\n<p>&nbsp;<\/p>\n<\/div>\n<p>&nbsp;<\/p>\n<\/div>\n<p>&nbsp;<\/p>\n<\/div>\n<p>&nbsp;<\/p>\n<\/div>\n<p>&nbsp;<\/p>\n<\/div>\n<div class=\"fl-col-group fl-node-661780c73ce5a\" data-node=\"661780c73ce5a\">\n<div class=\"fl-col fl-node-661780c73cff1\" style=\"width: 100%\" data-node=\"661780c73cff1\">\n<div class=\"fl-col-content fl-node-content\">\n<div class=\"fl-module fl-module-rich-text fl-node-661780c73cd14\" data-animation-delay=\"0.0\" data-node=\"661780c73cd14\">\n<div class=\"fl-module-content fl-node-content\">\n<div class=\"fl-rich-text\">\n<p>&nbsp;<\/p>\n<\/div>\n<p>&nbsp;<\/p>\n<\/div>\n<p>&nbsp;<\/p>\n<\/div>\n<p>&nbsp;<\/p>\n<\/div>\n<p>&nbsp;<\/p>\n<\/div>\n<p>&nbsp;<\/p>\n<\/div>\n<p>&nbsp;<\/p>\n<\/div>\n<p>&nbsp;<\/p>\n<\/div>\n<p>&nbsp;<\/p>\n<\/div>\n<\/div>","protected":false},"excerpt":{"rendered":"<p><!--?xml encoding=\"utf-8\" ?--><\/p>\n<p>Semicera&nbsp;Energy Technology Co., Ltd.&nbsp;is a leading supplier of advanced semiconductor ceramics and the only manufacturer in China that can simultaneously provide high-purity silicon carbide ceramic(especially the&nbsp;Recrystallized&nbsp;SiC) and CVD SiC coating. In addition, our company is also committed to ceramic fields such as alumina, aluminum nitride, zirconia, and silicon nitride, etc.<\/p>","protected":false},"featured_media":4583,"comment_status":"closed","ping_status":"open","template":"","meta":[],"product_brand":[],"product_cat":[38,29],"product_tag":[],"class_list":{"0":"post-2249","1":"product","2":"type-product","3":"status-publish","4":"has-post-thumbnail","6":"product_cat-c-c-composite-cfc","7":"product_cat-carbon-fiber","9":"first","10":"instock","11":"product-type-simple"},"_links":{"self":[{"href":"https:\/\/www.cn-semiconductorparts.com\/de\/wp-json\/wp\/v2\/product\/2249","targetHints":{"allow":["GET"]}}],"collection":[{"href":"https:\/\/www.cn-semiconductorparts.com\/de\/wp-json\/wp\/v2\/product"}],"about":[{"href":"https:\/\/www.cn-semiconductorparts.com\/de\/wp-json\/wp\/v2\/types\/product"}],"replies":[{"embeddable":true,"href":"https:\/\/www.cn-semiconductorparts.com\/de\/wp-json\/wp\/v2\/comments?post=2249"}],"wp:featuredmedia":[{"embeddable":true,"href":"https:\/\/www.cn-semiconductorparts.com\/de\/wp-json\/wp\/v2\/media\/4583"}],"wp:attachment":[{"href":"https:\/\/www.cn-semiconductorparts.com\/de\/wp-json\/wp\/v2\/media?parent=2249"}],"wp:term":[{"taxonomy":"product_brand","embeddable":true,"href":"https:\/\/www.cn-semiconductorparts.com\/de\/wp-json\/wp\/v2\/product_brand?post=2249"},{"taxonomy":"product_cat","embeddable":true,"href":"https:\/\/www.cn-semiconductorparts.com\/de\/wp-json\/wp\/v2\/product_cat?post=2249"},{"taxonomy":"product_tag","embeddable":true,"href":"https:\/\/www.cn-semiconductorparts.com\/de\/wp-json\/wp\/v2\/product_tag?post=2249"}],"curies":[{"name":"wp","href":"https:\/\/api.w.org\/{rel}","templated":true}]}}