{"id":2262,"date":"2025-09-11T13:33:40","date_gmt":"2025-09-11T05:33:40","guid":{"rendered":"https:\/\/weitai2.globaldeepsea.site\/product\/provide-advanced-lmj-microjet-technology-laser-cutting-equipment\/"},"modified":"2026-04-29T15:27:41","modified_gmt":"2026-04-29T07:27:41","slug":"provide-advanced-lmj-microjet-technology-laser-cutting-equipment","status":"publish","type":"product","link":"https:\/\/www.cn-semiconductorparts.com\/de\/product\/provide-advanced-lmj-microjet-technology-laser-cutting-equipment\/","title":{"rendered":"Provide advanced LMJ microjet technology laser cutting equipment"},"content":{"rendered":"<div class=\"fl-builder-content fl-builder-content-2284 fl-builder-content-primary fl-builder-global-templates-locked\" data-post-id=\"2284\">\n<div class=\"fl-row fl-row-full-width fl-row-bg-none fl-node-64d1a96230785\" data-node=\"64d1a96230785\">\n<div class=\"fl-row-content-wrap\">\n<div class=\"fl-row-content fl-row-full-width fl-node-content\">\n<div class=\"fl-col-group fl-node-64d1a96230854\" data-node=\"64d1a96230854\">\n<div class=\"fl-col fl-node-64d1a96230892\" style=\"width: 100%\" data-node=\"64d1a96230892\">\n<div class=\"fl-col-content fl-node-content\">\n<div class=\"fl-module fl-module-heading fl-node-64d1a96230de5\" data-animation-delay=\"0.0\" data-node=\"64d1a96230de5\">\n<div class=\"fl-module-content fl-node-content\">\n<h3 class=\"fl-heading\"><span class=\"fl-heading-text\">Lasermikrojet (LMJ)<\/span><\/h3>\n<p>&nbsp;<\/p>\n<\/div>\n<p>&nbsp;<\/p>\n<\/div>\n<div class=\"fl-module fl-module-rich-text fl-node-64d1a962308d0\" data-animation-delay=\"0.0\" data-node=\"64d1a962308d0\">\n<div class=\"fl-module-content fl-node-content\">\n<div class=\"fl-rich-text\">\n<p data-section=\"0\">Der fokussierte Laserstrahl ist in den Hochgeschwindigkeitswasserstrahl gekoppelt, und der Energiestrahl mit gleichm\u00e4\u00dfiger Verteilung der Querschnittsenergie wird nach vollst\u00e4ndiger Reflexion an der inneren Wand der Wassers\u00e4ule gebildet. Es hat die Eigenschaften einer niedrigen Leitungsbreite, einer hohen Energiedichte, der kontrollierbaren Richtung und der Echtzeitreduzierung der Oberfl\u00e4chentemperatur von verarbeiteten Materialien und bietet hervorragende Bedingungen f\u00fcr die integrierte und effiziente Veredelung von harten und spr\u00f6den Materialien.<\/p>\n<p data-section=\"4\">Die Laser-Mikro-Wasser-Bearbeitungstechnologie nutzt das Ph\u00e4nomen der Gesamtreflexion des Lasers an der Grenzfl\u00e4che von Wasser und Luft, so dass der Laser im stabilen Wasserstrahl gekoppelt ist und die hohe Energiedichte im Wasserstrahl verwendet wird, um die Materialentfernung zu erreichen.<\/p>\n<p>&nbsp;<\/p>\n<\/div>\n<p>&nbsp;<\/p>\n<\/div>\n<p>&nbsp;<\/p>\n<\/div>\n<p>&nbsp;<\/p>\n<\/div>\n<p>&nbsp;<\/p>\n<\/div>\n<p>&nbsp;<\/p>\n<\/div>\n<div class=\"fl-col-group fl-node-64d1a962307c5\" data-node=\"64d1a962307c5\">\n<div class=\"fl-col fl-node-64d1a96230803\" style=\"width: 100%\" data-node=\"64d1a96230803\">\n<div class=\"fl-col-content fl-node-content\">\n<div class=\"fl-module fl-module-photo fl-node-64d1a96230840\" data-animation-delay=\"0.0\" data-node=\"64d1a96230840\">\n<div class=\"fl-module-content fl-node-content\">\n<div class=\"fl-photo fl-photo-align-center\">\n<div class=\"fl-photo-content fl-photo-img-png\"><img decoding=\"async\" class=\"fl-photo-img wp-image-2275\" src=\"\/wp-content\/uploads\/2025\/09\/746c53b80ded3f79.webp\" alt=\"Mikrojet-Laserverarbeitungsausr\u00fcstung-2-3\"><\/div>\n<p>&nbsp;<\/p>\n<\/div>\n<p>&nbsp;<\/p>\n<\/div>\n<p>&nbsp;<\/p>\n<\/div>\n<p>&nbsp;<\/p>\n<\/div>\n<p>&nbsp;<\/p>\n<\/div>\n<p>&nbsp;<\/p>\n<\/div>\n<div class=\"fl-col-group fl-node-64d1a96230d2f\" data-node=\"64d1a96230d2f\">\n<div class=\"fl-col fl-node-64d1a96230d6c\" style=\"width: 100%\" data-node=\"64d1a96230d6c\">\n<div class=\"fl-col-content fl-node-content\">\n<div class=\"fl-module fl-module-heading fl-node-64d1a96230da9\" data-animation-delay=\"0.0\" data-node=\"64d1a96230da9\">\n<div class=\"fl-module-content fl-node-content\">\n<h3 class=\"fl-heading\"><span class=\"fl-heading-text\">Vorteile des Lasermikrojet<\/span><\/h3>\n<p>&nbsp;<\/p>\n<\/div>\n<p>&nbsp;<\/p>\n<\/div>\n<p>&nbsp;<\/p>\n<\/div>\n<p>&nbsp;<\/p>\n<\/div>\n<p>&nbsp;<\/p>\n<\/div>\n<div class=\"fl-col-group fl-node-64d1a96230c79\" data-node=\"64d1a96230c79\">\n<div class=\"fl-col fl-node-64d1a96230cb6\" style=\"width: 100%\" data-node=\"64d1a96230cb6\">\n<div class=\"fl-col-content fl-node-content\">\n<div class=\"fl-module fl-module-rich-text fl-node-64d1a96230cf2\" data-animation-delay=\"0.0\" data-node=\"64d1a96230cf2\">\n<div class=\"fl-module-content fl-node-content\">\n<div class=\"fl-rich-text\">\n<p data-section=\"0\">Die Microjet Laser (LMJ) -Technologie (LMJ) nutzt den Ausbreitungsunterschied zwischen Wasser- und Luftoptikmerkmalen, um die inh\u00e4renten Defekte der konventionellen Laserverarbeitung zu \u00fcberwinden. In dieser Technologie spiegelt sich der Laserimpuls in ungest\u00f6rterer Weise in dem verarbeiteten Wasserstrahl mit hoher Purity wie in einer optischen Faser vollst\u00e4ndig wider.<\/p>\n<p data-section=\"1\">Aus der Sicht des Gebrauchs sind die Hauptmerkmale der LMJ Microjet Laser -Technologie:<\/p>\n<p data-section=\"2\">1, der Laserstrahl ist ein zylindrischer (paralleler) Laserstrahl;<\/p>\n<p data-section=\"3\">2, der Laserimpuls im Wasserstrahl wie Faserleitungen, ist der gesamte Prozess vor Umweltfaktoren gesch\u00fctzt.<\/p>\n<p data-section=\"4\">3, der Laserstrahl ist in der LMJ -Ausr\u00fcstung fokussiert, und w\u00e4hrend des gesamten Verarbeitungsprozesses \u00e4ndert sich die H\u00f6he der bearbeiteten Oberfl\u00e4che nicht, sodass w\u00e4hrend des Verarbeitungsprozesses keine kontinuierliche Fokussierung mit der \u00c4nderung der Verarbeitungstiefe erforderlich ist.<\/p>\n<p data-section=\"5\">4 Neben der Ablation des verarbeiteten Materials im Moment jeder Laserimpulsverarbeitung, etwa 99% der Zeit im einzelnen Zeitbereich von Anfang jedes Impulses bis zur n\u00e4chsten Impulsverarbeitung, ist das verarbeitete Material in Echtzeitk\u00fchlung des Wassers, um die hitzeb\u00fcrbte Zone fast zu beseitigen, aber die hohe Effizienz der Verarbeitung aufrechtzuerhalten.<\/p>\n<p data-section=\"6\">5, die Oberfl\u00e4che weiter reinigen.<\/p>\n<p>&nbsp;<\/p>\n<\/div>\n<p>&nbsp;<\/p>\n<\/div>\n<p>&nbsp;<\/p>\n<\/div>\n<p>&nbsp;<\/p>\n<\/div>\n<p>&nbsp;<\/p>\n<\/div>\n<p>&nbsp;<\/p>\n<\/div>\n<div class=\"fl-col-group fl-node-64d1a9623090d\" data-node=\"64d1a9623090d\">\n<div class=\"fl-col fl-node-64d1a9623094a\" style=\"width: 100%\" data-node=\"64d1a9623094a\">\n<div class=\"fl-col-content fl-node-content\">\n<div class=\"fl-module fl-module-photo fl-node-64d1a96230987\" data-animation-delay=\"0.0\" data-node=\"64d1a96230987\">\n<div class=\"fl-module-content fl-node-content\">\n<div class=\"fl-photo fl-photo-align-center\">\n<div class=\"fl-photo-content fl-photo-img-png\"><img decoding=\"async\" class=\"fl-photo-img wp-image-2278\" src=\"\/wp-content\/uploads\/2025\/09\/03ed4326892069ac.webp\" alt=\"ZSDFGAFDEG\"><\/div>\n<p>&nbsp;<\/p>\n<\/div>\n<p>&nbsp;<\/p>\n<\/div>\n<p>&nbsp;<\/p>\n<\/div>\n<p>&nbsp;<\/p>\n<\/div>\n<p>&nbsp;<\/p>\n<\/div>\n<p>&nbsp;<\/p>\n<\/div>\n<div class=\"fl-col-group fl-node-64d1a962309c4\" data-node=\"64d1a962309c4\">\n<div class=\"fl-col fl-node-64d1a96230a00\" style=\"width: 100%\" data-node=\"64d1a96230a00\">\n<div class=\"fl-col-content fl-node-content\">\n<div class=\"fl-module fl-module-photo fl-node-64d1a96230a3d\" data-animation-delay=\"0.0\" data-node=\"64d1a96230a3d\">\n<div class=\"fl-module-content fl-node-content\">\n<div class=\"fl-photo fl-photo-align-center\">\n<div class=\"fl-photo-content fl-photo-img-png\"><img decoding=\"async\" class=\"fl-photo-img wp-image-2277\" src=\"\/wp-content\/uploads\/2025\/09\/ebb692f96f04de41.webp\" alt=\"fcghjdxfrg\"><\/div>\n<p>&nbsp;<\/p>\n<\/div>\n<p>&nbsp;<\/p>\n<\/div>\n<p>&nbsp;<\/p>\n<\/div>\n<p>&nbsp;<\/p>\n<\/div>\n<p>&nbsp;<\/p>\n<\/div>\n<p>&nbsp;<\/p>\n<\/div>\n<div class=\"fl-col-group fl-node-64d1a96230e22\" data-node=\"64d1a96230e22\">\n<div class=\"fl-col fl-node-64d1a96230e5f\" style=\"width: 100%\" data-node=\"64d1a96230e5f\">\n<div class=\"fl-col-content fl-node-content\">\n<div class=\"fl-module fl-module-heading fl-node-64d1a96230e9c\" data-animation-delay=\"0.0\" data-node=\"64d1a96230e9c\">\n<div class=\"fl-module-content fl-node-content\">\n<h3 class=\"fl-heading\"><span class=\"fl-heading-text\">Ger\u00e4teschreiber<\/span><\/h3>\n<p>&nbsp;<\/p>\n<\/div>\n<p>&nbsp;<\/p>\n<\/div>\n<p>&nbsp;<\/p>\n<\/div>\n<p>&nbsp;<\/p>\n<\/div>\n<p>&nbsp;<\/p>\n<\/div>\n<div class=\"fl-col-group fl-node-64d1a96230b33\" data-node=\"64d1a96230b33\">\n<div class=\"fl-col fl-node-64d1a96230b70\" style=\"width: 100%\" data-node=\"64d1a96230b70\">\n<div class=\"fl-col-content fl-node-content\">\n<div class=\"fl-module fl-module-rich-text fl-node-64d1a96230bad\" data-animation-delay=\"0.0\" data-node=\"64d1a96230bad\">\n<div class=\"fl-module-content fl-node-content\">\n<div class=\"fl-rich-text\">\n<p data-section=\"0\">Wenn das traditionelle Laserschnitt, die Akkumulation und Leitung von Energie auf beiden Seiten des Schneidwegs die Hauptursache f\u00fcr thermische Sch\u00e4den ist, und der Mikrojetlaser aufgrund der Rolle der Wassers\u00e4ule nimmt die Restw\u00e4rme jedes Impulses schnell auf dem Werkst\u00fcck an, sodass der Schnittpfad sauber ist. Reduzieren Sie bei der traditionellen Methode \u201eHidden Cut\u201c + \u201eSplit\u201c die Verarbeitungstechnologie.<\/p>\n<p>&nbsp;<\/p>\n<\/div>\n<p>&nbsp;<\/p>\n<\/div>\n<p>&nbsp;<\/p>\n<\/div>\n<p>&nbsp;<\/p>\n<\/div>\n<p>&nbsp;<\/p>\n<\/div>\n<p>&nbsp;<\/p>\n<\/div>\n<div class=\"fl-col-group fl-node-64d1a96230bea\" data-node=\"64d1a96230bea\">\n<div class=\"fl-col fl-node-64d1a96230c27\" style=\"width: 100%\" data-node=\"64d1a96230c27\">\n<div class=\"fl-col-content fl-node-content\">\n<div class=\"fl-module fl-module-photo fl-node-64d1a96230c3b\" data-animation-delay=\"0.0\" data-node=\"64d1a96230c3b\">\n<div class=\"fl-module-content fl-node-content\">\n<div class=\"fl-photo fl-photo-align-center\">\n<div class=\"fl-photo-content fl-photo-img-png\"><img decoding=\"async\" class=\"fl-photo-img wp-image-2280\" src=\"\/wp-content\/uploads\/2025\/09\/516fee0f7192754f.webp\" alt=\"WeChat Screenshot_20230808102322\"><\/div>\n<p>&nbsp;<\/p>\n<\/div>\n<p>&nbsp;<\/p>\n<\/div>\n<p>&nbsp;<\/p>\n<\/div>\n<p>&nbsp;<\/p>\n<\/div>\n<p>&nbsp;<\/p>\n<\/div>\n<p>&nbsp;<\/p>\n<\/div>\n<div class=\"fl-col-group fl-node-64d1a96230a7a\" data-node=\"64d1a96230a7a\">\n<div class=\"fl-col fl-node-64d1a96230ab9\" style=\"width: 100%\" data-node=\"64d1a96230ab9\">\n<div class=\"fl-col-content fl-node-content\">\n<div class=\"fl-module fl-module-photo fl-node-64d1a96230af6\" data-animation-delay=\"0.0\" data-node=\"64d1a96230af6\">\n<div class=\"fl-module-content fl-node-content\">\n<div class=\"fl-photo fl-photo-align-center\">\n<div class=\"fl-photo-content fl-photo-img-png\"><img decoding=\"async\" class=\"fl-photo-img wp-image-2279\" src=\"\/wp-content\/uploads\/2025\/09\/4261e21f7fccaf5c.webp\" alt=\"ZFVBSDF\"><\/div>\n<p>&nbsp;<\/p>\n<\/div>\n<p>&nbsp;<\/p>\n<\/div>\n<p>&nbsp;<\/p>\n<\/div>\n<p>&nbsp;<\/p>\n<\/div>\n<p>&nbsp;<\/p>\n<\/div>\n<p>&nbsp;<\/p>\n<\/div>\n<p>&nbsp;<\/p>\n<\/div>\n<p>&nbsp;<\/p>\n<\/div>\n<p>&nbsp;<\/p>\n<\/div>\n<\/div>","protected":false},"excerpt":{"rendered":"<p>Unsere Mikrojet-Laserschneidetechnologie hat das Schneiden, Schneiden und Schneiden von 6-Zoll-Siliziumkohlenhydraten erfolgreich abgeschlossen, w\u00e4hrend die Technologie mit dem Schneiden und Schneiden von 8-Zoll-Kristallen kompatibel ist, was die Verarbeitung von monokristallinem Siliziumsubstrat mit hoher Effizienz, hoher Qualit\u00e4t, niedrigem Kosten, niedrigem Schaden und hoher Sch\u00e4den und hoher Ausbeute realisieren kann.<\/p>","protected":false},"featured_media":4587,"comment_status":"closed","ping_status":"open","template":"","meta":[],"product_brand":[],"product_cat":[16],"product_tag":[],"class_list":{"0":"post-2262","1":"product","2":"type-product","3":"status-publish","4":"has-post-thumbnail","6":"product_cat-cvd-sic","8":"first","9":"instock","10":"product-type-simple"},"_links":{"self":[{"href":"https:\/\/www.cn-semiconductorparts.com\/de\/wp-json\/wp\/v2\/product\/2262","targetHints":{"allow":["GET"]}}],"collection":[{"href":"https:\/\/www.cn-semiconductorparts.com\/de\/wp-json\/wp\/v2\/product"}],"about":[{"href":"https:\/\/www.cn-semiconductorparts.com\/de\/wp-json\/wp\/v2\/types\/product"}],"replies":[{"embeddable":true,"href":"https:\/\/www.cn-semiconductorparts.com\/de\/wp-json\/wp\/v2\/comments?post=2262"}],"wp:featuredmedia":[{"embeddable":true,"href":"https:\/\/www.cn-semiconductorparts.com\/de\/wp-json\/wp\/v2\/media\/4587"}],"wp:attachment":[{"href":"https:\/\/www.cn-semiconductorparts.com\/de\/wp-json\/wp\/v2\/media?parent=2262"}],"wp:term":[{"taxonomy":"product_brand","embeddable":true,"href":"https:\/\/www.cn-semiconductorparts.com\/de\/wp-json\/wp\/v2\/product_brand?post=2262"},{"taxonomy":"product_cat","embeddable":true,"href":"https:\/\/www.cn-semiconductorparts.com\/de\/wp-json\/wp\/v2\/product_cat?post=2262"},{"taxonomy":"product_tag","embeddable":true,"href":"https:\/\/www.cn-semiconductorparts.com\/de\/wp-json\/wp\/v2\/product_tag?post=2262"}],"curies":[{"name":"wp","href":"https:\/\/api.w.org\/{rel}","templated":true}]}}